{"id":81725,"date":"2024-02-29T06:17:55","date_gmt":"2024-02-29T06:17:55","guid":{"rendered":"https:\/\/adamfayed.com\/?page_id=81725"},"modified":"2025-03-27T07:27:05","modified_gmt":"2025-03-27T07:27:05","slug":"personal-financial-advisor","status":"publish","type":"page","link":"https:\/\/adamfayed.com\/es\/expat-financial-advisor\/personal-financial-advisor\/","title":{"rendered":"Asesor financiero personal"},"content":{"rendered":"<p>Mapa del sitio: <a href=\"https:\/\/adamfayed.com\/es\/financial-planning\/expat-financial-advisor\/\">Asesor financiero para expatriados<\/a> &gt; Asesor financiero personal<\/p>\n\n\n\n<p>Un asesor financiero personal puede aportar valiosos conocimientos, experiencia y planificaci\u00f3n estrat\u00e9gica para ayudar a las personas a navegar por los entresijos de la gesti\u00f3n de su patrimonio y alcanzar sus objetivos financieros.<\/p>\n\n\n\n<p>En esta p\u00e1gina se abordar\u00e1 lo siguiente:<\/p>\n\n\n\n<ul class=\"wp-block-list\">\n<li>C\u00f3mo encontrar un asesor financiero\n<ul class=\"wp-block-list\">\n<li>Coste y honorarios del asesor financiero<\/li>\n\n\n\n<li>Asesor financiero remunerado<\/li>\n<\/ul>\n<\/li>\n\n\n\n<li>C\u00f3mo elegir un asesor financiero personal<\/li>\n<\/ul>\n\n\n\n<div style=\"height:30px\" aria-hidden=\"true\" class=\"wp-block-spacer\"><\/div>\n\n\n\n<h2 class=\"wp-block-heading\"><strong>C\u00f3mo encontrar un asesor financiero<\/strong><\/h2>\n\n\n\n<p>Al embarcarse en la b\u00fasqueda de un asesor financiero personal, es esencial empezar por identificar sus necesidades y objetivos financieros espec\u00edficos.<\/p>\n\n\n\n<figure class=\"wp-block-image alignright size-medium\"><img fetchpriority=\"high\" decoding=\"async\" width=\"300\" height=\"200\" src=\"https:\/\/adamfayed.com\/wp-content\/uploads\/2024\/02\/pexels-christina-morillo-1181712-300x200.jpg\" alt=\"When embarking on the search for a personal financial advisor, it's essential to begin by identifying your specific financial needs and objectives.\" class=\"wp-image-81731\" srcset=\"https:\/\/adamfayed.com\/wp-content\/uploads\/2024\/02\/pexels-christina-morillo-1181712-300x200.jpg 300w, https:\/\/adamfayed.com\/wp-content\/uploads\/2024\/02\/pexels-christina-morillo-1181712-512x342.jpg 512w, https:\/\/adamfayed.com\/wp-content\/uploads\/2024\/02\/pexels-christina-morillo-1181712.jpg 640w\" sizes=\"(max-width: 300px) 100vw, 300px\" \/><\/figure>\n\n\n\n<p>Si necesita ayuda para planificar su jubilaci\u00f3n, <a href=\"https:\/\/adamfayed.com\/es\/review-articles\/rl360-pims-personal-investment-management-service-review\/\">gesti\u00f3n de inversiones<\/a>, Por ejemplo, si tiene que planificar su futuro, optimizar sus impuestos o planificar su patrimonio, conocer sus prioridades le ayudar\u00e1 a reducir el n\u00famero de posibles asesores.<\/p>\n\n\n\n<p>Adem\u00e1s, buscar recomendaciones de fuentes de confianza como amigos, familiares o colegas que hayan tenido experiencias positivas con asesores financieros personales puede proporcionar pistas valiosas.<\/p>\n\n\n\n<p>Si desea invertir como expatriado o particular con un elevado patrimonio neto, que es en lo que estoy especializado, puede enviarme un correo electr\u00f3nico (advice@adamfayed.com) o WhatsApp (+44-7393-450-837).<\/p>\n\n\n\n<p>Adem\u00e1s, aprovechando las redes profesionales y las afiliaciones industriales, como el<a href=\"https:\/\/www.cfp.net\/get-certified\/certification-process\" target=\"_blank\" rel=\"noopener\"> Junta de Planificadores Financieros Certificados (CFP)<\/a> o la Asociaci\u00f3n Nacional de Asesores Financieros Personales (NAPFA), puede obtener una lista de asesores acreditados y cualificados.<\/p>\n\n\n\n<div style=\"height:21px\" aria-hidden=\"true\" class=\"wp-block-spacer\"><\/div>\n\n\n\n<h3 class=\"wp-block-heading\">Coste y honorarios del asesor financiero<\/h3>\n\n\n\n<p><a href=\"https:\/\/adamfayed.com\/es\/expat-financial-advisor\/\" data-type=\"link\" data-id=\"https:\/\/adamfayed.com\/expat-financial-advisor\/\">Asesor financiero<\/a> Los costes pueden variar considerablemente en funci\u00f3n de la experiencia y los conocimientos del asesor, as\u00ed como del alcance de los servicios prestados.<\/p>\n\n\n\n<p>Algunos asesores cobran un porcentaje de los activos gestionados, mientras que otros cobran honorarios por hora o tarifas fijas por servicios espec\u00edficos.<\/p>\n\n\n\n<p>Los particulares deben ser transparentes sobre su presupuesto y buscar asesores cuya estructura de honorarios se ajuste a su capacidad financiera y sus preferencias.<\/p>\n\n\n\n<div style=\"height:21px\" aria-hidden=\"true\" class=\"wp-block-spacer\"><\/div>\n\n\n\n<h3 class=\"wp-block-heading\">Asesor financiero remunerado<\/h3>\n\n\n\n<figure class=\"wp-block-image alignright size-medium\"><img decoding=\"async\" width=\"300\" height=\"200\" src=\"https:\/\/adamfayed.com\/wp-content\/uploads\/2024\/02\/business-4507504_640-300x200.jpg\" alt=\"Verify the advisor's credentials, such as Certified Financial Planner (CFP), Chartered Financial Analyst (CFA), or Chartered Financial Consultant (ChFC), to ensure they possess the requisite expertise and ethical standards.\" class=\"wp-image-81732\" srcset=\"https:\/\/adamfayed.com\/wp-content\/uploads\/2024\/02\/business-4507504_640-300x200.jpg 300w, https:\/\/adamfayed.com\/wp-content\/uploads\/2024\/02\/business-4507504_640-512x342.jpg 512w, https:\/\/adamfayed.com\/wp-content\/uploads\/2024\/02\/business-4507504_640.jpg 640w\" sizes=\"(max-width: 300px) 100vw, 300px\" \/><\/figure>\n\n\n\n<p>Los asesores que cobran honorarios son remunerados directamente por sus clientes, lo que elimina los posibles conflictos de intereses asociados a las comisiones por la venta de productos. Este enfoque puede alinear los intereses del asesor con el bienestar financiero del cliente, fomentando una relaci\u00f3n basada en la confianza y la transparencia.<\/p>\n\n\n\n<p>Adem\u00e1s, los asesores que cobran por sus servicios suelen ofrecer un enfoque hol\u00edstico. <a href=\"https:\/\/adamfayed.com\/es\/financial-planning\/personal-financial-planning\/\">planificaci\u00f3n financiera<\/a> que abordan diversos aspectos de la vida financiera de una persona, como la gesti\u00f3n de inversiones, la planificaci\u00f3n de la jubilaci\u00f3n, las estrategias fiscales y la planificaci\u00f3n patrimonial. Este enfoque global puede ofrecer una estrategia m\u00e1s cohesionada e integrada para alcanzar los objetivos financieros.<\/p>\n\n\n\n<div style=\"height:30px\" aria-hidden=\"true\" class=\"wp-block-spacer\"><\/div>\n\n\n\n<h2 class=\"wp-block-heading\"><strong>C\u00f3mo elegir un asesor financiero personal<\/strong><\/h2>\n\n\n\n<ul class=\"wp-block-list\">\n<li><strong>Cualificaciones y credenciales:<\/strong> Verifique las credenciales del asesor, como Planificador Financiero Certificado (CFP), <a href=\"https:\/\/www.cfainstitute.org\/\" target=\"_blank\" rel=\"noopener\">Analista Financiero Colegiado (CFA)<\/a>, o <a href=\"https:\/\/www.theamericancollege.edu\/designations-degrees\/ChFC\" target=\"_blank\" rel=\"noopener\">Consultor Financiero Colegiado (ChFC)<\/a>, Para asegurarse de que poseen la experiencia y las normas \u00e9ticas necesarias.<\/li>\n<\/ul>\n\n\n\n<p><\/p>\n\n\n\n<ul class=\"wp-block-list\">\n<li><strong>Experiencia y trayectoria:<\/strong> Eval\u00fae la experiencia del asesor en el trato con clientes con perfiles financieros similares y su trayectoria a la hora de ayudar a los clientes a alcanzar sus objetivos financieros.<\/li>\n<\/ul>\n\n\n\n<p><\/p>\n\n\n\n<ul class=\"wp-block-list\">\n<li><strong>Servicios ofrecidos:<\/strong> Eval\u00fae la gama de servicios que ofrece el asesor para asegurarse de que se ajustan a sus necesidades financieras espec\u00edficas, ya se trate de gesti\u00f3n de inversiones, planificaci\u00f3n de la jubilaci\u00f3n, optimizaci\u00f3n fiscal o planificaci\u00f3n patrimonial.<\/li>\n<\/ul>\n\n\n\n<p><\/p>\n\n\n\n<ul class=\"wp-block-list\">\n<li><strong>Comunicaci\u00f3n y transparencia:<\/strong> Busque un asesor que priorice la comunicaci\u00f3n clara, la transparencia en su estructura de honorarios y el compromiso de mantener informados a los clientes sobre sus progresos y estrategias financieras.<\/li>\n<\/ul>\n\n\n\n<p><\/p>\n\n\n\n<ul class=\"wp-block-list\">\n<li><strong>Compatibilidad y confianza:<\/strong> Crear una relaci\u00f3n s\u00f3lida y de confianza con su asesor financiero es primordial. Aseg\u00farese de que su asesor comprende sus objetivos financieros, su tolerancia al riesgo y sus aspiraciones a largo plazo.<\/li>\n<\/ul>\n\n\n\n<p><\/p>\n\n\n\n<p><strong>\u00bfLe duele la indecisi\u00f3n financiera? <\/strong><\/p>\n\n\n\n<figure class=\"wp-block-image size-large is-resized\"><img decoding=\"async\" width=\"512\" height=\"288\" src=\"https:\/\/adamfayed.com\/wp-content\/uploads\/2025\/03\/Adam-Fayed-Contact_CTA3-512x288.jpg\" alt=\"\" class=\"wp-image-117505\" style=\"width:683px;height:auto\" srcset=\"https:\/\/adamfayed.com\/wp-content\/uploads\/2025\/03\/Adam-Fayed-Contact_CTA3-512x288.jpg 512w, https:\/\/adamfayed.com\/wp-content\/uploads\/2025\/03\/Adam-Fayed-Contact_CTA3-300x169.jpg 300w, https:\/\/adamfayed.com\/wp-content\/uploads\/2025\/03\/Adam-Fayed-Contact_CTA3-768x432.jpg 768w, https:\/\/adamfayed.com\/wp-content\/uploads\/2025\/03\/Adam-Fayed-Contact_CTA3-scaled.jpg 825w\" sizes=\"(max-width: 512px) 100vw, 512px\" \/><\/figure>\n\n\n\n<div style=\"height:10px\" aria-hidden=\"true\" class=\"wp-block-spacer\"><\/div>\n\n\n\n<div class=\"wp-block-buttons is-layout-flex wp-block-buttons-is-layout-flex\">\n<div class=\"wp-block-button\"><a class=\"wp-block-button__link wp-element-button\" href=\"https:\/\/adamfayed.com\/es\/become-adams-client\/\">Convi\u00e9rtase en mi cliente<\/a><\/div>\n\n\n\n<div class=\"wp-block-button\"><a class=\"wp-block-button__link wp-element-button\" href=\"https:\/\/adamfayed.com\/es\/good-match-quiz\/\" target=\"_blank\" rel=\"noreferrer noopener\">Realice el cuestionario de elegibilidad de clientes<\/a><\/div>\n\n\n\n<div class=\"wp-block-button\"><a class=\"wp-block-button__link wp-element-button\" href=\"https:\/\/adamfayed.com\/es\/contact\/\" target=\"_blank\" rel=\"noreferrer noopener\">P\u00f3ngase en contacto con<\/a><\/div>\n<\/div>\n\n\n\n<p><strong>Adam es un autor reconocido internacionalmente en temas financieros, con m\u00e1s de 830 millones de respuestas en Quora, un libro muy vendido en Amazon y colaborador de Forbes.<\/strong><\/p>","protected":false},"excerpt":{"rendered":"<p>Sitemap: Expat Financial advisor &gt; Personal financial advisor A personal financial advisor can provide valuable insights, expertise, and strategic planning to help individuals navigate the intricacies of managing their wealth and achieving their financial goals. This page will tackle the following: How to Find a Financial Advisor When embarking on the search for a personal [&hellip;]<\/p>","protected":false},"author":16,"featured_media":81730,"parent":58269,"menu_order":0,"comment_status":"closed","ping_status":"closed","template":"","meta":{"rop_custom_images_group":[],"rop_custom_messages_group":[],"rop_publish_now":"initial","rop_publish_now_accounts":{"facebook_10166176115445471_100883565069113":""},"rop_publish_now_history":[],"rop_publish_now_status":"pending","footnotes":""},"class_list":["post-81725","page","type-page","status-publish","has-post-thumbnail","hentry"],"_links":{"self":[{"href":"https:\/\/adamfayed.com\/es\/wp-json\/wp\/v2\/pages\/81725","targetHints":{"allow":["GET"]}}],"collection":[{"href":"https:\/\/adamfayed.com\/es\/wp-json\/wp\/v2\/pages"}],"about":[{"href":"https:\/\/adamfayed.com\/es\/wp-json\/wp\/v2\/types\/page"}],"author":[{"embeddable":true,"href":"https:\/\/adamfayed.com\/es\/wp-json\/wp\/v2\/users\/16"}],"replies":[{"embeddable":true,"href":"https:\/\/adamfayed.com\/es\/wp-json\/wp\/v2\/comments?post=81725"}],"version-history":[{"count":2,"href":"https:\/\/adamfayed.com\/es\/wp-json\/wp\/v2\/pages\/81725\/revisions"}],"predecessor-version":[{"id":122265,"href":"https:\/\/adamfayed.com\/es\/wp-json\/wp\/v2\/pages\/81725\/revisions\/122265"}],"up":[{"embeddable":true,"href":"https:\/\/adamfayed.com\/es\/wp-json\/wp\/v2\/pages\/58269"}],"wp:featuredmedia":[{"embeddable":true,"href":"https:\/\/adamfayed.com\/es\/wp-json\/wp\/v2\/media\/81730"}],"wp:attachment":[{"href":"https:\/\/adamfayed.com\/es\/wp-json\/wp\/v2\/media?parent=81725"}],"curies":[{"name":"wp","href":"https:\/\/api.w.org\/{rel}","templated":true}]}}