{"id":81728,"date":"2024-03-28T20:01:10","date_gmt":"2024-03-28T20:01:10","guid":{"rendered":"https:\/\/adamfayed.com\/?page_id=81728"},"modified":"2025-11-25T07:20:56","modified_gmt":"2025-11-25T07:20:56","slug":"low-tax-countries","status":"publish","type":"page","link":"https:\/\/adamfayed.com\/es\/financial-planning\/personal-financial-planning\/expat-tax\/low-tax-countries\/","title":{"rendered":"Pa\u00edses con impuestos bajos"},"content":{"rendered":"<p>Mapa del sitio: <a href=\"https:\/\/adamfayed.com\/es\/financial-planning\/personal-financial-planning\/\">Planificaci\u00f3n financiera personal<\/a> &gt; <a href=\"https:\/\/adamfayed.com\/es\/financial-planning\/personal-financial-planning\/expat-tax\/\">Impuesto de expatriaci\u00f3n<\/a> &gt; Pa\u00edses con baja fiscalidad<\/p>\n\n\n\n<p>Saber cu\u00e1les son los pa\u00edses con impuestos bajos puede ayudar a los expatriados a aprovechar legalmente sus pol\u00edticas fiscales en su beneficio. <\/p>\n\n\n\n<p>Dado que las normas y reglamentos fiscales est\u00e1n sujetos a cambios, es aconsejable ponerse en contacto con expertos fiscales antes de tomar cualquier decisi\u00f3n que pueda verse afectada por dichos ajustes.<\/p>\n\n\n\n<p>Mis datos de contacto son hello@adamfayed.com y WhatsApp +44-7393-450-837 si tiene alguna pregunta.<\/p>\n\n\n\n<p>La informaci\u00f3n contenida en este art\u00edculo es meramente orientativa. No constituye asesoramiento financiero, jur\u00eddico o fiscal, ni una recomendaci\u00f3n o solicitud de inversi\u00f3n. Algunos hechos pueden haber cambiado desde el momento de su redacci\u00f3n.<\/p>\n\n\n\n<p>En esta p\u00e1gina se hablar\u00e1 de:<\/p>\n\n\n\n<ul class=\"wp-block-list\">\n<li>Pa\u00edses con baja fiscalidad<\/li>\n\n\n\n<li>Pa\u00edses sin impuesto sobre la renta<\/li>\n\n\n\n<li>Pa\u00edses sin impuestos<\/li>\n\n\n\n<li>Pa\u00edses con impuestos m\u00e1s altos<\/li>\n<\/ul>\n\n\n\n<div style=\"height:31px\" aria-hidden=\"true\" class=\"wp-block-spacer\"><\/div>\n\n\n\n<h2 class=\"wp-block-heading\">Pa\u00edses con impuestos bajos<\/h2>\n\n\n\n<div class=\"wp-block-group is-layout-constrained wp-block-group-is-layout-constrained\">\n<figure class=\"wp-block-image alignright size-medium\"><img fetchpriority=\"high\" decoding=\"async\" width=\"300\" height=\"300\" src=\"https:\/\/adamfayed.com\/wp-content\/uploads\/2024\/02\/low-tax-countries-1-300x300.webp\" alt=\"low tax countries appeal to people and businesses globally due to their advantageous tax systems.\" class=\"wp-image-81736\" srcset=\"https:\/\/adamfayed.com\/wp-content\/uploads\/2024\/02\/low-tax-countries-1-300x300.webp 300w, https:\/\/adamfayed.com\/wp-content\/uploads\/2024\/02\/low-tax-countries-1-512x512.webp 512w, https:\/\/adamfayed.com\/wp-content\/uploads\/2024\/02\/low-tax-countries-1-150x150.webp 150w, https:\/\/adamfayed.com\/wp-content\/uploads\/2024\/02\/low-tax-countries-1-768x768.webp 768w, https:\/\/adamfayed.com\/wp-content\/uploads\/2024\/02\/low-tax-countries-1-scaled.webp 825w\" sizes=\"(max-width: 300px) 100vw, 300px\" \/><\/figure>\n<\/div>\n\n\n\n<p>Pa\u00edses con baja fiscalidad <a href=\"https:\/\/immigrantinvest.com\/blog\/tax-free-countries-en\/\" target=\"_blank\" rel=\"noopener\">atraer a<\/a> particulares y empresas de todo el mundo con sus favorables reg\u00edmenes fiscales. Estas jurisdicciones, a menudo denominadas para\u00edsos fiscales, ofrecen tipos impositivos bajos o nulos sobre la renta, las plusval\u00edas, las herencias, etc.<\/p>\n\n\n\n<p>Los particulares y las empresas pueden retener una mayor parte de sus ganancias gracias a la reducci\u00f3n de las obligaciones fiscales. Este aumento de los ingresos netos puede mejorar el nivel de vida, proporcionar m\u00e1s <a href=\"https:\/\/adamfayed.com\/es\/hsbc-expat-review-2023-a-good-solution-for-expats\/\">oportunidades de inversi\u00f3n<\/a>, y facilitar la acumulaci\u00f3n de riqueza.<\/p>\n\n\n\n<p>Para las empresas, unos impuestos m\u00e1s bajos significan mayor rentabilidad y competitividad, lo que les permite reinvertir. <a href=\"https:\/\/adamfayed.com\/es\/review-articles\/zurich-international-vista-savings-plan-review\/\">ahorro<\/a> en expansi\u00f3n e innovaci\u00f3n.<\/p>\n\n\n\n<p>M\u00e1s all\u00e1 de las ventajas financieras, <a class=\"wpil_keyword_link\" href=\"https:\/\/adamfayed.com\/es\/countries-with-low-tax-in-south-america\/\" title=\"pa\u00edses con los impuestos m\u00e1s bajos\" data-wpil-keyword-link=\"linked\">pa\u00edses con los impuestos m\u00e1s bajos<\/a> suelen ofrecer estabilidad pol\u00edtica, sistemas jur\u00eddicos s\u00f3lidos y una alta calidad de vida, lo que los convierte en destinos atractivos para la deslocalizaci\u00f3n y la inversi\u00f3n.<\/p>\n\n\n\n<div style=\"height:31px\" aria-hidden=\"true\" class=\"wp-block-spacer\"><\/div>\n\n\n\n<h2 class=\"wp-block-heading\">Pa\u00edses sin impuesto sobre la renta<\/h2>\n\n\n\n<p>Varios pa\u00edses libres de impuestos sobre la renta destacan por no imponer este gravamen a sus residentes, lo que los hace especialmente atractivos para quienes buscan minimizar su carga fiscal. Algunos ejemplos notables son:<\/p>\n\n\n\n<ul class=\"wp-block-list\">\n<li><strong>Bahr\u00e9in<\/strong>: El impuesto sobre la renta de las personas f\u00edsicas es nulo, lo que lo convierte en un destino popular para los expatriados.<\/li>\n\n\n\n<li><strong>M\u00f3naco<\/strong>: Conocido por su estilo de vida acomodado y la ausencia de impuestos sobre la renta de las personas f\u00edsicas, atrae a personas adineradas de todo el mundo.<\/li>\n\n\n\n<li><strong>Bahamas<\/strong>: Adem\u00e1s de no tener impuesto sobre la renta, presume de un estilo de vida relajado con una belleza natural impresionante.<\/li>\n\n\n\n<li><strong>Emiratos \u00c1rabes Unidos<\/strong>: Sede de una econom\u00eda en auge y sin impuesto sobre la renta de las personas f\u00edsicas, es un im\u00e1n para profesionales y empresarios.<\/li>\n<\/ul>\n\n\n\n<p><\/p>\n\n\n\n<p>Estos pa\u00edses no s\u00f3lo ofrecen ventajas fiscales, sino tambi\u00e9n diversas oportunidades para los negocios y el ocio.<\/p>\n\n\n\n<p>Sin embargo, los residentes potenciales deben tener en cuenta otros factores como <a href=\"https:\/\/adamfayed.com\/es\/living-abroad\/living-expenses\/\">gastos de manutenci\u00f3n<\/a>, Los requisitos de residencia y los servicios sociales pueden variar mucho de una jurisdicci\u00f3n a otra.<\/p>\n\n\n\n<div style=\"height:31px\" aria-hidden=\"true\" class=\"wp-block-spacer\"><\/div>\n\n\n\n<h2 class=\"wp-block-heading\">Pa\u00edses sin impuestos<\/h2>\n\n\n\n<div class=\"wp-block-group is-layout-constrained wp-block-group-is-layout-constrained\">\n<figure class=\"wp-block-image alignright size-medium\"><img decoding=\"async\" width=\"300\" height=\"300\" src=\"https:\/\/adamfayed.com\/wp-content\/uploads\/2024\/02\/low-tax-countries-2-300x300.webp\" alt=\"Knowing what are the low tax countries can help expats legally leverage their tax policies to their advantage\" class=\"wp-image-81738\" srcset=\"https:\/\/adamfayed.com\/wp-content\/uploads\/2024\/02\/low-tax-countries-2-300x300.webp 300w, https:\/\/adamfayed.com\/wp-content\/uploads\/2024\/02\/low-tax-countries-2-512x512.webp 512w, https:\/\/adamfayed.com\/wp-content\/uploads\/2024\/02\/low-tax-countries-2-150x150.webp 150w, https:\/\/adamfayed.com\/wp-content\/uploads\/2024\/02\/low-tax-countries-2-768x768.webp 768w, https:\/\/adamfayed.com\/wp-content\/uploads\/2024\/02\/low-tax-countries-2-scaled.webp 825w\" sizes=\"(max-width: 300px) 100vw, 300px\" \/><\/figure>\n<\/div>\n\n\n\n<p>Pa\u00edses como las Bahamas, M\u00f3naco y los Emiratos \u00c1rabes Unidos personifican el atractivo de vivir o establecer un negocio en una jurisdicci\u00f3n libre de impuestos. Estas naciones no imponen impuestos sobre la renta de las personas f\u00edsicas.<\/p>\n\n\n\n<p>Adem\u00e1s, ofrecen ventajas competitivas a las empresas con tipos bajos del impuesto de sociedades, ausencia de impuestos sobre las plusval\u00edas y ausencia de impuestos de sucesiones, fomentando as\u00ed un entorno econ\u00f3mico pr\u00f3spero.<\/p>\n\n\n\n<p>Vivir en pa\u00edses de baja tributaci\u00f3n ofrece algo m\u00e1s que ahorro fiscal. A menudo viene acompa\u00f1ado de una alta calidad de vida, infraestructuras avanzadas y s\u00f3lidos sectores de servicios financieros.<\/p>\n\n\n\n<p>Por ejemplo, los Emiratos \u00c1rabes Unidos y M\u00f3naco son famosos por su lujoso estilo de vida, sus servicios de primera clase y sus estrictas leyes de protecci\u00f3n de la intimidad, lo que los convierte no s\u00f3lo en para\u00edsos fiscales, sino tambi\u00e9n en lugares deseables para vivir.<\/p>\n\n\n\n<div style=\"height:31px\" aria-hidden=\"true\" class=\"wp-block-spacer\"><\/div>\n\n\n\n<h2 class=\"wp-block-heading\">Pa\u00edses con impuestos m\u00e1s altos<\/h2>\n\n\n\n<p>Contrasta los pa\u00edses con impuestos bajos con los pa\u00edses con impuestos m\u00e1s altos que ofrecen amplios servicios sociales y comodidades p\u00fablicas a cambio de tipos impositivos m\u00e1s altos para particulares y empresas. <\/p>\n\n\n\n<p>He aqu\u00ed una <a href=\"https:\/\/nomadcapitalist.com\/finance\/countries-with-the-highest-tax-rates\/\" target=\"_blank\" rel=\"noopener\">lista<\/a> de algunos de los pa\u00edses con impuestos m\u00e1s altos en 2024:<\/p>\n\n\n\n<h3 class=\"wp-block-heading\">Tipos del impuesto sobre la renta de las personas f\u00edsicas<\/h3>\n\n\n\n<ul class=\"wp-block-list\">\n<li><strong>Costa de Marfil<\/strong>: Grava el impuesto sobre la renta de las personas f\u00edsicas 60%, el m\u00e1s alto del mundo.<\/li>\n\n\n\n<li><strong>Finlandia<\/strong>: Segundo pa\u00eds del mundo con impuestos m\u00e1s elevados, con un tipo impositivo marginal m\u00e1ximo del 56,95%.<\/li>\n\n\n\n<li><strong>B\u00e9lgica<\/strong>: El tipo marginal m\u00e1s alto es del 79,5%.<\/li>\n\n\n\n<li><strong>Portugal: <\/strong>Tipo marginal de 64%.<\/li>\n\n\n\n<li><strong>Reino Unido<\/strong>: Tipo marginal de 63,25%.<\/li>\n<\/ul>\n\n\n\n<p><\/p>\n\n\n\n<h3 class=\"wp-block-heading\">Tipos del impuesto de sociedades<\/h3>\n\n\n\n<ul class=\"wp-block-list\">\n<li><strong>Brasil<\/strong>: Tipo del impuesto de sociedades de 40%.<\/li>\n\n\n\n<li><strong>Surinam<\/strong>: Tipo del impuesto de sociedades de 36%.<\/li>\n\n\n\n<li><strong>Rep\u00fablica Democr\u00e1tica del Congo<\/strong>: Tipo del impuesto de sociedades de 35%.<\/li>\n<\/ul>\n\n\n\n<p><\/p>\n\n\n\n<h3 class=\"wp-block-heading\">Tipos del IVA<\/h3>\n\n\n\n<ul class=\"wp-block-list\">\n<li>But\u00e1n: Impuesto sobre las ventas m\u00e1s elevado, 50%.<\/li>\n\n\n\n<li>Hungr\u00eda: Tipo impositivo normal sobre las ventas de 27%.<\/li>\n\n\n\n<li>Dinamarca, Noruega, Suecia y Croacia: Vinculado a un tipo impositivo est\u00e1ndar de 25%.<\/li>\n<\/ul>\n\n\n\n<p><\/p>\n\n\n\n<p><strong>\u00bfLe duele la indecisi\u00f3n financiera? <\/strong><\/p>\n\n\n\n<figure class=\"wp-block-image size-large is-resized\"><img decoding=\"async\" width=\"512\" height=\"288\" src=\"https:\/\/adamfayed.com\/wp-content\/uploads\/2025\/03\/Adam-Fayed-Contact_CTA3-512x288.jpg\" alt=\"\" class=\"wp-image-117505\" style=\"width:683px;height:auto\" srcset=\"https:\/\/adamfayed.com\/wp-content\/uploads\/2025\/03\/Adam-Fayed-Contact_CTA3-512x288.jpg 512w, https:\/\/adamfayed.com\/wp-content\/uploads\/2025\/03\/Adam-Fayed-Contact_CTA3-300x169.jpg 300w, https:\/\/adamfayed.com\/wp-content\/uploads\/2025\/03\/Adam-Fayed-Contact_CTA3-768x432.jpg 768w, https:\/\/adamfayed.com\/wp-content\/uploads\/2025\/03\/Adam-Fayed-Contact_CTA3-scaled.jpg 825w\" sizes=\"(max-width: 512px) 100vw, 512px\" \/><\/figure>\n\n\n\n<div style=\"height:10px\" aria-hidden=\"true\" class=\"wp-block-spacer\"><\/div>\n\n\n\n<div class=\"wp-block-buttons is-layout-flex wp-block-buttons-is-layout-flex\">\n<div class=\"wp-block-button\"><a class=\"wp-block-button__link wp-element-button\" href=\"https:\/\/adamfayed.com\/es\/become-adams-client\/\">Convi\u00e9rtase en mi cliente<\/a><\/div>\n\n\n\n<div class=\"wp-block-button\"><a class=\"wp-block-button__link wp-element-button\" href=\"https:\/\/adamfayed.com\/es\/good-match-quiz\/\" target=\"_blank\" rel=\"noreferrer noopener\">Realice el cuestionario de elegibilidad de clientes<\/a><\/div>\n\n\n\n<div class=\"wp-block-button\"><a class=\"wp-block-button__link wp-element-button\" href=\"https:\/\/adamfayed.com\/es\/contact\/\" target=\"_blank\" rel=\"noreferrer noopener\">P\u00f3ngase en contacto con<\/a><\/div>\n<\/div>\n\n\n\n<p><strong>Adam es un autor reconocido internacionalmente en temas financieros, con m\u00e1s de 830 millones de respuestas en Quora, un libro muy vendido en Amazon y colaborador de Forbes.<\/strong><\/p>","protected":false},"excerpt":{"rendered":"<p>low tax countries <\/p>","protected":false},"author":17,"featured_media":81739,"parent":82638,"menu_order":0,"comment_status":"open","ping_status":"closed","template":"","meta":{"rop_custom_images_group":[],"rop_custom_messages_group":[],"rop_publish_now":"initial","rop_publish_now_accounts":{"facebook_10166176115445471_100883565069113":""},"rop_publish_now_history":[],"rop_publish_now_status":"pending","footnotes":""},"class_list":["post-81728","page","type-page","status-publish","has-post-thumbnail","hentry"],"_links":{"self":[{"href":"https:\/\/adamfayed.com\/es\/wp-json\/wp\/v2\/pages\/81728","targetHints":{"allow":["GET"]}}],"collection":[{"href":"https:\/\/adamfayed.com\/es\/wp-json\/wp\/v2\/pages"}],"about":[{"href":"https:\/\/adamfayed.com\/es\/wp-json\/wp\/v2\/types\/page"}],"author":[{"embeddable":true,"href":"https:\/\/adamfayed.com\/es\/wp-json\/wp\/v2\/users\/17"}],"replies":[{"embeddable":true,"href":"https:\/\/adamfayed.com\/es\/wp-json\/wp\/v2\/comments?post=81728"}],"version-history":[{"count":3,"href":"https:\/\/adamfayed.com\/es\/wp-json\/wp\/v2\/pages\/81728\/revisions"}],"predecessor-version":[{"id":237460,"href":"https:\/\/adamfayed.com\/es\/wp-json\/wp\/v2\/pages\/81728\/revisions\/237460"}],"up":[{"embeddable":true,"href":"https:\/\/adamfayed.com\/es\/wp-json\/wp\/v2\/pages\/82638"}],"wp:featuredmedia":[{"embeddable":true,"href":"https:\/\/adamfayed.com\/es\/wp-json\/wp\/v2\/media\/81739"}],"wp:attachment":[{"href":"https:\/\/adamfayed.com\/es\/wp-json\/wp\/v2\/media?parent=81728"}],"curies":[{"name":"wp","href":"https:\/\/api.w.org\/{rel}","templated":true}]}}