{"id":81737,"date":"2024-02-29T06:53:13","date_gmt":"2024-02-29T06:53:13","guid":{"rendered":"https:\/\/adamfayed.com\/?page_id=81737"},"modified":"2024-03-20T09:38:10","modified_gmt":"2024-03-20T09:38:10","slug":"online-financial-advisor","status":"publish","type":"page","link":"https:\/\/adamfayed.com\/es\/expat-financial-advisor\/online-financial-advisor\/","title":{"rendered":"Asesor financiero en l\u00ednea"},"content":{"rendered":"<p>Mapa del sitio: <a href=\"https:\/\/adamfayed.com\/es\/financial-planning\/expat-financial-advisor\/\">Asesor financiero para expatriados<\/a> &gt; Asesor financiero en l\u00ednea<\/p>\n\n\n\n<p>El sector del asesoramiento financiero ha experimentado un cambio significativo hacia las plataformas en l\u00ednea, que ofrecen a los particulares la comodidad de acceder al asesoramiento financiero desde la comodidad de su hogar.<\/p>\n\n\n\n<p>El auge de <a href=\"https:\/\/adamfayed.com\/es\/financial-planning\/expat-financial-advisor\/online-financial-advisor\/\">asesores financieros en l\u00ednea<\/a> ha suscitado un debate sobre si son fuentes fidedignas y fiables de orientaci\u00f3n financiera.<\/p>\n\n\n\n<p>Aunque un asesor financiero en l\u00ednea tambi\u00e9n puede ser un asesor financiero tradicional que presta servicios en l\u00ednea, el t\u00e9rmino se ha utilizado m\u00e1s com\u00fanmente para referirse a las plataformas en l\u00ednea que utilizan <a href=\"https:\/\/www.investor.gov\/introduction-investing\/general-resources\/news-alerts\/alerts-bulletins\/investor-alerts\/investor-56\" target=\"_blank\" rel=\"noopener\">programas automatizados para ofrecer lo mismo.<\/a><\/p>\n\n\n\n<p>Esta p\u00e1gina tratar\u00e1:<\/p>\n\n\n\n<ul class=\"wp-block-list\">\n<li>El auge de los asesores financieros en l\u00ednea\n<ul class=\"wp-block-list\">\n<li>Evaluar la fiabilidad de las plataformas de asesoramiento financiero en l\u00ednea\n<ul class=\"wp-block-list\">\n<li>Experiencia y credibilidad<\/li>\n\n\n\n<li>Transparencia y regulaci\u00f3n<\/li>\n\n\n\n<li>Planificaci\u00f3n financiera personalizada<\/li>\n<\/ul>\n<\/li>\n<\/ul>\n<\/li>\n\n\n\n<li>Evaluaci\u00f3n de los costes y honorarios de los asesores financieros en l\u00ednea<\/li>\n<\/ul>\n\n\n\n<p><\/p>\n\n\n\n<h2 class=\"wp-block-heading\">El auge de los asesores financieros en l\u00ednea<\/h2>\n\n\n\n<p>Plataformas de asesoramiento financiero en l\u00ednea, <a href=\"https:\/\/www.investor.gov\/introduction-investing\/investing-basics\/glossary\/robo-adviser\" target=\"_blank\" rel=\"noopener\">tambi\u00e9n conocidos como robo-asesores,<\/a> han ganado popularidad debido a su accesibilidad, interfaces f\u00e1ciles de usar y rentabilidad.<\/p>\n\n\n\n<figure class=\"wp-block-image alignleft size-medium\"><img fetchpriority=\"high\" decoding=\"async\" width=\"300\" height=\"200\" src=\"https:\/\/adamfayed.com\/wp-content\/uploads\/2024\/02\/pexels-tima-miroshnichenko-6693661-300x200.jpg\" alt=\"Online financial advisor platforms, also known as robo-advisors, have gained popularity due to their accessibility, user-friendly interfaces, and cost-effectiveness.\" class=\"wp-image-81743\" srcset=\"https:\/\/adamfayed.com\/wp-content\/uploads\/2024\/02\/pexels-tima-miroshnichenko-6693661-300x200.jpg 300w, https:\/\/adamfayed.com\/wp-content\/uploads\/2024\/02\/pexels-tima-miroshnichenko-6693661-512x342.jpg 512w, https:\/\/adamfayed.com\/wp-content\/uploads\/2024\/02\/pexels-tima-miroshnichenko-6693661.jpg 640w\" sizes=\"(max-width: 300px) 100vw, 300px\" \/><\/figure>\n\n\n\n<p>Estas plataformas digitales utilizan algoritmos y software de asesoramiento financiero para ofrecer servicios automatizados. <a href=\"https:\/\/adamfayed.com\/es\/review-articles\/novia-global-review-do-better-options-exist\/\">servicios de gesti\u00f3n de inversiones<\/a>, A menudo a una fracci\u00f3n del coste de los asesores financieros humanos tradicionales. <\/p>\n\n\n\n<p><\/p>\n\n\n\n<p><\/p>\n\n\n\n<p>Si desea invertir como expatriado o particular con un elevado patrimonio neto, que es en lo que estoy especializado, puede enviarme un correo electr\u00f3nico (advice@adamfayed.com) o WhatsApp (+44-7393-450-837).<\/p>\n\n\n\n<p>Adem\u00e1s, algunos servicios de asesor\u00eda financiera digital ofrecen asesoramiento financiero gratuito o tienen honorarios de asesor\u00eda financiera m\u00e1s bajos que sus hom\u00f3logos tradicionales.<\/p>\n\n\n\n<h3 class=\"wp-block-heading\">C\u00f3mo medir la fiabilidad de las plataformas de roboasesores financieros<\/h3>\n\n\n\n<div style=\"height:10px\" aria-hidden=\"true\" class=\"wp-block-spacer\"><\/div>\n\n\n\n<h4 class=\"wp-block-heading\">Experiencia y credibilidad<\/h4>\n\n\n\n<p>Una de las principales preocupaciones a la hora de considerar asesores financieros en l\u00ednea es el nivel de experiencia y credibilidad que ofrecen. <\/p>\n\n\n\n<p>Mientras que los asesores financieros tradicionales suelen contar con credenciales acreditadas y una amplia experiencia, muchas plataformas de asesores financieros est\u00e1n respaldadas por <a href=\"https:\/\/adamfayed.com\/es\/review-articles\/capital-international-group-review\/\">instituciones financieras de renombre<\/a> y emplean a profesionales experimentados para desarrollar y supervisar sus estrategias de inversi\u00f3n.<\/p>\n\n\n\n<p>Es fundamental que las personas investiguen a fondo los antecedentes y las cualificaciones de las personas y, en el caso de los roboasesores en particular, de las instituciones que respaldan el servicio de asesoramiento que est\u00e1n considerando.<\/p>\n\n\n\n<h4 class=\"wp-block-heading\">Transparencia y regulaci\u00f3n<\/h4>\n\n\n\n<p>La confianza en los asesores financieros en l\u00ednea tambi\u00e9n depende de la transparencia de sus operaciones y del cumplimiento de las normas reguladoras. Las plataformas reputadas son transparentes en cuanto a sus enfoques de inversi\u00f3n, comisiones y valores subyacentes en sus carteras.<\/p>\n\n\n\n<p>Adem\u00e1s, suelen estar reguladas por las autoridades financieras competentes, lo que proporciona a los clientes un nivel a\u00f1adido de seguridad y garant\u00eda.<\/p>\n\n\n\n<h4 class=\"wp-block-heading\">Planificaci\u00f3n financiera personalizada<\/h4>\n\n\n\n<p>Aunque algunos cuestionen la capacidad de los asesores financieros en l\u00ednea para ofrecer <a href=\"https:\/\/adamfayed.com\/es\/financial-planning\/personal-financial-planning\/\">planificaci\u00f3n financiera personalizada<\/a> En comparaci\u00f3n con los asesores tradicionales, muchos roboasesores utilizan sofisticados algoritmos y software de asesoramiento financiero para adaptar las estrategias de inversi\u00f3n en funci\u00f3n de la tolerancia al riesgo, los objetivos financieros y los horizontes temporales de los clientes.<\/p>\n\n\n\n<h2 class=\"wp-block-heading\">Evaluaci\u00f3n de los costes y honorarios de los asesores financieros en l\u00ednea<\/h2>\n\n\n\n<div style=\"height:10px\" aria-hidden=\"true\" class=\"wp-block-spacer\"><\/div>\n\n\n\n<figure class=\"wp-block-image alignright size-medium\"><img decoding=\"async\" width=\"300\" height=\"200\" src=\"https:\/\/adamfayed.com\/wp-content\/uploads\/2024\/02\/pexels-mayofi-5972330-300x200.jpg\" alt=\"A significant advantage of online financial advisors is their cost-effectiveness. Traditional human financial advisors often charge higher financial advisor fees, which may act as a barrier for individuals with limited investable assets.\" class=\"wp-image-81744\" srcset=\"https:\/\/adamfayed.com\/wp-content\/uploads\/2024\/02\/pexels-mayofi-5972330-300x200.jpg 300w, https:\/\/adamfayed.com\/wp-content\/uploads\/2024\/02\/pexels-mayofi-5972330-512x342.jpg 512w, https:\/\/adamfayed.com\/wp-content\/uploads\/2024\/02\/pexels-mayofi-5972330.jpg 640w\" sizes=\"(max-width: 300px) 100vw, 300px\" \/><\/figure>\n\n\n\n<h3 class=\"wp-block-heading\">Relaci\u00f3n coste-eficacia<\/h3>\n\n\n\n<p>Una ventaja significativa de los asesores financieros en l\u00ednea es su rentabilidad. Los asesores financieros humanos tradicionales suelen cobrar m\u00e1s <a href=\"https:\/\/adamfayed.com\/es\/financial-planning\/expat-financial-advisor\/financial-advisor-fees\/\">honorarios del asesor financiero<\/a>, que puede suponer un obst\u00e1culo para las personas con activos invertibles limitados.<\/p>\n\n\n\n<p>Por el contrario, muchas plataformas de asesoramiento financiero ofrecen estructuras de precios competitivas y costes de asesoramiento financiero m\u00e1s bajos, lo que hace que el asesoramiento financiero profesional sea m\u00e1s accesible a un grupo demogr\u00e1fico m\u00e1s amplio.<\/p>\n\n\n\n<h3 class=\"wp-block-heading\">Estructuras tarifarias<\/h3>\n\n\n\n<p>Es importante que las personas <a class=\"wpil_keyword_link\" href=\"https:\/\/adamfayed.com\/es\/category\/review-articles\/\" title=\"revise\" data-wpil-keyword-link=\"linked\" data-wpil-monitor-id=\"34\">revise<\/a> las estructuras de comisiones de los asesores financieros en l\u00ednea. Mientras que algunas plataformas ofrecen servicios de asesoramiento financiero gratuitos para la gesti\u00f3n b\u00e1sica de carteras o exigen un saldo de cuenta m\u00ednimo, otras pueden cobrar comisiones de asesoramiento basadas en un porcentaje de los activos gestionados.<\/p>\n\n\n\n<p><strong>\u00bfLe duele la indecisi\u00f3n financiera? <\/strong><\/p>\n\n\n\n<figure class=\"wp-block-image size-large is-resized\"><img decoding=\"async\" width=\"512\" height=\"288\" src=\"https:\/\/adamfayed.com\/wp-content\/uploads\/2025\/03\/Adam-Fayed-Contact_CTA3-512x288.jpg\" alt=\"\" class=\"wp-image-117505\" style=\"width:683px;height:auto\" srcset=\"https:\/\/adamfayed.com\/wp-content\/uploads\/2025\/03\/Adam-Fayed-Contact_CTA3-512x288.jpg 512w, https:\/\/adamfayed.com\/wp-content\/uploads\/2025\/03\/Adam-Fayed-Contact_CTA3-300x169.jpg 300w, https:\/\/adamfayed.com\/wp-content\/uploads\/2025\/03\/Adam-Fayed-Contact_CTA3-768x432.jpg 768w, https:\/\/adamfayed.com\/wp-content\/uploads\/2025\/03\/Adam-Fayed-Contact_CTA3-scaled.jpg 825w\" sizes=\"(max-width: 512px) 100vw, 512px\" \/><\/figure>\n\n\n\n<div style=\"height:10px\" aria-hidden=\"true\" class=\"wp-block-spacer\"><\/div>\n\n\n\n<div class=\"wp-block-buttons is-layout-flex wp-block-buttons-is-layout-flex\">\n<div class=\"wp-block-button\"><a class=\"wp-block-button__link wp-element-button\" href=\"https:\/\/adamfayed.com\/es\/become-adams-client\/\">Convi\u00e9rtase en mi cliente<\/a><\/div>\n\n\n\n<div class=\"wp-block-button\"><a class=\"wp-block-button__link wp-element-button\" href=\"https:\/\/adamfayed.com\/es\/good-match-quiz\/\" target=\"_blank\" rel=\"noreferrer noopener\">Realice el cuestionario de elegibilidad de clientes<\/a><\/div>\n\n\n\n<div class=\"wp-block-button\"><a class=\"wp-block-button__link wp-element-button\" href=\"https:\/\/adamfayed.com\/es\/contact\/\" target=\"_blank\" rel=\"noreferrer noopener\">P\u00f3ngase en contacto con<\/a><\/div>\n<\/div>\n\n\n\n<p><strong>Adam es un autor reconocido internacionalmente en temas financieros, con m\u00e1s de 830 millones de respuestas en Quora, un libro muy vendido en Amazon y colaborador de Forbes.<\/strong><\/p>","protected":false},"excerpt":{"rendered":"<p>Sitemap: Expat Financial advisor &gt; Online financial advisor The financial advisory industry has seen a significant shift towards online platforms, offering individuals the convenience of accessing financial advice from the comfort of their homes. The rise of online financial advisors has sparked a debate on whether they are trustworthy and reliable sources of financial guidance. [&hellip;]<\/p>\n","protected":false},"author":16,"featured_media":81742,"parent":58269,"menu_order":0,"comment_status":"closed","ping_status":"closed","template":"","meta":{"rop_custom_images_group":[],"rop_custom_messages_group":[],"rop_publish_now":"initial","rop_publish_now_accounts":{"facebook_10166176115445471_100883565069113":""},"rop_publish_now_history":[],"rop_publish_now_status":"pending","footnotes":""},"class_list":["post-81737","page","type-page","status-publish","has-post-thumbnail","hentry"],"_links":{"self":[{"href":"https:\/\/adamfayed.com\/es\/wp-json\/wp\/v2\/pages\/81737","targetHints":{"allow":["GET"]}}],"collection":[{"href":"https:\/\/adamfayed.com\/es\/wp-json\/wp\/v2\/pages"}],"about":[{"href":"https:\/\/adamfayed.com\/es\/wp-json\/wp\/v2\/types\/page"}],"author":[{"embeddable":true,"href":"https:\/\/adamfayed.com\/es\/wp-json\/wp\/v2\/users\/16"}],"replies":[{"embeddable":true,"href":"https:\/\/adamfayed.com\/es\/wp-json\/wp\/v2\/comments?post=81737"}],"version-history":[{"count":3,"href":"https:\/\/adamfayed.com\/es\/wp-json\/wp\/v2\/pages\/81737\/revisions"}],"predecessor-version":[{"id":83209,"href":"https:\/\/adamfayed.com\/es\/wp-json\/wp\/v2\/pages\/81737\/revisions\/83209"}],"up":[{"embeddable":true,"href":"https:\/\/adamfayed.com\/es\/wp-json\/wp\/v2\/pages\/58269"}],"wp:featuredmedia":[{"embeddable":true,"href":"https:\/\/adamfayed.com\/es\/wp-json\/wp\/v2\/media\/81742"}],"wp:attachment":[{"href":"https:\/\/adamfayed.com\/es\/wp-json\/wp\/v2\/media?parent=81737"}],"curies":[{"name":"wp","href":"https:\/\/api.w.org\/{rel}","templated":true}]}}