{"id":81762,"date":"2024-02-29T08:25:09","date_gmt":"2024-02-29T08:25:09","guid":{"rendered":"https:\/\/adamfayed.com\/?page_id=81762"},"modified":"2025-04-03T13:16:59","modified_gmt":"2025-04-03T13:16:59","slug":"retirement-financial-advisor","status":"publish","type":"page","link":"https:\/\/adamfayed.com\/es\/expat-financial-advisor\/retirement-financial-advisor\/","title":{"rendered":"Asesor financiero de jubilaci\u00f3n"},"content":{"rendered":"<p>Mapa del sitio: <a href=\"https:\/\/adamfayed.com\/es\/financial-planning\/expat-financial-advisor\/\">Asesor financiero para expatriados<\/a> &gt; Asesor financiero para la jubilaci\u00f3n<\/p>\n\n\n\n<p>En esta p\u00e1gina se hablar\u00e1 del asesor financiero para la jubilaci\u00f3n, en particular:<\/p>\n\n\n\n<ul class=\"wp-block-list\">\n<li>El papel de un asesor financiero para la jubilaci\u00f3n<\/li>\n\n\n\n<li>\u00bfNecesito un asesor financiero?\n<ul class=\"wp-block-list\">\n<li>Ventajas de contratar a un asesor financiero para la jubilaci\u00f3n<\/li>\n\n\n\n<li>Cu\u00e1ndo contratar a un asesor financiero para la jubilaci\u00f3n<\/li>\n<\/ul>\n<\/li>\n<\/ul>\n\n\n\n<p><\/p>\n\n\n\n<p>Si desea invertir como expatriado o particular con un elevado patrimonio neto, que es en lo que estoy especializado, puede enviarme un correo electr\u00f3nico (advice@adamfayed.com) o WhatsApp (+44-7393-450-837).<\/p>\n\n\n\n<p>Un asesor financiero para la jubilaci\u00f3n, que tambi\u00e9n podr\u00eda ser un asesor financiero personal, desempe\u00f1a un papel crucial a la hora de ayudar a las personas a planificar su seguridad financiera durante la jubilaci\u00f3n.<\/p>\n\n\n\n<div style=\"height:30px\" aria-hidden=\"true\" class=\"wp-block-spacer\"><\/div>\n\n\n\n<h2 class=\"wp-block-heading\"><strong>El papel de los asesores financieros para la jubilaci\u00f3n<\/strong><\/h2>\n\n\n\n<p>Estos <a href=\"https:\/\/www.investor.gov\/employment-retirement\" target=\"_blank\" rel=\"noopener\">profesionales<\/a> cuentan con la experiencia necesaria para ofrecer asesoramiento personalizado adaptado a las necesidades y aspiraciones espec\u00edficas de sus clientes. Sus servicios abarcan una amplia gama de asuntos financieros, como la gesti\u00f3n de inversiones, la planificaci\u00f3n fiscal, la planificaci\u00f3n patrimonial y la elaboraci\u00f3n de estrategias para la jubilaci\u00f3n.<\/p>\n\n\n\n<div style=\"height:30px\" aria-hidden=\"true\" class=\"wp-block-spacer\"><\/div>\n\n\n\n<figure class=\"wp-block-image alignright size-medium\"><img fetchpriority=\"high\" decoding=\"async\" width=\"300\" height=\"202\" src=\"https:\/\/adamfayed.com\/wp-content\/uploads\/2024\/02\/consulting-3055704_640-300x202.jpg\" alt=\"A retirement financial advisor, which could also be a personal financial advisor, plays a crucial role in helping individuals plan for their financial security during retirement.\" class=\"wp-image-81808\" srcset=\"https:\/\/adamfayed.com\/wp-content\/uploads\/2024\/02\/consulting-3055704_640-300x202.jpg 300w, https:\/\/adamfayed.com\/wp-content\/uploads\/2024\/02\/consulting-3055704_640-512x344.jpg 512w, https:\/\/adamfayed.com\/wp-content\/uploads\/2024\/02\/consulting-3055704_640.jpg 640w\" sizes=\"(max-width: 300px) 100vw, 300px\" \/><\/figure>\n\n\n\n<h2 class=\"wp-block-heading\"><strong>\u00bfNecesito un asesor financiero?<\/strong><\/h2>\n\n\n\n<p>Determinar si uno necesita un asesor financiero depende de varios factores, como los conocimientos financieros, las limitaciones de tiempo y la complejidad de la propia situaci\u00f3n financiera.<\/p>\n\n\n\n<p>Mientras que algunas personas pueden tener los conocimientos y el tiempo necesarios para gestionar sus finanzas de jubilaci\u00f3n de forma independiente, otras pueden beneficiarse significativamente de los conocimientos y la orientaci\u00f3n de un asesor financiero. <a href=\"https:\/\/www.cfp.net\/\" target=\"_blank\" rel=\"noopener\">asesor financiero autorizado.<\/a><\/p>\n\n\n\n<p>La elecci\u00f3n de un asesor financiero depende de las necesidades de cada persona. Mientras que algunos son capaces de crear \u2018<a href=\"https:\/\/adamfayed.com\/es\/financial-planning\/personal-financial-planning\/the-retirement-plan-guide\/\">Plan de jubilaci\u00f3n<\/a>\u2018 quieren completamente por su cuenta, muchas personas pueden obtener beneficios sustanciales de la experiencia y la orientaci\u00f3n personalizada de un asesor financiero autorizado.<\/p>\n\n\n\n<div style=\"height:23px\" aria-hidden=\"true\" class=\"wp-block-spacer\"><\/div>\n\n\n\n<h3 class=\"wp-block-heading\">Ventajas de contratar a un asesor financiero para la jubilaci\u00f3n<\/h3>\n\n\n\n<p><\/p>\n\n\n\n<ul class=\"wp-block-list\">\n<li><strong>Conocimientos y experiencia:<\/strong> Un asesor financiero autorizado aporta una gran pericia y experiencia, que pueden ser decisivas para navegar por las complejidades de la planificaci\u00f3n de la jubilaci\u00f3n.<\/li>\n<\/ul>\n\n\n\n<p><\/p>\n\n\n\n<ul class=\"wp-block-list\">\n<li><strong>Personalizado <a class=\"wpil_keyword_link\" href=\"https:\/\/adamfayed.com\/es\/personal-financial-planning\/\" title=\"Planificaci\u00f3n financiera\" data-wpil-keyword-link=\"linked\" data-wpil-monitor-id=\"1928\">Planificaci\u00f3n financiera<\/a>:<\/strong> Al conocer sus objetivos y circunstancias financieras particulares, un asesor financiero puede dise\u00f1ar un plan de jubilaci\u00f3n integral que se ajuste a sus aspiraciones.<\/li>\n<\/ul>\n\n\n\n<p><\/p>\n\n\n\n<ul class=\"wp-block-list\">\n<li><strong>Gesti\u00f3n de inversiones: <\/strong>Un asesor competente puede ofrecer una gesti\u00f3n de inversiones astuta, garantizando que su cartera de jubilaci\u00f3n est\u00e9 diversificada y en l\u00ednea con su tolerancia al riesgo y sus objetivos.<\/li>\n<\/ul>\n\n\n\n<p><\/p>\n\n\n\n<ul class=\"wp-block-list\">\n<li><strong>Planificaci\u00f3n fiscal y patrimonial:<\/strong> Los asesores pueden ofrecerle informaci\u00f3n valiosa sobre estrategias fiscales y de planificaci\u00f3n patrimonial, optimizando su situaci\u00f3n financiera para la jubilaci\u00f3n y m\u00e1s all\u00e1.<\/li>\n<\/ul>\n\n\n\n<div style=\"height:23px\" aria-hidden=\"true\" class=\"wp-block-spacer\"><\/div>\n\n\n\n<h3 class=\"wp-block-heading\">Cu\u00e1ndo contratar a un asesor financiero para la jubilaci\u00f3n<\/h3>\n\n\n\n<figure class=\"wp-block-image alignright size-medium\"><img decoding=\"async\" width=\"300\" height=\"200\" src=\"https:\/\/adamfayed.com\/wp-content\/uploads\/2024\/02\/woman-5377783_640-300x200.jpg\" alt=\"While the ideal timing may vary based on individual circumstances, several key milestones and life events can serve as opportune moments to engage the expertise of a financial advisor:\" class=\"wp-image-81810\" srcset=\"https:\/\/adamfayed.com\/wp-content\/uploads\/2024\/02\/woman-5377783_640-300x200.jpg 300w, https:\/\/adamfayed.com\/wp-content\/uploads\/2024\/02\/woman-5377783_640-512x342.jpg 512w, https:\/\/adamfayed.com\/wp-content\/uploads\/2024\/02\/woman-5377783_640.jpg 640w\" sizes=\"(max-width: 300px) 100vw, 300px\" \/><\/figure>\n\n\n\n<ul class=\"wp-block-list\">\n<li><strong>Acerc\u00e1ndose a la edad de jubilaci\u00f3n:<\/strong> A medida que las personas se acercan a la edad de jubilaci\u00f3n, normalmente a finales de los 50 o principios de los 60, la necesidad de una planificaci\u00f3n integral de la jubilaci\u00f3n se hace cada vez m\u00e1s acuciante. Esta coyuntura presenta un momento oportuno para buscar la orientaci\u00f3n de un asesor financiero de jubilaci\u00f3n para desarrollar un plan estrat\u00e9gico para la transici\u00f3n a la jubilaci\u00f3n y la gesti\u00f3n de las finanzas posteriores a la jubilaci\u00f3n.<\/li>\n<\/ul>\n\n\n\n<p><\/p>\n\n\n\n<ul class=\"wp-block-list\">\n<li><strong>Herencia o ganancia inesperada:<\/strong> Recibir una herencia o una ganancia inesperada puede alterar significativamente el panorama financiero de una persona. Durante esos periodos, es prudente consultar con un <a href=\"https:\/\/adamfayed.com\/es\/financial-planning\/expat-financial-advisor\/\">asesor financiero<\/a> para garantizar que estos fondos se gestionan con prudencia y se ajustan a los objetivos financieros a largo plazo.<\/li>\n<\/ul>\n\n\n\n<p><\/p>\n\n\n\n<ul class=\"wp-block-list\">\n<li><strong>Acontecimientos vitales significativos:<\/strong> Los acontecimientos importantes de la vida, como el matrimonio, el divorcio, el nacimiento de un hijo o la p\u00e9rdida de un c\u00f3nyuge, pueden hacer necesaria una reevaluaci\u00f3n del propio plan financiero. Un asesor financiero de jubilaci\u00f3n puede ofrecer una orientaci\u00f3n inestimable para adaptar la estrategia financiera a estos cambios.<\/li>\n<\/ul>\n\n\n\n<p><\/p>\n\n\n\n<ul class=\"wp-block-list\">\n<li><strong>Transiciones profesionales:<\/strong> Cuando se experimentan transiciones profesionales, como un cambio de trabajo, la jubilaci\u00f3n o la creaci\u00f3n de una empresa, la experiencia de un asesor financiero puede ser fundamental para navegar por las implicaciones financieras de estos cambios y optimizar los resultados financieros.<\/li>\n<\/ul>\n\n\n\n<p><\/p>\n\n\n\n<ul class=\"wp-block-list\">\n<li><strong>Objetivos financieros a largo plazo:<\/strong> Independientemente de la edad, las personas con aspiraciones financieras a largo plazo, como la jubilaci\u00f3n anticipada, las iniciativas filantr\u00f3picas o la planificaci\u00f3n de un legado, pueden beneficiarse de las ideas de un asesor financiero para trazar un rumbo estrat\u00e9gico hacia esos objetivos.<\/li>\n<\/ul>\n\n\n\n<p><\/p>\n\n\n\n<p><strong>\u00bfLe duele la indecisi\u00f3n financiera? <\/strong><\/p>\n\n\n\n<figure class=\"wp-block-image size-large is-resized\"><img decoding=\"async\" width=\"512\" height=\"288\" src=\"https:\/\/adamfayed.com\/wp-content\/uploads\/2025\/03\/Adam-Fayed-Contact_CTA3-512x288.jpg\" alt=\"\" class=\"wp-image-117505\" style=\"width:683px;height:auto\" srcset=\"https:\/\/adamfayed.com\/wp-content\/uploads\/2025\/03\/Adam-Fayed-Contact_CTA3-512x288.jpg 512w, https:\/\/adamfayed.com\/wp-content\/uploads\/2025\/03\/Adam-Fayed-Contact_CTA3-300x169.jpg 300w, https:\/\/adamfayed.com\/wp-content\/uploads\/2025\/03\/Adam-Fayed-Contact_CTA3-768x432.jpg 768w, https:\/\/adamfayed.com\/wp-content\/uploads\/2025\/03\/Adam-Fayed-Contact_CTA3-scaled.jpg 825w\" sizes=\"(max-width: 512px) 100vw, 512px\" \/><\/figure>\n\n\n\n<div style=\"height:10px\" aria-hidden=\"true\" class=\"wp-block-spacer\"><\/div>\n\n\n\n<div class=\"wp-block-buttons is-layout-flex wp-block-buttons-is-layout-flex\">\n<div class=\"wp-block-button\"><a class=\"wp-block-button__link wp-element-button\" href=\"https:\/\/adamfayed.com\/es\/become-adams-client\/\">Convi\u00e9rtase en mi cliente<\/a><\/div>\n\n\n\n<div class=\"wp-block-button\"><a class=\"wp-block-button__link wp-element-button\" href=\"https:\/\/adamfayed.com\/es\/good-match-quiz\/\" target=\"_blank\" rel=\"noreferrer noopener\">Realice el cuestionario de elegibilidad de clientes<\/a><\/div>\n\n\n\n<div class=\"wp-block-button\"><a class=\"wp-block-button__link wp-element-button\" href=\"https:\/\/adamfayed.com\/es\/contact\/\" target=\"_blank\" rel=\"noreferrer noopener\">P\u00f3ngase en contacto con<\/a><\/div>\n<\/div>\n\n\n\n<p><strong>Adam es un autor reconocido internacionalmente en temas financieros, con m\u00e1s de 830 millones de respuestas en Quora, un libro muy vendido en Amazon y colaborador de Forbes.<\/strong><\/p>","protected":false},"excerpt":{"rendered":"<p>Sitemap: Expat Financial advisor &gt; Retirement financial advisor This page will talk about retirement financial advisor, particularly: If you are looking to invest as an expat or high-net-worth individual, which is what I specialize in, you can email me (advice@adamfayed.com) or WhatsApp (+44-7393-450-837). A retirement financial advisor, which could also be a personal financial advisor, [&hellip;]<\/p>","protected":false},"author":16,"featured_media":81807,"parent":58269,"menu_order":0,"comment_status":"open","ping_status":"closed","template":"","meta":{"rop_custom_images_group":[],"rop_custom_messages_group":[],"rop_publish_now":"initial","rop_publish_now_accounts":{"facebook_10166176115445471_100883565069113":""},"rop_publish_now_history":[],"rop_publish_now_status":"pending","footnotes":""},"class_list":["post-81762","page","type-page","status-publish","has-post-thumbnail","hentry"],"_links":{"self":[{"href":"https:\/\/adamfayed.com\/es\/wp-json\/wp\/v2\/pages\/81762","targetHints":{"allow":["GET"]}}],"collection":[{"href":"https:\/\/adamfayed.com\/es\/wp-json\/wp\/v2\/pages"}],"about":[{"href":"https:\/\/adamfayed.com\/es\/wp-json\/wp\/v2\/types\/page"}],"author":[{"embeddable":true,"href":"https:\/\/adamfayed.com\/es\/wp-json\/wp\/v2\/users\/16"}],"replies":[{"embeddable":true,"href":"https:\/\/adamfayed.com\/es\/wp-json\/wp\/v2\/comments?post=81762"}],"version-history":[{"count":3,"href":"https:\/\/adamfayed.com\/es\/wp-json\/wp\/v2\/pages\/81762\/revisions"}],"predecessor-version":[{"id":127261,"href":"https:\/\/adamfayed.com\/es\/wp-json\/wp\/v2\/pages\/81762\/revisions\/127261"}],"up":[{"embeddable":true,"href":"https:\/\/adamfayed.com\/es\/wp-json\/wp\/v2\/pages\/58269"}],"wp:featuredmedia":[{"embeddable":true,"href":"https:\/\/adamfayed.com\/es\/wp-json\/wp\/v2\/media\/81807"}],"wp:attachment":[{"href":"https:\/\/adamfayed.com\/es\/wp-json\/wp\/v2\/media?parent=81762"}],"curies":[{"name":"wp","href":"https:\/\/api.w.org\/{rel}","templated":true}]}}