{"id":81817,"date":"2024-02-29T10:03:22","date_gmt":"2024-02-29T10:03:22","guid":{"rendered":"https:\/\/adamfayed.com\/?page_id=81817"},"modified":"2024-02-29T10:03:38","modified_gmt":"2024-02-29T10:03:38","slug":"local-financial-advisor","status":"publish","type":"page","link":"https:\/\/adamfayed.com\/es\/expat-financial-advisor\/local-financial-advisor\/","title":{"rendered":"Asesor financiero local"},"content":{"rendered":"<p>Mapa del sitio: <a href=\"https:\/\/adamfayed.com\/es\/financial-planning\/expat-financial-advisor\/\">Asesor financiero para expatriados<\/a> &gt; Asesor financiero local<\/p>\n\n\n\n<p>En esta p\u00e1gina se abordar\u00e1n los siguientes puntos de debate:<\/p>\n\n\n\n<ul class=\"wp-block-list\">\n<li>Cu\u00e1ndo contratar asesores financieros locales\n<ul class=\"wp-block-list\">\n<li>Asesor financiero de peque\u00f1as empresas<\/li>\n\n\n\n<li>Asesor Financiero de Deuda<\/li>\n\n\n\n<li>Asesor financiero de divorcios<\/li>\n<\/ul>\n<\/li>\n\n\n\n<li>Por qu\u00e9 la localidad es importante para los asesores financieros<\/li>\n\n\n\n<li>Honorarios del asesor financiero<\/li>\n<\/ul>\n\n\n\n<p><\/p>\n\n\n\n<p>Si desea invertir como expatriado o particular con un elevado patrimonio neto, que es en lo que estoy especializado, puede enviarme un correo electr\u00f3nico (advice@adamfayed.com) o WhatsApp (+44-7393-450-837).<\/p>\n\n\n\n<p>A medida que los particulares y los propietarios de peque\u00f1as empresas se esfuerzan por tomar decisiones financieras acertadas, surge la pregunta de cu\u00e1ndo recurrir a la experiencia de un asesor financiero. <a href=\"https:\/\/adamfayed.com\/es\/financial-planning\/expat-financial-advisor\/local-financial-advisor\/\">asesor financiero local<\/a> se pregunta con frecuencia. <\/p>\n\n\n\n<h2 class=\"wp-block-heading\">Cu\u00e1ndo contratar asesores financieros locales<\/h2>\n\n\n\n<p><\/p>\n\n\n\n<h3 class=\"wp-block-heading\">Asesor financiero de peque\u00f1as empresas<\/h3>\n\n\n\n<p>Para los propietarios de peque\u00f1as empresas, la decisi\u00f3n de contratar los servicios de un asesor financiero local puede ser fundamental. Las peque\u00f1as empresas suelen enfrentarse a <a href=\"https:\/\/www.investor.gov\/introduction-investing\/getting-started\/working-investment-professional\/check-out-your-investment\" target=\"_blank\" rel=\"noopener\">retos financieros \u00fanicos<\/a>, como la elaboraci\u00f3n de presupuestos, la gesti\u00f3n de la tesorer\u00eda y la inversi\u00f3n estrat\u00e9gica. <\/p>\n\n\n\n<figure class=\"wp-block-image alignleft size-medium\"><img fetchpriority=\"high\" decoding=\"async\" width=\"300\" height=\"200\" src=\"https:\/\/adamfayed.com\/wp-content\/uploads\/2024\/02\/pexels-startup-stock-photos-7097-300x200.jpg\" alt=\"For small business owners, the decision to engage the services of a local financial advisor can be pivotal. \" class=\"wp-image-81822\" srcset=\"https:\/\/adamfayed.com\/wp-content\/uploads\/2024\/02\/pexels-startup-stock-photos-7097-300x200.jpg 300w, https:\/\/adamfayed.com\/wp-content\/uploads\/2024\/02\/pexels-startup-stock-photos-7097-512x342.jpg 512w, https:\/\/adamfayed.com\/wp-content\/uploads\/2024\/02\/pexels-startup-stock-photos-7097.jpg 640w\" sizes=\"(max-width: 300px) 100vw, 300px\" \/><\/figure>\n\n\n\n<p>Un asesor financiero local con experiencia en finanzas de peque\u00f1as empresas puede proporcionar orientaci\u00f3n y estrategias a medida para afrontar estos retos con eficacia. <\/p>\n\n\n\n<p>Desde la creaci\u00f3n de planes de negocio hasta la gesti\u00f3n de impuestos y beneficios para empleados, un asesor financiero para peque\u00f1as empresas puede ofrecer un apoyo inestimable para maximizar el rendimiento financiero y sostener el crecimiento empresarial.<\/p>\n\n\n\n<h3 class=\"wp-block-heading\">Asesor Financiero de Deuda<\/h3>\n\n\n\n<p>Las personas agobiadas por una deuda abrumadora pueden beneficiarse enormemente de la experiencia de un asesor financiero local especializado en la gesti\u00f3n de deudas. <\/p>\n\n\n\n<p>Ya se trate de deudas de tarjetas de cr\u00e9dito, pr\u00e9stamos estudiantiles o hipotecas, un asesor financiero de deudas puede ofrecer planes personalizados de reducci\u00f3n de deudas, negociar con los acreedores y proporcionar informaci\u00f3n sobre presupuestos eficaces y disciplina financiera. <\/p>\n\n\n\n<h3 class=\"wp-block-heading\">Asesor financiero de divorcios<\/h3>\n\n\n\n<p>Navegar por las implicaciones financieras del divorcio puede ser complejo y emocionalmente dif\u00edcil. A <a href=\"https:\/\/institutedfa.com\/What-CDFA-1\/\" target=\"_blank\" rel=\"noopener\">divorcio asesor financiero<\/a>, Un abogado, especialmente uno con experiencia local, puede proporcionar una orientaci\u00f3n crucial para desenredar las finanzas conjuntas, comprender las implicaciones fiscales y planificar un futuro financiero seguro tras el divorcio. <\/p>\n\n\n\n<p>Su conocimiento de la normativa local y de las redes dentro de la comunidad puede ser esencial para <a href=\"https:\/\/adamfayed.com\/es\/financial-planning\/personal-financial-planning\/\">planificaci\u00f3n financiera<\/a> y en garantizar una transici\u00f3n fluida hacia la independencia financiera.<\/p>\n\n\n\n<h2 class=\"wp-block-heading\">Por qu\u00e9 la localidad es importante para los asesores financieros<\/h2>\n\n\n\n<p>Al considerar asesores financieros para necesidades espec\u00edficas como la gesti\u00f3n de deudas, divorcios y finanzas de peque\u00f1as empresas, la localidad del asesor puede influir significativamente en la calidad y pertinencia del asesoramiento prestado. He aqu\u00ed por qu\u00e9 importa la localidad:<\/p>\n\n\n\n<figure class=\"wp-block-image alignright size-medium\"><img decoding=\"async\" width=\"300\" height=\"200\" src=\"https:\/\/adamfayed.com\/wp-content\/uploads\/2024\/02\/pexels-kindel-media-7979439-300x200.jpg\" alt=\"Financial advisor fees can vary based on the services provided, the advisor's experience, and the complexity of the financial situation.  \" class=\"wp-image-81823\" srcset=\"https:\/\/adamfayed.com\/wp-content\/uploads\/2024\/02\/pexels-kindel-media-7979439-300x200.jpg 300w, https:\/\/adamfayed.com\/wp-content\/uploads\/2024\/02\/pexels-kindel-media-7979439-512x342.jpg 512w, https:\/\/adamfayed.com\/wp-content\/uploads\/2024\/02\/pexels-kindel-media-7979439.jpg 640w\" sizes=\"(max-width: 300px) 100vw, 300px\" \/><\/figure>\n\n\n\n<ul class=\"wp-block-list\">\n<li><strong>Conocimiento de la normativa local: <\/strong>Los asesores financieros locales conocen bien la normativa financiera, la legislaci\u00f3n fiscal y la din\u00e1mica del mercado de su zona. Este conocimiento puede ser muy valioso cuando se trata de complejidades relacionadas con la gesti\u00f3n de deudas, acuerdos de divorcio y finanzas de peque\u00f1as empresas que est\u00e1n influenciadas por las leyes locales y los factores econ\u00f3micos.<\/li>\n\n\n\n<li><strong>Redes y conexiones comunitarias:<\/strong> Los asesores financieros locales suelen tener conexiones establecidas dentro de la comunidad, incluidas relaciones con profesionales jur\u00eddicos, contables y otros especialistas pertinentes. Esta red puede ser decisiva para prestar un apoyo integral, especialmente en casos de divorcio en los que se entrecruzan aspectos jur\u00eddicos y financieros.<\/li>\n\n\n\n<li><strong>Interacci\u00f3n cara a cara: <\/strong>Cuando se trata de asuntos financieros delicados, como un divorcio o las finanzas de una peque\u00f1a empresa, la interacci\u00f3n cara a cara con un asesor financiero local puede fomentar una comprensi\u00f3n m\u00e1s profunda de las circunstancias \u00fanicas del cliente y permitir un apoyo m\u00e1s personalizado y emp\u00e1tico.<\/li>\n<\/ul>\n\n\n\n<p><\/p>\n\n\n\n<h2 class=\"wp-block-heading\">Honorarios del asesor financiero<\/h2>\n\n\n\n<p>Una de las principales consideraciones a la hora de contratar a un asesor financiero son los honorarios asociados. <\/p>\n\n\n\n<p><a href=\"https:\/\/adamfayed.com\/es\/financial-planning\/expat-financial-advisor\/financial-advisor-fees\/\">Honorarios del asesor financiero<\/a> pueden variar en funci\u00f3n de los servicios prestados, la experiencia del asesor y la complejidad de la situaci\u00f3n financiera. Los asesores financieros locales pueden cobrar tarifas por hora, honorarios fijos o un porcentaje de los activos gestionados. <\/p>\n\n\n\n<p><strong>\u00bfLe duele la indecisi\u00f3n financiera? <\/strong><\/p>\n\n\n\n<figure class=\"wp-block-image size-large is-resized\"><img decoding=\"async\" width=\"512\" height=\"288\" src=\"https:\/\/adamfayed.com\/wp-content\/uploads\/2025\/03\/Adam-Fayed-Contact_CTA3-512x288.jpg\" alt=\"\" class=\"wp-image-117505\" style=\"width:683px;height:auto\" srcset=\"https:\/\/adamfayed.com\/wp-content\/uploads\/2025\/03\/Adam-Fayed-Contact_CTA3-512x288.jpg 512w, https:\/\/adamfayed.com\/wp-content\/uploads\/2025\/03\/Adam-Fayed-Contact_CTA3-300x169.jpg 300w, https:\/\/adamfayed.com\/wp-content\/uploads\/2025\/03\/Adam-Fayed-Contact_CTA3-768x432.jpg 768w, https:\/\/adamfayed.com\/wp-content\/uploads\/2025\/03\/Adam-Fayed-Contact_CTA3-scaled.jpg 825w\" sizes=\"(max-width: 512px) 100vw, 512px\" \/><\/figure>\n\n\n\n<div style=\"height:10px\" aria-hidden=\"true\" class=\"wp-block-spacer\"><\/div>\n\n\n\n<div class=\"wp-block-buttons is-layout-flex wp-block-buttons-is-layout-flex\">\n<div class=\"wp-block-button\"><a class=\"wp-block-button__link wp-element-button\" href=\"https:\/\/adamfayed.com\/es\/become-adams-client\/\">Convi\u00e9rtase en mi cliente<\/a><\/div>\n\n\n\n<div class=\"wp-block-button\"><a class=\"wp-block-button__link wp-element-button\" href=\"https:\/\/adamfayed.com\/es\/good-match-quiz\/\" target=\"_blank\" rel=\"noreferrer noopener\">Realice el cuestionario de elegibilidad de clientes<\/a><\/div>\n\n\n\n<div class=\"wp-block-button\"><a class=\"wp-block-button__link wp-element-button\" href=\"https:\/\/adamfayed.com\/es\/contact\/\" target=\"_blank\" rel=\"noreferrer noopener\">P\u00f3ngase en contacto con<\/a><\/div>\n<\/div>\n\n\n\n<p><strong>Adam es un autor reconocido internacionalmente en temas financieros, con m\u00e1s de 830 millones de respuestas en Quora, un libro muy vendido en Amazon y colaborador de Forbes.<\/strong><\/p>","protected":false},"excerpt":{"rendered":"<p>Sitemap: Expat Financial advisor &gt; Local financial advisor This page will cover the following discussion points: If you are looking to invest as an expat or high-net-worth individual, which is what I specialize in, you can email me (advice@adamfayed.com) or WhatsApp (+44-7393-450-837). As individuals and small business owners strive to make sound financial decisions, the [&hellip;]<\/p>","protected":false},"author":16,"featured_media":81821,"parent":58269,"menu_order":0,"comment_status":"open","ping_status":"closed","template":"","meta":{"rop_custom_images_group":[],"rop_custom_messages_group":[],"rop_publish_now":"initial","rop_publish_now_accounts":{"facebook_10166176115445471_100883565069113":""},"rop_publish_now_history":[],"rop_publish_now_status":"pending","footnotes":""},"class_list":["post-81817","page","type-page","status-publish","has-post-thumbnail","hentry"],"_links":{"self":[{"href":"https:\/\/adamfayed.com\/es\/wp-json\/wp\/v2\/pages\/81817","targetHints":{"allow":["GET"]}}],"collection":[{"href":"https:\/\/adamfayed.com\/es\/wp-json\/wp\/v2\/pages"}],"about":[{"href":"https:\/\/adamfayed.com\/es\/wp-json\/wp\/v2\/types\/page"}],"author":[{"embeddable":true,"href":"https:\/\/adamfayed.com\/es\/wp-json\/wp\/v2\/users\/16"}],"replies":[{"embeddable":true,"href":"https:\/\/adamfayed.com\/es\/wp-json\/wp\/v2\/comments?post=81817"}],"version-history":[{"count":3,"href":"https:\/\/adamfayed.com\/es\/wp-json\/wp\/v2\/pages\/81817\/revisions"}],"predecessor-version":[{"id":81918,"href":"https:\/\/adamfayed.com\/es\/wp-json\/wp\/v2\/pages\/81817\/revisions\/81918"}],"up":[{"embeddable":true,"href":"https:\/\/adamfayed.com\/es\/wp-json\/wp\/v2\/pages\/58269"}],"wp:featuredmedia":[{"embeddable":true,"href":"https:\/\/adamfayed.com\/es\/wp-json\/wp\/v2\/media\/81821"}],"wp:attachment":[{"href":"https:\/\/adamfayed.com\/es\/wp-json\/wp\/v2\/media?parent=81817"}],"curies":[{"name":"wp","href":"https:\/\/api.w.org\/{rel}","templated":true}]}}