{"id":81829,"date":"2024-02-29T12:05:04","date_gmt":"2024-02-29T12:05:04","guid":{"rendered":"https:\/\/adamfayed.com\/?page_id=81829"},"modified":"2024-02-29T12:06:03","modified_gmt":"2024-02-29T12:06:03","slug":"how-to-become-a-financial-advisor","status":"publish","type":"page","link":"https:\/\/adamfayed.com\/es\/expat-financial-advisor\/how-to-become-a-financial-advisor\/","title":{"rendered":"C\u00f3mo ser asesor financiero"},"content":{"rendered":"<p>Mapa del sitio: <a href=\"https:\/\/adamfayed.com\/es\/financial-planning\/expat-financial-advisor\/\">Asesor financiero para expatriados<\/a> &gt; C\u00f3mo ser asesor financiero<\/p>\n\n\n\n<p>Aprender a ser asesor financiero requiere una combinaci\u00f3n de formaci\u00f3n, certificaci\u00f3n y experiencia pr\u00e1ctica para destacar en este campo.<\/p>\n\n\n\n<p>Si desea invertir como expatriado o particular con un elevado patrimonio neto, que es en lo que estoy especializado, puede enviarme un correo electr\u00f3nico (advice@adamfayed.com) o WhatsApp (+44-7393-450-837).<\/p>\n\n\n\n<p>En esta p\u00e1gina se tratar\u00e1 lo siguiente:<\/p>\n\n\n\n<ul class=\"wp-block-list\">\n<li>C\u00f3mo ser asesor financiero\n<ul class=\"wp-block-list\">\n<li>Certificaci\u00f3n de asesor financiero<\/li>\n\n\n\n<li>Experiencia como asesor financiero<\/li>\n<\/ul>\n<\/li>\n\n\n\n<li>Asesor financiero Empleo<\/li>\n<\/ul>\n\n\n\n<p><\/p>\n\n\n\n<h2 class=\"wp-block-heading\">C\u00f3mo ser asesor financiero<\/h2>\n\n\n\n<p>Una licenciatura en econom\u00eda, finanzas o una disciplina relacionada suele formar parte de los requisitos para ser asesor financiero. Despu\u00e9s, hay que adquirir cierta experiencia en el sector de los servicios financieros a trav\u00e9s de pr\u00e1cticas o puestos de trabajo, as\u00ed como las certificaciones pertinentes.<\/p>\n\n\n\n<h3 class=\"wp-block-heading\">Certificaci\u00f3n de asesor financiero<\/h3>\n\n\n\n<figure class=\"wp-block-image alignleft size-medium\"><img fetchpriority=\"high\" decoding=\"async\" width=\"300\" height=\"200\" src=\"https:\/\/adamfayed.com\/wp-content\/uploads\/2024\/02\/pexels-kindel-media-7979418-300x200.jpg\" alt=\"Obtaining the necessary certifications is a critical aspect of how to become a financial advisor. \" class=\"wp-image-81831\" srcset=\"https:\/\/adamfayed.com\/wp-content\/uploads\/2024\/02\/pexels-kindel-media-7979418-300x200.jpg 300w, https:\/\/adamfayed.com\/wp-content\/uploads\/2024\/02\/pexels-kindel-media-7979418-512x342.jpg 512w, https:\/\/adamfayed.com\/wp-content\/uploads\/2024\/02\/pexels-kindel-media-7979418.jpg 640w\" sizes=\"(max-width: 300px) 100vw, 300px\" \/><\/figure>\n\n\n\n<p>La obtenci\u00f3n de las certificaciones necesarias es un aspecto cr\u00edtico de <a href=\"https:\/\/adamfayed.com\/es\/financial-planning\/expat-financial-advisor\/how-to-become-a-financial-advisor\/\">c\u00f3mo convertirse en asesor financiero<\/a>. En Estados Unidos, la certificaci\u00f3n m\u00e1s reconocida para asesores financieros es la de Planificador Financiero Certificado (CFP). <\/p>\n\n\n\n<p>Esta certificaci\u00f3n la concede la <a href=\"https:\/\/www.cfp.net\/\" target=\"_blank\" rel=\"noopener\">Consejo de Normas del Planificador Financiero Certificado<\/a> y exige que los candidatos cumplan las \u201c4 E\u201d: educaci\u00f3n, examen, experiencia y \u00e9tica.<\/p>\n\n\n\n<ul class=\"wp-block-list\">\n<li><strong>Educaci\u00f3n<\/strong>: Los candidatos deben tener una licenciatura de un colegio o universidad acreditada cuando aprenden c\u00f3mo convertirse en un asesor financiero, o deben completar un programa de educaci\u00f3n CFP Board-registrado que cubre temas clave tales como <a href=\"https:\/\/adamfayed.com\/es\/financial-planning\/personal-financial-planning\/the-retirement-plan-guide\/\">planificaci\u00f3n de la jubilaci\u00f3n<\/a>, gesti\u00f3n de inversiones, planificaci\u00f3n patrimonial, planificaci\u00f3n fiscal y mucho m\u00e1s.<\/li>\n\n\n\n<li><strong>Examen<\/strong>: El examen de certificaci\u00f3n CFP eval\u00faa la capacidad del candidato para aplicar su <a href=\"https:\/\/adamfayed.com\/es\/financial-planning\/personal-financial-planning\/\">planificaci\u00f3n financiera<\/a> conocimientos a situaciones de la vida real. El examen abarca temas como la gesti\u00f3n de riesgos, los seguros, las prestaciones a los empleados y la conducta profesional.<\/li>\n\n\n\n<li><strong>Experiencia<\/strong>: Tras aprobar el examen CFP, los candidatos deben acumular experiencia laboral relevante en el sector de la planificaci\u00f3n financiera. Por lo general, esto implica proporcionar una planificaci\u00f3n financiera integral a los clientes y cumplir el c\u00f3digo \u00e9tico y las normas de pr\u00e1ctica del CFP Board.<\/li>\n\n\n\n<li><strong>\u00c9tica<\/strong>: Los candidatos deben adherirse a las Normas de Conducta Profesional del CFP Board, que describe las responsabilidades \u00e9ticas y profesionales de los profesionales CFP.<\/li>\n<\/ul>\n\n\n\n<p><\/p>\n\n\n\n<p>Adem\u00e1s de la certificaci\u00f3n CFP, otras certificaciones destacadas sobre c\u00f3mo convertirse en asesor financiero son:<\/p>\n\n\n\n<p><strong><a href=\"https:\/\/www.cfainstitute.org\/en\/programs\/cfa\" target=\"_blank\" rel=\"noopener\">Analista Financiero Colegiado (CFA):<\/a> <\/strong>Esta certificaci\u00f3n, reconocida en todo el mundo, est\u00e1 dirigida a los profesionales de la gesti\u00f3n de inversiones y el an\u00e1lisis financiero.<\/p>\n\n\n\n<p>El programa CFA cubre c\u00f3mo convertirse en asesor financiero a trav\u00e9s de una amplia gama de temas de inversi\u00f3n, incluyendo normas \u00e9ticas y profesionales, m\u00e9todos cuantitativos, econom\u00eda, informes y an\u00e1lisis financieros, finanzas corporativas, inversiones en renta variable, renta fija, derivados, inversiones alternativas y gesti\u00f3n de carteras.<\/p>\n\n\n\n<p><strong><a href=\"https:\/\/investmentsandwealth.org\/certifications\/cima-certification\" target=\"_blank\" rel=\"noopener\">Analista certificado de gesti\u00f3n de inversiones (CIMA):<\/a> <\/strong>La certificaci\u00f3n CIMA, ofrecida por el Investments &amp; Wealth Institute, est\u00e1 dise\u00f1ada para profesionales financieros que deseen especializarse en consultor\u00eda de inversiones y gesti\u00f3n de carteras. El programa abarca temas como la gesti\u00f3n de riesgos, la asignaci\u00f3n de activos, la estrategia de inversi\u00f3n y las finanzas conductuales.<\/p>\n\n\n\n<h3 class=\"wp-block-heading\">Experiencia como asesor financiero<\/h3>\n\n\n\n<figure class=\"wp-block-image alignright size-medium\"><img decoding=\"async\" width=\"300\" height=\"200\" src=\"https:\/\/adamfayed.com\/wp-content\/uploads\/2024\/02\/business-3563101_640-300x200.jpg\" alt=\"Many financial advisors also choose to work independently, either establishing their own practice or joining an independent financial advisory firm. \" class=\"wp-image-81832\" srcset=\"https:\/\/adamfayed.com\/wp-content\/uploads\/2024\/02\/business-3563101_640-300x200.jpg 300w, https:\/\/adamfayed.com\/wp-content\/uploads\/2024\/02\/business-3563101_640-512x342.jpg 512w, https:\/\/adamfayed.com\/wp-content\/uploads\/2024\/02\/business-3563101_640.jpg 640w\" sizes=\"(max-width: 300px) 100vw, 300px\" \/><\/figure>\n\n\n\n<p>Adquirir experiencia pr\u00e1ctica es esencial en lo que respecta a los requisitos para ser asesor financiero. Muchos profesionales empiezan su carrera como analistas financieros, <a href=\"https:\/\/adamfayed.com\/es\/lloyds-bank-international-2023-review\/\">banqueros de inversi\u00f3n<\/a>, o en puestos relacionados para construir una base s\u00f3lida en an\u00e1lisis financiero y estrategias de inversi\u00f3n. <\/p>\n\n\n\n<p>Algunos tambi\u00e9n optan por trabajar como paraplanificadores o asistentes financieros de asesores experimentados para adquirir conocimientos sobre las interacciones con los clientes, la planificaci\u00f3n financiera y la gesti\u00f3n de riesgos. <a href=\"https:\/\/adamfayed.com\/es\/review-articles\/rl360-pims-personal-investment-management-service-review\/\">gesti\u00f3n de inversiones.<\/a><\/p>\n\n\n\n<h2 class=\"wp-block-heading\">Asesor financiero Empleo<\/h2>\n\n\n\n<p>Los puestos de trabajo de asesor financiero pueden encontrarse en diversos entornos, como empresas de planificaci\u00f3n financiera, bancos, compa\u00f1\u00edas de seguros y empresas de servicios financieros. <a href=\"https:\/\/adamfayed.com\/es\/hsbc-expat-review-2023-a-good-solution-for-expats\/\">proveedores de inversi\u00f3n<\/a>. <\/p>\n\n\n\n<p>Muchos asesores financieros tambi\u00e9n optan por trabajar de forma independiente, ya sea estableciendo su propia consulta o uni\u00e9ndose a una empresa independiente de asesoramiento financiero. <a href=\"https:\/\/adamfayed.com\/es\/financial-planning\/expat-financial-advisor\/independent-financial-advisor\/\">Asesores financieros independientes<\/a> disponen de flexibilidad para ofrecer una gama m\u00e1s amplia de productos y servicios y suelen tener m\u00e1s control sobre sus pr\u00e1cticas empresariales.<\/p>\n\n\n\n<p><\/p>\n\n\n\n<p><strong>\u00bfLe duele la indecisi\u00f3n financiera? <\/strong><\/p>\n\n\n\n<figure class=\"wp-block-image size-large is-resized\"><img decoding=\"async\" width=\"512\" height=\"288\" src=\"https:\/\/adamfayed.com\/wp-content\/uploads\/2025\/03\/Adam-Fayed-Contact_CTA3-512x288.jpg\" alt=\"\" class=\"wp-image-117505\" style=\"width:683px;height:auto\" srcset=\"https:\/\/adamfayed.com\/wp-content\/uploads\/2025\/03\/Adam-Fayed-Contact_CTA3-512x288.jpg 512w, https:\/\/adamfayed.com\/wp-content\/uploads\/2025\/03\/Adam-Fayed-Contact_CTA3-300x169.jpg 300w, https:\/\/adamfayed.com\/wp-content\/uploads\/2025\/03\/Adam-Fayed-Contact_CTA3-768x432.jpg 768w, https:\/\/adamfayed.com\/wp-content\/uploads\/2025\/03\/Adam-Fayed-Contact_CTA3-scaled.jpg 825w\" sizes=\"(max-width: 512px) 100vw, 512px\" \/><\/figure>\n\n\n\n<div style=\"height:10px\" aria-hidden=\"true\" class=\"wp-block-spacer\"><\/div>\n\n\n\n<div class=\"wp-block-buttons is-layout-flex wp-block-buttons-is-layout-flex\">\n<div class=\"wp-block-button\"><a class=\"wp-block-button__link wp-element-button\" href=\"https:\/\/adamfayed.com\/es\/become-adams-client\/\">Convi\u00e9rtase en mi cliente<\/a><\/div>\n\n\n\n<div class=\"wp-block-button\"><a class=\"wp-block-button__link wp-element-button\" href=\"https:\/\/adamfayed.com\/es\/good-match-quiz\/\" target=\"_blank\" rel=\"noreferrer noopener\">Realice el cuestionario de elegibilidad de clientes<\/a><\/div>\n\n\n\n<div class=\"wp-block-button\"><a class=\"wp-block-button__link wp-element-button\" href=\"https:\/\/adamfayed.com\/es\/contact\/\" target=\"_blank\" rel=\"noreferrer noopener\">P\u00f3ngase en contacto con<\/a><\/div>\n<\/div>\n\n\n\n<p><strong>Adam es un autor reconocido internacionalmente en temas financieros, con m\u00e1s de 830 millones de respuestas en Quora, un libro muy vendido en Amazon y colaborador de Forbes.<\/strong><\/p>","protected":false},"excerpt":{"rendered":"<p>Sitemap: Expat Financial advisor &gt; How to become a financial advisor Learning how to become a financial advisor requires a combination of education, certification, and practical experience to excel in this field. If you are looking to invest as an expat or high-net-worth individual, which is what I specialize in, you can email me (advice@adamfayed.com) [&hellip;]<\/p>\n","protected":false},"author":16,"featured_media":81830,"parent":58269,"menu_order":0,"comment_status":"open","ping_status":"closed","template":"","meta":{"rop_custom_images_group":[],"rop_custom_messages_group":[],"rop_publish_now":"initial","rop_publish_now_accounts":{"facebook_10166176115445471_100883565069113":""},"rop_publish_now_history":[],"rop_publish_now_status":"pending","footnotes":""},"class_list":["post-81829","page","type-page","status-publish","has-post-thumbnail","hentry"],"_links":{"self":[{"href":"https:\/\/adamfayed.com\/es\/wp-json\/wp\/v2\/pages\/81829","targetHints":{"allow":["GET"]}}],"collection":[{"href":"https:\/\/adamfayed.com\/es\/wp-json\/wp\/v2\/pages"}],"about":[{"href":"https:\/\/adamfayed.com\/es\/wp-json\/wp\/v2\/types\/page"}],"author":[{"embeddable":true,"href":"https:\/\/adamfayed.com\/es\/wp-json\/wp\/v2\/users\/16"}],"replies":[{"embeddable":true,"href":"https:\/\/adamfayed.com\/es\/wp-json\/wp\/v2\/comments?post=81829"}],"version-history":[{"count":3,"href":"https:\/\/adamfayed.com\/es\/wp-json\/wp\/v2\/pages\/81829\/revisions"}],"predecessor-version":[{"id":81941,"href":"https:\/\/adamfayed.com\/es\/wp-json\/wp\/v2\/pages\/81829\/revisions\/81941"}],"up":[{"embeddable":true,"href":"https:\/\/adamfayed.com\/es\/wp-json\/wp\/v2\/pages\/58269"}],"wp:featuredmedia":[{"embeddable":true,"href":"https:\/\/adamfayed.com\/es\/wp-json\/wp\/v2\/media\/81830"}],"wp:attachment":[{"href":"https:\/\/adamfayed.com\/es\/wp-json\/wp\/v2\/media?parent=81829"}],"curies":[{"name":"wp","href":"https:\/\/api.w.org\/{rel}","templated":true}]}}