{"id":81841,"date":"2024-02-29T09:15:45","date_gmt":"2024-02-29T09:15:45","guid":{"rendered":"https:\/\/adamfayed.com\/?page_id=81841"},"modified":"2024-02-29T09:16:22","modified_gmt":"2024-02-29T09:16:22","slug":"is-a-financial-advisor-worth-it","status":"publish","type":"page","link":"https:\/\/adamfayed.com\/es\/expat-financial-advisor\/is-a-financial-advisor-worth-it\/","title":{"rendered":"\u00bfMerece la pena un asesor financiero?"},"content":{"rendered":"<p>Mapa del sitio: <a href=\"https:\/\/adamfayed.com\/es\/financial-planning\/expat-financial-advisor\/\">Asesor financiero para expatriados<\/a> &gt; \u00bfMerece la pena un asesor financiero?<\/p>\n\n\n\n<p>\u00bfCu\u00e1ndo merece la pena un asesor financiero? Comprender la funci\u00f3n de un asesor financiero, sus responsabilidades fiduciarias y los servicios que presta es esencial para determinar su val\u00eda.<\/p>\n\n\n\n<p>Si desea invertir como expatriado o particular con un elevado patrimonio neto, que es en lo que estoy especializado, puede enviarme un correo electr\u00f3nico (advice@adamfayed.com) o WhatsApp (+44-7393-450-837).<\/p>\n\n\n\n<p>En esta p\u00e1gina se tratar\u00e1n los siguientes temas:<\/p>\n\n\n\n<ul class=\"wp-block-list\">\n<li>\u00bfQu\u00e9 hace un asesor financiero?\n<ul class=\"wp-block-list\">\n<li>Asesor financiero fiduciario<\/li>\n\n\n\n<li>Planificaci\u00f3n financiera<\/li>\n\n\n\n<li>Gesti\u00f3n de patrimonios<\/li>\n<\/ul>\n<\/li>\n\n\n\n<li>\u00bfMerece la pena un asesor financiero?<\/li>\n<\/ul>\n\n\n\n<p><\/p>\n\n\n\n<h2 class=\"wp-block-heading\">\u00bfQu\u00e9 hace un asesor financiero?<\/h2>\n\n\n\n<p><a href=\"https:\/\/adamfayed.com\/es\/financial-planning\/expat-financial-advisor\/is-a-financial-advisor-worth-it\/\">\u00bfMerece la pena un asesor financiero?<\/a>? Depende de lo que necesite que hagan por usted. Un asesor financiero es un profesional que ayuda a particulares y empresas a gestionar sus finanzas.<\/p>\n\n\n\n<p>Ofrecen una amplia gama de servicios, entre los que se incluyen asesoramiento en inversiones, planificaci\u00f3n de la jubilaci\u00f3n, optimizaci\u00f3n fiscal, planificaci\u00f3n patrimonial y <a href=\"https:\/\/adamfayed.com\/es\/review-articles\/ubs-wealth-management-review-2022-should-you-invest\/\">gesti\u00f3n financiera global<\/a>.<\/p>\n\n\n\n<p><a href=\"https:\/\/www.cfp.net\/\" target=\"_blank\" rel=\"noopener\">Asesores financieros<\/a> analizan la situaci\u00f3n financiera de sus clientes, les ayudan a fijar objetivos realistas y desarrollan estrategias para alcanzarlos. Tambi\u00e9n informan a sus clientes sobre <a href=\"https:\/\/adamfayed.com\/es\/what-are-the-best-investment-options-for-canadian-expats-in-2023\/\">opciones de inversi\u00f3n<\/a> y ayudarles a tomar decisiones informadas en funci\u00f3n de sus objetivos financieros y su tolerancia al riesgo.<\/p>\n\n\n\n<h3 class=\"wp-block-heading\">Asesor financiero fiduciario<\/h3>\n\n\n\n<figure class=\"wp-block-image alignleft size-medium\"><img fetchpriority=\"high\" decoding=\"async\" width=\"300\" height=\"200\" src=\"https:\/\/adamfayed.com\/wp-content\/uploads\/2024\/02\/pexels-alex-green-5699480-300x200.jpg\" alt=\"Understanding the role of a financial advisor, their fiduciary responsibilities, and the services they provide is essential in determining their worth.\" class=\"wp-image-81843\" srcset=\"https:\/\/adamfayed.com\/wp-content\/uploads\/2024\/02\/pexels-alex-green-5699480-300x200.jpg 300w, https:\/\/adamfayed.com\/wp-content\/uploads\/2024\/02\/pexels-alex-green-5699480-512x342.jpg 512w, https:\/\/adamfayed.com\/wp-content\/uploads\/2024\/02\/pexels-alex-green-5699480.jpg 640w\" sizes=\"(max-width: 300px) 100vw, 300px\" \/><\/figure>\n\n\n\n<p>Un asesor financiero fiduciario, en particular, est\u00e1 obligado por la ley y la \u00e9tica a actuar en todo momento en el mejor inter\u00e9s de sus clientes. Esto significa que est\u00e1n obligados a ofrecer asesoramiento que redunde exclusivamente en beneficio del cliente, aunque no sea el m\u00e1s rentable para el asesor.<\/p>\n\n\n\n<p>Elegir un asesor financiero fiduciario es crucial, ya que garantiza que el asesor es <a href=\"https:\/\/www.dol.gov\/agencies\/ebsa\/laws-and-regulations\/laws\/erisa\/retirement-security\" target=\"_blank\" rel=\"noopener\">legalmente obligado<\/a> priorizar las necesidades del cliente sobre las suyas propias. <\/p>\n\n\n\n<h3 class=\"wp-block-heading\">Planificaci\u00f3n financiera<\/h3>\n\n\n\n<p><a href=\"https:\/\/adamfayed.com\/es\/financial-planning\/personal-financial-planning\/\">Planificaci\u00f3n financiera<\/a> es un servicio fundamental que ofrecen los asesores financieros. Consiste en evaluar la situaci\u00f3n financiera actual de un cliente, identificar sus objetivos financieros y crear una estrategia integral para ayudarle a alcanzarlos.<\/p>\n\n\n\n<p>Esto puede incluir la elaboraci\u00f3n de presupuestos, el ahorro para la jubilaci\u00f3n, la gesti\u00f3n de la deuda y la creaci\u00f3n de una cartera de inversiones adaptada a la tolerancia al riesgo y el horizonte temporal del cliente.<\/p>\n\n\n\n<h3 class=\"wp-block-heading\">Gesti\u00f3n de patrimonios<\/h3>\n\n\n\n<figure class=\"wp-block-image alignright size-medium\"><img decoding=\"async\" width=\"300\" height=\"199\" src=\"https:\/\/adamfayed.com\/wp-content\/uploads\/2024\/02\/office-620822_640-300x199.jpg\" alt=\"Determining is a financial advisor worth it depends on various factors such as an individual's financial complexity, time constraints, investment knowledge, and long-term financial goals.\" class=\"wp-image-81844\" srcset=\"https:\/\/adamfayed.com\/wp-content\/uploads\/2024\/02\/office-620822_640-300x199.jpg 300w, https:\/\/adamfayed.com\/wp-content\/uploads\/2024\/02\/office-620822_640-512x340.jpg 512w, https:\/\/adamfayed.com\/wp-content\/uploads\/2024\/02\/office-620822_640.jpg 640w\" sizes=\"(max-width: 300px) 100vw, 300px\" \/><\/figure>\n\n\n\n<p><a class=\"wpil_keyword_link\" href=\"https:\/\/adamfayed.com\/es\/\" title=\"Gesti\u00f3n de patrimonios\" data-wpil-keyword-link=\"linked\">Gesti\u00f3n de patrimonios<\/a> abarca un enfoque m\u00e1s amplio de la gesti\u00f3n de los recursos financieros de una persona. Implica no s\u00f3lo asesoramiento en materia de inversi\u00f3n, sino tambi\u00e9n una planificaci\u00f3n financiera global, planificaci\u00f3n patrimonial, estrategias fiscales y gesti\u00f3n de riesgos.<\/p>\n\n\n\n<p>Un asesor financiero especializado en gesti\u00f3n de patrimonios ofrece soluciones personalizadas para ayudar a los clientes a preservar y aumentar su patrimonio, minimizando al mismo tiempo las obligaciones fiscales y protegiendo sus activos para las generaciones futuras. <\/p>\n\n\n\n<p>Este enfoque hol\u00edstico de la gesti\u00f3n financiera puede ser especialmente valioso para las personas y familias con grandes patrimonios.<\/p>\n\n\n\n<h2 class=\"wp-block-heading\">\u00bfMerece la pena un asesor financiero?<\/h2>\n\n\n\n<p>Determinar si merece la pena recurrir a un asesor financiero depende de varios factores, como la complejidad financiera de la persona, sus limitaciones de tiempo, sus conocimientos de inversi\u00f3n y sus objetivos financieros a largo plazo.<\/p>\n\n\n\n<p>Aunque algunas personas pueden tener la experiencia y el tiempo necesarios para gestionar sus finanzas de forma independiente, otras pueden beneficiarse considerablemente de la orientaci\u00f3n y la experiencia de un asesor financiero profesional. Estas son algunas situaciones en las que contratar a un asesor financiero puede merecer la pena:<\/p>\n\n\n\n<ul class=\"wp-block-list\">\n<li><strong>Situaciones financieras complejas:<\/strong> Las personas con carteras financieras complejas, m\u00faltiples fuentes de ingresos o diversas inversiones pueden encontrar beneficioso recurrir a la experiencia de un asesor financiero para navegar a trav\u00e9s de las complejidades de su panorama financiero.<\/li>\n\n\n\n<li><strong>Limitaciones de tiempo:<\/strong> Los profesionales o empresarios ocupados que carecen de tiempo para dedicarse a una planificaci\u00f3n financiera y una gesti\u00f3n de inversiones exhaustivas pueden encontrar valor en delegar estas responsabilidades en un asesor financiero cualificado.<\/li>\n\n\n\n<li><strong>Objetivos financieros a largo plazo:<\/strong> Para las personas con objetivos financieros ambiciosos a largo plazo, como la jubilaci\u00f3n anticipada, la planificaci\u00f3n de un legado o las iniciativas filantr\u00f3picas, un asesor financiero puede proporcionar la orientaci\u00f3n estrat\u00e9gica y el enfoque disciplinado necesarios para alcanzar estos objetivos.<\/li>\n<\/ul>\n\n\n\n<p><\/p>\n\n\n\n<p><strong>\u00bfLe duele la indecisi\u00f3n financiera? <\/strong><\/p>\n\n\n\n<figure class=\"wp-block-image size-large is-resized\"><img decoding=\"async\" width=\"512\" height=\"288\" src=\"https:\/\/adamfayed.com\/wp-content\/uploads\/2025\/03\/Adam-Fayed-Contact_CTA3-512x288.jpg\" alt=\"\" class=\"wp-image-117505\" style=\"width:683px;height:auto\" srcset=\"https:\/\/adamfayed.com\/wp-content\/uploads\/2025\/03\/Adam-Fayed-Contact_CTA3-512x288.jpg 512w, https:\/\/adamfayed.com\/wp-content\/uploads\/2025\/03\/Adam-Fayed-Contact_CTA3-300x169.jpg 300w, https:\/\/adamfayed.com\/wp-content\/uploads\/2025\/03\/Adam-Fayed-Contact_CTA3-768x432.jpg 768w, https:\/\/adamfayed.com\/wp-content\/uploads\/2025\/03\/Adam-Fayed-Contact_CTA3-scaled.jpg 825w\" sizes=\"(max-width: 512px) 100vw, 512px\" \/><\/figure>\n\n\n\n<div style=\"height:10px\" aria-hidden=\"true\" class=\"wp-block-spacer\"><\/div>\n\n\n\n<div class=\"wp-block-buttons is-layout-flex wp-block-buttons-is-layout-flex\">\n<div class=\"wp-block-button\"><a class=\"wp-block-button__link wp-element-button\" href=\"https:\/\/adamfayed.com\/es\/become-adams-client\/\">Convi\u00e9rtase en mi cliente<\/a><\/div>\n\n\n\n<div class=\"wp-block-button\"><a class=\"wp-block-button__link wp-element-button\" href=\"https:\/\/adamfayed.com\/es\/good-match-quiz\/\" target=\"_blank\" rel=\"noreferrer noopener\">Realice el cuestionario de elegibilidad de clientes<\/a><\/div>\n\n\n\n<div class=\"wp-block-button\"><a class=\"wp-block-button__link wp-element-button\" href=\"https:\/\/adamfayed.com\/es\/contact\/\" target=\"_blank\" rel=\"noreferrer noopener\">P\u00f3ngase en contacto con<\/a><\/div>\n<\/div>\n\n\n\n<p><strong>Adam es un autor reconocido internacionalmente en temas financieros, con m\u00e1s de 830 millones de respuestas en Quora, un libro muy vendido en Amazon y colaborador de Forbes.<\/strong><\/p>","protected":false},"excerpt":{"rendered":"<p>Sitemap: Expat Financial advisor &gt; Is a financial advisor worth it When is a financial advisor worth it? Understanding the role of a financial advisor, their fiduciary responsibilities, and the services they provide is essential in determining their worth. If you are looking to invest as an expat or high-net-worth individual, which is what I [&hellip;]<\/p>","protected":false},"author":16,"featured_media":81842,"parent":58269,"menu_order":0,"comment_status":"open","ping_status":"closed","template":"","meta":{"rop_custom_images_group":[],"rop_custom_messages_group":[],"rop_publish_now":"initial","rop_publish_now_accounts":{"facebook_10166176115445471_100883565069113":""},"rop_publish_now_history":[],"rop_publish_now_status":"pending","footnotes":""},"class_list":["post-81841","page","type-page","status-publish","has-post-thumbnail","hentry"],"_links":{"self":[{"href":"https:\/\/adamfayed.com\/es\/wp-json\/wp\/v2\/pages\/81841","targetHints":{"allow":["GET"]}}],"collection":[{"href":"https:\/\/adamfayed.com\/es\/wp-json\/wp\/v2\/pages"}],"about":[{"href":"https:\/\/adamfayed.com\/es\/wp-json\/wp\/v2\/types\/page"}],"author":[{"embeddable":true,"href":"https:\/\/adamfayed.com\/es\/wp-json\/wp\/v2\/users\/16"}],"replies":[{"embeddable":true,"href":"https:\/\/adamfayed.com\/es\/wp-json\/wp\/v2\/comments?post=81841"}],"version-history":[{"count":3,"href":"https:\/\/adamfayed.com\/es\/wp-json\/wp\/v2\/pages\/81841\/revisions"}],"predecessor-version":[{"id":81908,"href":"https:\/\/adamfayed.com\/es\/wp-json\/wp\/v2\/pages\/81841\/revisions\/81908"}],"up":[{"embeddable":true,"href":"https:\/\/adamfayed.com\/es\/wp-json\/wp\/v2\/pages\/58269"}],"wp:featuredmedia":[{"embeddable":true,"href":"https:\/\/adamfayed.com\/es\/wp-json\/wp\/v2\/media\/81842"}],"wp:attachment":[{"href":"https:\/\/adamfayed.com\/es\/wp-json\/wp\/v2\/media?parent=81841"}],"curies":[{"name":"wp","href":"https:\/\/api.w.org\/{rel}","templated":true}]}}