{"id":81846,"date":"2024-02-29T09:36:17","date_gmt":"2024-02-29T09:36:17","guid":{"rendered":"https:\/\/adamfayed.com\/?page_id=81846"},"modified":"2024-02-29T09:36:39","modified_gmt":"2024-02-29T09:36:39","slug":"financial-advisor-companies","status":"publish","type":"page","link":"https:\/\/adamfayed.com\/es\/expat-financial-advisor\/financial-advisor-companies\/","title":{"rendered":"Empresas de asesoramiento financiero"},"content":{"rendered":"<p>Mapa del sitio: <a href=\"https:\/\/adamfayed.com\/es\/financial-planning\/expat-financial-advisor\/\">Asesor financiero para expatriados<\/a> &gt; Empresas de asesoramiento financiero<\/p>\n\n\n\n<p>Particulares y empresas buscan a menudo la orientaci\u00f3n y la experiencia de empresas de asesoramiento financiero para que les ayuden a tomar decisiones de inversi\u00f3n, planificar la jubilaci\u00f3n, gestionar el patrimonio y otros asuntos financieros.<\/p>\n\n\n\n<p>Si desea invertir como expatriado o particular con un elevado patrimonio neto, que es en lo que estoy especializado, puede enviarme un correo electr\u00f3nico (advice@adamfayed.com) o WhatsApp (+44-7393-450-837).<\/p>\n\n\n\n<p>Esta p\u00e1gina tratar\u00e1:<\/p>\n\n\n\n<ul class=\"wp-block-list\">\n<li>Encontrar las mejores empresas de asesoramiento financiero\n<ul class=\"wp-block-list\">\n<li>Factores clave para encontrar asesores financieros<\/li>\n<\/ul>\n<\/li>\n\n\n\n<li>Las mejores empresas de asesoramiento financiero<\/li>\n\n\n\n<li>Coste del asesor financiero<\/li>\n<\/ul>\n\n\n\n<p><\/p>\n\n\n\n<h2 class=\"wp-block-heading\">Encontrar las mejores empresas de asesoramiento financiero<\/h2>\n\n\n\n<p><a href=\"https:\/\/adamfayed.com\/es\/financial-planning\/expat-financial-advisor\/financial-advisor-companies\/\">Empresas de asesoramiento financiero<\/a>, conocidas tambi\u00e9n como empresas de asesoramiento o empresas de gesti\u00f3n de patrimonios, ofrecen a los clientes toda una gama de servicios financieros, como gesti\u00f3n de inversiones, planificaci\u00f3n de la jubilaci\u00f3n, planificaci\u00f3n fiscal, planificaci\u00f3n patrimonial y orientaci\u00f3n financiera general.<\/p>\n\n\n\n<figure class=\"wp-block-image alignleft size-medium\"><img fetchpriority=\"high\" decoding=\"async\" width=\"300\" height=\"200\" src=\"https:\/\/adamfayed.com\/wp-content\/uploads\/2024\/02\/wroth2-300x200.jpg\" alt=\"Financial advisor companies, also known as advisory firms or wealth management firms, offer a range of financial services to clients, including investment management, retirement planning, tax planning, estate planning, and overall financial guidance.\" class=\"wp-image-81849\" srcset=\"https:\/\/adamfayed.com\/wp-content\/uploads\/2024\/02\/wroth2-300x200.jpg 300w, https:\/\/adamfayed.com\/wp-content\/uploads\/2024\/02\/wroth2-512x342.jpg 512w, https:\/\/adamfayed.com\/wp-content\/uploads\/2024\/02\/wroth2.jpg 640w\" sizes=\"(max-width: 300px) 100vw, 300px\" \/><\/figure>\n\n\n\n<p>Estos <a href=\"https:\/\/www.investor.gov\/introduction-investing\/getting-started\/working-investment-professional\/investment-advisers-0\" target=\"_blank\" rel=\"noopener\">empresas<\/a> emplean asesores financieros que son profesionales expertos en diversos aspectos de las finanzas y la inversi\u00f3n.<\/p>\n\n\n\n<h3 class=\"wp-block-heading\">Factores clave para encontrar asesores financieros<\/h3>\n\n\n\n<ul class=\"wp-block-list\">\n<li><strong>Servicios ofrecidos<\/strong>: Eval\u00fae la gama de servicios que ofrece la empresa de asesoramiento financiero para asegurarse de que se ajustan a sus objetivos y requisitos financieros espec\u00edficos.<\/li>\n\n\n\n<li><strong>Reputaci\u00f3n y trayectoria<\/strong>: Investigue la reputaci\u00f3n de la empresa, los testimonios de los clientes y su historial para calibrar su fiabilidad y rendimiento.<\/li>\n\n\n\n<li><strong>Credenciales y experiencia:<\/strong> Verifique las credenciales, certificaciones y experiencia de los asesores financieros empleados por la empresa para asegurarse de que poseen la <a href=\"https:\/\/www.cfp.net\/\" target=\"_blank\" rel=\"noopener\">cualificaciones necesarias<\/a> para orientar sus decisiones financieras.<\/li>\n\n\n\n<li><strong>Estructura y transparencia de las tasas<\/strong>: Comprender la estructura de honorarios de la empresa, incluidos los costes ocultos, y garantizar la transparencia de las operaciones financieras.<\/li>\n<\/ul>\n\n\n\n<p><\/p>\n\n\n\n<p>La transparencia es un aspecto crucial a la hora de seleccionar una empresa de asesoramiento financiero, ya que influye directamente en la confianza que los clientes depositan en ella.<\/p>\n\n\n\n<p>Una empresa de asesoramiento financiero transparente comunica abiertamente su estructura de comisiones, los riesgos de sus estrategias de inversi\u00f3n y cualquier afiliaci\u00f3n con <a href=\"https:\/\/adamfayed.com\/es\/review-articles\/capital-international-group-review\/\">proveedores de productos financieros<\/a>. Esta apertura permite a los clientes tomar decisiones con conocimiento de causa y garantiza que su asesor financiero act\u00faa en su mejor inter\u00e9s.<\/p>\n\n\n\n<p>La transparencia en las mejores empresas de asesoramiento financiero debe revelar cualquier posible conflicto de intereses, como recibir comisiones de <a href=\"https:\/\/adamfayed.com\/es\/investors-trust-sp-500-review-should-you-buy\/\">productos financieros<\/a> que recomiendan, lo que permite a los clientes evaluar la imparcialidad del asesoramiento prestado.<\/p>\n\n\n\n<h3 class=\"wp-block-heading\">Las mejores empresas de asesoramiento financiero<\/h3>\n\n\n\n<figure class=\"wp-block-image alignright size-medium\"><img decoding=\"async\" width=\"300\" height=\"223\" src=\"https:\/\/adamfayed.com\/wp-content\/uploads\/2024\/02\/worthit1-300x223.jpg\" alt=\"Transparency in the best financial advisor companies should reveal any potential conflicts of interest, such as receiving commissions from financial products they recommend, allowing clients to evaluate the impartiality of the advice provided.\" class=\"wp-image-81850\" srcset=\"https:\/\/adamfayed.com\/wp-content\/uploads\/2024\/02\/worthit1-300x223.jpg 300w, https:\/\/adamfayed.com\/wp-content\/uploads\/2024\/02\/worthit1-512x381.jpg 512w, https:\/\/adamfayed.com\/wp-content\/uploads\/2024\/02\/worthit1.jpg 640w\" sizes=\"(max-width: 300px) 100vw, 300px\" \/><\/figure>\n\n\n\n<p>Algunas de las principales empresas de asesoramiento financiero son:<\/p>\n\n\n\n<ul class=\"wp-block-list\">\n<li><strong>Vanguard Personal Advisor Services:<\/strong> Conocida por su enfoque de bajo coste y centrado en el cliente del asesoramiento financiero.<\/li>\n\n\n\n<li><strong>Charles Schwab: <\/strong>Ofrece una gama de servicios de asesoramiento con precios transparentes y un fuerte \u00e9nfasis en la educaci\u00f3n del cliente.<\/li>\n\n\n\n<li><strong>Fidelity Investments:<\/strong> Reconocida por su amplia <a href=\"https:\/\/adamfayed.com\/es\/financial-planning\/personal-financial-planning\/\">planificaci\u00f3n financiera<\/a> y servicios de gesti\u00f3n de inversiones.<\/li>\n\n\n\n<li><strong>Facet<\/strong>: Destaca por su singular estructura de honorarios, que cobra una tarifa plana basada en la complejidad de la situaci\u00f3n financiera del cliente, y ofrece asesoramiento de un planificador financiero certificado que act\u00faa como fiduciario.<\/li>\n\n\n\n<li><strong>Edward Jones:<\/strong> Proporciona una experiencia de asesor financiero tradicional, ofreciendo diversos servicios, como planificaci\u00f3n de la jubilaci\u00f3n, ahorro para la educaci\u00f3n, planificaci\u00f3n patrimonial y seguros.<\/li>\n<\/ul>\n\n\n\n<p><\/p>\n\n\n\n<h2 class=\"wp-block-heading\">Coste del asesor financiero<\/h2>\n\n\n\n<p>El coste de contratar a una empresa de asesoramiento financiero puede variar en funci\u00f3n de m\u00faltiples factores, como el alcance de los servicios, los activos gestionados y la estructura de comisiones. Las estructuras de honorarios m\u00e1s habituales son:<\/p>\n\n\n\n<ul class=\"wp-block-list\">\n<li><strong>Porcentaje de activos gestionados (AUM):<\/strong> Muchas empresas de asesoramiento financiero cobran un porcentaje del total de activos que gestionan en nombre del cliente. Esto puede oscilar entre 0,5% y 2% o m\u00e1s, dependiendo de la empresa y del nivel de activos gestionados.<\/li>\n\n\n\n<li><strong>Tarifas por hora o fijas: <\/strong>Algunos asesores cobran una tarifa por hora o una cantidad fija por servicios espec\u00edficos, como la planificaci\u00f3n financiera o la consulta.<\/li>\n\n\n\n<li><strong>A comisi\u00f3n: <\/strong>Algunos asesores pueden cobrar comisiones por los productos financieros que venden a sus clientes, lo que puede dar lugar a conflictos de intereses.<\/li>\n<\/ul>\n\n\n\n<p><\/p>\n\n\n\n<p><strong>\u00bfLe duele la indecisi\u00f3n financiera? <\/strong><\/p>\n\n\n\n<figure class=\"wp-block-image size-large is-resized\"><img decoding=\"async\" width=\"512\" height=\"288\" src=\"https:\/\/adamfayed.com\/wp-content\/uploads\/2025\/03\/Adam-Fayed-Contact_CTA3-512x288.jpg\" alt=\"\" class=\"wp-image-117505\" style=\"width:683px;height:auto\" srcset=\"https:\/\/adamfayed.com\/wp-content\/uploads\/2025\/03\/Adam-Fayed-Contact_CTA3-512x288.jpg 512w, https:\/\/adamfayed.com\/wp-content\/uploads\/2025\/03\/Adam-Fayed-Contact_CTA3-300x169.jpg 300w, https:\/\/adamfayed.com\/wp-content\/uploads\/2025\/03\/Adam-Fayed-Contact_CTA3-768x432.jpg 768w, https:\/\/adamfayed.com\/wp-content\/uploads\/2025\/03\/Adam-Fayed-Contact_CTA3-scaled.jpg 825w\" sizes=\"(max-width: 512px) 100vw, 512px\" \/><\/figure>\n\n\n\n<div style=\"height:10px\" aria-hidden=\"true\" class=\"wp-block-spacer\"><\/div>\n\n\n\n<div class=\"wp-block-buttons is-layout-flex wp-block-buttons-is-layout-flex\">\n<div class=\"wp-block-button\"><a class=\"wp-block-button__link wp-element-button\" href=\"https:\/\/adamfayed.com\/es\/become-adams-client\/\">Convi\u00e9rtase en mi cliente<\/a><\/div>\n\n\n\n<div class=\"wp-block-button\"><a class=\"wp-block-button__link wp-element-button\" href=\"https:\/\/adamfayed.com\/es\/good-match-quiz\/\" target=\"_blank\" rel=\"noreferrer noopener\">Realice el cuestionario de elegibilidad de clientes<\/a><\/div>\n\n\n\n<div class=\"wp-block-button\"><a class=\"wp-block-button__link wp-element-button\" href=\"https:\/\/adamfayed.com\/es\/contact\/\" target=\"_blank\" rel=\"noreferrer noopener\">P\u00f3ngase en contacto con<\/a><\/div>\n<\/div>\n\n\n\n<p><strong>Adam es un autor reconocido internacionalmente en temas financieros, con m\u00e1s de 830 millones de respuestas en Quora, un libro muy vendido en Amazon y colaborador de Forbes.<\/strong><\/p>","protected":false},"excerpt":{"rendered":"<p>Sitemap: Expat Financial advisor &gt; Financial advisor companies Individuals and businesses often seek the guidance and expertise of financial advisor companies to help them navigate investment decisions, retirement planning, wealth management, and other financial matters. If you are looking to invest as an expat or high-net-worth individual, which is what I specialize in, you can [&hellip;]<\/p>\n","protected":false},"author":16,"featured_media":81848,"parent":58269,"menu_order":0,"comment_status":"closed","ping_status":"closed","template":"","meta":{"rop_custom_images_group":[],"rop_custom_messages_group":[],"rop_publish_now":"initial","rop_publish_now_accounts":{"facebook_10166176115445471_100883565069113":""},"rop_publish_now_history":[],"rop_publish_now_status":"pending","footnotes":""},"class_list":["post-81846","page","type-page","status-publish","has-post-thumbnail","hentry"],"_links":{"self":[{"href":"https:\/\/adamfayed.com\/es\/wp-json\/wp\/v2\/pages\/81846","targetHints":{"allow":["GET"]}}],"collection":[{"href":"https:\/\/adamfayed.com\/es\/wp-json\/wp\/v2\/pages"}],"about":[{"href":"https:\/\/adamfayed.com\/es\/wp-json\/wp\/v2\/types\/page"}],"author":[{"embeddable":true,"href":"https:\/\/adamfayed.com\/es\/wp-json\/wp\/v2\/users\/16"}],"replies":[{"embeddable":true,"href":"https:\/\/adamfayed.com\/es\/wp-json\/wp\/v2\/comments?post=81846"}],"version-history":[{"count":3,"href":"https:\/\/adamfayed.com\/es\/wp-json\/wp\/v2\/pages\/81846\/revisions"}],"predecessor-version":[{"id":81915,"href":"https:\/\/adamfayed.com\/es\/wp-json\/wp\/v2\/pages\/81846\/revisions\/81915"}],"up":[{"embeddable":true,"href":"https:\/\/adamfayed.com\/es\/wp-json\/wp\/v2\/pages\/58269"}],"wp:featuredmedia":[{"embeddable":true,"href":"https:\/\/adamfayed.com\/es\/wp-json\/wp\/v2\/media\/81848"}],"wp:attachment":[{"href":"https:\/\/adamfayed.com\/es\/wp-json\/wp\/v2\/media?parent=81846"}],"curies":[{"name":"wp","href":"https:\/\/api.w.org\/{rel}","templated":true}]}}