{"id":82185,"date":"2024-03-04T08:25:30","date_gmt":"2024-03-04T08:25:30","guid":{"rendered":"https:\/\/adamfayed.com\/?page_id=82185"},"modified":"2025-05-08T08:14:22","modified_gmt":"2025-05-08T08:14:22","slug":"offshore-business-bank-account","status":"publish","type":"page","link":"https:\/\/adamfayed.com\/es\/offshore-investment\/offshore-banking\/offshore-business-bank-account\/","title":{"rendered":"Apertura de cuenta bancaria comercial offshore a distancia"},"content":{"rendered":"<p>Tener una cuenta offshore significa realizar operaciones financieras con una instituci\u00f3n situada m\u00e1s all\u00e1 de las fronteras del pa\u00eds de origen.<\/p>\n\n\n\n<p>Aunque la atenci\u00f3n se centra a menudo en las ventajas fiscales y la salvaguardia de los activos, los particulares y las empresas abren cuentas bancarias extraterritoriales para:<\/p>\n\n\n\n<ul class=\"wp-block-list\">\n<li>Tipos de inter\u00e9s atractivos<\/li>\n\n\n\n<li>Mayor protecci\u00f3n de la intimidad<\/li>\n\n\n\n<li>Opciones para diversificar los activos<\/li>\n<\/ul>\n\n\n\n<p><\/p>\n\n\n\n<p>Cabe destacar que una cuenta extraterritorial funciona bajo <a href=\"https:\/\/adamfayed.com\/es\/financial-planning\/offshore-investment\/offshore-banking\/\" target=\"_blank\" rel=\"noreferrer noopener\">banca extraterritorial<\/a> licencias, garantizando un cierto grado de confidencialidad.<\/p>\n\n\n\n<p>Estas instituciones financieras no suelen revelar los datos de sus clientes a las autoridades locales, lo que ofrece un nivel adicional de privacidad y protecci\u00f3n.<\/p>\n\n\n\n<p>Si desea invertir como expatriado o particular con un alto patrimonio neto, que es en lo que estoy especializado, puede enviarme un correo electr\u00f3nico (advice@adamfayed.com) o utilizar WhatsApp (+44-7393-450-837).<\/p>\n\n\n\n<div style=\"height:22px\" aria-hidden=\"true\" class=\"wp-block-spacer\"><\/div>\n\n\n\n<h2 class=\"wp-block-heading\"><strong>Cuenta bancaria comercial offshore<\/strong><\/h2>\n\n\n\n<div class=\"wp-block-group is-layout-constrained wp-block-group-is-layout-constrained\">\n<figure class=\"wp-block-image alignright size-medium is-resized\"><img fetchpriority=\"high\" decoding=\"async\" width=\"300\" height=\"300\" src=\"https:\/\/adamfayed.com\/wp-content\/uploads\/2024\/03\/What-is-Business-Bank-300x300.webp\" alt=\"Offshore Business Bank Account\" class=\"wp-image-82190\" style=\"width:256px;height:auto\" srcset=\"https:\/\/adamfayed.com\/wp-content\/uploads\/2024\/03\/What-is-Business-Bank-300x300.webp 300w, https:\/\/adamfayed.com\/wp-content\/uploads\/2024\/03\/What-is-Business-Bank-512x512.webp 512w, https:\/\/adamfayed.com\/wp-content\/uploads\/2024\/03\/What-is-Business-Bank-150x150.webp 150w, https:\/\/adamfayed.com\/wp-content\/uploads\/2024\/03\/What-is-Business-Bank-768x768.webp 768w, https:\/\/adamfayed.com\/wp-content\/uploads\/2024\/03\/What-is-Business-Bank-scaled.webp 825w\" sizes=\"(max-width: 300px) 100vw, 300px\" \/><\/figure>\n<\/div>\n\n\n\n<p><\/p>\n\n\n\n<h3 class=\"wp-block-heading\">\u00bfQu\u00e9 es el Banco de Negocios?<\/h3>\n\n\n\n<p>Un banco de negocios, o banco comercial, atiende las necesidades financieras de las empresas ofreci\u00e9ndoles servicios como pr\u00e9stamos, cuentas comerciales, tarjetas de cr\u00e9dito y gesti\u00f3n de tesorer\u00eda.<\/p>\n\n\n\n<p>Especializados en apoyar las operaciones cotidianas, la expansi\u00f3n y las transacciones financieras complejas, estos bancos tambi\u00e9n prestan servicios como el procesamiento de n\u00f3minas y la financiaci\u00f3n del comercio.<\/p>\n\n\n\n<p>Desempe\u00f1an un papel vital a la hora de facilitar el crecimiento econ\u00f3mico y la estabilidad de empresas de todos los tama\u00f1os.<\/p>\n\n\n\n<div style=\"height:22px\" aria-hidden=\"true\" class=\"wp-block-spacer\"><\/div>\n\n\n\n<h3 class=\"wp-block-heading\">\u00bfQu\u00e9 es una cuenta bancaria comercial offshore?<\/h3>\n\n\n\n<p>Una cuenta bancaria comercial offshore o cuenta bancaria comercial en el extranjero es una cuenta offshore para empresas.<\/p>\n\n\n\n<p>En palabras sencillas, <a href=\"https:\/\/globalbanks.com\/offshore-business-bank-account\/\" target=\"_blank\" rel=\"noreferrer noopener\">una cuenta bancaria comercial offshore<\/a> est\u00e1 hecha a medida para las empresas y comparte similitudes con una cuenta bancaria offshore est\u00e1ndar.<\/p>\n\n\n\n<p>Al abrir una cuenta bancaria de negocios offshore, centrarse en factores cruciales como:<\/p>\n\n\n\n<ul class=\"wp-block-list\">\n<li>Definir las prestaciones<\/li>\n\n\n\n<li>Evaluaci\u00f3n de las limitaciones empresariales<\/li>\n\n\n\n<li>Elegir pa\u00edses viables<\/li>\n\n\n\n<li>Localizaci\u00f3n de bancos afines a su sector<\/li>\n<\/ul>\n\n\n\n<p><\/p>\n\n\n\n<p>Apresurarse a presentar solicitudes sin considerarlas detenidamente puede dar lugar a rechazos y obstaculizar futuras aperturas.<\/p>\n\n\n\n<p>Una cuenta bancaria comercial offshore ofrece ventajas como el acceso a varias divisas, tipos de cambio m\u00e1s bajos y tipos de inter\u00e9s competitivos.<\/p>\n\n\n\n<p>A pesar de las ventajas, los retos incluyen encontrar bancos que las acepten, comprender las experiencias de apertura de cuentas, cumplir los requisitos y gestionar las comisiones.<\/p>\n\n\n\n<p>Elegir el pa\u00eds y el banco adecuados es clave para una experiencia bancaria empresarial offshore sin problemas, beneficiando a las empresas internacionales.<\/p>\n\n\n\n<p>Las peque\u00f1as empresas pueden no necesitar cuentas bancarias offshore en l\u00ednea si una cuenta nacional es suficiente.<\/p>\n\n\n\n<div style=\"height:22px\" aria-hidden=\"true\" class=\"wp-block-spacer\"><\/div>\n\n\n\n<h2 class=\"wp-block-heading\"><strong>\u00bfQu\u00e9 banco es el mejor para cuentas comerciales offshore?<\/strong><\/h2>\n\n\n\n<p><\/p>\n\n\n\n<h3 class=\"wp-block-heading\">Mejor cuenta bancaria comercial offshore con apertura de cuenta a distancia<\/h3>\n\n\n\n<div class=\"wp-block-group is-layout-constrained wp-block-group-is-layout-constrained\">\n<figure class=\"wp-block-image alignright size-medium\"><img decoding=\"async\" width=\"300\" height=\"200\" src=\"https:\/\/adamfayed.com\/wp-content\/uploads\/2024\/03\/image-9-300x200.png\" alt=\"Best bank for Business Accounts Offshore\" class=\"wp-image-82187\" srcset=\"https:\/\/adamfayed.com\/wp-content\/uploads\/2024\/03\/image-9-300x200.png 300w, https:\/\/adamfayed.com\/wp-content\/uploads\/2024\/03\/image-9-512x341.png 512w, https:\/\/adamfayed.com\/wp-content\/uploads\/2024\/03\/image-9.png 602w\" sizes=\"(max-width: 300px) 100vw, 300px\" \/><\/figure>\n<\/div>\n\n\n\n<p><a href=\"https:\/\/www.dukascopy.bank\/swiss\/business\/\" target=\"_blank\" rel=\"noreferrer noopener\">Banco Dukascopy<\/a> en Suiza es una de las mejores cuentas bancarias para empresas que pueden abrirse a distancia.<\/p>\n\n\n\n<p>Ofrece las siguientes prestaciones con sus servicios de banca corporativa e institucional:<\/p>\n\n\n\n<ul class=\"wp-block-list\">\n<li>Soporte para 22 divisas, incluidos EUR, CHF y 20 m\u00e1s.<\/li>\n\n\n\n<li>SEPA, SIX y SWIFT para transferencias de bajo coste.<\/li>\n\n\n\n<li>Obtenga tarjetas en EUR, USD, CHF y GBP para un gasto flexible.<\/li>\n\n\n\n<li>Cree varias cuentas en una moneda para organizar su presupuesto.<\/li>\n\n\n\n<li>Utilice las API para automatizar los pagos, los pagos masivos y la gesti\u00f3n de cuentas.<\/li>\n\n\n\n<li>Disponga de un gestor dedicado a ayudarle.<\/li>\n<\/ul>\n\n\n\n<div style=\"height:22px\" aria-hidden=\"true\" class=\"wp-block-spacer\"><\/div>\n\n\n\n<h3 class=\"wp-block-heading\">Neobancos y FinTechs<\/h3>\n\n\n\n<p>Algunos otros bancos tradicionales ofrecen servicios de banca de negocios offshore como algunos bancos en Singapur o bancos como CIM en Suiza.<\/p>\n\n\n\n<p>Puede abrir cuentas bancarias empresariales a distancia con las modernas FinTechs &amp; Neo-Banks, evitando los lentos bancos tradicionales a pesar de sus opciones online.<\/p>\n\n\n\n<p>Algunas de las mejores opciones son:<\/p>\n\n\n\n<ul class=\"wp-block-list\">\n<li>Revolut Empresas<\/li>\n\n\n\n<li>Payoneer<\/li>\n\n\n\n<li>Wise Business<\/li>\n\n\n\n<li>N26<\/li>\n\n\n\n<li>Payset<\/li>\n<\/ul>\n\n\n\n<p><\/p>\n\n\n\n<p><strong>\u00bfLe duele la indecisi\u00f3n financiera? <\/strong><\/p>\n\n\n\n<figure class=\"wp-block-image size-large is-resized\"><img decoding=\"async\" width=\"512\" height=\"288\" src=\"https:\/\/adamfayed.com\/wp-content\/uploads\/2025\/03\/Adam-Fayed-Contact_CTA3-512x288.jpg\" alt=\"\" class=\"wp-image-117505\" style=\"width:683px;height:auto\" srcset=\"https:\/\/adamfayed.com\/wp-content\/uploads\/2025\/03\/Adam-Fayed-Contact_CTA3-512x288.jpg 512w, https:\/\/adamfayed.com\/wp-content\/uploads\/2025\/03\/Adam-Fayed-Contact_CTA3-300x169.jpg 300w, https:\/\/adamfayed.com\/wp-content\/uploads\/2025\/03\/Adam-Fayed-Contact_CTA3-768x432.jpg 768w, https:\/\/adamfayed.com\/wp-content\/uploads\/2025\/03\/Adam-Fayed-Contact_CTA3-scaled.jpg 825w\" sizes=\"(max-width: 512px) 100vw, 512px\" \/><\/figure>\n\n\n\n<div style=\"height:10px\" aria-hidden=\"true\" class=\"wp-block-spacer\"><\/div>\n\n\n\n<div class=\"wp-block-buttons is-layout-flex wp-block-buttons-is-layout-flex\">\n<div class=\"wp-block-button\"><a class=\"wp-block-button__link wp-element-button\" href=\"https:\/\/adamfayed.com\/es\/become-adams-client\/\">Convi\u00e9rtase en mi cliente<\/a><\/div>\n\n\n\n<div class=\"wp-block-button\"><a class=\"wp-block-button__link wp-element-button\" href=\"https:\/\/adamfayed.com\/es\/good-match-quiz\/\" target=\"_blank\" rel=\"noreferrer noopener\">Realice el cuestionario de elegibilidad de clientes<\/a><\/div>\n\n\n\n<div class=\"wp-block-button\"><a class=\"wp-block-button__link wp-element-button\" href=\"https:\/\/adamfayed.com\/es\/contact\/\" target=\"_blank\" rel=\"noreferrer noopener\">P\u00f3ngase en contacto con<\/a><\/div>\n<\/div>\n\n\n\n<p><strong>Adam es un autor reconocido internacionalmente en temas financieros, con m\u00e1s de 830 millones de respuestas en Quora, un libro muy vendido en Amazon y colaborador de Forbes.<\/strong><\/p>","protected":false},"excerpt":{"rendered":"<p>Having an offshore account means carrying out financial dealings with an institution situated beyond the borders of one&#8217;s native country. While the spotlight often falls on tax advantages and safeguarding assets, individuals and enterprises open offshore bank account for: Significantly, an offshore account functions under offshore banking licenses, guaranteeing a certain degree of confidentiality. These [&hellip;]<\/p>","protected":false},"author":14,"featured_media":82189,"parent":81072,"menu_order":0,"comment_status":"open","ping_status":"closed","template":"","meta":{"rop_custom_images_group":[],"rop_custom_messages_group":[],"rop_publish_now":"initial","rop_publish_now_accounts":{"facebook_10166176115445471_100883565069113":""},"rop_publish_now_history":[],"rop_publish_now_status":"pending","footnotes":""},"class_list":["post-82185","page","type-page","status-publish","has-post-thumbnail","hentry"],"_links":{"self":[{"href":"https:\/\/adamfayed.com\/es\/wp-json\/wp\/v2\/pages\/82185","targetHints":{"allow":["GET"]}}],"collection":[{"href":"https:\/\/adamfayed.com\/es\/wp-json\/wp\/v2\/pages"}],"about":[{"href":"https:\/\/adamfayed.com\/es\/wp-json\/wp\/v2\/types\/page"}],"author":[{"embeddable":true,"href":"https:\/\/adamfayed.com\/es\/wp-json\/wp\/v2\/users\/14"}],"replies":[{"embeddable":true,"href":"https:\/\/adamfayed.com\/es\/wp-json\/wp\/v2\/comments?post=82185"}],"version-history":[{"count":2,"href":"https:\/\/adamfayed.com\/es\/wp-json\/wp\/v2\/pages\/82185\/revisions"}],"predecessor-version":[{"id":149378,"href":"https:\/\/adamfayed.com\/es\/wp-json\/wp\/v2\/pages\/82185\/revisions\/149378"}],"up":[{"embeddable":true,"href":"https:\/\/adamfayed.com\/es\/wp-json\/wp\/v2\/pages\/81072"}],"wp:featuredmedia":[{"embeddable":true,"href":"https:\/\/adamfayed.com\/es\/wp-json\/wp\/v2\/media\/82189"}],"wp:attachment":[{"href":"https:\/\/adamfayed.com\/es\/wp-json\/wp\/v2\/media?parent=82185"}],"curies":[{"name":"wp","href":"https:\/\/api.w.org\/{rel}","templated":true}]}}