{"id":82259,"date":"2024-03-04T12:40:44","date_gmt":"2024-03-04T12:40:44","guid":{"rendered":"https:\/\/adamfayed.com\/?page_id=82259"},"modified":"2025-12-05T02:40:03","modified_gmt":"2025-12-05T02:40:03","slug":"retirement-income-strategies","status":"publish","type":"page","link":"https:\/\/adamfayed.com\/es\/financial-planning\/personal-financial-planning\/the-retirement-plan-guide\/retirement-income-strategies\/","title":{"rendered":"Estrategias de ingresos para la jubilaci\u00f3n"},"content":{"rendered":"<p>A continuaci\u00f3n se describen algunas estrategias de inversi\u00f3n para obtener ingresos en la jubilaci\u00f3n, conocidas por ayudar a las personas a invertir para obtener ingresos en la jubilaci\u00f3n.<\/p>\n\n\n\n<p>En esta p\u00e1gina se hablar\u00e1 de:<\/p>\n\n\n\n<ul class=\"wp-block-list\">\n<li>Mejores estrategias de ingresos para la jubilaci\u00f3n\n<ul class=\"wp-block-list\">\n<li>Estrategia del cubo<\/li>\n\n\n\n<li>Retiradas sistem\u00e1ticas<\/li>\n\n\n\n<li>Anualidades<\/li>\n\n\n\n<li>Maximizar la Seguridad Social<\/li>\n\n\n\n<li>Ganar dinero durante la jubilaci\u00f3n<\/li>\n\n\n\n<li>Eficacia fiscal<\/li>\n\n\n\n<li>Cuenta de ahorro sanitario<\/li>\n\n\n\n<li>Reducci\u00f3n de plantilla<\/li>\n<\/ul>\n<\/li>\n\n\n\n<li>La mejor inversi\u00f3n para obtener ingresos durante la jubilaci\u00f3n<\/li>\n<\/ul>\n\n\n\n<div style=\"height:29px\" aria-hidden=\"true\" class=\"wp-block-spacer\"><\/div>\n\n\n\n<figure class=\"wp-block-image alignright size-medium is-resized\"><img fetchpriority=\"high\" decoding=\"async\" width=\"300\" height=\"225\" src=\"https:\/\/adamfayed.com\/wp-content\/uploads\/2024\/03\/image-18-300x225.png\" alt=\"Retirement Income Strategies\" class=\"wp-image-82264\" style=\"width:263px;height:auto\" srcset=\"https:\/\/adamfayed.com\/wp-content\/uploads\/2024\/03\/image-18-300x225.png 300w, https:\/\/adamfayed.com\/wp-content\/uploads\/2024\/03\/image-18-512x384.png 512w, https:\/\/adamfayed.com\/wp-content\/uploads\/2024\/03\/image-18.png 602w\" sizes=\"(max-width: 300px) 100vw, 300px\" \/><\/figure>\n\n\n\n<h2 class=\"wp-block-heading\"><strong>Mejores estrategias de ingresos para la jubilaci\u00f3n<\/strong><\/h2>\n\n\n\n<p>Si desea invertir como expatriado o particular con un elevado patrimonio neto, que es en lo que estoy especializado, puede enviarme un correo electr\u00f3nico (advice@adamfayed.com) o WhatsApp (+44-7393-450-837).<\/p>\n\n\n\n<p>A continuaci\u00f3n se presentan ocho estrategias habituales de inversi\u00f3n para la jubilaci\u00f3n que se adaptan a las necesidades de la mayor\u00eda de los tipos de particulares.<\/p>\n\n\n\n<div style=\"height:20px\" aria-hidden=\"true\" class=\"wp-block-spacer\"><\/div>\n\n\n\n<h3 class=\"wp-block-heading\">Estrategia del cubo<\/h3>\n\n\n\n<p>La estrategia del cubo divide sus ahorros para la jubilaci\u00f3n en tres partes en funci\u00f3n de cu\u00e1ndo los vaya a necesitar.<\/p>\n\n\n\n<p>El primer cubo es para emergencias y gastos a corto plazo, guardado en un <a href=\"https:\/\/adamfayed.com\/es\/review-articles\/zurich-international-vista-savings-plan-review\/\">cuenta de ahorro<\/a>.<\/p>\n\n\n\n<p>El segundo cubo es para gastos en los pr\u00f3ximos tres a 10 a\u00f1os, invertido en opciones m\u00e1s seguras. La tercera, para las necesidades a largo plazo, incluye <a href=\"https:\/\/adamfayed.com\/es\/investment-options\/what-are-stocks\/\">inversiones en acciones<\/a>.<\/p>\n\n\n\n<p>El primer cubo se reabastece del segundo a medida que se necesita.<\/p>\n\n\n\n<div style=\"height:20px\" aria-hidden=\"true\" class=\"wp-block-spacer\"><\/div>\n\n\n\n<h3 class=\"wp-block-heading\">Retiradas sistem\u00e1ticas<\/h3>\n\n\n\n<p>En el enfoque de retirada sistem\u00e1tica, usted retira anualmente un porcentaje de sus ahorros para la jubilaci\u00f3n, ajust\u00e1ndolo a la inflaci\u00f3n.<\/p>\n\n\n\n<p>La norma 4% sugiere limitar las retiradas, pero tiene limitaciones.<\/p>\n\n\n\n<p>Su porcentaje de retirada puede variar en funci\u00f3n de la rentabilidad de la inversi\u00f3n. <\/p>\n\n\n\n<div style=\"height:20px\" aria-hidden=\"true\" class=\"wp-block-spacer\"><\/div>\n\n\n\n<h3 class=\"wp-block-heading\">Anualidades<\/h3>\n\n\n\n<p>Una renta vitalicia consiste en pagar un <a href=\"https:\/\/adamfayed.com\/es\/regency-for-expats-review-2023\/\">compa\u00f1\u00eda de seguros<\/a> para unos ingresos mensuales garantizados. Las rentas vitalicias inmediatas inician los pagos de inmediato, mientras que las rentas vitalicias diferidas retrasan los pagos.<\/p>\n\n\n\n<p>Sin embargo, las rentas vitalicias pueden tener comisiones elevadas, rendimientos m\u00e1s bajos y una flexibilidad limitada. Considere detenidamente estos factores.<\/p>\n\n\n\n<div style=\"height:20px\" aria-hidden=\"true\" class=\"wp-block-spacer\"><\/div>\n\n\n\n<h3 class=\"wp-block-heading\">Maximizar la Seguridad Social<\/h3>\n\n\n\n<p>La Seguridad Social ofrece unos ingresos de jubilaci\u00f3n garantizados, en los que influyen sus ingresos y el momento en que comienza a percibir prestaciones.<\/p>\n\n\n\n<p>Empezar pronto reduce las prestaciones por cheque, mientras que retrasarlas aumenta las prestaciones vitalicias. Elija en funci\u00f3n de su esperanza de vida.<\/p>\n\n\n\n<div style=\"height:20px\" aria-hidden=\"true\" class=\"wp-block-spacer\"><\/div>\n\n\n\n<h3 class=\"wp-block-heading\">Ganar dinero durante la jubilaci\u00f3n<\/h3>\n\n\n\n<p>Trabajar a tiempo parcial o buscar fuentes de ingresos alternativas puede complementar los ahorros para la jubilaci\u00f3n. Ten en cuenta las implicaciones fiscales y reserva fondos para impuestos si tus ingresos no son estables.<\/p>\n\n\n\n<div style=\"height:20px\" aria-hidden=\"true\" class=\"wp-block-spacer\"><\/div>\n\n\n\n<figure class=\"wp-block-image alignright size-medium is-resized\"><img decoding=\"async\" width=\"300\" height=\"200\" src=\"https:\/\/adamfayed.com\/wp-content\/uploads\/2024\/03\/image-17-300x200.png\" alt=\"retirement income tax\" class=\"wp-image-82263\" style=\"width:215px;height:auto\" srcset=\"https:\/\/adamfayed.com\/wp-content\/uploads\/2024\/03\/image-17-300x200.png 300w, https:\/\/adamfayed.com\/wp-content\/uploads\/2024\/03\/image-17-512x341.png 512w, https:\/\/adamfayed.com\/wp-content\/uploads\/2024\/03\/image-17.png 602w\" sizes=\"(max-width: 300px) 100vw, 300px\" \/><\/figure>\n\n\n\n<h3 class=\"wp-block-heading\">Eficiencia fiscal<\/h3>\n\n\n\n<p>Comprenda c\u00f3mo se gravan los distintos ahorros. Los impuestos sobre la renta ordinarios se aplican a las distribuciones de jubilaci\u00f3n con diferimiento fiscal. Las cuentas individuales de jubilaci\u00f3n ofrecen retiros libres de impuestos.<\/p>\n\n\n\n<p>Gestione los impuestos teniendo en cuenta su tramo impositivo, y opte por un <a href=\"https:\/\/adamfayed.com\/es\/financial-planning\/personal-financial-planning\/the-retirement-plan-guide\/\">plan de jubilaci\u00f3n<\/a> que se adapte a sus necesidades sin incurrir en impuestos adicionales.<\/p>\n\n\n\n<div style=\"height:20px\" aria-hidden=\"true\" class=\"wp-block-spacer\"><\/div>\n\n\n\n<h3 class=\"wp-block-heading\">Cuenta de ahorro sanitario (HSA)<\/h3>\n\n\n\n<p>Las HSA, que en algunos pa\u00edses pueden denominarse cuentas de ahorro m\u00e9dico, cubren los gastos m\u00e9dicos y pueden utilizarse para gastos no m\u00e9dicos despu\u00e9s de los 65 a\u00f1os.<\/p>\n\n\n\n<p>Las cotizaciones dependen de los planes de salud con franquicia elevada. <\/p>\n\n\n\n<div style=\"height:20px\" aria-hidden=\"true\" class=\"wp-block-spacer\"><\/div>\n\n\n\n<h3 class=\"wp-block-heading\">Reducci\u00f3n de plantilla<\/h3>\n\n\n\n<p>Reducir el tama\u00f1o y mudarse a una casa m\u00e1s peque\u00f1a o a una zona m\u00e1s asequible puede reducir los gastos de manutenci\u00f3n y ampliar el ahorro.<\/p>\n\n\n\n<p>Alquilar espacio extra es una opci\u00f3n. <\/p>\n\n\n\n<div style=\"height:29px\" aria-hidden=\"true\" class=\"wp-block-spacer\"><\/div>\n\n\n\n<h2 class=\"wp-block-heading\"><strong>La mejor inversi\u00f3n para la jubilaci\u00f3n<\/strong><\/h2>\n\n\n\n<p>En <a href=\"https:\/\/www.fidelity.com\/retirement-planning\/retirement-investment-income\" target=\"_blank\" rel=\"noopener\">mejor inversi\u00f3n para obtener ingresos en la jubilaci\u00f3n<\/a> proporcionar\u00eda algunos ingresos adicionales.<\/p>\n\n\n\n<p>Incluso es posible acceder a inversiones que pagan mensualmente.<\/p>\n\n\n\n<div style=\"height:20px\" aria-hidden=\"true\" class=\"wp-block-spacer\"><\/div>\n\n\n\n<h3 class=\"wp-block-heading\">La mejor inversi\u00f3n para obtener ingresos en la jubilaci\u00f3n con potencial de crecimiento<\/h3>\n\n\n\n<ul class=\"wp-block-list\">\n<li><a href=\"https:\/\/adamfayed.com\/es\/investment-options\/what-are-mutual-funds\/\">Fondos de inversi\u00f3n<\/a><\/li>\n\n\n\n<li><a href=\"https:\/\/adamfayed.com\/es\/investment-options\/what-are-etfs\/\">ETFs<\/a><\/li>\n<\/ul>\n\n\n\n<div style=\"height:20px\" aria-hidden=\"true\" class=\"wp-block-spacer\"><\/div>\n\n\n\n<h3 class=\"wp-block-heading\">Invertir para obtener ingresos en la jubilaci\u00f3n con pagos peri\u00f3dicos de intereses<\/h3>\n\n\n\n<ul class=\"wp-block-list\">\n<li><a href=\"https:\/\/adamfayed.com\/es\/investment-options\/what-are-bonds\/\" target=\"_blank\" rel=\"noreferrer noopener\">Bonos<\/a><\/li>\n\n\n\n<li>Certificados de dep\u00f3sito<\/li>\n\n\n\n<li><a href=\"https:\/\/adamfayed.com\/es\/investment-options\/money-market-fund\/\">Fondos del mercado monetario<\/a><\/li>\n<\/ul>\n\n\n\n<div style=\"height:20px\" aria-hidden=\"true\" class=\"wp-block-spacer\"><\/div>\n\n\n\n<h3 class=\"wp-block-heading\">Invertir con garant\u00eda en la jubilaci\u00f3n<\/h3>\n\n\n\n<ul class=\"wp-block-list\">\n<li><a href=\"https:\/\/adamfayed.com\/es\/investment-options\/annuity\/annuities-pros-and-cons\/\" data-type=\"link\" data-id=\"https:\/\/adamfayed.com\/investment-options\/annuity\/annuities-pros-and-cons\/\">Anualidades<\/a><\/li>\n<\/ul>\n\n\n\n<div style=\"height:20px\" aria-hidden=\"true\" class=\"wp-block-spacer\"><\/div>\n\n\n\n<h3 class=\"wp-block-heading\">Las mejores inversiones con remuneraci\u00f3n mensual<\/h3>\n\n\n\n<p><a href=\"https:\/\/finance.yahoo.com\/news\/8-great-investments-generate-monthly-130000894.html\" target=\"_blank\" rel=\"noopener\">Seg\u00fan Yahoo<\/a>, Algunas de las mejores inversiones que pagan mensualmente son:<\/p>\n\n\n\n<ul class=\"wp-block-list\">\n<li><a href=\"https:\/\/adamfayed.com\/es\/expats\/expat-guide\/can-i-keep-my-savings-account-if-i-move-abroad\/\" data-type=\"link\" data-id=\"https:\/\/adamfayed.com\/expats\/expat-guide\/can-i-keep-my-savings-account-if-i-move-abroad\/\">Cuentas de ahorro<\/a><\/li>\n\n\n\n<li><a href=\"https:\/\/adamfayed.com\/es\/investment-options\/certificate-of-deposit\/\" target=\"_blank\" rel=\"noreferrer noopener\">Certificados de dep\u00f3sito<\/a><\/li>\n\n\n\n<li><a href=\"https:\/\/adamfayed.com\/es\/investment-options\/stocks\/pros-and-cons-of-investing-in-dividend-stocks\/\" data-type=\"link\" data-id=\"https:\/\/adamfayed.com\/investment-options\/stocks\/pros-and-cons-of-investing-in-dividend-stocks\/\">Acciones con dividendos<\/a><\/li>\n\n\n\n<li>Bonos<\/li>\n\n\n\n<li>Anualidades<\/li>\n\n\n\n<li>Alquiler de inmuebles<\/li>\n\n\n\n<li>Fondos de inversi\u00f3n inmobiliaria<\/li>\n\n\n\n<li>Propiedad de la empresa<\/li>\n<\/ul>\n\n\n\n<p><\/p>\n\n\n\n<p><strong>\u00bfLe duele la indecisi\u00f3n financiera? <\/strong><\/p>\n\n\n\n<figure class=\"wp-block-image size-large is-resized\"><img decoding=\"async\" width=\"512\" height=\"288\" src=\"https:\/\/adamfayed.com\/wp-content\/uploads\/2025\/03\/Adam-Fayed-Contact_CTA3-512x288.jpg\" alt=\"\" class=\"wp-image-117505\" style=\"width:683px;height:auto\" srcset=\"https:\/\/adamfayed.com\/wp-content\/uploads\/2025\/03\/Adam-Fayed-Contact_CTA3-512x288.jpg 512w, https:\/\/adamfayed.com\/wp-content\/uploads\/2025\/03\/Adam-Fayed-Contact_CTA3-300x169.jpg 300w, https:\/\/adamfayed.com\/wp-content\/uploads\/2025\/03\/Adam-Fayed-Contact_CTA3-768x432.jpg 768w, https:\/\/adamfayed.com\/wp-content\/uploads\/2025\/03\/Adam-Fayed-Contact_CTA3-scaled.jpg 825w\" sizes=\"(max-width: 512px) 100vw, 512px\" \/><\/figure>\n\n\n\n<div style=\"height:10px\" aria-hidden=\"true\" class=\"wp-block-spacer\"><\/div>\n\n\n\n<div class=\"wp-block-buttons is-layout-flex wp-block-buttons-is-layout-flex\">\n<div class=\"wp-block-button\"><a class=\"wp-block-button__link wp-element-button\" href=\"https:\/\/adamfayed.com\/es\/become-adams-client\/\">Convi\u00e9rtase en mi cliente<\/a><\/div>\n\n\n\n<div class=\"wp-block-button\"><a class=\"wp-block-button__link wp-element-button\" href=\"https:\/\/adamfayed.com\/es\/good-match-quiz\/\" target=\"_blank\" rel=\"noreferrer noopener\">Realice el cuestionario de elegibilidad de clientes<\/a><\/div>\n\n\n\n<div class=\"wp-block-button\"><a class=\"wp-block-button__link wp-element-button\" href=\"https:\/\/adamfayed.com\/es\/contact\/\" target=\"_blank\" rel=\"noreferrer noopener\">P\u00f3ngase en contacto con<\/a><\/div>\n<\/div>\n\n\n\n<p><strong>Adam es un autor reconocido internacionalmente en temas financieros, con m\u00e1s de 830 millones de respuestas en Quora, un libro muy vendido en Amazon y colaborador de Forbes.<\/strong><\/p>","protected":false},"excerpt":{"rendered":"<p>Estrategias de ingresos para la jubilaci\u00f3n<\/p>","protected":false},"author":14,"featured_media":82284,"parent":68491,"menu_order":0,"comment_status":"open","ping_status":"closed","template":"","meta":{"rop_custom_images_group":[],"rop_custom_messages_group":[],"rop_publish_now":"initial","rop_publish_now_accounts":{"facebook_10166176115445471_100883565069113":""},"rop_publish_now_history":[],"rop_publish_now_status":"pending","footnotes":""},"class_list":["post-82259","page","type-page","status-publish","has-post-thumbnail","hentry"],"_links":{"self":[{"href":"https:\/\/adamfayed.com\/es\/wp-json\/wp\/v2\/pages\/82259","targetHints":{"allow":["GET"]}}],"collection":[{"href":"https:\/\/adamfayed.com\/es\/wp-json\/wp\/v2\/pages"}],"about":[{"href":"https:\/\/adamfayed.com\/es\/wp-json\/wp\/v2\/types\/page"}],"author":[{"embeddable":true,"href":"https:\/\/adamfayed.com\/es\/wp-json\/wp\/v2\/users\/14"}],"replies":[{"embeddable":true,"href":"https:\/\/adamfayed.com\/es\/wp-json\/wp\/v2\/comments?post=82259"}],"version-history":[{"count":3,"href":"https:\/\/adamfayed.com\/es\/wp-json\/wp\/v2\/pages\/82259\/revisions"}],"predecessor-version":[{"id":241058,"href":"https:\/\/adamfayed.com\/es\/wp-json\/wp\/v2\/pages\/82259\/revisions\/241058"}],"up":[{"embeddable":true,"href":"https:\/\/adamfayed.com\/es\/wp-json\/wp\/v2\/pages\/68491"}],"wp:featuredmedia":[{"embeddable":true,"href":"https:\/\/adamfayed.com\/es\/wp-json\/wp\/v2\/media\/82284"}],"wp:attachment":[{"href":"https:\/\/adamfayed.com\/es\/wp-json\/wp\/v2\/media?parent=82259"}],"curies":[{"name":"wp","href":"https:\/\/api.w.org\/{rel}","templated":true}]}}