{"id":82315,"date":"2024-03-04T15:30:45","date_gmt":"2024-03-04T15:30:45","guid":{"rendered":"https:\/\/adamfayed.com\/?page_id=82315"},"modified":"2025-12-08T14:07:01","modified_gmt":"2025-12-08T14:07:01","slug":"easiest-offshore-bank-account-to-open","status":"publish","type":"page","link":"https:\/\/adamfayed.com\/es\/offshore-investment\/offshore-banking\/easiest-offshore-bank-account-to-open\/","title":{"rendered":"\u00bfCu\u00e1l es la cuenta bancaria offshore m\u00e1s f\u00e1cil de abrir?"},"content":{"rendered":"<p>Esta p\u00e1gina hablar\u00e1 sobre la cuenta bancaria offshore m\u00e1s f\u00e1cil de abrir, especialmente para aquellos interesados en <a href=\"https:\/\/adamfayed.com\/es\/financial-planning\/offshore-investment\/offshore-banking\/\">banca extraterritorial<\/a>.<\/p>\n\n\n\n<p>Si desea invertir como expatriado o particular con un alto patrimonio neto, que es en lo que estoy especializado, puede enviarme un correo electr\u00f3nico (advice@adamfayed.com) o utilizar WhatsApp (+44-7393-450-837).<\/p>\n\n\n\n<p>Entre los temas espec\u00edficos que se tratar\u00e1n figuran:<\/p>\n\n\n\n<ul class=\"wp-block-list\">\n<li>\u00bfCu\u00e1l es la cuenta bancaria m\u00e1s f\u00e1cil de abrir para la banca offshore?\n<ul class=\"wp-block-list\">\n<li>Abrir una cuenta bancaria offshore en Georgia<\/li>\n\n\n\n<li>La cuenta bancaria m\u00e1s f\u00e1cil de abrir en Georgia <\/li>\n<\/ul>\n<\/li>\n\n\n\n<li>\u00bfD\u00f3nde est\u00e1 el <a href=\"https:\/\/adamfayed.com\/es\/financial-planning\/offshore-investment\/offshore-banking\/easiest-offshore-bank-account-to-open\/\">cuenta bancaria offshore m\u00e1s f\u00e1cil de abrir<\/a> aparte de Georgia?<\/li>\n<\/ul>\n\n\n\n<div style=\"height:30px\" aria-hidden=\"true\" class=\"wp-block-spacer\"><\/div>\n\n\n\n<h2 class=\"wp-block-heading\"><strong>\u00bfCu\u00e1l es la cuenta bancaria m\u00e1s f\u00e1cil de abrir para la banca offshore?<\/strong><\/h2>\n\n\n\n<div class=\"wp-block-group is-layout-constrained wp-block-group-is-layout-constrained\">\n<figure class=\"wp-block-image alignright size-medium is-resized\"><img fetchpriority=\"high\" decoding=\"async\" width=\"300\" height=\"300\" src=\"https:\/\/adamfayed.com\/wp-content\/uploads\/2024\/03\/Where-is-the-easiest-bank-account-to-open-for-offshore-banking-300x300.webp\" alt=\"Where is the easiest bank account to open for offshore banking\" class=\"wp-image-82317\" style=\"width:235px;height:auto\" srcset=\"https:\/\/adamfayed.com\/wp-content\/uploads\/2024\/03\/Where-is-the-easiest-bank-account-to-open-for-offshore-banking-300x300.webp 300w, https:\/\/adamfayed.com\/wp-content\/uploads\/2024\/03\/Where-is-the-easiest-bank-account-to-open-for-offshore-banking-512x512.webp 512w, https:\/\/adamfayed.com\/wp-content\/uploads\/2024\/03\/Where-is-the-easiest-bank-account-to-open-for-offshore-banking-150x150.webp 150w, https:\/\/adamfayed.com\/wp-content\/uploads\/2024\/03\/Where-is-the-easiest-bank-account-to-open-for-offshore-banking-768x768.webp 768w, https:\/\/adamfayed.com\/wp-content\/uploads\/2024\/03\/Where-is-the-easiest-bank-account-to-open-for-offshore-banking-scaled.webp 825w\" sizes=\"(max-width: 300px) 100vw, 300px\" \/><\/figure>\n<\/div>\n\n\n\n<p>La cuenta bancaria offshore m\u00e1s f\u00e1cil de abrir es en Georgia.<\/p>\n\n\n\n<p>Acceda a servicios bancarios de primera calidad en Georgia con un dep\u00f3sito m\u00ednimo de s\u00f3lo $50.000, similar al de la banca privada en lugares como Hong Kong.<\/p>\n\n\n\n<p>La banca extraterritorial en Georgia contrasta con los retos que plantean los bancos internacionales tradicionales como <a href=\"https:\/\/adamfayed.com\/es\/hsbc-expat-review-2023-a-good-solution-for-expats\/\">HSBC<\/a>.<\/p>\n\n\n\n<p>Abrir una cuenta no requiere un dep\u00f3sito m\u00ednimo, y el proceso en los principales bancos s\u00f3lo lleva diez minutos.<\/p>\n\n\n\n<p>Para los ciudadanos estadounidenses, un m\u00ednimo <a href=\"https:\/\/www.irs.gov\/\" target=\"_blank\" rel=\"noopener\">IRS<\/a> se necesita papeleo.<\/p>\n\n\n\n<p>Una vez que tenga una cuenta, abrir otras es muy sencillo.<\/p>\n\n\n\n<p>Aunque la mayor\u00eda de los bancos georgianos carecen de un proceso de apertura de cuentas a distancia, la calidad del servicio mejora despu\u00e9s de abrir una cuenta.<\/p>\n\n\n\n<p>Gestione la mayor\u00eda de las funciones de su cuenta desde casa con la refrescante sencillez de la banca electr\u00f3nica en Georgia.<\/p>\n\n\n\n<p>A diferencia de <a href=\"https:\/\/adamfayed.com\/es\/review-articles\/bank-of-singapore-review-2022-part-1-overview\/\">Singapur<\/a>, donde reina la complejidad con numerosos c\u00f3digos, PIN y n\u00fameros de acceso, Georgia da prioridad a la sencillez.<\/p>\n\n\n\n<p>Transfiera fondos sin esfuerzo entre lari georgianos, d\u00f3lares estadounidenses y euros con un solo clic.<\/p>\n\n\n\n<div style=\"height:29px\" aria-hidden=\"true\" class=\"wp-block-spacer\"><\/div>\n\n\n\n<h3 class=\"wp-block-heading\">Abrir una cuenta bancaria offshore en Georgia<\/h3>\n\n\n\n<div class=\"wp-block-group is-layout-constrained wp-block-group-is-layout-constrained\">\n<figure class=\"wp-block-image alignright size-medium\"><img decoding=\"async\" width=\"300\" height=\"184\" src=\"https:\/\/adamfayed.com\/wp-content\/uploads\/2024\/03\/image-23-300x184.png\" alt=\"Opening an offshore bank account in Georgia\" class=\"wp-image-82325\" srcset=\"https:\/\/adamfayed.com\/wp-content\/uploads\/2024\/03\/image-23-300x184.png 300w, https:\/\/adamfayed.com\/wp-content\/uploads\/2024\/03\/image-23-512x315.png 512w, https:\/\/adamfayed.com\/wp-content\/uploads\/2024\/03\/image-23.png 602w\" sizes=\"(max-width: 300px) 100vw, 300px\" \/><\/figure>\n<\/div>\n\n\n\n<p>Georgia ofrece la cuenta bancaria m\u00e1s f\u00e1cil de abrir por Internet.<\/p>\n\n\n\n<p>Cualquiera, incluidos los extranjeros, puede abrir una <a href=\"https:\/\/pbservices.ge\/blog\/how-to-open-a-bank-account-in-georgia\/\" target=\"_blank\" rel=\"noopener\">cuenta offshore en Georgia<\/a>.<\/p>\n\n\n\n<p>Los bancos georgianos han aumentado los requisitos para las personas extranjeras, con denegaciones autom\u00e1ticas para determinados pa\u00edses sometidos a sanciones internacionales.<\/p>\n\n\n\n<p>A pesar de las negativas ocasionales de ciudadanos de Rusia y Bielorrusia, en general se acepta a residentes de otros pa\u00edses.<\/p>\n\n\n\n<p>Proporcionar documentos precisos es crucial, y estar en posesi\u00f3n de un permiso de residencia en Georgia simplifica el proceso de apertura de la cuenta.<\/p>\n\n\n\n<p>Los bancos georgianos ofrecen varios tipos de cuentas, incluidas cuentas de liquidaci\u00f3n para transferencias mundiales, cuentas de dep\u00f3sito para ahorros y cuentas de tarjeta para pagos c\u00f3modos.<\/p>\n\n\n\n<p>Si est\u00e1 buscando la cuenta bancaria offshore m\u00e1s f\u00e1cil de abrir en l\u00ednea, merece la pena considerar los bancos georgianos.<\/p>\n\n\n\n<p>Abrir una cuenta bancaria en Georgia implica procedimientos sencillos que pueden completarse en aproximadamente 30 minutos con una visita personal o a trav\u00e9s de un representante.<\/p>\n\n\n\n<p>Los ciudadanos extranjeros que se convierten en residentes fiscales al residir en Georgia durante 183 d\u00edas tienen m\u00e1s posibilidades de aprobaci\u00f3n.<\/p>\n\n\n\n<p>Para abrir una cuenta a distancia, es necesario nombrar a un representante con un poder notarial y apostillado.<\/p>\n\n\n\n<p>El documento debe enviarse a Georgia, traducirse al georgiano y legalizarse ante notario, y una vez verificado con \u00e9xito, se facilitan los datos de la cuenta.<\/p>\n\n\n\n<div style=\"height:30px\" aria-hidden=\"true\" class=\"wp-block-spacer\"><\/div>\n\n\n\n<div class=\"wp-block-group is-layout-constrained wp-block-group-is-layout-constrained\">\n<figure class=\"wp-block-image alignright size-medium is-resized\"><img decoding=\"async\" width=\"300\" height=\"300\" src=\"https:\/\/adamfayed.com\/wp-content\/uploads\/2024\/03\/Easiest-Bank-Account-to-Open-in-Georgia-300x300.webp\" alt=\"Easiest Bank Account to Open in Georgia\" class=\"wp-image-82320\" style=\"width:220px;height:auto\" srcset=\"https:\/\/adamfayed.com\/wp-content\/uploads\/2024\/03\/Easiest-Bank-Account-to-Open-in-Georgia-300x300.webp 300w, https:\/\/adamfayed.com\/wp-content\/uploads\/2024\/03\/Easiest-Bank-Account-to-Open-in-Georgia-512x512.webp 512w, https:\/\/adamfayed.com\/wp-content\/uploads\/2024\/03\/Easiest-Bank-Account-to-Open-in-Georgia-150x150.webp 150w, https:\/\/adamfayed.com\/wp-content\/uploads\/2024\/03\/Easiest-Bank-Account-to-Open-in-Georgia-768x768.webp 768w, https:\/\/adamfayed.com\/wp-content\/uploads\/2024\/03\/Easiest-Bank-Account-to-Open-in-Georgia-scaled.webp 825w\" sizes=\"(max-width: 300px) 100vw, 300px\" \/><\/figure>\n<\/div>\n\n\n\n<h3 class=\"wp-block-heading\">La cuenta bancaria m\u00e1s f\u00e1cil de abrir en Georgia<\/h3>\n\n\n\n<p>Las opciones para la cuenta bancaria m\u00e1s f\u00e1cil de abrir en Georgia, especialmente para la banca offshore son:<\/p>\n\n\n\n<ul class=\"wp-block-list\">\n<li>Banco de Georgia<\/li>\n\n\n\n<li>Banco TBC<\/li>\n\n\n\n<li>Banco Liberty<\/li>\n\n\n\n<li>Terabank<\/li>\n\n\n\n<li>Banco Base<\/li>\n\n\n\n<li>SunBank<\/li>\n<\/ul>\n\n\n\n<div style=\"height:30px\" aria-hidden=\"true\" class=\"wp-block-spacer\"><\/div>\n\n\n\n<h2 class=\"wp-block-heading\"><strong>\u00bfCu\u00e1l es la cuenta bancaria offshore m\u00e1s f\u00e1cil de abrir aparte de Georgia?<\/strong><\/h2>\n\n\n\n<p>Aparte de Georgia, algunos de los mejores pa\u00edses si usted est\u00e1 buscando el banco m\u00e1s f\u00e1cil de abrir para la banca offshore son:<\/p>\n\n\n\n<ul class=\"wp-block-list\">\n<li>Suiza<\/li>\n\n\n\n<li>Singapur<\/li>\n\n\n\n<li>Hong Kong<\/li>\n\n\n\n<li>Islas Caim\u00e1n<\/li>\n\n\n\n<li>Belice<\/li>\n\n\n\n<li>EAU<\/li>\n\n\n\n<li>Islas Cook<\/li>\n\n\n\n<li>Estonia<\/li>\n\n\n\n<li>San Crist\u00f3bal y Nieves<\/li>\n<\/ul>\n\n\n\n<p><\/p>\n\n\n\n<p><strong>\u00bfLe duele la indecisi\u00f3n financiera? <\/strong><\/p>\n\n\n\n<figure class=\"wp-block-image size-large is-resized\"><img loading=\"lazy\" decoding=\"async\" width=\"512\" height=\"288\" src=\"https:\/\/adamfayed.com\/wp-content\/uploads\/2025\/03\/Adam-Fayed-Contact_CTA3-512x288.jpg\" alt=\"\" class=\"wp-image-117505\" style=\"width:683px;height:auto\" srcset=\"https:\/\/adamfayed.com\/wp-content\/uploads\/2025\/03\/Adam-Fayed-Contact_CTA3-512x288.jpg 512w, https:\/\/adamfayed.com\/wp-content\/uploads\/2025\/03\/Adam-Fayed-Contact_CTA3-300x169.jpg 300w, https:\/\/adamfayed.com\/wp-content\/uploads\/2025\/03\/Adam-Fayed-Contact_CTA3-768x432.jpg 768w, https:\/\/adamfayed.com\/wp-content\/uploads\/2025\/03\/Adam-Fayed-Contact_CTA3-scaled.jpg 825w\" sizes=\"(max-width: 512px) 100vw, 512px\" \/><\/figure>\n\n\n\n<div style=\"height:10px\" aria-hidden=\"true\" class=\"wp-block-spacer\"><\/div>\n\n\n\n<div class=\"wp-block-buttons is-layout-flex wp-block-buttons-is-layout-flex\">\n<div class=\"wp-block-button\"><a class=\"wp-block-button__link wp-element-button\" href=\"https:\/\/adamfayed.com\/es\/become-adams-client\/\">Convi\u00e9rtase en mi cliente<\/a><\/div>\n\n\n\n<div class=\"wp-block-button\"><a class=\"wp-block-button__link wp-element-button\" href=\"https:\/\/adamfayed.com\/es\/good-match-quiz\/\" target=\"_blank\" rel=\"noreferrer noopener\">Realice el cuestionario de elegibilidad de clientes<\/a><\/div>\n\n\n\n<div class=\"wp-block-button\"><a class=\"wp-block-button__link wp-element-button\" href=\"https:\/\/adamfayed.com\/es\/contact\/\" target=\"_blank\" rel=\"noreferrer noopener\">P\u00f3ngase en contacto con<\/a><\/div>\n<\/div>\n\n\n\n<p><strong>Adam es un autor reconocido internacionalmente en temas financieros, con m\u00e1s de 830 millones de respuestas en Quora, un libro muy vendido en Amazon y colaborador de Forbes.<\/strong><\/p>\n\n\n\n\n\n<p><\/p>","protected":false},"excerpt":{"rendered":"<p>\u00bfCu\u00e1l es la cuenta bancaria offshore m\u00e1s f\u00e1cil de abrir?<\/p>","protected":false},"author":14,"featured_media":82319,"parent":81072,"menu_order":0,"comment_status":"open","ping_status":"closed","template":"","meta":{"rop_custom_images_group":[],"rop_custom_messages_group":[],"rop_publish_now":"initial","rop_publish_now_accounts":{"facebook_10166176115445471_100883565069113":""},"rop_publish_now_history":[],"rop_publish_now_status":"pending","footnotes":""},"class_list":["post-82315","page","type-page","status-publish","has-post-thumbnail","hentry"],"_links":{"self":[{"href":"https:\/\/adamfayed.com\/es\/wp-json\/wp\/v2\/pages\/82315","targetHints":{"allow":["GET"]}}],"collection":[{"href":"https:\/\/adamfayed.com\/es\/wp-json\/wp\/v2\/pages"}],"about":[{"href":"https:\/\/adamfayed.com\/es\/wp-json\/wp\/v2\/types\/page"}],"author":[{"embeddable":true,"href":"https:\/\/adamfayed.com\/es\/wp-json\/wp\/v2\/users\/14"}],"replies":[{"embeddable":true,"href":"https:\/\/adamfayed.com\/es\/wp-json\/wp\/v2\/comments?post=82315"}],"version-history":[{"count":2,"href":"https:\/\/adamfayed.com\/es\/wp-json\/wp\/v2\/pages\/82315\/revisions"}],"predecessor-version":[{"id":242512,"href":"https:\/\/adamfayed.com\/es\/wp-json\/wp\/v2\/pages\/82315\/revisions\/242512"}],"up":[{"embeddable":true,"href":"https:\/\/adamfayed.com\/es\/wp-json\/wp\/v2\/pages\/81072"}],"wp:featuredmedia":[{"embeddable":true,"href":"https:\/\/adamfayed.com\/es\/wp-json\/wp\/v2\/media\/82319"}],"wp:attachment":[{"href":"https:\/\/adamfayed.com\/es\/wp-json\/wp\/v2\/media?parent=82315"}],"curies":[{"name":"wp","href":"https:\/\/api.w.org\/{rel}","templated":true}]}}