{"id":82608,"date":"2024-03-07T20:47:23","date_gmt":"2024-03-07T20:47:23","guid":{"rendered":"https:\/\/adamfayed.com\/?page_id=82608"},"modified":"2025-04-04T08:17:29","modified_gmt":"2025-04-04T08:17:29","slug":"investing-in-cds","status":"publish","type":"page","link":"https:\/\/adamfayed.com\/es\/investment-options\/certificate-of-deposit\/investing-in-cds\/","title":{"rendered":"Invertir en certificados de dep\u00f3sito (CD)"},"content":{"rendered":"<p>Entre los muchos <a href=\"https:\/\/adamfayed.com\/es\/investment-options\/\">opciones de inversi\u00f3n<\/a> disponibles para los inversores son los certificados de dep\u00f3sito, com\u00fanmente denominados CD.<\/p>\n\n\n\n<p>Un CD suele agruparse entre los veh\u00edculos de inversi\u00f3n seguros, como los bonos, <a href=\"https:\/\/adamfayed.com\/es\/review-articles\/rl360-regular-savings-plan-review\/\">cuentas de ahorro<\/a>, dep\u00f3sitos a plazo fijo, etc.<\/p>\n\n\n\n<p>Si desea invertir como expatriado o particular con un alto patrimonio neto, que es en lo que estoy especializado, puede enviarme un correo electr\u00f3nico (advice@adamfayed.com) o utilizar WhatsApp (+44-7393-450-837).<\/p>\n\n\n\n<p>Aunque invertir en certificados de dep\u00f3sito entra\u00f1a un riesgo relativamente bajo, lo mejor es buscar asesoramiento, sobre todo cuando no se est\u00e1 seguro de los pasos a seguir.<\/p>\n\n\n\n<div style=\"height:29px\" aria-hidden=\"true\" class=\"wp-block-spacer\"><\/div>\n\n\n\n<h2 class=\"wp-block-heading\"><strong>C\u00f3mo invertir en CD<\/strong><\/h2>\n\n\n\n<div class=\"wp-block-group is-layout-constrained wp-block-group-is-layout-constrained\">\n<figure class=\"wp-block-image alignleft size-medium is-resized\"><img fetchpriority=\"high\" decoding=\"async\" width=\"300\" height=\"225\" src=\"https:\/\/adamfayed.com\/wp-content\/uploads\/2024\/03\/image-33-300x225.png\" alt=\"Investing in CDs\" class=\"wp-image-82609\" style=\"width:225px;height:auto\" srcset=\"https:\/\/adamfayed.com\/wp-content\/uploads\/2024\/03\/image-33-300x225.png 300w, https:\/\/adamfayed.com\/wp-content\/uploads\/2024\/03\/image-33-512x384.png 512w, https:\/\/adamfayed.com\/wp-content\/uploads\/2024\/03\/image-33.png 602w\" sizes=\"(max-width: 300px) 100vw, 300px\" \/><\/figure>\n<\/div>\n\n\n\n<p>Invertir en certificados de dep\u00f3sito es un proceso sencillo que requiere cierta diligencia debida y una cantidad espec\u00edfica a invertir.<\/p>\n\n\n\n<p>Una vez que haya ideado la estrategia necesaria y los CD espec\u00edficos, el siguiente paso es presentar la solicitud.<\/p>\n\n\n\n<p>Todo lo que tiene que hacer es presentar la solicitud en l\u00ednea y aportar la documentaci\u00f3n necesaria. En algunas entidades, es posible que tenga que visitar el banco al menos una vez.<\/p>\n\n\n\n<div style=\"height:16px\" aria-hidden=\"true\" class=\"wp-block-spacer\"><\/div>\n\n\n\n<h3 class=\"wp-block-heading\">Estrategias para invertir en CD<\/h3>\n\n\n\n<p>La presencia de penalizaciones por retirada anticipada puede plantear problemas a corto y largo plazo en la inversi\u00f3n en CD.<\/p>\n\n\n\n<p>Las necesidades y los cambios financieros imprevistos pueden requerir ajustes en su estrategia de inversi\u00f3n en CD. Por suerte, existen <a href=\"https:\/\/fortune.com\/recommends\/banking\/how-to-invest-in-cds\/\" target=\"_blank\" rel=\"noopener\">estrategias<\/a> disponibles para afrontar estos retos.<\/p>\n\n\n\n<div style=\"height:16px\" aria-hidden=\"true\" class=\"wp-block-spacer\"><\/div>\n\n\n\n<h4 class=\"wp-block-heading\">Escaleras CD<\/h4>\n\n\n\n<p>Una opci\u00f3n viable es la implantaci\u00f3n de una escalera de CD.<\/p>\n\n\n\n<p>Se trata de distribuir uniformemente los fondos en varios certificados de dep\u00f3sito, cada uno con una fecha de vencimiento distinta.<\/p>\n\n\n\n<p>Por ejemplo, una inversi\u00f3n de $100.000 podr\u00eda asignarse a lo largo de un periodo de 10 a\u00f1os a raz\u00f3n de $10.000 al a\u00f1o.<\/p>\n\n\n\n<div class=\"wp-block-group is-layout-constrained wp-block-group-is-layout-constrained\">\n<figure class=\"wp-block-image alignright size-medium is-resized\"><img decoding=\"async\" width=\"300\" height=\"300\" src=\"https:\/\/adamfayed.com\/wp-content\/uploads\/2024\/03\/CD-Ladders-300x300.webp\" alt=\"CD ladders \" class=\"wp-image-82612\" style=\"width:213px;height:auto\" srcset=\"https:\/\/adamfayed.com\/wp-content\/uploads\/2024\/03\/CD-Ladders-300x300.webp 300w, https:\/\/adamfayed.com\/wp-content\/uploads\/2024\/03\/CD-Ladders-512x512.webp 512w, https:\/\/adamfayed.com\/wp-content\/uploads\/2024\/03\/CD-Ladders-150x150.webp 150w, https:\/\/adamfayed.com\/wp-content\/uploads\/2024\/03\/CD-Ladders-768x768.webp 768w, https:\/\/adamfayed.com\/wp-content\/uploads\/2024\/03\/CD-Ladders-scaled.webp 825w\" sizes=\"(max-width: 300px) 100vw, 300px\" \/><\/figure>\n<\/div>\n\n\n\n<p>Cada fecha de vencimiento corresponde a un pelda\u00f1o de la escalera, lo que proporciona un enfoque estructurado con fechas de vencimiento de CD predeterminadas e importes espec\u00edficos disponibles en cada fecha.<\/p>\n\n\n\n<p>Los fondos pueden utilizarse para hacer frente a necesidades de gasto inmediatas o, si no se necesitan, reinvertirse en un nuevo CD a 10 a\u00f1os para ampliar la escalera.<\/p>\n\n\n\n<p>Este enfoque tambi\u00e9n ofrece adaptabilidad a las variaciones de los tipos de inter\u00e9s.<\/p>\n\n\n\n<p>As\u00ed, la ampliaci\u00f3n de la escalera permite acceder a tipos m\u00e1s altos en un mercado alcista, mientras que los activos que vencen pueden trasladarse a inversiones mejor remuneradas durante un mercado bajista.<\/p>\n\n\n\n<div style=\"height:16px\" aria-hidden=\"true\" class=\"wp-block-spacer\"><\/div>\n\n\n\n<h4 class=\"wp-block-heading\">La estrategia Barbell<\/h4>\n\n\n\n<p>Para situaciones en las que se necesita efectivo tanto a corto plazo (por ejemplo, en uno o dos a\u00f1os) como en un plazo predeterminado a m\u00e1s largo plazo, la estrategia barbell es adecuada.<\/p>\n\n\n\n<p>Se trata de asignar una cantidad espec\u00edfica a un plazo m\u00e1s corto. <a href=\"https:\/\/adamfayed.com\/es\/investment-options\/certificate-of-deposit\/\">certificado de dep\u00f3sito<\/a> y otra cantidad a un CD a m\u00e1s largo plazo, creando esencialmente una escalera con s\u00f3lo los pelda\u00f1os inicial y final.<\/p>\n\n\n\n<div style=\"height:16px\" aria-hidden=\"true\" class=\"wp-block-spacer\"><\/div>\n\n\n\n<h4 class=\"wp-block-heading\">La estrategia de la bala<\/h4>\n\n\n\n<div class=\"wp-block-group is-layout-constrained wp-block-group-is-layout-constrained\">\n<figure class=\"wp-block-image alignright size-medium is-resized\"><img decoding=\"async\" width=\"300\" height=\"300\" src=\"https:\/\/adamfayed.com\/wp-content\/uploads\/2024\/03\/The-Bullet-Strategy-300x300.webp\" alt=\"The Bullet Strategy\" class=\"wp-image-82613\" style=\"width:221px;height:auto\" srcset=\"https:\/\/adamfayed.com\/wp-content\/uploads\/2024\/03\/The-Bullet-Strategy-300x300.webp 300w, https:\/\/adamfayed.com\/wp-content\/uploads\/2024\/03\/The-Bullet-Strategy-512x512.webp 512w, https:\/\/adamfayed.com\/wp-content\/uploads\/2024\/03\/The-Bullet-Strategy-150x150.webp 150w, https:\/\/adamfayed.com\/wp-content\/uploads\/2024\/03\/The-Bullet-Strategy-768x768.webp 768w, https:\/\/adamfayed.com\/wp-content\/uploads\/2024\/03\/The-Bullet-Strategy-scaled.webp 825w\" sizes=\"(max-width: 300px) 100vw, 300px\" \/><\/figure>\n<\/div>\n\n\n\n<p>A diferencia de las estrategias anteriores, la estrategia bullet consiste en invertir una suma fija de dinero en CD con periodos de vencimiento variables, pero todos los CD vencen simult\u00e1neamente en un a\u00f1o determinado.<\/p>\n\n\n\n<p>Por ejemplo, si se prev\u00e9 un gasto importante dentro de 10 a\u00f1os, los fondos pueden utilizarse anualmente para comprar un nuevo CD:<\/p>\n\n\n\n<ul class=\"wp-block-list\">\n<li>CD 1 vence en 10 a\u00f1os<\/li>\n\n\n\n<li>CD 2, adquirido un a\u00f1o despu\u00e9s, vence en 9 a\u00f1os<\/li>\n\n\n\n<li>CD 3 en 8 a\u00f1os, y as\u00ed sucesivamente.<\/li>\n<\/ul>\n\n\n\n<p><\/p>\n\n\n\n<p>Cuando todos los CD vencen simult\u00e1neamente en el a\u00f1o 10, los fondos pasan a estar disponibles para el fin previsto.<\/p>\n\n\n\n<div style=\"height:29px\" aria-hidden=\"true\" class=\"wp-block-spacer\"><\/div>\n\n\n\n<h2 class=\"wp-block-heading\"><strong>\u00bfSon los CD una buena inversi\u00f3n?<\/strong><\/h2>\n\n\n\n<p>Aquellos que buscan reducir la volatilidad de sus carteras o son inversores m\u00e1s conservadores pueden encontrar en los CD una buena opci\u00f3n.<\/p>\n\n\n\n<p>En tiempos de tipos de inter\u00e9s favorables, son ideales para quienes buscan una opci\u00f3n de inversi\u00f3n segura con rendimientos asegurados.<\/p>\n\n\n\n<p>La idoneidad de los CD como oportunidad de inversi\u00f3n depende de los objetivos financieros de cada cual, de su nivel de tolerancia al riesgo y de las circunstancias actuales del mercado.<\/p>\n\n\n\n<p><strong>\u00bfLe duele la indecisi\u00f3n financiera? <\/strong><\/p>\n\n\n\n<figure class=\"wp-block-image size-large is-resized\"><img loading=\"lazy\" decoding=\"async\" width=\"512\" height=\"288\" src=\"https:\/\/adamfayed.com\/wp-content\/uploads\/2025\/03\/Adam-Fayed-Contact_CTA3-512x288.jpg\" alt=\"\" class=\"wp-image-117505\" style=\"width:683px;height:auto\" srcset=\"https:\/\/adamfayed.com\/wp-content\/uploads\/2025\/03\/Adam-Fayed-Contact_CTA3-512x288.jpg 512w, https:\/\/adamfayed.com\/wp-content\/uploads\/2025\/03\/Adam-Fayed-Contact_CTA3-300x169.jpg 300w, https:\/\/adamfayed.com\/wp-content\/uploads\/2025\/03\/Adam-Fayed-Contact_CTA3-768x432.jpg 768w, https:\/\/adamfayed.com\/wp-content\/uploads\/2025\/03\/Adam-Fayed-Contact_CTA3-scaled.jpg 825w\" sizes=\"(max-width: 512px) 100vw, 512px\" \/><\/figure>\n\n\n\n<div style=\"height:10px\" aria-hidden=\"true\" class=\"wp-block-spacer\"><\/div>\n\n\n\n<div class=\"wp-block-buttons is-layout-flex wp-block-buttons-is-layout-flex\">\n<div class=\"wp-block-button\"><a class=\"wp-block-button__link wp-element-button\" href=\"https:\/\/adamfayed.com\/es\/become-adams-client\/\">Convi\u00e9rtase en mi cliente<\/a><\/div>\n\n\n\n<div class=\"wp-block-button\"><a class=\"wp-block-button__link wp-element-button\" href=\"https:\/\/adamfayed.com\/es\/good-match-quiz\/\" target=\"_blank\" rel=\"noreferrer noopener\">Realice el cuestionario de elegibilidad de clientes<\/a><\/div>\n\n\n\n<div class=\"wp-block-button\"><a class=\"wp-block-button__link wp-element-button\" href=\"https:\/\/adamfayed.com\/es\/contact\/\" target=\"_blank\" rel=\"noreferrer noopener\">P\u00f3ngase en contacto con<\/a><\/div>\n<\/div>\n\n\n\n<p><strong>Adam es un autor reconocido internacionalmente en temas financieros, con m\u00e1s de 830 millones de respuestas en Quora, un libro muy vendido en Amazon y colaborador de Forbes.<\/strong><\/p>","protected":false},"excerpt":{"rendered":"<p>Investing in Certificate of Deposit<\/p>","protected":false},"author":14,"featured_media":82610,"parent":81142,"menu_order":0,"comment_status":"open","ping_status":"closed","template":"","meta":{"rop_custom_images_group":[],"rop_custom_messages_group":[],"rop_publish_now":"initial","rop_publish_now_accounts":{"facebook_10166176115445471_100883565069113":""},"rop_publish_now_history":[],"rop_publish_now_status":"pending","footnotes":""},"class_list":["post-82608","page","type-page","status-publish","has-post-thumbnail","hentry"],"_links":{"self":[{"href":"https:\/\/adamfayed.com\/es\/wp-json\/wp\/v2\/pages\/82608","targetHints":{"allow":["GET"]}}],"collection":[{"href":"https:\/\/adamfayed.com\/es\/wp-json\/wp\/v2\/pages"}],"about":[{"href":"https:\/\/adamfayed.com\/es\/wp-json\/wp\/v2\/types\/page"}],"author":[{"embeddable":true,"href":"https:\/\/adamfayed.com\/es\/wp-json\/wp\/v2\/users\/14"}],"replies":[{"embeddable":true,"href":"https:\/\/adamfayed.com\/es\/wp-json\/wp\/v2\/comments?post=82608"}],"version-history":[{"count":2,"href":"https:\/\/adamfayed.com\/es\/wp-json\/wp\/v2\/pages\/82608\/revisions"}],"predecessor-version":[{"id":127851,"href":"https:\/\/adamfayed.com\/es\/wp-json\/wp\/v2\/pages\/82608\/revisions\/127851"}],"up":[{"embeddable":true,"href":"https:\/\/adamfayed.com\/es\/wp-json\/wp\/v2\/pages\/81142"}],"wp:featuredmedia":[{"embeddable":true,"href":"https:\/\/adamfayed.com\/es\/wp-json\/wp\/v2\/media\/82610"}],"wp:attachment":[{"href":"https:\/\/adamfayed.com\/es\/wp-json\/wp\/v2\/media?parent=82608"}],"curies":[{"name":"wp","href":"https:\/\/api.w.org\/{rel}","templated":true}]}}