{"id":83045,"date":"2024-03-22T11:20:52","date_gmt":"2024-03-22T11:20:52","guid":{"rendered":"https:\/\/adamfayed.com\/?page_id=83045"},"modified":"2025-04-02T13:02:45","modified_gmt":"2025-04-02T13:02:45","slug":"financial-planner-fees","status":"publish","type":"page","link":"https:\/\/adamfayed.com\/es\/financial-planning\/personal-financial-planning\/financial-planner\/financial-planner-fees\/","title":{"rendered":"Honorarios del asesor financiero"},"content":{"rendered":"<p>Los honorarios de los planificadores financieros son un aspecto esencial de la gesti\u00f3n y optimizaci\u00f3n del patrimonio financiero.<\/p>\n\n\n\n<p>Al considerar el coste de un <a href=\"https:\/\/adamfayed.com\/es\/financial-planning\/personal-financial-planning\/financial-planner-2\/\">planificador financiero<\/a>, Por ello, es fundamental comprender el valor y la experiencia que aportan a la hora de elaborar un plan financiero completo.<\/p>\n\n\n\n<p>Si desea invertir como expatriado o particular con un elevado patrimonio neto, que es en lo que estoy especializado, puede enviarme un correo electr\u00f3nico (advice@adamfayed.com) o WhatsApp (+44-7393-450-837).<\/p>\n\n\n\n<p>Esta p\u00e1gina tratar\u00e1 espec\u00edficamente:<\/p>\n\n\n\n<ul class=\"wp-block-list\">\n<li>\u00bfQu\u00e9 determina los honorarios del asesor financiero?<\/li>\n\n\n\n<li>Lo que hay que tener en cuenta al estudiar los costes de un asesor financiero\n<ul class=\"wp-block-list\">\n<li>Planificadores financieros a comisi\u00f3n<\/li>\n\n\n\n<li>Planificadores financieros a comisi\u00f3n<\/li>\n<\/ul>\n<\/li>\n<\/ul>\n\n\n\n<div style=\"height:27px\" aria-hidden=\"true\" class=\"wp-block-spacer\"><\/div>\n\n\n\n<h2 class=\"wp-block-heading\"><strong>\u00bfQu\u00e9 determina los honorarios del asesor financiero?<\/strong><\/h2>\n\n\n\n<p><a href=\"https:\/\/www.forbes.com\/advisor\/investing\/financial-advisor\/financial-advisor-fees-and-costs\/\" rel=\"nofollow noopener\" target=\"_blank\">El coste de un planificador financiero <\/a>puede variar en funci\u00f3n de varios factores, como la complejidad de la situaci\u00f3n financiera del cliente, los servicios prestados y la estructura de honorarios del planificador financiero.<\/p>\n\n\n\n<p>Los honorarios de los planificadores financieros suelen dividirse en dos categor\u00edas principales: basados en honorarios o basados en comisiones.<\/p>\n\n\n\n<div style=\"height:16px\" aria-hidden=\"true\" class=\"wp-block-spacer\"><\/div>\n\n\n\n<h2 class=\"wp-block-heading\"><strong>Lo que hay que tener en cuenta al estudiar los costes de un asesor financiero<\/strong><\/h2>\n\n\n\n<div style=\"height:15px\" aria-hidden=\"true\" class=\"wp-block-spacer\"><\/div>\n\n\n\n<figure class=\"wp-block-image alignright size-medium\"><img fetchpriority=\"high\" decoding=\"async\" width=\"300\" height=\"200\" src=\"https:\/\/adamfayed.com\/wp-content\/uploads\/2024\/03\/pexels-jakub-zerdzicki-20251480-300x200.jpg\" alt=\"Financial planner fees typically fall into three primary categories: fee-only, fee-based, and commission-based.\" class=\"wp-image-83047\" srcset=\"https:\/\/adamfayed.com\/wp-content\/uploads\/2024\/03\/pexels-jakub-zerdzicki-20251480-300x200.jpg 300w, https:\/\/adamfayed.com\/wp-content\/uploads\/2024\/03\/pexels-jakub-zerdzicki-20251480-512x342.jpg 512w, https:\/\/adamfayed.com\/wp-content\/uploads\/2024\/03\/pexels-jakub-zerdzicki-20251480.jpg 640w\" sizes=\"(max-width: 300px) 100vw, 300px\" \/><\/figure>\n\n\n\n<h3 class=\"wp-block-heading\">Planificadores financieros a comisi\u00f3n<\/h3>\n\n\n\n<p>Los planificadores que s\u00f3lo cobran honorarios son remunerados directamente por sus clientes y no obtienen comisiones de los productos financieros que recomiendan o venden. Esta estructura de honorarios de los planificadores financieros suele ser la preferida por su transparencia y alineaci\u00f3n con los intereses del cliente. Entre las ventajas de los planificadores que s\u00f3lo cobran honorarios se incluyen:<\/p>\n\n\n\n<ul class=\"wp-block-list\">\n<li><strong>Transparencia<\/strong>: Los clientes saben exactamente cu\u00e1nto pagan por los servicios del planificador, lo que contribuye a generar confianza y garantiza que el asesoramiento del planificador no est\u00e9 influido por las comisiones.<\/li>\n<\/ul>\n\n\n\n<p><\/p>\n\n\n\n<ul class=\"wp-block-list\">\n<li><strong>Deber fiduciario:<\/strong> Los planificadores remunerados tienen <a href=\"https:\/\/www.consumerfinance.gov\/ask-cfpb\/what-is-a-fiduciary-en-1769\/\" target=\"_blank\" rel=\"noopener\">deber fiduciario<\/a> actuar en el mejor inter\u00e9s de sus clientes, ya que no est\u00e1n incentivados por las comisiones de los productos financieros.<\/li>\n<\/ul>\n\n\n\n<p><\/p>\n\n\n\n<ul class=\"wp-block-list\">\n<li><strong>Consejos imparciales:<\/strong> Los planificadores que s\u00f3lo cobran honorarios tienen menos probabilidades de verse influidos por conflictos de intereses, ya que su remuneraci\u00f3n no est\u00e1 vinculada a productos financieros espec\u00edficos.<\/li>\n<\/ul>\n\n\n\n<p><\/p>\n\n\n\n<p>Sin embargo, los planificadores que s\u00f3lo cobran honorarios tambi\u00e9n tienen inconvenientes:<\/p>\n\n\n\n<ul class=\"wp-block-list\">\n<li><strong>Costes iniciales potencialmente m\u00e1s elevados:<\/strong> Los clientes pueden tener que pagar unos honorarios iniciales m\u00e1s elevados por los servicios del planificador, especialmente si los honorarios se basan en un porcentaje de los activos gestionados.<\/li>\n<\/ul>\n\n\n\n<p><\/p>\n\n\n\n<ul class=\"wp-block-list\">\n<li><strong>Acceso limitado a determinados productos financieros:<\/strong> Los planificadores que s\u00f3lo cobran honorarios pueden no tener acceso a determinadas oportunidades de inversi\u00f3n o productos de seguros que s\u00f3lo est\u00e1n disponibles a trav\u00e9s de acuerdos basados en comisiones.<\/li>\n<\/ul>\n\n\n\n<div style=\"height:15px\" aria-hidden=\"true\" class=\"wp-block-spacer\"><\/div>\n\n\n\n<h3 class=\"wp-block-heading\">Planificadores financieros a comisi\u00f3n<\/h3>\n\n\n\n<figure class=\"wp-block-image alignright size-medium\"><img decoding=\"async\" width=\"300\" height=\"200\" src=\"https:\/\/adamfayed.com\/wp-content\/uploads\/2024\/03\/pexels-jakub-zerdzicki-16098005-300x200.jpg\" alt=\"A well-crafted financial plan can optimize tax efficiency, minimize investment costs, and enhance overall portfolio performance, potentially outweighing the cost of engaging a financial planner.\" class=\"wp-image-83048\" srcset=\"https:\/\/adamfayed.com\/wp-content\/uploads\/2024\/03\/pexels-jakub-zerdzicki-16098005-300x200.jpg 300w, https:\/\/adamfayed.com\/wp-content\/uploads\/2024\/03\/pexels-jakub-zerdzicki-16098005-512x342.jpg 512w, https:\/\/adamfayed.com\/wp-content\/uploads\/2024\/03\/pexels-jakub-zerdzicki-16098005.jpg 640w\" sizes=\"(max-width: 300px) 100vw, 300px\" \/><\/figure>\n\n\n\n<p>Por otro lado, los planificadores basados en comisiones obtienen sus ingresos de la venta de productos financieros y pueden no cobrar una comisi\u00f3n aparte por su asesoramiento. Las ventajas de los planificadores a comisi\u00f3n son:<\/p>\n\n\n\n<ul class=\"wp-block-list\">\n<li><strong>Menores costes iniciales:<\/strong> Es posible que los clientes no tengan que pagar nada por adelantado por los servicios del planificador, ya que \u00e9ste obtiene comisiones de los productos financieros que recomienda.<\/li>\n<\/ul>\n\n\n\n<p><\/p>\n\n\n\n<ul class=\"wp-block-list\">\n<li><strong>Acceso a una gama m\u00e1s amplia de productos:<\/strong> Los planificadores a comisi\u00f3n pueden tener acceso a una gama m\u00e1s amplia de productos de inversi\u00f3n y p\u00f3lizas de seguros, lo que podr\u00eda beneficiar a clientes con necesidades financieras espec\u00edficas.<\/li>\n<\/ul>\n\n\n\n<p><\/p>\n\n\n\n<p>Sin embargo, los planificadores basados en comisiones tambi\u00e9n tienen inconvenientes, como:<\/p>\n\n\n\n<ul class=\"wp-block-list\">\n<li><strong>Posibles conflictos de intereses:<\/strong> Los planificadores pueden verse incentivados a recomendar productos que ofrezcan mayores comisiones, lo que podr\u00eda dar lugar a un asesoramiento que no redunde del todo en beneficio del cliente.<\/li>\n<\/ul>\n\n\n\n<p><\/p>\n\n\n\n<ul class=\"wp-block-list\">\n<li><strong>Falta de transparencia:<\/strong> Los clientes pueden no entender del todo c\u00f3mo se remunera al planificador, lo que podr\u00eda generar desconfianza e incertidumbre sobre el asesoramiento que reciben.<\/li>\n<\/ul>\n\n\n\n<p><\/p>\n\n\n\n<p>Tenga en cuenta que adem\u00e1s del <a href=\"https:\/\/money.usnews.com\/financial-advisors\/articles\/what-to-know-about-financial-advisor-fees-and-costs\" rel=\"nofollow noopener\" target=\"_blank\">honorarios reales del planificador financiero<\/a>, Adem\u00e1s, los clientes deben tener en cuenta el ahorro potencial de costes y el rendimiento de las inversiones que pueden derivarse de una buena planificaci\u00f3n financiera.<\/p>\n\n\n\n<p>Un plan financiero bien elaborado puede optimizar la eficiencia fiscal, minimizar los costes de inversi\u00f3n y mejorar el rendimiento global de la cartera, compensando potencialmente el coste de contratar a un planificador financiero.<\/p>\n\n\n\n<p><strong>\u00bfLe duele la indecisi\u00f3n financiera? <\/strong><\/p>\n\n\n\n<figure class=\"wp-block-image size-large is-resized\"><img decoding=\"async\" width=\"512\" height=\"288\" src=\"https:\/\/adamfayed.com\/wp-content\/uploads\/2025\/03\/Adam-Fayed-Contact_CTA3-512x288.jpg\" alt=\"\" class=\"wp-image-117505\" style=\"width:683px;height:auto\" srcset=\"https:\/\/adamfayed.com\/wp-content\/uploads\/2025\/03\/Adam-Fayed-Contact_CTA3-512x288.jpg 512w, https:\/\/adamfayed.com\/wp-content\/uploads\/2025\/03\/Adam-Fayed-Contact_CTA3-300x169.jpg 300w, https:\/\/adamfayed.com\/wp-content\/uploads\/2025\/03\/Adam-Fayed-Contact_CTA3-768x432.jpg 768w, https:\/\/adamfayed.com\/wp-content\/uploads\/2025\/03\/Adam-Fayed-Contact_CTA3-scaled.jpg 825w\" sizes=\"(max-width: 512px) 100vw, 512px\" \/><\/figure>\n\n\n\n<div style=\"height:10px\" aria-hidden=\"true\" class=\"wp-block-spacer\"><\/div>\n\n\n\n<div class=\"wp-block-buttons is-layout-flex wp-block-buttons-is-layout-flex\">\n<div class=\"wp-block-button\"><a class=\"wp-block-button__link wp-element-button\" href=\"https:\/\/adamfayed.com\/es\/become-adams-client\/\">Convi\u00e9rtase en mi cliente<\/a><\/div>\n\n\n\n<div class=\"wp-block-button\"><a class=\"wp-block-button__link wp-element-button\" href=\"https:\/\/adamfayed.com\/es\/good-match-quiz\/\" target=\"_blank\" rel=\"noreferrer noopener\">Realice el cuestionario de elegibilidad de clientes<\/a><\/div>\n\n\n\n<div class=\"wp-block-button\"><a class=\"wp-block-button__link wp-element-button\" href=\"https:\/\/adamfayed.com\/es\/contact\/\" target=\"_blank\" rel=\"noreferrer noopener\">P\u00f3ngase en contacto con<\/a><\/div>\n<\/div>\n\n\n\n<p><strong>Adam es un autor reconocido internacionalmente en temas financieros, con m\u00e1s de 830 millones de respuestas en Quora, un libro muy vendido en Amazon y colaborador de Forbes.<\/strong><\/p>","protected":false},"excerpt":{"rendered":"<p>Financial planner fees are an essential aspect of managing and optimizing one&#8217;s financial assets. When considering the cost of a financial planner, it is crucial to understand the value and expertise they bring to the table in crafting a comprehensive financial plan. If you are looking to invest as an expat or high-net-worth individual, which [&hellip;]<\/p>\n","protected":false},"author":16,"featured_media":83046,"parent":54558,"menu_order":0,"comment_status":"open","ping_status":"closed","template":"","meta":{"rop_custom_images_group":[],"rop_custom_messages_group":[],"rop_publish_now":"initial","rop_publish_now_accounts":{"facebook_10166176115445471_100883565069113":""},"rop_publish_now_history":[],"rop_publish_now_status":"pending","footnotes":""},"class_list":["post-83045","page","type-page","status-publish","has-post-thumbnail","hentry"],"_links":{"self":[{"href":"https:\/\/adamfayed.com\/es\/wp-json\/wp\/v2\/pages\/83045","targetHints":{"allow":["GET"]}}],"collection":[{"href":"https:\/\/adamfayed.com\/es\/wp-json\/wp\/v2\/pages"}],"about":[{"href":"https:\/\/adamfayed.com\/es\/wp-json\/wp\/v2\/types\/page"}],"author":[{"embeddable":true,"href":"https:\/\/adamfayed.com\/es\/wp-json\/wp\/v2\/users\/16"}],"replies":[{"embeddable":true,"href":"https:\/\/adamfayed.com\/es\/wp-json\/wp\/v2\/comments?post=83045"}],"version-history":[{"count":3,"href":"https:\/\/adamfayed.com\/es\/wp-json\/wp\/v2\/pages\/83045\/revisions"}],"predecessor-version":[{"id":126547,"href":"https:\/\/adamfayed.com\/es\/wp-json\/wp\/v2\/pages\/83045\/revisions\/126547"}],"up":[{"embeddable":true,"href":"https:\/\/adamfayed.com\/es\/wp-json\/wp\/v2\/pages\/54558"}],"wp:featuredmedia":[{"embeddable":true,"href":"https:\/\/adamfayed.com\/es\/wp-json\/wp\/v2\/media\/83046"}],"wp:attachment":[{"href":"https:\/\/adamfayed.com\/es\/wp-json\/wp\/v2\/media?parent=83045"}],"curies":[{"name":"wp","href":"https:\/\/api.w.org\/{rel}","templated":true}]}}