{"id":83299,"date":"2024-03-31T17:04:28","date_gmt":"2024-03-31T17:04:28","guid":{"rendered":"https:\/\/adamfayed.com\/?page_id=83299"},"modified":"2025-12-02T05:38:03","modified_gmt":"2025-12-02T05:38:03","slug":"portugal-residency","status":"publish","type":"page","link":"https:\/\/adamfayed.com\/es\/living-abroad\/living-in-portugal\/portugal-residency\/","title":{"rendered":"Portugal Residency for Expats"},"content":{"rendered":"<p>Mapa del sitio: <a href=\"https:\/\/adamfayed.com\/es\/living-abroad\/\">Vivir en el extranjero<\/a> &gt; <a href=\"https:\/\/adamfayed.com\/es\/living-abroad\/living-in-portugal\/\">Vivir en Portugal<\/a> &gt; Portugal residency <\/p>\n\n\n\n<p>The Portugal Residency Visa provides a pathway to permanent residency for individuals and families seeking to relocate to this European country.<\/p>\n\n\n\n<p>This page will specifically discuss:<\/p>\n\n\n\n<ul class=\"wp-block-list\">\n<li>Portugal Residency Visa and Temporary Stay Visa\n<ul class=\"wp-block-list\">\n<li>Portugal Permanent Residency<\/li>\n<\/ul>\n<\/li>\n\n\n\n<li>Non-Habitual Resident Portugal<\/li>\n<\/ul>\n\n\n\n<p><\/p>\n\n\n\n<p>Mis datos de contacto son hello@adamfayed.com y WhatsApp +44-7393-450-837 si tiene alguna pregunta.<\/p>\n\n\n\n<p>La informaci\u00f3n contenida en este art\u00edculo es meramente orientativa. No constituye asesoramiento financiero, jur\u00eddico o fiscal, ni una recomendaci\u00f3n o solicitud de inversi\u00f3n. Algunos hechos pueden haber cambiado desde el momento de su redacci\u00f3n.<\/p>\n\n\n\n<p>Making a qualifying investment in Portugal might lead to permanent residency for expats. Seeking out <a href=\"https:\/\/adamfayed.com\/es\/financial-planning\/expat-financial-advisor\/financial-advice\/\">asesoramiento financiero<\/a> is a smart move for expats because this investing component is vital for <a href=\"https:\/\/adamfayed.com\/es\/financial-planning\/personal-financial-planning\/\">planificaci\u00f3n financiera<\/a> and necessitates careful capital allocation.<\/p>\n\n\n\n<div style=\"height:36px\" aria-hidden=\"true\" class=\"wp-block-spacer\"><\/div>\n\n\n\n<h2 class=\"wp-block-heading\"><strong>Portugal Residency Visa and Temporary Stay Visa<\/strong><\/h2>\n\n\n\n<p>In accordance with current laws, long-stay <a href=\"https:\/\/vistos.mne.gov.pt\/en\/national-visas\/general-information\/type-of-visa\" target=\"_blank\" rel=\"noopener\">visas in Portugal<\/a> can be either temporary or for residency authorization purposes. The latter grants the former the ability to remain in the country for a variety of reasons, including but not limited to: study, internship, work, medical treatment, and more.<\/p>\n\n\n\n<p>Foreign nationals can also now visit Portugal on a job seeker visa, which is a new kind of visa.<\/p>\n\n\n\n<div class=\"wp-block-group is-layout-constrained wp-block-group-is-layout-constrained\">\n<figure class=\"wp-block-image alignright size-medium is-resized\"><img fetchpriority=\"high\" decoding=\"async\" width=\"300\" height=\"200\" src=\"https:\/\/adamfayed.com\/wp-content\/uploads\/2024\/03\/cathedral-8352471_640-300x200.jpg\" alt=\"The Portugal Residency Visa provides a pathway to permanent residency for individuals and families seeking to relocate to this picturesque European country.\" class=\"wp-image-83301\" style=\"width:257px;height:auto\" srcset=\"https:\/\/adamfayed.com\/wp-content\/uploads\/2024\/03\/cathedral-8352471_640-300x200.jpg 300w, https:\/\/adamfayed.com\/wp-content\/uploads\/2024\/03\/cathedral-8352471_640-512x342.jpg 512w, https:\/\/adamfayed.com\/wp-content\/uploads\/2024\/03\/cathedral-8352471_640.jpg 640w\" sizes=\"(max-width: 300px) 100vw, 300px\" \/><\/figure>\n<\/div>\n\n\n\n<p>Temporary stay visas are accessible to visitors and permit stays of up to 90 days. A valid temporary stay visa will grant you the right to enter and exit the country as many times as you choose.<\/p>\n\n\n\n<p>A Portugal residency visa, which is valid for four months, allow for two entries. Requesting a residency permit from the Immigration and Border Services (SEF) is necessary for individuals holding a residency visa during that period.<\/p>\n\n\n\n<p>With a job seeker visa, you can enter Portugal and stay for as long as you want, but you can only work in a subordinate capacity until your visa expires or your residence permit is approved.<\/p>\n\n\n\n<h3 class=\"wp-block-heading\">Portugal Permanent Residency<\/h3>\n\n\n\n<p>Expats who have lived in the country for a certain period, typically five years, may become eligible to apply for <a href=\"https:\/\/eportugal.gov.pt\/en\/cidadaos-europeus-viajar-viver-e-fazer-negocios-em-portugal\/viver-em-portugal\/residir-em-portugal\" target=\"_blank\" rel=\"noopener\">permanent residency in Portugal<\/a>. Non-EU citizens must first hold a residency visa before they can apply for permanent residency in Portugal.<\/p>\n\n\n\n<p>This status grants expats the right to reside in the country indefinitely, without the need to renew their residency permit. It also allows them to access social security benefits and healthcare services on par with Portuguese citizens.<\/p>\n\n\n\n<p>Moreover, permanent residency holders may eventually qualify for Portuguese citizenship through naturalization, subject to meeting specific residency and language requirements.<\/p>\n\n\n\n<p>There is also the option for a Golden Visa, in which an individual can acquire permanent residency in Portugal is through investment in one or more qualifying funds, with a minimum transfer value of 500,000 euros, and other means.<\/p>\n\n\n\n<h2 class=\"wp-block-heading\"><strong>Non Habitual Resident Portugal<\/strong><\/h2>\n\n\n\n<p>Expats seeking to live in Portugal need to learn about Portugal&#8217;s Non-Habitual Resident (NHR) program that offers tax benefits to individuals who become tax residents in Portugal.<\/p>\n\n\n\n<div class=\"wp-block-group is-layout-constrained wp-block-group-is-layout-constrained\">\n<figure class=\"wp-block-image alignright size-medium is-resized\"><img decoding=\"async\" width=\"300\" height=\"200\" src=\"https:\/\/adamfayed.com\/wp-content\/uploads\/2024\/03\/city-8511617_640-300x200.jpg\" alt=\"Expats seeking to live in Portugal need to learn about Portugal's Non-Habitual Resident (NHR) program that offers tax benefits to individuals who become tax residents in Portugal.\" class=\"wp-image-83302\" style=\"width:230px;height:auto\" srcset=\"https:\/\/adamfayed.com\/wp-content\/uploads\/2024\/03\/city-8511617_640-300x200.jpg 300w, https:\/\/adamfayed.com\/wp-content\/uploads\/2024\/03\/city-8511617_640-512x342.jpg 512w, https:\/\/adamfayed.com\/wp-content\/uploads\/2024\/03\/city-8511617_640.jpg 640w\" sizes=\"(max-width: 300px) 100vw, 300px\" \/><\/figure>\n<\/div>\n\n\n\n<p>Expats who qualify for NHR status may benefit from a range of tax exemptions and reduced rates on foreign-source income for a period of 10 years.<\/p>\n\n\n\n<p>Currently, however, <a href=\"https:\/\/www.sovereigngroup.com\/news\/news-and-views\/nhr-out-with-the-old-and-in-with-the-new\/\" rel=\"nofollow noopener\" target=\"_blank\">NHR applications are no longer accepted<\/a> under the present NHR framework after December 31, 2023, and the process is currently limited to those who have taken the required steps to establish a tax residence or resident in Portugal by the end of last year.<\/p>\n\n\n\n<p><\/p>\n\n\n\n<p><strong>\u00bfLe duele la indecisi\u00f3n financiera? <\/strong><\/p>\n\n\n\n<figure class=\"wp-block-image size-large is-resized\"><img decoding=\"async\" width=\"512\" height=\"288\" src=\"https:\/\/adamfayed.com\/wp-content\/uploads\/2025\/03\/Adam-Fayed-Contact_CTA3-512x288.jpg\" alt=\"\" class=\"wp-image-117505\" style=\"width:683px;height:auto\" srcset=\"https:\/\/adamfayed.com\/wp-content\/uploads\/2025\/03\/Adam-Fayed-Contact_CTA3-512x288.jpg 512w, https:\/\/adamfayed.com\/wp-content\/uploads\/2025\/03\/Adam-Fayed-Contact_CTA3-300x169.jpg 300w, https:\/\/adamfayed.com\/wp-content\/uploads\/2025\/03\/Adam-Fayed-Contact_CTA3-768x432.jpg 768w, https:\/\/adamfayed.com\/wp-content\/uploads\/2025\/03\/Adam-Fayed-Contact_CTA3-scaled.jpg 825w\" sizes=\"(max-width: 512px) 100vw, 512px\" \/><\/figure>\n\n\n\n<div style=\"height:10px\" aria-hidden=\"true\" class=\"wp-block-spacer\"><\/div>\n\n\n\n<div class=\"wp-block-buttons is-layout-flex wp-block-buttons-is-layout-flex\">\n<div class=\"wp-block-button\"><a class=\"wp-block-button__link wp-element-button\" href=\"https:\/\/adamfayed.com\/es\/become-adams-client\/\">Convi\u00e9rtase en mi cliente<\/a><\/div>\n\n\n\n<div class=\"wp-block-button\"><a class=\"wp-block-button__link wp-element-button\" href=\"https:\/\/adamfayed.com\/es\/good-match-quiz\/\" target=\"_blank\" rel=\"noreferrer noopener\">Realice el cuestionario de elegibilidad de clientes<\/a><\/div>\n\n\n\n<div class=\"wp-block-button\"><a class=\"wp-block-button__link wp-element-button\" href=\"https:\/\/adamfayed.com\/es\/contact\/\" target=\"_blank\" rel=\"noreferrer noopener\">P\u00f3ngase en contacto con<\/a><\/div>\n<\/div>\n\n\n\n<p><strong>Adam es un autor reconocido internacionalmente en temas financieros, con m\u00e1s de 830 millones de respuestas en Quora, un libro muy vendido en Amazon y colaborador de Forbes.<\/strong><\/p>","protected":false},"excerpt":{"rendered":"<p>Portugal Residency for Expats<\/p>","protected":false},"author":16,"featured_media":83300,"parent":76818,"menu_order":0,"comment_status":"open","ping_status":"closed","template":"","meta":{"rop_custom_images_group":[],"rop_custom_messages_group":[],"rop_publish_now":"initial","rop_publish_now_accounts":{"facebook_10166176115445471_100883565069113":""},"rop_publish_now_history":[],"rop_publish_now_status":"pending","footnotes":""},"class_list":["post-83299","page","type-page","status-publish","has-post-thumbnail","hentry"],"_links":{"self":[{"href":"https:\/\/adamfayed.com\/es\/wp-json\/wp\/v2\/pages\/83299","targetHints":{"allow":["GET"]}}],"collection":[{"href":"https:\/\/adamfayed.com\/es\/wp-json\/wp\/v2\/pages"}],"about":[{"href":"https:\/\/adamfayed.com\/es\/wp-json\/wp\/v2\/types\/page"}],"author":[{"embeddable":true,"href":"https:\/\/adamfayed.com\/es\/wp-json\/wp\/v2\/users\/16"}],"replies":[{"embeddable":true,"href":"https:\/\/adamfayed.com\/es\/wp-json\/wp\/v2\/comments?post=83299"}],"version-history":[{"count":2,"href":"https:\/\/adamfayed.com\/es\/wp-json\/wp\/v2\/pages\/83299\/revisions"}],"predecessor-version":[{"id":240024,"href":"https:\/\/adamfayed.com\/es\/wp-json\/wp\/v2\/pages\/83299\/revisions\/240024"}],"up":[{"embeddable":true,"href":"https:\/\/adamfayed.com\/es\/wp-json\/wp\/v2\/pages\/76818"}],"wp:featuredmedia":[{"embeddable":true,"href":"https:\/\/adamfayed.com\/es\/wp-json\/wp\/v2\/media\/83300"}],"wp:attachment":[{"href":"https:\/\/adamfayed.com\/es\/wp-json\/wp\/v2\/media?parent=83299"}],"curies":[{"name":"wp","href":"https:\/\/api.w.org\/{rel}","templated":true}]}}