{"id":83571,"date":"2024-04-15T16:31:06","date_gmt":"2024-04-15T16:31:06","guid":{"rendered":"https:\/\/adamfayed.com\/?page_id=83571"},"modified":"2025-04-11T12:13:48","modified_gmt":"2025-04-11T12:13:48","slug":"individual-savings-account","status":"publish","type":"page","link":"https:\/\/adamfayed.com\/es\/investment-options\/individual-savings-account\/","title":{"rendered":"Cuenta de ahorro individual (ISA)"},"content":{"rendered":"<p>En esta p\u00e1gina hablaremos de las Cuentas de Ahorro Individuales:<\/p>\n\n\n\n<ul class=\"wp-block-list\">\n<li>\u00bfQu\u00e9 es una cuenta de ahorro individual?<\/li>\n\n\n\n<li>\u00bfC\u00f3mo funciona un ISA?<\/li>\n\n\n\n<li>Tipos de ISA<\/li>\n\n\n\n<li>Comisiones ISA<\/li>\n\n\n\n<li>Ventajas e inconvenientes de las cuentas ISA<\/li>\n<\/ul>\n\n\n\n<p><\/p>\n\n\n\n<p>Si desea invertir como expatriado o particular con un elevado patrimonio neto, que es en lo que estoy especializado, puede enviarme un correo electr\u00f3nico (advice@adamfayed.com) o WhatsApp (+44-7393-450-837).<\/p>\n\n\n\n<p>Las personas pueden destinar dinero a objetivos a corto y largo plazo, como la planificaci\u00f3n de la jubilaci\u00f3n, la constituci\u00f3n de un fondo de emergencia o el ahorro para grandes compras, incluyendo las cuentas individuales en sus planes de pensiones. <a class=\"wpil_keyword_link\" href=\"https:\/\/adamfayed.com\/es\/financial-planning\/personal-financial-planning\/\" title=\"planificaci\u00f3n financiera\" data-wpil-keyword-link=\"linked\" data-wpil-monitor-id=\"650\">planificaci\u00f3n financiera<\/a>.<\/p>\n\n\n\n<div style=\"height:23px\" aria-hidden=\"true\" class=\"wp-block-spacer\"><\/div>\n\n\n\n<h2 class=\"wp-block-heading\"><strong>\u00bfQu\u00e9 es una cuenta de ahorro individual?<\/strong><\/h2>\n\n\n\n<p>Las cuentas de ahorro individual, com\u00fanmente conocidas como <a href=\"https:\/\/www.gov.uk\/individual-savings-accounts\" target=\"_blank\" rel=\"noopener\">ISAs<\/a>, son cuentas de ahorro e inversi\u00f3n fiscalmente eficientes a disposici\u00f3n de los residentes en el Reino Unido que no pagan impuestos por los intereses, dividendos o plusval\u00edas que perciben.<\/p>\n\n\n\n<div style=\"height:23px\" aria-hidden=\"true\" class=\"wp-block-spacer\"><\/div>\n\n\n\n<h2 class=\"wp-block-heading\"><strong>\u00bfC\u00f3mo funciona un ISA?<\/strong><\/h2>\n\n\n\n<div class=\"wp-block-group is-layout-constrained wp-block-group-is-layout-constrained\">\n<figure class=\"wp-block-image alignleft size-medium is-resized\"><img fetchpriority=\"high\" decoding=\"async\" width=\"300\" height=\"200\" src=\"https:\/\/adamfayed.com\/wp-content\/uploads\/2024\/03\/united-kingdom-2405963_640-300x200.jpg\" alt=\"What is an Individual Savings Account\" class=\"wp-image-83573\" style=\"width:245px;height:auto\" srcset=\"https:\/\/adamfayed.com\/wp-content\/uploads\/2024\/03\/united-kingdom-2405963_640-300x200.jpg 300w, https:\/\/adamfayed.com\/wp-content\/uploads\/2024\/03\/united-kingdom-2405963_640-512x342.jpg 512w, https:\/\/adamfayed.com\/wp-content\/uploads\/2024\/03\/united-kingdom-2405963_640.jpg 640w\" sizes=\"(max-width: 300px) 100vw, 300px\" \/><\/figure>\n<\/div>\n\n\n\n<p>Para abrir una ISA, debe ser residente en el Reino Unido y tener al menos 16 a\u00f1os para una ISA en efectivo, o 18 a\u00f1os para una ISA en acciones o una ISA de financiaci\u00f3n innovadora.<\/p>\n\n\n\n<p>Puede aportar una determinada cantidad de dinero a su ISA cada a\u00f1o fiscal, que va del 6 de abril de un a\u00f1o al 5 de abril del siguiente. El l\u00edmite anual actual para las ISA es de 20.000 libras.<\/p>\n\n\n\n<p>El dinero que aporte a su ISA puede ser en efectivo o en inversiones, dependiendo del tipo de ISA que elija. <\/p>\n\n\n\n<p>Puede retirar dinero de su ISA en cualquier momento, aunque algunas ISA pueden tener restricciones o penalizaciones por retirarlo anticipadamente. El dinero retirado de una ISA no afecta a su asignaci\u00f3n anual de ISA.<\/p>\n\n\n\n<p>Sin embargo, es importante conocer las normas y las implicaciones de la inversi\u00f3n y la retirada de fondos de las cuentas individuales para tomar decisiones informadas que se ajusten a los objetivos financieros a largo plazo.<\/p>\n\n\n\n<div style=\"height:23px\" aria-hidden=\"true\" class=\"wp-block-spacer\"><\/div>\n\n\n\n<h2 class=\"wp-block-heading\"><a href=\"https:\/\/adamfayed.com\/es\/investment-options\/individual-savings-account\/types-of-isa\/\"><strong>Tipos de ISA<\/strong><\/a><\/h2>\n\n\n\n<ul class=\"wp-block-list\">\n<li>Las cuentas individuales de ahorro permiten a los particulares ahorrar dinero y beneficiarse de intereses libres de impuestos. <\/li>\n\n\n\n<li>Las ISA sobre acciones y participaciones le permiten invertir en una serie de activos, entre ellos <a href=\"https:\/\/adamfayed.com\/es\/investment-options\/what-are-stocks\/\">acciones<\/a>, <a href=\"https:\/\/adamfayed.com\/es\/investment-options\/what-are-bonds\/\">bonos<\/a>, y <a href=\"https:\/\/adamfayed.com\/es\/investment-options\/what-are-mutual-funds\/\">fondos de inversi\u00f3n<\/a>. <\/li>\n\n\n\n<li>Los ISA de financiaci\u00f3n innovadora le permiten invertir en <a href=\"https:\/\/adamfayed.com\/es\/investment-options\/peer-to-peer-lending\/\">pr\u00e9stamos entre particulares<\/a> y otras opciones de financiaci\u00f3n alternativa. <\/li>\n\n\n\n<li>Las Lifetime ISA est\u00e1n dise\u00f1adas para ahorrar tanto para la primera vivienda como para una etapa posterior de la vida. Adem\u00e1s, el gobierno a\u00f1adir\u00e1 una bonificaci\u00f3n de 25% a sus ahorros en las Lifetime ISA, hasta un m\u00e1ximo de 1.000 \u00a3 cada a\u00f1o, lo que resulta muy \u00fatil. Sin embargo, existen penalizaciones si retira fondos para cualquier otro fin.<\/li>\n\n\n\n<li>Las Junior ISA son para menores de 18 a\u00f1os y pueden ser abiertas y gestionadas por uno de los padres o el tutor. Tienen l\u00edmites de aportaci\u00f3n m\u00e1s bajos y no se puede acceder a ellas hasta que el menor cumpla 18 a\u00f1os.<\/li>\n<\/ul>\n\n\n\n<div style=\"height:23px\" aria-hidden=\"true\" class=\"wp-block-spacer\"><\/div>\n\n\n\n<h2 class=\"wp-block-heading\"><strong>Comisiones ISA<\/strong><\/h2>\n\n\n\n<p>Algunos proveedores de Cuentas de Ahorro Individuales pueden cobrar una comisi\u00f3n de gesti\u00f3n anual o comisiones por transacciones de compra y venta. <a href=\"https:\/\/adamfayed.com\/es\/investment-options\/\">opciones de inversi\u00f3n<\/a>.<\/p>\n\n\n\n<div style=\"height:23px\" aria-hidden=\"true\" class=\"wp-block-spacer\"><\/div>\n\n\n\n<h2 class=\"wp-block-heading\"><strong>Ventajas e inconvenientes de las cuentas ISA<\/strong><\/h2>\n\n\n\n<div class=\"wp-block-group is-layout-constrained wp-block-group-is-layout-constrained\">\n<figure class=\"wp-block-image alignright size-medium is-resized\"><img decoding=\"async\" width=\"300\" height=\"300\" src=\"https:\/\/adamfayed.com\/wp-content\/uploads\/2024\/04\/isa-fees-300x300.webp\" alt=\"ISA Fees\" class=\"wp-image-85160\" style=\"width:229px;height:auto\" srcset=\"https:\/\/adamfayed.com\/wp-content\/uploads\/2024\/04\/isa-fees-300x300.webp 300w, https:\/\/adamfayed.com\/wp-content\/uploads\/2024\/04\/isa-fees-512x512.webp 512w, https:\/\/adamfayed.com\/wp-content\/uploads\/2024\/04\/isa-fees-150x150.webp 150w, https:\/\/adamfayed.com\/wp-content\/uploads\/2024\/04\/isa-fees-768x768.webp 768w, https:\/\/adamfayed.com\/wp-content\/uploads\/2024\/04\/isa-fees-scaled.webp 825w\" sizes=\"(max-width: 300px) 100vw, 300px\" \/><\/figure>\n<\/div>\n\n\n\n<p>A continuaci\u00f3n figuran algunos de los <a href=\"https:\/\/adamfayed.com\/es\/investment-options\/individual-savings-account\/advantages-and-disadvantages-of-isa\/\">ventajas e inconvenientes de las ISA<\/a>:<\/p>\n\n\n\n<h3 class=\"wp-block-heading\">Ventajas de las cuentas individuales para inversores<\/h3>\n\n\n\n<p>Las Cuentas de Ahorro Individual permiten invertir de forma fiscalmente eficiente con rendimientos libres de impuestos. Los inversores pueden acceder a una gran variedad de activos a trav\u00e9s de las cuentas individuales de ahorro en acciones, y pueden retirar dinero sin deducciones de su asignaci\u00f3n. Ayudan a los inversores con sus <a href=\"https:\/\/adamfayed.com\/es\/financial-planning\/personal-financial-planning\/the-retirement-plan-guide\/\">plan de jubilaci\u00f3n<\/a> permiti\u00e9ndoles asignar fondos para el crecimiento a largo plazo.<\/p>\n\n\n\n<h3 class=\"wp-block-heading\">Desventajas de un ISA<\/h3>\n\n\n\n<p>El riesgo de mercado, los l\u00edmites m\u00e1ximos de aportaci\u00f3n anual y la ausencia de aportaciones del empleador son algunos de los inconvenientes de las cuentas individuales. Pueden no ser apropiadas para personas con objetivos a corto plazo o que necesiten acceso instant\u00e1neo al dinero, ya que las retiradas anticipadas podr\u00edan acarrear multas.<\/p>\n\n\n\n<p><\/p>\n\n\n\n<p><strong>\u00bfLe duele la indecisi\u00f3n financiera? <\/strong><\/p>\n\n\n\n<figure class=\"wp-block-image size-large is-resized\"><img decoding=\"async\" width=\"512\" height=\"288\" src=\"https:\/\/adamfayed.com\/wp-content\/uploads\/2025\/03\/Adam-Fayed-Contact_CTA3-512x288.jpg\" alt=\"\" class=\"wp-image-117505\" style=\"width:683px;height:auto\" srcset=\"https:\/\/adamfayed.com\/wp-content\/uploads\/2025\/03\/Adam-Fayed-Contact_CTA3-512x288.jpg 512w, https:\/\/adamfayed.com\/wp-content\/uploads\/2025\/03\/Adam-Fayed-Contact_CTA3-300x169.jpg 300w, https:\/\/adamfayed.com\/wp-content\/uploads\/2025\/03\/Adam-Fayed-Contact_CTA3-768x432.jpg 768w, https:\/\/adamfayed.com\/wp-content\/uploads\/2025\/03\/Adam-Fayed-Contact_CTA3-scaled.jpg 825w\" sizes=\"(max-width: 512px) 100vw, 512px\" \/><\/figure>\n\n\n\n<div style=\"height:10px\" aria-hidden=\"true\" class=\"wp-block-spacer\"><\/div>\n\n\n\n<div class=\"wp-block-buttons is-layout-flex wp-block-buttons-is-layout-flex\">\n<div class=\"wp-block-button\"><a class=\"wp-block-button__link wp-element-button\" href=\"https:\/\/adamfayed.com\/es\/become-adams-client\/\">Convi\u00e9rtase en mi cliente<\/a><\/div>\n\n\n\n<div class=\"wp-block-button\"><a class=\"wp-block-button__link wp-element-button\" href=\"https:\/\/adamfayed.com\/es\/good-match-quiz\/\" target=\"_blank\" rel=\"noreferrer noopener\">Realice el cuestionario de elegibilidad de clientes<\/a><\/div>\n\n\n\n<div class=\"wp-block-button\"><a class=\"wp-block-button__link wp-element-button\" href=\"https:\/\/adamfayed.com\/es\/contact\/\" target=\"_blank\" rel=\"noreferrer noopener\">P\u00f3ngase en contacto con<\/a><\/div>\n<\/div>\n\n\n\n<p><strong>Adam es un autor reconocido internacionalmente en temas financieros, con m\u00e1s de 830 millones de respuestas en Quora, un libro muy vendido en Amazon y colaborador de Forbes.<\/strong><\/p>","protected":false},"excerpt":{"rendered":"<p>Cuenta de ahorro individual (ISA)<\/p>","protected":false},"author":16,"featured_media":85159,"parent":79603,"menu_order":0,"comment_status":"open","ping_status":"closed","template":"","meta":{"rop_custom_images_group":[],"rop_custom_messages_group":[],"rop_publish_now":"initial","rop_publish_now_accounts":{"facebook_10166176115445471_100883565069113":""},"rop_publish_now_history":[],"rop_publish_now_status":"pending","footnotes":""},"class_list":["post-83571","page","type-page","status-publish","has-post-thumbnail","hentry"],"_links":{"self":[{"href":"https:\/\/adamfayed.com\/es\/wp-json\/wp\/v2\/pages\/83571","targetHints":{"allow":["GET"]}}],"collection":[{"href":"https:\/\/adamfayed.com\/es\/wp-json\/wp\/v2\/pages"}],"about":[{"href":"https:\/\/adamfayed.com\/es\/wp-json\/wp\/v2\/types\/page"}],"author":[{"embeddable":true,"href":"https:\/\/adamfayed.com\/es\/wp-json\/wp\/v2\/users\/16"}],"replies":[{"embeddable":true,"href":"https:\/\/adamfayed.com\/es\/wp-json\/wp\/v2\/comments?post=83571"}],"version-history":[{"count":2,"href":"https:\/\/adamfayed.com\/es\/wp-json\/wp\/v2\/pages\/83571\/revisions"}],"predecessor-version":[{"id":132034,"href":"https:\/\/adamfayed.com\/es\/wp-json\/wp\/v2\/pages\/83571\/revisions\/132034"}],"up":[{"embeddable":true,"href":"https:\/\/adamfayed.com\/es\/wp-json\/wp\/v2\/pages\/79603"}],"wp:featuredmedia":[{"embeddable":true,"href":"https:\/\/adamfayed.com\/es\/wp-json\/wp\/v2\/media\/85159"}],"wp:attachment":[{"href":"https:\/\/adamfayed.com\/es\/wp-json\/wp\/v2\/media?parent=83571"}],"curies":[{"name":"wp","href":"https:\/\/api.w.org\/{rel}","templated":true}]}}