{"id":83604,"date":"2024-04-07T22:03:47","date_gmt":"2024-04-07T22:03:47","guid":{"rendered":"https:\/\/adamfayed.com\/?page_id=83604"},"modified":"2024-05-20T12:04:54","modified_gmt":"2024-05-20T12:04:54","slug":"how-to-become-a-wealth-manager","status":"publish","type":"page","link":"https:\/\/adamfayed.com\/es\/financial-planning\/personal-financial-planning\/how-to-become-a-wealth-manager\/","title":{"rendered":"C\u00f3mo convertirse en gestor de patrimonios"},"content":{"rendered":"<p>Esta p\u00e1gina tratar\u00e1 en particular de c\u00f3mo convertirse en gestor de patrimonios. <\/p>\n\n\n\n<p>Ser gestor de patrimonios es una carrera que requiere una combinaci\u00f3n de formaci\u00f3n, experiencia y habilidades espec\u00edficas.<\/p>\n\n\n\n<p>Los objetivos de <a href=\"https:\/\/adamfayed.com\/es\/financial-planning\/expat-financial-advisor\/expat-wealth-management\/\">gesti\u00f3n de patrimonios<\/a> y la inversi\u00f3n son similares en el sentido de que ambas se centran en el crecimiento y la conservaci\u00f3n de los activos a largo plazo, lo que ayuda a <a href=\"https:\/\/adamfayed.com\/es\/financial-planning\/personal-financial-planning\/\">planificaci\u00f3n financiera personal<\/a>. <\/p>\n\n\n\n<p>Si tiene alguna pregunta o desea invertir como expatriado o particular con un elevado patrimonio neto, puede enviarme un correo electr\u00f3nico (advice@adamfayed.com) o utilizar&nbsp;<a href=\"https:\/\/adamfayed.com\/es\/contact\/\">estas opciones de contacto.<\/a><\/p>\n\n\n\n<p>Invertir es distribuir capital entre diversos instrumentos financieros como <a href=\"https:\/\/adamfayed.com\/es\/investment-options\/what-are-mutual-funds\/\">fondos de inversi\u00f3n<\/a>, <a href=\"https:\/\/adamfayed.com\/es\/investment-options\/what-are-stocks\/\">acciones<\/a>, <a href=\"https:\/\/adamfayed.com\/es\/investment-options\/what-are-bonds\/\">bonos<\/a>, e inmobiliaria. &nbsp;<a class=\"wpil_keyword_link\" href=\"https:\/\/adamfayed.com\/es\/\" title=\"Gesti\u00f3n de patrimonios\" data-wpil-keyword-link=\"linked\">Gesti\u00f3n de patrimonios<\/a> engloba servicios m\u00e1s amplios destinados a optimizar la situaci\u00f3n financiera de una persona o familia.<\/p>\n\n\n\n<p>Las ideas sobre <a href=\"https:\/\/adamfayed.com\/es\/financial-planning\/personal-financial-planning\/how-to-become-a-wealth-manager\/\">c\u00f3mo convertirse en gestor de patrimonios<\/a> que se comentan a continuaci\u00f3n son bastante \u00fatiles.<\/p>\n\n\n\n<h2 class=\"wp-block-heading\">C\u00f3mo convertirse en gestor de patrimonios<\/h2>\n\n\n\n<figure class=\"wp-block-image alignleft size-medium\"><img fetchpriority=\"high\" decoding=\"async\" width=\"300\" height=\"300\" src=\"https:\/\/adamfayed.com\/wp-content\/uploads\/2024\/04\/becoming-a-wealth-manager-300x300.webp\" alt=\"How to Become a Wealth Manager\" class=\"wp-image-83863\" srcset=\"https:\/\/adamfayed.com\/wp-content\/uploads\/2024\/04\/becoming-a-wealth-manager-300x300.webp 300w, https:\/\/adamfayed.com\/wp-content\/uploads\/2024\/04\/becoming-a-wealth-manager-512x512.webp 512w, https:\/\/adamfayed.com\/wp-content\/uploads\/2024\/04\/becoming-a-wealth-manager-150x150.webp 150w, https:\/\/adamfayed.com\/wp-content\/uploads\/2024\/04\/becoming-a-wealth-manager-768x768.webp 768w, https:\/\/adamfayed.com\/wp-content\/uploads\/2024\/04\/becoming-a-wealth-manager-scaled.webp 825w\" sizes=\"(max-width: 300px) 100vw, 300px\" \/><\/figure>\n\n\n\n<p>Los gestores de patrimonios son profesionales financieros que ayudan a particulares y familias a gestionar su patrimonio, lo que incluye <a href=\"https:\/\/adamfayed.com\/es\/expats\/what-are-the-best-investing-options-for-american-expats-in-2023\/\">inversiones<\/a>, La planificaci\u00f3n patrimonial y el establecimiento de objetivos financieros. Si est\u00e1 interesado en seguir una carrera como gestor de patrimonios, hay varios pasos clave que debe tener en cuenta.<\/p>\n\n\n\n<h3 class=\"wp-block-heading\">Formaci\u00f3n y cualificaciones<\/h3>\n\n\n\n<p>Para convertirse en gestor de patrimonios, se requiere una s\u00f3lida formaci\u00f3n en <a href=\"https:\/\/adamfayed.com\/es\/finance-meaning-types-and-other-terms\/\">finanzas<\/a>, Es esencial tener una licenciatura en Administraci\u00f3n de Empresas, Econom\u00eda o un campo relacionado. Cursar un m\u00e1ster, como un M\u00e1ster en Administraci\u00f3n de Empresas (MBA) o un M\u00e1ster en Finanzas, puede proporcionar una ventaja competitiva en el mercado laboral y mejorar tus conocimientos en gesti\u00f3n financiera.<\/p>\n\n\n\n<h3 class=\"wp-block-heading\">Adquirir experiencia relevante<\/h3>\n\n\n\n<p>Una vez finalizados los estudios, es fundamental adquirir experiencia relevante en el sector financiero. Los puestos de nivel inicial en planificaci\u00f3n financiera, banca de inversi\u00f3n o an\u00e1lisis financiero pueden aportar una valiosa experiencia y conocimientos del sector. Muchos aspirantes a gestores de patrimonios comienzan su carrera como analistas financieros, asesores de inversi\u00f3n o asesores financieros. <a href=\"https:\/\/adamfayed.com\/es\/financial-planning\/expat-financial-advisor\/financial-consultant\/\">consultores financieros<\/a> construir una base de conocimientos y habilidades.<\/p>\n\n\n\n<h3 class=\"wp-block-heading\">Obtener la certificaci\u00f3n de gesti\u00f3n de patrimonios<\/h3>\n\n\n\n<figure class=\"wp-block-image alignright size-medium\"><img decoding=\"async\" width=\"300\" height=\"300\" src=\"https:\/\/adamfayed.com\/wp-content\/uploads\/2024\/04\/Wealth-Management-Certification-300x300.webp\" alt=\"Wealth Management Certification\" class=\"wp-image-83862\" srcset=\"https:\/\/adamfayed.com\/wp-content\/uploads\/2024\/04\/Wealth-Management-Certification-300x300.webp 300w, https:\/\/adamfayed.com\/wp-content\/uploads\/2024\/04\/Wealth-Management-Certification-512x512.webp 512w, https:\/\/adamfayed.com\/wp-content\/uploads\/2024\/04\/Wealth-Management-Certification-150x150.webp 150w, https:\/\/adamfayed.com\/wp-content\/uploads\/2024\/04\/Wealth-Management-Certification-768x768.webp 768w, https:\/\/adamfayed.com\/wp-content\/uploads\/2024\/04\/Wealth-Management-Certification-scaled.webp 825w\" sizes=\"(max-width: 300px) 100vw, 300px\" \/><\/figure>\n\n\n\n<p>Obtener una certificaci\u00f3n en gesti\u00f3n de patrimonios puede mejorar significativamente su credibilidad y sus posibilidades de comercializaci\u00f3n como gestor de patrimonios.<\/p>\n\n\n\n<p>Varias organizaciones de renombre ofrecen certificaciones espec\u00edficamente adaptadas a la gesti\u00f3n de patrimonios, como la <a href=\"https:\/\/www.finra.org\/investors\/professional-designations\/cpwa\" target=\"_blank\" rel=\"noopener\">Asesor certificado en patrimonio privado<\/a> (CPWA), <a href=\"https:\/\/www.cfp.net\/\" target=\"_blank\" rel=\"noopener\">Planificador financiero certificado<\/a> (CFP), o <a href=\"https:\/\/www.cfainstitute.org\/en\/programs\/cfa\" target=\"_blank\" rel=\"noopener\">Analista financiero titulado<\/a> (CFA).<\/p>\n\n\n\n<p>Estas certificaciones demuestran su experiencia en gesti\u00f3n de patrimonios, planificaci\u00f3n financiera y estrategias de inversi\u00f3n.<\/p>\n\n\n\n<h3 class=\"wp-block-heading\">Buscar trabajo de gestor de patrimonios<\/h3>\n\n\n\n<p>Una vez que haya obtenido la formaci\u00f3n, experiencia y certificaciones necesarias, es el momento de buscar trabajo como gestor de patrimonio.<\/p>\n\n\n\n<p>Los gestores de patrimonios pueden trabajar en diversos entornos, incluidas las instituciones financieras, <a href=\"https:\/\/adamfayed.com\/es\/insurance\/insurance-providers\/\">proveedores de inversi\u00f3n<\/a>, <a href=\"https:\/\/adamfayed.com\/es\/emirates-nbd-private-bank-for-expats-7-key-insights\/\">bancos privados<\/a>, y empresas de gesti\u00f3n de patrimonios. Establecer contactos en el sector, aprovechar las conexiones profesionales y buscar activamente oportunidades de empleo pueden ayudarle a conseguir un puesto como gestor de patrimonios.<\/p>\n\n\n\n<h3 class=\"wp-block-heading\">Considere la posibilidad de especializarse como gestor de patrimonios privados<\/h3>\n\n\n\n<p>Algunos gestores de patrimonios optan por especializarse en la gesti\u00f3n de patrimonios privados, atendiendo a particulares y familias con grandes patrimonios.<\/p>\n\n\n\n<p>Los gestores de patrimonios privados suelen ocuparse de carteras financieras complejas, planificaci\u00f3n patrimonial, <a href=\"https:\/\/adamfayed.com\/es\/financial-planning\/personal-financial-planning\/expat-tax\/\">planificaci\u00f3n fiscal<\/a>, y soluciones financieras personalizadas para clientes acaudalados.<\/p>\n\n\n\n<p>Especializarse en la gesti\u00f3n de patrimonios privados suele requerir un profundo conocimiento de instrumentos financieros sofisticados y la capacidad de navegar por intrincados panoramas financieros.<\/p>\n\n\n\n<p><strong>\u00bfLe duele la indecisi\u00f3n financiera? <\/strong><\/p>\n\n\n\n<figure class=\"wp-block-image size-large is-resized\"><img decoding=\"async\" width=\"512\" height=\"288\" src=\"https:\/\/adamfayed.com\/wp-content\/uploads\/2025\/03\/Adam-Fayed-Contact_CTA3-512x288.jpg\" alt=\"\" class=\"wp-image-117505\" style=\"width:683px;height:auto\" srcset=\"https:\/\/adamfayed.com\/wp-content\/uploads\/2025\/03\/Adam-Fayed-Contact_CTA3-512x288.jpg 512w, https:\/\/adamfayed.com\/wp-content\/uploads\/2025\/03\/Adam-Fayed-Contact_CTA3-300x169.jpg 300w, https:\/\/adamfayed.com\/wp-content\/uploads\/2025\/03\/Adam-Fayed-Contact_CTA3-768x432.jpg 768w, https:\/\/adamfayed.com\/wp-content\/uploads\/2025\/03\/Adam-Fayed-Contact_CTA3-scaled.jpg 825w\" sizes=\"(max-width: 512px) 100vw, 512px\" \/><\/figure>\n\n\n\n<div style=\"height:10px\" aria-hidden=\"true\" class=\"wp-block-spacer\"><\/div>\n\n\n\n<div class=\"wp-block-buttons is-layout-flex wp-block-buttons-is-layout-flex\">\n<div class=\"wp-block-button\"><a class=\"wp-block-button__link wp-element-button\" href=\"https:\/\/adamfayed.com\/es\/become-adams-client\/\">Convi\u00e9rtase en mi cliente<\/a><\/div>\n\n\n\n<div class=\"wp-block-button\"><a class=\"wp-block-button__link wp-element-button\" href=\"https:\/\/adamfayed.com\/es\/good-match-quiz\/\" target=\"_blank\" rel=\"noreferrer noopener\">Realice el cuestionario de elegibilidad de clientes<\/a><\/div>\n\n\n\n<div class=\"wp-block-button\"><a class=\"wp-block-button__link wp-element-button\" href=\"https:\/\/adamfayed.com\/es\/contact\/\" target=\"_blank\" rel=\"noreferrer noopener\">P\u00f3ngase en contacto con<\/a><\/div>\n<\/div>\n\n\n\n<p><strong>Adam es un autor reconocido internacionalmente en temas financieros, con m\u00e1s de 830 millones de respuestas en Quora, un libro muy vendido en Amazon y colaborador de Forbes.<\/strong><\/p>","protected":false},"excerpt":{"rendered":"<p>C\u00f3mo convertirse en gestor de patrimonios<\/p>","protected":false},"author":16,"featured_media":83861,"parent":73747,"menu_order":0,"comment_status":"open","ping_status":"closed","template":"","meta":{"rop_custom_images_group":[],"rop_custom_messages_group":[],"rop_publish_now":"initial","rop_publish_now_accounts":{"facebook_10166176115445471_100883565069113":""},"rop_publish_now_history":[],"rop_publish_now_status":"pending","footnotes":""},"class_list":["post-83604","page","type-page","status-publish","has-post-thumbnail","hentry"],"_links":{"self":[{"href":"https:\/\/adamfayed.com\/es\/wp-json\/wp\/v2\/pages\/83604","targetHints":{"allow":["GET"]}}],"collection":[{"href":"https:\/\/adamfayed.com\/es\/wp-json\/wp\/v2\/pages"}],"about":[{"href":"https:\/\/adamfayed.com\/es\/wp-json\/wp\/v2\/types\/page"}],"author":[{"embeddable":true,"href":"https:\/\/adamfayed.com\/es\/wp-json\/wp\/v2\/users\/16"}],"replies":[{"embeddable":true,"href":"https:\/\/adamfayed.com\/es\/wp-json\/wp\/v2\/comments?post=83604"}],"version-history":[{"count":2,"href":"https:\/\/adamfayed.com\/es\/wp-json\/wp\/v2\/pages\/83604\/revisions"}],"predecessor-version":[{"id":87376,"href":"https:\/\/adamfayed.com\/es\/wp-json\/wp\/v2\/pages\/83604\/revisions\/87376"}],"up":[{"embeddable":true,"href":"https:\/\/adamfayed.com\/es\/wp-json\/wp\/v2\/pages\/73747"}],"wp:featuredmedia":[{"embeddable":true,"href":"https:\/\/adamfayed.com\/es\/wp-json\/wp\/v2\/media\/83861"}],"wp:attachment":[{"href":"https:\/\/adamfayed.com\/es\/wp-json\/wp\/v2\/media?parent=83604"}],"curies":[{"name":"wp","href":"https:\/\/api.w.org\/{rel}","templated":true}]}}