{"id":83609,"date":"2024-04-01T19:12:02","date_gmt":"2024-04-01T19:12:02","guid":{"rendered":"https:\/\/adamfayed.com\/?page_id=83609"},"modified":"2025-12-05T02:07:04","modified_gmt":"2025-12-05T02:07:04","slug":"finance","status":"publish","type":"page","link":"https:\/\/adamfayed.com\/es\/finance\/","title":{"rendered":"Finanzas: Significado, tipos y otros t\u00e9rminos"},"content":{"rendered":"<p>En esta p\u00e1gina se definen las finanzas y se exploran otros conceptos relacionados con ellas.<\/p>\n\n\n\n<p>En concreto, los temas incluyen:<\/p>\n\n\n\n<ul class=\"wp-block-list\">\n<li>Finanzas Significado<\/li>\n\n\n\n<li>Tipos de financiaci\u00f3n<\/li>\n\n\n\n<li>Sector financiero<\/li>\n<\/ul>\n\n\n\n<p><\/p>\n\n\n\n<p>Si desea invertir como expatriado o particular con un elevado patrimonio neto, que es en lo que estoy especializado, puede enviarme un correo electr\u00f3nico (advice@adamfayed.com) o WhatsApp (+44-7393-450-837).<\/p>\n\n\n\n<p>Saber qu\u00e9 son las finanzas es importante para comprender los fundamentos y tomar mejores decisiones de inversi\u00f3n con la ayuda de un asesor financiero. &nbsp;<\/p>\n\n\n\n<div style=\"height:29px\" aria-hidden=\"true\" class=\"wp-block-spacer\"><\/div>\n\n\n\n<h2 class=\"wp-block-heading\"><strong>Finanzas Significado<\/strong><\/h2>\n\n\n\n<figure class=\"wp-block-image alignright size-medium is-resized\"><img fetchpriority=\"high\" decoding=\"async\" width=\"300\" height=\"300\" src=\"https:\/\/adamfayed.com\/wp-content\/uploads\/2024\/04\/finance-meaning-300x300.webp\" alt=\"Finance Meaning\" class=\"wp-image-83619\" style=\"width:187px;height:auto\" srcset=\"https:\/\/adamfayed.com\/wp-content\/uploads\/2024\/04\/finance-meaning-300x300.webp 300w, https:\/\/adamfayed.com\/wp-content\/uploads\/2024\/04\/finance-meaning-512x512.webp 512w, https:\/\/adamfayed.com\/wp-content\/uploads\/2024\/04\/finance-meaning-150x150.webp 150w, https:\/\/adamfayed.com\/wp-content\/uploads\/2024\/04\/finance-meaning-768x768.webp 768w, https:\/\/adamfayed.com\/wp-content\/uploads\/2024\/04\/finance-meaning-scaled.webp 825w\" sizes=\"(max-width: 300px) 100vw, 300px\" \/><\/figure>\n\n\n\n<p>Este <a rel=\"nofollow noopener\" href=\"https:\/\/www.bestcolleges.com\/business\/what-is-finance\/\" target=\"_blank\">campo<\/a> se dedica al estudio y la gesti\u00f3n de activos monetarios y de capital. Incluye la elaboraci\u00f3n de planes, presupuestos, inversiones y pr\u00e9stamos, <a href=\"https:\/\/adamfayed.com\/es\/investment-options\/peer-to-peer-lending\/\">pr\u00e9stamo<\/a>, ahorro y previsiones. Las finanzas personales, empresariales y p\u00fablicas son las tres categor\u00edas principales.<\/p>\n\n\n\n<p>Otras \u00e1reas como la gesti\u00f3n de activos, riesgos e inversiones desempe\u00f1an papeles importantes en los sistemas financieros, lo que implica gestionar fondos para optimizar el valor y disminuir la volatilidad.<\/p>\n\n\n\n<div style=\"height:9px\" aria-hidden=\"true\" class=\"wp-block-spacer\"><\/div>\n\n\n\n<h3 class=\"wp-block-heading\">Gesti\u00f3n de inversiones<\/h3>\n\n\n\n<p>Cuando personas, organizaciones u otras entidades <a rel=\"nofollow noopener\" href=\"https:\/\/emeritus.org\/in\/learn\/finance-investment-management\/\" target=\"_blank\">contratar<\/a> expertos para supervisar sus activos financieros, lo que se conoce como gesti\u00f3n de inversiones. Para lograr objetivos de inversi\u00f3n como la plusval\u00eda, la producci\u00f3n de ingresos o la reducci\u00f3n del riesgo, los gestores de inversiones deciden c\u00f3mo distribuir el capital entre los distintos activos financieros.<\/p>\n\n\n\n<div style=\"height:18px\" aria-hidden=\"true\" class=\"wp-block-spacer\"><\/div>\n\n\n\n<h3 class=\"wp-block-heading\">Gesti\u00f3n de activos<\/h3>\n\n\n\n<p>La gesti\u00f3n de activos es un <a href=\"https:\/\/corporatefinanceinstitute.com\/resources\/career-map\/sell-side\/capital-markets\/asset-management\/\" target=\"_blank\" rel=\"noopener\">paraguas<\/a> palabra que incluye la administraci\u00f3n de diversos activos en manos de personas u organizaciones, sin limitarse a las inversiones. Con el fin de generar beneficios para sus clientes, <a href=\"https:\/\/adamfayed.com\/es\/review-articles\/tam-asset-management-review\/\">gestores de activos<\/a> planificar y llevar a cabo planes de inversi\u00f3n.<\/p>\n\n\n\n<div style=\"height:18px\" aria-hidden=\"true\" class=\"wp-block-spacer\"><\/div>\n\n\n\n<h3 class=\"wp-block-heading\">Gesti\u00f3n de patrimonios<\/h3>\n\n\n\n<p>Para clientes con un patrimonio neto de moderado a alto, <a href=\"https:\/\/adamfayed.com\/es\/financial-planning\/expat-financial-advisor\/expat-wealth-management\/\">gesti\u00f3n de patrimonios<\/a> ofrece un servicio financiero exhaustivo que puede ayudarles a alcanzar sus objetivos financieros, reducir su exposici\u00f3n al riesgo y hacer crecer su patrimonio.<\/p>\n\n\n\n<div style=\"height:18px\" aria-hidden=\"true\" class=\"wp-block-spacer\"><\/div>\n\n\n\n<h3 class=\"wp-block-heading\">Gesti\u00f3n de riesgos<\/h3>\n\n\n\n<p>La gesti\u00f3n de riesgos no s\u00f3lo consiste en detectar y evaluar las amenazas potenciales, sino tambi\u00e9n en elegir y ejecutar planes para reducir su impacto. <a href=\"https:\/\/www.nasdaq.com\/glossary\/r\/risk-management\" target=\"_blank\" rel=\"noopener\">amenazas<\/a>.<\/p>\n\n\n\n<div style=\"height:18px\" aria-hidden=\"true\" class=\"wp-block-spacer\"><\/div>\n\n\n\n<h3 class=\"wp-block-heading\">Finanzas vs. Contabilidad<\/h3>\n\n\n\n<p>El enfoque y el alcance son los <a rel=\"nofollow noopener\" href=\"https:\/\/www.snhu.edu\/about-us\/newsroom\/business\/finance-vs-accounting\" target=\"_blank\">principales diferencias<\/a> entre ambos. Las finanzas se centran en el futuro y tratan temas como la gesti\u00f3n del dinero, la realizaci\u00f3n de inversiones, los pr\u00e9stamos y el uso del an\u00e1lisis predictivo para obtener los mejores rendimientos y los menores riesgos.<\/p>\n\n\n\n<p>Alternativamente, <a href=\"https:\/\/adamfayed.com\/es\/financial-planning\/expat-financial-advisor\/financial-advisor-vs-accountant\/\">contabilidad<\/a> se basa tanto en el pasado como en el presente e incluye tareas como llevar registros, elaborar informes financieros y compartir informaci\u00f3n financiera sobre una organizaci\u00f3n.<\/p>\n\n\n\n<div style=\"height:18px\" aria-hidden=\"true\" class=\"wp-block-spacer\"><\/div>\n\n\n\n<h3 class=\"wp-block-heading\">Finanzas vs Econom\u00eda<\/h3>\n\n\n\n<p>Mientras que la econom\u00eda adopta una postura m\u00e1s hol\u00edstica de ciencia social, las finanzas son m\u00e1s <a rel=\"nofollow noopener\" href=\"https:\/\/study.uq.edu.au\/stories\/finance-vs-economics\" target=\"_blank\">centrado<\/a> en el aqu\u00ed y ahora, haciendo hincapi\u00e9 en la gesti\u00f3n eficiente del dinero. Al examinar la creaci\u00f3n, la transferencia y el consumo de productos y servicios, la econom\u00eda trata de entender c\u00f3mo las comunidades utilizan sus recursos finitos para satisfacer deseos y necesidades.<\/p>\n\n\n\n<div style=\"height:29px\" aria-hidden=\"true\" class=\"wp-block-spacer\"><\/div>\n\n\n\n<h2 class=\"wp-block-heading\"><strong>Tipos de financiaci\u00f3n<\/strong><\/h2>\n\n\n\n<h3 class=\"wp-block-heading\">Finanzas personales<\/h3>\n\n\n\n<figure class=\"wp-block-image alignright size-medium is-resized\"><img decoding=\"async\" width=\"300\" height=\"300\" src=\"https:\/\/adamfayed.com\/wp-content\/uploads\/2024\/04\/types-of-finance-300x300.webp\" alt=\"Types of Finance\" class=\"wp-image-83621\" style=\"width:243px;height:auto\" srcset=\"https:\/\/adamfayed.com\/wp-content\/uploads\/2024\/04\/types-of-finance-300x300.webp 300w, https:\/\/adamfayed.com\/wp-content\/uploads\/2024\/04\/types-of-finance-512x512.webp 512w, https:\/\/adamfayed.com\/wp-content\/uploads\/2024\/04\/types-of-finance-150x150.webp 150w, https:\/\/adamfayed.com\/wp-content\/uploads\/2024\/04\/types-of-finance-768x768.webp 768w, https:\/\/adamfayed.com\/wp-content\/uploads\/2024\/04\/types-of-finance-scaled.webp 825w\" sizes=\"(max-width: 300px) 100vw, 300px\" \/><\/figure>\n\n\n\n<p>Los principios b\u00e1sicos de esta categor\u00eda incluyen la administraci\u00f3n cuidadosa de los ingresos, los ahorros, las inversiones, las decisiones de gasto y la protecci\u00f3n de los activos para alcanzar los objetivos financieros.<\/p>\n\n\n\n<p>A <a href=\"https:\/\/adamfayed.com\/es\/financial-planning\/expat-financial-advisor\/personal-financial-advisor\/\">asesor financiero personal<\/a> puede ayudar con esto.<\/p>\n\n\n\n<h3 class=\"wp-block-heading\">Financiaci\u00f3n de servicios<\/h3>\n\n\n\n<p>La gesti\u00f3n de acuerdos de compra, inversiones, financiaci\u00f3n, asignaci\u00f3n de capital, mitigaci\u00f3n de riesgos e impuestos son partes vitales de este tipo, necesario para el crecimiento de una empresa en los mercados financieros.<\/p>\n\n\n\n<div style=\"height:7px\" aria-hidden=\"true\" class=\"wp-block-spacer\"><\/div>\n\n\n\n<h3 class=\"wp-block-heading\">Finanzas corporativas<\/h3>\n\n\n\n<p>La gesti\u00f3n del dinero de una empresa es su principal objetivo, que tambi\u00e9n incluye la presupuestaci\u00f3n del capital, la elaboraci\u00f3n de informes financieros, la evaluaci\u00f3n de riesgos y la planificaci\u00f3n a largo plazo de la captaci\u00f3n de fondos mediante acciones o deuda.<\/p>\n\n\n\n<div style=\"height:18px\" aria-hidden=\"true\" class=\"wp-block-spacer\"><\/div>\n\n\n\n<h3 class=\"wp-block-heading\">Finanzas p\u00fablicas<\/h3>\n\n\n\n<p>La asignaci\u00f3n eficiente de recursos y la estabilidad econ\u00f3mica son los objetivos generales de este subcampo, que implica la supervisi\u00f3n a varios niveles de los ingresos, el gasto y la deuda p\u00fablicos.<\/p>\n\n\n\n<div style=\"height:18px\" aria-hidden=\"true\" class=\"wp-block-spacer\"><\/div>\n\n\n\n<h3 class=\"wp-block-heading\">Finanzas conductuales<\/h3>\n\n\n\n<p>Este <a href=\"https:\/\/corporatefinanceinstitute.com\/resources\/career-map\/sell-side\/capital-markets\/behavioral-finance\/\" target=\"_blank\" rel=\"noopener\">subcampo<\/a> estudia el papel de las emociones en las decisiones de inversi\u00f3n y otros procesos de toma de decisiones financieras.<\/p>\n\n\n\n<div style=\"height:18px\" aria-hidden=\"true\" class=\"wp-block-spacer\"><\/div>\n\n\n\n<h3 class=\"wp-block-heading\">Finanzas internacionales<\/h3>\n\n\n\n<p>La gesti\u00f3n financiera de multinacionales, incluida la comprensi\u00f3n de los mercados extranjeros y la normativa financiera, es el centro de esta \u00e1rea de especializaci\u00f3n.<\/p>\n\n\n\n<div style=\"height:18px\" aria-hidden=\"true\" class=\"wp-block-spacer\"><\/div>\n\n\n\n<h3 class=\"wp-block-heading\">Financiaci\u00f3n de inversiones<\/h3>\n\n\n\n<p>El objetivo es generar ingresos en el futuro por muchos medios, incluida una cuidadosa supervisi\u00f3n del capital en activos como bonos, bienes inmuebles, <a href=\"https:\/\/adamfayed.com\/es\/investment-options\/what-are-stocks\/\">acciones<\/a>, y otros valores.&nbsp;<\/p>\n\n\n\n<div style=\"height:18px\" aria-hidden=\"true\" class=\"wp-block-spacer\"><\/div>\n\n\n\n<h3 class=\"wp-block-heading\">Finanzas isl\u00e1micas<\/h3>\n\n\n\n<p>Este tipo proh\u00edbe los intereses y las inversiones en empresas consideradas ilegales por <a href=\"https:\/\/adamfayed.com\/es\/expats\/expat-guide\/wealth-management-for-muslim-expats-what-you-should-know\/\" data-type=\"link\" data-id=\"https:\/\/adamfayed.com\/expats\/expat-guide\/wealth-management-for-muslim-expats-what-you-should-know\/\">Ley isl\u00e1mica<\/a>.<\/p>\n\n\n\n<div style=\"height:18px\" aria-hidden=\"true\" class=\"wp-block-spacer\"><\/div>\n\n\n\n<h3 class=\"wp-block-heading\">Financiaci\u00f3n empresarial<\/h3>\n\n\n\n<p>El t\u00e9rmino hace referencia al amplio abanico de acciones financieras que conlleva la puesta en marcha, el crecimiento y la gesti\u00f3n de una nueva empresa.&nbsp;<\/p>\n\n\n\n<div style=\"height:18px\" aria-hidden=\"true\" class=\"wp-block-spacer\"><\/div>\n\n\n\n<h3 class=\"wp-block-heading\">Financiaci\u00f3n de la deuda<\/h3>\n\n\n\n<p>En ellos, los prestamistas prestan dinero y reciben intereses durante un periodo determinado. Estos instrumentos pueden incluir pr\u00e9stamos, <a href=\"https:\/\/adamfayed.com\/es\/investment-options\/what-are-bonds\/\">bonos<\/a>, y otras deudas.<\/p>\n\n\n\n<div style=\"height:18px\" aria-hidden=\"true\" class=\"wp-block-spacer\"><\/div>\n\n\n\n<h3 class=\"wp-block-heading\">Financiaci\u00f3n de capital<\/h3>\n\n\n\n<p>Las ventas de acciones de empresas se utilizan para recaudar fondos propios. Esta categor\u00eda no requiere reembolso.<\/p>\n\n\n\n<div style=\"height:18px\" aria-hidden=\"true\" class=\"wp-block-spacer\"><\/div>\n\n\n\n<h3 class=\"wp-block-heading\">Finanzas verdes<\/h3>\n\n\n\n<p>A la hora de invertir, esto significa dar prioridad a causas que beneficien a la sociedad y al medio ambiente.<\/p>\n\n\n\n<div style=\"height:18px\" aria-hidden=\"true\" class=\"wp-block-spacer\"><\/div>\n\n\n\n<h3 class=\"wp-block-heading\">Financiaci\u00f3n privada<\/h3>\n\n\n\n<p>Este tipo incluye la actividad de personas o grupos privados, no del gobierno.<\/p>\n\n\n\n<div style=\"height:18px\" aria-hidden=\"true\" class=\"wp-block-spacer\"><\/div>\n\n\n\n<h3 class=\"wp-block-heading\">Finanzas mundiales<\/h3>\n\n\n\n<p>Se refiere a la red interconectada de mercados financieros internacionales, organizaciones y acuerdos, que abarcan las transferencias transfronterizas de fondos, inversiones, divisas y servicios financieros.<\/p>\n\n\n\n<div style=\"height:29px\" aria-hidden=\"true\" class=\"wp-block-spacer\"><\/div>\n\n\n\n<h2 class=\"wp-block-heading\"><strong>Sector financiero<\/strong><\/h2>\n\n\n\n<p>Gesti\u00f3n del dinero, inversi\u00f3n, <a rel=\"nofollow\" href=\"https:\/\/adamfayed.com\/es\/financial-planning\/offshore-investment\/offshore-account\/offshore-asset-management\/\">gesti\u00f3n de activos<\/a>, La banca, los fondos de cobertura, los seguros y el sector inmobiliario son <a href=\"https:\/\/www.cmu.edu\/career\/documents\/industry-guides\/financial-tip-sheet.pdf\" target=\"_blank\" rel=\"noopener\">cubierta<\/a> del sector.<\/p>\n\n\n\n<div style=\"height:18px\" aria-hidden=\"true\" class=\"wp-block-spacer\"><\/div>\n\n\n\n<h3 class=\"wp-block-heading\">Breve historia de las finanzas<\/h3>\n\n\n\n<p>Las civilizaciones antiguas ten\u00edan bancos, pr\u00e9stamos y comercio, lo que dio lugar a las finanzas. Como bancos rudimentarios, los templos de Mesopotamia almacenaban objetos de valor y conced\u00edan pr\u00e9stamos. La moneda y la acu\u00f1aci\u00f3n de monedas en la antigua Grecia y Roma facilitaban el comercio. Los comerciantes europeos fundaron gremios e inventaron letras de cambio y pagar\u00e9s en la Edad Media.<\/p>\n\n\n\n<div style=\"height:18px\" aria-hidden=\"true\" class=\"wp-block-spacer\"><\/div>\n\n\n\n<h3 class=\"wp-block-heading\">Definici\u00f3n financiera<\/h3>\n\n\n\n<figure class=\"wp-block-image alignright size-medium is-resized\"><img decoding=\"async\" width=\"300\" height=\"300\" src=\"https:\/\/adamfayed.com\/wp-content\/uploads\/2024\/04\/financial-system-300x300.webp\" alt=\"Financial Definition\" class=\"wp-image-83622\" style=\"width:210px;height:auto\" srcset=\"https:\/\/adamfayed.com\/wp-content\/uploads\/2024\/04\/financial-system-300x300.webp 300w, https:\/\/adamfayed.com\/wp-content\/uploads\/2024\/04\/financial-system-512x512.webp 512w, https:\/\/adamfayed.com\/wp-content\/uploads\/2024\/04\/financial-system-150x150.webp 150w, https:\/\/adamfayed.com\/wp-content\/uploads\/2024\/04\/financial-system-768x768.webp 768w, https:\/\/adamfayed.com\/wp-content\/uploads\/2024\/04\/financial-system-scaled.webp 825w\" sizes=\"(max-width: 300px) 100vw, 300px\" \/><\/figure>\n\n\n\n<p>En sentido amplio, <a href=\"https:\/\/marketbusinessnews.com\/financial-glossary\/financial\/\" target=\"_blank\" rel=\"noopener\">cualquier cosa<\/a> Todo lo que tiene que ver con el dinero se considera financiero. Las decisiones sobre la asignaci\u00f3n y el uso de recursos para alcanzar determinados objetivos son el n\u00facleo de las preocupaciones financieras, que son importantes tanto en el \u00e1mbito individual como en el empresarial.<\/p>\n\n\n\n<p>Son muchos los \u00e1mbitos de estudio y pr\u00e1ctica que se ocupan del dinero y la banca, desde la econom\u00eda y la contabilidad hasta la gesti\u00f3n de inversiones y otros.<\/p>\n\n\n\n<div style=\"height:18px\" aria-hidden=\"true\" class=\"wp-block-spacer\"><\/div>\n\n\n\n<h3 class=\"wp-block-heading\">Sistema financiero<\/h3>\n\n\n\n<p><a href=\"https:\/\/adamfayed.com\/es\/category\/banking-review-articles\/\" data-type=\"link\" data-id=\"https:\/\/adamfayed.com\/category\/banking-review-articles\/\">Bancos<\/a>, <a href=\"https:\/\/adamfayed.com\/es\/insurance\/insurance-providers\/\">proveedores de seguros<\/a>, Los bancos centrales, las bolsas de valores y los bancos de inversi\u00f3n forman el sistema financiero para comerciar y mover capital. En este sistema regulador participan prestatarios, prestamistas e inversores. La planificaci\u00f3n centralizada, un sistema basado en el mercado o una mezcla de ambos pueden enmarcarlo.<\/p>\n\n\n\n<div style=\"height:18px\" aria-hidden=\"true\" class=\"wp-block-spacer\"><\/div>\n\n\n\n<h3 class=\"wp-block-heading\">Condiciones financieras<\/h3>\n\n\n\n<p>Las palabras relacionadas con esto incluyen las que se utilizan en discusiones sobre econom\u00eda, contabilidad, inversi\u00f3n y dinero. A los profesionales de las finanzas les resultan \u00fatiles para transmitir de forma sencilla conceptos intrincados. Se tratan las cuentas de resultados, las acciones, los bonos, los activos, as\u00ed como la inflaci\u00f3n, el PIB y los tipos de inter\u00e9s.<\/p>\n\n\n\n<div style=\"height:18px\" aria-hidden=\"true\" class=\"wp-block-spacer\"><\/div>\n\n\n\n<h3 class=\"wp-block-heading\">Gesti\u00f3n financiera<\/h3>\n\n\n\n<p>La rentabilidad de la organizaci\u00f3n, el uso eficiente de los fondos y la conformidad con la normativa son <a rel=\"nofollow noopener\" href=\"https:\/\/www.lsbf.org.uk\/blog\/news\/importance-of-financial-management\/117410\" target=\"_blank\">objetivos<\/a> de una buena gesti\u00f3n financiera. Es esencial contar con gestores financieros competentes que eval\u00faen las necesidades de capital de la organizaci\u00f3n, dise\u00f1en estructuras de capital adecuadas, inviertan los fondos y distribuyan los beneficios de forma que favorezcan el crecimiento y el progreso.<\/p>\n\n\n\n<div style=\"height:18px\" aria-hidden=\"true\" class=\"wp-block-spacer\"><\/div>\n\n\n\n<h4 class=\"wp-block-heading\"><a href=\"https:\/\/adamfayed.com\/es\/financial-planning\/personal-financial-planning\/\">\u2705<\/a> <a href=\"https:\/\/adamfayed.com\/es\/financial-planning\/personal-financial-planning\/\">Planificaci\u00f3n financiera personal<\/a><\/h4>\n\n\n\n<p>La gesti\u00f3n eficaz de los recursos financieros propios o familiares es el objetivo de un plan financiero. Establecer un presupuesto, ahorrar, invertir, <a href=\"https:\/\/adamfayed.com\/es\/financial-planning\/personal-financial-planning\/the-retirement-plan-guide\/\">planificar la jubilaci\u00f3n<\/a>, y la gesti\u00f3n de la deuda forman parte de esta categor\u00eda.<\/p>\n\n\n\n<div style=\"height:18px\" aria-hidden=\"true\" class=\"wp-block-spacer\"><\/div>\n\n\n\n<h4 class=\"wp-block-heading\"><a href=\"https:\/\/adamfayed.com\/es\/financial-planning\/expat-financial-advisor\/\">\u2705<\/a> <a href=\"https:\/\/adamfayed.com\/es\/financial-planning\/expat-financial-advisor\/\">Asesor financiero para expatriados<\/a><\/h4>\n\n\n\n<p>Especializada <a href=\"https:\/\/adamfayed.com\/es\/financial-planning\/expat-financial-advisor\/financial-advice\/\">asesoramiento financiero<\/a> y servicios prestados a las personas <a href=\"https:\/\/adamfayed.com\/es\/living-abroad\/\">vivir en el extranjero<\/a> se tratan en este subtema. Se abordan temas como la inversi\u00f3n internacional, la planificaci\u00f3n de la jubilaci\u00f3n, la conversi\u00f3n de divisas y las implicaciones fiscales.<\/p>\n\n\n\n<div style=\"height:18px\" aria-hidden=\"true\" class=\"wp-block-spacer\"><\/div>\n\n\n\n<h4 class=\"wp-block-heading\"><a href=\"https:\/\/adamfayed.com\/es\/financial-planning\/offshore-investment\/\">\u2705<\/a> <a href=\"https:\/\/adamfayed.com\/es\/financial-planning\/offshore-investment\/\">Inversi\u00f3n extraterritorial<\/a><\/h4>\n\n\n\n<p>Una persona realiza una inversi\u00f3n en el extranjero cuando invierte su dinero en activos situados en un pa\u00eds distinto del suyo, lo que exige comprender los aspectos jur\u00eddicos, <a href=\"https:\/\/adamfayed.com\/es\/financial-planning\/personal-financial-planning\/expat-tax\/\">fiscal<\/a>, e implicaciones reglamentarias.<\/p>\n\n\n\n<div style=\"height:18px\" aria-hidden=\"true\" class=\"wp-block-spacer\"><\/div>\n\n\n\n<h4 class=\"wp-block-heading\"><a href=\"https:\/\/adamfayed.com\/es\/investment-options\/\">\u2705<\/a> <a href=\"https:\/\/adamfayed.com\/es\/investment-options\/\">Opciones de inversi\u00f3n<\/a><\/h4>\n\n\n\n<p>Las opciones de inversi\u00f3n permiten a las personas y a las empresas aumentar su patrimonio. Las acciones permiten a los inversores tener una parte de una empresa, los bonos proporcionan un flujo constante de ingresos, <a href=\"https:\/\/adamfayed.com\/es\/investment-options\/what-are-mutual-funds\/\">fondos de inversi\u00f3n<\/a> permiten diversificar la cartera, y los bienes inmuebles pueden ser una fuente tanto de ingresos por la propiedad como por el alquiler.<\/p>\n\n\n\n<div style=\"height:18px\" aria-hidden=\"true\" class=\"wp-block-spacer\"><\/div>\n\n\n\n<h4 class=\"wp-block-heading\"><a href=\"https:\/\/adamfayed.com\/es\/insurance\/\">\u2705<\/a> <a href=\"https:\/\/adamfayed.com\/es\/insurance\/\">Seguros<\/a><\/h4>\n\n\n\n<p>Proteger al asegurado es una de las funciones b\u00e1sicas de una cobertura a cambio de una prima. Las opciones incluyen p\u00f3lizas de salud, propiedad, vida, autom\u00f3vil o responsabilidad civil.<\/p>\n\n\n\n<div style=\"height:18px\" aria-hidden=\"true\" class=\"wp-block-spacer\"><\/div>\n\n\n\n<h3 class=\"wp-block-heading\">Econom\u00eda financiera<\/h3>\n\n\n\n<p><a href=\"https:\/\/corporatefinanceinstitute.com\/resources\/economics\/financial-economics\/\" target=\"_blank\" rel=\"noopener\">Estudiar<\/a> la interacci\u00f3n entre diversas variables financieras, incluidos los precios de las acciones, los tipos de inter\u00e9s y los tipos de cambio, as\u00ed como diversos mercados financieros, <a href=\"https:\/\/adamfayed.com\/es\/investment-options\/10-accredited-investor-investment-opportunities\/\" target=\"_blank\" rel=\"noreferrer noopener\">oportunidades de inversi\u00f3n<\/a>, La econom\u00eda financiera, un subcampo de la econom\u00eda, se ocupa de la gesti\u00f3n de los riesgos y peligros financieros. Proporciona el marco te\u00f3rico de numerosos procesos financieros e incluye la valoraci\u00f3n de activos y las finanzas corporativas.<\/p>\n\n\n\n<div style=\"height:18px\" aria-hidden=\"true\" class=\"wp-block-spacer\"><\/div>\n\n\n\n<h3 class=\"wp-block-heading\">Servicios financieros<\/h3>\n\n\n\n<p>La adquisici\u00f3n de pr\u00e9stamos y seguros forma parte de <a href=\"https:\/\/adamfayed.com\/es\/financial-planning\/offshore-investment\/offshore-account\/offshore-financial-services\/\">servicios financieros<\/a>. Los servicios financieros, los seguros y el capital de inversi\u00f3n est\u00e1n enredados en estas operaciones.<\/p>\n\n\n\n<p>Asegurar, gestionar activos, facilitar el comercio, emitir valores y operar sistemas bancarios son actividades esenciales. Los derechos de los consumidores y la honradez del mercado est\u00e1n protegidos por la supervisi\u00f3n gubernamental.<\/p>\n\n\n\n<p>Al fin y al cabo, los servicios financieros ayudan a la econom\u00eda a prosperar facilitando la transferencia de capital y su posterior inversi\u00f3n en proyectos que merecen la pena.<\/p>\n\n\n\n<p><strong>\u00bfLe duele la indecisi\u00f3n financiera? <\/strong><\/p>\n\n\n\n<figure class=\"wp-block-image size-large is-resized\"><img loading=\"lazy\" decoding=\"async\" width=\"512\" height=\"288\" src=\"https:\/\/adamfayed.com\/wp-content\/uploads\/2025\/03\/Adam-Fayed-Contact_CTA3-512x288.jpg\" alt=\"\" class=\"wp-image-117505\" style=\"width:683px;height:auto\" srcset=\"https:\/\/adamfayed.com\/wp-content\/uploads\/2025\/03\/Adam-Fayed-Contact_CTA3-512x288.jpg 512w, https:\/\/adamfayed.com\/wp-content\/uploads\/2025\/03\/Adam-Fayed-Contact_CTA3-300x169.jpg 300w, https:\/\/adamfayed.com\/wp-content\/uploads\/2025\/03\/Adam-Fayed-Contact_CTA3-768x432.jpg 768w, https:\/\/adamfayed.com\/wp-content\/uploads\/2025\/03\/Adam-Fayed-Contact_CTA3-scaled.jpg 825w\" sizes=\"(max-width: 512px) 100vw, 512px\" \/><\/figure>\n\n\n\n<div style=\"height:10px\" aria-hidden=\"true\" class=\"wp-block-spacer\"><\/div>\n\n\n\n<div class=\"wp-block-buttons is-layout-flex wp-block-buttons-is-layout-flex\">\n<div class=\"wp-block-button\"><a class=\"wp-block-button__link wp-element-button\" href=\"https:\/\/adamfayed.com\/es\/become-adams-client\/\">Convi\u00e9rtase en mi cliente<\/a><\/div>\n\n\n\n<div class=\"wp-block-button\"><a class=\"wp-block-button__link wp-element-button\" href=\"https:\/\/adamfayed.com\/es\/good-match-quiz\/\" target=\"_blank\" rel=\"noreferrer noopener\">Realice el cuestionario de elegibilidad de clientes<\/a><\/div>\n\n\n\n<div class=\"wp-block-button\"><a class=\"wp-block-button__link wp-element-button\" href=\"https:\/\/adamfayed.com\/es\/contact\/\" target=\"_blank\" rel=\"noreferrer noopener\">P\u00f3ngase en contacto con<\/a><\/div>\n<\/div>\n\n\n\n<p><strong>Adam es un autor reconocido internacionalmente en temas financieros, con m\u00e1s de 830 millones de respuestas en Quora, un libro muy vendido en Amazon y colaborador de Forbes.<\/strong><\/p>","protected":false},"excerpt":{"rendered":"<p>Finanzas: Significado, tipos y otros t\u00e9rminos<\/p>","protected":false},"author":14,"featured_media":83612,"parent":0,"menu_order":0,"comment_status":"open","ping_status":"closed","template":"","meta":{"rop_custom_images_group":[],"rop_custom_messages_group":[],"rop_publish_now":"initial","rop_publish_now_accounts":{"facebook_10166176115445471_100883565069113":""},"rop_publish_now_history":[],"rop_publish_now_status":"pending","footnotes":""},"class_list":["post-83609","page","type-page","status-publish","has-post-thumbnail","hentry"],"_links":{"self":[{"href":"https:\/\/adamfayed.com\/es\/wp-json\/wp\/v2\/pages\/83609","targetHints":{"allow":["GET"]}}],"collection":[{"href":"https:\/\/adamfayed.com\/es\/wp-json\/wp\/v2\/pages"}],"about":[{"href":"https:\/\/adamfayed.com\/es\/wp-json\/wp\/v2\/types\/page"}],"author":[{"embeddable":true,"href":"https:\/\/adamfayed.com\/es\/wp-json\/wp\/v2\/users\/14"}],"replies":[{"embeddable":true,"href":"https:\/\/adamfayed.com\/es\/wp-json\/wp\/v2\/comments?post=83609"}],"version-history":[{"count":3,"href":"https:\/\/adamfayed.com\/es\/wp-json\/wp\/v2\/pages\/83609\/revisions"}],"predecessor-version":[{"id":241023,"href":"https:\/\/adamfayed.com\/es\/wp-json\/wp\/v2\/pages\/83609\/revisions\/241023"}],"wp:featuredmedia":[{"embeddable":true,"href":"https:\/\/adamfayed.com\/es\/wp-json\/wp\/v2\/media\/83612"}],"wp:attachment":[{"href":"https:\/\/adamfayed.com\/es\/wp-json\/wp\/v2\/media?parent=83609"}],"curies":[{"name":"wp","href":"https:\/\/api.w.org\/{rel}","templated":true}]}}