{"id":83758,"date":"2024-04-06T22:32:15","date_gmt":"2024-04-06T22:32:15","guid":{"rendered":"https:\/\/adamfayed.com\/?p=83758"},"modified":"2024-04-25T13:51:02","modified_gmt":"2024-04-25T13:51:02","slug":"annuities-pros-and-cons","status":"publish","type":"page","link":"https:\/\/adamfayed.com\/es\/investment-options\/annuity\/annuities-pros-and-cons\/","title":{"rendered":"Ventajas e inconvenientes de las rentas vitalicias"},"content":{"rendered":"<p>En esta p\u00e1gina se tratar\u00e1 <a href=\"https:\/\/adamfayed.com\/es\/investment-options\/annuity\/annuities-pros-and-cons\/\">anualidades pros y contras<\/a>:<\/p>\n\n\n\n<ul class=\"wp-block-list\">\n<li>Ventajas de una renta vitalicia<\/li>\n\n\n\n<li>Desventajas de una renta vitalicia<\/li>\n\n\n\n<li>\u00bfMerecen la pena las rentas vitalicias?<\/li>\n<\/ul>\n\n\n\n<p><\/p>\n\n\n\n<p>Si desea invertir como expatriado o particular con un elevado patrimonio neto, que es en lo que estoy especializado, puede enviarme un correo electr\u00f3nico (advice@adamfayed.com) o WhatsApp (+44-7393-450-837).<\/p>\n\n\n\n<p>En busca de <a href=\"https:\/\/adamfayed.com\/es\/financial-planning\/expat-financial-advisor\/financial-advice\/\">asesoramiento financiero<\/a> importa a la hora de invertir, sobre todo si se trata de personas que no conocen bien los riesgos.<\/p>\n\n\n\n<h2 class=\"wp-block-heading\">Ventajas e inconvenientes de las rentas vitalicias<\/h2>\n\n\n\n<p><\/p>\n\n\n\n<h3 class=\"wp-block-heading\">Ventajas de una renta vitalicia<\/h3>\n\n\n\n<p>A pesar de algunas cr\u00edticas, las rentas vitalicias tienen ventajas para los inversores <a href=\"https:\/\/adamfayed.com\/es\/financial-planning\/personal-financial-planning\/the-retirement-plan-guide\/\">planificar la jubilaci\u00f3n<\/a>.<\/p>\n\n\n\n<figure class=\"wp-block-image alignright size-medium\"><img fetchpriority=\"high\" decoding=\"async\" width=\"300\" height=\"300\" src=\"https:\/\/adamfayed.com\/wp-content\/uploads\/2024\/04\/pros-and-cons-of-annuities-300x300.webp\" alt=\"Annuities Pros and Cons\" class=\"wp-image-83796\" srcset=\"https:\/\/adamfayed.com\/wp-content\/uploads\/2024\/04\/pros-and-cons-of-annuities-300x300.webp 300w, https:\/\/adamfayed.com\/wp-content\/uploads\/2024\/04\/pros-and-cons-of-annuities-512x512.webp 512w, https:\/\/adamfayed.com\/wp-content\/uploads\/2024\/04\/pros-and-cons-of-annuities-150x150.webp 150w, https:\/\/adamfayed.com\/wp-content\/uploads\/2024\/04\/pros-and-cons-of-annuities-768x768.webp 768w, https:\/\/adamfayed.com\/wp-content\/uploads\/2024\/04\/pros-and-cons-of-annuities-scaled.webp 825w\" sizes=\"(max-width: 300px) 100vw, 300px\" \/><\/figure>\n\n\n\n<ol class=\"wp-block-list\">\n<li><strong>Ingresos garantizados<\/strong>. Las rentas vitalicias prometen unos ingresos fijos, independientemente de cu\u00e1nto viva el titular. Sin embargo, es fundamental elegir una compa\u00f1\u00eda de seguros fiable con una elevada solidez financiera.<\/li>\n\n\n\n<li><strong>Funciones personalizables<\/strong>. Los contratos de rentas vitalicias pueden adaptarse a las necesidades del comprador. Pueden a\u00f1adirse cl\u00e1usulas como la prestaci\u00f3n por fallecimiento o la prestaci\u00f3n de ingresos m\u00ednimos garantizados, que aseguran que los herederos reciban algo o prometen un pago determinado independientemente de la rentabilidad del fondo de inversi\u00f3n. Tenga en cuenta que estas caracter\u00edsticas pueden conllevar costes adicionales.<\/li>\n\n\n\n<li><strong>Asistencia para la gesti\u00f3n del dinero<\/strong>. Las rentas vitalicias variables pueden ofrecer funciones profesionales de gesti\u00f3n del dinero, como el reequilibrio de la cartera, para los inversores que prefieren la ayuda de expertos.<\/li>\n<\/ol>\n\n\n\n<h3 class=\"wp-block-heading\">Desventajas de una renta vitalicia<\/h3>\n\n\n\n<ol class=\"wp-block-list\">\n<li><strong>Altos Comisionados<\/strong>. Las comisiones por la venta de rentas vitalicias suelen ser m\u00e1s elevadas que las de los fondos de inversi\u00f3n. Los asesores pueden orientar a los clientes hacia las rentas vitalicias para obtener mayores comisiones.<\/li>\n\n\n\n<li><strong>Tasas elevadas<\/strong>.  Las rentas vitalicias pueden no tener gastos de venta iniciales, pero suelen tener gastos anuales de mantenimiento y funcionamiento que pueden ser superiores a los de los fondos de inversi\u00f3n comparables. Los inversores deben <a class=\"wpil_keyword_link\" href=\"https:\/\/adamfayed.com\/es\/category\/review-articles\/\" title=\"revise\" data-wpil-keyword-link=\"linked\" data-wpil-monitor-id=\"40\">revise<\/a> comisiones antes de invertir.<\/li>\n\n\n\n<li><strong>Gastos de entrega<\/strong>. Si el titular de una renta vitalicia necesita retirar el dinero antes de un periodo determinado (normalmente de seis a ocho a\u00f1os), puede tener que hacer frente a importantes comisiones de rescate por parte de la aseguradora.<\/li>\n\n\n\n<li><strong><\/strong><strong>Sanciones fiscales. <\/strong>Si el titular de la renta vitalicia tiene menos de 59\u00bd a\u00f1os, podr\u00eda incurrir en una penalizaci\u00f3n por retirada anticipada de 10%. Las rentas vitalicias ya est\u00e1n protegidas fiscalmente, y colocarlas en cuentas individuales puede resultar redundante y caro.<\/li>\n<\/ol>\n\n\n\n<p><\/p>\n\n\n\n<h2 class=\"wp-block-heading\">\u00bfMerecen la pena las rentas vitalicias?<\/h2>\n\n\n\n<p>Adem\u00e1s de comprender los pros y los contras de las rentas vitalicias, es fundamental evaluar a fondo si su <a href=\"https:\/\/www.investor.gov\/introduction-investing\/investing-basics\/investment-products\/insurance-products\/annuities\" target=\"_blank\" rel=\"noopener\">caracter\u00edsticas<\/a> que se ajusten a sus objetivos financieros y piense en c\u00f3mo encajan en su estrategia global de inversi\u00f3n.<br>Tambi\u00e9n puede averiguar si una renta vitalicia encaja en el conjunto de su <a href=\"https:\/\/adamfayed.com\/es\/financial-planning\/personal-financial-planning\/\">plan financiero<\/a> hablando con un <a href=\"https:\/\/adamfayed.com\/es\/financial-planning\/expat-financial-advisor\/\">asesor financiero<\/a>.<\/p>\n\n\n\n<p><strong>\u00bfLe duele la indecisi\u00f3n financiera? <\/strong><\/p>\n\n\n\n<figure class=\"wp-block-image size-large is-resized\"><img decoding=\"async\" width=\"512\" height=\"288\" src=\"https:\/\/adamfayed.com\/wp-content\/uploads\/2025\/03\/Adam-Fayed-Contact_CTA3-512x288.jpg\" alt=\"\" class=\"wp-image-117505\" style=\"width:683px;height:auto\" srcset=\"https:\/\/adamfayed.com\/wp-content\/uploads\/2025\/03\/Adam-Fayed-Contact_CTA3-512x288.jpg 512w, https:\/\/adamfayed.com\/wp-content\/uploads\/2025\/03\/Adam-Fayed-Contact_CTA3-300x169.jpg 300w, https:\/\/adamfayed.com\/wp-content\/uploads\/2025\/03\/Adam-Fayed-Contact_CTA3-768x432.jpg 768w, https:\/\/adamfayed.com\/wp-content\/uploads\/2025\/03\/Adam-Fayed-Contact_CTA3-scaled.jpg 825w\" sizes=\"(max-width: 512px) 100vw, 512px\" \/><\/figure>\n\n\n\n<div style=\"height:10px\" aria-hidden=\"true\" class=\"wp-block-spacer\"><\/div>\n\n\n\n<div class=\"wp-block-buttons is-layout-flex wp-block-buttons-is-layout-flex\">\n<div class=\"wp-block-button\"><a class=\"wp-block-button__link wp-element-button\" href=\"https:\/\/adamfayed.com\/es\/become-adams-client\/\">Convi\u00e9rtase en mi cliente<\/a><\/div>\n\n\n\n<div class=\"wp-block-button\"><a class=\"wp-block-button__link wp-element-button\" href=\"https:\/\/adamfayed.com\/es\/good-match-quiz\/\" target=\"_blank\" rel=\"noreferrer noopener\">Realice el cuestionario de elegibilidad de clientes<\/a><\/div>\n\n\n\n<div class=\"wp-block-button\"><a class=\"wp-block-button__link wp-element-button\" href=\"https:\/\/adamfayed.com\/es\/contact\/\" target=\"_blank\" rel=\"noreferrer noopener\">P\u00f3ngase en contacto con<\/a><\/div>\n<\/div>\n\n\n\n<p><strong>Adam es un autor reconocido internacionalmente en temas financieros, con m\u00e1s de 830 millones de respuestas en Quora, un libro muy vendido en Amazon y colaborador de Forbes.<\/strong><\/p>","protected":false},"excerpt":{"rendered":"<p>Ventajas e inconvenientes de las rentas vitalicias<\/p>","protected":false},"author":14,"featured_media":83798,"parent":80038,"menu_order":0,"comment_status":"open","ping_status":"open","template":"","meta":{"rop_custom_images_group":[],"rop_custom_messages_group":[],"rop_publish_now":"initial","rop_publish_now_accounts":{"facebook_10166176115445471_100883565069113":""},"rop_publish_now_history":[],"rop_publish_now_status":"pending","footnotes":""},"class_list":["post-83758","page","type-page","status-publish","has-post-thumbnail","hentry"],"_links":{"self":[{"href":"https:\/\/adamfayed.com\/es\/wp-json\/wp\/v2\/pages\/83758","targetHints":{"allow":["GET"]}}],"collection":[{"href":"https:\/\/adamfayed.com\/es\/wp-json\/wp\/v2\/pages"}],"about":[{"href":"https:\/\/adamfayed.com\/es\/wp-json\/wp\/v2\/types\/page"}],"author":[{"embeddable":true,"href":"https:\/\/adamfayed.com\/es\/wp-json\/wp\/v2\/users\/14"}],"replies":[{"embeddable":true,"href":"https:\/\/adamfayed.com\/es\/wp-json\/wp\/v2\/comments?post=83758"}],"version-history":[{"count":3,"href":"https:\/\/adamfayed.com\/es\/wp-json\/wp\/v2\/pages\/83758\/revisions"}],"predecessor-version":[{"id":85396,"href":"https:\/\/adamfayed.com\/es\/wp-json\/wp\/v2\/pages\/83758\/revisions\/85396"}],"up":[{"embeddable":true,"href":"https:\/\/adamfayed.com\/es\/wp-json\/wp\/v2\/pages\/80038"}],"wp:featuredmedia":[{"embeddable":true,"href":"https:\/\/adamfayed.com\/es\/wp-json\/wp\/v2\/media\/83798"}],"wp:attachment":[{"href":"https:\/\/adamfayed.com\/es\/wp-json\/wp\/v2\/media?parent=83758"}],"curies":[{"name":"wp","href":"https:\/\/api.w.org\/{rel}","templated":true}]}}