{"id":83762,"date":"2024-04-06T22:26:02","date_gmt":"2024-04-06T22:26:02","guid":{"rendered":"https:\/\/adamfayed.com\/?page_id=83762"},"modified":"2025-04-03T14:06:02","modified_gmt":"2025-04-03T14:06:02","slug":"how-to-buy-annuities","status":"publish","type":"page","link":"https:\/\/adamfayed.com\/es\/investment-options\/annuity\/how-to-buy-annuities\/","title":{"rendered":"C\u00f3mo comprar rentas vitalicias"},"content":{"rendered":"<p>En esta p\u00e1gina hablaremos de c\u00f3mo comprar rentas vitalicias y de si son inversiones seguras.<\/p>\n\n\n\n<div class=\"wp-block-group is-layout-constrained wp-block-group-is-layout-constrained\">\n<figure class=\"wp-block-image alignleft size-medium is-resized\"><img fetchpriority=\"high\" decoding=\"async\" width=\"300\" height=\"300\" src=\"https:\/\/adamfayed.com\/wp-content\/uploads\/2024\/04\/buying-annuities-300x300.webp\" alt=\"How to Buy Annuities\" class=\"wp-image-83791\" style=\"width:231px;height:auto\" srcset=\"https:\/\/adamfayed.com\/wp-content\/uploads\/2024\/04\/buying-annuities-300x300.webp 300w, https:\/\/adamfayed.com\/wp-content\/uploads\/2024\/04\/buying-annuities-512x512.webp 512w, https:\/\/adamfayed.com\/wp-content\/uploads\/2024\/04\/buying-annuities-150x150.webp 150w, https:\/\/adamfayed.com\/wp-content\/uploads\/2024\/04\/buying-annuities-768x768.webp 768w, https:\/\/adamfayed.com\/wp-content\/uploads\/2024\/04\/buying-annuities-scaled.webp 825w\" sizes=\"(max-width: 300px) 100vw, 300px\" \/><\/figure>\n<\/div>\n\n\n\n<p>Las anualidades suelen ser <a href=\"https:\/\/www.annuity.org\/annuities\/buy\/\" target=\"_blank\" rel=\"noopener\">obtenido<\/a> a trav\u00e9s de <a href=\"https:\/\/adamfayed.com\/es\/insurance\/insurance-providers\/\">proveedores de seguros<\/a>, sino empresas de corretaje, <a href=\"https:\/\/adamfayed.com\/es\/financial-planning\/personal-financial-planning\/financial-planner-2\/\">planificadores financieros<\/a>, Los bancos, los agentes de seguros independientes y los bancos los ofrecen.<\/p>\n\n\n\n<p>Si desea invertir como expatriado o particular con un elevado patrimonio neto, que es en lo que estoy especializado, puede enviarme un correo electr\u00f3nico (advice@adamfayed.com) o WhatsApp (+44-7393-450-837).<\/p>\n\n\n\n<p>Los pasos que se indican a continuaci\u00f3n le ayudar\u00e1n a estar bien preparado para encontrar una renta vitalicia que se ajuste a sus objetivos financieros.<\/p>\n\n\n\n<div style=\"height:28px\" aria-hidden=\"true\" class=\"wp-block-spacer\"><\/div>\n\n\n\n<h2 class=\"wp-block-heading\"><strong>Pasos para comprar rentas vitalicias<\/strong><\/h2>\n\n\n\n<h3 class=\"wp-block-heading\">Eval\u00fae su situaci\u00f3n financiera y establezca objetivos<\/h3>\n\n\n\n<p>Empiece por evaluar su situaci\u00f3n financiera actual y futura. Defina los objetivos que desea alcanzar y piense en c\u00f3mo puede ayudarle a conseguirlos una renta vitalicia.<\/p>\n\n\n\n<p>Adem\u00e1s, conocer los tipos de inter\u00e9s actuales de las rentas vitalicias es esencial para la estabilidad financiera a largo plazo, y <a href=\"https:\/\/adamfayed.com\/es\/financial-planning\/personal-financial-planning\/the-retirement-plan-guide\/\">planificaci\u00f3n de la jubilaci\u00f3n<\/a>.<\/p>\n\n\n\n<p>Si es necesario, pida consejo a un <a href=\"https:\/\/adamfayed.com\/es\/financial-planning\/expat-financial-advisor\/\">asesor financiero para expatriados<\/a> para ayudar a definir estos objetivos.<\/p>\n\n\n\n<div style=\"height:14px\" aria-hidden=\"true\" class=\"wp-block-spacer\"><\/div>\n\n\n\n<h3 class=\"wp-block-heading\">Elija un producto de renta vitalicia<\/h3>\n\n\n\n<p>Una vez que tenga claros sus objetivos, seleccione un producto de renta vitalicia que se adapte a sus necesidades y se ajuste a las metas definidas.<\/p>\n\n\n\n<div style=\"height:14px\" aria-hidden=\"true\" class=\"wp-block-spacer\"><\/div>\n\n\n\n<h3 class=\"wp-block-heading\">Buscar proveedores de anualidades con buena calificaci\u00f3n crediticia<\/h3>\n\n\n\n<p>Adem\u00e1s de elegir un producto de renta vitalicia, seleccione cuidadosamente un proveedor de rentas vitalicias.<\/p>\n\n\n\n<p>Realice las diligencias debidas sobre el emisor, teniendo en cuenta las empresas especializadas en el tipo de renta vitalicia que desea y que posean s\u00f3lidas calificaciones crediticias de las agencias de calificaci\u00f3n financiera.<\/p>\n\n\n\n<div style=\"height:14px\" aria-hidden=\"true\" class=\"wp-block-spacer\"><\/div>\n\n\n\n<h3 class=\"wp-block-heading\">Solicitar la anualidad y firmar el contrato<\/h3>\n\n\n\n<p>Trabaje con el proveedor de la renta vitalicia, idealmente con la ayuda de su asesor financiero, para solicitar y firmar un contrato de renta vitalicia.<\/p>\n\n\n\n<p>Adapte el contrato a sus necesidades y aseg\u00farese de que comprende todas las disposiciones, incluidos los honorarios y las comisiones.<\/p>\n\n\n\n<div style=\"height:14px\" aria-hidden=\"true\" class=\"wp-block-spacer\"><\/div>\n\n\n\n<h3 class=\"wp-block-heading\">Financiar su anualidad con el pago de una prima<\/h3>\n\n\n\n<p>Despu\u00e9s de firmar el contrato, transfiera el dinero para el pago de la prima de la anualidad.<\/p>\n\n\n\n<p>Las rentas vitalicias pueden adquirirse con dinero en efectivo, fondos de jubilaci\u00f3n o transfiriendo dinero de una cuenta de corretaje.<\/p>\n\n\n\n<p>Cada tipo de pago tiene implicaciones fiscales que deben considerarse detenidamente antes de efectuar el pago de la prima.<\/p>\n\n\n\n<p>El periodo de carencia de la renta vitalicia comienza una vez que el proveedor de la renta vitalicia emite el contrato.<\/p>\n\n\n\n<p>Este periodo, que suele durar entre 10 y 30 d\u00edas, le permite cancelar el contrato de renta vitalicia y recibir un reembolso.<\/p>\n\n\n\n<div style=\"height:28px\" aria-hidden=\"true\" class=\"wp-block-spacer\"><\/div>\n\n\n\n<h2 class=\"wp-block-heading\"><strong>\u00bfSon seguras las rentas vitalicias?<\/strong><\/h2>\n\n\n\n<p>Las rentas vitalicias se rigen por las autoridades de seguros estatales y s\u00f3lo pueden ser ofrecidas por empresas de seguros de vida, a pesar de no estar aseguradas por la FDIC.<\/p>\n\n\n\n<p>La seguridad de las anualidades depende de la situaci\u00f3n financiera de la compa\u00f1\u00eda de seguros, que puede evaluarse examinando las calificaciones de organizaciones como S&amp;P.<\/p>\n\n\n\n<p>Eval\u00fae tambi\u00e9n los pros y los contras de las rentas vitalicias para comprender mejor esta opci\u00f3n de inversi\u00f3n.<\/p>\n\n\n\n<p><strong>\u00bfLe duele la indecisi\u00f3n financiera? <\/strong><\/p>\n\n\n\n<figure class=\"wp-block-image size-large is-resized\"><img decoding=\"async\" width=\"512\" height=\"288\" src=\"https:\/\/adamfayed.com\/wp-content\/uploads\/2025\/03\/Adam-Fayed-Contact_CTA3-512x288.jpg\" alt=\"\" class=\"wp-image-117505\" style=\"width:683px;height:auto\" srcset=\"https:\/\/adamfayed.com\/wp-content\/uploads\/2025\/03\/Adam-Fayed-Contact_CTA3-512x288.jpg 512w, https:\/\/adamfayed.com\/wp-content\/uploads\/2025\/03\/Adam-Fayed-Contact_CTA3-300x169.jpg 300w, https:\/\/adamfayed.com\/wp-content\/uploads\/2025\/03\/Adam-Fayed-Contact_CTA3-768x432.jpg 768w, https:\/\/adamfayed.com\/wp-content\/uploads\/2025\/03\/Adam-Fayed-Contact_CTA3-scaled.jpg 825w\" sizes=\"(max-width: 512px) 100vw, 512px\" \/><\/figure>\n\n\n\n<div style=\"height:10px\" aria-hidden=\"true\" class=\"wp-block-spacer\"><\/div>\n\n\n\n<div class=\"wp-block-buttons is-layout-flex wp-block-buttons-is-layout-flex\">\n<div class=\"wp-block-button\"><a class=\"wp-block-button__link wp-element-button\" href=\"https:\/\/adamfayed.com\/es\/become-adams-client\/\">Convi\u00e9rtase en mi cliente<\/a><\/div>\n\n\n\n<div class=\"wp-block-button\"><a class=\"wp-block-button__link wp-element-button\" href=\"https:\/\/adamfayed.com\/es\/good-match-quiz\/\" target=\"_blank\" rel=\"noreferrer noopener\">Realice el cuestionario de elegibilidad de clientes<\/a><\/div>\n\n\n\n<div class=\"wp-block-button\"><a class=\"wp-block-button__link wp-element-button\" href=\"https:\/\/adamfayed.com\/es\/contact\/\" target=\"_blank\" rel=\"noreferrer noopener\">P\u00f3ngase en contacto con<\/a><\/div>\n<\/div>\n\n\n\n<p><strong>Adam es un autor reconocido internacionalmente en temas financieros, con m\u00e1s de 830 millones de respuestas en Quora, un libro muy vendido en Amazon y colaborador de Forbes.<\/strong><\/p>","protected":false},"excerpt":{"rendered":"<p>C\u00f3mo comprar rentas vitalicias<\/p>","protected":false},"author":14,"featured_media":83794,"parent":80038,"menu_order":0,"comment_status":"open","ping_status":"closed","template":"","meta":{"rop_custom_images_group":[],"rop_custom_messages_group":[],"rop_publish_now":"initial","rop_publish_now_accounts":{"facebook_10166176115445471_100883565069113":""},"rop_publish_now_history":[],"rop_publish_now_status":"pending","footnotes":""},"class_list":["post-83762","page","type-page","status-publish","has-post-thumbnail","hentry"],"_links":{"self":[{"href":"https:\/\/adamfayed.com\/es\/wp-json\/wp\/v2\/pages\/83762","targetHints":{"allow":["GET"]}}],"collection":[{"href":"https:\/\/adamfayed.com\/es\/wp-json\/wp\/v2\/pages"}],"about":[{"href":"https:\/\/adamfayed.com\/es\/wp-json\/wp\/v2\/types\/page"}],"author":[{"embeddable":true,"href":"https:\/\/adamfayed.com\/es\/wp-json\/wp\/v2\/users\/14"}],"replies":[{"embeddable":true,"href":"https:\/\/adamfayed.com\/es\/wp-json\/wp\/v2\/comments?post=83762"}],"version-history":[{"count":2,"href":"https:\/\/adamfayed.com\/es\/wp-json\/wp\/v2\/pages\/83762\/revisions"}],"predecessor-version":[{"id":127315,"href":"https:\/\/adamfayed.com\/es\/wp-json\/wp\/v2\/pages\/83762\/revisions\/127315"}],"up":[{"embeddable":true,"href":"https:\/\/adamfayed.com\/es\/wp-json\/wp\/v2\/pages\/80038"}],"wp:featuredmedia":[{"embeddable":true,"href":"https:\/\/adamfayed.com\/es\/wp-json\/wp\/v2\/media\/83794"}],"wp:attachment":[{"href":"https:\/\/adamfayed.com\/es\/wp-json\/wp\/v2\/media?parent=83762"}],"curies":[{"name":"wp","href":"https:\/\/api.w.org\/{rel}","templated":true}]}}