{"id":83764,"date":"2024-04-06T23:10:57","date_gmt":"2024-04-06T23:10:57","guid":{"rendered":"https:\/\/adamfayed.com\/?page_id=83764"},"modified":"2025-04-04T08:10:01","modified_gmt":"2025-04-04T08:10:01","slug":"certificate-of-deposit-pros-and-cons","status":"publish","type":"page","link":"https:\/\/adamfayed.com\/es\/investment-options\/certificate-of-deposit\/certificate-of-deposit-pros-and-cons\/","title":{"rendered":"Ventajas e inconvenientes de los certificados de dep\u00f3sito"},"content":{"rendered":"<p>Esta p\u00e1gina enumera los <a href=\"https:\/\/adamfayed.com\/es\/investment-options\/certificate-of-deposit\/\">certificado de dep\u00f3sito<\/a> pros y contras.<\/p>\n\n\n\n<p>Para asignar mejor los fondos, los inversores deben conocer los pros y los contras de invertir en CD. Los inversores pueden evaluar si los CD se ajustan a su estrategia de inversi\u00f3n y tolerancia al riesgo comparando estos elementos con sus objetivos y situaci\u00f3n financiera.<\/p>\n\n\n\n<p>Si desea invertir como expatriado o particular con un elevado patrimonio neto, que es en lo que estoy especializado, puede enviarme un correo electr\u00f3nico (advice@adamfayed.com) o WhatsApp (+44-7393-450-837).<\/p>\n\n\n\n<p>Los inversores pueden evaluar si los certificados de dep\u00f3sito se ajustan a su estrategia de inversi\u00f3n y tolerancia al riesgo comparando los pros y los contras de los certificados de dep\u00f3sito con sus objetivos y situaci\u00f3n financiera.<\/p>\n\n\n\n<div style=\"height:30px\" aria-hidden=\"true\" class=\"wp-block-spacer\"><\/div>\n\n\n\n<h2 class=\"wp-block-heading\"><strong>Ventajas de los CD<\/strong><\/h2>\n\n\n\n<div class=\"wp-block-group is-layout-constrained wp-block-group-is-layout-constrained\">\n<figure class=\"wp-block-image alignright size-medium is-resized\"><img fetchpriority=\"high\" decoding=\"async\" width=\"300\" height=\"300\" src=\"https:\/\/adamfayed.com\/wp-content\/uploads\/2024\/04\/benefits-of-cds-300x300.webp\" alt=\"Advantages of CDs\" class=\"wp-image-83819\" style=\"width:275px;height:auto\" srcset=\"https:\/\/adamfayed.com\/wp-content\/uploads\/2024\/04\/benefits-of-cds-300x300.webp 300w, https:\/\/adamfayed.com\/wp-content\/uploads\/2024\/04\/benefits-of-cds-512x512.webp 512w, https:\/\/adamfayed.com\/wp-content\/uploads\/2024\/04\/benefits-of-cds-150x150.webp 150w, https:\/\/adamfayed.com\/wp-content\/uploads\/2024\/04\/benefits-of-cds-768x768.webp 768w, https:\/\/adamfayed.com\/wp-content\/uploads\/2024\/04\/benefits-of-cds-scaled.webp 825w\" sizes=\"(max-width: 300px) 100vw, 300px\" \/><\/figure>\n<\/div>\n\n\n\n<p>Los certificados de dep\u00f3sito (CD) suelen adquirirse a trav\u00e9s de entidades financieras como bancos y cooperativas de cr\u00e9dito.<\/p>\n\n\n\n<p>Cuando invierte en un CD, est\u00e1 prestando dinero a la entidad financiera y, a cambio, \u00e9sta se lo devuelve en pagos fijos y regulares.<\/p>\n\n\n\n<p>Usted compromete sus fondos en el CD durante un periodo determinado, recibiendo un pago mensual de intereses.<\/p>\n\n\n\n<p>La inversi\u00f3n original suele devolverse en un pago \u00fanico en la fecha de vencimiento del CD. Los CD ofrecen varias opciones de inversi\u00f3n <a href=\"https:\/\/www.experian.com\/blogs\/ask-experian\/pros-cons-cds\/\" target=\"_blank\" rel=\"noopener\">beneficios<\/a>.<\/p>\n\n\n\n<div style=\"height:17px\" aria-hidden=\"true\" class=\"wp-block-spacer\"><\/div>\n\n\n\n<h3 class=\"wp-block-heading\">Ingresos previsibles<\/h3>\n\n\n\n<p>Los CD suelen considerarse una inversi\u00f3n \u201clista y olvidada\u201d, que no requiere un seguimiento continuo.<\/p>\n\n\n\n<p>Proporcionan a los inversores un medio seguro de obtener un flujo de ingresos predecible, especialmente cuando se utiliza una estrategia de escalera de CD.<\/p>\n\n\n\n<div style=\"height:17px\" aria-hidden=\"true\" class=\"wp-block-spacer\"><\/div>\n\n\n\n<h3 class=\"wp-block-heading\">Tipos de inter\u00e9s competitivos<\/h3>\n\n\n\n<p>Los CD suelen ofrecer tipos de inter\u00e9s m\u00e1s altos que los <a href=\"https:\/\/adamfayed.com\/es\/expats\/expat-guide\/can-i-keep-my-savings-account-if-i-move-abroad\/\" target=\"_blank\" rel=\"noreferrer noopener\">cuentas de ahorro<\/a>, por lo que resultan atractivas para las personas que buscan un acceso seguro a su dinero en efectivo.<\/p>\n\n\n\n<p>Los vencimientos a m\u00e1s largo plazo suelen generar tipos de inter\u00e9s m\u00e1s elevados que los vencimientos a m\u00e1s corto plazo.<\/p>\n\n\n\n<p>De este modo, los inversores tienen un mayor incentivo para elegir un CD en lugar de una cuenta de ahorro, en particular los que tienen horizontes temporales m\u00e1s largos.<\/p>\n\n\n\n<div style=\"height:17px\" aria-hidden=\"true\" class=\"wp-block-spacer\"><\/div>\n\n\n\n<h3 class=\"wp-block-heading\">Menor riesgo<\/h3>\n\n\n\n<p>Con el respaldo de la Corporaci\u00f3n Federal de Seguros de Dep\u00f3sitos (<a href=\"https:\/\/www.fdic.gov\/\" target=\"_blank\" rel=\"noopener\">FDIC<\/a>) o la Administraci\u00f3n Nacional de Cooperativas de Cr\u00e9dito (<a href=\"https:\/\/ncua.gov\/\" target=\"_blank\" rel=\"noopener\">NCUA<\/a>), los CD son de bajo riesgo <a href=\"https:\/\/adamfayed.com\/es\/investment-options\/\">opciones de inversi\u00f3n<\/a>.<\/p>\n\n\n\n<p>La FDIC y la NCUA proporcionan hasta $250.000 de seguro por depositante en caso de quiebra bancaria, lo que convierte a los CD en un complemento seguro de una cartera invertida en activos de mayor riesgo, como las acciones.<\/p>\n\n\n\n<div style=\"height:17px\" aria-hidden=\"true\" class=\"wp-block-spacer\"><\/div>\n\n\n\n<h3 class=\"wp-block-heading\">Apertura m\u00ednima baja<\/h3>\n\n\n\n<p>Muchos certificados de dep\u00f3sito no tienen requisitos m\u00ednimos de inversi\u00f3n o tienen m\u00ednimos bajos.<\/p>\n\n\n\n<p>Esto permite a los particulares empezar a obtener rendimientos de sus inversiones sin necesidad de disponer de una cantidad sustancial de ahorros.<\/p>\n\n\n\n<div style=\"height:30px\" aria-hidden=\"true\" class=\"wp-block-spacer\"><\/div>\n\n\n\n<h2 class=\"wp-block-heading\"><strong>Desventajas de los CD<\/strong><\/h2>\n\n\n\n<div class=\"wp-block-group is-layout-constrained wp-block-group-is-layout-constrained\">\n<figure class=\"wp-block-image alignright size-medium is-resized\"><img decoding=\"async\" width=\"300\" height=\"300\" src=\"https:\/\/adamfayed.com\/wp-content\/uploads\/2024\/04\/CDs-pros-and-cons-300x300.webp\" alt=\"Certificate of Deposit Pros and Cons\" class=\"wp-image-83816\" style=\"width:242px;height:auto\" srcset=\"https:\/\/adamfayed.com\/wp-content\/uploads\/2024\/04\/CDs-pros-and-cons-300x300.webp 300w, https:\/\/adamfayed.com\/wp-content\/uploads\/2024\/04\/CDs-pros-and-cons-512x512.webp 512w, https:\/\/adamfayed.com\/wp-content\/uploads\/2024\/04\/CDs-pros-and-cons-150x150.webp 150w, https:\/\/adamfayed.com\/wp-content\/uploads\/2024\/04\/CDs-pros-and-cons-768x768.webp 768w, https:\/\/adamfayed.com\/wp-content\/uploads\/2024\/04\/CDs-pros-and-cons-scaled.webp 825w\" sizes=\"(max-width: 300px) 100vw, 300px\" \/><\/figure>\n<\/div>\n\n\n\n<p>Aunque la forma m\u00e1s sencilla de invertir en certificados de dep\u00f3sito consiste en comprar uno y conservarlo hasta su vencimiento, existen riesgos y limitaciones asociados a esta estrategia.<\/p>\n\n\n\n<p>Profundicemos en los inconvenientes de invertir en CD.<\/p>\n\n\n\n<h3 class=\"wp-block-heading\">Riesgo de tipos de inter\u00e9s<\/h3>\n\n\n\n<p>Si los tipos de inter\u00e9s suben despu\u00e9s de haber comprado un CD, podr\u00eda perderse los tipos m\u00e1s altos hasta el vencimiento del CD.<\/p>\n\n\n\n<p>Esto puede dar lugar a que su CD obtenga un tipo inferior al que est\u00e1 disponible actualmente.<\/p>\n\n\n\n<p>Adem\u00e1s, un \u00e9nfasis excesivo en los CD en su cartera de inversiones puede hacer que renuncie a los rendimientos de inversiones de mayor riesgo y mayor rentabilidad.<\/p>\n\n\n\n<div style=\"height:17px\" aria-hidden=\"true\" class=\"wp-block-spacer\"><\/div>\n\n\n\n<h3 class=\"wp-block-heading\">Riesgo de inflaci\u00f3n<\/h3>\n\n\n\n<p>Cuando aumenta la inflaci\u00f3n, el inter\u00e9s devengado por un CD puede no seguir el ritmo de la econom\u00eda en general, disminuyendo su poder adquisitivo.<\/p>\n\n\n\n<p>En situaciones en las que la inflaci\u00f3n supera el tipo de inter\u00e9s, el valor de su CD disminuir\u00e1 en t\u00e9rminos reales, afectando a su poder adquisitivo.<\/p>\n\n\n\n<div style=\"height:17px\" aria-hidden=\"true\" class=\"wp-block-spacer\"><\/div>\n\n\n\n<h3 class=\"wp-block-heading\">Riesgo de acceso a los fondos<\/h3>\n\n\n\n<p>Los fondos invertidos en un CD suelen ser inaccesibles hasta su vencimiento.<\/p>\n\n\n\n<p>La retirada anticipada suele conllevar una penalizaci\u00f3n financiera, e incluso despu\u00e9s del vencimiento, hay un plazo limitado (a menudo 7 d\u00edas) para retirar los fondos.<\/p>\n\n\n\n<p>Si no se cumple este plazo, el dinero se reinvierte autom\u00e1ticamente en un nuevo CD con un plazo de vencimiento similar.<\/p>\n\n\n\n<div style=\"height:17px\" aria-hidden=\"true\" class=\"wp-block-spacer\"><\/div>\n\n\n\n<h3 class=\"wp-block-heading\">Riesgo de sanci\u00f3n<\/h3>\n\n\n\n<p>Las penalizaciones por retirada anticipada pueden variar, y la mayor\u00eda de los proveedores deducen uno o varios meses de intereses como penalizaci\u00f3n.<\/p>\n\n\n\n<p>Es esencial comparar cuidadosamente las sanciones de las distintas entidades, teniendo en cuenta factores como que los bancos tradicionales suelen tener sanciones m\u00e1s bajas que los bancos por Internet.<\/p>\n\n\n\n<p>Los inversores deben comprar con cuidado y prestar atenci\u00f3n a los detalles para tomar decisiones informadas sobre las sanciones.<\/p>\n\n\n\n<p><strong>\u00bfLe duele la indecisi\u00f3n financiera? <\/strong><\/p>\n\n\n\n<figure class=\"wp-block-image size-large is-resized\"><img decoding=\"async\" width=\"512\" height=\"288\" src=\"https:\/\/adamfayed.com\/wp-content\/uploads\/2025\/03\/Adam-Fayed-Contact_CTA3-512x288.jpg\" alt=\"\" class=\"wp-image-117505\" style=\"width:683px;height:auto\" srcset=\"https:\/\/adamfayed.com\/wp-content\/uploads\/2025\/03\/Adam-Fayed-Contact_CTA3-512x288.jpg 512w, https:\/\/adamfayed.com\/wp-content\/uploads\/2025\/03\/Adam-Fayed-Contact_CTA3-300x169.jpg 300w, https:\/\/adamfayed.com\/wp-content\/uploads\/2025\/03\/Adam-Fayed-Contact_CTA3-768x432.jpg 768w, https:\/\/adamfayed.com\/wp-content\/uploads\/2025\/03\/Adam-Fayed-Contact_CTA3-scaled.jpg 825w\" sizes=\"(max-width: 512px) 100vw, 512px\" \/><\/figure>\n\n\n\n<div style=\"height:10px\" aria-hidden=\"true\" class=\"wp-block-spacer\"><\/div>\n\n\n\n<div class=\"wp-block-buttons is-layout-flex wp-block-buttons-is-layout-flex\">\n<div class=\"wp-block-button\"><a class=\"wp-block-button__link wp-element-button\" href=\"https:\/\/adamfayed.com\/es\/become-adams-client\/\">Convi\u00e9rtase en mi cliente<\/a><\/div>\n\n\n\n<div class=\"wp-block-button\"><a class=\"wp-block-button__link wp-element-button\" href=\"https:\/\/adamfayed.com\/es\/good-match-quiz\/\" target=\"_blank\" rel=\"noreferrer noopener\">Realice el cuestionario de elegibilidad de clientes<\/a><\/div>\n\n\n\n<div class=\"wp-block-button\"><a class=\"wp-block-button__link wp-element-button\" href=\"https:\/\/adamfayed.com\/es\/contact\/\" target=\"_blank\" rel=\"noreferrer noopener\">P\u00f3ngase en contacto con<\/a><\/div>\n<\/div>\n\n\n\n<p><strong>Adam es un autor reconocido internacionalmente en temas financieros, con m\u00e1s de 830 millones de respuestas en Quora, un libro muy vendido en Amazon y colaborador de Forbes.<\/strong><\/p>","protected":false},"excerpt":{"rendered":"<p>This page lists significant certificate of deposit pros and cons. So as to allocate funds better, investors must be aware of investing in CDs pros and cons. Investors can assess if CDs fit their investing strategy and risk tolerance by comparing these elements to their financial objectives and situation. If you are looking to invest [&hellip;]<\/p>","protected":false},"author":14,"featured_media":83817,"parent":81142,"menu_order":0,"comment_status":"open","ping_status":"closed","template":"","meta":{"rop_custom_images_group":[],"rop_custom_messages_group":[],"rop_publish_now":"initial","rop_publish_now_accounts":{"facebook_10166176115445471_100883565069113":""},"rop_publish_now_history":[],"rop_publish_now_status":"pending","footnotes":""},"class_list":["post-83764","page","type-page","status-publish","has-post-thumbnail","hentry"],"_links":{"self":[{"href":"https:\/\/adamfayed.com\/es\/wp-json\/wp\/v2\/pages\/83764","targetHints":{"allow":["GET"]}}],"collection":[{"href":"https:\/\/adamfayed.com\/es\/wp-json\/wp\/v2\/pages"}],"about":[{"href":"https:\/\/adamfayed.com\/es\/wp-json\/wp\/v2\/types\/page"}],"author":[{"embeddable":true,"href":"https:\/\/adamfayed.com\/es\/wp-json\/wp\/v2\/users\/14"}],"replies":[{"embeddable":true,"href":"https:\/\/adamfayed.com\/es\/wp-json\/wp\/v2\/comments?post=83764"}],"version-history":[{"count":3,"href":"https:\/\/adamfayed.com\/es\/wp-json\/wp\/v2\/pages\/83764\/revisions"}],"predecessor-version":[{"id":127841,"href":"https:\/\/adamfayed.com\/es\/wp-json\/wp\/v2\/pages\/83764\/revisions\/127841"}],"up":[{"embeddable":true,"href":"https:\/\/adamfayed.com\/es\/wp-json\/wp\/v2\/pages\/81142"}],"wp:featuredmedia":[{"embeddable":true,"href":"https:\/\/adamfayed.com\/es\/wp-json\/wp\/v2\/media\/83817"}],"wp:attachment":[{"href":"https:\/\/adamfayed.com\/es\/wp-json\/wp\/v2\/media?parent=83764"}],"curies":[{"name":"wp","href":"https:\/\/api.w.org\/{rel}","templated":true}]}}