{"id":83769,"date":"2024-04-06T22:59:43","date_gmt":"2024-04-06T22:59:43","guid":{"rendered":"https:\/\/adamfayed.com\/?page_id=83769"},"modified":"2025-03-25T12:22:57","modified_gmt":"2025-03-25T12:22:57","slug":"how-to-invest-in-reits","status":"publish","type":"page","link":"https:\/\/adamfayed.com\/es\/investment-options\/reits\/how-to-invest-in-reits\/","title":{"rendered":"C\u00f3mo invertir en REIT"},"content":{"rendered":"<figure class=\"wp-block-image alignright size-medium is-resized\"><img fetchpriority=\"high\" decoding=\"async\" width=\"300\" height=\"300\" src=\"https:\/\/adamfayed.com\/wp-content\/uploads\/2024\/04\/reit-investing-300x300.webp\" alt=\"How to Invest in REITs\" class=\"wp-image-83810\" style=\"width:296px;height:auto\" srcset=\"https:\/\/adamfayed.com\/wp-content\/uploads\/2024\/04\/reit-investing-300x300.webp 300w, https:\/\/adamfayed.com\/wp-content\/uploads\/2024\/04\/reit-investing-512x512.webp 512w, https:\/\/adamfayed.com\/wp-content\/uploads\/2024\/04\/reit-investing-150x150.webp 150w, https:\/\/adamfayed.com\/wp-content\/uploads\/2024\/04\/reit-investing-768x768.webp 768w, https:\/\/adamfayed.com\/wp-content\/uploads\/2024\/04\/reit-investing-scaled.webp 825w\" sizes=\"(max-width: 300px) 100vw, 300px\" \/><\/figure>\n\n\n\n<p>Esta p\u00e1gina abordar\u00e1 c\u00f3mo invertir en REIT, en particular:<\/p>\n\n\n\n<ul class=\"wp-block-list\">\n<li>Compra directa de acciones<\/li>\n\n\n\n<li>Fondos de inversi\u00f3n y ETF<\/li>\n\n\n\n<li>Cartera diversificada de REITs<\/li>\n\n\n\n<li>Los mejores REIT para invertir<\/li>\n<\/ul>\n\n\n\n<p><\/p>\n\n\n\n<p>Si desea invertir como expatriado o particular con un elevado patrimonio neto, que es en lo que estoy especializado, puede enviarme un correo electr\u00f3nico (advice@adamfayed.com) o WhatsApp (+44-7393-450-837).<\/p>\n\n\n\n<p>La inversi\u00f3n en fondos de inversi\u00f3n inmobiliaria (REIT) requiere una planificaci\u00f3n cuidadosa que se ajuste a la propensi\u00f3n al riesgo y a los objetivos de ingresos del inversor.<\/p>\n\n\n\n<p>Los inversores pueden desplegar capital y controlar el riesgo en el mercado inmobiliario creando una estrategia de inversi\u00f3n bien pensada.<\/p>\n\n\n\n<div style=\"height:30px\" aria-hidden=\"true\" class=\"wp-block-spacer\"><\/div>\n\n\n\n<h2 class=\"wp-block-heading\"><strong>Directo <a href=\"https:\/\/adamfayed.com\/es\/investment-options\/what-are-stocks\/\">Stock<\/a> Compras\u00a0<\/strong><\/h2>\n\n\n\n<p>Este <a href=\"https:\/\/www.reit.com\/investing\/how-invest-reits\" target=\"_blank\" rel=\"noopener\">enfoque<\/a> permite a los inversores elegir REIT individuales que se ajusten a sus estrategias de inversi\u00f3n y tolerancia al riesgo.<\/p>\n\n\n\n<p>Investigue a fondo o consulte con un <a href=\"https:\/\/adamfayed.com\/es\/financial-planning\/expat-financial-advisor\/\">asesor financiero<\/a> para identificar REIT con un s\u00f3lido historial de resultados y potencial de crecimiento.<\/p>\n\n\n\n<div style=\"height:21px\" aria-hidden=\"true\" class=\"wp-block-spacer\"><\/div>\n\n\n\n<h2 class=\"wp-block-heading\"><strong><a href=\"https:\/\/adamfayed.com\/es\/investment-options\/what-are-mutual-funds\/\">Fondos de inversi\u00f3n<\/a> y <a href=\"https:\/\/adamfayed.com\/es\/investment-options\/what-are-etfs\/\">ETFs<\/a><\/strong><\/h2>\n\n\n\n<p>Estos fondos re\u00fanen el dinero de muchos inversores para invertirlo en una cartera de REIT, lo que proporciona una diversificaci\u00f3n instant\u00e1nea y reduce el riesgo asociado a las inversiones individuales en REIT.<\/p>\n\n\n\n<p><a class=\"wpil_keyword_link\" href=\"https:\/\/adamfayed.com\/es\/category\/review-articles\/\" title=\"Consulte\" data-wpil-keyword-link=\"linked\" data-wpil-monitor-id=\"41\">Consulte<\/a> el historial de rentabilidad del fondo, las comisiones de gesti\u00f3n y la estrategia de inversi\u00f3n para asegurarse de que se ajusta a sus objetivos de inversi\u00f3n.<\/p>\n\n\n\n<div style=\"height:21px\" aria-hidden=\"true\" class=\"wp-block-spacer\"><\/div>\n\n\n\n<h2 class=\"wp-block-heading\"><strong>Cartera diversificada de REITs<\/strong><\/h2>\n\n\n\n<p>Esta estrategia ayuda a mitigar los riesgos asociados a las recesiones sectoriales y aprovecha el crecimiento en distintos segmentos del mercado.<\/p>\n\n\n\n<p>Tenga en cuenta sus objetivos de inversi\u00f3n a largo plazo y su tolerancia a la hora de diversificar sus inversiones en REITs.<\/p>\n\n\n\n<div style=\"height:21px\" aria-hidden=\"true\" class=\"wp-block-spacer\"><\/div>\n\n\n\n<h2 class=\"wp-block-heading\"><strong>Los mejores REIT para invertir<\/strong><\/h2>\n\n\n\n<p>Los mejores REIT consiguen encontrar un equilibrio entre riesgo y rentabilidad, operando en sectores que se benefician de tendencias a largo plazo.&nbsp;<\/p>\n\n\n\n<div style=\"height:21px\" aria-hidden=\"true\" class=\"wp-block-spacer\"><\/div>\n\n\n\n<h3 class=\"wp-block-heading\">REIT minoristas<\/h3>\n\n\n\n<p>Estos REIT poseen y gestionan inmuebles comerciales. Un ejemplo destacado es Simon Property Group, conocido por su cartera de centros comerciales y outlet de gama alta. A pesar de los retos a los que se enfrenta el comercio minorista, Simon Property Group ha demostrado resistencia y adaptabilidad estrat\u00e9gica.<\/p>\n\n\n\n<figure class=\"wp-block-image aligncenter size-medium is-resized\"><img decoding=\"async\" width=\"300\" height=\"300\" src=\"https:\/\/adamfayed.com\/wp-content\/uploads\/2024\/04\/Best-REITs-to-Invest-In-300x300.webp\" alt=\"Best REITs to Invest In\" class=\"wp-image-83812\" style=\"width:290px;height:auto\" srcset=\"https:\/\/adamfayed.com\/wp-content\/uploads\/2024\/04\/Best-REITs-to-Invest-In-300x300.webp 300w, https:\/\/adamfayed.com\/wp-content\/uploads\/2024\/04\/Best-REITs-to-Invest-In-512x512.webp 512w, https:\/\/adamfayed.com\/wp-content\/uploads\/2024\/04\/Best-REITs-to-Invest-In-150x150.webp 150w, https:\/\/adamfayed.com\/wp-content\/uploads\/2024\/04\/Best-REITs-to-Invest-In-768x768.webp 768w, https:\/\/adamfayed.com\/wp-content\/uploads\/2024\/04\/Best-REITs-to-Invest-In-scaled.webp 825w\" sizes=\"(max-width: 300px) 100vw, 300px\" \/><\/figure>\n\n\n\n<h3 class=\"wp-block-heading\">REIT residenciales<\/h3>\n\n\n\n<p>AvalonBay Communities es un excelente ejemplo dentro de este sector, ya que se centra en edificios de apartamentos de alta calidad en regiones urbanas y suburbanas. Sus resultados financieros son s\u00f3lidos y su crecimiento constante.<\/p>\n\n\n\n<div style=\"height:21px\" aria-hidden=\"true\" class=\"wp-block-spacer\"><\/div>\n\n\n\n<h3 class=\"wp-block-heading\">REIT sanitarios<\/h3>\n\n\n\n<p>Welltower Inc. brilla en el sector sanitario, con propiedades que incluyen residencias para la tercera edad, centros ambulatorios y hospitales. La tendencia al envejecimiento de la poblaci\u00f3n sustenta la demanda de inmuebles sanitarios, lo que posiciona a Welltower para un \u00e9xito continuado.<\/p>\n\n\n\n<div style=\"height:21px\" aria-hidden=\"true\" class=\"wp-block-spacer\"><\/div>\n\n\n\n<h3 class=\"wp-block-heading\">REITs industriales<\/h3>\n\n\n\n<p>Prologis es l\u00edder en el mercado de REITs industriales, especializado en log\u00edstica y centros de distribuci\u00f3n. El auge del comercio electr\u00f3nico impulsa la demanda de los inmuebles estrat\u00e9gicamente situados de Prologis.<\/p>\n\n\n\n<div style=\"height:21px\" aria-hidden=\"true\" class=\"wp-block-spacer\"><\/div>\n\n\n\n<h3 class=\"wp-block-heading\">REIT de oficinas<\/h3>\n\n\n\n<p>Boston Properties, uno de los mayores propietarios de edificios de oficinas de Estados Unidos, es un ejemplo de \u00e9xito en esta categor\u00eda. Centrada en ubicaciones privilegiadas, Boston Properties aprovecha sus activos de alta calidad para atraer y retener inquilinos.<\/p>\n\n\n\n<p>Tenga en cuenta que los resultados anteriores no garantizan que alguna de estas empresas siga estando siempre entre las mejores. Se recomienda la debida diligencia y precauci\u00f3n.<\/p>\n\n\n\n<p><strong>\u00bfLe duele la indecisi\u00f3n financiera? <\/strong><\/p>\n\n\n\n<figure class=\"wp-block-image size-large is-resized\"><img decoding=\"async\" width=\"512\" height=\"288\" src=\"https:\/\/adamfayed.com\/wp-content\/uploads\/2025\/03\/Adam-Fayed-Contact_CTA3-512x288.jpg\" alt=\"\" class=\"wp-image-117505\" style=\"width:683px;height:auto\" srcset=\"https:\/\/adamfayed.com\/wp-content\/uploads\/2025\/03\/Adam-Fayed-Contact_CTA3-512x288.jpg 512w, https:\/\/adamfayed.com\/wp-content\/uploads\/2025\/03\/Adam-Fayed-Contact_CTA3-300x169.jpg 300w, https:\/\/adamfayed.com\/wp-content\/uploads\/2025\/03\/Adam-Fayed-Contact_CTA3-768x432.jpg 768w, https:\/\/adamfayed.com\/wp-content\/uploads\/2025\/03\/Adam-Fayed-Contact_CTA3-scaled.jpg 825w\" sizes=\"(max-width: 512px) 100vw, 512px\" \/><\/figure>\n\n\n\n<div style=\"height:10px\" aria-hidden=\"true\" class=\"wp-block-spacer\"><\/div>\n\n\n\n<div class=\"wp-block-buttons is-layout-flex wp-block-buttons-is-layout-flex\">\n<div class=\"wp-block-button\"><a class=\"wp-block-button__link wp-element-button\" href=\"https:\/\/adamfayed.com\/es\/become-adams-client\/\">Convi\u00e9rtase en mi cliente<\/a><\/div>\n\n\n\n<div class=\"wp-block-button\"><a class=\"wp-block-button__link wp-element-button\" href=\"https:\/\/adamfayed.com\/es\/good-match-quiz\/\" target=\"_blank\" rel=\"noreferrer noopener\">Realice el cuestionario de elegibilidad de clientes<\/a><\/div>\n\n\n\n<div class=\"wp-block-button\"><a class=\"wp-block-button__link wp-element-button\" href=\"https:\/\/adamfayed.com\/es\/contact\/\" target=\"_blank\" rel=\"noreferrer noopener\">P\u00f3ngase en contacto con<\/a><\/div>\n<\/div>\n\n\n\n<p><strong>Adam es un autor reconocido internacionalmente en temas financieros, con m\u00e1s de 830 millones de respuestas en Quora, un libro muy vendido en Amazon y colaborador de Forbes.<\/strong><\/p>","protected":false},"excerpt":{"rendered":"<p>C\u00f3mo invertir en REIT<\/p>","protected":false},"author":14,"featured_media":83808,"parent":79686,"menu_order":0,"comment_status":"open","ping_status":"closed","template":"","meta":{"rop_custom_images_group":[],"rop_custom_messages_group":[],"rop_publish_now":"initial","rop_publish_now_accounts":{"facebook_10166176115445471_100883565069113":""},"rop_publish_now_history":[],"rop_publish_now_status":"pending","footnotes":""},"class_list":["post-83769","page","type-page","status-publish","has-post-thumbnail","hentry"],"_links":{"self":[{"href":"https:\/\/adamfayed.com\/es\/wp-json\/wp\/v2\/pages\/83769","targetHints":{"allow":["GET"]}}],"collection":[{"href":"https:\/\/adamfayed.com\/es\/wp-json\/wp\/v2\/pages"}],"about":[{"href":"https:\/\/adamfayed.com\/es\/wp-json\/wp\/v2\/types\/page"}],"author":[{"embeddable":true,"href":"https:\/\/adamfayed.com\/es\/wp-json\/wp\/v2\/users\/14"}],"replies":[{"embeddable":true,"href":"https:\/\/adamfayed.com\/es\/wp-json\/wp\/v2\/comments?post=83769"}],"version-history":[{"count":2,"href":"https:\/\/adamfayed.com\/es\/wp-json\/wp\/v2\/pages\/83769\/revisions"}],"predecessor-version":[{"id":121071,"href":"https:\/\/adamfayed.com\/es\/wp-json\/wp\/v2\/pages\/83769\/revisions\/121071"}],"up":[{"embeddable":true,"href":"https:\/\/adamfayed.com\/es\/wp-json\/wp\/v2\/pages\/79686"}],"wp:featuredmedia":[{"embeddable":true,"href":"https:\/\/adamfayed.com\/es\/wp-json\/wp\/v2\/media\/83808"}],"wp:attachment":[{"href":"https:\/\/adamfayed.com\/es\/wp-json\/wp\/v2\/media?parent=83769"}],"curies":[{"name":"wp","href":"https:\/\/api.w.org\/{rel}","templated":true}]}}