{"id":83771,"date":"2024-04-07T20:05:50","date_gmt":"2024-04-07T20:05:50","guid":{"rendered":"https:\/\/adamfayed.com\/?page_id=83771"},"modified":"2025-04-04T08:23:25","modified_gmt":"2025-04-04T08:23:25","slug":"types-of-cds","status":"publish","type":"page","link":"https:\/\/adamfayed.com\/es\/investment-options\/certificate-of-deposit\/types-of-cds\/","title":{"rendered":"Tipos de CD"},"content":{"rendered":"<p>Esta p\u00e1gina explorar\u00e1 los tipos de CD (<a href=\"https:\/\/adamfayed.com\/es\/investment-options\/certificate-of-deposit\/\">certificados de dep\u00f3sito<\/a>):<\/p>\n\n\n\n<ul class=\"wp-block-list\">\n<li>CD sin penalizaci\u00f3n<\/li>\n\n\n\n<li>CDs de choque<\/li>\n\n\n\n<li>CDs Step up<\/li>\n\n\n\n<li>CD rescatables<\/li>\n\n\n\n<li>CD complementarios<\/li>\n\n\n\n<li>CDs Jumbo<\/li>\n\n\n\n<li>CD intermediados<\/li>\n<\/ul>\n\n\n\n<div class=\"wp-block-group is-layout-constrained wp-block-group-is-layout-constrained\">\n<figure class=\"wp-block-image alignright size-medium is-resized\"><img fetchpriority=\"high\" decoding=\"async\" width=\"300\" height=\"240\" src=\"https:\/\/adamfayed.com\/wp-content\/uploads\/2024\/04\/types-of-certificate-of-deposit-300x240.jpg\" alt=\"Types of CDs\" class=\"wp-image-83831\" style=\"width:226px;height:auto\" srcset=\"https:\/\/adamfayed.com\/wp-content\/uploads\/2024\/04\/types-of-certificate-of-deposit-300x240.jpg 300w, https:\/\/adamfayed.com\/wp-content\/uploads\/2024\/04\/types-of-certificate-of-deposit-512x410.jpg 512w, https:\/\/adamfayed.com\/wp-content\/uploads\/2024\/04\/types-of-certificate-of-deposit-768x614.jpg 768w, https:\/\/adamfayed.com\/wp-content\/uploads\/2024\/04\/types-of-certificate-of-deposit-scaled.jpg 825w\" sizes=\"(max-width: 300px) 100vw, 300px\" \/><\/figure>\n<\/div>\n\n\n\n<p><\/p>\n\n\n\n<p>Si desea invertir como expatriado o particular con un elevado patrimonio neto, que es en lo que estoy especializado, puede enviarme un correo electr\u00f3nico (advice@adamfayed.com) o WhatsApp (+44-7393-450-837).<\/p>\n\n\n\n<p>Los inversores pueden seleccionar los mejores <a href=\"https:\/\/adamfayed.com\/es\/investment-options\/\">opciones de inversi\u00f3n<\/a> en funci\u00f3n de aspectos como el horizonte de inversi\u00f3n, las exigencias de liquidez y la previsi\u00f3n de tipos de inter\u00e9s, conociendo los numerosos tipos de certificados de dep\u00f3sito.<\/p>\n\n\n\n<div style=\"height:29px\" aria-hidden=\"true\" class=\"wp-block-spacer\"><\/div>\n\n\n\n<h2 class=\"wp-block-heading\"><strong>CD normales<\/strong><\/h2>\n\n\n\n<p>Un CD normal suele tener un tipo de inter\u00e9s fijo y una penalizaci\u00f3n por retirada anticipada, y s\u00f3lo permite un \u00fanico dep\u00f3sito inicial.<\/p>\n\n\n\n<div style=\"height:29px\" aria-hidden=\"true\" class=\"wp-block-spacer\"><\/div>\n\n\n\n<h2 class=\"wp-block-heading\"><strong>CD especializados<\/strong><\/h2>\n\n\n\n<p>Los CD especializados se desv\u00edan de estas caracter\u00edsticas est\u00e1ndar de los CD. Algunos de los tipos m\u00e1s frecuentes de CD especializados son:<\/p>\n\n\n\n<div style=\"height:16px\" aria-hidden=\"true\" class=\"wp-block-spacer\"><\/div>\n\n\n\n<h3 class=\"wp-block-heading\">CD sin penalizaci\u00f3n<\/h3>\n\n\n\n<p>Estos <a href=\"https:\/\/www.forbes.com\/advisor\/banking\/cds\/types-of-cds\/\" target=\"_blank\" rel=\"noopener\">CD<\/a> le permiten retirar fondos de la cuenta una o m\u00e1s veces antes de la fecha de vencimiento sin comisi\u00f3n de penalizaci\u00f3n.<\/p>\n\n\n\n<p>Aunque proporcionan m\u00e1s flexibilidad, pueden ofrecer tipos m\u00e1s bajos en comparaci\u00f3n con otros CD.<\/p>\n\n\n\n<div style=\"height:16px\" aria-hidden=\"true\" class=\"wp-block-spacer\"><\/div>\n\n\n\n<h3 class=\"wp-block-heading\">CDs de choque<\/h3>\n\n\n\n<p>Con un CD \"bump-up\", tiene la posibilidad de aumentar el tipo de rendimiento del CD.<\/p>\n\n\n\n<p>Si los tipos suben, puede solicitar al banco que aumente el tipo de su CD, normalmente limitado a un aumento por plazo.<\/p>\n\n\n\n<div style=\"height:16px\" aria-hidden=\"true\" class=\"wp-block-spacer\"><\/div>\n\n\n\n<h3 class=\"wp-block-heading\">CDs Step up<\/h3>\n\n\n\n<p>Similares a los CD \"bump-up\", los CD \"step-up\" le permiten beneficiarse de la subida de los tipos.<\/p>\n\n\n\n<p>A diferencia de los CD con incremento progresivo, el banco aumenta autom\u00e1ticamente el tipo de inter\u00e9s en una cantidad predeterminada.<\/p>\n\n\n\n<div style=\"height:16px\" aria-hidden=\"true\" class=\"wp-block-spacer\"><\/div>\n\n\n\n<h3 class=\"wp-block-heading\">CD rescatables<\/h3>\n\n\n\n<p>Los CD rescatables suelen ofrecer tipos de inter\u00e9s m\u00e1s altos que los CD normales, pero conllevan un riesgo a\u00f1adido, ya que el banco puede \u201crescatar\u201d el CD antes de que finalice el plazo.<\/p>\n\n\n\n<p>Sobre todo si bajan los tipos de inter\u00e9s.<\/p>\n\n\n\n<div style=\"height:16px\" aria-hidden=\"true\" class=\"wp-block-spacer\"><\/div>\n\n\n\n<h3 class=\"wp-block-heading\">CD complementarios<\/h3>\n\n\n\n<p>A diferencia de otros tipos de CD, un CD complementario permite realizar dep\u00f3sitos adicionales despu\u00e9s del inicial.<\/p>\n\n\n\n<p>Esta funci\u00f3n permite el crecimiento continuo de su <a href=\"https:\/\/adamfayed.com\/es\/review-articles\/rl360-quantum-savings-plan-review\/\">ahorro<\/a> a medida que se disponga de m\u00e1s fondos para invertir.<\/p>\n\n\n\n<div style=\"height:16px\" aria-hidden=\"true\" class=\"wp-block-spacer\"><\/div>\n\n\n\n<h3 class=\"wp-block-heading\">CDs Jumbo<\/h3>\n\n\n\n<p>Esencialmente similares a los CD est\u00e1ndar, los CD jumbo tienen un requisito de dep\u00f3sito m\u00ednimo m\u00e1s elevado, normalmente $100.000 o m\u00e1s.<\/p>\n\n\n\n<p>Los Jumbo CD suelen ofrecer tipos medios ligeramente superiores a los de los CD est\u00e1ndar.<\/p>\n\n\n\n<div style=\"height:16px\" aria-hidden=\"true\" class=\"wp-block-spacer\"><\/div>\n\n\n\n<h3 class=\"wp-block-heading\">CD intermediados<\/h3>\n\n\n\n<p>En general, los CD son ofrecidos por organizaciones como <a href=\"https:\/\/adamfayed.com\/es\/bnp-paribas-review-2022-part-1-a-leading-bank-in-the-european-union\/\">bancos<\/a> o cooperativas de cr\u00e9dito, y a veces pueden ser ofrecidos por terceros.<\/p>\n\n\n\n<p>Si un tercero, como un <a href=\"https:\/\/adamfayed.com\/es\/expats\/what-are-the-best-investing-options-for-american-expats-in-2023\/\">empresa de corretaje<\/a>, ofrece un CD, entonces se conoce como Brokered CD. Por otro lado, los CD proporcionados por los bancos se conocen como CD bancarios.<\/p>\n\n\n\n<p>Los CD intermediados pueden venderse o comprarse en un mercado secundario y pagan intereses regularmente, mientras que los CD bancarios tienen la facilidad de adquirir intereses compuestos.<\/p>\n\n\n\n<p><\/p>\n\n\n\n<p>Algunos de los tipos de CD mencionados son espec\u00edficos de EE.UU., pero existe la posibilidad de que tambi\u00e9n existan en su pa\u00eds. Probablemente con otro nombre.<\/p>\n\n\n\n<p><strong>\u00bfLe duele la indecisi\u00f3n financiera? <\/strong><\/p>\n\n\n\n<figure class=\"wp-block-image size-large is-resized\"><img decoding=\"async\" width=\"512\" height=\"288\" src=\"https:\/\/adamfayed.com\/wp-content\/uploads\/2025\/03\/Adam-Fayed-Contact_CTA3-512x288.jpg\" alt=\"\" class=\"wp-image-117505\" style=\"width:683px;height:auto\" srcset=\"https:\/\/adamfayed.com\/wp-content\/uploads\/2025\/03\/Adam-Fayed-Contact_CTA3-512x288.jpg 512w, https:\/\/adamfayed.com\/wp-content\/uploads\/2025\/03\/Adam-Fayed-Contact_CTA3-300x169.jpg 300w, https:\/\/adamfayed.com\/wp-content\/uploads\/2025\/03\/Adam-Fayed-Contact_CTA3-768x432.jpg 768w, https:\/\/adamfayed.com\/wp-content\/uploads\/2025\/03\/Adam-Fayed-Contact_CTA3-scaled.jpg 825w\" sizes=\"(max-width: 512px) 100vw, 512px\" \/><\/figure>\n\n\n\n<div style=\"height:10px\" aria-hidden=\"true\" class=\"wp-block-spacer\"><\/div>\n\n\n\n<div class=\"wp-block-buttons is-layout-flex wp-block-buttons-is-layout-flex\">\n<div class=\"wp-block-button\"><a class=\"wp-block-button__link wp-element-button\" href=\"https:\/\/adamfayed.com\/es\/become-adams-client\/\">Convi\u00e9rtase en mi cliente<\/a><\/div>\n\n\n\n<div class=\"wp-block-button\"><a class=\"wp-block-button__link wp-element-button\" href=\"https:\/\/adamfayed.com\/es\/good-match-quiz\/\" target=\"_blank\" rel=\"noreferrer noopener\">Realice el cuestionario de elegibilidad de clientes<\/a><\/div>\n\n\n\n<div class=\"wp-block-button\"><a class=\"wp-block-button__link wp-element-button\" href=\"https:\/\/adamfayed.com\/es\/contact\/\" target=\"_blank\" rel=\"noreferrer noopener\">P\u00f3ngase en contacto con<\/a><\/div>\n<\/div>\n\n\n\n<p><strong>Adam es un autor reconocido internacionalmente en temas financieros, con m\u00e1s de 830 millones de respuestas en Quora, un libro muy vendido en Amazon y colaborador de Forbes.<\/strong><\/p>","protected":false},"excerpt":{"rendered":"<p>This page will explore the types of CDs (certificates of deposit): If you are looking to invest as an expat or high-net-worth individual, which is what I specialize in, you can email me (advice@adamfayed.com) or WhatsApp (+44-7393-450-837). Investors can select the best investment options based on aspects like investment horizon, liquidity demands, and interest rate [&hellip;]<\/p>","protected":false},"author":14,"featured_media":83829,"parent":81142,"menu_order":0,"comment_status":"open","ping_status":"closed","template":"","meta":{"rop_custom_images_group":[],"rop_custom_messages_group":[],"rop_publish_now":"initial","rop_publish_now_accounts":{"facebook_10166176115445471_100883565069113":""},"rop_publish_now_history":[],"rop_publish_now_status":"pending","footnotes":""},"class_list":["post-83771","page","type-page","status-publish","has-post-thumbnail","hentry"],"_links":{"self":[{"href":"https:\/\/adamfayed.com\/es\/wp-json\/wp\/v2\/pages\/83771","targetHints":{"allow":["GET"]}}],"collection":[{"href":"https:\/\/adamfayed.com\/es\/wp-json\/wp\/v2\/pages"}],"about":[{"href":"https:\/\/adamfayed.com\/es\/wp-json\/wp\/v2\/types\/page"}],"author":[{"embeddable":true,"href":"https:\/\/adamfayed.com\/es\/wp-json\/wp\/v2\/users\/14"}],"replies":[{"embeddable":true,"href":"https:\/\/adamfayed.com\/es\/wp-json\/wp\/v2\/comments?post=83771"}],"version-history":[{"count":3,"href":"https:\/\/adamfayed.com\/es\/wp-json\/wp\/v2\/pages\/83771\/revisions"}],"predecessor-version":[{"id":127859,"href":"https:\/\/adamfayed.com\/es\/wp-json\/wp\/v2\/pages\/83771\/revisions\/127859"}],"up":[{"embeddable":true,"href":"https:\/\/adamfayed.com\/es\/wp-json\/wp\/v2\/pages\/81142"}],"wp:featuredmedia":[{"embeddable":true,"href":"https:\/\/adamfayed.com\/es\/wp-json\/wp\/v2\/media\/83829"}],"wp:attachment":[{"href":"https:\/\/adamfayed.com\/es\/wp-json\/wp\/v2\/media?parent=83771"}],"curies":[{"name":"wp","href":"https:\/\/api.w.org\/{rel}","templated":true}]}}