{"id":83775,"date":"2024-04-07T20:51:09","date_gmt":"2024-04-07T20:51:09","guid":{"rendered":"https:\/\/adamfayed.com\/?page_id=83775"},"modified":"2025-03-25T13:12:50","modified_gmt":"2025-03-25T13:12:50","slug":"reits-pros-and-cons","status":"publish","type":"page","link":"https:\/\/adamfayed.com\/es\/investment-options\/reits\/reits-pros-and-cons\/","title":{"rendered":"Ventajas e inconvenientes de los REIT"},"content":{"rendered":"<p>Con ingresos regulares y la posibilidad de crecimiento del capital, <a href=\"https:\/\/adamfayed.com\/es\/investment-options\/reits\/\" data-type=\"link\" data-id=\"https:\/\/adamfayed.com\/investment-options\/reits\/\">fondos de inversi\u00f3n inmobiliaria (REIT)<\/a> ofrecen a los inversores la posibilidad de dedicarse al sector inmobiliario sin la carga de la propiedad.<\/p>\n\n\n\n<p>Sin embargo, esta oportunidad de inversi\u00f3n va unida a riesgos espec\u00edficos relacionados con el sector inmobiliario.<\/p>\n\n\n\n<p>Si desea invertir como expatriado o particular con un elevado patrimonio neto, que es en lo que estoy especializado, puede enviarme un correo electr\u00f3nico (advice@adamfayed.com) o WhatsApp (+44-7393-450-837).<\/p>\n\n\n\n<p>En esta p\u00e1gina analizaremos los pros y los contras de los REIT, as\u00ed como si son una buena inversi\u00f3n.<\/p>\n\n\n\n<div style=\"height:29px\" aria-hidden=\"true\" class=\"wp-block-spacer\"><\/div>\n\n\n\n<h2 class=\"wp-block-heading\"><strong>Ventajas de invertir en REIT<\/strong><\/h2>\n\n\n\n<figure class=\"wp-block-image alignleft size-medium\"><img fetchpriority=\"high\" decoding=\"async\" width=\"300\" height=\"171\" src=\"https:\/\/adamfayed.com\/wp-content\/uploads\/2024\/04\/Benefits-of-Investing-in-REITs-300x171.webp\" alt=\"REITs Pros and Cons\" class=\"wp-image-83838\" srcset=\"https:\/\/adamfayed.com\/wp-content\/uploads\/2024\/04\/Benefits-of-Investing-in-REITs-300x171.webp 300w, https:\/\/adamfayed.com\/wp-content\/uploads\/2024\/04\/Benefits-of-Investing-in-REITs-512x293.webp 512w, https:\/\/adamfayed.com\/wp-content\/uploads\/2024\/04\/Benefits-of-Investing-in-REITs-768x439.webp 768w, https:\/\/adamfayed.com\/wp-content\/uploads\/2024\/04\/Benefits-of-Investing-in-REITs-scaled.webp 825w\" sizes=\"(max-width: 300px) 100vw, 300px\" \/><\/figure>\n\n\n\n<p>La inversi\u00f3n en REITs ofrece multitud de <a href=\"https:\/\/fnrpusa.com\/blog\/reit-investing-pros-cons\/\" target=\"_blank\" rel=\"noopener\">beneficios<\/a>, por lo que es una opci\u00f3n destacada para diversificar las carteras de inversi\u00f3n.<\/p>\n\n\n\n<p>La principal ventaja reside en el potencial de diversificaci\u00f3n. El sector inmobiliario es una clase de activos distinta que suele evolucionar de forma inversa a las acciones y los bonos, lo que amortigua la volatilidad del mercado.<\/p>\n\n\n\n<p>Otra ventaja significativa es el potencial de rentabilidad por dividendos. Los REIT son famosos por sus elevadas distribuciones de dividendos, resultado del requisito de distribuir al menos 90% de los ingresos imponibles a los accionistas.<\/p>\n\n\n\n<p>Este aspecto de la inversi\u00f3n en REITs la convierte en una excelente opci\u00f3n para los inversores centrados en las rentas, ya que proporciona un flujo de ingresos regulares adem\u00e1s de una posible revalorizaci\u00f3n del capital.<\/p>\n\n\n\n<p>La liquidez es otra de las ventajas de invertir en REIT. A diferencia de las inversiones inmobiliarias directas, que pueden tardar meses en comprarse o venderse, las acciones de los REIT se negocian en las principales bolsas de valores.<\/p>\n\n\n\n<p>Esto significa que los inversores pueden comprar o vender sus inversiones en REIT con facilidad, de forma similar a como lo har\u00edan con las acciones. Este nivel de liquidez es especialmente atractivo para los inversores que puedan necesitar ajustar r\u00e1pidamente sus carteras en respuesta a las cambiantes condiciones del mercado.<\/p>\n\n\n\n<div style=\"height:29px\" aria-hidden=\"true\" class=\"wp-block-spacer\"><\/div>\n\n\n\n<h2 class=\"wp-block-heading\"><strong>Riesgo de los REIT<\/strong><\/h2>\n\n\n\n<figure class=\"wp-block-image alignright size-medium\"><img decoding=\"async\" width=\"300\" height=\"171\" src=\"https:\/\/adamfayed.com\/wp-content\/uploads\/2024\/04\/REIT-Risk--300x171.webp\" alt=\"REIT Risk \" class=\"wp-image-83839\" srcset=\"https:\/\/adamfayed.com\/wp-content\/uploads\/2024\/04\/REIT-Risk--300x171.webp 300w, https:\/\/adamfayed.com\/wp-content\/uploads\/2024\/04\/REIT-Risk--512x293.webp 512w, https:\/\/adamfayed.com\/wp-content\/uploads\/2024\/04\/REIT-Risk--768x439.webp 768w, https:\/\/adamfayed.com\/wp-content\/uploads\/2024\/04\/REIT-Risk--scaled.webp 825w\" sizes=\"(max-width: 300px) 100vw, 300px\" \/><\/figure>\n\n\n\n<p>Los REIT suelen ser sensibles a las variaciones de los tipos de inter\u00e9s. A medida que suben los tipos de inter\u00e9s, aumenta el coste de los pr\u00e9stamos para los REIT, lo que puede reducir los m\u00e1rgenes de beneficio. Los tipos m\u00e1s altos tambi\u00e9n hacen m\u00e1s atractivos los bonos y otras inversiones de renta fija, lo que provoca una disminuci\u00f3n de los precios de mercado de los REIT.&nbsp;<\/p>\n\n\n\n<p>Los inversores deben tener en cuenta el entorno actual de los tipos de inter\u00e9s y las previsiones futuras a la hora de invertir en REIT. Equilibrar su cartera para mitigar estos riesgos implica una planificaci\u00f3n cuidadosa y un an\u00e1lisis del mercado.<\/p>\n\n\n\n<p>El mercado inmobiliario puede ser vol\u00e1til, influido por factores econ\u00f3micos, tendencias del mercado y acontecimientos geopol\u00edticos.&nbsp;<\/p>\n\n\n\n<p>Esta volatilidad puede repercutir significativamente en los resultados de los REIT, afectando a su valor y a los dividendos que reparten. Los inversores deben evaluar su tolerancia a dicha volatilidad antes de comprometerse a invertir en REIT.&nbsp;<\/p>\n\n\n\n<p>La inversi\u00f3n en REITs requiere una cierta tolerancia al riesgo y un determinado horizonte de inversi\u00f3n. Los inversores que buscan ganancias a corto plazo o los que tienen poca tolerancia a las fluctuaciones del mercado pueden considerar inadecuados los REIT.&nbsp;<\/p>\n\n\n\n<p>Adem\u00e1s, los REIT, por ley, deben distribuir al menos el 90% de sus ingresos imponibles a los accionistas en forma de dividendos, lo que deja menos capital para la reinversi\u00f3n y el crecimiento.<\/p>\n\n\n\n<p>Este modelo de distribuci\u00f3n podr\u00eda no ajustarse a los objetivos de crecimiento de determinados inversores que prefieren reinvertir los beneficios para obtener un crecimiento exponencial.<\/p>\n\n\n\n<div style=\"height:29px\" aria-hidden=\"true\" class=\"wp-block-spacer\"><\/div>\n\n\n\n<h2 class=\"wp-block-heading\"><strong>\u00bfSon los REIT una buena inversi\u00f3n?<\/strong><\/h2>\n\n\n\n<p>Hist\u00f3ricamente, los REIT han proporcionado rendimientos totales competitivos, impulsados por el pago de dividendos y la revalorizaci\u00f3n del capital, especialmente en entornos de inflaci\u00f3n moderada.<\/p>\n\n\n\n<p>El rendimiento de los REIT est\u00e1 correlacionado con los ciclos econ\u00f3micos. En periodos de crecimiento econ\u00f3mico, aumenta la demanda inmobiliaria, lo que eleva los alquileres y el valor de las propiedades.<\/p>\n\n\n\n<p>En consecuencia, los REIT suelen obtener buenos resultados. Sin embargo, pueden ser sensibles a las variaciones de los tipos de inter\u00e9s. La subida de los tipos aumenta los costes de los pr\u00e9stamos para los REIT, lo que puede reducir su rentabilidad y el pago de dividendos.<\/p>\n\n\n\n<p>La inversi\u00f3n en REIT tambi\u00e9n conlleva factores de riesgo, como la volatilidad del mercado y los riesgos espec\u00edficos del sector. Por ejemplo, los REIT minoristas pueden enfrentarse a retos derivados del crecimiento del comercio electr\u00f3nico, mientras que los REIT de oficinas podr\u00edan verse afectados por los cambios en la din\u00e1mica del lugar de trabajo.<\/p>\n\n\n\n<p><strong>\u00bfLe duele la indecisi\u00f3n financiera? <\/strong><\/p>\n\n\n\n<figure class=\"wp-block-image size-large is-resized\"><img decoding=\"async\" width=\"512\" height=\"288\" src=\"https:\/\/adamfayed.com\/wp-content\/uploads\/2025\/03\/Adam-Fayed-Contact_CTA3-512x288.jpg\" alt=\"\" class=\"wp-image-117505\" style=\"width:683px;height:auto\" srcset=\"https:\/\/adamfayed.com\/wp-content\/uploads\/2025\/03\/Adam-Fayed-Contact_CTA3-512x288.jpg 512w, https:\/\/adamfayed.com\/wp-content\/uploads\/2025\/03\/Adam-Fayed-Contact_CTA3-300x169.jpg 300w, https:\/\/adamfayed.com\/wp-content\/uploads\/2025\/03\/Adam-Fayed-Contact_CTA3-768x432.jpg 768w, https:\/\/adamfayed.com\/wp-content\/uploads\/2025\/03\/Adam-Fayed-Contact_CTA3-scaled.jpg 825w\" sizes=\"(max-width: 512px) 100vw, 512px\" \/><\/figure>\n\n\n\n<div style=\"height:10px\" aria-hidden=\"true\" class=\"wp-block-spacer\"><\/div>\n\n\n\n<div class=\"wp-block-buttons is-layout-flex wp-block-buttons-is-layout-flex\">\n<div class=\"wp-block-button\"><a class=\"wp-block-button__link wp-element-button\" href=\"https:\/\/adamfayed.com\/es\/become-adams-client\/\">Convi\u00e9rtase en mi cliente<\/a><\/div>\n\n\n\n<div class=\"wp-block-button\"><a class=\"wp-block-button__link wp-element-button\" href=\"https:\/\/adamfayed.com\/es\/good-match-quiz\/\" target=\"_blank\" rel=\"noreferrer noopener\">Realice el cuestionario de elegibilidad de clientes<\/a><\/div>\n\n\n\n<div class=\"wp-block-button\"><a class=\"wp-block-button__link wp-element-button\" href=\"https:\/\/adamfayed.com\/es\/contact\/\" target=\"_blank\" rel=\"noreferrer noopener\">P\u00f3ngase en contacto con<\/a><\/div>\n<\/div>\n\n\n\n<p><strong>Adam es un autor reconocido internacionalmente en temas financieros, con m\u00e1s de 830 millones de respuestas en Quora, un libro muy vendido en Amazon y colaborador de Forbes.<\/strong><\/p>\n\n\n\n\n\n<p><\/p>","protected":false},"excerpt":{"rendered":"<p>Ventajas e inconvenientes de los REIT<\/p>","protected":false},"author":14,"featured_media":83836,"parent":79686,"menu_order":0,"comment_status":"open","ping_status":"closed","template":"","meta":{"rop_custom_images_group":[],"rop_custom_messages_group":[],"rop_publish_now":"initial","rop_publish_now_accounts":{"facebook_10166176115445471_100883565069113":""},"rop_publish_now_history":[],"rop_publish_now_status":"pending","footnotes":""},"class_list":["post-83775","page","type-page","status-publish","has-post-thumbnail","hentry"],"_links":{"self":[{"href":"https:\/\/adamfayed.com\/es\/wp-json\/wp\/v2\/pages\/83775","targetHints":{"allow":["GET"]}}],"collection":[{"href":"https:\/\/adamfayed.com\/es\/wp-json\/wp\/v2\/pages"}],"about":[{"href":"https:\/\/adamfayed.com\/es\/wp-json\/wp\/v2\/types\/page"}],"author":[{"embeddable":true,"href":"https:\/\/adamfayed.com\/es\/wp-json\/wp\/v2\/users\/14"}],"replies":[{"embeddable":true,"href":"https:\/\/adamfayed.com\/es\/wp-json\/wp\/v2\/comments?post=83775"}],"version-history":[{"count":3,"href":"https:\/\/adamfayed.com\/es\/wp-json\/wp\/v2\/pages\/83775\/revisions"}],"predecessor-version":[{"id":121110,"href":"https:\/\/adamfayed.com\/es\/wp-json\/wp\/v2\/pages\/83775\/revisions\/121110"}],"up":[{"embeddable":true,"href":"https:\/\/adamfayed.com\/es\/wp-json\/wp\/v2\/pages\/79686"}],"wp:featuredmedia":[{"embeddable":true,"href":"https:\/\/adamfayed.com\/es\/wp-json\/wp\/v2\/media\/83836"}],"wp:attachment":[{"href":"https:\/\/adamfayed.com\/es\/wp-json\/wp\/v2\/media?parent=83775"}],"curies":[{"name":"wp","href":"https:\/\/api.w.org\/{rel}","templated":true}]}}