{"id":83946,"date":"2024-04-10T01:58:50","date_gmt":"2024-04-10T01:58:50","guid":{"rendered":"https:\/\/adamfayed.com\/?page_id=83946"},"modified":"2025-03-03T07:06:00","modified_gmt":"2025-03-03T07:06:00","slug":"pros-and-cons-of-investing-in-dividend-stocks","status":"publish","type":"page","link":"https:\/\/adamfayed.com\/es\/investment-options\/stocks\/pros-and-cons-of-investing-in-dividend-stocks\/","title":{"rendered":"Ventajas e inconvenientes de invertir en acciones con dividendos"},"content":{"rendered":"<p>Esta p\u00e1gina profundizar\u00e1 en los pros y los contras de invertir en acciones con dividendos:<\/p>\n\n\n\n<ul class=\"wp-block-list\">\n<li>Ventajas de invertir en acciones con dividendos<\/li>\n\n\n\n<li>Riesgos de las acciones que pagan dividendos<\/li>\n<\/ul>\n\n\n\n<p><\/p>\n\n\n\n<p>Si desea invertir como expatriado o particular con un elevado patrimonio neto, que es en lo que estoy especializado, puede enviarme un correo electr\u00f3nico (advice@adamfayed.com) o WhatsApp (+44-7393-450-837).<\/p>\n\n\n\n<p>Aunque a veces se consideran m\u00e1s seguras que las acciones que no reparten dividendos, las acciones que reparten dividendos pueden ser arriesgadas.<\/p>\n\n\n\n<p>Dada la influencia que pueden tener los dividendos en los resultados de la inversi\u00f3n, los inversores deben sopesar tanto las ventajas como los inconvenientes de los valores con dividendos a la hora de crear una <a href=\"https:\/\/adamfayed.com\/es\/financial-planning\/personal-financial-planning\/\">plan financiero<\/a>.<\/p>\n\n\n\n<div style=\"height:30px\" aria-hidden=\"true\" class=\"wp-block-spacer\"><\/div>\n\n\n\n<h2 class=\"wp-block-heading\"><strong>Ventajas de invertir en acciones con dividendos<\/strong><\/h2>\n\n\n\n<figure class=\"wp-block-image alignleft size-medium\"><img fetchpriority=\"high\" decoding=\"async\" width=\"300\" height=\"300\" src=\"https:\/\/adamfayed.com\/wp-content\/uploads\/2024\/04\/Benefits-of-Investing-in-Dividend-Stocks-300x300.webp\" alt=\"Pros and Cons of Investing in Dividend Stocks\" class=\"wp-image-83996\" srcset=\"https:\/\/adamfayed.com\/wp-content\/uploads\/2024\/04\/Benefits-of-Investing-in-Dividend-Stocks-300x300.webp 300w, https:\/\/adamfayed.com\/wp-content\/uploads\/2024\/04\/Benefits-of-Investing-in-Dividend-Stocks-512x512.webp 512w, https:\/\/adamfayed.com\/wp-content\/uploads\/2024\/04\/Benefits-of-Investing-in-Dividend-Stocks-150x150.webp 150w, https:\/\/adamfayed.com\/wp-content\/uploads\/2024\/04\/Benefits-of-Investing-in-Dividend-Stocks-768x768.webp 768w, https:\/\/adamfayed.com\/wp-content\/uploads\/2024\/04\/Benefits-of-Investing-in-Dividend-Stocks-scaled.webp 825w\" sizes=\"(max-width: 300px) 100vw, 300px\" \/><\/figure>\n\n\n\n<p>En primer lugar, proporcionan un <a href=\"https:\/\/corporatefinanceinstitute.com\/resources\/equities\/investing-in-stocks-with-dividends-vs-stocks-without-dividends\/\" data-type=\"link\" data-id=\"https:\/\/corporatefinanceinstitute.com\/resources\/equities\/investing-in-stocks-with-dividends-vs-stocks-without-dividends\/\" target=\"_blank\" rel=\"noopener\">fuente fiable de ingresos.<\/a><\/p>\n\n\n\n<p>A diferencia de otros tipos de inversiones, como <a href=\"https:\/\/adamfayed.com\/es\/rl360-oracle-offshore-bond-review-for-expats\/\">bonos<\/a> o <a href=\"https:\/\/adamfayed.com\/es\/investment-options\/real-estate\/real-estate-investing\/\" data-type=\"link\" data-id=\"https:\/\/adamfayed.com\/investment-options\/real-estate\/real-estate-investing\/\">inmobiliario<\/a>, Las acciones con dividendos pueden generar flujo de caja de forma regular. Esto puede ser especialmente ventajoso para las personas que dependen de los ingresos de las inversiones para cubrir sus gastos. <a href=\"https:\/\/adamfayed.com\/es\/living-abroad\/living-expenses\/\">gastos de manutenci\u00f3n<\/a>.<\/p>\n\n\n\n<p>Adem\u00e1s de proporcionar ingresos, los dividendos en acciones tambi\u00e9n ofrecen la posibilidad de revalorizar el capital a largo plazo. Aunque el objetivo principal de las acciones con dividendos es generar ingresos, muchas empresas que pagan dividendos tambi\u00e9n tienen potencial de crecimiento.<\/p>\n\n\n\n<p>A medida que estas empresas aumentan sus beneficios y ampl\u00edan su negocio, el valor de sus acciones puede subir, lo que permite a los inversores beneficiarse tanto de los ingresos como del crecimiento.<\/p>\n\n\n\n<p>Otra ventaja de invertir en acciones con dividendos es el poder de la capitalizaci\u00f3n. Cuando reinviertes tus dividendos en acciones adicionales, puedes beneficiarte de la capitalizaci\u00f3n.<\/p>\n\n\n\n<p>La capitalizaci\u00f3n es el proceso de obtener rendimientos de la inversi\u00f3n inicial y de las ganancias acumuladas. Con el tiempo, esto puede aumentar significativamente sus rendimientos y ayudarle a acumular riqueza.<\/p>\n\n\n\n<p>Adem\u00e1s, las acciones con dividendos pueden proporcionar un nivel de estabilidad en una cartera de inversi\u00f3n. Las empresas que pagan dividendos suelen estar m\u00e1s consolidadas y ser m\u00e1s estables desde el punto de vista financiero.<\/p>\n\n\n\n<p>Suelen tener un historial de generaci\u00f3n de beneficios constantes y de devoluci\u00f3n de una parte de esos beneficios a los accionistas. Esto puede ayudar a amortiguar el impacto de la volatilidad del mercado y proporcionar una fuente constante de rendimientos, incluso durante per\u00edodos de ca\u00eddas del mercado.<\/p>\n\n\n\n<div style=\"height:30px\" aria-hidden=\"true\" class=\"wp-block-spacer\"><\/div>\n\n\n\n<h2 class=\"wp-block-heading\"><strong>Riesgos de las acciones que pagan dividendos<\/strong><\/h2>\n\n\n\n<figure class=\"wp-block-image alignright size-medium\"><img decoding=\"async\" width=\"300\" height=\"300\" src=\"https:\/\/adamfayed.com\/wp-content\/uploads\/2024\/04\/Dividend-Paying-Stocks-Risks-300x300.webp\" alt=\"Dividend Paying Stocks Risks\" class=\"wp-image-83997\" srcset=\"https:\/\/adamfayed.com\/wp-content\/uploads\/2024\/04\/Dividend-Paying-Stocks-Risks-300x300.webp 300w, https:\/\/adamfayed.com\/wp-content\/uploads\/2024\/04\/Dividend-Paying-Stocks-Risks-512x512.webp 512w, https:\/\/adamfayed.com\/wp-content\/uploads\/2024\/04\/Dividend-Paying-Stocks-Risks-150x150.webp 150w, https:\/\/adamfayed.com\/wp-content\/uploads\/2024\/04\/Dividend-Paying-Stocks-Risks-768x768.webp 768w, https:\/\/adamfayed.com\/wp-content\/uploads\/2024\/04\/Dividend-Paying-Stocks-Risks-scaled.webp 825w\" sizes=\"(max-width: 300px) 100vw, 300px\" \/><\/figure>\n\n\n\n<p>Como todas las acciones, las de dividendos est\u00e1n sujetas a la volatilidad del mercado. El valor de las acciones con dividendos puede fluctuar en funci\u00f3n de las condiciones del mercado, los factores econ\u00f3micos y las noticias espec\u00edficas de las empresas. Durante las fases bajistas del mercado, el valor de los dividendos puede disminuir, lo que puede afectar al rendimiento global de su cartera de inversi\u00f3n.<\/p>\n\n\n\n<p>Las empresas tampoco est\u00e1n obligadas a pagar dividendos, y puede haber casos en los que una empresa reduzca o suspenda sus pagos de dividendos.<\/p>\n\n\n\n<p>Esto puede ocurrir si la empresa se enfrenta a problemas financieros, experimenta un descenso de la rentabilidad o necesita dar prioridad a otros usos del efectivo, como el pago de la deuda o las inversiones de capital. Los recortes o suspensiones de dividendos pueden suponer una p\u00e9rdida de ingresos para los inversores y repercutir negativamente en la cotizaci\u00f3n de las acciones.<\/p>\n\n\n\n<p>Las acciones con dividendos pueden ser sensibles a las variaciones de los tipos de inter\u00e9s. Cuando los tipos de inter\u00e9s suben, las inversiones orientadas a los ingresos, como las acciones con dividendos, pueden resultar menos atractivas en comparaci\u00f3n con las acciones con dividendos. <a href=\"https:\/\/adamfayed.com\/es\/investment-options\/fixed-income\/\">inversiones de renta fija<\/a> como <a href=\"https:\/\/adamfayed.com\/es\/investment-options\/offshore-investment-bonds\/\" data-type=\"link\" data-id=\"https:\/\/adamfayed.com\/investment-options\/offshore-investment-bonds\/\">bonos<\/a>. Esto puede provocar una disminuci\u00f3n de la demanda de acciones con dividendos, lo que puede repercutir en sus precios.<\/p>\n\n\n\n<p>Los distintos sectores de la econom\u00eda pueden enfrentarse a riesgos y retos \u00fanicos. Por ejemplo, <a href=\"https:\/\/fastercapital.com\/content\/Economic-cycles--Exploring-the-Ups-and-Downs-of-Cyclical-Industries.html\" target=\"_blank\" rel=\"noopener\">sectores c\u00edclicos<\/a> como la automoci\u00f3n o la construcci\u00f3n pueden ser m\u00e1s susceptibles a las recesiones econ\u00f3micas.<\/p>\n\n\n\n<p>Los cambios normativos, los avances tecnol\u00f3gicos y los cambios en las preferencias de los consumidores tambi\u00e9n pueden afectar a sectores espec\u00edficos. <\/p>\n\n\n\n<p><strong>\u00bfLe duele la indecisi\u00f3n financiera? <\/strong><\/p>\n\n\n\n<figure class=\"wp-block-image size-large is-resized\"><img decoding=\"async\" width=\"512\" height=\"288\" src=\"https:\/\/adamfayed.com\/wp-content\/uploads\/2025\/03\/Adam-Fayed-Contact_CTA3-512x288.jpg\" alt=\"\" class=\"wp-image-117505\" style=\"width:683px;height:auto\" srcset=\"https:\/\/adamfayed.com\/wp-content\/uploads\/2025\/03\/Adam-Fayed-Contact_CTA3-512x288.jpg 512w, https:\/\/adamfayed.com\/wp-content\/uploads\/2025\/03\/Adam-Fayed-Contact_CTA3-300x169.jpg 300w, https:\/\/adamfayed.com\/wp-content\/uploads\/2025\/03\/Adam-Fayed-Contact_CTA3-768x432.jpg 768w, https:\/\/adamfayed.com\/wp-content\/uploads\/2025\/03\/Adam-Fayed-Contact_CTA3-scaled.jpg 825w\" sizes=\"(max-width: 512px) 100vw, 512px\" \/><\/figure>\n\n\n\n<div style=\"height:10px\" aria-hidden=\"true\" class=\"wp-block-spacer\"><\/div>\n\n\n\n<div class=\"wp-block-buttons is-layout-flex wp-block-buttons-is-layout-flex\">\n<div class=\"wp-block-button\"><a class=\"wp-block-button__link wp-element-button\" href=\"https:\/\/adamfayed.com\/es\/become-adams-client\/\">Convi\u00e9rtase en mi cliente<\/a><\/div>\n\n\n\n<div class=\"wp-block-button\"><a class=\"wp-block-button__link wp-element-button\" href=\"https:\/\/adamfayed.com\/es\/good-match-quiz\/\" target=\"_blank\" rel=\"noreferrer noopener\">Realice el cuestionario de elegibilidad de clientes<\/a><\/div>\n\n\n\n<div class=\"wp-block-button\"><a class=\"wp-block-button__link wp-element-button\" href=\"https:\/\/adamfayed.com\/es\/contact\/\" target=\"_blank\" rel=\"noreferrer noopener\">P\u00f3ngase en contacto con<\/a><\/div>\n<\/div>\n\n\n\n<p><strong>Adam es un autor reconocido internacionalmente en temas financieros, con m\u00e1s de 830 millones de respuestas en Quora, un libro muy vendido en Amazon y colaborador de Forbes.<\/strong><\/p>","protected":false},"excerpt":{"rendered":"<p>Pros and cons of investing in dividend stocks<\/p>","protected":false},"author":14,"featured_media":83994,"parent":78705,"menu_order":0,"comment_status":"open","ping_status":"closed","template":"","meta":{"rop_custom_images_group":[],"rop_custom_messages_group":[],"rop_publish_now":"initial","rop_publish_now_accounts":{"facebook_10166176115445471_100883565069113":""},"rop_publish_now_history":[],"rop_publish_now_status":"pending","footnotes":""},"class_list":["post-83946","page","type-page","status-publish","has-post-thumbnail","hentry"],"_links":{"self":[{"href":"https:\/\/adamfayed.com\/es\/wp-json\/wp\/v2\/pages\/83946","targetHints":{"allow":["GET"]}}],"collection":[{"href":"https:\/\/adamfayed.com\/es\/wp-json\/wp\/v2\/pages"}],"about":[{"href":"https:\/\/adamfayed.com\/es\/wp-json\/wp\/v2\/types\/page"}],"author":[{"embeddable":true,"href":"https:\/\/adamfayed.com\/es\/wp-json\/wp\/v2\/users\/14"}],"replies":[{"embeddable":true,"href":"https:\/\/adamfayed.com\/es\/wp-json\/wp\/v2\/comments?post=83946"}],"version-history":[{"count":2,"href":"https:\/\/adamfayed.com\/es\/wp-json\/wp\/v2\/pages\/83946\/revisions"}],"predecessor-version":[{"id":104938,"href":"https:\/\/adamfayed.com\/es\/wp-json\/wp\/v2\/pages\/83946\/revisions\/104938"}],"up":[{"embeddable":true,"href":"https:\/\/adamfayed.com\/es\/wp-json\/wp\/v2\/pages\/78705"}],"wp:featuredmedia":[{"embeddable":true,"href":"https:\/\/adamfayed.com\/es\/wp-json\/wp\/v2\/media\/83994"}],"wp:attachment":[{"href":"https:\/\/adamfayed.com\/es\/wp-json\/wp\/v2\/media?parent=83946"}],"curies":[{"name":"wp","href":"https:\/\/api.w.org\/{rel}","templated":true}]}}