{"id":83955,"date":"2024-04-10T01:35:24","date_gmt":"2024-04-10T01:35:24","guid":{"rendered":"https:\/\/adamfayed.com\/?page_id=83955"},"modified":"2024-04-30T19:22:40","modified_gmt":"2024-04-30T19:22:40","slug":"history-of-financial-advice","status":"publish","type":"page","link":"https:\/\/adamfayed.com\/es\/expat-financial-advisor\/financial-advice\/history-of-financial-advice\/","title":{"rendered":"Historia del asesoramiento financiero"},"content":{"rendered":"<p>Esta p\u00e1gina explora la historia del asesoramiento financiero.<\/p>\n\n\n\n<p>Muchos asumen que los asesores financieros personales se centran \u00fanicamente en maximizar sus propios beneficios. Esta percepci\u00f3n suele ser inexacta.<\/p>\n\n\n\n<p>Si desea invertir como expatriado o particular con un elevado patrimonio neto, que es en lo que estoy especializado, puede enviarme un correo electr\u00f3nico (advice@adamfayed.com) o WhatsApp (+44-7393-450-837).<\/p>\n\n\n\n<p>Comprender la evoluci\u00f3n de <a href=\"https:\/\/adamfayed.com\/es\/financial-planning\/expat-financial-advisor\/financial-advice\/\">asesoramiento financiero<\/a> pueden aportar informaci\u00f3n sobre las mejoras en el sector financiero, lo que permitir\u00e1 a los inversores estar mejor preparados para prever futuros cambios y adaptarse a las cambiantes condiciones del mercado y a la normativa.<\/p>\n\n\n\n<h2 class=\"wp-block-heading\"><a href=\"https:\/\/adamfayed.com\/es\/financial-planning\/expat-financial-advisor\/financial-advice\/history-of-financial-advice\/\">Historia del asesoramiento financiero<\/a><\/h2>\n\n\n\n<figure class=\"wp-block-image alignleft size-medium\"><img fetchpriority=\"high\" decoding=\"async\" width=\"300\" height=\"300\" src=\"https:\/\/adamfayed.com\/wp-content\/uploads\/2024\/04\/financial-advice-history-300x300.webp\" alt=\"History of Financial Advice\" class=\"wp-image-83973\" srcset=\"https:\/\/adamfayed.com\/wp-content\/uploads\/2024\/04\/financial-advice-history-300x300.webp 300w, https:\/\/adamfayed.com\/wp-content\/uploads\/2024\/04\/financial-advice-history-512x512.webp 512w, https:\/\/adamfayed.com\/wp-content\/uploads\/2024\/04\/financial-advice-history-150x150.webp 150w, https:\/\/adamfayed.com\/wp-content\/uploads\/2024\/04\/financial-advice-history-768x768.webp 768w, https:\/\/adamfayed.com\/wp-content\/uploads\/2024\/04\/financial-advice-history-scaled.webp 825w\" sizes=\"(max-width: 300px) 100vw, 300px\" \/><\/figure>\n\n\n\n<h3 class=\"wp-block-heading\">Asesoramiento financiero antes de los a\u00f1os 80<\/h3>\n\n\n\n<p>Antes de los a\u00f1os ochenta, el juego se limitaba a los grandes encargos, para los <a href=\"https:\/\/adamfayed.com\/es\/financial-planning\/expat-financial-advisor\/personal-financial-advisor\/\">asesor financiero personal<\/a>. Internet no estaba disponible, y la mayor\u00eda de la gente s\u00f3lo eleg\u00eda <a href=\"https:\/\/adamfayed.com\/es\/investment-options\/what-are-stocks\/\">acciones<\/a> y <a href=\"https:\/\/adamfayed.com\/es\/investment-options\/what-are-bonds\/\">bonos<\/a> con pocas empresas en el mercado. Los corredores sol\u00edan ganar elevadas comisiones por las acciones que vend\u00edan.<\/p>\n\n\n\n<p>Sin embargo, en mayo de 1975, todo cambia. <a href=\"https:\/\/www.orowealth.com\/insights\/blog\/may-day-historic-change-financial-market\/\" target=\"_blank\" rel=\"noopener\">Primero de mayo<\/a> es cuando la SEC exigi\u00f3 que <a href=\"https:\/\/adamfayed.com\/es\/expats\/what-are-the-best-investing-options-for-american-expats-in-2023\/\">corretaje<\/a> empresas desregulan las comisiones. Antes, los intermediarios cobraban un precio fijo por cada operaci\u00f3n, independientemente de su volumen. Los peque\u00f1os inversores pagaban mucho m\u00e1s o simplemente no invert\u00edan. Los que ten\u00edan un patrimonio elevado ten\u00edan m\u00e1s acceso, pero los corredores les desangraban.<\/p>\n\n\n\n<p>A partir de 1975, la situaci\u00f3n cambi\u00f3, ya que ahora las comisiones comerciales deb\u00edan fijarse en funci\u00f3n de la competencia del mercado.<\/p>\n\n\n\n<h3 class=\"wp-block-heading\">Asesoramiento financiero en los a\u00f1os 80<\/h3>\n\n\n\n<p>Con la desregulaci\u00f3n de las comisiones, los honorarios de los agentes siguieron bajando hasta bien entrada la d\u00e9cada de 1990. Se crearon m\u00e1s empresas de corretaje de descuento para hacer m\u00e1s accesible la inversi\u00f3n a un mayor n\u00famero de personas. Los dem\u00e1s corredores se vieron amenazados, pero el cambio era inevitable y ya estaba en marcha.<\/p>\n\n\n\n<h3 class=\"wp-block-heading\">Asesoramiento financiero en los a\u00f1os 90<\/h3>\n\n\n\n<p>Los corredores que estaban mayoritariamente en contra de la <a href=\"https:\/\/www.sec.gov\/\" target=\"_blank\" rel=\"noopener\">SEC<\/a>\u2019acabaron adapt\u00e1ndose. Empezaron a vender <a href=\"https:\/\/adamfayed.com\/es\/investment-options\/what-are-mutual-funds\/\">fondos de inversi\u00f3n<\/a>, que experiment\u00f3 un aumento del 1.100% entre 1990 y 2000. Nacieron entonces los supermercados de fondos de inversi\u00f3n, por lo que la difusi\u00f3n de los fondos de inversi\u00f3n en comisiones disminuy\u00f3.&nbsp;<\/p>\n\n\n\n<figure class=\"wp-block-image alignright size-medium\"><img decoding=\"async\" width=\"300\" height=\"300\" src=\"https:\/\/adamfayed.com\/wp-content\/uploads\/2024\/04\/financial-advice-300x300.webp\" alt=\"Financial Advice \" class=\"wp-image-83974\" srcset=\"https:\/\/adamfayed.com\/wp-content\/uploads\/2024\/04\/financial-advice-300x300.webp 300w, https:\/\/adamfayed.com\/wp-content\/uploads\/2024\/04\/financial-advice-512x512.webp 512w, https:\/\/adamfayed.com\/wp-content\/uploads\/2024\/04\/financial-advice-150x150.webp 150w, https:\/\/adamfayed.com\/wp-content\/uploads\/2024\/04\/financial-advice-768x768.webp 768w, https:\/\/adamfayed.com\/wp-content\/uploads\/2024\/04\/financial-advice-scaled.webp 825w\" sizes=\"(max-width: 300px) 100vw, 300px\" \/><\/figure>\n\n\n\n<p>A partir de ah\u00ed, el <a href=\"https:\/\/www.sec.gov\/investor\/alerts\/etfs.pdf\" target=\"_blank\" rel=\"noopener\">primer ETF<\/a> respaldada por la SEC. Muchas empresas renunciaron a las comisiones, lo que oblig\u00f3 a corredores y fabricantes de productos a adaptarse. Los corredores decidieron ofrecer asignaciones de activos en lugar de fondos individuales. Al principio, se basaban en comisiones, pero abandonaron ese modelo y trabajaron con comisiones.<\/p>\n\n\n\n<p>En cierto sentido, los a\u00f1os 90 fueron un punto de inflexi\u00f3n. Los asesores financieros personales se centraron en la diversificaci\u00f3n y la gesti\u00f3n del riesgo. Construyeron carteras personalizadas para los clientes y atendieron mejor sus necesidades.<\/p>\n\n\n\n<h3 class=\"wp-block-heading\">2000 Asesoramiento financiero<\/h3>\n\n\n\n<p>Cuando la gente tuvo acceso a los ordenadores, los asesores utilizaron los TAMP (Programas de Gesti\u00f3n de Activos Llave en Mano) para ayudarles a supervisar las cuentas de inversi\u00f3n y poder centrarse en otras \u00e1reas de negocio. En cierto sentido, los TAMP se encargaban de la facturaci\u00f3n, las asignaciones y la administraci\u00f3n de las cuentas.<\/p>\n\n\n\n<h3 class=\"wp-block-heading\">Consejos financieros para 2010<\/h3>\n\n\n\n<p>Con la crisis financiera de 2008, los precios de la vivienda cayeron en picado y el desempleo se dispar\u00f3. La situaci\u00f3n acab\u00f3 trastornando <a href=\"https:\/\/adamfayed.com\/es\/financial-planning\/offshore-investment\/offshore-account\/offshore-financial-services\/\">servicios financieros<\/a>. Los robo-asesores estaban en auge, y ahora casi todo est\u00e1 automatizado.<\/p>\n\n\n\n<p><strong>\u00bfLe duele la indecisi\u00f3n financiera? <\/strong><\/p>\n\n\n\n<figure class=\"wp-block-image size-large is-resized\"><img decoding=\"async\" width=\"512\" height=\"288\" src=\"https:\/\/adamfayed.com\/wp-content\/uploads\/2025\/03\/Adam-Fayed-Contact_CTA3-512x288.jpg\" alt=\"\" class=\"wp-image-117505\" style=\"width:683px;height:auto\" srcset=\"https:\/\/adamfayed.com\/wp-content\/uploads\/2025\/03\/Adam-Fayed-Contact_CTA3-512x288.jpg 512w, https:\/\/adamfayed.com\/wp-content\/uploads\/2025\/03\/Adam-Fayed-Contact_CTA3-300x169.jpg 300w, https:\/\/adamfayed.com\/wp-content\/uploads\/2025\/03\/Adam-Fayed-Contact_CTA3-768x432.jpg 768w, https:\/\/adamfayed.com\/wp-content\/uploads\/2025\/03\/Adam-Fayed-Contact_CTA3-scaled.jpg 825w\" sizes=\"(max-width: 512px) 100vw, 512px\" \/><\/figure>\n\n\n\n<div style=\"height:10px\" aria-hidden=\"true\" class=\"wp-block-spacer\"><\/div>\n\n\n\n<div class=\"wp-block-buttons is-layout-flex wp-block-buttons-is-layout-flex\">\n<div class=\"wp-block-button\"><a class=\"wp-block-button__link wp-element-button\" href=\"https:\/\/adamfayed.com\/es\/become-adams-client\/\">Convi\u00e9rtase en mi cliente<\/a><\/div>\n\n\n\n<div class=\"wp-block-button\"><a class=\"wp-block-button__link wp-element-button\" href=\"https:\/\/adamfayed.com\/es\/good-match-quiz\/\" target=\"_blank\" rel=\"noreferrer noopener\">Realice el cuestionario de elegibilidad de clientes<\/a><\/div>\n\n\n\n<div class=\"wp-block-button\"><a class=\"wp-block-button__link wp-element-button\" href=\"https:\/\/adamfayed.com\/es\/contact\/\" target=\"_blank\" rel=\"noreferrer noopener\">P\u00f3ngase en contacto con<\/a><\/div>\n<\/div>\n\n\n\n<p><strong>Adam es un autor reconocido internacionalmente en temas financieros, con m\u00e1s de 830 millones de respuestas en Quora, un libro muy vendido en Amazon y colaborador de Forbes.<\/strong><\/p>","protected":false},"excerpt":{"rendered":"<p>Historia del asesoramiento financiero<\/p>","protected":false},"author":14,"featured_media":83970,"parent":82361,"menu_order":0,"comment_status":"open","ping_status":"closed","template":"","meta":{"rop_custom_images_group":[],"rop_custom_messages_group":[],"rop_publish_now":"initial","rop_publish_now_accounts":{"facebook_10166176115445471_100883565069113":""},"rop_publish_now_history":[],"rop_publish_now_status":"pending","footnotes":""},"class_list":["post-83955","page","type-page","status-publish","has-post-thumbnail","hentry"],"_links":{"self":[{"href":"https:\/\/adamfayed.com\/es\/wp-json\/wp\/v2\/pages\/83955","targetHints":{"allow":["GET"]}}],"collection":[{"href":"https:\/\/adamfayed.com\/es\/wp-json\/wp\/v2\/pages"}],"about":[{"href":"https:\/\/adamfayed.com\/es\/wp-json\/wp\/v2\/types\/page"}],"author":[{"embeddable":true,"href":"https:\/\/adamfayed.com\/es\/wp-json\/wp\/v2\/users\/14"}],"replies":[{"embeddable":true,"href":"https:\/\/adamfayed.com\/es\/wp-json\/wp\/v2\/comments?post=83955"}],"version-history":[{"count":3,"href":"https:\/\/adamfayed.com\/es\/wp-json\/wp\/v2\/pages\/83955\/revisions"}],"predecessor-version":[{"id":85725,"href":"https:\/\/adamfayed.com\/es\/wp-json\/wp\/v2\/pages\/83955\/revisions\/85725"}],"up":[{"embeddable":true,"href":"https:\/\/adamfayed.com\/es\/wp-json\/wp\/v2\/pages\/82361"}],"wp:featuredmedia":[{"embeddable":true,"href":"https:\/\/adamfayed.com\/es\/wp-json\/wp\/v2\/media\/83970"}],"wp:attachment":[{"href":"https:\/\/adamfayed.com\/es\/wp-json\/wp\/v2\/media?parent=83955"}],"curies":[{"name":"wp","href":"https:\/\/api.w.org\/{rel}","templated":true}]}}