{"id":83958,"date":"2024-04-10T01:53:17","date_gmt":"2024-04-10T01:53:17","guid":{"rendered":"https:\/\/adamfayed.com\/?page_id=83958"},"modified":"2025-03-25T13:07:26","modified_gmt":"2025-03-25T13:07:26","slug":"benefits-and-risks-of-etfs","status":"publish","type":"page","link":"https:\/\/adamfayed.com\/es\/investment-options\/etfs\/benefits-and-risks-of-etfs\/","title":{"rendered":"Ventajas y riesgos de los ETF"},"content":{"rendered":"<p>En esta p\u00e1gina se analizan las ventajas y los riesgos de los ETF:<\/p>\n\n\n\n<ul class=\"wp-block-list\">\n<li>Ventajas de los ETF<\/li>\n\n\n\n<li>Riesgos de los ETF<\/li>\n<\/ul>\n\n\n\n<p><\/p>\n\n\n\n<p>Una cartera de inversi\u00f3n diversificada puede beneficiarse enormemente de la inclusi\u00f3n de ETF (fondos cotizados en bolsa).<\/p>\n\n\n\n<p>Si desea invertir como expatriado o particular con un elevado patrimonio neto, que es en lo que estoy especializado, puede enviarme un correo electr\u00f3nico (advice@adamfayed.com) o WhatsApp (+44-7393-450-837).<\/p>\n\n\n\n<p>No obstante, antes de a\u00f1adir ETF a su cartera, investigue a fondo y tenga en cuenta la sensibilidad al riesgo y los objetivos de inversi\u00f3n.<\/p>\n\n\n\n<p>Adem\u00e1s, mediante una evaluaci\u00f3n exhaustiva de las ventajas e inconvenientes de los ETF, puede integrar este tipo de inversiones en sus planes de inversi\u00f3n de forma que se minimice el riesgo y se optimicen los rendimientos.<\/p>\n\n\n\n<p>A continuaci\u00f3n figuran algunos <a href=\"https:\/\/www.investor.gov\/introduction-investing\/general-resources\/news-alerts\/alerts-bulletins\/investor-bulletins-24\" target=\"_blank\" rel=\"noopener\">Pros y contras del ETF<\/a> para posibles inversores.<\/p>\n\n\n\n<div style=\"height:30px\" aria-hidden=\"true\" class=\"wp-block-spacer\"><\/div>\n\n\n\n<h2 class=\"wp-block-heading\"><strong>Ventajas de los ETF<\/strong><\/h2>\n\n\n\n<figure class=\"wp-block-image alignright size-medium is-resized\"><img fetchpriority=\"high\" decoding=\"async\" width=\"300\" height=\"300\" src=\"https:\/\/adamfayed.com\/wp-content\/uploads\/2024\/04\/DALL\u00b7E-2024-04-10-09.51.05-A-positive-and-engaging-image-highlighting-the-benefits-of-investing-in-ETFs-Exchange-Traded-Funds.-The-image-features-a-brightly-colored-background-300x300.webp\" alt=\"Benefits and Risks of ETFs\" class=\"wp-image-83986\" style=\"width:252px;height:auto\" srcset=\"https:\/\/adamfayed.com\/wp-content\/uploads\/2024\/04\/DALL\u00b7E-2024-04-10-09.51.05-A-positive-and-engaging-image-highlighting-the-benefits-of-investing-in-ETFs-Exchange-Traded-Funds.-The-image-features-a-brightly-colored-background-300x300.webp 300w, https:\/\/adamfayed.com\/wp-content\/uploads\/2024\/04\/DALL\u00b7E-2024-04-10-09.51.05-A-positive-and-engaging-image-highlighting-the-benefits-of-investing-in-ETFs-Exchange-Traded-Funds.-The-image-features-a-brightly-colored-background-512x512.webp 512w, https:\/\/adamfayed.com\/wp-content\/uploads\/2024\/04\/DALL\u00b7E-2024-04-10-09.51.05-A-positive-and-engaging-image-highlighting-the-benefits-of-investing-in-ETFs-Exchange-Traded-Funds.-The-image-features-a-brightly-colored-background-150x150.webp 150w, https:\/\/adamfayed.com\/wp-content\/uploads\/2024\/04\/DALL\u00b7E-2024-04-10-09.51.05-A-positive-and-engaging-image-highlighting-the-benefits-of-investing-in-ETFs-Exchange-Traded-Funds.-The-image-features-a-brightly-colored-background-768x768.webp 768w, https:\/\/adamfayed.com\/wp-content\/uploads\/2024\/04\/DALL\u00b7E-2024-04-10-09.51.05-A-positive-and-engaging-image-highlighting-the-benefits-of-investing-in-ETFs-Exchange-Traded-Funds.-The-image-features-a-brightly-colored-background-scaled.webp 825w\" sizes=\"(max-width: 300px) 100vw, 300px\" \/><\/figure>\n\n\n\n<p>Una de las principales ventajas de los fondos cotizados es su diversificaci\u00f3n. Al poseer acciones de un ETF, los inversores obtienen exposici\u00f3n a una amplia gama de activos dentro de un sector o industria espec\u00edficos. Esta diversificaci\u00f3n ayuda a repartir el riesgo, reduciendo el impacto de los resultados de una sola inversi\u00f3n en el conjunto de la cartera. <a href=\"https:\/\/adamfayed.com\/es\/investment-options\/what-are-etfs\/etf-portfolio\/\">cartera<\/a>.<\/p>\n\n\n\n<p>Adem\u00e1s, los ETF son muy l\u00edquidos, lo que significa que pueden comprarse o venderse f\u00e1cilmente en bolsa. Esta liquidez permite a los inversores ajustar r\u00e1pidamente sus posiciones en respuesta a las condiciones del mercado.<\/p>\n\n\n\n<p>Otra ventaja de los ETF es su bajo coeficiente de gastos. En comparaci\u00f3n con los <a href=\"https:\/\/adamfayed.com\/es\/investment-options\/what-are-mutual-funds\/\">fondos de inversi\u00f3n<\/a>, que suelen tener comisiones de gesti\u00f3n m\u00e1s elevadas, los ETF suelen tener costes m\u00e1s bajos.<\/p>\n\n\n\n<p>Esto se debe a que los ETF se gestionan de forma pasiva y su objetivo es replicar el rendimiento de un \u00edndice espec\u00edfico, en lugar de seleccionar activamente valores individuales. En consecuencia, los menores gastos de los ETF pueden traducirse en mayores rendimientos para los inversores.<\/p>\n\n\n\n<div style=\"height:30px\" aria-hidden=\"true\" class=\"wp-block-spacer\"><\/div>\n\n\n\n<h2 class=\"wp-block-heading\"><strong>Riesgos de los ETF<\/strong><\/h2>\n\n\n\n<p>Muchos ETF tienen un enfoque limitado.<\/p>\n\n\n\n<figure class=\"wp-block-image alignright size-medium is-resized\"><img decoding=\"async\" width=\"300\" height=\"300\" src=\"https:\/\/adamfayed.com\/wp-content\/uploads\/2024\/04\/Risks-of-ETFs-300x300.webp\" alt=\"risks of ETFs\" class=\"wp-image-83988\" style=\"width:257px;height:auto\" srcset=\"https:\/\/adamfayed.com\/wp-content\/uploads\/2024\/04\/Risks-of-ETFs-300x300.webp 300w, https:\/\/adamfayed.com\/wp-content\/uploads\/2024\/04\/Risks-of-ETFs-512x512.webp 512w, https:\/\/adamfayed.com\/wp-content\/uploads\/2024\/04\/Risks-of-ETFs-150x150.webp 150w, https:\/\/adamfayed.com\/wp-content\/uploads\/2024\/04\/Risks-of-ETFs-768x768.webp 768w, https:\/\/adamfayed.com\/wp-content\/uploads\/2024\/04\/Risks-of-ETFs-scaled.webp 825w\" sizes=\"(max-width: 300px) 100vw, 300px\" \/><\/figure>\n\n\n\n<p>El valor del ETF puede verse afectado por las ca\u00eddas del mercado y los cambios legislativos o reglamentarios.<\/p>\n\n\n\n<p>Las inversiones en mercados extranjeros conllevan riesgos adicionales relacionados con la volatilidad de las divisas y la inestabilidad de los entornos pol\u00edticos.<\/p>\n\n\n\n<p>Al utilizar derivados, como futuros u opciones, los ETF corren el riesgo de que las contrapartes incumplan sus obligaciones.<\/p>\n\n\n\n<p>Algunos ETF pueden carecer de una base de activos significativa o de un elevado volumen de negociaci\u00f3n. La compra y venta de participaciones de dichos fondos puede plantear dificultades, especialmente si tienen una actividad de negociaci\u00f3n limitada y amplios diferenciales entre precio de compra y precio de venta.<\/p>\n\n\n\n<p>La eficacia de la determinaci\u00f3n de los precios de los valores que componen el \u00edndice puede disminuir si una parte considerable de los inversores opta por ETF sobre \u00edndices en lugar de acciones individuales.<\/p>\n\n\n\n<p>Aunque los ETF suelen funcionar seg\u00fan lo previsto, pueden producirse errores de seguimiento que den lugar a discrepancias entre el ETF y su \u00edndice objetivo.<\/p>\n\n\n\n<p><\/p>\n\n\n\n<p><strong>\u00bfLe duele la indecisi\u00f3n financiera? <\/strong><\/p>\n\n\n\n<figure class=\"wp-block-image size-large is-resized\"><img decoding=\"async\" width=\"512\" height=\"288\" src=\"https:\/\/adamfayed.com\/wp-content\/uploads\/2025\/03\/Adam-Fayed-Contact_CTA3-512x288.jpg\" alt=\"\" class=\"wp-image-117505\" style=\"width:683px;height:auto\" srcset=\"https:\/\/adamfayed.com\/wp-content\/uploads\/2025\/03\/Adam-Fayed-Contact_CTA3-512x288.jpg 512w, https:\/\/adamfayed.com\/wp-content\/uploads\/2025\/03\/Adam-Fayed-Contact_CTA3-300x169.jpg 300w, https:\/\/adamfayed.com\/wp-content\/uploads\/2025\/03\/Adam-Fayed-Contact_CTA3-768x432.jpg 768w, https:\/\/adamfayed.com\/wp-content\/uploads\/2025\/03\/Adam-Fayed-Contact_CTA3-scaled.jpg 825w\" sizes=\"(max-width: 512px) 100vw, 512px\" \/><\/figure>\n\n\n\n<div style=\"height:10px\" aria-hidden=\"true\" class=\"wp-block-spacer\"><\/div>\n\n\n\n<div class=\"wp-block-buttons is-layout-flex wp-block-buttons-is-layout-flex\">\n<div class=\"wp-block-button\"><a class=\"wp-block-button__link wp-element-button\" href=\"https:\/\/adamfayed.com\/es\/become-adams-client\/\">Convi\u00e9rtase en mi cliente<\/a><\/div>\n\n\n\n<div class=\"wp-block-button\"><a class=\"wp-block-button__link wp-element-button\" href=\"https:\/\/adamfayed.com\/es\/good-match-quiz\/\" target=\"_blank\" rel=\"noreferrer noopener\">Realice el cuestionario de elegibilidad de clientes<\/a><\/div>\n\n\n\n<div class=\"wp-block-button\"><a class=\"wp-block-button__link wp-element-button\" href=\"https:\/\/adamfayed.com\/es\/contact\/\" target=\"_blank\" rel=\"noreferrer noopener\">P\u00f3ngase en contacto con<\/a><\/div>\n<\/div>\n\n\n\n<p><strong>Adam es un autor reconocido internacionalmente en temas financieros, con m\u00e1s de 830 millones de respuestas en Quora, un libro muy vendido en Amazon y colaborador de Forbes.<\/strong><\/p>","protected":false},"excerpt":{"rendered":"<p>Ventajas y riesgos de los ETF <\/p>","protected":false},"author":14,"featured_media":83983,"parent":78406,"menu_order":0,"comment_status":"open","ping_status":"closed","template":"","meta":{"rop_custom_images_group":[],"rop_custom_messages_group":[],"rop_publish_now":"initial","rop_publish_now_accounts":{"facebook_10166176115445471_100883565069113":""},"rop_publish_now_history":[],"rop_publish_now_status":"pending","footnotes":""},"class_list":["post-83958","page","type-page","status-publish","has-post-thumbnail","hentry"],"_links":{"self":[{"href":"https:\/\/adamfayed.com\/es\/wp-json\/wp\/v2\/pages\/83958","targetHints":{"allow":["GET"]}}],"collection":[{"href":"https:\/\/adamfayed.com\/es\/wp-json\/wp\/v2\/pages"}],"about":[{"href":"https:\/\/adamfayed.com\/es\/wp-json\/wp\/v2\/types\/page"}],"author":[{"embeddable":true,"href":"https:\/\/adamfayed.com\/es\/wp-json\/wp\/v2\/users\/14"}],"replies":[{"embeddable":true,"href":"https:\/\/adamfayed.com\/es\/wp-json\/wp\/v2\/comments?post=83958"}],"version-history":[{"count":2,"href":"https:\/\/adamfayed.com\/es\/wp-json\/wp\/v2\/pages\/83958\/revisions"}],"predecessor-version":[{"id":121104,"href":"https:\/\/adamfayed.com\/es\/wp-json\/wp\/v2\/pages\/83958\/revisions\/121104"}],"up":[{"embeddable":true,"href":"https:\/\/adamfayed.com\/es\/wp-json\/wp\/v2\/pages\/78406"}],"wp:featuredmedia":[{"embeddable":true,"href":"https:\/\/adamfayed.com\/es\/wp-json\/wp\/v2\/media\/83983"}],"wp:attachment":[{"href":"https:\/\/adamfayed.com\/es\/wp-json\/wp\/v2\/media?parent=83958"}],"curies":[{"name":"wp","href":"https:\/\/api.w.org\/{rel}","templated":true}]}}