{"id":83960,"date":"2024-04-10T01:28:19","date_gmt":"2024-04-10T01:28:19","guid":{"rendered":"https:\/\/adamfayed.com\/?page_id=83960"},"modified":"2025-04-02T07:42:01","modified_gmt":"2025-04-02T07:42:01","slug":"what-is-wealth-management","status":"publish","type":"page","link":"https:\/\/adamfayed.com\/es\/expat-financial-advisor\/what-is-wealth-management\/","title":{"rendered":"\u00bfQu\u00e9 es la gesti\u00f3n de patrimonios?"},"content":{"rendered":"<p>En esta p\u00e1gina se hablar\u00e1 de qu\u00e9 es la gesti\u00f3n de patrimonios, as\u00ed como de los siguientes puntos:<\/p>\n\n\n\n<ul class=\"wp-block-list\">\n<li>\u00bfCu\u00e1nto dinero necesito para contratar a un gestor de patrimonios?<\/li>\n\n\n\n<li>\u00bfQu\u00e9 hace un asesor de gesti\u00f3n patrimonial?<\/li>\n<\/ul>\n\n\n\n<p><\/p>\n\n\n\n<p>La gesti\u00f3n del patrimonio es importante para invertir y <a href=\"https:\/\/adamfayed.com\/es\/financial-planning\/personal-financial-planning\/\">planificaci\u00f3n financiera<\/a>.<\/p>\n\n\n\n<p>Si desea invertir como expatriado o particular con un elevado patrimonio neto, que es en lo que estoy especializado, puede enviarme un correo electr\u00f3nico (advice@adamfayed.com) o WhatsApp (+44-7393-450-837).<\/p>\n\n\n\n<p>Las estrategias de gesti\u00f3n del patrimonio permiten a los inversores sacar partido de <a href=\"https:\/\/adamfayed.com\/es\/investment-options\/\" target=\"_blank\" rel=\"noreferrer noopener\">oportunidades de inversi\u00f3n<\/a>, reducir los riesgos y consolidar las carteras.<\/p>\n\n\n\n<div style=\"height:28px\" aria-hidden=\"true\" class=\"wp-block-spacer\"><\/div>\n\n\n\n<h2 class=\"wp-block-heading\"><strong>Gesti\u00f3n de patrimonios<\/strong><\/h2>\n\n\n\n<figure class=\"wp-block-image alignleft size-medium is-resized\"><img fetchpriority=\"high\" decoding=\"async\" width=\"300\" height=\"300\" src=\"https:\/\/adamfayed.com\/wp-content\/uploads\/2024\/04\/wealth-management-300x300.webp\" alt=\"What is wealth management\" class=\"wp-image-83965\" style=\"width:274px;height:auto\" srcset=\"https:\/\/adamfayed.com\/wp-content\/uploads\/2024\/04\/wealth-management-300x300.webp 300w, https:\/\/adamfayed.com\/wp-content\/uploads\/2024\/04\/wealth-management-512x512.webp 512w, https:\/\/adamfayed.com\/wp-content\/uploads\/2024\/04\/wealth-management-150x150.webp 150w, https:\/\/adamfayed.com\/wp-content\/uploads\/2024\/04\/wealth-management-768x768.webp 768w, https:\/\/adamfayed.com\/wp-content\/uploads\/2024\/04\/wealth-management-scaled.webp 825w\" sizes=\"(max-width: 300px) 100vw, 300px\" \/><\/figure>\n\n\n\n<p><a href=\"https:\/\/www.forbes.com\/advisor\/investing\/financial-advisor\/what-is-wealth-management\/\" target=\"_blank\" rel=\"noopener\">Gesti\u00f3n de patrimonios<\/a> se centra en los servicios de inversi\u00f3n, pero tambi\u00e9n combina otros servicios relacionados con las necesidades financieras. Principalmente, es un proceso consultivo en el que el <a class=\"wpil_keyword_link\" href=\"https:\/\/adamfayed.com\/es\/\" title=\"gesti\u00f3n de patrimonios\" data-wpil-keyword-link=\"linked\" data-wpil-monitor-id=\"1908\">gesti\u00f3n de patrimonios<\/a> El asesor obtiene informaci\u00f3n sobre lo que desea el cliente y elabora una estrategia a su medida utilizando los servicios y productos financieros m\u00e1s adecuados.<\/p>\n\n\n\n<p>En cierto sentido, la gesti\u00f3n de patrimonios es un nivel superior de <a class=\"wpil_keyword_link\" href=\"https:\/\/adamfayed.com\/es\/personal-financial-planning\/\" title=\"planificaci\u00f3n financiera\" data-wpil-keyword-link=\"linked\" data-wpil-monitor-id=\"1907\">planificaci\u00f3n financiera<\/a>. A menudo incluye la gesti\u00f3n integral de sus inversiones. Sin embargo, tambi\u00e9n hay <a href=\"https:\/\/adamfayed.com\/es\/financial-planning\/personal-financial-planning\/expat-tax\/\">planificaci\u00f3n fiscal<\/a>, <a href=\"https:\/\/adamfayed.com\/es\/financial-planning\/expat-financial-advisor\/financial-advice\/\">asesoramiento financiero<\/a>, Planificaci\u00f3n patrimonial y asistencia jur\u00eddica cuando sea necesario.<\/p>\n\n\n\n<p>Suele ser adecuado para clientes m\u00e1s adinerados. Esto significa que quiz\u00e1 no necesites un asesor de gesti\u00f3n de patrimonios ahora mismo, pero tus necesidades podr\u00edan cambiar con el tiempo.<\/p>\n\n\n\n<p>El asesor de gesti\u00f3n patrimonial suele crear el plan y la estrategia de inversi\u00f3n adecuados para que los clientes gestionen f\u00e1cilmente sus activos. Suelen orientar los servicios a los muy ricos y suelen tener la experiencia adecuada para las cuestiones financieras que afectan a los superricos, como evitar el impuesto de sucesiones.&nbsp;<\/p>\n\n\n\n<div style=\"height:28px\" aria-hidden=\"true\" class=\"wp-block-spacer\"><\/div>\n\n\n\n<h2 class=\"wp-block-heading\"><strong>\u00bfCu\u00e1nto dinero necesito para contratar a un gestor de patrimonios?<\/strong><\/h2>\n\n\n\n<p>La mayor\u00eda de la gente se pregunta si necesita un asesor de gesti\u00f3n patrimonial. En pocas palabras, hay que tener mucho dinero para requerir estos servicios. La gesti\u00f3n de patrimonios suele requerir unos m\u00ednimos de cuenta.<\/p>\n\n\n\n<p>Por ejemplo, puede necesitar $2 millones invertidos y muchos millones en activos invertibles. Sin embargo, algunas empresas ofrecen servicios sencillos de gesti\u00f3n de patrimonios. As\u00ed, puede tener un m\u00ednimo de $250.000 para trabajar con un asesor de gesti\u00f3n de patrimonios.<\/p>\n\n\n\n<div style=\"height:28px\" aria-hidden=\"true\" class=\"wp-block-spacer\"><\/div>\n\n\n\n<h2 class=\"wp-block-heading\"><strong>\u00bfQu\u00e9 hace un asesor de gesti\u00f3n patrimonial?<\/strong><\/h2>\n\n\n\n<p>Un asesor de gesti\u00f3n patrimonial le ayuda en todas sus necesidades de planificaci\u00f3n financiera. Esto incluye la gesti\u00f3n de las ramificaciones fiscales de los ingresos de su empresa y la creaci\u00f3n de fondos asesorados por donantes para contribuciones ben\u00e9ficas.<\/p>\n\n\n\n<p>Normalmente, un asesor de gesti\u00f3n de patrimonios ofrece servicios similares a los de un <a href=\"https:\/\/adamfayed.com\/es\/financial-planning\/expat-financial-advisor\/personal-financial-advisor\/\">asesor financiero personal<\/a>. Sin embargo, <a href=\"https:\/\/adamfayed.com\/es\/financial-planning\/personal-financial-planning\/financial-planner-2\/\">planificadores financieros<\/a> a menudo le permiten contratar servicios en funci\u00f3n de sus necesidades. Si solo quieres determinar c\u00f3mo alcanzar tus objetivos de ingresos para la jubilaci\u00f3n, algunos planificadores te cobran solo por ese servicio.&nbsp;<\/p>\n\n\n\n<p><strong>\u00bfLe duele la indecisi\u00f3n financiera? <\/strong><\/p>\n\n\n\n<figure class=\"wp-block-image size-large is-resized\"><img decoding=\"async\" width=\"512\" height=\"288\" src=\"https:\/\/adamfayed.com\/wp-content\/uploads\/2025\/03\/Adam-Fayed-Contact_CTA3-512x288.jpg\" alt=\"\" class=\"wp-image-117505\" style=\"width:683px;height:auto\" srcset=\"https:\/\/adamfayed.com\/wp-content\/uploads\/2025\/03\/Adam-Fayed-Contact_CTA3-512x288.jpg 512w, https:\/\/adamfayed.com\/wp-content\/uploads\/2025\/03\/Adam-Fayed-Contact_CTA3-300x169.jpg 300w, https:\/\/adamfayed.com\/wp-content\/uploads\/2025\/03\/Adam-Fayed-Contact_CTA3-768x432.jpg 768w, https:\/\/adamfayed.com\/wp-content\/uploads\/2025\/03\/Adam-Fayed-Contact_CTA3-scaled.jpg 825w\" sizes=\"(max-width: 512px) 100vw, 512px\" \/><\/figure>\n\n\n\n<div style=\"height:10px\" aria-hidden=\"true\" class=\"wp-block-spacer\"><\/div>\n\n\n\n<div class=\"wp-block-buttons is-layout-flex wp-block-buttons-is-layout-flex\">\n<div class=\"wp-block-button\"><a class=\"wp-block-button__link wp-element-button\" href=\"https:\/\/adamfayed.com\/es\/become-adams-client\/\">Convi\u00e9rtase en mi cliente<\/a><\/div>\n\n\n\n<div class=\"wp-block-button\"><a class=\"wp-block-button__link wp-element-button\" href=\"https:\/\/adamfayed.com\/es\/good-match-quiz\/\" target=\"_blank\" rel=\"noreferrer noopener\">Realice el cuestionario de elegibilidad de clientes<\/a><\/div>\n\n\n\n<div class=\"wp-block-button\"><a class=\"wp-block-button__link wp-element-button\" href=\"https:\/\/adamfayed.com\/es\/contact\/\" target=\"_blank\" rel=\"noreferrer noopener\">P\u00f3ngase en contacto con<\/a><\/div>\n<\/div>\n\n\n\n<p><strong>Adam es un autor reconocido internacionalmente en temas financieros, con m\u00e1s de 830 millones de respuestas en Quora, un libro muy vendido en Amazon y colaborador de Forbes.<\/strong><\/p>","protected":false},"excerpt":{"rendered":"<p>This page will talk about what is wealth management, as well as the following points: Wealth management is important for investment and financial planning. If you are looking to invest as an expat or high-net-worth individual, which is what I specialize in, you can email me (advice@adamfayed.com) or WhatsApp (+44-7393-450-837). Wealth management strategies allow investors [&hellip;]<\/p>","protected":false},"author":14,"featured_media":83963,"parent":58269,"menu_order":0,"comment_status":"open","ping_status":"closed","template":"","meta":{"rop_custom_images_group":[],"rop_custom_messages_group":[],"rop_publish_now":"initial","rop_publish_now_accounts":{"facebook_10166176115445471_100883565069113":""},"rop_publish_now_history":[],"rop_publish_now_status":"pending","footnotes":""},"class_list":["post-83960","page","type-page","status-publish","has-post-thumbnail","hentry"],"_links":{"self":[{"href":"https:\/\/adamfayed.com\/es\/wp-json\/wp\/v2\/pages\/83960","targetHints":{"allow":["GET"]}}],"collection":[{"href":"https:\/\/adamfayed.com\/es\/wp-json\/wp\/v2\/pages"}],"about":[{"href":"https:\/\/adamfayed.com\/es\/wp-json\/wp\/v2\/types\/page"}],"author":[{"embeddable":true,"href":"https:\/\/adamfayed.com\/es\/wp-json\/wp\/v2\/users\/14"}],"replies":[{"embeddable":true,"href":"https:\/\/adamfayed.com\/es\/wp-json\/wp\/v2\/comments?post=83960"}],"version-history":[{"count":2,"href":"https:\/\/adamfayed.com\/es\/wp-json\/wp\/v2\/pages\/83960\/revisions"}],"predecessor-version":[{"id":126327,"href":"https:\/\/adamfayed.com\/es\/wp-json\/wp\/v2\/pages\/83960\/revisions\/126327"}],"up":[{"embeddable":true,"href":"https:\/\/adamfayed.com\/es\/wp-json\/wp\/v2\/pages\/58269"}],"wp:featuredmedia":[{"embeddable":true,"href":"https:\/\/adamfayed.com\/es\/wp-json\/wp\/v2\/media\/83963"}],"wp:attachment":[{"href":"https:\/\/adamfayed.com\/es\/wp-json\/wp\/v2\/media?parent=83960"}],"curies":[{"name":"wp","href":"https:\/\/api.w.org\/{rel}","templated":true}]}}