{"id":85114,"date":"2024-04-15T06:09:52","date_gmt":"2024-04-15T06:09:52","guid":{"rendered":"https:\/\/adamfayed.com\/?page_id=85114"},"modified":"2025-04-04T08:12:49","modified_gmt":"2025-04-04T08:12:49","slug":"how-to-choose-a-certificate-of-deposit","status":"publish","type":"page","link":"https:\/\/adamfayed.com\/es\/investment-options\/certificate-of-deposit\/how-to-choose-a-certificate-of-deposit\/","title":{"rendered":"C\u00f3mo elegir un certificado de dep\u00f3sito"},"content":{"rendered":"<p>En esta p\u00e1gina se explica c\u00f3mo elegir un <a href=\"https:\/\/adamfayed.com\/es\/investment-options\/certificate-of-deposit\/\">certificado de dep\u00f3sito<\/a> (CD), con especial atenci\u00f3n a:<\/p>\n\n\n\n<ul class=\"wp-block-list\">\n<li>CD T\u00e9rminos<\/li>\n\n\n\n<li>Tipos de CD<\/li>\n\n\n\n<li>Tipos de CD<\/li>\n\n\n\n<li>Dep\u00f3sito en CD<\/li>\n<\/ul>\n\n\n\n<p><\/p>\n\n\n\n<p>Si desea invertir como expatriado o particular con un elevado patrimonio neto, que es en lo que estoy especializado, puede enviarme un correo electr\u00f3nico (advice@adamfayed.com) o WhatsApp (+44-7393-450-837).<\/p>\n\n\n\n<p><a href=\"https:\/\/adamfayed.com\/es\/investment-options\/certificate-of-deposit\/investing-in-cds\/\">Invertir en CD<\/a> consiste en depositar dinero a un tipo de inter\u00e9s fijo en un banco u otra instituci\u00f3n financiera durante un per\u00edodo determinado, normalmente de varios meses a a\u00f1os.<\/p>\n\n\n\n<p>Aunque los beneficios <a href=\"https:\/\/adamfayed.com\/es\/investment-options\/certificate-of-deposit\/cd-investment\/\">Inversiones en CD<\/a> suelen ser bajos, pueden ofrecer una opci\u00f3n fiable, segura y constante para cobrar intereses sobre los fondos.<\/p>\n\n\n\n<div style=\"height:30px\" aria-hidden=\"true\" class=\"wp-block-spacer\"><\/div>\n\n\n\n<div class=\"wp-block-group is-layout-constrained wp-block-group-is-layout-constrained\">\n<figure class=\"wp-block-image alignright size-medium is-resized\"><img fetchpriority=\"high\" decoding=\"async\" width=\"300\" height=\"300\" src=\"https:\/\/adamfayed.com\/wp-content\/uploads\/2024\/04\/Certificate-of-Deposit-300x300.webp\" alt=\"How to Choose a Certificate of Deposit\" class=\"wp-image-85119\" style=\"width:213px;height:auto\" srcset=\"https:\/\/adamfayed.com\/wp-content\/uploads\/2024\/04\/Certificate-of-Deposit-300x300.webp 300w, https:\/\/adamfayed.com\/wp-content\/uploads\/2024\/04\/Certificate-of-Deposit-512x512.webp 512w, https:\/\/adamfayed.com\/wp-content\/uploads\/2024\/04\/Certificate-of-Deposit-150x150.webp 150w, https:\/\/adamfayed.com\/wp-content\/uploads\/2024\/04\/Certificate-of-Deposit-768x768.webp 768w, https:\/\/adamfayed.com\/wp-content\/uploads\/2024\/04\/Certificate-of-Deposit-scaled.webp 825w\" sizes=\"(max-width: 300px) 100vw, 300px\" \/><\/figure>\n<\/div>\n\n\n\n<h2 class=\"wp-block-heading\"><strong>C\u00f3mo elegir un certificado de dep\u00f3sito<\/strong><\/h2>\n\n\n\n<h3 class=\"wp-block-heading\">CD T\u00e9rminos<\/h3>\n\n\n\n<p>En <a href=\"https:\/\/www.cbsnews.com\/news\/how-to-choose-a-cd-term-according-to-experts\/\" target=\"_blank\" rel=\"noopener\">t\u00e9rminos<\/a> de los CD en bancos o cooperativas de cr\u00e9dito suelen oscilar entre tres meses y cinco a\u00f1os.<\/p>\n\n\n\n<p>Por lo general, los CD a m\u00e1s largo plazo ofrecen tipos m\u00e1s altos que los CD a m\u00e1s corto plazo. Puede obtener m\u00e1s informaci\u00f3n sobre c\u00f3mo elegir el plazo de su CD.<\/p>\n\n\n\n<div style=\"height:19px\" aria-hidden=\"true\" class=\"wp-block-spacer\"><\/div>\n\n\n\n<h3 class=\"wp-block-heading\">Tipos de CD<\/h3>\n\n\n\n<p>Los distintos CD tienen caracter\u00edsticas \u00fanicas, como los CD sin penalizaci\u00f3n, que permiten retirar dinero anticipadamente sin gastos, o los CD con bonificaci\u00f3n, que permiten subir el tipo de inter\u00e9s durante el plazo.<\/p>\n\n\n\n<p>Los CD de alto rendimiento, que suelen encontrarse en bancos online, funcionan de forma similar a los CD est\u00e1ndar, pero ofrecen tipos superiores. A continuaci\u00f3n se ofrecen m\u00e1s detalles sobre los tipos de CD.<\/p>\n\n\n\n<div style=\"height:19px\" aria-hidden=\"true\" class=\"wp-block-spacer\"><\/div>\n\n\n\n<h3 class=\"wp-block-heading\">Tipos de CD<\/h3>\n\n\n\n<p>Una vez que haya concretado el plazo y el tipo de certificado de dep\u00f3sito, es esencial comparar los tipos de inter\u00e9s de varios bancos y cooperativas de cr\u00e9dito para asegurarse un tipo competitivo.<\/p>\n\n\n\n<p>Optar por un banco conocido o elegir una nueva entidad depende de sus preferencias, pero se recomienda dar prioridad a un tipo alto. Se pueden explorar los tipos actuales de los CD.<\/p>\n\n\n\n<div style=\"height:19px\" aria-hidden=\"true\" class=\"wp-block-spacer\"><\/div>\n\n\n\n<h3 class=\"wp-block-heading\">Dep\u00f3sito en CD<\/h3>\n\n\n\n<p>La cantidad que decida invertir en un CD debe estar en consonancia con su <a href=\"https:\/\/adamfayed.com\/es\/review-articles\/rl360-quantum-savings-plan-review\/\">ahorro<\/a> objetivos, tratando de superar el requisito de dep\u00f3sito m\u00ednimo del CD.<\/p>\n\n\n\n<p>Es importante tener en cuenta que normalmente no se pueden a\u00f1adir fondos adicionales despu\u00e9s del dep\u00f3sito inicial.<\/p>\n\n\n\n<p>Para mitigar el riesgo de quiebra de un banco, aseg\u00farese de que el total de sus cuentas se mantiene por debajo del <a href=\"https:\/\/adamfayed.com\/es\/insurance\/\">seguro<\/a> l\u00edmite establecido por la autoridad reguladora.<\/p>\n\n\n\n<p><strong>\u00bfLe duele la indecisi\u00f3n financiera? <\/strong><\/p>\n\n\n\n<figure class=\"wp-block-image size-large is-resized\"><img decoding=\"async\" width=\"512\" height=\"288\" src=\"https:\/\/adamfayed.com\/wp-content\/uploads\/2025\/03\/Adam-Fayed-Contact_CTA3-512x288.jpg\" alt=\"\" class=\"wp-image-117505\" style=\"width:683px;height:auto\" srcset=\"https:\/\/adamfayed.com\/wp-content\/uploads\/2025\/03\/Adam-Fayed-Contact_CTA3-512x288.jpg 512w, https:\/\/adamfayed.com\/wp-content\/uploads\/2025\/03\/Adam-Fayed-Contact_CTA3-300x169.jpg 300w, https:\/\/adamfayed.com\/wp-content\/uploads\/2025\/03\/Adam-Fayed-Contact_CTA3-768x432.jpg 768w, https:\/\/adamfayed.com\/wp-content\/uploads\/2025\/03\/Adam-Fayed-Contact_CTA3-scaled.jpg 825w\" sizes=\"(max-width: 512px) 100vw, 512px\" \/><\/figure>\n\n\n\n<div style=\"height:10px\" aria-hidden=\"true\" class=\"wp-block-spacer\"><\/div>\n\n\n\n<div class=\"wp-block-buttons is-layout-flex wp-block-buttons-is-layout-flex\">\n<div class=\"wp-block-button\"><a class=\"wp-block-button__link wp-element-button\" href=\"https:\/\/adamfayed.com\/es\/become-adams-client\/\">Convi\u00e9rtase en mi cliente<\/a><\/div>\n\n\n\n<div class=\"wp-block-button\"><a class=\"wp-block-button__link wp-element-button\" href=\"https:\/\/adamfayed.com\/es\/good-match-quiz\/\" target=\"_blank\" rel=\"noreferrer noopener\">Realice el cuestionario de elegibilidad de clientes<\/a><\/div>\n\n\n\n<div class=\"wp-block-button\"><a class=\"wp-block-button__link wp-element-button\" href=\"https:\/\/adamfayed.com\/es\/contact\/\" target=\"_blank\" rel=\"noreferrer noopener\">P\u00f3ngase en contacto con<\/a><\/div>\n<\/div>\n\n\n\n<p><strong>Adam es un autor reconocido internacionalmente en temas financieros, con m\u00e1s de 830 millones de respuestas en Quora, un libro muy vendido en Amazon y colaborador de Forbes.<\/strong><\/p>","protected":false},"excerpt":{"rendered":"<p>This page will tackle how to choose a certificate of deposit (CD), with a particular focus on: If you are looking to invest as an expat or high-net-worth individual, which is what I specialize in, you can email me (advice@adamfayed.com) or WhatsApp (+44-7393-450-837). Investing in CDs means making a fixed interest rate deposit of money [&hellip;]<\/p>","protected":false},"author":14,"featured_media":85116,"parent":81142,"menu_order":0,"comment_status":"open","ping_status":"closed","template":"","meta":{"rop_custom_images_group":[],"rop_custom_messages_group":[],"rop_publish_now":"initial","rop_publish_now_accounts":{"facebook_10166176115445471_100883565069113":""},"rop_publish_now_history":[],"rop_publish_now_status":"pending","footnotes":""},"class_list":["post-85114","page","type-page","status-publish","has-post-thumbnail","hentry"],"_links":{"self":[{"href":"https:\/\/adamfayed.com\/es\/wp-json\/wp\/v2\/pages\/85114","targetHints":{"allow":["GET"]}}],"collection":[{"href":"https:\/\/adamfayed.com\/es\/wp-json\/wp\/v2\/pages"}],"about":[{"href":"https:\/\/adamfayed.com\/es\/wp-json\/wp\/v2\/types\/page"}],"author":[{"embeddable":true,"href":"https:\/\/adamfayed.com\/es\/wp-json\/wp\/v2\/users\/14"}],"replies":[{"embeddable":true,"href":"https:\/\/adamfayed.com\/es\/wp-json\/wp\/v2\/comments?post=85114"}],"version-history":[{"count":2,"href":"https:\/\/adamfayed.com\/es\/wp-json\/wp\/v2\/pages\/85114\/revisions"}],"predecessor-version":[{"id":127847,"href":"https:\/\/adamfayed.com\/es\/wp-json\/wp\/v2\/pages\/85114\/revisions\/127847"}],"up":[{"embeddable":true,"href":"https:\/\/adamfayed.com\/es\/wp-json\/wp\/v2\/pages\/81142"}],"wp:featuredmedia":[{"embeddable":true,"href":"https:\/\/adamfayed.com\/es\/wp-json\/wp\/v2\/media\/85116"}],"wp:attachment":[{"href":"https:\/\/adamfayed.com\/es\/wp-json\/wp\/v2\/media?parent=85114"}],"curies":[{"name":"wp","href":"https:\/\/api.w.org\/{rel}","templated":true}]}}