{"id":85198,"date":"2024-04-19T12:29:37","date_gmt":"2024-04-19T12:29:37","guid":{"rendered":"https:\/\/adamfayed.com\/?page_id=85198"},"modified":"2025-03-25T12:02:59","modified_gmt":"2025-03-25T12:02:59","slug":"real-estate","status":"publish","type":"page","link":"https:\/\/adamfayed.com\/es\/investment-options\/real-estate\/","title":{"rendered":"\u00bfQu\u00e9 es el sector inmobiliario?"},"content":{"rendered":"<p>Esta p\u00e1gina responder\u00e1 principalmente a la pregunta \u2018\u00bfqu\u00e9 es el sector inmobiliario?<\/p>\n\n\n\n<ul class=\"wp-block-list\">\n<li>Qu\u00e9 es el sector inmobiliario<\/li>\n\n\n\n<li>Tipos de bienes inmuebles<\/li>\n\n\n\n<li>Inversi\u00f3n inmobiliaria\n<ul class=\"wp-block-list\">\n<li>REITs<\/li>\n<\/ul>\n<\/li>\n\n\n\n<li>Entender el mercado inmobiliario<\/li>\n<\/ul>\n\n\n\n<p><\/p>\n\n\n\n<p>Si desea invertir como expatriado o particular con un elevado patrimonio neto, que es en lo que estoy especializado, puede enviarme un correo electr\u00f3nico (advice@adamfayed.com) o WhatsApp (+44-7393-450-837).<\/p>\n\n\n\n<p>Los inversores pueden optar por invertir en distintos tipos de inmuebles en funci\u00f3n de sus objetivos de inversi\u00f3n y su tolerancia al riesgo, por lo que buscar <a href=\"https:\/\/adamfayed.com\/es\/financial-planning\/expat-financial-advisor\/financial-advice\/\">asesoramiento financiero<\/a> o asuntos de orientaci\u00f3n. <\/p>\n\n\n\n<div style=\"height:30px\" aria-hidden=\"true\" class=\"wp-block-spacer\"><\/div>\n\n\n\n<h2 class=\"wp-block-heading\"><strong>\u00bfQu\u00e9 es el sector inmobiliario?<\/strong><\/h2>\n\n\n\n<p>Por bienes inmuebles se entiende la propiedad f\u00edsica y el terreno de un lugar determinado, incluidas las estructuras o recursos naturales vinculados a ellos. Abarca una amplia gama de tipos de propiedad, como la residencial, la comercial y la industrial.<\/p>\n\n\n\n<p>Las ER tambi\u00e9n pueden considerarse una clase de activos de inversi\u00f3n, que atrae a particulares y empresas que buscan generar ingresos, lograr la revalorizaci\u00f3n del capital o diversificar sus carteras de inversi\u00f3n.<\/p>\n\n\n\n<div style=\"height:30px\" aria-hidden=\"true\" class=\"wp-block-spacer\"><\/div>\n\n\n\n<h2 class=\"wp-block-heading\"><strong>Tipos de bienes inmuebles<\/strong><\/h2>\n\n\n\n<figure class=\"wp-block-image alignleft size-medium\"><img fetchpriority=\"high\" decoding=\"async\" width=\"300\" height=\"200\" src=\"https:\/\/adamfayed.com\/wp-content\/uploads\/2024\/04\/apartments-2658687_640-300x200.jpg\" alt=\"Residential real estate includes properties used for living purposes, such as single-family homes, condominiums, townhouses, and multifamily properties.\" class=\"wp-image-85200\" srcset=\"https:\/\/adamfayed.com\/wp-content\/uploads\/2024\/04\/apartments-2658687_640-300x200.jpg 300w, https:\/\/adamfayed.com\/wp-content\/uploads\/2024\/04\/apartments-2658687_640-512x342.jpg 512w, https:\/\/adamfayed.com\/wp-content\/uploads\/2024\/04\/apartments-2658687_640.jpg 640w\" sizes=\"(max-width: 300px) 100vw, 300px\" \/><\/figure>\n\n\n\n<p><strong>Inmuebles residenciales<\/strong> Incluye propiedades utilizadas para vivir, como viviendas unifamiliares, condominios, casas adosadas y propiedades multifamiliares.<\/p>\n\n\n\n<p><strong>Inmobiliario comercial<\/strong> Comprende inmuebles destinados a actividades empresariales y comerciales, como edificios de oficinas, locales comerciales, instalaciones industriales y almacenes.<\/p>\n\n\n\n<p>I<strong>nmuebles industriales<\/strong> engloba propiedades utilizadas con fines industriales, como plantas de fabricaci\u00f3n, centros de distribuci\u00f3n e instalaciones de almacenamiento.<\/p>\n\n\n\n<div style=\"height:30px\" aria-hidden=\"true\" class=\"wp-block-spacer\"><\/div>\n\n\n\n<h2 class=\"wp-block-heading\"><strong>Inversi\u00f3n inmobiliaria<\/strong><\/h2>\n\n\n\n<p><a href=\"https:\/\/adamfayed.com\/es\/investment-options\/real-estate\/real-estate-investing\/\" data-type=\"link\" data-id=\"https:\/\/adamfayed.com\/investment-options\/real-estate\/real-estate-investing\/\">Invertir en inmuebles<\/a> implica la adquisici\u00f3n, propiedad, gesti\u00f3n, alquiler o venta de propiedades con potencial para generar ingresos por alquiler y\/o plusval\u00edas a largo plazo.<\/p>\n\n\n\n<p>Esta ha sido durante mucho tiempo una estrategia popular de creaci\u00f3n de riqueza. Los inversores compran propiedades con la expectativa de generar ingresos por alquiler y\/o lograr una revalorizaci\u00f3n del capital.<\/p>\n\n\n\n<p>Los ingresos por alquiler, derivados del arrendamiento de propiedades a inquilinos, pueden proporcionar un flujo constante de tesorer\u00eda, mientras que la revalorizaci\u00f3n de la propiedad puede generar importantes beneficios con el paso del tiempo. Los inversores de \u00e9xito suelen diversificar sus carteras adquiriendo distintos tipos de inmuebles en diversas ubicaciones.<\/p>\n\n\n\n<p>Adem\u00e1s de los agentes inmobiliarios, los administradores de fincas son esenciales en el sector, sobre todo para los inversores que poseen y arriendan propiedades.<\/p>\n\n\n\n<div style=\"height:20px\" aria-hidden=\"true\" class=\"wp-block-spacer\"><\/div>\n\n\n\n<h3 class=\"wp-block-heading\">REITs<\/h3>\n\n\n\n<p><a href=\"https:\/\/adamfayed.com\/es\/investment-options\/reits\/\" data-type=\"link\" data-id=\"https:\/\/adamfayed.com\/investment-options\/reits\/\">Fondos de inversi\u00f3n inmobiliaria (REIT)<\/a> son otro aspecto importante del panorama inmobiliario. Los REIT son empresas que poseen, explotan o financian propiedades generadoras de ingresos en distintos sectores, como el residencial, el comercial y el industrial.<\/p>\n\n\n\n<p>Invertir en REIT brinda a los particulares la oportunidad de participar en el mercado inmobiliario sin poseer directamente propiedades f\u00edsicas, ya que los REIT ofrecen la posibilidad de obtener ingresos regulares a trav\u00e9s de dividendos y el potencial de revalorizaci\u00f3n del capital.<\/p>\n\n\n\n<div style=\"height:30px\" aria-hidden=\"true\" class=\"wp-block-spacer\"><\/div>\n\n\n\n<h2 class=\"wp-block-heading\"><strong>Entender el mercado inmobiliario<\/strong><\/h2>\n\n\n\n<p>El mercado inmobiliario se ve influido por<a href=\"https:\/\/www.pwc.com\/us\/en\/industries\/financial-services\/asset-wealth-management\/real-estate\/emerging-trends-in-real-estate.html\" target=\"_blank\" rel=\"noreferrer noopener\"> diversos factores econ\u00f3micos, sociales y normativos<\/a>, que pueden repercutir en los valores, los precios y los ingresos de los alquileres, as\u00ed como en el rendimiento de las inversiones.<\/p>\n\n\n\n<figure class=\"wp-block-image alignright size-medium\"><img decoding=\"async\" width=\"300\" height=\"233\" src=\"https:\/\/adamfayed.com\/wp-content\/uploads\/2024\/04\/give-5242150_640-300x233.jpg\" alt=\"The real estate market is influenced by various economic, social, and regulatory factors, which can impact property values, rental rates and rental income, and investment returns. \" class=\"wp-image-85201\" srcset=\"https:\/\/adamfayed.com\/wp-content\/uploads\/2024\/04\/give-5242150_640-300x233.jpg 300w, https:\/\/adamfayed.com\/wp-content\/uploads\/2024\/04\/give-5242150_640-512x398.jpg 512w, https:\/\/adamfayed.com\/wp-content\/uploads\/2024\/04\/give-5242150_640.jpg 640w\" sizes=\"(max-width: 300px) 100vw, 300px\" \/><\/figure>\n\n\n\n<p>Las condiciones econ\u00f3micas, los tipos de inter\u00e9s, las tendencias demogr\u00e1ficas y las pol\u00edticas gubernamentales desempe\u00f1an un papel importante en la din\u00e1mica del mercado.<\/p>\n\n\n\n<p>Adem\u00e1s, la financiaci\u00f3n hipotecaria desempe\u00f1a un papel fundamental en las operaciones inmobiliarias, ya que permite a los compradores adquirir propiedades obteniendo pr\u00e9stamos de las entidades financieras.<\/p>\n\n\n\n<p>Los distintos tipos de hipotecas, como las de tipo fijo, las de tipo variable y las aseguradas por el Estado, ofrecen a los compradores diversas opciones para financiar la compra de su vivienda.<\/p>\n\n\n\n<p>Invertir en propiedades inmobiliarias ofrece ventajas convincentes, como la posibilidad de generar ingresos por alquileres constantes, la revalorizaci\u00f3n de la propiedad y la cobertura frente a la inflaci\u00f3n.<\/p>\n\n\n\n<p>Propiedad <a href=\"https:\/\/adamfayed.com\/es\/investment-options\/\">opciones de inversi\u00f3n<\/a> tambi\u00e9n aportan ventajas de diversificaci\u00f3n, contribuyendo a repartir el riesgo y a reducir la volatilidad global de la cartera. Adem\u00e1s, los inmuebles ofrecen <a href=\"https:\/\/adamfayed.com\/es\/financial-planning\/personal-financial-planning\/expat-tax\/\" target=\"_blank\" rel=\"noreferrer noopener\">ventajas fiscales<\/a> y sirve como activo tangible que los inversores pueden controlar y aprovechar.<\/p>\n\n\n\n<p><\/p>\n\n\n\n<p><strong>\u00bfLe duele la indecisi\u00f3n financiera? <\/strong><\/p>\n\n\n\n<figure class=\"wp-block-image size-large is-resized\"><img decoding=\"async\" width=\"512\" height=\"288\" src=\"https:\/\/adamfayed.com\/wp-content\/uploads\/2025\/03\/Adam-Fayed-Contact_CTA3-512x288.jpg\" alt=\"\" class=\"wp-image-117505\" style=\"width:683px;height:auto\" srcset=\"https:\/\/adamfayed.com\/wp-content\/uploads\/2025\/03\/Adam-Fayed-Contact_CTA3-512x288.jpg 512w, https:\/\/adamfayed.com\/wp-content\/uploads\/2025\/03\/Adam-Fayed-Contact_CTA3-300x169.jpg 300w, https:\/\/adamfayed.com\/wp-content\/uploads\/2025\/03\/Adam-Fayed-Contact_CTA3-768x432.jpg 768w, https:\/\/adamfayed.com\/wp-content\/uploads\/2025\/03\/Adam-Fayed-Contact_CTA3-scaled.jpg 825w\" sizes=\"(max-width: 512px) 100vw, 512px\" \/><\/figure>\n\n\n\n<div style=\"height:10px\" aria-hidden=\"true\" class=\"wp-block-spacer\"><\/div>\n\n\n\n<div class=\"wp-block-buttons is-layout-flex wp-block-buttons-is-layout-flex\">\n<div class=\"wp-block-button\"><a class=\"wp-block-button__link wp-element-button\" href=\"https:\/\/adamfayed.com\/es\/become-adams-client\/\">Convi\u00e9rtase en mi cliente<\/a><\/div>\n\n\n\n<div class=\"wp-block-button\"><a class=\"wp-block-button__link wp-element-button\" href=\"https:\/\/adamfayed.com\/es\/good-match-quiz\/\" target=\"_blank\" rel=\"noreferrer noopener\">Realice el cuestionario de elegibilidad de clientes<\/a><\/div>\n\n\n\n<div class=\"wp-block-button\"><a class=\"wp-block-button__link wp-element-button\" href=\"https:\/\/adamfayed.com\/es\/contact\/\" target=\"_blank\" rel=\"noreferrer noopener\">P\u00f3ngase en contacto con<\/a><\/div>\n<\/div>\n\n\n\n<p><strong>Adam es un autor reconocido internacionalmente en temas financieros, con m\u00e1s de 830 millones de respuestas en Quora, un libro muy vendido en Amazon y colaborador de Forbes.<\/strong><\/p>","protected":false},"excerpt":{"rendered":"<p>\u00bfQu\u00e9 es el sector inmobiliario?<\/p>","protected":false},"author":16,"featured_media":85199,"parent":79603,"menu_order":0,"comment_status":"open","ping_status":"closed","template":"","meta":{"rop_custom_images_group":[],"rop_custom_messages_group":[],"rop_publish_now":"initial","rop_publish_now_accounts":{"facebook_10166176115445471_100883565069113":""},"rop_publish_now_history":[],"rop_publish_now_status":"pending","footnotes":""},"class_list":["post-85198","page","type-page","status-publish","has-post-thumbnail","hentry"],"_links":{"self":[{"href":"https:\/\/adamfayed.com\/es\/wp-json\/wp\/v2\/pages\/85198","targetHints":{"allow":["GET"]}}],"collection":[{"href":"https:\/\/adamfayed.com\/es\/wp-json\/wp\/v2\/pages"}],"about":[{"href":"https:\/\/adamfayed.com\/es\/wp-json\/wp\/v2\/types\/page"}],"author":[{"embeddable":true,"href":"https:\/\/adamfayed.com\/es\/wp-json\/wp\/v2\/users\/16"}],"replies":[{"embeddable":true,"href":"https:\/\/adamfayed.com\/es\/wp-json\/wp\/v2\/comments?post=85198"}],"version-history":[{"count":2,"href":"https:\/\/adamfayed.com\/es\/wp-json\/wp\/v2\/pages\/85198\/revisions"}],"predecessor-version":[{"id":121052,"href":"https:\/\/adamfayed.com\/es\/wp-json\/wp\/v2\/pages\/85198\/revisions\/121052"}],"up":[{"embeddable":true,"href":"https:\/\/adamfayed.com\/es\/wp-json\/wp\/v2\/pages\/79603"}],"wp:featuredmedia":[{"embeddable":true,"href":"https:\/\/adamfayed.com\/es\/wp-json\/wp\/v2\/media\/85199"}],"wp:attachment":[{"href":"https:\/\/adamfayed.com\/es\/wp-json\/wp\/v2\/media?parent=85198"}],"curies":[{"name":"wp","href":"https:\/\/api.w.org\/{rel}","templated":true}]}}