{"id":85492,"date":"2024-04-30T15:49:22","date_gmt":"2024-04-30T15:49:22","guid":{"rendered":"https:\/\/adamfayed.com\/?page_id=85492"},"modified":"2025-04-11T12:17:08","modified_gmt":"2025-04-11T12:17:08","slug":"advantages-and-disadvantages-of-isa","status":"publish","type":"page","link":"https:\/\/adamfayed.com\/es\/investment-options\/individual-savings-account\/advantages-and-disadvantages-of-isa\/","title":{"rendered":"Ventajas y desventajas de las ISA"},"content":{"rendered":"<p>En esta p\u00e1gina se abordar\u00e1n las ventajas e inconvenientes de las ISA:<\/p>\n\n\n\n<ul class=\"wp-block-list\">\n<li>Definici\u00f3n de cuenta de ahorro individual<\/li>\n\n\n\n<li>Ventajas de una cuenta ISA<\/li>\n\n\n\n<li>Desventajas de las ISA<\/li>\n<\/ul>\n\n\n\n<p><\/p>\n\n\n\n<p><a href=\"https:\/\/adamfayed.com\/es\/investment-options\/individual-savings-account\/\">Cuentas de ahorro individuales<\/a> son instrumentos de inversi\u00f3n muy apreciados porque son eficientes desde el punto de vista fiscal. <\/p>\n\n\n\n<p>Si desea invertir como expatriado o particular con un elevado patrimonio neto, que es en lo que estoy especializado, puede enviarme un correo electr\u00f3nico (advice@adamfayed.com) o WhatsApp (+44-7393-450-837).<\/p>\n\n\n\n<p>Comprender las ventajas e inconvenientes de las cuentas ISA es importante para tomar decisiones meditadas. Aunque una cuenta ISA no es intr\u00ednsecamente arriesgada, las inversiones que contiene pueden resultar confusas.<\/p>\n\n\n\n<div style=\"height:24px\" aria-hidden=\"true\" class=\"wp-block-spacer\"><\/div>\n\n\n\n<h2 class=\"wp-block-heading\"><strong>Definici\u00f3n de cuenta de ahorro individual<\/strong><\/h2>\n\n\n\n<div class=\"wp-block-group is-layout-constrained wp-block-group-is-layout-constrained\">\n<figure class=\"wp-block-image alignleft size-medium\"><img fetchpriority=\"high\" decoding=\"async\" width=\"300\" height=\"171\" src=\"https:\/\/adamfayed.com\/wp-content\/uploads\/2024\/04\/ISA-pros-and-cons-300x171.webp\" alt=\"Individual Savings Account Definition\" class=\"wp-image-85692\" srcset=\"https:\/\/adamfayed.com\/wp-content\/uploads\/2024\/04\/ISA-pros-and-cons-300x171.webp 300w, https:\/\/adamfayed.com\/wp-content\/uploads\/2024\/04\/ISA-pros-and-cons-512x293.webp 512w, https:\/\/adamfayed.com\/wp-content\/uploads\/2024\/04\/ISA-pros-and-cons-768x439.webp 768w, https:\/\/adamfayed.com\/wp-content\/uploads\/2024\/04\/ISA-pros-and-cons-scaled.webp 825w\" sizes=\"(max-width: 300px) 100vw, 300px\" \/><\/figure>\n<\/div>\n\n\n\n<p>Una ISA es una cuenta de ahorro o inversi\u00f3n brit\u00e1nica que recibe otros nombres en otros pa\u00edses que ofrecen un veh\u00edculo similar con ventajas fiscales (como las IRA en Estados Unidos o las cuentas Superannuation en Australia).<\/p>\n\n\n\n<p>A veces los particulares no entienden bien las cuentas individuales o las pasan por alto. Una idea err\u00f3nea muy extendida es que las ISA son solo para ricos o inversores experimentados.<\/p>\n\n\n\n<p>En realidad, cualquiera puede abrir una cuenta ISA y empezar a ahorrar o invertir, independientemente de sus ingresos o conocimientos de inversi\u00f3n.<\/p>\n\n\n\n<p>Otra idea equivocada es que las ISA tienen opciones de inversi\u00f3n limitadas. Aunque algunas ISA pueden tener restricciones en cuanto a los tipos de inversi\u00f3n permitidos, como las ISA en efectivo, las ISA en acciones y participaciones ofrecen una amplia gama de opciones de inversi\u00f3n. <a href=\"https:\/\/adamfayed.com\/es\/investment-options\/\">opciones de inversi\u00f3n<\/a>. Los inversores pueden elegir entre acciones individuales, bonos, <a href=\"https:\/\/adamfayed.com\/es\/investment-options\/etfs\/\">ETFs<\/a>, y otros activos para construir una cartera diversificada.<\/p>\n\n\n\n<p>Algunas personas creen que las ISA son s\u00f3lo para inversiones a largo plazo, pero tambi\u00e9n pueden utilizarse para objetivos de ahorro a corto plazo. Las ISA en efectivo, por ejemplo, ofrecen una forma segura de ahorrar dinero para un fin concreto, como unas vacaciones o un fondo de emergencia.<\/p>\n\n\n\n<div style=\"height:24px\" aria-hidden=\"true\" class=\"wp-block-spacer\"><\/div>\n\n\n\n<h2 class=\"wp-block-heading\"><strong>Ventajas y desventajas de las ISA<\/strong><\/h2>\n\n\n\n<h3 class=\"wp-block-heading\">Ventajas de una cuenta ISA<\/h3>\n\n\n\n<div class=\"wp-block-group is-layout-constrained wp-block-group-is-layout-constrained\">\n<figure class=\"wp-block-image alignright size-medium is-resized\"><img decoding=\"async\" width=\"300\" height=\"300\" src=\"https:\/\/adamfayed.com\/wp-content\/uploads\/2024\/04\/ISA-advantages-and-disadvantages-300x300.webp\" alt=\"Advantages and Disadvantages of ISA\" class=\"wp-image-85693\" style=\"width:235px;height:auto\" srcset=\"https:\/\/adamfayed.com\/wp-content\/uploads\/2024\/04\/ISA-advantages-and-disadvantages-300x300.webp 300w, https:\/\/adamfayed.com\/wp-content\/uploads\/2024\/04\/ISA-advantages-and-disadvantages-512x512.webp 512w, https:\/\/adamfayed.com\/wp-content\/uploads\/2024\/04\/ISA-advantages-and-disadvantages-150x150.webp 150w, https:\/\/adamfayed.com\/wp-content\/uploads\/2024\/04\/ISA-advantages-and-disadvantages-768x768.webp 768w, https:\/\/adamfayed.com\/wp-content\/uploads\/2024\/04\/ISA-advantages-and-disadvantages-scaled.webp 825w\" sizes=\"(max-width: 300px) 100vw, 300px\" \/><\/figure>\n<\/div>\n\n\n\n<p>Las ISA est\u00e1n libres de impuestos. Se puede depositar dinero en una cuenta de ahorro en efectivo y recibir intereses sin pagar impuestos.<\/p>\n\n\n\n<p>La libertad que proporcionan las cuentas individuales -no tienen tipos de inter\u00e9s fijos ni plazos de amortizaci\u00f3n- es otra de las ventajas de utilizarlas.<\/p>\n\n\n\n<p>Una ISA flexible permite a los inversores retirar fondos en cualquier momento sin agotar su l\u00edmite de aportaci\u00f3n anual.<\/p>\n\n\n\n<p>Con el fin de aumentar sus ganancias a largo plazo y contribuir al desarrollo de un nido de ahorros, los particulares tambi\u00e9n pueden optar por invertir el dinero que aportan a una ISA en <a href=\"https:\/\/adamfayed.com\/es\/investment-options\/stocks\/\">acciones<\/a> y acciones.<\/p>\n\n\n\n<div style=\"height:16px\" aria-hidden=\"true\" class=\"wp-block-spacer\"><\/div>\n\n\n\n<h3 class=\"wp-block-heading\">Desventajas de las ISA<\/h3>\n\n\n\n<p>Hay un l\u00edmite para las contribuciones anuales libres de impuestos, con un <a href=\"https:\/\/www.gov.uk\/individual-savings-accounts\" target=\"_blank\" rel=\"noopener\">20.000 libras como m\u00e1ximo<\/a> Importe de la ISA.<\/p>\n\n\n\n<p>Los tipos de inter\u00e9s variables son una caracter\u00edstica com\u00fan de las cuentas individuales, que pueden dar lugar a rendimientos inferiores a los de otro tipo de cuentas. <a href=\"https:\/\/adamfayed.com\/es\/investment-options\/savings-account\/\">cuenta de ahorro<\/a>.<\/p>\n\n\n\n<p>El acceso a los fondos est\u00e1 restringido por algunas ISA, que pueden tener penalizaciones por retirada anticipada o l\u00edmites de retirada.<\/p>\n\n\n\n<p>Aunque la mayor\u00eda de las cuentas individuales ofrecen protecci\u00f3n, las que est\u00e1n vinculadas a activos conllevan cierto riesgo inherente; los beneficios no est\u00e1n garantizados, especialmente cuando se trata de cuentas individuales de acciones y participaciones.<\/p>\n\n\n\n<p><strong>\u00bfLe duele la indecisi\u00f3n financiera? <\/strong><\/p>\n\n\n\n<figure class=\"wp-block-image size-large is-resized\"><img decoding=\"async\" width=\"512\" height=\"288\" src=\"https:\/\/adamfayed.com\/wp-content\/uploads\/2025\/03\/Adam-Fayed-Contact_CTA3-512x288.jpg\" alt=\"\" class=\"wp-image-117505\" style=\"width:683px;height:auto\" srcset=\"https:\/\/adamfayed.com\/wp-content\/uploads\/2025\/03\/Adam-Fayed-Contact_CTA3-512x288.jpg 512w, https:\/\/adamfayed.com\/wp-content\/uploads\/2025\/03\/Adam-Fayed-Contact_CTA3-300x169.jpg 300w, https:\/\/adamfayed.com\/wp-content\/uploads\/2025\/03\/Adam-Fayed-Contact_CTA3-768x432.jpg 768w, https:\/\/adamfayed.com\/wp-content\/uploads\/2025\/03\/Adam-Fayed-Contact_CTA3-scaled.jpg 825w\" sizes=\"(max-width: 512px) 100vw, 512px\" \/><\/figure>\n\n\n\n<div style=\"height:10px\" aria-hidden=\"true\" class=\"wp-block-spacer\"><\/div>\n\n\n\n<div class=\"wp-block-buttons is-layout-flex wp-block-buttons-is-layout-flex\">\n<div class=\"wp-block-button\"><a class=\"wp-block-button__link wp-element-button\" href=\"https:\/\/adamfayed.com\/es\/become-adams-client\/\">Convi\u00e9rtase en mi cliente<\/a><\/div>\n\n\n\n<div class=\"wp-block-button\"><a class=\"wp-block-button__link wp-element-button\" href=\"https:\/\/adamfayed.com\/es\/good-match-quiz\/\" target=\"_blank\" rel=\"noreferrer noopener\">Realice el cuestionario de elegibilidad de clientes<\/a><\/div>\n\n\n\n<div class=\"wp-block-button\"><a class=\"wp-block-button__link wp-element-button\" href=\"https:\/\/adamfayed.com\/es\/contact\/\" target=\"_blank\" rel=\"noreferrer noopener\">P\u00f3ngase en contacto con<\/a><\/div>\n<\/div>\n\n\n\n<p><strong>Adam es un autor reconocido internacionalmente en temas financieros, con m\u00e1s de 830 millones de respuestas en Quora, un libro muy vendido en Amazon y colaborador de Forbes.<\/strong><\/p>","protected":false},"excerpt":{"rendered":"<p>Ventajas y desventajas de las ISA<\/p>","protected":false},"author":14,"featured_media":85691,"parent":83571,"menu_order":0,"comment_status":"open","ping_status":"closed","template":"","meta":{"rop_custom_images_group":[],"rop_custom_messages_group":[],"rop_publish_now":"initial","rop_publish_now_accounts":{"facebook_10166176115445471_100883565069113":""},"rop_publish_now_history":[],"rop_publish_now_status":"pending","footnotes":""},"class_list":["post-85492","page","type-page","status-publish","has-post-thumbnail","hentry"],"_links":{"self":[{"href":"https:\/\/adamfayed.com\/es\/wp-json\/wp\/v2\/pages\/85492","targetHints":{"allow":["GET"]}}],"collection":[{"href":"https:\/\/adamfayed.com\/es\/wp-json\/wp\/v2\/pages"}],"about":[{"href":"https:\/\/adamfayed.com\/es\/wp-json\/wp\/v2\/types\/page"}],"author":[{"embeddable":true,"href":"https:\/\/adamfayed.com\/es\/wp-json\/wp\/v2\/users\/14"}],"replies":[{"embeddable":true,"href":"https:\/\/adamfayed.com\/es\/wp-json\/wp\/v2\/comments?post=85492"}],"version-history":[{"count":3,"href":"https:\/\/adamfayed.com\/es\/wp-json\/wp\/v2\/pages\/85492\/revisions"}],"predecessor-version":[{"id":132039,"href":"https:\/\/adamfayed.com\/es\/wp-json\/wp\/v2\/pages\/85492\/revisions\/132039"}],"up":[{"embeddable":true,"href":"https:\/\/adamfayed.com\/es\/wp-json\/wp\/v2\/pages\/83571"}],"wp:featuredmedia":[{"embeddable":true,"href":"https:\/\/adamfayed.com\/es\/wp-json\/wp\/v2\/media\/85691"}],"wp:attachment":[{"href":"https:\/\/adamfayed.com\/es\/wp-json\/wp\/v2\/media?parent=85492"}],"curies":[{"name":"wp","href":"https:\/\/api.w.org\/{rel}","templated":true}]}}