{"id":86317,"date":"2024-05-09T17:49:07","date_gmt":"2024-05-09T17:49:07","guid":{"rendered":"https:\/\/adamfayed.com\/?page_id=86317"},"modified":"2025-12-09T05:40:51","modified_gmt":"2025-12-09T05:40:51","slug":"best-global-health-insurance-providers","status":"publish","type":"page","link":"https:\/\/adamfayed.com\/es\/insurance\/insurance-providers\/best-global-health-insurance-providers\/","title":{"rendered":"Los mejores proveedores mundiales de seguros m\u00e9dicos"},"content":{"rendered":"<p>En esta p\u00e1gina hablaremos de algunas aseguradoras internacionales que ofrecen excelentes planes de seguro m\u00e9dico global para expatriados, inmigrantes y ciudadanos internacionales.<\/p>\n\n\n\n<p>Esta lista de los mejores proveedores de seguros m\u00e9dicos globales incluye los que ofrecen planes anuales completos para personas que residen en el extranjero durante un a\u00f1o o m\u00e1s. Entre las aseguradoras de esta lista figuran:<\/p>\n\n\n\n<ul class=\"wp-block-list\">\n<li>Cigna Global Insurance<\/li>\n\n\n\n<li>Plan GeoBlue Xplorer<\/li>\n\n\n\n<li>Grupo M\u00e9dico Internacional<\/li>\n\n\n\n<li>William Russell<\/li>\n<\/ul>\n\n\n\n<p><\/p>\n\n\n\n<p>Si desea invertir como expatriado o particular con un elevado patrimonio neto, que es en lo que estoy especializado, puede enviarme un correo electr\u00f3nico (advice@adamfayed.com) o WhatsApp (+44-7393-450-837).<\/p>\n\n\n\n<p>Cigna Global, GeoBlue, William Russell e International Medical Group pueden ser excelentes opciones para expatriados. <a href=\"https:\/\/adamfayed.com\/es\/living-abroad\/\">vivir en el extranjero<\/a>. Sin embargo, lo mejor <a href=\"https:\/\/adamfayed.com\/es\/insurance\/\">seguro<\/a> para usted depende de sus necesidades espec\u00edficas.<\/p>\n\n\n\n<p>Cada aseguradora se dirige a un tipo diferente de ciudadano del mundo.<\/p>\n\n\n\n<div style=\"height:30px\" aria-hidden=\"true\" class=\"wp-block-spacer\"><\/div>\n\n\n\n<h2 class=\"wp-block-heading\"><strong>Los mejores proveedores mundiales de seguros m\u00e9dicos<\/strong><\/h2>\n\n\n\n<figure class=\"wp-block-image alignright size-medium\"><img fetchpriority=\"high\" decoding=\"async\" width=\"300\" height=\"171\" src=\"https:\/\/adamfayed.com\/wp-content\/uploads\/2024\/05\/Best-International-Health-Insurance-Providers-300x171.webp\" alt=\"Best Global Health Insurance Providers\" class=\"wp-image-86325\" srcset=\"https:\/\/adamfayed.com\/wp-content\/uploads\/2024\/05\/Best-International-Health-Insurance-Providers-300x171.webp 300w, https:\/\/adamfayed.com\/wp-content\/uploads\/2024\/05\/Best-International-Health-Insurance-Providers-512x292.webp 512w, https:\/\/adamfayed.com\/wp-content\/uploads\/2024\/05\/Best-International-Health-Insurance-Providers-768x438.webp 768w, https:\/\/adamfayed.com\/wp-content\/uploads\/2024\/05\/Best-International-Health-Insurance-Providers.webp 825w\" sizes=\"(max-width: 300px) 100vw, 300px\" \/><\/figure>\n\n\n\n<p>La mejor sanidad mundial <a href=\"https:\/\/adamfayed.com\/es\/insurance\/insurance-providers\/\">proveedores de seguros<\/a> a continuaci\u00f3n se incluyen las calificaciones de la destacada agencia de calificaci\u00f3n crediticia AM Best.<\/p>\n\n\n\n<p>AM Best asigna calificaciones que van de \u201cA++\u201d (Superior) a \u201cD\u201d (Pobre), con categor\u00edas adicionales como \u201cF\u201d (En Liquidaci\u00f3n) y \u201cS\u201d (Calificaci\u00f3n Suspendida).<\/p>\n\n\n\n<div style=\"height:20px\" aria-hidden=\"true\" class=\"wp-block-spacer\"><\/div>\n\n\n\n<h3 class=\"wp-block-heading\">Cigna Global Insurance<\/h3>\n\n\n\n<p>Cigna Global Insurance, fundada en 1982, fue una de las empresas pioneras en ofrecer cobertura de seguros a expatriados y ciudadanos internacionales.<\/p>\n\n\n\n<p>Con niveles de seguro m\u00e9dico internacional flexibles y m\u00f3dulos adaptados a las necesidades individuales, Cigna Global garantiza una cobertura completa en casi todos los pa\u00edses.<\/p>\n\n\n\n<p>Ofrecen m\u00faltiples opciones de franquicia y participaci\u00f3n en los gastos, lo que permite personalizar los costes de las primas.<\/p>\n\n\n\n<p>La amplia red de m\u00e9dicos y hospitales internacionales de Cigna, junto con su servicio de atenci\u00f3n al cliente 24 horas al d\u00eda, 7 d\u00edas a la semana, les convierte en los favoritos de viajeros y expatriados.<\/p>\n\n\n\n<p>Cigna ha obtenido la calificaci\u00f3n A de <a href=\"https:\/\/web.ambest.com\/home\" target=\"_blank\" rel=\"noopener\">A.M. Best.<\/a><\/p>\n\n\n\n<div style=\"height:20px\" aria-hidden=\"true\" class=\"wp-block-spacer\"><\/div>\n\n\n\n<h3 class=\"wp-block-heading\">Plan GeoBlue Xplorer<\/h3>\n\n\n\n<figure class=\"wp-block-image alignright size-thumbnail\"><img decoding=\"async\" width=\"150\" height=\"150\" src=\"https:\/\/adamfayed.com\/wp-content\/uploads\/2024\/05\/geoblue-health-insurance-150x150.jpg\" alt=\"GeoBlue Xplorer \" class=\"wp-image-86322\" srcset=\"https:\/\/adamfayed.com\/wp-content\/uploads\/2024\/05\/geoblue-health-insurance-150x150.jpg 150w, https:\/\/adamfayed.com\/wp-content\/uploads\/2024\/05\/geoblue-health-insurance.jpg 200w\" sizes=\"(max-width: 150px) 100vw, 150px\" \/><\/figure>\n\n\n\n<p>El plan Xplorer de GeoBlue est\u00e1 dise\u00f1ado para ciudadanos estadounidenses residentes en el extranjero y extranjeros <a href=\"https:\/\/adamfayed.com\/es\/living-abroad\/living-in-america\/\">vivir en Am\u00e9rica<\/a>.<\/p>\n\n\n\n<p>Como licenciatario independiente de Blue Cross Blue Shield Association, GeoBlue ofrece planes de seguro m\u00e9dico de viaje a corto y largo plazo en todo el mundo.<\/p>\n\n\n\n<p>El plan Xplorer ofrece una cobertura completa, incluidas prestaciones m\u00e9dicas m\u00e1ximas ilimitadas en todo el mundo.<\/p>\n\n\n\n<p>Los afiliados aprecian la amplia red de GeoBlue, la facilidad para presentar reclamaciones y los excelentes servicios de telesalud. GeoBlue tiene una calificaci\u00f3n A- de A.M. Best.<\/p>\n\n\n\n<div style=\"height:20px\" aria-hidden=\"true\" class=\"wp-block-spacer\"><\/div>\n\n\n\n<h3 class=\"wp-block-heading\">Grupo M\u00e9dico Internacional (IMG)<\/h3>\n\n\n\n<p>International Medical Group ofrece una amplia gama de productos, desde cancelaci\u00f3n de viajes hasta su plan m\u00e9dico internacional a largo plazo IMG Global Medical.<\/p>\n\n\n\n<p>Con m\u00e1s de 20 a\u00f1os de experiencia, IMG ofrece seguros m\u00e9dicos globales, seguros de viaje y cobertura asequible en todo el mundo.<\/p>\n\n\n\n<p>IMG ofrece varios planes, una excelente cobertura de atenci\u00f3n preventiva y opciones de precios, lo que permite a los clientes ajustar los costes de sus primas.<\/p>\n\n\n\n<p>Tambi\u00e9n ofrecen coberturas complementarias para seguros de vida a plazo global, terrorismo, deportes, etc. IMG tiene una calificaci\u00f3n A- de A.M. Best.<\/p>\n\n\n\n<div style=\"height:20px\" aria-hidden=\"true\" class=\"wp-block-spacer\"><\/div>\n\n\n\n<h3 class=\"wp-block-heading\">William Russell<\/h3>\n\n\n\n<p><a href=\"https:\/\/adamfayed.com\/es\/review-articles\/william-russell-life-insurance-review-health-and-income-protection\/\" data-type=\"link\" data-id=\"https:\/\/adamfayed.com\/review-articles\/william-russell-life-insurance-review-health-and-income-protection\/\">William Russell<\/a>, con 30 a\u00f1os de experiencia, est\u00e1 especializada en ofrecer prestaciones de seguros privados en 160 pa\u00edses.<\/p>\n\n\n\n<p>Sus cuatro opciones de planes se adaptan a las necesidades individuales, familiares y de planificaci\u00f3n familiar futura.<\/p>\n\n\n\n<p>William Russell garantiza una cobertura m\u00e9dica completa con un servicio personalizado y atenci\u00f3n al cliente 24 horas al d\u00eda, 7 d\u00edas a la semana.<\/p>\n\n\n\n<p>Esto se consigue ofreciendo una cobertura de primera categor\u00eda para la atenci\u00f3n oncol\u00f3gica y una amplia cobertura de atenci\u00f3n preventiva.<\/p>\n\n\n\n<p>William Russell ha obtenido la calificaci\u00f3n A+ de A.M. Best.<\/p>\n\n\n\n<div style=\"height:20px\" aria-hidden=\"true\" class=\"wp-block-spacer\"><\/div>\n\n\n\n<h3 class=\"wp-block-heading\">Otros<\/h3>\n\n\n\n<p>Adem\u00e1s, varias otras aseguradoras de salud l\u00edderes mundiales ofrecen planes competitivos adaptados a diversas necesidades.<\/p>\n\n\n\n<p>Se trata de <a href=\"https:\/\/adamfayed.com\/es\/review-articles\/bupa-global-health-insurance-review\/\" target=\"_blank\" rel=\"noreferrer noopener\">Bupa Global<\/a>, Now Health International, Integra Global Health Insurance, Allianz International Medical Insurance, AXA Global Healthcare y AIA Group.<\/p>\n\n\n\n<p>Cada proveedor ofrece ventajas y opciones de cobertura \u00fanicas, garantizando que los expatriados encuentren soluciones de seguro m\u00e9dico internacional adecuadas.<\/p>\n\n\n\n<div style=\"height:30px\" aria-hidden=\"true\" class=\"wp-block-spacer\"><\/div>\n\n\n\n<h2 class=\"wp-block-heading\"><strong>C\u00f3mo elegir el mejor seguro m\u00e9dico global<\/strong><\/h2>\n\n\n\n<ul class=\"wp-block-list\">\n<li>Exponga claramente sus intenciones de viaje e identifique cualquier requisito m\u00e9dico espec\u00edfico.<\/li>\n<\/ul>\n\n\n\n<p><\/p>\n\n\n\n<ul class=\"wp-block-list\">\n<li>Revise detenidamente las condiciones de reembolso para saber c\u00f3mo trata su aseguradora los problemas de salud en el extranjero y qu\u00e9 condiciones se aplican.<\/li>\n<\/ul>\n\n\n\n<p><\/p>\n\n\n\n<ul class=\"wp-block-list\">\n<li>Considerar las opciones de seguros sanitarios globales privados que ofrecen cobertura desde el primer gasto incurrido, eliminando la necesidad de afiliarse a los sistemas nacionales de seguridad social.<\/li>\n<\/ul>\n\n\n\n<p><\/p>\n\n\n\n<ul class=\"wp-block-list\">\n<li>Personalice su plan con prestaciones adicionales.<\/li>\n<\/ul>\n\n\n\n<p><\/p>\n\n\n\n<ul class=\"wp-block-list\">\n<li>Antes de tomar una decisi\u00f3n, revise las exclusiones.<\/li>\n<\/ul>\n\n\n\n<p><\/p>\n\n\n\n<p><strong>\u00bfLe duele la indecisi\u00f3n financiera? <\/strong><\/p>\n\n\n\n<figure class=\"wp-block-image size-large is-resized\"><img decoding=\"async\" width=\"512\" height=\"288\" src=\"https:\/\/adamfayed.com\/wp-content\/uploads\/2025\/03\/Adam-Fayed-Contact_CTA3-512x288.jpg\" alt=\"\" class=\"wp-image-117505\" style=\"width:683px;height:auto\" srcset=\"https:\/\/adamfayed.com\/wp-content\/uploads\/2025\/03\/Adam-Fayed-Contact_CTA3-512x288.jpg 512w, https:\/\/adamfayed.com\/wp-content\/uploads\/2025\/03\/Adam-Fayed-Contact_CTA3-300x169.jpg 300w, https:\/\/adamfayed.com\/wp-content\/uploads\/2025\/03\/Adam-Fayed-Contact_CTA3-768x432.jpg 768w, https:\/\/adamfayed.com\/wp-content\/uploads\/2025\/03\/Adam-Fayed-Contact_CTA3-scaled.jpg 825w\" sizes=\"(max-width: 512px) 100vw, 512px\" \/><\/figure>\n\n\n\n<div style=\"height:10px\" aria-hidden=\"true\" class=\"wp-block-spacer\"><\/div>\n\n\n\n<div class=\"wp-block-buttons is-layout-flex wp-block-buttons-is-layout-flex\">\n<div class=\"wp-block-button\"><a class=\"wp-block-button__link wp-element-button\" href=\"https:\/\/adamfayed.com\/es\/become-adams-client\/\">Convi\u00e9rtase en mi cliente<\/a><\/div>\n\n\n\n<div class=\"wp-block-button\"><a class=\"wp-block-button__link wp-element-button\" href=\"https:\/\/adamfayed.com\/es\/good-match-quiz\/\" target=\"_blank\" rel=\"noreferrer noopener\">Realice el cuestionario de elegibilidad de clientes<\/a><\/div>\n\n\n\n<div class=\"wp-block-button\"><a class=\"wp-block-button__link wp-element-button\" href=\"https:\/\/adamfayed.com\/es\/contact\/\" target=\"_blank\" rel=\"noreferrer noopener\">P\u00f3ngase en contacto con<\/a><\/div>\n<\/div>\n\n\n\n<p><strong>Adam es un autor reconocido internacionalmente en temas financieros, con m\u00e1s de 830 millones de respuestas en Quora, un libro muy vendido en Amazon y colaborador de Forbes.<\/strong><\/p>","protected":false},"excerpt":{"rendered":"<p>Los mejores proveedores mundiales de seguros m\u00e9dicos<\/p>","protected":false},"author":14,"featured_media":86324,"parent":80068,"menu_order":0,"comment_status":"open","ping_status":"closed","template":"","meta":{"rop_custom_images_group":[],"rop_custom_messages_group":[],"rop_publish_now":"initial","rop_publish_now_accounts":{"facebook_10166176115445471_100883565069113":""},"rop_publish_now_history":[],"rop_publish_now_status":"pending","footnotes":""},"class_list":["post-86317","page","type-page","status-publish","has-post-thumbnail","hentry"],"_links":{"self":[{"href":"https:\/\/adamfayed.com\/es\/wp-json\/wp\/v2\/pages\/86317","targetHints":{"allow":["GET"]}}],"collection":[{"href":"https:\/\/adamfayed.com\/es\/wp-json\/wp\/v2\/pages"}],"about":[{"href":"https:\/\/adamfayed.com\/es\/wp-json\/wp\/v2\/types\/page"}],"author":[{"embeddable":true,"href":"https:\/\/adamfayed.com\/es\/wp-json\/wp\/v2\/users\/14"}],"replies":[{"embeddable":true,"href":"https:\/\/adamfayed.com\/es\/wp-json\/wp\/v2\/comments?post=86317"}],"version-history":[{"count":3,"href":"https:\/\/adamfayed.com\/es\/wp-json\/wp\/v2\/pages\/86317\/revisions"}],"predecessor-version":[{"id":242728,"href":"https:\/\/adamfayed.com\/es\/wp-json\/wp\/v2\/pages\/86317\/revisions\/242728"}],"up":[{"embeddable":true,"href":"https:\/\/adamfayed.com\/es\/wp-json\/wp\/v2\/pages\/80068"}],"wp:featuredmedia":[{"embeddable":true,"href":"https:\/\/adamfayed.com\/es\/wp-json\/wp\/v2\/media\/86324"}],"wp:attachment":[{"href":"https:\/\/adamfayed.com\/es\/wp-json\/wp\/v2\/media?parent=86317"}],"curies":[{"name":"wp","href":"https:\/\/api.w.org\/{rel}","templated":true}]}}