{"id":87254,"date":"2024-05-17T16:48:19","date_gmt":"2024-05-17T16:48:19","guid":{"rendered":"https:\/\/adamfayed.com\/?page_id=87254"},"modified":"2024-05-28T06:55:17","modified_gmt":"2024-05-28T06:55:17","slug":"rl360-profile","status":"publish","type":"page","link":"https:\/\/adamfayed.com\/es\/investment-options\/investment-providers\/rl360-profile\/","title":{"rendered":"Perfil de RL360: \u00bfQui\u00e9nes son RL360?"},"content":{"rendered":"<p>RL360 es un proveedor mundial de seguros de vida tambi\u00e9n denominado Royal London 360. Ofrece <a href=\"https:\/\/adamfayed.com\/es\/financial-planning\/offshore-investment\/\">inversi\u00f3n extraterritorial<\/a> oportunidades, as\u00ed como opciones de protecci\u00f3n y ahorro extraterritorial para inversores locales e internacionales.<\/p>\n\n\n\n<p>Esta p\u00e1gina examinar\u00e1 <a href=\"https:\/\/adamfayed.com\/es\/investment-options\/investment-providers\/rl360-profile\/\">Perfil de RL360<\/a>, en particular:<\/p>\n\n\n\n<ul class=\"wp-block-list\">\n<li>\u00bfQui\u00e9nes son RL360?<\/li>\n\n\n\n<li>Historia de RL360<\/li>\n\n\n\n<li>Rentabilidad del fondo RL360<\/li>\n\n\n\n<li>Sitios RL360<\/li>\n\n\n\n<li>Inicio de sesi\u00f3n de cliente de RL360<\/li>\n\n\n\n<li>Datos de contacto de RL360<\/li>\n<\/ul>\n\n\n\n<p><\/p>\n\n\n\n<p>Si desea invertir como expatriado o particular con un elevado patrimonio neto, que es en lo que estoy especializado, puede enviarme un correo electr\u00f3nico (advice@adamfayed.com) o WhatsApp (+44-7393-450-837).<\/p>\n\n\n\n<p>Conocer los antecedentes de RL360 puede ayudarle a evaluar si su visi\u00f3n coincide con la suya y si sus ofertas pueden ayudarle a aumentar su cesta de inversiones.<\/p>\n\n\n\n<h2 class=\"wp-block-heading\">Perfil de RL360<\/h2>\n\n\n\n<figure class=\"wp-block-image alignleft size-medium\"><img fetchpriority=\"high\" decoding=\"async\" width=\"300\" height=\"300\" src=\"https:\/\/adamfayed.com\/wp-content\/uploads\/2024\/05\/RL360-logo-300x300.jpg\" alt=\"RL360 Profile\" class=\"wp-image-87270\" srcset=\"https:\/\/adamfayed.com\/wp-content\/uploads\/2024\/05\/RL360-logo-300x300.jpg 300w, https:\/\/adamfayed.com\/wp-content\/uploads\/2024\/05\/RL360-logo-512x512.jpg 512w, https:\/\/adamfayed.com\/wp-content\/uploads\/2024\/05\/RL360-logo-150x150.jpg 150w, https:\/\/adamfayed.com\/wp-content\/uploads\/2024\/05\/RL360-logo-768x768.jpg 768w, https:\/\/adamfayed.com\/wp-content\/uploads\/2024\/05\/RL360-logo-scaled.jpg 825w\" sizes=\"(max-width: 300px) 100vw, 300px\" \/><\/figure>\n\n\n\n<h3 class=\"wp-block-heading\">\u00bfQui\u00e9nes son RL360?<\/h3>\n\n\n\n<p>RL360, con sede en la Isla de Man, es una filial de International Financial Group Limited o IFGL. RL360 opera en Am\u00e9rica Latina, Reino Unido, Asia, \u00c1frica y Oriente Medio.<\/p>\n\n\n\n<p>A finales de 2023, IFGL contaba con casi 600 empleados y m\u00e1s de 200.000 clientes, y gestionaba activos por valor de 25.000 millones de d\u00f3lares.<\/p>\n\n\n\n<p>Seg\u00fan la consultor\u00eda actuarial <a href=\"https:\/\/www.akg.co.uk\/\" target=\"_blank\" rel=\"noopener\">AKG<\/a>, IFGL tiene la mejor calificaci\u00f3n de todas las operaciones de vida en alta mar, una B+. Adem\u00e1s, AKG calific\u00f3 la estrategia y la calidad del servicio de IFGL con cinco estrellas.<\/p>\n\n\n\n<p>La Autoridad de Servicios Financieros de la Isla de Man es el principal organismo regulador que supervisa RL360 y todas las dem\u00e1s operaciones de seguros de la IFGL. Estas entidades est\u00e1n sujetas a varios marcos reglamentarios mundiales. La Autoridad de Servicios Financieros de Labuan y la Autoridad de Seguros de Hong Kong tambi\u00e9n han concedido autorizaci\u00f3n a RL360.<\/p>\n\n\n\n<p>Estos son algunos de sus productos y servicios:<\/p>\n\n\n\n<ul class=\"wp-block-list\">\n<li><a href=\"https:\/\/adamfayed.com\/es\/review-articles\/rl360-regular-savings-plan-review\/\">Plan de Ahorro Regular RL360<\/a><\/li>\n\n\n\n<li><a href=\"https:\/\/adamfayed.com\/es\/review-articles\/rl360-quantum-savings-plan-review\/\">Plan de Ahorro Quantum RL360<\/a> (sigue existiendo, pero est\u00e1 cerrado a nuevos inversores)<\/li>\n\n\n\n<li>Inversiones a tanto alzado<\/li>\n\n\n\n<li>Plan de vida<\/li>\n\n\n\n<li><a href=\"https:\/\/adamfayed.com\/es\/investment-options\/offshore-investment-bonds\/\">Bonos de inversi\u00f3n extraterritoriales<\/a> como <a href=\"https:\/\/adamfayed.com\/es\/review-articles\/rl360\/#What_is_the_RL360_Oracle_Bond\">Bono Oracle RL360<\/a><\/li>\n\n\n\n<li>Fideicomisos y planificaci\u00f3n fiscal&nbsp;<\/li>\n<\/ul>\n\n\n\n<p><\/p>\n\n\n\n<h3 class=\"wp-block-heading\">Historia de RL360<\/h3>\n\n\n\n<p>En 2008 se constituy\u00f3 Royal London 360, la divisi\u00f3n mundial del Royal London Group, a partir de la fusi\u00f3n de dos reputadas compa\u00f1\u00edas de seguros de vida con sede en la Isla de Man: Scottish Life International Insurance Company Limited (fundada en 1996) y Scottish Provident International Life Assurance Limited (fundada en 1991).<\/p>\n\n\n\n<p>RL360 hizo historia en 2013 al ser la primera empresa mundial de seguros de vida en completar con \u00e9xito una adquisici\u00f3n dirigida por la direcci\u00f3n y respaldada por capital de inversi\u00f3n. Este importante logro despej\u00f3 el camino para el crecimiento continuo y otras adquisiciones. Para facilitar esta expansi\u00f3n, se cre\u00f3 IFGL, y RL360 fue la primera empresa que se acogi\u00f3 a ella.<\/p>\n\n\n\n<p>Otras empresas de IFGL son:<\/p>\n\n\n\n<ul class=\"wp-block-list\">\n<li><a class=\"wpil_keyword_link\" href=\"https:\/\/adamfayed.com\/es\/ardan-international-review-is-it-worth-it\/\" title=\"Ardan\" data-wpil-keyword-link=\"linked\" data-wpil-monitor-id=\"1022\">Ardan<\/a> Internacional<\/li>\n\n\n\n<li>Friends Provident Internacional<\/li>\n\n\n\n<li>RL360 Life Insurance Company Limited (antes Clerical Medical International), conocida com\u00fanmente como RL360 Services<\/li>\n\n\n\n<li>IFGL Pensions (antes Sovereign Pensions Services UK Limited)<\/li>\n<\/ul>\n\n\n\n<p><\/p>\n\n\n\n<p>En 2023 se cre\u00f3 IFGL DIFC, cuya licencia reglamentaria permite la promoci\u00f3n de productos RL360 en el Centro Financiero Internacional de Dubai.<\/p>\n\n\n\n<h3 class=\"wp-block-heading\">Rentabilidad del fondo RL360 <\/h3>\n\n\n\n<figure class=\"wp-block-image alignright size-medium\"><img decoding=\"async\" width=\"300\" height=\"300\" src=\"https:\/\/adamfayed.com\/wp-content\/uploads\/2024\/05\/RL360-Fund-Performance-300x300.webp\" alt=\"RL360 Fund Performance\" class=\"wp-image-87302\" srcset=\"https:\/\/adamfayed.com\/wp-content\/uploads\/2024\/05\/RL360-Fund-Performance-300x300.webp 300w, https:\/\/adamfayed.com\/wp-content\/uploads\/2024\/05\/RL360-Fund-Performance-512x512.webp 512w, https:\/\/adamfayed.com\/wp-content\/uploads\/2024\/05\/RL360-Fund-Performance-150x150.webp 150w, https:\/\/adamfayed.com\/wp-content\/uploads\/2024\/05\/RL360-Fund-Performance-768x768.webp 768w, https:\/\/adamfayed.com\/wp-content\/uploads\/2024\/05\/RL360-Fund-Performance-scaled.webp 825w\" sizes=\"(max-width: 300px) 100vw, 300px\" \/><\/figure>\n\n\n\n<p>La rentabilidad de los fondos RL360 var\u00eda en funci\u00f3n del producto. Para evaluar el rendimiento de sus fondos, la empresa utiliza una serie de par\u00e1metros de rendimiento. Los folletos de rentabilidad de los fondos RL360 ofrecen una visi\u00f3n general de estos datos, que comprenden mediciones de rentabilidad discretas, anuales y acumulativas a lo largo de diferentes periodos de tiempo.<\/p>\n\n\n\n<p>Esto permite a los inversores evaluar la evoluci\u00f3n de los fondos, as\u00ed como su volatilidad. La moneda de los activos se utiliza para generar las estad\u00edsticas de rentabilidad, que incluyen los gastos de gesti\u00f3n del fondo, sobre una base de rentabilidad total.<\/p>\n\n\n\n<p>En 2023, se obtuvieron los siguientes premios RL360:<\/p>\n\n\n\n<ul class=\"wp-block-list\">\n<li>El mejor bono de cartera internacional se concedi\u00f3 a <a href=\"https:\/\/adamfayed.com\/es\/review-articles\/rl360-pims-personal-investment-management-service-review\/\">RL360 PIMS<\/a> (Servicio Personal de Gesti\u00f3n de Inversiones)<\/li>\n\n\n\n<li>Excelencia en el servicio al cliente para Asia<\/li>\n\n\n\n<li>Campa\u00f1a internacional del a\u00f1o para BlackRock Model Portfolio Service<\/li>\n\n\n\n<li>IFGL recibe el premio al Mejor Grupo Internacional de Vida&nbsp;<\/li>\n<\/ul>\n\n\n\n<p><\/p>\n\n\n\n<h3 class=\"wp-block-heading\">Sitios y servicios de RL360<\/h3>\n\n\n\n<p>RL360 es el p\u00fablico <a href=\"https:\/\/www.rl360.com\/\" target=\"_blank\" rel=\"noopener\">sitio web<\/a> para la empresa.<\/p>\n\n\n\n<p>RL360 Adviser es un servicio <a href=\"https:\/\/www.rl360adviser.com\/\" target=\"_blank\" rel=\"noopener\">sitio<\/a> para los asesores financieros de RL360<\/p>\n\n\n\n<p>RL360 Online Service Centre es el <a href=\"https:\/\/service.rl360.com\/scripts\/customer.cgi\" target=\"_blank\" rel=\"noopener\">mantenimiento en l\u00ednea<\/a> para RL360 y Servicios RL360<\/p>\n\n\n\n<p>RL360 Wrap es un <a href=\"https:\/\/www.rl360wrap.com\/\" target=\"_blank\" rel=\"noopener\">servicio<\/a> que ofrece bonos offshore para proveedores de Wraps.<\/p>\n\n\n\n<p>RL360 App es un <a href=\"https:\/\/www.rl360app.com\/\" target=\"_blank\" rel=\"noopener\">sitio web<\/a> s\u00f3lo para asesores financieros. Ofrece solicitudes en l\u00ednea para el Plan de Ahorro Regular y los productos Oracle.&nbsp;&nbsp;&nbsp;&nbsp;&nbsp;&nbsp;&nbsp;&nbsp;&nbsp;<\/p>\n\n\n\n<h3 class=\"wp-block-heading\">Inicio de sesi\u00f3n de cliente de RL360<\/h3>\n\n\n\n<p>Este <a href=\"https:\/\/service.rl360.com\/scripts\/customer.cgi\/SC\/\" target=\"_blank\" rel=\"noopener\">enlace<\/a> llevar\u00e1 a los clientes a la p\u00e1gina de inicio de sesi\u00f3n de RL360. Tras inscribirse y activar sus cuentas, los usuarios actuales -incluidos los asesores financieros y los asegurados- pueden utilizar este sitio para iniciar sesi\u00f3n.<\/p>\n\n\n\n<h3 class=\"wp-block-heading\">Datos de contacto de RL360<\/h3>\n\n\n\n<p><\/p>\n\n\n\n<h4 class=\"wp-block-heading\">Informaci\u00f3n de contacto para los clientes de RL360 en la Isla de Man<\/h4>\n\n\n\n<ul class=\"wp-block-list\">\n<li>Tel\u00e9fono: +44 (0) 1624 681 682<\/li>\n\n\n\n<li>Correo electr\u00f3nico: <a href=\"mailto:csc@rl360.com\">csc@rl360.com<\/a><\/li>\n\n\n\n<li>Direcci\u00f3n: International House, Cooil Road, Douglas, Isla de Man, IM2 2SP, Islas Brit\u00e1nicas<\/li>\n<\/ul>\n\n\n\n<p><\/p>\n\n\n\n<h4 class=\"wp-block-heading\">RL360 Dubai contacto<\/h4>\n\n\n\n<ul class=\"wp-block-list\">\n<li>Tel: +971 4378 2700 | +971 4284 5542<\/li>\n\n\n\n<li>Correo electr\u00f3nico:&nbsp;<a href=\"mailto:dubai@rl360.com\">dubai@rl360.com<\/a> | <a href=\"mailto:info@ifgldifc.com\">info@ifgldifc.com<\/a><\/li>\n\n\n\n<li>Direcciones: PO Box 450591, Emaar Square, Building 6, Floor 5, Dubai, Emiratos \u00c1rabes Unidos | PO Box 450591, OT - Unit 16 - 35, Level 16, Central Park Towers, DIFC, Dubai<\/li>\n<\/ul>\n\n\n\n<p><\/p>\n\n\n\n<h4 class=\"wp-block-heading\">Contacto RL360 Malasia<\/h4>\n\n\n\n<ul class=\"wp-block-list\">\n<li>Tel: +60 3 2109 5555<\/li>\n\n\n\n<li>Correo electr\u00f3nico: &nbsp;<a href=\"mailto:malaysia@rl360.com\">malaysia@rl360.com<\/a><\/li>\n\n\n\n<li>Direcci\u00f3n: BO2-C-16, Menara 3, KL Eco City, No 3 Jalan Bangsar, 59200 Kuala Lumpur, Malasia<\/li>\n<\/ul>\n\n\n\n<p><\/p>\n\n\n\n<h4 class=\"wp-block-heading\">RL360 Uruguay contacto<\/h4>\n\n\n\n<ul class=\"wp-block-list\">\n<li>Tel: +598 2626 2390<\/li>\n\n\n\n<li>Correo electr\u00f3nico:&nbsp;<a href=\"mailto:uruguay@rl360.com\">uruguay@rl360.com<\/a><\/li>\n\n\n\n<li>Direcci\u00f3n: WTC Montevideo Free Zone, Dr. Luis Bonavita 1294, Oficina 1407, C.P. 11300, Montevideo, Uruguay<\/li>\n<\/ul>\n\n\n\n<p><\/p>\n\n\n\n<h4 class=\"wp-block-heading\">Contacto RL360 Hong Kong<\/h4>\n\n\n\n<ul class=\"wp-block-list\">\n<li>Tel: +852 3929 4333<\/li>\n\n\n\n<li>Correo electr\u00f3nico:&nbsp;<a href=\"mailto:hongkong@rl360.com\">hongkong@rl360.com<\/a><\/li>\n\n\n\n<li>Direcci\u00f3n: Unit 803, One Kowloon, 1 Wang Yuen Street, Kowloon Bay, Kowloon, Hong Kong<\/li>\n<\/ul>\n\n\n\n<p><\/p>\n\n\n\n<h4 class=\"wp-block-heading\">RL360 Sud\u00e1frica<\/h4>\n\n\n\n<ul class=\"wp-block-list\">\n<li>Tel: +27 (0) 11452 7310<\/li>\n\n\n\n<li>Correo electr\u00f3nico:&nbsp;<a href=\"mailto:africa@rl360.com\">africa@rl360.com<\/a><\/li>\n\n\n\n<li>Direcci\u00f3n: 1st Floor, Building C, Stoneridge Office Park, 8 Greenstone Hill, 1609, Johannesburgo, Sud\u00e1frica<\/li>\n<\/ul>\n\n\n\n<p><\/p>\n\n\n\n<p><strong>\u00bfLe duele la indecisi\u00f3n financiera? <\/strong><\/p>\n\n\n\n<figure class=\"wp-block-image size-large is-resized\"><img decoding=\"async\" width=\"512\" height=\"288\" src=\"https:\/\/adamfayed.com\/wp-content\/uploads\/2025\/03\/Adam-Fayed-Contact_CTA3-512x288.jpg\" alt=\"\" class=\"wp-image-117505\" style=\"width:683px;height:auto\" srcset=\"https:\/\/adamfayed.com\/wp-content\/uploads\/2025\/03\/Adam-Fayed-Contact_CTA3-512x288.jpg 512w, https:\/\/adamfayed.com\/wp-content\/uploads\/2025\/03\/Adam-Fayed-Contact_CTA3-300x169.jpg 300w, https:\/\/adamfayed.com\/wp-content\/uploads\/2025\/03\/Adam-Fayed-Contact_CTA3-768x432.jpg 768w, https:\/\/adamfayed.com\/wp-content\/uploads\/2025\/03\/Adam-Fayed-Contact_CTA3-scaled.jpg 825w\" sizes=\"(max-width: 512px) 100vw, 512px\" \/><\/figure>\n\n\n\n<div style=\"height:10px\" aria-hidden=\"true\" class=\"wp-block-spacer\"><\/div>\n\n\n\n<div class=\"wp-block-buttons is-layout-flex wp-block-buttons-is-layout-flex\">\n<div class=\"wp-block-button\"><a class=\"wp-block-button__link wp-element-button\" href=\"https:\/\/adamfayed.com\/es\/become-adams-client\/\">Convi\u00e9rtase en mi cliente<\/a><\/div>\n\n\n\n<div class=\"wp-block-button\"><a class=\"wp-block-button__link wp-element-button\" href=\"https:\/\/adamfayed.com\/es\/good-match-quiz\/\" target=\"_blank\" rel=\"noreferrer noopener\">Realice el cuestionario de elegibilidad de clientes<\/a><\/div>\n\n\n\n<div class=\"wp-block-button\"><a class=\"wp-block-button__link wp-element-button\" href=\"https:\/\/adamfayed.com\/es\/contact\/\" target=\"_blank\" rel=\"noreferrer noopener\">P\u00f3ngase en contacto con<\/a><\/div>\n<\/div>\n\n\n\n<p><strong>Adam es un autor reconocido internacionalmente en temas financieros, con m\u00e1s de 830 millones de respuestas en Quora, un libro muy vendido en Amazon y colaborador de Forbes.<\/strong><\/p>","protected":false},"excerpt":{"rendered":"<p>Perfil de RL360: \u00bfQui\u00e9nes son RL360?<\/p>","protected":false},"author":14,"featured_media":87295,"parent":79525,"menu_order":0,"comment_status":"open","ping_status":"closed","template":"","meta":{"rop_custom_images_group":[],"rop_custom_messages_group":[],"rop_publish_now":"initial","rop_publish_now_accounts":{"facebook_10166176115445471_100883565069113":""},"rop_publish_now_history":[],"rop_publish_now_status":"pending","footnotes":""},"class_list":["post-87254","page","type-page","status-publish","has-post-thumbnail","hentry"],"_links":{"self":[{"href":"https:\/\/adamfayed.com\/es\/wp-json\/wp\/v2\/pages\/87254","targetHints":{"allow":["GET"]}}],"collection":[{"href":"https:\/\/adamfayed.com\/es\/wp-json\/wp\/v2\/pages"}],"about":[{"href":"https:\/\/adamfayed.com\/es\/wp-json\/wp\/v2\/types\/page"}],"author":[{"embeddable":true,"href":"https:\/\/adamfayed.com\/es\/wp-json\/wp\/v2\/users\/14"}],"replies":[{"embeddable":true,"href":"https:\/\/adamfayed.com\/es\/wp-json\/wp\/v2\/comments?post=87254"}],"version-history":[{"count":3,"href":"https:\/\/adamfayed.com\/es\/wp-json\/wp\/v2\/pages\/87254\/revisions"}],"predecessor-version":[{"id":87711,"href":"https:\/\/adamfayed.com\/es\/wp-json\/wp\/v2\/pages\/87254\/revisions\/87711"}],"up":[{"embeddable":true,"href":"https:\/\/adamfayed.com\/es\/wp-json\/wp\/v2\/pages\/79525"}],"wp:featuredmedia":[{"embeddable":true,"href":"https:\/\/adamfayed.com\/es\/wp-json\/wp\/v2\/media\/87295"}],"wp:attachment":[{"href":"https:\/\/adamfayed.com\/es\/wp-json\/wp\/v2\/media?parent=87254"}],"curies":[{"name":"wp","href":"https:\/\/api.w.org\/{rel}","templated":true}]}}