{"id":87767,"date":"2024-05-29T21:19:58","date_gmt":"2024-05-29T21:19:58","guid":{"rendered":"https:\/\/adamfayed.com\/?page_id=87767"},"modified":"2025-12-05T02:23:43","modified_gmt":"2025-12-05T02:23:43","slug":"remote-offshore-bank-account-opening","status":"publish","type":"page","link":"https:\/\/adamfayed.com\/es\/offshore-investment\/offshore-banking\/remote-offshore-bank-account-opening\/","title":{"rendered":"Apertura de cuenta bancaria offshore a distancia"},"content":{"rendered":"<p>Esta p\u00e1gina hablar\u00e1 sobre la apertura de cuentas bancarias offshore remotas y temas relevantes:<\/p>\n\n\n\n<ul class=\"wp-block-list\">\n<li>\u00bfQu\u00e9 es una cuenta bancaria offshore?<\/li>\n\n\n\n<li>Proceso de apertura de una cuenta bancaria offshore<\/li>\n\n\n\n<li>Los mejores bancos para cuentas offshore<\/li>\n<\/ul>\n\n\n\n<p><\/p>\n\n\n\n<p>El proceso de apertura de cuentas bancarias offshore a distancia se est\u00e1 simplificando a un ritmo m\u00e1s r\u00e1pido. Hay ciertas consideraciones para que usted contemple la apertura de una cuenta bancaria offshore a distancia.<\/p>\n\n\n\n<p>Si desea invertir como expatriado o particular con un elevado patrimonio neto, que es en lo que estoy especializado, puede enviarme un correo electr\u00f3nico (advice@adamfayed.com) o WhatsApp (+44-7393-450-837).<\/p>\n\n\n\n<p>En el cambiante panorama de la <a href=\"https:\/\/adamfayed.com\/es\/financial-planning\/offshore-investment\/offshore-banking\/\">banca extraterritorial<\/a>, encontrar bancos que faciliten la apertura de cuentas a distancia se ha convertido en una tarea compleja. Al buscar las mejores cuentas bancarias offshore, lo ideal es que los expatriados busquen la planificaci\u00f3n financiera, el asesoramiento y la orientaci\u00f3n experta de un banco offshore. <a href=\"https:\/\/adamfayed.com\/es\/financial-planning\/expat-financial-advisor\/\">asesor financiero para expatriados<\/a>.<\/p>\n\n\n\n<div style=\"height:29px\" aria-hidden=\"true\" class=\"wp-block-spacer\"><\/div>\n\n\n\n<h2 class=\"wp-block-heading\"><strong>\u00bfQu\u00e9 es una cuenta bancaria offshore?<\/strong><\/h2>\n\n\n\n<div class=\"wp-block-group is-layout-constrained wp-block-group-is-layout-constrained\">\n<figure class=\"wp-block-image alignright size-medium is-resized\"><img fetchpriority=\"high\" decoding=\"async\" width=\"300\" height=\"214\" src=\"https:\/\/adamfayed.com\/wp-content\/uploads\/2024\/05\/What-is-Offshore-Bank-Account-300x214.jpg\" alt=\"Offshore Bank Account Meaning\" class=\"wp-image-87780\" style=\"width:273px;height:auto\" srcset=\"https:\/\/adamfayed.com\/wp-content\/uploads\/2024\/05\/What-is-Offshore-Bank-Account-300x214.jpg 300w, https:\/\/adamfayed.com\/wp-content\/uploads\/2024\/05\/What-is-Offshore-Bank-Account-512x365.jpg 512w, https:\/\/adamfayed.com\/wp-content\/uploads\/2024\/05\/What-is-Offshore-Bank-Account.jpg 640w\" sizes=\"(max-width: 300px) 100vw, 300px\" \/><\/figure>\n<\/div>\n\n\n\n<p>Una cuenta bancaria extraterritorial tambi\u00e9n es <a href=\"https:\/\/internationalservices.hsbc.com\/international-banking\/what-is-an-offshore-bank-account\/\" target=\"_blank\" rel=\"noopener\">remitido<\/a> como cuenta bancaria en el extranjero, <a href=\"https:\/\/adamfayed.com\/es\/financial-planning\/offshore-investment\/offshore-account\/\">cuenta extraterritorial<\/a>, o cuenta bancaria de no residente.<\/p>\n\n\n\n<p>Se trata de un banco establecido en un pa\u00eds o regi\u00f3n distintos de los de residencia.<\/p>\n\n\n\n<p>Originalmente asociado a las Islas Anglonormandas, este t\u00e9rmino engloba ahora cuentas que ofrecen ventajas comparables a escala mundial.<\/p>\n\n\n\n<p>La apertura de una cuenta extraterritorial facilita las actividades financieras en divisas, incluidos los pagos, los ahorros y las inversiones.<\/p>\n\n\n\n<p>Entre los lugares m\u00e1s destacados para las cuentas de no residentes figuran las Islas del Canal, la Isla de Man y Singapur.<\/p>\n\n\n\n<div style=\"height:29px\" aria-hidden=\"true\" class=\"wp-block-spacer\"><\/div>\n\n\n\n<h2 class=\"wp-block-heading\"><strong>Proceso de apertura de una cuenta bancaria offshore<\/strong><\/h2>\n\n\n\n<p>Tradicionalmente, pa\u00edses m\u00e1s peque\u00f1os como las Islas Cook y las islas del Caribe, entre ellas Belice, han destacado por ofrecer bancos extraterritoriales f\u00e1ciles de usar, atrayendo a particulares con la promesa de abrir cuentas a distancia.<\/p>\n\n\n\n<p>Sin embargo, este proceso ha cambiado en los \u00faltimos a\u00f1os, en parte influido por acontecimientos como el <a href=\"https:\/\/www.icij.org\/investigations\/panama-papers\/\" target=\"_blank\" rel=\"noopener\">Papeles de Panam\u00e1<\/a> y un mayor escrutinio gubernamental de las transacciones financieras.<\/p>\n\n\n\n<p>El aumento de la normativa, especialmente en respuesta a problemas mundiales como el terrorismo y las actividades relacionadas con las drogas, ha repercutido en la ventaja competitiva de los bancos que ofrecen cuentas extraterritoriales a distancia.<\/p>\n\n\n\n<p>Aunque la idea de abrir una cuenta bancaria a distancia era antes una recomendaci\u00f3n sencilla, el endurecimiento de los controles y el escrutinio ha hecho que el proceso sea m\u00e1s dif\u00edcil.<\/p>\n\n\n\n<p>Ahora, volar al lugar para abrir una cuenta en persona se est\u00e1 convirtiendo cada vez m\u00e1s en una opci\u00f3n preferible.<\/p>\n\n\n\n<p>Sobre todo teniendo en cuenta las dificultades asociadas a la apertura de cuentas a distancia y las mayores posibilidades de recuperar r\u00e1pidamente los fondos invertidos.<\/p>\n\n\n\n<p>El reto no termina con la configuraci\u00f3n inicial de la cuenta; el mantenimiento y la utilizaci\u00f3n de cuentas offshore a distancia se han convertido en tareas intrincadas.<\/p>\n\n\n\n<p>El acceso a los fondos, la recepci\u00f3n de dep\u00f3sitos y las transferencias de entrada y salida de dinero plantean retos constantes.<\/p>\n\n\n\n<p>A pesar de estos retos, existen algunas excepciones. Por ejemplo, la utilizaci\u00f3n de un poder a trav\u00e9s de un abogado local puede gestionar diversas tareas a distancia.<\/p>\n\n\n\n<div class=\"wp-block-group is-layout-constrained wp-block-group-is-layout-constrained\">\n<figure class=\"wp-block-image alignright size-medium is-resized\"><img decoding=\"async\" width=\"300\" height=\"200\" src=\"https:\/\/adamfayed.com\/wp-content\/uploads\/2024\/05\/Process-for-Opening-Offshore-Bank-Account-300x200.jpg\" alt=\"Remote Offshore Bank Account Opening\" class=\"wp-image-87783\" style=\"width:260px;height:auto\" srcset=\"https:\/\/adamfayed.com\/wp-content\/uploads\/2024\/05\/Process-for-Opening-Offshore-Bank-Account-300x200.jpg 300w, https:\/\/adamfayed.com\/wp-content\/uploads\/2024\/05\/Process-for-Opening-Offshore-Bank-Account-512x342.jpg 512w, https:\/\/adamfayed.com\/wp-content\/uploads\/2024\/05\/Process-for-Opening-Offshore-Bank-Account.jpg 640w\" sizes=\"(max-width: 300px) 100vw, 300px\" \/><\/figure>\n<\/div>\n\n\n\n<p>Sin embargo, este enfoque exige confiar en un abogado en el pa\u00eds respectivo, y la log\u00edstica puede hacer que volar hasta all\u00ed sea una opci\u00f3n m\u00e1s pr\u00e1ctica.<\/p>\n\n\n\n<p>Elegir un banco que ofrezca un acceso f\u00e1cil a la gesti\u00f3n del dinero, aunque implique desplazamientos ocasionales, se considera cada vez m\u00e1s una estrategia viable y eficaz.<\/p>\n\n\n\n<p>A menudo es factible iniciar el proceso de apertura de una cuenta bancaria offshore sin necesidad de una visita f\u00edsica al pa\u00eds, especialmente en muchas jurisdicciones bancarias offshore.<\/p>\n\n\n\n<div style=\"height:29px\" aria-hidden=\"true\" class=\"wp-block-spacer\"><\/div>\n\n\n\n<h2 class=\"wp-block-heading\"><strong>Los mejores bancos para cuentas offshore<\/strong><\/h2>\n\n\n\n<p>He aqu\u00ed una lista de bancos en diferentes pa\u00edses que pueden facilitar los servicios de apertura de cuentas bancarias offshore a distancia, atendiendo a las necesidades de las personas que buscan las mejores cuentas offshore:<\/p>\n\n\n\n<h3 class=\"wp-block-heading\">DBS Bank (Singapur)<\/h3>\n\n\n\n<p>El DBS Bank de Singapur agiliza el procedimiento de apertura de cuentas para no residentes mediante una solicitud en l\u00ednea.<\/p>\n\n\n\n<h3 class=\"wp-block-heading\">HSBC (Hong Kong):<\/h3>\n\n\n\n<p>HSBC en Hong Kong ampl\u00eda la opci\u00f3n de apertura de cuentas a distancia a los no residentes.<\/p>\n\n\n\n<h3 class=\"wp-block-heading\">Swissquote (Suiza):<\/h3>\n\n\n\n<p>Swissquote, un banco en l\u00ednea con sede en Suiza, permite a los no residentes abrir cuentas a distancia.<\/p>\n\n\n\n<h3 class=\"wp-block-heading\">CIM Banque (Suiza):<\/h3>\n\n\n\n<p>CIM Banque, en Suiza, ofrece servicios de apertura de cuentas a distancia a su clientela.<\/p>\n\n\n\n<h3 class=\"wp-block-heading\">Cayman National Bank (Islas Caim\u00e1n):<\/h3>\n\n\n\n<p>El Cayman National Bank de las Islas Caim\u00e1n ofrece servicios bancarios extraterritoriales, incluida la posibilidad de abrir cuentas a distancia.<\/p>\n\n\n\n<h3 class=\"wp-block-heading\">Emirates NBD (Emiratos \u00c1rabes Unidos):<\/h3>\n\n\n\n<p>Emirates NBD en los EAU permite a los no residentes iniciar el proceso de apertura de cuenta a distancia.<\/p>\n\n\n\n<p><strong>\u00bfLe duele la indecisi\u00f3n financiera? <\/strong><\/p>\n\n\n\n<figure class=\"wp-block-image size-large is-resized\"><img decoding=\"async\" width=\"512\" height=\"288\" src=\"https:\/\/adamfayed.com\/wp-content\/uploads\/2025\/03\/Adam-Fayed-Contact_CTA3-512x288.jpg\" alt=\"\" class=\"wp-image-117505\" style=\"width:683px;height:auto\" srcset=\"https:\/\/adamfayed.com\/wp-content\/uploads\/2025\/03\/Adam-Fayed-Contact_CTA3-512x288.jpg 512w, https:\/\/adamfayed.com\/wp-content\/uploads\/2025\/03\/Adam-Fayed-Contact_CTA3-300x169.jpg 300w, https:\/\/adamfayed.com\/wp-content\/uploads\/2025\/03\/Adam-Fayed-Contact_CTA3-768x432.jpg 768w, https:\/\/adamfayed.com\/wp-content\/uploads\/2025\/03\/Adam-Fayed-Contact_CTA3-scaled.jpg 825w\" sizes=\"(max-width: 512px) 100vw, 512px\" \/><\/figure>\n\n\n\n<div style=\"height:10px\" aria-hidden=\"true\" class=\"wp-block-spacer\"><\/div>\n\n\n\n<div class=\"wp-block-buttons is-layout-flex wp-block-buttons-is-layout-flex\">\n<div class=\"wp-block-button\"><a class=\"wp-block-button__link wp-element-button\" href=\"https:\/\/adamfayed.com\/es\/become-adams-client\/\">Convi\u00e9rtase en mi cliente<\/a><\/div>\n\n\n\n<div class=\"wp-block-button\"><a class=\"wp-block-button__link wp-element-button\" href=\"https:\/\/adamfayed.com\/es\/good-match-quiz\/\" target=\"_blank\" rel=\"noreferrer noopener\">Realice el cuestionario de elegibilidad de clientes<\/a><\/div>\n\n\n\n<div class=\"wp-block-button\"><a class=\"wp-block-button__link wp-element-button\" href=\"https:\/\/adamfayed.com\/es\/contact\/\" target=\"_blank\" rel=\"noreferrer noopener\">P\u00f3ngase en contacto con<\/a><\/div>\n<\/div>\n\n\n\n<p><strong>Adam es un autor reconocido internacionalmente en temas financieros, con m\u00e1s de 830 millones de respuestas en Quora, un libro muy vendido en Amazon y colaborador de Forbes.<\/strong><\/p>","protected":false},"excerpt":{"rendered":"<p>Apertura de cuenta bancaria offshore a distancia<\/p>","protected":false},"author":14,"featured_media":87781,"parent":81072,"menu_order":0,"comment_status":"open","ping_status":"closed","template":"","meta":{"rop_custom_images_group":[],"rop_custom_messages_group":[],"rop_publish_now":"initial","rop_publish_now_accounts":{"facebook_10166176115445471_100883565069113":""},"rop_publish_now_history":[],"rop_publish_now_status":"pending","footnotes":""},"class_list":["post-87767","page","type-page","status-publish","has-post-thumbnail","hentry"],"_links":{"self":[{"href":"https:\/\/adamfayed.com\/es\/wp-json\/wp\/v2\/pages\/87767","targetHints":{"allow":["GET"]}}],"collection":[{"href":"https:\/\/adamfayed.com\/es\/wp-json\/wp\/v2\/pages"}],"about":[{"href":"https:\/\/adamfayed.com\/es\/wp-json\/wp\/v2\/types\/page"}],"author":[{"embeddable":true,"href":"https:\/\/adamfayed.com\/es\/wp-json\/wp\/v2\/users\/14"}],"replies":[{"embeddable":true,"href":"https:\/\/adamfayed.com\/es\/wp-json\/wp\/v2\/comments?post=87767"}],"version-history":[{"count":2,"href":"https:\/\/adamfayed.com\/es\/wp-json\/wp\/v2\/pages\/87767\/revisions"}],"predecessor-version":[{"id":241040,"href":"https:\/\/adamfayed.com\/es\/wp-json\/wp\/v2\/pages\/87767\/revisions\/241040"}],"up":[{"embeddable":true,"href":"https:\/\/adamfayed.com\/es\/wp-json\/wp\/v2\/pages\/81072"}],"wp:featuredmedia":[{"embeddable":true,"href":"https:\/\/adamfayed.com\/es\/wp-json\/wp\/v2\/media\/87781"}],"wp:attachment":[{"href":"https:\/\/adamfayed.com\/es\/wp-json\/wp\/v2\/media?parent=87767"}],"curies":[{"name":"wp","href":"https:\/\/api.w.org\/{rel}","templated":true}]}}