{"id":87775,"date":"2024-05-29T22:25:40","date_gmt":"2024-05-29T22:25:40","guid":{"rendered":"https:\/\/adamfayed.com\/?page_id=87775"},"modified":"2025-04-03T13:58:28","modified_gmt":"2025-04-03T13:58:28","slug":"annuities-for-us-expats","status":"publish","type":"page","link":"https:\/\/adamfayed.com\/es\/investment-options\/annuity\/annuities-for-us-expats\/","title":{"rendered":"Rentas vitalicias para expatriados: Impuestos, ventajas e inconvenientes"},"content":{"rendered":"<p>Las rentas vitalicias para expatriados en EE.UU. ofrecen la seguridad de un flujo de ingresos constante, aliviando la preocupaci\u00f3n de quedarse sin fondos, especialmente mientras se est\u00e1 en el extranjero. <a href=\"https:\/\/adamfayed.com\/es\/living-abroad\/\">vivir en el extranjero<\/a>.<\/p>\n\n\n\n<p>Aunque los residentes en EE.UU. suelen considerar las rentas vitalicias como un medio para asegurarse los ingresos de jubilaci\u00f3n, cabe destacar que las rentas vitalicias siguen siendo una opci\u00f3n viable para quienes viven fuera del pa\u00eds.<\/p>\n\n\n\n<p>Si desea invertir como expatriado o particular con un elevado patrimonio neto, que es en lo que estoy especializado, puede enviarme un correo electr\u00f3nico (advice@adamfayed.com) o WhatsApp (+44-7393-450-837).<\/p>\n\n\n\n<p>En esta p\u00e1gina se tratar\u00e1:<\/p>\n\n\n\n<ul class=\"wp-block-list\">\n<li>Fiscalidad de las pensiones extranjeras y <a href=\"https:\/\/adamfayed.com\/es\/investment-options\/annuity\/\">anualidad<\/a> distribuciones<\/li>\n\n\n\n<li>Ventajas\/desventajas de las rentas vitalicias para los expatriados estadounidenses<\/li>\n\n\n\n<li>\u00bfPueden los extranjeros comprar rentas vitalicias en EE.UU.?<\/li>\n\n\n\n<li>Preguntas frecuentes<\/li>\n<\/ul>\n\n\n\n<div style=\"height:30px\" aria-hidden=\"true\" class=\"wp-block-spacer\"><\/div>\n\n\n\n<h2 class=\"wp-block-heading\"><strong>Fiscalidad de las distribuciones de pensiones y rentas vitalicias en el extranjero<\/strong><\/h2>\n\n\n\n<p>Los desembolsos de pensiones o anualidades extranjeras son fondos recibidos de entidades de fuera de EE.UU., incluidos empleadores extranjeros, fideicomisos, gobiernos y compa\u00f1\u00edas de seguros.<\/p>\n\n\n\n<p>En <a href=\"https:\/\/www.irs.gov\/businesses\/the-taxation-of-foreign-pension-and-annuity-distributions\" target=\"_blank\" rel=\"noopener\">base imponible<\/a> suele ser igual a la Distribuci\u00f3n Bruta menos el Coste. Incluso sin el formulario 1099, los ingresos procedentes de pensiones o rentas vitalicias extranjeras pueden estar sujetos a tributaci\u00f3n.<\/p>\n\n\n\n<p>Muchos convenios sobre el impuesto de sociedades permiten la imposici\u00f3n exclusiva con arreglo a la legislaci\u00f3n del pa\u00eds residente.<\/p>\n\n\n\n<figure class=\"wp-block-image alignleft size-medium is-resized\"><img fetchpriority=\"high\" decoding=\"async\" width=\"300\" height=\"300\" src=\"https:\/\/adamfayed.com\/wp-content\/uploads\/2024\/05\/Taxation-of-foreign-pension-and-annuity-distributions-300x300.webp\" alt=\"Annuities for US Expats tax\" class=\"wp-image-87809\" style=\"width:228px;height:auto\" srcset=\"https:\/\/adamfayed.com\/wp-content\/uploads\/2024\/05\/Taxation-of-foreign-pension-and-annuity-distributions-300x300.webp 300w, https:\/\/adamfayed.com\/wp-content\/uploads\/2024\/05\/Taxation-of-foreign-pension-and-annuity-distributions-512x512.webp 512w, https:\/\/adamfayed.com\/wp-content\/uploads\/2024\/05\/Taxation-of-foreign-pension-and-annuity-distributions-150x150.webp 150w, https:\/\/adamfayed.com\/wp-content\/uploads\/2024\/05\/Taxation-of-foreign-pension-and-annuity-distributions-768x768.webp 768w, https:\/\/adamfayed.com\/wp-content\/uploads\/2024\/05\/Taxation-of-foreign-pension-and-annuity-distributions-scaled.webp 825w\" sizes=\"(max-width: 300px) 100vw, 300px\" \/><\/figure>\n\n\n\n<p>Las exenciones pueden aplicarse a las pensiones p\u00fablicas o a los pagos de la seguridad social, dependiendo del tratado.<\/p>\n\n\n\n<p>Para solicitar una exenci\u00f3n del impuesto federal sobre la renta de EE.UU., utilice el formulario W-8BEN con un n\u00famero de identificaci\u00f3n fiscal v\u00e1lido.<\/p>\n\n\n\n<p>Verifique los detalles del convenio, incluidas las normas de desempate para dobles residentes, a fin de determinar la imponibilidad en virtud de disposiciones espec\u00edficas.<\/p>\n\n\n\n<p>La \u201ccl\u00e1usula de salvaguardia\u201d defiende el derecho de EE.UU. a gravar globalmente a ciudadanos y residentes, haciendo que las distribuciones est\u00e9n sujetas a impuestos salvo excepciones.<\/p>\n\n\n\n<p>Las pensiones extranjeras de la seguridad social suelen tratarse como pensiones extranjeras, salvo que est\u00e9n excluidas por un tratado.<\/p>\n\n\n\n<p>Las disposiciones espec\u00edficas de los tratados regulan la fiscalidad de las pensiones p\u00fablicas y, en el caso de las aportaciones transfronterizas a planes de pensiones, algunos tratados ofrecen un tratamiento fiscal favorable a los ciudadanos estadounidenses que aportan a planes de pensiones extranjeros o viceversa.<\/p>\n\n\n\n<p>Es crucial verificar las prestaciones disponibles en funci\u00f3n del convenio.<\/p>\n\n\n\n<div style=\"height:30px\" aria-hidden=\"true\" class=\"wp-block-spacer\"><\/div>\n\n\n\n<h2 class=\"wp-block-heading\"><strong>Ventajas\/desventajas de las rentas vitalicias para los expatriados estadounidenses<\/strong><\/h2>\n\n\n\n<p>Profundicemos en algunos <a href=\"https:\/\/adamfayed.com\/es\/investment-options\/annuity\/annuities-pros-and-cons\/\">anualidades pros y contras<\/a>:<\/p>\n\n\n\n<div style=\"height:15px\" aria-hidden=\"true\" class=\"wp-block-spacer\"><\/div>\n\n\n\n<h3 class=\"wp-block-heading\">Ventajas de las rentas vitalicias para los expatriados estadounidenses<\/h3>\n\n\n\n<p>Las rentas vitalicias reducen el riesgo de insolvencia financiera de los expatriados estadounidenses que se trasladan al extranjero. Las rentas vitalicias permiten un crecimiento de las inversiones con impuestos diferidos hasta que se retiran. Se adaptan a los ingresos irregulares o a horarios de trabajo inusuales y proporcionan flexibilidad en el ahorro. Las rentas vitalicias son una buena alternativa a un plan 401(k) para los expatriados m\u00e1s j\u00f3venes que planean su jubilaci\u00f3n.<\/p>\n\n\n\n<div style=\"height:15px\" aria-hidden=\"true\" class=\"wp-block-spacer\"><\/div>\n\n\n\n<h3 class=\"wp-block-heading\">Aspectos negativos de las rentas vitalicias para los expatriados estadounidenses<\/h3>\n\n\n\n<p>Pueden ser instrumentos financieros intrincados con gastos costosos, como los administrativos y de venta, que reducen la rentabilidad total. Las rentas vitalicias tambi\u00e9n tienen menos liquidez que otras alternativas de inversi\u00f3n, lo que implica retiradas anticipadas = penalizaciones. Otro factor de complejidad para los expatriados estadounidenses son las intrincadas obligaciones fiscales.<\/p>\n\n\n\n<p>Adem\u00e1s, existe la posibilidad de que el <a href=\"https:\/\/adamfayed.com\/es\/insurance\/insurance-providers\/\">proveedor de seguros<\/a> que emiti\u00f3 la anualidad incumpliera, lo que podr\u00eda suponer la p\u00e9rdida del dinero. Otros <a href=\"https:\/\/adamfayed.com\/es\/investment-options\/\">opciones de inversi\u00f3n<\/a> podr\u00edan ofrecer mayores rendimientos que determinados tipos de rentas vitalicias, en funci\u00f3n de la tolerancia al riesgo y los objetivos financieros del expatriado.<\/p>\n\n\n\n<div style=\"height:30px\" aria-hidden=\"true\" class=\"wp-block-spacer\"><\/div>\n\n\n\n<h2 class=\"wp-block-heading\"><strong>\u00bfPueden los extranjeros comprar rentas vitalicias en EE.UU.?<\/strong><\/h2>\n\n\n\n<p>A continuaci\u00f3n se detallan los requisitos para la adquisici\u00f3n de rentas vitalicias para extranjeros:<\/p>\n\n\n\n<ul class=\"wp-block-list\">\n<li>Mantener una direcci\u00f3n en EE.UU. y poseer un n\u00famero de identificaci\u00f3n fiscal estadounidense.<\/li>\n\n\n\n<li>Financie la anualidad con moneda estadounidense.<\/li>\n\n\n\n<li>Rellenar una solicitud en papel firmada en EE.UU. El agente debe ser titular de una licencia v\u00e1lida en el Estado en el que se presente la solicitud.<\/li>\n\n\n\n<li>Facilitar el formulario W-8BEN del IRS, el Certificado de Condici\u00f3n de Extranjero del Propietario Beneficiario para la Retenci\u00f3n y Declaraci\u00f3n de Impuestos en EE.UU. (Certificate of Foreign Status of Beneficial Owner for US Tax Withholding and Reporting). Presente el formulario con la solicitud inicial en papel comercial y actual\u00edcelo cada tres a\u00f1os mientras la p\u00f3liza permanezca activa.<\/li>\n<\/ul>\n\n\n\n<p><\/p>\n\n\n\n<p>En un panorama en el que pocas inversiones imponibles pueden rivalizar con la combinaci\u00f3n de seguridad, crecimiento y flexibilidad que ofrece una renta vitalicia, el crecimiento compuesto y las s\u00f3lidas garant\u00edas de una renta vitalicia pueden aumentar potencialmente sus ahorros a un ritmo m\u00e1s acelerado.<\/p>\n\n\n\n<p>Incluso en un entorno de tipos de inter\u00e9s bajos, el crecimiento compuesto y las s\u00f3lidas garant\u00edas de una renta vitalicia pueden hacer crecer sus ahorros m\u00e1s r\u00e1pido de lo que piensa.<\/p>\n\n\n\n<div style=\"height:30px\" aria-hidden=\"true\" class=\"wp-block-spacer\"><\/div>\n\n\n\n<div class=\"wp-block-group is-layout-constrained wp-block-group-is-layout-constrained\">\n<figure class=\"wp-block-image alignright size-medium is-resized\"><img decoding=\"async\" width=\"300\" height=\"300\" src=\"https:\/\/adamfayed.com\/wp-content\/uploads\/2024\/05\/Are-annuities-a-good-idea-for-US-expats-300x300.webp\" alt=\"FAQ: Are annuities a good idea for US expats\" class=\"wp-image-87810\" style=\"width:180px;height:auto\" srcset=\"https:\/\/adamfayed.com\/wp-content\/uploads\/2024\/05\/Are-annuities-a-good-idea-for-US-expats-300x300.webp 300w, https:\/\/adamfayed.com\/wp-content\/uploads\/2024\/05\/Are-annuities-a-good-idea-for-US-expats-512x512.webp 512w, https:\/\/adamfayed.com\/wp-content\/uploads\/2024\/05\/Are-annuities-a-good-idea-for-US-expats-150x150.webp 150w, https:\/\/adamfayed.com\/wp-content\/uploads\/2024\/05\/Are-annuities-a-good-idea-for-US-expats-768x768.webp 768w, https:\/\/adamfayed.com\/wp-content\/uploads\/2024\/05\/Are-annuities-a-good-idea-for-US-expats-scaled.webp 825w\" sizes=\"(max-width: 300px) 100vw, 300px\" \/><\/figure>\n<\/div>\n\n\n\n<h2 class=\"wp-block-heading\"><strong>Preguntas frecuentes<\/strong><\/h2>\n\n\n\n<h3 class=\"wp-block-heading\">Q. \u00bfSon las rentas vitalicias una buena idea para los expatriados estadounidenses?<\/h3>\n\n\n\n<p>Las rentas vitalicias para los expatriados estadounidenses pueden ser una opci\u00f3n, pero es aconsejable considerar las implicaciones fiscales y explorar opciones de jubilaci\u00f3n alternativas.<\/p>\n\n\n\n<p><a class=\"wpil_keyword_link\" href=\"https:\/\/adamfayed.com\/es\/financial-planning\/personal-financial-planning\/\" title=\"Planificaci\u00f3n financiera\" data-wpil-keyword-link=\"linked\" data-wpil-monitor-id=\"1075\">Planificaci\u00f3n financiera<\/a> Es muy recomendable contratar los servicios de un asesor financiero para expatriados.<\/p>\n\n\n\n<div style=\"height:15px\" aria-hidden=\"true\" class=\"wp-block-spacer\"><\/div>\n\n\n\n<h3 class=\"wp-block-heading\">Q. \u00bfSon buenas las rentas vitalicias para las personas mayores?<\/h3>\n\n\n\n<p>Las rentas vitalicias pueden ser adecuadas para las personas mayores en la jubilaci\u00f3n, ya que ofrecen una fuente de ingresos fiable, pero depende de los objetivos y preferencias financieras individuales.<\/p>\n\n\n\n<p>El uso de rentas vitalicias en la jubilaci\u00f3n suele considerarse una opci\u00f3n popular entre varias personas.<\/p>\n\n\n\n<div style=\"height:15px\" aria-hidden=\"true\" class=\"wp-block-spacer\"><\/div>\n\n\n\n<h3 class=\"wp-block-heading\">Q. \u00bfPueden los extranjeros comprar anualidades igual que los residentes?<\/h3>\n\n\n\n<p>Por lo general, los extranjeros pueden comprar rentas vitalicias como los residentes, pero la disponibilidad y las condiciones pueden variar en funci\u00f3n del pa\u00eds y de las pol\u00edticas espec\u00edficas del proveedor de rentas vitalicias.<\/p>\n\n\n\n<div style=\"height:15px\" aria-hidden=\"true\" class=\"wp-block-spacer\"><\/div>\n\n\n\n<h3 class=\"wp-block-heading\">Q. \u00bfQu\u00e9 es mejor que una renta vitalicia para la jubilaci\u00f3n?<\/h3>\n\n\n\n<p>Considere alternativas a las rentas vitalicias para un plan financiero s\u00f3lido, incluyendo:<\/p>\n\n\n\n<ul class=\"wp-block-list\">\n<li>Plan financiero personalizado<\/li>\n\n\n\n<li>Cartera diversificada<\/li>\n\n\n\n<li>Cuentas de inversi\u00f3n a corto y largo plazo<\/li>\n\n\n\n<li>Estrategia de retirada fiscalmente eficiente<\/li>\n<\/ul>\n\n\n\n<p><\/p>\n\n\n\n<p><strong>\u00bfLe duele la indecisi\u00f3n financiera? <\/strong><\/p>\n\n\n\n<figure class=\"wp-block-image size-large is-resized\"><img decoding=\"async\" width=\"512\" height=\"288\" src=\"https:\/\/adamfayed.com\/wp-content\/uploads\/2025\/03\/Adam-Fayed-Contact_CTA3-512x288.jpg\" alt=\"\" class=\"wp-image-117505\" style=\"width:683px;height:auto\" srcset=\"https:\/\/adamfayed.com\/wp-content\/uploads\/2025\/03\/Adam-Fayed-Contact_CTA3-512x288.jpg 512w, https:\/\/adamfayed.com\/wp-content\/uploads\/2025\/03\/Adam-Fayed-Contact_CTA3-300x169.jpg 300w, https:\/\/adamfayed.com\/wp-content\/uploads\/2025\/03\/Adam-Fayed-Contact_CTA3-768x432.jpg 768w, https:\/\/adamfayed.com\/wp-content\/uploads\/2025\/03\/Adam-Fayed-Contact_CTA3-scaled.jpg 825w\" sizes=\"(max-width: 512px) 100vw, 512px\" \/><\/figure>\n\n\n\n<div style=\"height:10px\" aria-hidden=\"true\" class=\"wp-block-spacer\"><\/div>\n\n\n\n<div class=\"wp-block-buttons is-layout-flex wp-block-buttons-is-layout-flex\">\n<div class=\"wp-block-button\"><a class=\"wp-block-button__link wp-element-button\" href=\"https:\/\/adamfayed.com\/es\/become-adams-client\/\">Convi\u00e9rtase en mi cliente<\/a><\/div>\n\n\n\n<div class=\"wp-block-button\"><a class=\"wp-block-button__link wp-element-button\" href=\"https:\/\/adamfayed.com\/es\/good-match-quiz\/\" target=\"_blank\" rel=\"noreferrer noopener\">Realice el cuestionario de elegibilidad de clientes<\/a><\/div>\n\n\n\n<div class=\"wp-block-button\"><a class=\"wp-block-button__link wp-element-button\" href=\"https:\/\/adamfayed.com\/es\/contact\/\" target=\"_blank\" rel=\"noreferrer noopener\">P\u00f3ngase en contacto con<\/a><\/div>\n<\/div>\n\n\n\n<p><strong>Adam es un autor reconocido internacionalmente en temas financieros, con m\u00e1s de 830 millones de respuestas en Quora, un libro muy vendido en Amazon y colaborador de Forbes.<\/strong><\/p>","protected":false},"excerpt":{"rendered":"<p>Annuities for US expats offers the assurance of a consistent income stream, alleviating concerns about running out of funds especially while living abroad. While US residents often consider annuities as a means to secure retirement income, it&#8217;s noteworthy that annuities remain a viable option for those living beyond the country. If you are looking to [&hellip;]<\/p>","protected":false},"author":14,"featured_media":87808,"parent":80038,"menu_order":0,"comment_status":"open","ping_status":"closed","template":"","meta":{"rop_custom_images_group":[],"rop_custom_messages_group":[],"rop_publish_now":"initial","rop_publish_now_accounts":{"facebook_10166176115445471_100883565069113":""},"rop_publish_now_history":[],"rop_publish_now_status":"pending","footnotes":""},"class_list":["post-87775","page","type-page","status-publish","has-post-thumbnail","hentry"],"_links":{"self":[{"href":"https:\/\/adamfayed.com\/es\/wp-json\/wp\/v2\/pages\/87775","targetHints":{"allow":["GET"]}}],"collection":[{"href":"https:\/\/adamfayed.com\/es\/wp-json\/wp\/v2\/pages"}],"about":[{"href":"https:\/\/adamfayed.com\/es\/wp-json\/wp\/v2\/types\/page"}],"author":[{"embeddable":true,"href":"https:\/\/adamfayed.com\/es\/wp-json\/wp\/v2\/users\/14"}],"replies":[{"embeddable":true,"href":"https:\/\/adamfayed.com\/es\/wp-json\/wp\/v2\/comments?post=87775"}],"version-history":[{"count":3,"href":"https:\/\/adamfayed.com\/es\/wp-json\/wp\/v2\/pages\/87775\/revisions"}],"predecessor-version":[{"id":127308,"href":"https:\/\/adamfayed.com\/es\/wp-json\/wp\/v2\/pages\/87775\/revisions\/127308"}],"up":[{"embeddable":true,"href":"https:\/\/adamfayed.com\/es\/wp-json\/wp\/v2\/pages\/80038"}],"wp:featuredmedia":[{"embeddable":true,"href":"https:\/\/adamfayed.com\/es\/wp-json\/wp\/v2\/media\/87808"}],"wp:attachment":[{"href":"https:\/\/adamfayed.com\/es\/wp-json\/wp\/v2\/media?parent=87775"}],"curies":[{"name":"wp","href":"https:\/\/api.w.org\/{rel}","templated":true}]}}