{"id":87830,"date":"2024-05-30T22:31:09","date_gmt":"2024-05-30T22:31:09","guid":{"rendered":"https:\/\/adamfayed.com\/?page_id=87830"},"modified":"2025-12-08T06:35:44","modified_gmt":"2025-12-08T06:35:44","slug":"offshore-trusts","status":"publish","type":"page","link":"https:\/\/adamfayed.com\/es\/offshore-investment\/offshore-trusts\/","title":{"rendered":"Fideicomisos offshore: Definici\u00f3n, Tipos, Pros y Contras"},"content":{"rendered":"<p>Esta p\u00e1gina para fideicomisos offshore hablar\u00e1 sobre:<\/p>\n\n\n\n<ul class=\"wp-block-list\">\n<li>\u00bfQu\u00e9 es un fideicomiso offshore?<\/li>\n\n\n\n<li>Estructura fiduciaria offshore<\/li>\n\n\n\n<li>Coste del fideicomiso offshore<\/li>\n\n\n\n<li>Tipos de fideicomisos offshore<\/li>\n\n\n\n<li>\u00bfC\u00f3mo funcionan los fideicomisos offshore?<\/li>\n\n\n\n<li>Fideicomisos offshore e impuesto de sucesiones<\/li>\n\n\n\n<li>Pros y contras de los fideicomisos offshore<\/li>\n<\/ul>\n\n\n\n<div style=\"height:21px\" aria-hidden=\"true\" class=\"wp-block-spacer\"><\/div>\n\n\n\n<p>Un fideicomiso offshore se desarrolla seg\u00fan las leyes de un territorio offshore; utiliz\u00e1ndolos para <a href=\"https:\/\/adamfayed.com\/es\/financial-planning\/offshore-investment\/\">inversiones extraterritoriales<\/a> puede ofrecer una serie de ventajas.<\/p>\n\n\n\n<p>Si desea invertir como expatriado o particular con un elevado patrimonio neto, que es en lo que estoy especializado, puede enviarme un correo electr\u00f3nico (advice@adamfayed.com) o WhatsApp (+44-7393-450-837).<\/p>\n\n\n\n<p>Requieren una planificaci\u00f3n minuciosa y asesoramiento profesional, ya que el aprovechamiento de los fideicomisos puede resultar bastante complicado normalmente.<\/p>\n\n\n\n<div style=\"height:23px\" aria-hidden=\"true\" class=\"wp-block-spacer\"><\/div>\n\n\n\n<h2 class=\"wp-block-heading\"><strong>\u00bfQu\u00e9 es un fideicomiso offshore?<\/strong><\/h2>\n\n\n\n<p>Los fideicomisos offshore son entidades jur\u00eddicas que suelen crearse en para\u00edsos fiscales para proteger los activos de futuros acreedores y otros problemas legales.<\/p>\n\n\n\n<div style=\"height:14px\" aria-hidden=\"true\" class=\"wp-block-spacer\"><\/div>\n\n\n\n<div class=\"wp-block-group is-layout-constrained wp-block-group-is-layout-constrained\">\n<figure class=\"wp-block-image alignright size-medium is-resized\"><img fetchpriority=\"high\" decoding=\"async\" width=\"300\" height=\"300\" src=\"https:\/\/adamfayed.com\/wp-content\/uploads\/2024\/05\/What-is-an-offshore-trust-300x300.webp\" alt=\"offshore trust define\" class=\"wp-image-87840\" style=\"width:238px;height:auto\" srcset=\"https:\/\/adamfayed.com\/wp-content\/uploads\/2024\/05\/What-is-an-offshore-trust-300x300.webp 300w, https:\/\/adamfayed.com\/wp-content\/uploads\/2024\/05\/What-is-an-offshore-trust-512x512.webp 512w, https:\/\/adamfayed.com\/wp-content\/uploads\/2024\/05\/What-is-an-offshore-trust-150x150.webp 150w, https:\/\/adamfayed.com\/wp-content\/uploads\/2024\/05\/What-is-an-offshore-trust-768x768.webp 768w, https:\/\/adamfayed.com\/wp-content\/uploads\/2024\/05\/What-is-an-offshore-trust-scaled.webp 825w\" sizes=\"(max-width: 300px) 100vw, 300px\" \/><\/figure>\n<\/div>\n\n\n\n<h3 class=\"wp-block-heading\">Fideicomiso onshore vs offshore<\/h3>\n\n\n\n<p>Un fideicomiso offshore funciona de forma similar a un fideicomiso nacional aunque se haya constituido en el extranjero. Para beneficiar a los beneficiarios o alcanzar un determinado objetivo, un fideicomitente transfiere activos a un fideicomisario. <\/p>\n\n\n\n<p>La principal diferencia entre los fideicomisos offshore y onshore es que los primeros est\u00e1n sujetos a la legislaci\u00f3n extranjera y ofrecen mayor privacidad y protecci\u00f3n que los segundos.<\/p>\n\n\n\n<div style=\"height:13px\" aria-hidden=\"true\" class=\"wp-block-spacer\"><\/div>\n\n\n\n<h2 class=\"wp-block-heading\"><strong>Estructura fiduciaria offshore<\/strong><\/h2>\n\n\n\n<p>Como la persona que transfiere activos al fideicomiso, el fideicomitente es un componente com\u00fan de un acuerdo de fideicomiso offshore. Normalmente, expertos regulados o empresas fiduciarias ubicadas en el extranjero supervisan y salvaguardan estos activos como fideicomisario.<\/p>\n\n\n\n<p>Los beneficiarios son las personas o cosas que el fideicomitente designa para beneficiarse del fideicomiso; pueden ser instituciones ben\u00e9ficas, familiares u otros particulares. Adem\u00e1s de tener la facultad de cambiar al fideicomisario cuando sea necesario, se puede elegir a un protector que supervise al fideicomisario y garantice el cumplimiento de las disposiciones del fideicomiso.<\/p>\n\n\n\n<p>Dos aspectos importantes de una estructura fiduciaria extraterritorial son las ventajas fiscales, que pueden incluir la reducci\u00f3n o el retraso de los impuestos en funci\u00f3n del pa\u00eds, y la protecci\u00f3n de activos, que protege los activos de acreedores y reclamaciones legales.<\/p>\n\n\n\n<p>Dado que su informaci\u00f3n no suele hacerse p\u00fablica, estos fideicomisos ofrecen una privacidad considerable junto con la flexibilidad de poder configurarse para satisfacer necesidades y objetivos \u00fanicos.<\/p>\n\n\n\n<div style=\"height:23px\" aria-hidden=\"true\" class=\"wp-block-spacer\"><\/div>\n\n\n\n<h2 class=\"wp-block-heading\"><strong>Coste del fideicomiso offshore<\/strong><\/h2>\n\n\n\n<p>Un fideicomiso offshore puede establecerse por $100 o $1.000, dependiendo del pa\u00eds y de los servicios ofrecidos. Este coste tambi\u00e9n cubre cualquier restricci\u00f3n de dep\u00f3sito m\u00ednimo que el <a href=\"https:\/\/adamfayed.com\/es\/financial-planning\/offshore-investment\/offshore-banking\/\">banco extraterritorial<\/a> o negocio fiduciario pueda tener, adem\u00e1s de los gastos legales y administrativos.<\/p>\n\n\n\n<div style=\"height:23px\" aria-hidden=\"true\" class=\"wp-block-spacer\"><\/div>\n\n\n\n<h2 class=\"wp-block-heading\"><strong>Tipos de fideicomisos offshore<\/strong><\/h2>\n\n\n\n<p>Hay varios tipos de fideicomisos offshore, tales como:<\/p>\n\n\n\n<figure class=\"wp-block-image alignright size-medium\"><img decoding=\"async\" width=\"300\" height=\"300\" src=\"https:\/\/adamfayed.com\/wp-content\/uploads\/2024\/05\/Offshore-trust-types-300x300.webp\" alt=\"types of offshore trusts\" class=\"wp-image-87841\" srcset=\"https:\/\/adamfayed.com\/wp-content\/uploads\/2024\/05\/Offshore-trust-types-300x300.webp 300w, https:\/\/adamfayed.com\/wp-content\/uploads\/2024\/05\/Offshore-trust-types-512x512.webp 512w, https:\/\/adamfayed.com\/wp-content\/uploads\/2024\/05\/Offshore-trust-types-150x150.webp 150w, https:\/\/adamfayed.com\/wp-content\/uploads\/2024\/05\/Offshore-trust-types-768x768.webp 768w, https:\/\/adamfayed.com\/wp-content\/uploads\/2024\/05\/Offshore-trust-types-scaled.webp 825w\" sizes=\"(max-width: 300px) 100vw, 300px\" \/><\/figure>\n\n\n\n<ol class=\"wp-block-list\">\n<li>Un fideicomiso offshore revocable da libertad al fideicomitente, pero proporciona menos protecci\u00f3n de activos, ya que permite cambios o terminaciones en cualquier momento de conformidad con el acuerdo de fideicomiso.<\/li>\n\n\n\n<li>Un fideicomiso offshore irrevocable proporciona una mayor protecci\u00f3n de activos y ventajas fiscales, aunque es menos flexible, ya que no puede ser modificado o cancelado por el fideicomitente una vez creado.<\/li>\n\n\n\n<li>Los fideicomisarios de un fideicomiso offshore discrecional toman decisiones sobre c\u00f3mo asignar los activos e ingresos del fideicomiso a los beneficiarios. Este tipo de fideicomiso se utiliza con frecuencia para recortar impuestos y salvaguardar el patrimonio.<\/li>\n\n\n\n<li>Los fideicomisos offshore fijos pueden establecerse de forma similar a un <a href=\"https:\/\/adamfayed.com\/es\/investment-options\/mutual-funds\/\">fondo de inversi\u00f3n<\/a>, con la distribuci\u00f3n de ingresos de los beneficiarios fijada e inmutable por el fideicomisario.<\/li>\n\n\n\n<li>Un fideicomiso offshore h\u00edbrido combina caracter\u00edsticas de fideicomiso fijo y discrecional para ofrecer flexibilidad y las ventajas de la planificaci\u00f3n fiscal.<\/li>\n\n\n\n<li>Los fideicomisos corporativos offshore administran activos en nombre de corporaciones o entidades comerciales.<\/li>\n\n\n\n<li>Un fideicomiso ben\u00e9fico offshore gestiona activos y dona ingresos o fondos a los beneficiarios designados.<\/li>\n\n\n\n<li>Los activos destinados a un fin particular se mantienen en el Fideicomiso Offshore de Prop\u00f3sito sin ning\u00fan beneficiario asignado a ellos.<\/li>\n<\/ol>\n\n\n\n<div style=\"height:14px\" aria-hidden=\"true\" class=\"wp-block-spacer\"><\/div>\n\n\n\n<h3 class=\"wp-block-heading\"><a href=\"https:\/\/adamfayed.com\/es\/financial-planning\/offshore-investment\/offshore-trusts\/offshore-asset-protection-trust\/\">Fideicomiso offshore de protecci\u00f3n de activos<\/a><\/h3>\n\n\n\n<p>Este subconjunto de fideicomisos extraterritoriales hace hincapi\u00e9 en la preservaci\u00f3n del patrimonio, respaldado por normas ventajosas en jurisdicciones como las Islas Caim\u00e1n, Belice y las Bahamas. <\/p>\n\n\n\n<div style=\"height:23px\" aria-hidden=\"true\" class=\"wp-block-spacer\"><\/div>\n\n\n\n<h2 class=\"wp-block-heading\"><strong>\u00bfC\u00f3mo funcionan los fideicomisos offshore?<\/strong><\/h2>\n\n\n\n<p>Una de las tareas m\u00e1s importantes es elegir una jurisdicci\u00f3n offshore, como las Islas Cook o Belice, que tenga normas fiduciarias, tratamiento fiscal y restricciones de privacidad ventajosos. A continuaci\u00f3n, designar un fideicomisario que supervise la administraci\u00f3n de los activos.<\/p>\n\n\n\n<p>Constituya el fideicomiso creando un documento que especifique sus disposiciones, beneficiarios y asignaci\u00f3n de activos. Despu\u00e9s, el fideicomitente cede al fideicomisario la propiedad de los activos para que los gestione en inter\u00e9s de los beneficiarios.<\/p>\n\n\n\n<p>Hay que tener en cuenta las transferencias irreversibles, la vulnerabilidad ante los acreedores estadounidenses, los costosos honorarios legales y la necesidad de elegir cuidadosamente una jurisdicci\u00f3n estable y un fideicomisario.<\/p>\n\n\n\n<div style=\"height:23px\" aria-hidden=\"true\" class=\"wp-block-spacer\"><\/div>\n\n\n\n<h2 class=\"wp-block-heading\"><a href=\"https:\/\/adamfayed.com\/es\/financial-planning\/offshore-investment\/offshore-trusts\/offshore-trusts-and-inheritance-tax\/\"><strong>Fideicomisos offshore e impuesto de sucesiones<\/strong><\/a><\/h2>\n\n\n\n<p>Aunque los fideicomisos extraterritoriales pueden tener ventajas fiscales, las normas que los regulan son complicadas.<\/p>\n\n\n\n<p>Para garantizar el cumplimiento de la normativa antielusi\u00f3n, es imprescindible una preparaci\u00f3n minuciosa bajo la direcci\u00f3n de profesionales. HM Revenue &amp; Customs puede oponerse a los montajes fiscales que pretendan aprovecharse de las lagunas del c\u00f3digo tributario a trav\u00e9s de este tipo de legislaciones.<\/p>\n\n\n\n<div style=\"height:23px\" aria-hidden=\"true\" class=\"wp-block-spacer\"><\/div>\n\n\n\n<h2 class=\"wp-block-heading\"><strong>Pros y contras de los fideicomisos offshore<\/strong><\/h2>\n\n\n\n<div style=\"height:14px\" aria-hidden=\"true\" class=\"wp-block-spacer\"><\/div>\n\n\n\n<h3 class=\"wp-block-heading\">Ventajas del fideicomiso offshore<\/h3>\n\n\n\n<ul class=\"wp-block-list\">\n<li><a href=\"https:\/\/www.heritagelawwi.com\/the-advantages-and-disadvantages-of-offshore-trusts-what-you-need-to-know\" target=\"_blank\" rel=\"noopener\">Protecci\u00f3n de activos<\/a><\/li>\n\n\n\n<li>Ventajas fiscales<\/li>\n\n\n\n<li>Privacidad<\/li>\n\n\n\n<li>Seguridad<\/li>\n\n\n\n<li>Flexibilidad<\/li>\n<\/ul>\n\n\n\n<div style=\"height:14px\" aria-hidden=\"true\" class=\"wp-block-spacer\"><\/div>\n\n\n\n<h3 class=\"wp-block-heading\">Riesgos del fideicomiso offshore<\/h3>\n\n\n\n<ul class=\"wp-block-list\">\n<li>Aspectos jur\u00eddicos<\/li>\n\n\n\n<li>Factores de coste<\/li>\n\n\n\n<li>Consideraciones \u00e9ticas y de reputaci\u00f3n<\/li>\n<\/ul>\n\n\n\n<p><\/p>\n\n\n\n<p><strong>\u00bfLe duele la indecisi\u00f3n financiera? <\/strong><\/p>\n\n\n\n<figure class=\"wp-block-image size-large is-resized\"><img decoding=\"async\" width=\"512\" height=\"288\" src=\"https:\/\/adamfayed.com\/wp-content\/uploads\/2025\/03\/Adam-Fayed-Contact_CTA3-512x288.jpg\" alt=\"\" class=\"wp-image-117505\" style=\"width:683px;height:auto\" srcset=\"https:\/\/adamfayed.com\/wp-content\/uploads\/2025\/03\/Adam-Fayed-Contact_CTA3-512x288.jpg 512w, https:\/\/adamfayed.com\/wp-content\/uploads\/2025\/03\/Adam-Fayed-Contact_CTA3-300x169.jpg 300w, https:\/\/adamfayed.com\/wp-content\/uploads\/2025\/03\/Adam-Fayed-Contact_CTA3-768x432.jpg 768w, https:\/\/adamfayed.com\/wp-content\/uploads\/2025\/03\/Adam-Fayed-Contact_CTA3-scaled.jpg 825w\" sizes=\"(max-width: 512px) 100vw, 512px\" \/><\/figure>\n\n\n\n<div style=\"height:10px\" aria-hidden=\"true\" class=\"wp-block-spacer\"><\/div>\n\n\n\n<div class=\"wp-block-buttons is-layout-flex wp-block-buttons-is-layout-flex\">\n<div class=\"wp-block-button\"><a class=\"wp-block-button__link wp-element-button\" href=\"https:\/\/adamfayed.com\/es\/become-adams-client\/\">Convi\u00e9rtase en mi cliente<\/a><\/div>\n\n\n\n<div class=\"wp-block-button\"><a class=\"wp-block-button__link wp-element-button\" href=\"https:\/\/adamfayed.com\/es\/good-match-quiz\/\" target=\"_blank\" rel=\"noreferrer noopener\">Realice el cuestionario de elegibilidad de clientes<\/a><\/div>\n\n\n\n<div class=\"wp-block-button\"><a class=\"wp-block-button__link wp-element-button\" href=\"https:\/\/adamfayed.com\/es\/contact\/\" target=\"_blank\" rel=\"noreferrer noopener\">P\u00f3ngase en contacto con<\/a><\/div>\n<\/div>\n\n\n\n<p><strong>Adam es un autor reconocido internacionalmente en temas financieros, con m\u00e1s de 830 millones de respuestas en Quora, un libro muy vendido en Amazon y colaborador de Forbes.<\/strong><\/p>","protected":false},"excerpt":{"rendered":"<p>Fideicomisos offshore: Definici\u00f3n, Tipos, Pros y Contras<\/p>","protected":false},"author":14,"featured_media":87839,"parent":72718,"menu_order":0,"comment_status":"open","ping_status":"closed","template":"","meta":{"rop_custom_images_group":[],"rop_custom_messages_group":[],"rop_publish_now":"initial","rop_publish_now_accounts":{"facebook_10166176115445471_100883565069113":""},"rop_publish_now_history":[],"rop_publish_now_status":"pending","footnotes":""},"class_list":["post-87830","page","type-page","status-publish","has-post-thumbnail","hentry"],"_links":{"self":[{"href":"https:\/\/adamfayed.com\/es\/wp-json\/wp\/v2\/pages\/87830","targetHints":{"allow":["GET"]}}],"collection":[{"href":"https:\/\/adamfayed.com\/es\/wp-json\/wp\/v2\/pages"}],"about":[{"href":"https:\/\/adamfayed.com\/es\/wp-json\/wp\/v2\/types\/page"}],"author":[{"embeddable":true,"href":"https:\/\/adamfayed.com\/es\/wp-json\/wp\/v2\/users\/14"}],"replies":[{"embeddable":true,"href":"https:\/\/adamfayed.com\/es\/wp-json\/wp\/v2\/comments?post=87830"}],"version-history":[{"count":3,"href":"https:\/\/adamfayed.com\/es\/wp-json\/wp\/v2\/pages\/87830\/revisions"}],"predecessor-version":[{"id":242293,"href":"https:\/\/adamfayed.com\/es\/wp-json\/wp\/v2\/pages\/87830\/revisions\/242293"}],"up":[{"embeddable":true,"href":"https:\/\/adamfayed.com\/es\/wp-json\/wp\/v2\/pages\/72718"}],"wp:featuredmedia":[{"embeddable":true,"href":"https:\/\/adamfayed.com\/es\/wp-json\/wp\/v2\/media\/87839"}],"wp:attachment":[{"href":"https:\/\/adamfayed.com\/es\/wp-json\/wp\/v2\/media?parent=87830"}],"curies":[{"name":"wp","href":"https:\/\/api.w.org\/{rel}","templated":true}]}}