{"id":87848,"date":"2024-05-30T23:33:10","date_gmt":"2024-05-30T23:33:10","guid":{"rendered":"https:\/\/adamfayed.com\/?page_id=87848"},"modified":"2025-12-08T06:34:29","modified_gmt":"2025-12-08T06:34:29","slug":"offshore-trusts-and-inheritance-tax","status":"publish","type":"page","link":"https:\/\/adamfayed.com\/es\/offshore-investment\/offshore-trusts\/offshore-trusts-and-inheritance-tax\/","title":{"rendered":"Fideicomisos offshore e impuesto de sucesiones"},"content":{"rendered":"<p>En esta p\u00e1gina se hablar\u00e1 de los fideicomisos offshore y el impuesto de sucesiones, as\u00ed como de algunos de los cambios introducidos en las protecciones de los fideicomisos offshore en el Reino Unido, en particular para las personas no domiciliadas.<\/p>\n\n\n\n<p>Incluso con un mayor escrutinio normativo, <a href=\"https:\/\/adamfayed.com\/es\/financial-planning\/offshore-investment\/offshore-trusts\/\">fideicomisos extraterritoriales<\/a> siguen siendo \u00fatiles por motivos legales, como la protecci\u00f3n de activos y la planificaci\u00f3n de sucesiones.<\/p>\n\n\n\n<p>Dado que los fideicomisos extraterritoriales se rigen por la legislaci\u00f3n fiscal del Reino Unido, que restringe las ventajas de emplear estructuras extraterritoriales, no suelen ofrecer ventajas sustanciales a las personas f\u00edsicas residentes y domiciliadas en el Reino Unido. No obstante, en la actualidad los fideicomisos offshore pueden seguir ofreciendo ventajas fiscales a las personas f\u00edsicas no domiciliadas en el Reino Unido.<\/p>\n\n\n\n<p>Si desea invertir como expatriado o particular con un elevado patrimonio neto, que es en lo que estoy especializado, puede enviarme un correo electr\u00f3nico (advice@adamfayed.com) o WhatsApp (+44-7393-450-837).<\/p>\n\n\n\n<p>Tenga en cuenta que lo aqu\u00ed expuesto no debe interpretarse como asesoramiento formal, ya que los hechos pueden cambiar en cualquier momento. Las cuestiones fiscales son complicadas, por lo que es importante contar con el asesoramiento adecuado.<\/p>\n\n\n\n<div style=\"height:30px\" aria-hidden=\"true\" class=\"wp-block-spacer\"><\/div>\n\n\n\n<h2 class=\"wp-block-heading\"><strong>Significado de fideicomiso offshore<\/strong><\/h2>\n\n\n\n<p>Funciona de forma similar a un fideicomiso onshore en el sentido de que un fideicomitente transfiere activos a un fideicomisario para que los gestione en beneficio de los beneficiarios o de un fin arbitrario. Sin embargo, los fideicomisos offshore permiten una mayor confidencialidad y protecci\u00f3n de los activos.<\/p>\n\n\n\n<div style=\"height:30px\" aria-hidden=\"true\" class=\"wp-block-spacer\"><\/div>\n\n\n\n<h2 class=\"wp-block-heading\"><strong>Significado del impuesto de sucesiones<\/strong><\/h2>\n\n\n\n<p>El impuesto que grava a quienes heredan bienes de un patrimonio se conoce como impuesto de sucesiones. El beneficiario de la herencia suele pagar el impuesto, que se determina en funci\u00f3n del valor de los bienes heredados.<\/p>\n\n\n\n<div style=\"height:30px\" aria-hidden=\"true\" class=\"wp-block-spacer\"><\/div>\n\n\n\n<h2 class=\"wp-block-heading\"><strong>Fideicomiso offshore no dom<\/strong><\/h2>\n\n\n\n<div class=\"wp-block-group is-layout-constrained wp-block-group-is-layout-constrained\">\n<figure class=\"wp-block-image alignright size-medium is-resized\"><img fetchpriority=\"high\" decoding=\"async\" width=\"300\" height=\"300\" src=\"https:\/\/adamfayed.com\/wp-content\/uploads\/2024\/05\/Non-dom-offshore-trust-300x300.webp\" alt=\"Offshore Trusts and Inheritance Tax\" class=\"wp-image-87854\" style=\"width:254px;height:auto\" srcset=\"https:\/\/adamfayed.com\/wp-content\/uploads\/2024\/05\/Non-dom-offshore-trust-300x300.webp 300w, https:\/\/adamfayed.com\/wp-content\/uploads\/2024\/05\/Non-dom-offshore-trust-512x512.webp 512w, https:\/\/adamfayed.com\/wp-content\/uploads\/2024\/05\/Non-dom-offshore-trust-150x150.webp 150w, https:\/\/adamfayed.com\/wp-content\/uploads\/2024\/05\/Non-dom-offshore-trust-768x768.webp 768w, https:\/\/adamfayed.com\/wp-content\/uploads\/2024\/05\/Non-dom-offshore-trust-scaled.webp 825w\" sizes=\"(max-width: 300px) 100vw, 300px\" \/><\/figure>\n<\/div>\n\n\n\n<p>Una vez que se crea un fideicomiso mientras la persona que lo cre\u00f3, el fideicomitente, no tiene residencia en el Reino Unido, cualquier activo extranjero mantenido dentro del fideicomiso se considera \u201c<a rel=\"\u201dnofollow\u201d noopener\" href=\"https:\/\/etctax.co.uk\/individuals\/offshore-trusts\/\" target=\"_blank\">bienes excluidos<\/a>.\u201d Esto significa que aunque el fideicomitente se traslade posteriormente al Reino Unido, el impuesto de sucesiones brit\u00e1nico no se aplicar\u00e1 a estos activos.<\/p>\n\n\n\n<p>A todos los efectos, los activos siguen siendo bienes excluidos, exentos de las obligaciones de IHT del Reino Unido, siempre y cuando se mantengan dentro del fideicomiso.<\/p>\n\n\n\n<p>Incluso con muchas leyes contra la evasi\u00f3n fiscal, un residente del Reino Unido que no est\u00e9 domiciliado en el Reino Unido puede beneficiarse fiscalmente de la posesi\u00f3n de activos en un fideicomiso offshore, aunque las ramificaciones fiscales exactas variar\u00edan dependiendo de varias circunstancias.<\/p>\n\n\n\n<p>Los activos extranjeros colocados en fideicomiso mientras el fideicomitente no estaba domiciliado permanecer\u00e1n fuera de la red de IHT del Reino Unido, y las ganancias de capital y los ingresos de fuentes extranjeras ocasionalmente pueden ser reinvertidos libres de impuestos.<\/p>\n\n\n\n<p>Surgen m\u00e1s preocupaciones y puede que se deba tributar en el Reino Unido debido a la aplicaci\u00f3n de las leyes antielusi\u00f3n si el fideicomitente (o miembros de su familia cercana) pueden beneficiarse del trust o si se pagan distribuciones a un beneficiario residente en el Reino Unido.<\/p>\n\n\n\n<p>No obstante, la normativa del impuesto de sucesiones que regula los fideicomisos offshore constituidos por personas f\u00edsicas con domicilio en el Reino Unido es la misma que la que regula los fideicomisos discrecionales del Reino Unido. Esto significa que las tasas de salida y las cargas fiscales durante una d\u00e9cada se aplican a las distribuciones fiduciarias.<\/p>\n\n\n\n<div style=\"height:30px\" aria-hidden=\"true\" class=\"wp-block-spacer\"><\/div>\n\n\n\n<h2 class=\"wp-block-heading\"><strong>Fideicomiso offshore Protecci\u00f3n IHT<\/strong><\/h2>\n\n\n\n<div class=\"wp-block-group is-layout-constrained wp-block-group-is-layout-constrained\">\n<figure class=\"wp-block-image alignleft size-medium is-resized\"><img decoding=\"async\" width=\"300\" height=\"300\" src=\"https:\/\/adamfayed.com\/wp-content\/uploads\/2024\/05\/Offshore-trust-IHT-protection-1-300x300.webp\" alt=\"Offshore trust IHT protection\" class=\"wp-image-87855\" style=\"width:252px;height:auto\" srcset=\"https:\/\/adamfayed.com\/wp-content\/uploads\/2024\/05\/Offshore-trust-IHT-protection-1-300x300.webp 300w, https:\/\/adamfayed.com\/wp-content\/uploads\/2024\/05\/Offshore-trust-IHT-protection-1-512x512.webp 512w, https:\/\/adamfayed.com\/wp-content\/uploads\/2024\/05\/Offshore-trust-IHT-protection-1-150x150.webp 150w, https:\/\/adamfayed.com\/wp-content\/uploads\/2024\/05\/Offshore-trust-IHT-protection-1-768x768.webp 768w, https:\/\/adamfayed.com\/wp-content\/uploads\/2024\/05\/Offshore-trust-IHT-protection-1-scaled.webp 825w\" sizes=\"(max-width: 300px) 100vw, 300px\" \/><\/figure>\n<\/div>\n\n\n\n<p>El impuesto de sucesiones no suele <a rel=\"\u201dnofollow\u201d noopener\" href=\"https:\/\/www.michelmores.com\/trusts-succession-insight\/is-now-a-good-time-for-a-non-dom-to-establish-an-offshore-trust\/\" target=\"_blank\">aplicado<\/a> a los activos financiados por una persona f\u00edsica no residente y procedentes de fuera del Reino Unido que se depositan en un fideicomiso discrecional. <\/p>\n\n\n\n<p>A efectos fiscales, estos activos se consideran independientes del patrimonio personal del creador en el momento de su fallecimiento, con lo que se evita un impuesto sobre la renta de las personas f\u00edsicas. <a href=\"https:\/\/www.gov.uk\/inheritance-tax\" target=\"_blank\" rel=\"noopener\">40% IHT<\/a> gravamen, aunque el creador del fideicomiso pueda seguir benefici\u00e1ndose de ellos.<\/p>\n\n\n\n<p>Para los fideicomisos constituidos por personas f\u00edsicas no domiciliadas en el Reino Unido antes del 6 de abril de 2025, esta protecci\u00f3n sigue vigente.<\/p>\n\n\n\n<p>Es fundamental recordar que los intereses inmobiliarios residenciales en el Reino Unido mantenidos a trav\u00e9s de sociedades offshore o dentro de un fideicomiso offshore est\u00e1n sujetos al impuesto de sucesiones. Esto tambi\u00e9n se aplica a las garant\u00edas y pr\u00e9stamos utilizados para comprar bienes inmuebles residenciales en el Reino Unido.<\/p>\n\n\n\n<div style=\"height:15px\" aria-hidden=\"true\" class=\"wp-block-spacer\"><\/div>\n\n\n\n<h3 class=\"wp-block-heading\">Fideicomisos offshore y cambios en el impuesto de sucesiones<\/h3>\n\n\n\n<p>En el presupuesto de primavera de 2024 se dieron a conocer medidas para contrarrestar los supuestos abusos de los fideicomisos extraterritoriales. <\/p>\n\n\n\n<p>Estos cambios en los fideicomisos extraterritoriales inclu\u00edan normas m\u00e1s estrictas en materia de residencia fiscal y requisitos de informaci\u00f3n m\u00e1s rigurosos. El presupuesto tambi\u00e9n sugiere someter a una serie de residentes brit\u00e1nicos no domiciliados a largo plazo al marco fiscal del pa\u00eds.<\/p>\n\n\n\n<p>Las protecciones para las rentas y ganancias extranjeras recientemente adquiridas en fideicomisos extraterritoriales finalizar\u00e1n el 6 de abril de 2025. Esto implica que, a menos que se encuentren en sus primeros cuatro a\u00f1os de residencia en el Reino Unido, los fideicomitentes no domiciliados residentes en el Reino Unido estar\u00e1n sujetos al impuesto sobre la renta y al impuesto sobre las plusval\u00edas por las rentas y ganancias extranjeras percibidas por el fideicomiso.<\/p>\n\n\n\n<p>A finales de 2024 se publicar\u00e1 un proyecto de ley y una consulta pol\u00edtica como parte del anuncio del gobierno del Reino Unido de cambiar a un sistema de impuesto de sucesiones basado en la residencia. Si el fideicomitente reside en el Reino Unido durante m\u00e1s de una d\u00e9cada, es probable que los activos fideicomitidos fuera del Reino Unido est\u00e9n sujetos al impuesto de sucesiones.<\/p>\n\n\n\n<p>Los intentos del Gobierno de mejorar la apertura y desalentar la evasi\u00f3n fiscal mediante estructuras extraterritoriales se reflejan en estos fideicomisos extraterritoriales y en las modificaciones del impuesto de sucesiones.<\/p>\n\n\n\n<p><strong>\u00bfLe duele la indecisi\u00f3n financiera? <\/strong><\/p>\n\n\n\n<figure class=\"wp-block-image size-large is-resized\"><img decoding=\"async\" width=\"512\" height=\"288\" src=\"https:\/\/adamfayed.com\/wp-content\/uploads\/2025\/03\/Adam-Fayed-Contact_CTA3-512x288.jpg\" alt=\"\" class=\"wp-image-117505\" style=\"width:683px;height:auto\" srcset=\"https:\/\/adamfayed.com\/wp-content\/uploads\/2025\/03\/Adam-Fayed-Contact_CTA3-512x288.jpg 512w, https:\/\/adamfayed.com\/wp-content\/uploads\/2025\/03\/Adam-Fayed-Contact_CTA3-300x169.jpg 300w, https:\/\/adamfayed.com\/wp-content\/uploads\/2025\/03\/Adam-Fayed-Contact_CTA3-768x432.jpg 768w, https:\/\/adamfayed.com\/wp-content\/uploads\/2025\/03\/Adam-Fayed-Contact_CTA3-scaled.jpg 825w\" sizes=\"(max-width: 512px) 100vw, 512px\" \/><\/figure>\n\n\n\n<div style=\"height:10px\" aria-hidden=\"true\" class=\"wp-block-spacer\"><\/div>\n\n\n\n<div class=\"wp-block-buttons is-layout-flex wp-block-buttons-is-layout-flex\">\n<div class=\"wp-block-button\"><a class=\"wp-block-button__link wp-element-button\" href=\"https:\/\/adamfayed.com\/es\/become-adams-client\/\">Convi\u00e9rtase en mi cliente<\/a><\/div>\n\n\n\n<div class=\"wp-block-button\"><a class=\"wp-block-button__link wp-element-button\" href=\"https:\/\/adamfayed.com\/es\/good-match-quiz\/\" target=\"_blank\" rel=\"noreferrer noopener\">Realice el cuestionario de elegibilidad de clientes<\/a><\/div>\n\n\n\n<div class=\"wp-block-button\"><a class=\"wp-block-button__link wp-element-button\" href=\"https:\/\/adamfayed.com\/es\/contact\/\" target=\"_blank\" rel=\"noreferrer noopener\">P\u00f3ngase en contacto con<\/a><\/div>\n<\/div>\n\n\n\n<p><strong>Adam es un autor reconocido internacionalmente en temas financieros, con m\u00e1s de 830 millones de respuestas en Quora, un libro muy vendido en Amazon y colaborador de Forbes.<\/strong><\/p>\n\n\n\n\n\n<p><\/p>","protected":false},"excerpt":{"rendered":"<p>Fideicomisos offshore e impuesto de sucesiones<\/p>","protected":false},"author":14,"featured_media":87853,"parent":87830,"menu_order":0,"comment_status":"open","ping_status":"closed","template":"","meta":{"rop_custom_images_group":[],"rop_custom_messages_group":[],"rop_publish_now":"initial","rop_publish_now_accounts":{"facebook_10166176115445471_100883565069113":""},"rop_publish_now_history":[],"rop_publish_now_status":"pending","footnotes":""},"class_list":["post-87848","page","type-page","status-publish","has-post-thumbnail","hentry"],"_links":{"self":[{"href":"https:\/\/adamfayed.com\/es\/wp-json\/wp\/v2\/pages\/87848","targetHints":{"allow":["GET"]}}],"collection":[{"href":"https:\/\/adamfayed.com\/es\/wp-json\/wp\/v2\/pages"}],"about":[{"href":"https:\/\/adamfayed.com\/es\/wp-json\/wp\/v2\/types\/page"}],"author":[{"embeddable":true,"href":"https:\/\/adamfayed.com\/es\/wp-json\/wp\/v2\/users\/14"}],"replies":[{"embeddable":true,"href":"https:\/\/adamfayed.com\/es\/wp-json\/wp\/v2\/comments?post=87848"}],"version-history":[{"count":2,"href":"https:\/\/adamfayed.com\/es\/wp-json\/wp\/v2\/pages\/87848\/revisions"}],"predecessor-version":[{"id":242291,"href":"https:\/\/adamfayed.com\/es\/wp-json\/wp\/v2\/pages\/87848\/revisions\/242291"}],"up":[{"embeddable":true,"href":"https:\/\/adamfayed.com\/es\/wp-json\/wp\/v2\/pages\/87830"}],"wp:featuredmedia":[{"embeddable":true,"href":"https:\/\/adamfayed.com\/es\/wp-json\/wp\/v2\/media\/87853"}],"wp:attachment":[{"href":"https:\/\/adamfayed.com\/es\/wp-json\/wp\/v2\/media?parent=87848"}],"curies":[{"name":"wp","href":"https:\/\/api.w.org\/{rel}","templated":true}]}}