{"id":87860,"date":"2024-05-31T02:40:57","date_gmt":"2024-05-31T02:40:57","guid":{"rendered":"https:\/\/adamfayed.com\/?page_id=87860"},"modified":"2025-02-27T13:43:26","modified_gmt":"2025-02-27T13:43:26","slug":"offshore-asset-protection-trust","status":"publish","type":"page","link":"https:\/\/adamfayed.com\/es\/offshore-investment\/offshore-trusts\/offshore-asset-protection-trust\/","title":{"rendered":"Fideicomiso offshore de protecci\u00f3n de activos: c\u00f3mo funciona"},"content":{"rendered":"<p>Esta p\u00e1gina cubrir\u00e1 fideicomiso de protecci\u00f3n de activos offshore, incluyendo los mejores pa\u00edses de jurisdicci\u00f3n offshore:<\/p>\n\n\n\n<ul class=\"wp-block-list\">\n<li>\u00bfQu\u00e9 es un fideicomiso de protecci\u00f3n de activos offshore?<\/li>\n\n\n\n<li>\u00bfC\u00f3mo funciona un fideicomiso de protecci\u00f3n de activos?<\/li>\n\n\n\n<li>Fideicomiso nacional frente a fideicomiso extranjero<\/li>\n\n\n\n<li>Mejor jurisdicci\u00f3n fiduciaria offshore para la protecci\u00f3n de activos<\/li>\n\n\n\n<li>Pros y contras del fideicomiso offshore de protecci\u00f3n de activos<\/li>\n<\/ul>\n\n\n\n<div style=\"height:27px\" aria-hidden=\"true\" class=\"wp-block-spacer\"><\/div>\n\n\n\n<p>El prop\u00f3sito de un fideicomiso de protecci\u00f3n de activos offshore es asegurar los activos mediante su transferencia a una naci\u00f3n donde las normas pertinentes son m\u00e1s complacientes.<\/p>\n\n\n\n<p>Si desea invertir como expatriado o particular con un elevado patrimonio neto, que es en lo que estoy especializado, puede enviarme un correo electr\u00f3nico (advice@adamfayed.com) o WhatsApp (+44-7393-450-837).<\/p>\n\n\n\n<p>Estos fideicomisos pueden resultar muy \u00fatiles a quienes poseen un patrimonio importante o a quienes podr\u00edan enfrentarse a acciones legales.<\/p>\n\n\n\n<div style=\"height:27px\" aria-hidden=\"true\" class=\"wp-block-spacer\"><\/div>\n\n\n\n<h2 class=\"wp-block-heading\"><strong>\u00bfQu\u00e9 es un fideicomiso de protecci\u00f3n de activos offshore?<\/strong><\/h2>\n\n\n\n<p>Un fideicomiso offshore centrado en la protecci\u00f3n de activos es un subconjunto del fideicomiso m\u00e1s amplio <a href=\"https:\/\/adamfayed.com\/es\/financial-planning\/offshore-investment\/offshore-trusts\/\">fideicomisos extraterritoriales<\/a> concepto. Ambos se crean en jurisdicciones extranjeras, pero difieren principalmente en el \u00e1rea de concentraci\u00f3n. El primero, obviamente, se centra exclusivamente en la protecci\u00f3n de activos; el segundo es una estructura general que abarca distintos tipos de fideicomisos en el extranjero.<\/p>\n\n\n\n<div style=\"height:16px\" aria-hidden=\"true\" class=\"wp-block-spacer\"><\/div>\n\n\n\n<h3 class=\"wp-block-heading\">\u00bfC\u00f3mo funciona un fideicomiso de protecci\u00f3n de activos?<\/h3>\n\n\n\n<figure class=\"wp-block-image alignleft size-medium\"><img fetchpriority=\"high\" decoding=\"async\" width=\"300\" height=\"300\" src=\"https:\/\/adamfayed.com\/wp-content\/uploads\/2024\/05\/What-is-an-offshore-asset-protection-trust-300x300.webp\" alt=\"What is an offshore asset protection trust?\" class=\"wp-image-87861\" srcset=\"https:\/\/adamfayed.com\/wp-content\/uploads\/2024\/05\/What-is-an-offshore-asset-protection-trust-300x300.webp 300w, https:\/\/adamfayed.com\/wp-content\/uploads\/2024\/05\/What-is-an-offshore-asset-protection-trust-512x512.webp 512w, https:\/\/adamfayed.com\/wp-content\/uploads\/2024\/05\/What-is-an-offshore-asset-protection-trust-150x150.webp 150w, https:\/\/adamfayed.com\/wp-content\/uploads\/2024\/05\/What-is-an-offshore-asset-protection-trust-768x768.webp 768w, https:\/\/adamfayed.com\/wp-content\/uploads\/2024\/05\/What-is-an-offshore-asset-protection-trust-scaled.webp 825w\" sizes=\"(max-width: 300px) 100vw, 300px\" \/><\/figure>\n\n\n\n<p><a href=\"https:\/\/www.michelmores.com\/trusts-succession-insight\/is-now-a-good-time-for-a-non-dom-to-establish-an-offshore-trust\/\" data-type=\"link\" data-id=\"https:\/\/www.michelmores.com\/trusts-succession-insight\/is-now-a-good-time-for-a-non-dom-to-establish-an-offshore-trust\/\" target=\"_blank\" rel=\"noopener\">El mejor nivel de protecci\u00f3n de activos<\/a> es proporcionada por los fideicomisos extraterritoriales, que transfieren activos a naciones m\u00e1s complacientes con los acusados y fuera del alcance de los tribunales estadounidenses.<\/p>\n\n\n\n<p>Un fideicomiso offshore puede salvaguardar una variedad de activos, incluyendo criptomonedas populares y activos digitales, si se dise\u00f1a correctamente.<\/p>\n\n\n\n<p>Es esencial asegurarse de que la direcci\u00f3n del fideicomiso no tiene conexiones ni presencia comercial en EE.UU., lo que requiere la transferencia de los activos del fideicomiso a otras jurisdicciones extraterritoriales.<\/p>\n\n\n\n<p>La protecci\u00f3n de activos, adem\u00e1s de las ventajas fiscales, es una de las principales motivaciones para que muchas personas establezcan estructuras para s\u00ed mismas o para sus seres queridos. Una situaci\u00f3n t\u00edpica es la de unos padres que crean un fideicomiso para sus hijos adultos. Quieren dejar dinero a la siguiente generaci\u00f3n, pero tambi\u00e9n quieren mantener el acceso al mismo y protegerlo de posibles riesgos como la disipaci\u00f3n relacionada con el divorcio.<br><br>Para delimitar los activos, un fideicomiso offshore que mantenga fuera a los c\u00f3nyuges o parejas de hecho de los hijos es una opci\u00f3n deseable. Para mejorar a\u00fan m\u00e1s la protecci\u00f3n de los activos, las condiciones del fideicomiso pueden obligar a los beneficiarios a firmar acuerdos prematrimoniales o postmatrimoniales. Esta estrategia puede tener bastante \u00e9xito, pero requiere una planificaci\u00f3n y preparaci\u00f3n cuidadosas.<\/p>\n\n\n\n<p>Ninguna reclamaci\u00f3n est\u00e1 completamente protegida por los fideicomisos offshore de <a href=\"https:\/\/www.irs.gov\/\" target=\"_blank\" rel=\"noopener\">IRS<\/a> sanciones fiscales, acciones gubernamentales o requisitos para pagar la manutenci\u00f3n familiar. El coste inicial de constituci\u00f3n de un fideicomiso offshore es de al menos $10.000, y existen tasas anuales continuas asociadas a la creaci\u00f3n y mantenimiento de uno.<\/p>\n\n\n\n<p>Adem\u00e1s, para evitar sanciones, deben cumplirse algunos requisitos de informaci\u00f3n, como cumplimentar los formularios <a href=\"https:\/\/www.irs.gov\/forms-pubs\/about-form-3520\" target=\"_blank\" rel=\"noopener\">3520<\/a> y <a href=\"https:\/\/www.irs.gov\/forms-pubs\/about-form-3520-a\" target=\"_blank\" rel=\"noopener\">3520-A<\/a> correctamente.<\/p>\n\n\n\n<div style=\"height:16px\" aria-hidden=\"true\" class=\"wp-block-spacer\"><\/div>\n\n\n\n<h3 class=\"wp-block-heading\">Fideicomiso nacional frente a fideicomiso extranjero<\/h3>\n\n\n\n<p>Dado que los fideicomisos extraterritoriales disponen de mecanismos de protecci\u00f3n, a los acreedores les suele resultar m\u00e1s dif\u00edcil acceder a ellos que a los fideicomisos nacionales.<\/p>\n\n\n\n<p>En las jurisdicciones extraterritoriales, los acreedores pueden tener dificultades para oponerse a las transferencias al fideicomiso debido a los plazos de prescripci\u00f3n y otras barreras legales.<\/p>\n\n\n\n<p>Adem\u00e1s, los fideicomisos extraterritoriales proporcionan m\u00e1s secreto y confidencialidad en relaci\u00f3n con los beneficiarios y los activos del fideicomiso.<\/p>\n\n\n\n<div style=\"height:27px\" aria-hidden=\"true\" class=\"wp-block-spacer\"><\/div>\n\n\n\n<h2 class=\"wp-block-heading\"><strong>Mejor jurisdicci\u00f3n fiduciaria offshore para la protecci\u00f3n de activos<\/strong><\/h2>\n\n\n\n<figure class=\"wp-block-image alignright size-medium\"><img decoding=\"async\" width=\"300\" height=\"300\" src=\"https:\/\/adamfayed.com\/wp-content\/uploads\/2024\/05\/Best-offshore-trust-jurisdiction-for-asset-protection-300x300.webp\" alt=\"Best offshore trust jurisdiction for asset protection\" class=\"wp-image-87862\" srcset=\"https:\/\/adamfayed.com\/wp-content\/uploads\/2024\/05\/Best-offshore-trust-jurisdiction-for-asset-protection-300x300.webp 300w, https:\/\/adamfayed.com\/wp-content\/uploads\/2024\/05\/Best-offshore-trust-jurisdiction-for-asset-protection-512x512.webp 512w, https:\/\/adamfayed.com\/wp-content\/uploads\/2024\/05\/Best-offshore-trust-jurisdiction-for-asset-protection-150x150.webp 150w, https:\/\/adamfayed.com\/wp-content\/uploads\/2024\/05\/Best-offshore-trust-jurisdiction-for-asset-protection-768x768.webp 768w, https:\/\/adamfayed.com\/wp-content\/uploads\/2024\/05\/Best-offshore-trust-jurisdiction-for-asset-protection-scaled.webp 825w\" sizes=\"(max-width: 300px) 100vw, 300px\" \/><\/figure>\n\n\n\n<ul class=\"wp-block-list\">\n<li><strong>Belice<\/strong>: Los fideicomisos de Belice, conocidos por su r\u00e1pida constituci\u00f3n y su estricta normativa en materia de privacidad, ofrecen una s\u00f3lida defensa frente a los acreedores y obligaciones de informaci\u00f3n menos complicadas.<\/li>\n<\/ul>\n\n\n\n<ul class=\"wp-block-list\">\n<li><strong>Islas Caim\u00e1n<\/strong>: Ofrece secretismo combinado con un sofisticado sistema jur\u00eddico, un territorio con rigurosas protecciones de la intimidad y sin impuestos directos.<\/li>\n<\/ul>\n\n\n\n<ul class=\"wp-block-list\">\n<li><strong>Islas Cook<\/strong>: Proporciona una s\u00f3lida defensa legal contra las demandas de los acreedores al negarse a reconocer las decisiones de tribunales extranjeros. Los tribunales locales deben conocer de los casos relacionados con fideicomisos de las Islas Cook.<\/li>\n<\/ul>\n\n\n\n<ul class=\"wp-block-list\">\n<li><strong>Jersey:<\/strong> Con una reputaci\u00f3n de estricta normativa, colaboraci\u00f3n mundial en la supervisi\u00f3n financiera y un amplio marco para los fideicomisos, Jersey ofrece un sistema jur\u00eddico muy desarrollado.<\/li>\n<\/ul>\n\n\n\n<ul class=\"wp-block-list\">\n<li><strong>Nieves<\/strong>: Destacada por ofrecer flexibilidad y seguridad mediante el uso de Sociedades de Responsabilidad Limitada junto con fideicomisos.<\/li>\n<\/ul>\n\n\n\n<ul class=\"wp-block-list\">\n<li><strong>Bahamas<\/strong>: Proporciona una jurisdicci\u00f3n favorable a <a href=\"https:\/\/adamfayed.com\/es\/financial-planning\/offshore-investment\/\">inversiones extraterritoriales<\/a> y cuenta con un sistema jur\u00eddico flexible que fomenta la seguridad y la confidencialidad de los activos.<\/li>\n<\/ul>\n\n\n\n<div style=\"height:27px\" aria-hidden=\"true\" class=\"wp-block-spacer\"><\/div>\n\n\n\n<h2 class=\"wp-block-heading\"><strong>Pros y contras del fideicomiso offshore de protecci\u00f3n de activos<\/strong><\/h2>\n\n\n\n<p><\/p>\n\n\n\n<h3 class=\"wp-block-heading\">Ventajas del fideicomiso de protecci\u00f3n de activos offshore<\/h3>\n\n\n\n<ul class=\"wp-block-list\">\n<li><strong>Protecci\u00f3n mejorada:<\/strong> Los activos se colocan en el extranjero, donde las normas de protecci\u00f3n de activos son m\u00e1s favorables, lo que dificulta el acceso de los acreedores y los tribunales estadounidenses.<\/li>\n\n\n\n<li><strong>Mayores requisitos de prueba<\/strong>: En comparaci\u00f3n con Estados Unidos, demostrar transacciones fraudulentas en muchos para\u00edsos fiscales es m\u00e1s dif\u00edcil y requiere pruebas m\u00e1s s\u00f3lidas.<\/li>\n\n\n\n<li><strong>Plazos de reclamaci\u00f3n m\u00e1s cortos<\/strong>: Los lugares offshore permiten a menudo presentar reclamaciones en menos de 2 a\u00f1os.<\/li>\n\n\n\n<li><strong>Disuasi\u00f3n de demandas triviales<\/strong>: Para desalentar las demandas infundadas, las jurisdicciones extraterritoriales suelen prohibir los honorarios condicionales y exigir fianzas sustanciales antes de permitir el litigio.<\/li>\n\n\n\n<li><strong>Mayor privacidad:<\/strong> En comparaci\u00f3n con los fideicomisos onshore, los fideicomisos offshore proporcionan una mayor privacidad al dificultar la obtenci\u00f3n de informaci\u00f3n sobre la titularidad y los activos.<\/li>\n<\/ul>\n\n\n\n<div style=\"height:16px\" aria-hidden=\"true\" class=\"wp-block-spacer\"><\/div>\n\n\n\n<h3 class=\"wp-block-heading\">Riesgos del fideicomiso offshore de protecci\u00f3n de activos<\/h3>\n\n\n\n<ul class=\"wp-block-list\">\n<li><strong>Complejidad y coste<\/strong>: Los fideicomisos offshore requieren conocimientos especializados y su constituci\u00f3n y gesti\u00f3n son m\u00e1s complejas desde el punto de vista jur\u00eddico.<\/li>\n\n\n\n<li><strong>Preocupaciones de los administradores<\/strong>: Aunque este riesgo tambi\u00e9n se aplica a los fideicomisarios nacionales, existe la posibilidad de que los fideicomisarios extranjeros gestionen mal el fideicomiso o desaparezcan con el dinero.<\/li>\n\n\n\n<li><strong>Posibles problemas \u00e9ticos:<\/strong> Incluso cuando se utilizan legalmente, los fideicomisos offshore pueden dar lugar a problemas morales y de reputaci\u00f3n debido a sus v\u00ednculos con la evasi\u00f3n fiscal y el secretismo.<\/li>\n\n\n\n<li><strong>Cambio de leyes<\/strong>: Existe la posibilidad de que la jurisdicci\u00f3n extranjera modifique su marco jur\u00eddico, lo que podr\u00eda repercutir en la eficacia del fideicomiso.<\/li>\n<\/ul>\n\n\n\n<div style=\"height:27px\" aria-hidden=\"true\" class=\"wp-block-spacer\"><\/div>\n\n\n\n<p><strong>\u00bfLe duele la indecisi\u00f3n financiera? <\/strong><\/p>\n\n\n\n<figure class=\"wp-block-image size-large is-resized\"><img decoding=\"async\" width=\"512\" height=\"288\" src=\"https:\/\/adamfayed.com\/wp-content\/uploads\/2025\/03\/Adam-Fayed-Contact_CTA3-512x288.jpg\" alt=\"\" class=\"wp-image-117505\" style=\"width:683px;height:auto\" srcset=\"https:\/\/adamfayed.com\/wp-content\/uploads\/2025\/03\/Adam-Fayed-Contact_CTA3-512x288.jpg 512w, https:\/\/adamfayed.com\/wp-content\/uploads\/2025\/03\/Adam-Fayed-Contact_CTA3-300x169.jpg 300w, https:\/\/adamfayed.com\/wp-content\/uploads\/2025\/03\/Adam-Fayed-Contact_CTA3-768x432.jpg 768w, https:\/\/adamfayed.com\/wp-content\/uploads\/2025\/03\/Adam-Fayed-Contact_CTA3-scaled.jpg 825w\" sizes=\"(max-width: 512px) 100vw, 512px\" \/><\/figure>\n\n\n\n<div style=\"height:10px\" aria-hidden=\"true\" class=\"wp-block-spacer\"><\/div>\n\n\n\n<div class=\"wp-block-buttons is-layout-flex wp-block-buttons-is-layout-flex\">\n<div class=\"wp-block-button\"><a class=\"wp-block-button__link wp-element-button\" href=\"https:\/\/adamfayed.com\/es\/become-adams-client\/\">Convi\u00e9rtase en mi cliente<\/a><\/div>\n\n\n\n<div class=\"wp-block-button\"><a class=\"wp-block-button__link wp-element-button\" href=\"https:\/\/adamfayed.com\/es\/good-match-quiz\/\" target=\"_blank\" rel=\"noreferrer noopener\">Realice el cuestionario de elegibilidad de clientes<\/a><\/div>\n\n\n\n<div class=\"wp-block-button\"><a class=\"wp-block-button__link wp-element-button\" href=\"https:\/\/adamfayed.com\/es\/contact\/\" target=\"_blank\" rel=\"noreferrer noopener\">P\u00f3ngase en contacto con<\/a><\/div>\n<\/div>\n\n\n\n<p><strong>Adam es un autor reconocido internacionalmente en temas financieros, con m\u00e1s de 830 millones de respuestas en Quora, un libro muy vendido en Amazon y colaborador de Forbes.<\/strong><\/p>","protected":false},"excerpt":{"rendered":"<p>Fideicomiso offshore de protecci\u00f3n de activos: c\u00f3mo funciona<\/p>","protected":false},"author":14,"featured_media":87863,"parent":87830,"menu_order":0,"comment_status":"open","ping_status":"closed","template":"","meta":{"rop_custom_images_group":[],"rop_custom_messages_group":[],"rop_publish_now":"initial","rop_publish_now_accounts":{"facebook_10166176115445471_100883565069113":""},"rop_publish_now_history":[],"rop_publish_now_status":"pending","footnotes":""},"class_list":["post-87860","page","type-page","status-publish","has-post-thumbnail","hentry"],"_links":{"self":[{"href":"https:\/\/adamfayed.com\/es\/wp-json\/wp\/v2\/pages\/87860","targetHints":{"allow":["GET"]}}],"collection":[{"href":"https:\/\/adamfayed.com\/es\/wp-json\/wp\/v2\/pages"}],"about":[{"href":"https:\/\/adamfayed.com\/es\/wp-json\/wp\/v2\/types\/page"}],"author":[{"embeddable":true,"href":"https:\/\/adamfayed.com\/es\/wp-json\/wp\/v2\/users\/14"}],"replies":[{"embeddable":true,"href":"https:\/\/adamfayed.com\/es\/wp-json\/wp\/v2\/comments?post=87860"}],"version-history":[{"count":3,"href":"https:\/\/adamfayed.com\/es\/wp-json\/wp\/v2\/pages\/87860\/revisions"}],"predecessor-version":[{"id":102131,"href":"https:\/\/adamfayed.com\/es\/wp-json\/wp\/v2\/pages\/87860\/revisions\/102131"}],"up":[{"embeddable":true,"href":"https:\/\/adamfayed.com\/es\/wp-json\/wp\/v2\/pages\/87830"}],"wp:featuredmedia":[{"embeddable":true,"href":"https:\/\/adamfayed.com\/es\/wp-json\/wp\/v2\/media\/87863"}],"wp:attachment":[{"href":"https:\/\/adamfayed.com\/es\/wp-json\/wp\/v2\/media?parent=87860"}],"curies":[{"name":"wp","href":"https:\/\/api.w.org\/{rel}","templated":true}]}}