{"id":87968,"date":"2024-06-24T09:48:43","date_gmt":"2024-06-24T09:48:43","guid":{"rendered":"https:\/\/adamfayed.com\/?page_id=87968"},"modified":"2024-06-25T06:08:10","modified_gmt":"2024-06-25T06:08:10","slug":"top-investment-accounts-with-no-minimums","status":"publish","type":"page","link":"https:\/\/adamfayed.com\/es\/investment-options\/top-investment-accounts-with-no-minimums\/","title":{"rendered":"Las mejores cuentas de inversi\u00f3n sin m\u00ednimo"},"content":{"rendered":"<p>Una de las ventajas m\u00e1s significativas de no tener m\u00ednimos de cuenta para <a href=\"https:\/\/adamfayed.com\/es\/investment-options\/investment-providers\/\">proveedores de inversi\u00f3n<\/a> es la posibilidad de empezar a invertir con cualquier cantidad de capital.<\/p>\n\n\n\n<p>Esta democratizaci\u00f3n de la inversi\u00f3n permite a los particulares sumergirse en el mercado, ganar confianza y aumentar gradualmente su capital. <a href=\"https:\/\/adamfayed.com\/es\/investment-options\/\">opciones de inversi\u00f3n<\/a> a lo largo del tiempo.<\/p>\n\n\n\n<p>Si desea invertir como expatriado o particular con un elevado patrimonio neto, que es en lo que estoy especializado, puede enviarme un correo electr\u00f3nico (advice@adamfayed.com) o WhatsApp (+44-7393-450-837).<\/p>\n\n\n\n<p>En esta p\u00e1gina hablaremos de ello: <\/p>\n\n\n\n<ul class=\"wp-block-list\">\n<li><a href=\"https:\/\/adamfayed.com\/es\/investment-options\/investment-providers\/top-investment-accounts-with-no-account-minimums\/\">Las mejores cuentas de inversi\u00f3n<\/a> sin cuentas m\u00ednimas\n<ul class=\"wp-block-list\">\n<li>Inversiones Fidelity<\/li>\n\n\n\n<li>Charles Schwab<\/li>\n\n\n\n<li>Vanguard<\/li>\n\n\n\n<li>E*Trade<\/li>\n\n\n\n<li>Interactive Brokers <\/li>\n<\/ul>\n<\/li>\n<\/ul>\n\n\n\n<p><\/p>\n\n\n\n<h2 class=\"wp-block-heading\">Las mejores cuentas de inversi\u00f3n sin requisitos m\u00ednimos<\/h2>\n\n\n\n<h3 class=\"wp-block-heading\">Inversiones Fidelity<\/h3>\n\n\n\n<figure class=\"wp-block-image alignleft size-medium\"><img fetchpriority=\"high\" decoding=\"async\" width=\"300\" height=\"200\" src=\"https:\/\/adamfayed.com\/wp-content\/uploads\/2024\/06\/analysis-1841158_6401-300x200.jpg\" alt=\"Top Investment Accounts with No Account Minimums\" class=\"wp-image-88758\" srcset=\"https:\/\/adamfayed.com\/wp-content\/uploads\/2024\/06\/analysis-1841158_6401-300x200.jpg 300w, https:\/\/adamfayed.com\/wp-content\/uploads\/2024\/06\/analysis-1841158_6401-512x342.jpg 512w, https:\/\/adamfayed.com\/wp-content\/uploads\/2024\/06\/analysis-1841158_6401.jpg 640w\" sizes=\"(max-width: 300px) 100vw, 300px\" \/><\/figure>\n\n\n\n<p><strong>Dep\u00f3sito m\u00ednimo y saldo:<\/strong>&nbsp;No hay un m\u00ednimo para abrir una cuenta Fidelity Go, pero s\u00ed un saldo m\u00ednimo de $10 para que el robo-advisor empiece a invertir.<\/p>\n\n\n\n<p><strong>Tasas:<\/strong>&nbsp;Comisiones cero para <a href=\"https:\/\/adamfayed.com\/es\/investment-options\/stocks\/\">acciones<\/a>, <a href=\"https:\/\/adamfayed.com\/es\/investment-options\/etfs\/\">ETFs<\/a>, y opciones; sin comisiones por transacci\u00f3n en m\u00e1s de 3.400 <a href=\"https:\/\/adamfayed.com\/es\/investment-options\/mutual-funds\/\">fondos de inversi\u00f3n<\/a>; $0,65 por contrato de opciones. <\/p>\n\n\n\n<p>Fidelity Go no tiene comisiones de asesoramiento para saldos inferiores a $25.000 (0,35% al a\u00f1o para saldos iguales o superiores a $25.000, lo que incluye el acceso a llamadas ilimitadas de asesoramiento personalizado por parte de un asesor de Fidelity).<\/p>\n\n\n\n<p><a href=\"https:\/\/www.fidelity.com\/\" target=\"_blank\" rel=\"noopener\">Inversiones Fidelity<\/a> destaca como una de las mejores cuentas de inversi\u00f3n para inversores principiantes por sus s\u00f3lidos recursos educativos, sus diversas opciones de inversi\u00f3n y su compromiso con la inversi\u00f3n de bajo coste.<\/p>\n\n\n\n<h3 class=\"wp-block-heading\">Charles Schwab<\/h3>\n\n\n\n<p><strong>Dep\u00f3sito m\u00ednimo y saldo:<\/strong>&nbsp;Los requisitos de dep\u00f3sito m\u00ednimo y saldo pueden variar en funci\u00f3n del veh\u00edculo de inversi\u00f3n seleccionado. No hay m\u00ednimo de cuenta para la inversi\u00f3n activa a trav\u00e9s de Schwab One Brokerage Account. La inversi\u00f3n autom\u00e1tica a trav\u00e9s de Schwab Intelligent Portfolios requiere un dep\u00f3sito m\u00ednimo de $5.000.<\/p>\n\n\n\n<p><strong>Tasas:<\/strong>&nbsp;Cero comisiones en las operaciones con acciones y ETF, cero comisiones por transacci\u00f3n en m\u00e1s de 4.000 fondos de inversi\u00f3n y una comisi\u00f3n de $0,65 por contrato de opciones.<\/p>\n\n\n\n<p><a href=\"https:\/\/www.schwab.com\/\" rel=\"nofollow noopener\" target=\"_blank\">Charles Schwab<\/a> ofrece un conjunto completo de servicios de inversi\u00f3n, dirigidos tanto a inversores principiantes como experimentados.<\/p>\n\n\n\n<h3 class=\"wp-block-heading\">Vanguard<\/h3>\n\n\n\n<p><strong>Dep\u00f3sito m\u00ednimo y saldo:<\/strong>&nbsp;No hay m\u00ednimo para abrir una cuenta Vanguard, pero s\u00ed un dep\u00f3sito m\u00ednimo de $1.000 para invertir en muchos fondos de jubilaci\u00f3n; el robo-advisor Vanguard Digital Advisor requiere un m\u00ednimo de $3.000 para inscribirse.<\/p>\n\n\n\n<p><strong>Tasas:<\/strong>&nbsp;Cero comisiones en operaciones con acciones y ETF; cero comisiones de transacci\u00f3n en m\u00e1s de 3.000 fondos de inversi\u00f3n; comisi\u00f3n de servicio anual de $20 para cuentas IRA y de corretaje (puede suprimirse si se opta por extractos sin papel); el robo-asesor Vanguard Digital Advisor cobra hasta 0,20% en comisiones de asesoramiento (despu\u00e9s de 90 d\u00edas).<\/p>\n\n\n\n<p><a href=\"https:\/\/investor.vanguard.com\/corporate-portal\" target=\"_blank\" rel=\"noopener\">Vanguard<\/a> es famosa por sus opciones de inversi\u00f3n de bajo coste y sus fondos indexados, lo que la convierte en una opci\u00f3n popular para los inversores que compran y mantienen a largo plazo.<\/p>\n\n\n\n<h3 class=\"wp-block-heading\">E*TRADE<\/h3>\n\n\n\n<figure class=\"wp-block-image alignright size-medium\"><img decoding=\"async\" width=\"300\" height=\"200\" src=\"https:\/\/adamfayed.com\/wp-content\/uploads\/2024\/06\/business-7304257_640-300x200.jpg\" alt=\"One of the most significant advantages of no account minimums for brokerage accounts is the ability to start investing with any amount of capital.\" class=\"wp-image-88759\" srcset=\"https:\/\/adamfayed.com\/wp-content\/uploads\/2024\/06\/business-7304257_640-300x200.jpg 300w, https:\/\/adamfayed.com\/wp-content\/uploads\/2024\/06\/business-7304257_640-512x342.jpg 512w, https:\/\/adamfayed.com\/wp-content\/uploads\/2024\/06\/business-7304257_640.jpg 640w\" sizes=\"(max-width: 300px) 100vw, 300px\" \/><\/figure>\n\n\n\n<p><strong>Dep\u00f3sito m\u00ednimo y saldo:<\/strong>&nbsp;Sin m\u00ednimo para abrir una cuenta; dep\u00f3sito m\u00ednimo de $500 para invertir en la plataforma de robo-advisor Core Portfolios.<\/p>\n\n\n\n<p><strong>Tasas:<\/strong>&nbsp;Cero comisiones en operaciones con acciones, ETF y opciones; cero comisiones de transacci\u00f3n en m\u00e1s de 4.400 fondos de inversi\u00f3n; el robo-advisor Core Portfolios cobra una comisi\u00f3n anual de asesoramiento de 0,30%.<\/p>\n\n\n\n<p><a href=\"https:\/\/adamfayed.com\/es\/review-articles\/etrade-financial-review\/\">ETRADE<\/a> ofrece un conjunto completo de opciones de inversi\u00f3n, incluida una plataforma de robo-advisor y una amplia selecci\u00f3n de fondos de inversi\u00f3n sin comisiones por transacci\u00f3n. <\/p>\n\n\n\n<h3 class=\"wp-block-heading\">Interactive Brokers IBKR Lite<\/h3>\n\n\n\n<p><strong>Dep\u00f3sito m\u00ednimo y saldo:<\/strong>&nbsp;Sin requisitos de dep\u00f3sito o saldo m\u00ednimos.<\/p>\n\n\n\n<p><strong>Tasas:<\/strong>&nbsp;Cero comisiones en operaciones con acciones, ETF y opciones.<\/p>\n\n\n\n<p><a href=\"https:\/\/www.interactivebrokers.ie\/en\/whyib\/overview.php?gclid=EAIaIQobChMI_efH3cTXhgMVMptQBh0yhAaHEAAYAyAAEgL3xPD_BwE\" target=\"_blank\" rel=\"noopener\">Interactive Brokers<\/a> IBKR Lite destaca por sus avanzadas funciones de negociaci\u00f3n y sus s\u00f3lidas herramientas de investigaci\u00f3n, que lo convierten en una opci\u00f3n convincente para los inversores m\u00e1s experimentados. <\/p>\n\n\n\n<p>Aunque puede que no sea tan f\u00e1cil de usar para los principiantes, su estructura sin comisiones y su amplia gama de opciones de inversi\u00f3n la convierten en una opci\u00f3n viable para quienes buscan llevar sus operaciones al siguiente nivel.<\/p>\n\n\n\n<p><strong>\u00bfLe duele la indecisi\u00f3n financiera? <\/strong><\/p>\n\n\n\n<figure class=\"wp-block-image size-large is-resized\"><img decoding=\"async\" width=\"512\" height=\"288\" src=\"https:\/\/adamfayed.com\/wp-content\/uploads\/2025\/03\/Adam-Fayed-Contact_CTA3-512x288.jpg\" alt=\"\" class=\"wp-image-117505\" style=\"width:683px;height:auto\" srcset=\"https:\/\/adamfayed.com\/wp-content\/uploads\/2025\/03\/Adam-Fayed-Contact_CTA3-512x288.jpg 512w, https:\/\/adamfayed.com\/wp-content\/uploads\/2025\/03\/Adam-Fayed-Contact_CTA3-300x169.jpg 300w, https:\/\/adamfayed.com\/wp-content\/uploads\/2025\/03\/Adam-Fayed-Contact_CTA3-768x432.jpg 768w, https:\/\/adamfayed.com\/wp-content\/uploads\/2025\/03\/Adam-Fayed-Contact_CTA3-scaled.jpg 825w\" sizes=\"(max-width: 512px) 100vw, 512px\" \/><\/figure>\n\n\n\n<div style=\"height:10px\" aria-hidden=\"true\" class=\"wp-block-spacer\"><\/div>\n\n\n\n<div class=\"wp-block-buttons is-layout-flex wp-block-buttons-is-layout-flex\">\n<div class=\"wp-block-button\"><a class=\"wp-block-button__link wp-element-button\" href=\"https:\/\/adamfayed.com\/es\/become-adams-client\/\">Convi\u00e9rtase en mi cliente<\/a><\/div>\n\n\n\n<div class=\"wp-block-button\"><a class=\"wp-block-button__link wp-element-button\" href=\"https:\/\/adamfayed.com\/es\/good-match-quiz\/\" target=\"_blank\" rel=\"noreferrer noopener\">Realice el cuestionario de elegibilidad de clientes<\/a><\/div>\n\n\n\n<div class=\"wp-block-button\"><a class=\"wp-block-button__link wp-element-button\" href=\"https:\/\/adamfayed.com\/es\/contact\/\" target=\"_blank\" rel=\"noreferrer noopener\">P\u00f3ngase en contacto con<\/a><\/div>\n<\/div>\n\n\n\n<p><strong>Adam es un autor reconocido internacionalmente en temas financieros, con m\u00e1s de 830 millones de respuestas en Quora, un libro muy vendido en Amazon y colaborador de Forbes.<\/strong><\/p>","protected":false},"excerpt":{"rendered":"<p>Las mejores cuentas de inversi\u00f3n sin requisitos m\u00ednimos<\/p>","protected":false},"author":16,"featured_media":88756,"parent":79603,"menu_order":0,"comment_status":"open","ping_status":"closed","template":"","meta":{"rop_custom_images_group":[],"rop_custom_messages_group":[],"rop_publish_now":"initial","rop_publish_now_accounts":{"facebook_10166176115445471_100883565069113":""},"rop_publish_now_history":[],"rop_publish_now_status":"pending","footnotes":""},"class_list":["post-87968","page","type-page","status-publish","has-post-thumbnail","hentry"],"_links":{"self":[{"href":"https:\/\/adamfayed.com\/es\/wp-json\/wp\/v2\/pages\/87968","targetHints":{"allow":["GET"]}}],"collection":[{"href":"https:\/\/adamfayed.com\/es\/wp-json\/wp\/v2\/pages"}],"about":[{"href":"https:\/\/adamfayed.com\/es\/wp-json\/wp\/v2\/types\/page"}],"author":[{"embeddable":true,"href":"https:\/\/adamfayed.com\/es\/wp-json\/wp\/v2\/users\/16"}],"replies":[{"embeddable":true,"href":"https:\/\/adamfayed.com\/es\/wp-json\/wp\/v2\/comments?post=87968"}],"version-history":[{"count":3,"href":"https:\/\/adamfayed.com\/es\/wp-json\/wp\/v2\/pages\/87968\/revisions"}],"predecessor-version":[{"id":89480,"href":"https:\/\/adamfayed.com\/es\/wp-json\/wp\/v2\/pages\/87968\/revisions\/89480"}],"up":[{"embeddable":true,"href":"https:\/\/adamfayed.com\/es\/wp-json\/wp\/v2\/pages\/79603"}],"wp:featuredmedia":[{"embeddable":true,"href":"https:\/\/adamfayed.com\/es\/wp-json\/wp\/v2\/media\/88756"}],"wp:attachment":[{"href":"https:\/\/adamfayed.com\/es\/wp-json\/wp\/v2\/media?parent=87968"}],"curies":[{"name":"wp","href":"https:\/\/api.w.org\/{rel}","templated":true}]}}