{"id":87991,"date":"2024-06-01T05:25:50","date_gmt":"2024-06-01T05:25:50","guid":{"rendered":"https:\/\/adamfayed.com\/?page_id=87991"},"modified":"2025-04-01T11:12:14","modified_gmt":"2025-04-01T11:12:14","slug":"ucits","status":"publish","type":"page","link":"https:\/\/adamfayed.com\/es\/investment-options\/ucits\/","title":{"rendered":"Significado y funcionamiento de los OICVM"},"content":{"rendered":"<p>Los fondos OICVM, regulados por la normativa de la UE, consolidan las inversiones financieras europeas, <a rel=\"nofollow noopener\" href=\"https:\/\/www.sofi.com\/learn\/content\/what-is-a-ucits-fund\/\" target=\"_blank\">que ofrece<\/a> un marco com\u00fan para la cooperaci\u00f3n transfronteriza <a href=\"https:\/\/adamfayed.com\/es\/investment-options\/mutual-funds\/\">fondos de inversi\u00f3n<\/a>.<\/p>\n\n\n\n<p>Creado para unificar los servicios financieros y las transacciones reguladas en toda la UE, el Organismo de Inversi\u00f3n Colectiva en Valores Mobiliarios (OICVM) ofrece seguridad y flexibilidad. <a href=\"https:\/\/adamfayed.com\/es\/investment-options\/\">opciones de inversi\u00f3n<\/a>, La Comisi\u00f3n Europea se compromete a garantizar la diversidad de las carteras y las salvaguardias reglamentarias para los inversores particulares e institucionales.<\/p>\n\n\n\n<p>Si desea invertir como expatriado o particular con un elevado patrimonio neto, que es en lo que estoy especializado, puede enviarme un correo electr\u00f3nico (advice@adamfayed.com) o WhatsApp (+44-7393-450-837).<\/p>\n\n\n\n<p>Estas inversiones est\u00e1n sujetas a riesgos de mercado; se aconseja a los inversores expatriados que soliciten asesoramiento a un asesor financiero cualificado para expatriados para obtener informaci\u00f3n personalizada. <a href=\"https:\/\/adamfayed.com\/es\/financial-planning\/expat-financial-advisor\/financial-advice\/\">asesoramiento financiero<\/a> y servicios de planificaci\u00f3n financiera.<\/p>\n\n\n\n<div style=\"height:30px\" aria-hidden=\"true\" class=\"wp-block-spacer\"><\/div>\n\n\n\n<h2 class=\"wp-block-heading\"><strong>Definici\u00f3n de OICVM<\/strong><\/h2>\n\n\n\n<p>Un Organismo de Inversi\u00f3n Colectiva en Valores Mobiliarios recibe aportaciones de inversores particulares e institucionales de forma colectiva. A cambio, el OICVM mantiene efectivo y valores de inversi\u00f3n como <a href=\"https:\/\/adamfayed.com\/es\/investment-options\/what-are-bonds\/\">bonos<\/a> y la renta variable.<\/p>\n\n\n\n<div style=\"height:30px\" aria-hidden=\"true\" class=\"wp-block-spacer\"><\/div>\n\n\n\n<h2 class=\"wp-block-heading\"><strong>\u00bfC\u00f3mo funciona un fondo OICVM?<\/strong><\/h2>\n\n\n\n<figure class=\"wp-block-image alignright size-medium is-resized\"><img fetchpriority=\"high\" decoding=\"async\" width=\"300\" height=\"300\" src=\"https:\/\/adamfayed.com\/wp-content\/uploads\/2024\/06\/UCITS-definition-300x300.webp\" alt=\"UCITS definition\" class=\"wp-image-87998\" style=\"width:275px;height:auto\" srcset=\"https:\/\/adamfayed.com\/wp-content\/uploads\/2024\/06\/UCITS-definition-300x300.webp 300w, https:\/\/adamfayed.com\/wp-content\/uploads\/2024\/06\/UCITS-definition-512x512.webp 512w, https:\/\/adamfayed.com\/wp-content\/uploads\/2024\/06\/UCITS-definition-150x150.webp 150w, https:\/\/adamfayed.com\/wp-content\/uploads\/2024\/06\/UCITS-definition-768x768.webp 768w, https:\/\/adamfayed.com\/wp-content\/uploads\/2024\/06\/UCITS-definition-scaled.webp 825w\" sizes=\"(max-width: 300px) 100vw, 300px\" \/><\/figure>\n\n\n\n<p>Estructurados de forma similar a los fondos de inversi\u00f3n, los OICVM comparten caracter\u00edsticas comunes, normas reglamentarias y enfoques de comercializaci\u00f3n.<\/p>\n\n\n\n<p>Un medio de lograr la diversificaci\u00f3n mundial para los inversores estadounidenses, los inversores buscan beneficiarse de las condiciones favorables del mercado dentro de la cartera.<\/p>\n\n\n\n<p>Los inversores pueden beneficiarse de la experiencia de los gestores en la elecci\u00f3n de valores a trav\u00e9s de la opci\u00f3n, gestionada por gestores de fondos cualificados.<\/p>\n\n\n\n<p>Este sistema es reconocido por los inversores, que otorgan a los gestores de fondos el poder de tomar decisiones de inversi\u00f3n.<\/p>\n\n\n\n<p>Al vender sus participaciones en el mercado abierto, los inversores son libres de retirarse del fondo cuando lo deseen.<\/p>\n\n\n\n<p>Los inversores en EE.UU. deben tener en cuenta que pueden ser clasificados por la <a href=\"https:\/\/www.irs.gov\/\" target=\"_blank\" rel=\"noopener\">IRS<\/a> como sociedades de inversi\u00f3n extranjera pasiva, lo que podr\u00eda significar que estar\u00e1n sujetas a leyes fiscales m\u00e1s complicadas que los fondos de inversi\u00f3n tradicionales.<\/p>\n\n\n\n<div style=\"height:30px\" aria-hidden=\"true\" class=\"wp-block-spacer\"><\/div>\n\n\n\n<h2 class=\"wp-block-heading\"><strong>Reglamentos y directrices sobre OICVM<\/strong><\/h2>\n\n\n\n<p>Un organismo de inversi\u00f3n colectiva en valores mobiliarios cumple estrictos criterios reglamentarios y operativos dentro de la Uni\u00f3n Europea, entre ellos:<\/p>\n\n\n\n<ul class=\"wp-block-list\">\n<li>El fondo y su gesti\u00f3n suelen estar situados en un Estado miembro de la UE con neutralidad fiscal (por ejemplo, Irlanda).<\/li>\n<\/ul>\n\n\n\n<ul class=\"wp-block-list\">\n<li>Los OICVM, que operan con arreglo a la legislaci\u00f3n de su Estado miembro de origen, una vez autorizados pueden ampliar su alcance a otros pa\u00edses de la UE y a inversores de todo el mundo. Antes de dirigirse a los inversores, el fondo debe presentar una notificaci\u00f3n legal al Estado o pa\u00eds de destino.<\/li>\n<\/ul>\n\n\n\n<ul class=\"wp-block-list\">\n<li>Los inversores deben ser notificados a trav\u00e9s de un Documento de Datos Fundamentales para el Inversor, normalmente accesible en el sitio web del fondo. La aprobaci\u00f3n del fondo tambi\u00e9n es obligatoria.<\/li>\n<\/ul>\n\n\n\n<ul class=\"wp-block-list\">\n<li>Los inversores deben recibir un folleto del fondo (normalmente disponible en el sitio web del fondo), y el fondo est\u00e1 obligado a presentar informes anuales y semestrales.<\/li>\n<\/ul>\n\n\n\n<ul class=\"wp-block-list\">\n<li>Cualquier caso de emisi\u00f3n, venta o reembolso de acciones por parte de un OICVM requiere que las notificaciones de precios sean accesibles a los inversores.<\/li>\n<\/ul>\n\n\n\n<div style=\"height:30px\" aria-hidden=\"true\" class=\"wp-block-spacer\"><\/div>\n\n\n\n<h2 class=\"wp-block-heading\"><strong>\u00bfQu\u00e9 son los ETF OICVM?<\/strong><\/h2>\n\n\n\n<figure class=\"wp-block-image alignright size-medium is-resized\"><img decoding=\"async\" width=\"300\" height=\"300\" src=\"https:\/\/adamfayed.com\/wp-content\/uploads\/2024\/06\/UCITS-ETFS-300x300.webp\" alt=\"UCITS ETFs\" class=\"wp-image-88002\" style=\"width:268px;height:auto\" srcset=\"https:\/\/adamfayed.com\/wp-content\/uploads\/2024\/06\/UCITS-ETFS-300x300.webp 300w, https:\/\/adamfayed.com\/wp-content\/uploads\/2024\/06\/UCITS-ETFS-512x512.webp 512w, https:\/\/adamfayed.com\/wp-content\/uploads\/2024\/06\/UCITS-ETFS-150x150.webp 150w, https:\/\/adamfayed.com\/wp-content\/uploads\/2024\/06\/UCITS-ETFS-768x768.webp 768w, https:\/\/adamfayed.com\/wp-content\/uploads\/2024\/06\/UCITS-ETFS-scaled.webp 825w\" sizes=\"(max-width: 300px) 100vw, 300px\" \/><\/figure>\n\n\n\n<p>Estas opciones de inversi\u00f3n son los fondos cotizados <a href=\"https:\/\/www.ig.com\/en\/trading-strategies\/what-does-_ucits-mean-and-what-is-a-ucits-compliant-etf--220428#:~:text=For%20ETFs%20using%20derivatives%2C%20exposure,of%2010%25%20of%20their%20NAV.\" target=\"_blank\" rel=\"noopener\">con<\/a> medidas de seguridad.<\/p>\n\n\n\n<p>Imponen la diversificaci\u00f3n y limitan cualquier participaci\u00f3n a no m\u00e1s de 10% del valor liquidativo del fondo.<\/p>\n\n\n\n<p>El fondo es l\u00edquido y permite a los inversores vender participaciones en cualquier momento.<\/p>\n\n\n\n<p>Adem\u00e1s, est\u00e1n supervisados por un depositario independiente para asegurar los activos de los inversores durante la inestabilidad financiera del proveedor.<\/p>\n\n\n\n<p>Algunos ejemplos de OICVM <a href=\"https:\/\/adamfayed.com\/es\/investment-options\/etfs\/\">ETFs<\/a>:<\/p>\n\n\n\n<ul class=\"wp-block-list\">\n<li>Vanguard FTSE 100 UCITS ETF<\/li>\n\n\n\n<li>iShares Core S&amp;P 500 UCITS ETF - EUR - representa a 500 grandes empresas estadounidenses<\/li>\n\n\n\n<li>SPDR FTSE UK All Share UCITS ETF: exposici\u00f3n a m\u00e1s de 600 acciones de la Bolsa de Londres.<\/li>\n\n\n\n<li>iShares Dow Jones Industrial Average UCITS ETF - seguimiento de 30 grandes empresas estadounidenses<\/li>\n\n\n\n<li>iShares Core MSCI World UCITS ETF - exposici\u00f3n a pa\u00edses desarrollados<\/li>\n<\/ul>\n\n\n\n<p><\/p>\n\n\n\n<p>La s\u00f3lida normativa sobre gesti\u00f3n de fondos, diversificaci\u00f3n, protecci\u00f3n de activos y administraci\u00f3n de proveedores de servicios confiere a estos ETF una serie de ventajas, entre ellas una protecci\u00f3n \u00f3ptima frente al riesgo.<\/p>\n\n\n\n<p>Al garantizar la transparencia, la liquidez y la informaci\u00f3n peri\u00f3dica, los inversores se benefician de un folleto simplificado y de un documento de datos fundamentales para el inversor.<\/p>\n\n\n\n<p>Los inversores pueden conocer los resultados anteriores y la volatilidad a trav\u00e9s de agencias de calificaci\u00f3n como S&amp;P y Morningstar.<\/p>\n\n\n\n<p><strong>\u00bfLe duele la indecisi\u00f3n financiera? <\/strong><\/p>\n\n\n\n<figure class=\"wp-block-image size-large is-resized\"><img decoding=\"async\" width=\"512\" height=\"288\" src=\"https:\/\/adamfayed.com\/wp-content\/uploads\/2025\/03\/Adam-Fayed-Contact_CTA3-512x288.jpg\" alt=\"\" class=\"wp-image-117505\" style=\"width:683px;height:auto\" srcset=\"https:\/\/adamfayed.com\/wp-content\/uploads\/2025\/03\/Adam-Fayed-Contact_CTA3-512x288.jpg 512w, https:\/\/adamfayed.com\/wp-content\/uploads\/2025\/03\/Adam-Fayed-Contact_CTA3-300x169.jpg 300w, https:\/\/adamfayed.com\/wp-content\/uploads\/2025\/03\/Adam-Fayed-Contact_CTA3-768x432.jpg 768w, https:\/\/adamfayed.com\/wp-content\/uploads\/2025\/03\/Adam-Fayed-Contact_CTA3-scaled.jpg 825w\" sizes=\"(max-width: 512px) 100vw, 512px\" \/><\/figure>\n\n\n\n<div style=\"height:10px\" aria-hidden=\"true\" class=\"wp-block-spacer\"><\/div>\n\n\n\n<div class=\"wp-block-buttons is-layout-flex wp-block-buttons-is-layout-flex\">\n<div class=\"wp-block-button\"><a class=\"wp-block-button__link wp-element-button\" href=\"https:\/\/adamfayed.com\/es\/become-adams-client\/\">Convi\u00e9rtase en mi cliente<\/a><\/div>\n\n\n\n<div class=\"wp-block-button\"><a class=\"wp-block-button__link wp-element-button\" href=\"https:\/\/adamfayed.com\/es\/good-match-quiz\/\" target=\"_blank\" rel=\"noreferrer noopener\">Realice el cuestionario de elegibilidad de clientes<\/a><\/div>\n\n\n\n<div class=\"wp-block-button\"><a class=\"wp-block-button__link wp-element-button\" href=\"https:\/\/adamfayed.com\/es\/contact\/\" target=\"_blank\" rel=\"noreferrer noopener\">P\u00f3ngase en contacto con<\/a><\/div>\n<\/div>\n\n\n\n<p><strong>Adam es un autor reconocido internacionalmente en temas financieros, con m\u00e1s de 830 millones de respuestas en Quora, un libro muy vendido en Amazon y colaborador de Forbes.<\/strong><\/p>\n\n\n\n\n\n<p><\/p>","protected":false},"excerpt":{"rendered":"<p>Undertaking for Collective Investment in Transferable Securities (UCITS)<\/p>","protected":false},"author":14,"featured_media":87999,"parent":79603,"menu_order":0,"comment_status":"open","ping_status":"closed","template":"","meta":{"rop_custom_images_group":[],"rop_custom_messages_group":[],"rop_publish_now":"initial","rop_publish_now_accounts":{"facebook_10166176115445471_100883565069113":""},"rop_publish_now_history":[],"rop_publish_now_status":"pending","footnotes":""},"class_list":["post-87991","page","type-page","status-publish","has-post-thumbnail","hentry"],"_links":{"self":[{"href":"https:\/\/adamfayed.com\/es\/wp-json\/wp\/v2\/pages\/87991","targetHints":{"allow":["GET"]}}],"collection":[{"href":"https:\/\/adamfayed.com\/es\/wp-json\/wp\/v2\/pages"}],"about":[{"href":"https:\/\/adamfayed.com\/es\/wp-json\/wp\/v2\/types\/page"}],"author":[{"embeddable":true,"href":"https:\/\/adamfayed.com\/es\/wp-json\/wp\/v2\/users\/14"}],"replies":[{"embeddable":true,"href":"https:\/\/adamfayed.com\/es\/wp-json\/wp\/v2\/comments?post=87991"}],"version-history":[{"count":2,"href":"https:\/\/adamfayed.com\/es\/wp-json\/wp\/v2\/pages\/87991\/revisions"}],"predecessor-version":[{"id":125669,"href":"https:\/\/adamfayed.com\/es\/wp-json\/wp\/v2\/pages\/87991\/revisions\/125669"}],"up":[{"embeddable":true,"href":"https:\/\/adamfayed.com\/es\/wp-json\/wp\/v2\/pages\/79603"}],"wp:featuredmedia":[{"embeddable":true,"href":"https:\/\/adamfayed.com\/es\/wp-json\/wp\/v2\/media\/87999"}],"wp:attachment":[{"href":"https:\/\/adamfayed.com\/es\/wp-json\/wp\/v2\/media?parent=87991"}],"curies":[{"name":"wp","href":"https:\/\/api.w.org\/{rel}","templated":true}]}}