{"id":91908,"date":"2025-01-07T14:10:33","date_gmt":"2025-01-07T14:10:33","guid":{"rendered":"https:\/\/adamfayed.com\/?page_id=91908"},"modified":"2025-12-02T06:26:15","modified_gmt":"2025-12-02T06:26:15","slug":"investec-profile-what-is-investec","status":"publish","type":"page","link":"https:\/\/adamfayed.com\/es\/investment-options\/investment-providers\/investec-profile-what-is-investec\/","title":{"rendered":"Investec Profile: What is Investec?"},"content":{"rendered":"<p><a href=\"https:\/\/adamfayed.com\/es\/review-articles\/investec-wealth-investment-review\/\">Investec<\/a> is an international banking and wealth management group founded in Johannesburg, South Africa, in 1974.<\/p>\n\n\n\n<p>Over nearly five decades, Investec has grown organically and through strategic acquisitions into a publicly traded company listed on both the London and Johannesburg Stock Exchanges. The bank employs over 7,400 staff across more than 40 cities on five continents, with<a href=\"https:\/\/www.investec.com\/en_int.html\" target=\"_blank\" rel=\"noopener\"> core operations in the UK and South Africa<\/a>.<\/p>\n\n\n\n<p>This page will explore Investec history, financial performance, key executives, and contact details. <\/p>\n\n\n\n<p>Mis datos de contacto son hello@adamfayed.com y WhatsApp +44-7393-450-837 si tiene alguna pregunta.<\/p>\n\n\n\n<p>La informaci\u00f3n contenida en este art\u00edculo es meramente orientativa. No constituye asesoramiento financiero, jur\u00eddico o fiscal, ni una recomendaci\u00f3n o solicitud de inversi\u00f3n. Algunos hechos pueden haber cambiado desde el momento de su redacci\u00f3n.<\/p>\n\n\n\n<div style=\"height:36px\" aria-hidden=\"true\" class=\"wp-block-spacer\"><\/div>\n\n\n\n<h2 class=\"wp-block-heading\"><strong>Who is Investec?<\/strong><\/h2>\n\n\n\n<p>Investec was <a href=\"https:\/\/www.investec.com\/en_int\/welcome-to-investec\/about-us\/our-history.html\" target=\"_blank\" rel=\"noopener\">formed<\/a> by Larry Nestadt, Errol Grolman, and Ian Kantor as a leasing and financing company. <\/p>\n\n\n\n<p>In 1980, the firm obtained a banking license, enabling it to expand its financial service offerings.<\/p>\n\n\n\n<p>By 1986, the company had merged with Metboard, a trust company, and subsequently listed on the Johannesburg Stock Exchange. In 1988, the company restructured into Investec Group Limited, granting management and staff control, which facilitated its expansion strategy.<\/p>\n\n\n\n<div class=\"wp-block-group is-layout-constrained wp-block-group-is-layout-constrained\">\n<figure class=\"wp-block-image alignleft size-medium\"><img fetchpriority=\"high\" decoding=\"async\" width=\"300\" height=\"200\" src=\"https:\/\/adamfayed.com\/wp-content\/uploads\/2024\/12\/johannesburg-4322256_640-300x200.jpg\" alt=\"Investec was founded in Johannesburg, South Africa, in 1974 by Larry Nestadt, Errol Grolman, and Ian Kantor as a leasing and financing company.\" class=\"wp-image-91910\" srcset=\"https:\/\/adamfayed.com\/wp-content\/uploads\/2024\/12\/johannesburg-4322256_640-300x200.jpg 300w, https:\/\/adamfayed.com\/wp-content\/uploads\/2024\/12\/johannesburg-4322256_640-512x342.jpg 512w, https:\/\/adamfayed.com\/wp-content\/uploads\/2024\/12\/johannesburg-4322256_640.jpg 640w\" sizes=\"(max-width: 300px) 100vw, 300px\" \/><\/figure>\n<\/div>\n\n\n\n<p>The firm entered the UK market in 1992 with the acquisition of London-based Allied Trust Bank Limited, marking its first international acquisition. <\/p>\n\n\n\n<p>Investec strengthened its UK presence in 1998 by acquiring Guinness Mahon and Hambros plc, two prominent merchant banks in London.<\/p>\n\n\n\n<p>In 2002, it implemented a dual-listed company structure, securing listings on both the London and Johannesburg Stock Exchanges to enhance its global reach.<\/p>\n\n\n\n<p>In 2020, it demerged its <a href=\"https:\/\/adamfayed.com\/es\/expat-financial-advisor\/what-is-wealth-management\/\">gesti\u00f3n de patrimonios <\/a>business, which was separately listed as Ninety One, allowing the company to focus on its core services.<\/p>\n\n\n\n<p>In 2023, Investec also agreed to sell its UK wealth and investment businesses to Rathbones.<\/p>\n\n\n\n<div style=\"height:36px\" aria-hidden=\"true\" class=\"wp-block-spacer\"><\/div>\n\n\n\n<h2 class=\"wp-block-heading\"><strong>Investec performance<\/strong><\/h2>\n\n\n\n<p>As of 2024, Investec reported strong financial metrics, with an adjusted operating profit of \u00a3884.5 million and adjusted earnings per share of 78.1 pence. The firm achieved a cost-to-income ratio of 53.8% and a credit loss ratio of 28 basis points, while return on equity stands at 14.6%, and the net asset value per share is 563.9 pence, indicating solid shareholder returns and financial stability.<\/p>\n\n\n\n<p>Globally, the bank has a top-tier AAA MSCI rating, placing it in the top 2% of its peer group. It also prioritizes diversity, with 58% female representation and 42% persons of color on its board. <\/p>\n\n\n\n<div style=\"height:36px\" aria-hidden=\"true\" class=\"wp-block-spacer\"><\/div>\n\n\n\n<h2 class=\"wp-block-heading\"><a href=\"https:\/\/www.investec.com\/content\/dam\/international\/corporate-governance\/2024\/Director-biographies.pdf\" target=\"_blank\" rel=\"noopener\"><strong>Investec Board of Directors and Leadership<\/strong><\/a><\/h2>\n\n\n\n<ul class=\"wp-block-list\">\n<li><strong>Philip Hourquebie \u2013 Chair:<\/strong> Appointed to the Board in August 2017 and as Chair in August 2021, Philip brings substantial international and advisory experience from his long career at Ernst &amp; Young, where he held positions including Managing Partner for sub-Saharan Africa and later, Central and South East Europe.<\/li>\n\n\n\n<li><strong>Zarina Bassa \u2013 Senior Independent Director:<\/strong> Serving on the Board since November 2014 and as Senior Independent Director since April 2018, Zarina&#8217;s background includes roles as a partner at Ernst &amp; Young, Executive Director of Absa Bank, and Chair of the South African Public Accountants\u2019 and Auditors\u2019 Board.<\/li>\n\n\n\n<li><strong>Fani Titi \u2013 Group Chief Executive Officer:<\/strong> Fani has been with Investec since 2004, serving as Joint CEO from October 2018 and becoming sole Group CEO in March 2020. His leadership focuses on growing Investec\u2019s core businesses and delivering optimal outcomes for clients and stakeholders. Prior to Investec, Fani co-founded the Tiso Group and has over two decades of investment banking experience.<\/li>\n\n\n\n<li><strong>Nishlan Samujh \u2013 Group Finance Director:<\/strong> Joining the firm in 2000, Nishlan has held various roles, including Global Head of Finance, before being appointed Finance Director in April 2019. His career began at KPMG, followed by a stint at Sasol Chemical Industries, bringing a strong foundation in financial management to his current role.<\/li>\n\n\n\n<li><strong>Henrietta Baldock \u2013 Independent Non-Executive Director:<\/strong> Henrietta has over 25 years of experience in investment banking, notably as Chair of the European Financial Institutions team at Bank of America Merrill Lynch.<\/li>\n\n\n\n<li><strong>Stephen Koseff \u2013 Non-Executive Director:<\/strong> A veteran of Investec with 39 years of service, Stephen brings profound commercial, finance, risk, and industry expertise to the Board.<\/li>\n\n\n\n<li><strong>Nicky Newton-King \u2013 Independent Non-Executive Director:<\/strong> Nicky is a lawyer by training and served as CEO of the Johannesburg Stock Exchange from 2012 to 2019.<\/li>\n<\/ul>\n\n\n\n<div style=\"height:36px\" aria-hidden=\"true\" class=\"wp-block-spacer\"><\/div>\n\n\n\n<h2 class=\"wp-block-heading\"><strong>Investec Contact Information<\/strong><\/h2>\n\n\n\n<p>Investec has both <a href=\"https:\/\/www.investec.com\/en_int\/welcome-to-investec\/contact-us.html\" target=\"_blank\" rel=\"noopener\">offices in Africa and the United Kingdom<\/a>.<\/p>\n\n\n\n<ul class=\"wp-block-list\">\n<li>SA:&nbsp;&nbsp;<a href=\"tel:0027112867000\" target=\"_blank\" rel=\"noreferrer noopener\">+27 (11) 286 7000<\/a><\/li>\n\n\n\n<li>UK:&nbsp;&nbsp;<a href=\"tel:00442075974000\" target=\"_blank\" rel=\"noreferrer noopener\">+44 (0)20 7597 4000<\/a><\/li>\n<\/ul>\n\n\n\n<p><\/p>\n\n\n\n<p><strong>\u00bfLe duele la indecisi\u00f3n financiera? <\/strong><\/p>\n\n\n\n<figure class=\"wp-block-image size-large is-resized\"><img decoding=\"async\" width=\"512\" height=\"288\" src=\"https:\/\/adamfayed.com\/wp-content\/uploads\/2025\/03\/Adam-Fayed-Contact_CTA3-512x288.jpg\" alt=\"\" class=\"wp-image-117505\" style=\"width:683px;height:auto\" srcset=\"https:\/\/adamfayed.com\/wp-content\/uploads\/2025\/03\/Adam-Fayed-Contact_CTA3-512x288.jpg 512w, https:\/\/adamfayed.com\/wp-content\/uploads\/2025\/03\/Adam-Fayed-Contact_CTA3-300x169.jpg 300w, https:\/\/adamfayed.com\/wp-content\/uploads\/2025\/03\/Adam-Fayed-Contact_CTA3-768x432.jpg 768w, https:\/\/adamfayed.com\/wp-content\/uploads\/2025\/03\/Adam-Fayed-Contact_CTA3-scaled.jpg 825w\" sizes=\"(max-width: 512px) 100vw, 512px\" \/><\/figure>\n\n\n\n<div style=\"height:10px\" aria-hidden=\"true\" class=\"wp-block-spacer\"><\/div>\n\n\n\n<div class=\"wp-block-buttons is-layout-flex wp-block-buttons-is-layout-flex\">\n<div class=\"wp-block-button\"><a class=\"wp-block-button__link wp-element-button\" href=\"https:\/\/adamfayed.com\/es\/become-adams-client\/\">Convi\u00e9rtase en mi cliente<\/a><\/div>\n\n\n\n<div class=\"wp-block-button\"><a class=\"wp-block-button__link wp-element-button\" href=\"https:\/\/adamfayed.com\/es\/good-match-quiz\/\" target=\"_blank\" rel=\"noreferrer noopener\">Realice el cuestionario de elegibilidad de clientes<\/a><\/div>\n\n\n\n<div class=\"wp-block-button\"><a class=\"wp-block-button__link wp-element-button\" href=\"https:\/\/adamfayed.com\/es\/contact\/\" target=\"_blank\" rel=\"noreferrer noopener\">P\u00f3ngase en contacto con<\/a><\/div>\n<\/div>\n\n\n\n<p><strong>Adam es un autor reconocido internacionalmente en temas financieros, con m\u00e1s de 830 millones de respuestas en Quora, un libro muy vendido en Amazon y colaborador de Forbes.<\/strong><\/p>\n\n\n\n\n\n<p><\/p>\n\n\n\n<p><\/p>","protected":false},"excerpt":{"rendered":"<p>Investec is an international banking and wealth management group founded in Johannesburg, South Africa, in 1974. Over nearly five decades, Investec has grown organically and through strategic acquisitions into a publicly traded company listed on both the London and Johannesburg Stock Exchanges. The bank employs over 7,400 staff across more than 40 cities on five [&hellip;]<\/p>","protected":false},"author":16,"featured_media":91909,"parent":79525,"menu_order":0,"comment_status":"closed","ping_status":"closed","template":"","meta":{"rop_custom_images_group":[],"rop_custom_messages_group":[],"rop_publish_now":"initial","rop_publish_now_accounts":{"facebook_10166176115445471_100883565069113":""},"rop_publish_now_history":[],"rop_publish_now_status":"pending","footnotes":""},"class_list":["post-91908","page","type-page","status-publish","has-post-thumbnail","hentry"],"_links":{"self":[{"href":"https:\/\/adamfayed.com\/es\/wp-json\/wp\/v2\/pages\/91908","targetHints":{"allow":["GET"]}}],"collection":[{"href":"https:\/\/adamfayed.com\/es\/wp-json\/wp\/v2\/pages"}],"about":[{"href":"https:\/\/adamfayed.com\/es\/wp-json\/wp\/v2\/types\/page"}],"author":[{"embeddable":true,"href":"https:\/\/adamfayed.com\/es\/wp-json\/wp\/v2\/users\/16"}],"replies":[{"embeddable":true,"href":"https:\/\/adamfayed.com\/es\/wp-json\/wp\/v2\/comments?post=91908"}],"version-history":[{"count":3,"href":"https:\/\/adamfayed.com\/es\/wp-json\/wp\/v2\/pages\/91908\/revisions"}],"predecessor-version":[{"id":240052,"href":"https:\/\/adamfayed.com\/es\/wp-json\/wp\/v2\/pages\/91908\/revisions\/240052"}],"up":[{"embeddable":true,"href":"https:\/\/adamfayed.com\/es\/wp-json\/wp\/v2\/pages\/79525"}],"wp:featuredmedia":[{"embeddable":true,"href":"https:\/\/adamfayed.com\/es\/wp-json\/wp\/v2\/media\/91909"}],"wp:attachment":[{"href":"https:\/\/adamfayed.com\/es\/wp-json\/wp\/v2\/media?parent=91908"}],"curies":[{"name":"wp","href":"https:\/\/api.w.org\/{rel}","templated":true}]}}