{"id":91982,"date":"2025-01-08T08:26:04","date_gmt":"2025-01-08T08:26:04","guid":{"rendered":"https:\/\/adamfayed.com\/?page_id=91982"},"modified":"2025-01-08T08:53:54","modified_gmt":"2025-01-08T08:53:54","slug":"quilter-cheviot-profile-what-is-quilter-cheviot","status":"publish","type":"page","link":"https:\/\/adamfayed.com\/es\/investment-options\/investment-providers\/quilter-cheviot-profile-what-is-quilter-cheviot\/","title":{"rendered":"Quilter Cheviot Profile: What is Quilter Cheviot?"},"content":{"rendered":"<p><a href=\"https:\/\/adamfayed.com\/es\/review-articles\/quilter-cheviot-review-a-good-option-in-2023\/\">Acolchadora Cheviot<\/a> is a UK-based investment management firm that offers bespoke portfolio management services to private clients, charities, companies, and institutions.<\/p>\n\n\n\n<p>Operating through a network of offices in London and regional locations, Quilter Cheviot is a <a href=\"https:\/\/www.quiltercheviot.com\/about-us\/\" target=\"_blank\" rel=\"noopener\">member of the London Stock Exchange<\/a> and is authorized and regulated by the Financial Conduct Authority (FCA No. 124259).<\/p>\n\n\n\n<p>Si desea invertir como expatriado o particular con un elevado patrimonio neto, que es en lo que estoy especializado, puede enviarme un correo electr\u00f3nico (advice@adamfayed.com) o WhatsApp (+44-7393-450-837).<\/p>\n\n\n\n<p>Algunos de los datos podr\u00edan cambiar desde el momento de la redacci\u00f3n. Si desea informaci\u00f3n actualizada, p\u00f3ngase en contacto conmigo.<\/p>\n\n\n\n<p>This page will cover what is Quilter Cheviot, history, service offerings, main executives, and contact details.<\/p>\n\n\n\n<h2 class=\"wp-block-heading\">What is Quilter Cheviot?<\/h2>\n\n\n\n<p><\/p>\n\n\n\n<h3 class=\"wp-block-heading\">Who owns Quilter Cheviot?<\/h3>\n\n\n\n<p>As a wholly owned subsidiary of Quilter plc, a FTSE 250 <a href=\"https:\/\/adamfayed.com\/es\/expat-financial-advisor\/what-is-wealth-management\/\">gesti\u00f3n de patrimonios<\/a> company, Quilter Cheviot aligns with its parent company&#8217;s strategy focused on growing with clients and advisers, enhancing operational efficiency, increasing digitalization, and being a responsible wealth manager.<\/p>\n\n\n\n<h3 class=\"wp-block-heading\">When was Quilter Cheviot founded?<\/h3>\n\n\n\n<p>La empresa <a href=\"https:\/\/www.quiltercheviot.com\/about-us\/our-heritage\/\" target=\"_blank\" rel=\"noopener\">traces its roots back to 1771<\/a>, when William Morris and Sons was formed as a partnership of 150 stockbrokers operating out of Jonathan\u2019s Coffee House. <\/p>\n\n\n\n<p>Over the years, the firm has evolved and adapted to industry changes, maintaining a commitment to personalized service, wealth preservation, and a robust investment process.<\/p>\n\n\n\n<figure class=\"wp-block-image alignright size-medium\"><img fetchpriority=\"high\" decoding=\"async\" width=\"300\" height=\"200\" src=\"https:\/\/adamfayed.com\/wp-content\/uploads\/2024\/12\/big-ben-7116305_640-300x200.jpg\" alt=\"what is Quilter Cheviot\" class=\"wp-image-91993\" srcset=\"https:\/\/adamfayed.com\/wp-content\/uploads\/2024\/12\/big-ben-7116305_640-300x200.jpg 300w, https:\/\/adamfayed.com\/wp-content\/uploads\/2024\/12\/big-ben-7116305_640-512x342.jpg 512w, https:\/\/adamfayed.com\/wp-content\/uploads\/2024\/12\/big-ben-7116305_640.jpg 640w\" sizes=\"(max-width: 300px) 100vw, 300px\" \/><\/figure>\n\n\n\n<p>In 2001, Quilter launched its first Managed Portfolio Service (MPS), and in 2006, Cheviot Asset Management entered the market, eventually merging with Quilter in 2013. <\/p>\n\n\n\n<p>The firm was acquired by Old Mutual Wealth in 2015, which rebranded as Quilter in 2018 and listed on the London and Johannesburg Stock Exchanges. That same year, Quilter Cheviot Europe was established and authorized.<\/p>\n\n\n\n<p>Recent developments include the launch of the Quilter Cheviot Global Income and Growth Fund for Charities in 2020, the Positive Change Strategy focusing on ESG and sustainable investments in 2021, and a growth-focused version of the Climate Assets Balanced Fund in 2022.<\/p>\n\n\n\n<p>In its <a href=\"https:\/\/media.quilter.com\/search\/2024\/quilter-delivers-a-25-increase-in-adjusted-profit-to-167-million-and-a-five-percentage-point-improvement-in-the-operating-margin-to-27\/\" target=\"_blank\" rel=\"noopener\">financial performance<\/a> for the year ended 31 December 2023, the Quilter group reported a 25% increase in adjusted profit to \u00a3167 million and a five percentage point improvement in the operating margin to 27%.<\/p>\n\n\n\n<h3 class=\"wp-block-heading\">What does Quilter Cheviot do?<\/h3>\n\n\n\n<p>The firm&#8217;s services include discretionary and managed portfolio management, catering to a diverse clientele seeking tailored <a href=\"https:\/\/adamfayed.com\/es\/investment-options\/\">opciones de inversi\u00f3n<\/a>.<\/p>\n\n\n\n<h4 class=\"wp-block-heading\">Planificaci\u00f3n financiera<\/h4>\n\n\n\n<p>Their <a href=\"https:\/\/adamfayed.com\/es\/personal-financial-planning\/\">planificaci\u00f3n financiera<\/a> service provides personalized advice to help clients navigate complex financial decisions and achieve their goals.<\/p>\n\n\n\n<h4 class=\"wp-block-heading\">Gesti\u00f3n de inversiones<\/h4>\n\n\n\n<p>Quilter Cheviot&#8217;s investment management solutions are designed to optimize wealth growth. They offer services for clients seeking to <a href=\"https:\/\/adamfayed.com\/es\/investment-options\/investing-for-income\/\">generate income<\/a> or achieve capital appreciation, with investment strategies tailored to support various financial needs, such as funding education or <a href=\"https:\/\/adamfayed.com\/es\/investment-options\/real-estate\/\">compra de inmuebles<\/a>.<\/p>\n\n\n\n<h3 class=\"wp-block-heading\"><a href=\"https:\/\/plc.quilter.com\/about-us\/quilter-leadership\/\" target=\"_blank\" rel=\"noopener\">Quilter Leadership<\/a><\/h3>\n\n\n\n<ul class=\"wp-block-list\">\n<li><strong>Steven Levin \u2013 Quilter plc Chief Executive Officer<\/strong><br>Appointed CEO in November 2022, Steven Levin has extensive experience in asset management, investments, and distribution. Having joined Quilter in 1998, he became a member of the Executive Committee in 2011 and played a significant role in strategic initiatives, including implementing Quilter\u2019s investment platform. Steven is also a member of the Investment Association Advisory Council.<\/li>\n\n\n\n<li><strong>Ruth Markland \u2013 Quilter plc Chair<\/strong><br>Ruth Markland has served as Chair of Quilter&#8217;s Board since May 2022. Appointed to the Board in June 2018, she brings a wealth of experience from previous senior roles, including Managing Partner of Freshfields Bruckhaus Deringer\u2019s Asia business and board positions at Standard Chartered plc and The Sage Group plc.<\/li>\n\n\n\n<li><strong>Andy McGlone \u2013 CEO, Quilter Cheviot and Quilter Cheviot Financial Planning<\/strong><br>Andy McGlone, appointed Chief Executive Officer of Quilter Cheviot in January 2019 and Quilter Cheviot Financial Planning in January 2022, has been with the company since 1994. Starting as a Trainee Investment Manager, he worked his way up through various roles, including Managing Director. He is a Fellow of the Chartered Institute for Securities and Investments and serves on the board of PIMFA, the industry trade association.<\/li>\n<\/ul>\n\n\n\n<p><\/p>\n\n\n\n<h3 class=\"wp-block-heading\">Quilter Cheviot Office Locations and Contact Information<\/h3>\n\n\n\n<p>Aside from the head office, Quilter Cheviot also has&nbsp;<a href=\"https:\/\/www.quiltercheviot.com\/about-us\/investment-management-offices\/\" target=\"_blank\" rel=\"noopener\">offices across the UK<\/a>, as well as Jersey, Dublin and Dubai.<\/p>\n\n\n\n<h4 class=\"wp-block-heading\">Registered office<\/h4>\n\n\n\n<ul class=\"wp-block-list\">\n<li><strong>Direcci\u00f3n:<\/strong> Senator House, 85 Queen Victoria Street, London EC4V 4AB, UK<\/li>\n<\/ul>\n\n\n\n<p><\/p>\n\n\n\n<p><strong>\u00bfLe duele la indecisi\u00f3n financiera? <\/strong><\/p>\n\n\n\n<figure class=\"wp-block-image size-large is-resized\"><img decoding=\"async\" width=\"512\" height=\"288\" src=\"https:\/\/adamfayed.com\/wp-content\/uploads\/2025\/03\/Adam-Fayed-Contact_CTA3-512x288.jpg\" alt=\"\" class=\"wp-image-117505\" style=\"width:683px;height:auto\" srcset=\"https:\/\/adamfayed.com\/wp-content\/uploads\/2025\/03\/Adam-Fayed-Contact_CTA3-512x288.jpg 512w, https:\/\/adamfayed.com\/wp-content\/uploads\/2025\/03\/Adam-Fayed-Contact_CTA3-300x169.jpg 300w, https:\/\/adamfayed.com\/wp-content\/uploads\/2025\/03\/Adam-Fayed-Contact_CTA3-768x432.jpg 768w, https:\/\/adamfayed.com\/wp-content\/uploads\/2025\/03\/Adam-Fayed-Contact_CTA3-scaled.jpg 825w\" sizes=\"(max-width: 512px) 100vw, 512px\" \/><\/figure>\n\n\n\n<div style=\"height:10px\" aria-hidden=\"true\" class=\"wp-block-spacer\"><\/div>\n\n\n\n<div class=\"wp-block-buttons is-layout-flex wp-block-buttons-is-layout-flex\">\n<div class=\"wp-block-button\"><a class=\"wp-block-button__link wp-element-button\" href=\"https:\/\/adamfayed.com\/es\/become-adams-client\/\">Convi\u00e9rtase en mi cliente<\/a><\/div>\n\n\n\n<div class=\"wp-block-button\"><a class=\"wp-block-button__link wp-element-button\" href=\"https:\/\/adamfayed.com\/es\/good-match-quiz\/\" target=\"_blank\" rel=\"noreferrer noopener\">Realice el cuestionario de elegibilidad de clientes<\/a><\/div>\n\n\n\n<div class=\"wp-block-button\"><a class=\"wp-block-button__link wp-element-button\" href=\"https:\/\/adamfayed.com\/es\/contact\/\" target=\"_blank\" rel=\"noreferrer noopener\">P\u00f3ngase en contacto con<\/a><\/div>\n<\/div>\n\n\n\n<p><strong>Adam es un autor reconocido internacionalmente en temas financieros, con m\u00e1s de 830 millones de respuestas en Quora, un libro muy vendido en Amazon y colaborador de Forbes.<\/strong><\/p>","protected":false},"excerpt":{"rendered":"<p>Quilter Cheviot is a UK-based investment management firm that offers bespoke portfolio management services to private clients, charities, companies, and institutions. Operating through a network of offices in London and regional locations, Quilter Cheviot is a member of the London Stock Exchange and is authorized and regulated by the Financial Conduct Authority (FCA No. 124259). [&hellip;]<\/p>\n","protected":false},"author":16,"featured_media":91992,"parent":79525,"menu_order":0,"comment_status":"closed","ping_status":"closed","template":"","meta":{"rop_custom_images_group":[],"rop_custom_messages_group":[],"rop_publish_now":"initial","rop_publish_now_accounts":{"facebook_10166176115445471_100883565069113":""},"rop_publish_now_history":[],"rop_publish_now_status":"pending","footnotes":""},"class_list":["post-91982","page","type-page","status-publish","has-post-thumbnail","hentry"],"_links":{"self":[{"href":"https:\/\/adamfayed.com\/es\/wp-json\/wp\/v2\/pages\/91982","targetHints":{"allow":["GET"]}}],"collection":[{"href":"https:\/\/adamfayed.com\/es\/wp-json\/wp\/v2\/pages"}],"about":[{"href":"https:\/\/adamfayed.com\/es\/wp-json\/wp\/v2\/types\/page"}],"author":[{"embeddable":true,"href":"https:\/\/adamfayed.com\/es\/wp-json\/wp\/v2\/users\/16"}],"replies":[{"embeddable":true,"href":"https:\/\/adamfayed.com\/es\/wp-json\/wp\/v2\/comments?post=91982"}],"version-history":[{"count":2,"href":"https:\/\/adamfayed.com\/es\/wp-json\/wp\/v2\/pages\/91982\/revisions"}],"predecessor-version":[{"id":92103,"href":"https:\/\/adamfayed.com\/es\/wp-json\/wp\/v2\/pages\/91982\/revisions\/92103"}],"up":[{"embeddable":true,"href":"https:\/\/adamfayed.com\/es\/wp-json\/wp\/v2\/pages\/79525"}],"wp:featuredmedia":[{"embeddable":true,"href":"https:\/\/adamfayed.com\/es\/wp-json\/wp\/v2\/media\/91992"}],"wp:attachment":[{"href":"https:\/\/adamfayed.com\/es\/wp-json\/wp\/v2\/media?parent=91982"}],"curies":[{"name":"wp","href":"https:\/\/api.w.org\/{rel}","templated":true}]}}