{"id":92023,"date":"2025-01-08T10:14:13","date_gmt":"2025-01-08T10:14:13","guid":{"rendered":"https:\/\/adamfayed.com\/?page_id=92023"},"modified":"2025-04-11T13:56:03","modified_gmt":"2025-04-11T13:56:03","slug":"absa-bank-mauritius-profile-what-is-absa-bank-mauritius","status":"publish","type":"page","link":"https:\/\/adamfayed.com\/es\/investment-options\/investment-providers\/absa-bank-mauritius-profile-what-is-absa-bank-mauritius\/","title":{"rendered":"Perfil de Absa Bank Mauritius: \u00bfQu\u00e9 es Absa Bank Mauritius?"},"content":{"rendered":"<p><a href=\"https:\/\/adamfayed.com\/es\/review-articles\/absa-bank-mauritius-review\/\">Absa Bank (Mauricio) Limited<\/a>, Barclays Bank Mauritius Limited es un importante banco comercial de Mauricio.<\/p>\n\n\n\n<p>Es una filial de <a href=\"https:\/\/www.absabank.mu\/en\/about-us\/\" target=\"_blank\" rel=\"noopener\">Absa Group Limited<\/a>, un importante conglomerado de servicios financieros con sede en Sud\u00e1frica.<\/p>\n\n\n\n<p>Si desea invertir como expatriado o particular con un elevado patrimonio neto, que es en lo que estoy especializado, puede enviarme un correo electr\u00f3nico (advice@adamfayed.com) o WhatsApp (+44-7393-450-837).<\/p>\n\n\n\n<p>Algunos de los datos podr\u00edan cambiar desde el momento de la redacci\u00f3n. Si desea informaci\u00f3n actualizada, p\u00f3ngase en contacto conmigo.<\/p>\n\n\n\n<p>Absa Bank Mauritius ofrece una amplia gama de servicios financieros que se abordar\u00e1n en esta p\u00e1gina junto con otra informaci\u00f3n pertinente relativa a la empresa.<\/p>\n\n\n\n<div style=\"height:26px\" aria-hidden=\"true\" class=\"wp-block-spacer\"><\/div>\n\n\n\n<h2 class=\"wp-block-heading\"><strong>\u00bfQu\u00e9 es Absa Bank Mauritius?<\/strong><\/h2>\n\n\n\n<p>Absa ofrece pr\u00e9stamos, cuentas corrientes y de ahorro, hipotecas y tarjetas de d\u00e9bito y cr\u00e9dito, <a href=\"https:\/\/adamfayed.com\/es\/expat-financial-advisor\/what-is-wealth-management\/\">gesti\u00f3n de patrimonios<\/a>, Servicios de inversi\u00f3n y financieros para empresas, particulares con grandes patrimonios, particulares y peque\u00f1as y medianas empresas.<\/p>\n\n\n\n<div class=\"wp-block-group is-layout-constrained wp-block-group-is-layout-constrained\">\n<figure class=\"wp-block-image alignright size-medium\"><img fetchpriority=\"high\" decoding=\"async\" width=\"300\" height=\"200\" src=\"https:\/\/adamfayed.com\/wp-content\/uploads\/2024\/12\/johannesburg-4320118_640-300x200.jpg\" alt=\"Absa Bank Mauritius is a subsidiary of Absa Group Limited, a major financial services conglomerate headquartered in South Africa.\" class=\"wp-image-92025\" srcset=\"https:\/\/adamfayed.com\/wp-content\/uploads\/2024\/12\/johannesburg-4320118_640-300x200.jpg 300w, https:\/\/adamfayed.com\/wp-content\/uploads\/2024\/12\/johannesburg-4320118_640-512x342.jpg 512w, https:\/\/adamfayed.com\/wp-content\/uploads\/2024\/12\/johannesburg-4320118_640.jpg 640w\" sizes=\"(max-width: 300px) 100vw, 300px\" \/><\/figure>\n<\/div>\n\n\n\n<p>Los or\u00edgenes del banco se remontan a 1919, cuando el Banco Nacional de Sud\u00e1frica estableci\u00f3 una sucursal en Mauricio. <\/p>\n\n\n\n<p>Tras una serie de fusiones, pas\u00f3 a formar parte de Barclays Bank (Dominion, Colonial and Overseas) en 1925.<\/p>\n\n\n\n<p>En 2013, el banco se constituy\u00f3 localmente como <a href=\"https:\/\/web.archive.org\/web\/20200325082312\/https:\/www.archive.barclays.com\/items\/show\/173\" target=\"_blank\" rel=\"noopener\">Barclays Bank Mauritius Limited<\/a>. <\/p>\n\n\n\n<p>Tras la decisi\u00f3n de Barclays Plc de reducir su participaci\u00f3n en Barclays Africa Group, el banco pas\u00f3 a llamarse Absa Bank (Mauritius) Limited el 10 de febrero de 2020.<\/p>\n\n\n\n<div style=\"height:26px\" aria-hidden=\"true\" class=\"wp-block-spacer\"><\/div>\n\n\n\n<h2 class=\"wp-block-heading\"><strong>\u00bfQu\u00e9 hace Absa Bank Mauritius?<\/strong><\/h2>\n\n\n\n<ul class=\"wp-block-list\">\n<li><strong>Soluciones de banca personal<\/strong>: Servicios financieros integrales adaptados a los particulares, que incluyen opciones accesibles para gestionar las finanzas cotidianas, ahorrar e invertir.<\/li>\n<\/ul>\n\n\n\n<p><\/p>\n\n\n\n<ul class=\"wp-block-list\">\n<li><strong>Cuentas corrientes<\/strong>: Cuentas flexibles para las necesidades bancarias cotidianas, que ofrecen funciones como tarjetas de d\u00e9bito, posibilidad de descubierto y banca electr\u00f3nica.<\/li>\n<\/ul>\n\n\n\n<p><\/p>\n\n\n\n<ul class=\"wp-block-list\">\n<li><strong><a href=\"https:\/\/adamfayed.com\/es\/investment-options\/savings-account\/\">Cuentas de ahorro<\/a><\/strong>: Cuentas seguras dise\u00f1adas para ayudar a los particulares a hacer crecer sus ahorros mediante tipos de inter\u00e9s competitivos y diversos planes de ahorro.<\/li>\n<\/ul>\n\n\n\n<p><\/p>\n\n\n\n<ul class=\"wp-block-list\">\n<li><strong>Banca de empresas y PYME<\/strong>: Servicios y soluciones especializados para peque\u00f1as y medianas empresas, incluidos pr\u00e9stamos, procesamiento de pagos y gesti\u00f3n de tesorer\u00eda.<\/li>\n<\/ul>\n\n\n\n<p><\/p>\n\n\n\n<ul class=\"wp-block-list\">\n<li><strong>Banca corporativa y de inversi\u00f3n<\/strong>: Servicios financieros avanzados para grandes empresas, incluidas fusiones, adquisiciones, captaci\u00f3n de capital y asesoramiento sobre mercados.<\/li>\n<\/ul>\n\n\n\n<p><\/p>\n\n\n\n<ul class=\"wp-block-list\">\n<li><strong>Banca Patrimonial<\/strong>: Servicios financieros exclusivos para particulares con grandes patrimonios. <a class=\"wpil_keyword_link\" href=\"https:\/\/adamfayed.com\/es\/\" title=\"gesti\u00f3n de patrimonios\" data-wpil-keyword-link=\"linked\" data-wpil-monitor-id=\"1337\">gesti\u00f3n de patrimonios<\/a>, asesoramiento en inversiones y banca privada.<\/li>\n<\/ul>\n\n\n\n<p><\/p>\n\n\n\n<ul class=\"wp-block-list\">\n<li><strong>Banca digital<\/strong>: Plataformas de banca m\u00f3vil y en l\u00ednea c\u00f3modas y seguras que ofrecen acceso ininterrumpido a la gesti\u00f3n de cuentas, transferencias, pago de facturas y mucho m\u00e1s.<\/li>\n<\/ul>\n\n\n\n<p><\/p>\n\n\n\n<h2 class=\"wp-block-heading\"><strong>Absa Bank Mauritius Liderazgo<\/strong><\/h2>\n\n\n\n<ul class=\"wp-block-list\">\n<li><strong>Ravin Dajee (Director General)<\/strong>: En el cargo desde 2007, Dajee ha llevado a Absa Mauritius a una posici\u00f3n destacada en el sector bancario local. Con formaci\u00f3n en finanzas y estrategia, es antiguo alumno de Oxford, Leicester y Harvard.<\/li>\n<\/ul>\n\n\n\n<p><\/p>\n\n\n\n<ul class=\"wp-block-list\">\n<li><strong>Franco Davis (Jefe de habilitaci\u00f3n y Director financiero)<\/strong>: Con 32 a\u00f1os en Absa, Davis supervisa las finanzas y la capacitaci\u00f3n operativa. Tiene una amplia experiencia internacional, con cargos en Seychelles y Mozambique.<\/li>\n<\/ul>\n\n\n\n<p><\/p>\n\n\n\n<ul class=\"wp-block-list\">\n<li><strong>Ajay Beegun (Director de Operaciones)<\/strong>: Beegun ha gestionado TI y operaciones desde 2008, impulsando iniciativas de transformaci\u00f3n y apoyando las operaciones regionales en Seychelles y Mozambique.<\/li>\n<\/ul>\n\n\n\n<p><\/p>\n\n\n\n<ul class=\"wp-block-list\">\n<li><strong>Vishal Joyram (Director de Mercados Mundiales)<\/strong>: Joyram supervisa los mercados mundiales y aporta experiencia internacional de PwC y otras instituciones financieras, especializ\u00e1ndose en finanzas corporativas y gesti\u00f3n de patrimonios.<\/li>\n<\/ul>\n\n\n\n<p><\/p>\n\n\n\n<ul class=\"wp-block-list\">\n<li><strong>Marie-Christine Liu (Directora de Banca Minorista y PYME)<\/strong>: Liu lleva m\u00e1s de 30 a\u00f1os en banca, centr\u00e1ndose en servicios minoristas y para pymes desde que se incorpor\u00f3 en 2014.<\/li>\n<\/ul>\n\n\n\n<p><\/p>\n\n\n\n<ul class=\"wp-block-list\">\n<li><strong>Mark Fink (Director de Riesgos)<\/strong>: Fink cuenta con m\u00e1s de 30 a\u00f1os de experiencia en gesti\u00f3n de riesgos bancarios, habiendo ocupado anteriormente altos cargos en Barclays \u00c1frica y Ghana.<\/li>\n<\/ul>\n\n\n\n<p><\/p>\n\n\n\n<ul class=\"wp-block-list\">\n<li><strong>Ravi Nundhoosing (Jefe de Finanzas)<\/strong>: Con 20 a\u00f1os en Absa, Nundhoosing gestiona las operaciones financieras, combinando conocimientos t\u00e9cnicos con liderazgo estrat\u00e9gico.<\/li>\n<\/ul>\n\n\n\n<p><\/p>\n\n\n\n<ul class=\"wp-block-list\">\n<li><strong>Aslam Taher (Director de Banca Mayorista)<\/strong>: Taher est\u00e1 especializado en banca corporativa y de inversi\u00f3n, con experiencia en desarrollo empresarial, planificaci\u00f3n y gesti\u00f3n de carteras.<\/li>\n<\/ul>\n\n\n\n<p><\/p>\n\n\n\n<ul class=\"wp-block-list\">\n<li><strong>Ashraf Burokur (Director de Estrategia, Inteligencia Empresarial y Transformaci\u00f3n)<\/strong>: Burokur se centra en el asesoramiento estrat\u00e9gico y la transformaci\u00f3n, respaldado por su gran perspicacia empresarial y su amplia experiencia en m\u00faltiples sectores.<\/li>\n<\/ul>\n\n\n\n<p><\/p>\n\n\n\n<h2 class=\"wp-block-heading\"><strong>Informaci\u00f3n de contacto de Absa Bank Mauritius<\/strong><\/h2>\n\n\n\n<p><strong>Absa Bank (Mauritius) Limited Sede central<\/strong><\/p>\n\n\n\n<ul class=\"wp-block-list\">\n<li><strong>Direcci\u00f3n:<\/strong> Absa House, 68 Wall Street, Cybercity, Ebene 72201, Mauricio<\/li>\n<\/ul>\n\n\n\n<p><\/p>\n\n\n\n<p><strong>Centro de servicios:<\/strong><\/p>\n\n\n\n<ul class=\"wp-block-list\">\n<li>+230 402 1000\u00a0(24\/7)<\/li>\n\n\n\n<li><a href=\"mailto:customer.contact@absa.africa\">customer.contact@absa.africa<\/a><\/li>\n<\/ul>\n\n\n\n<p><\/p>\n\n\n\n<p><strong>\u00bfLe duele la indecisi\u00f3n financiera? <\/strong><\/p>\n\n\n\n<figure class=\"wp-block-image size-large is-resized\"><img decoding=\"async\" width=\"512\" height=\"288\" src=\"https:\/\/adamfayed.com\/wp-content\/uploads\/2025\/03\/Adam-Fayed-Contact_CTA3-512x288.jpg\" alt=\"\" class=\"wp-image-117505\" style=\"width:683px;height:auto\" srcset=\"https:\/\/adamfayed.com\/wp-content\/uploads\/2025\/03\/Adam-Fayed-Contact_CTA3-512x288.jpg 512w, https:\/\/adamfayed.com\/wp-content\/uploads\/2025\/03\/Adam-Fayed-Contact_CTA3-300x169.jpg 300w, https:\/\/adamfayed.com\/wp-content\/uploads\/2025\/03\/Adam-Fayed-Contact_CTA3-768x432.jpg 768w, https:\/\/adamfayed.com\/wp-content\/uploads\/2025\/03\/Adam-Fayed-Contact_CTA3-scaled.jpg 825w\" sizes=\"(max-width: 512px) 100vw, 512px\" \/><\/figure>\n\n\n\n<div style=\"height:10px\" aria-hidden=\"true\" class=\"wp-block-spacer\"><\/div>\n\n\n\n<div class=\"wp-block-buttons is-layout-flex wp-block-buttons-is-layout-flex\">\n<div class=\"wp-block-button\"><a class=\"wp-block-button__link wp-element-button\" href=\"https:\/\/adamfayed.com\/es\/become-adams-client\/\">Convi\u00e9rtase en mi cliente<\/a><\/div>\n\n\n\n<div class=\"wp-block-button\"><a class=\"wp-block-button__link wp-element-button\" href=\"https:\/\/adamfayed.com\/es\/good-match-quiz\/\" target=\"_blank\" rel=\"noreferrer noopener\">Realice el cuestionario de elegibilidad de clientes<\/a><\/div>\n\n\n\n<div class=\"wp-block-button\"><a class=\"wp-block-button__link wp-element-button\" href=\"https:\/\/adamfayed.com\/es\/contact\/\" target=\"_blank\" rel=\"noreferrer noopener\">P\u00f3ngase en contacto con<\/a><\/div>\n<\/div>\n\n\n\n<p><strong>Adam es un autor reconocido internacionalmente en temas financieros, con m\u00e1s de 830 millones de respuestas en Quora, un libro muy vendido en Amazon y colaborador de Forbes.<\/strong><\/p>","protected":false},"excerpt":{"rendered":"<p>Absa Bank (Mauritius) Limited, formerly known as Barclays Bank Mauritius Limited, is a prominent commercial bank in Mauritius. It is a subsidiary of Absa Group Limited, a major financial services conglomerate headquartered in South Africa. If you are looking to invest as an expat or high-net-worth individual, which is what I specialize in, you can [&hellip;]<\/p>\n","protected":false},"author":16,"featured_media":92024,"parent":79525,"menu_order":0,"comment_status":"closed","ping_status":"closed","template":"","meta":{"rop_custom_images_group":[],"rop_custom_messages_group":[],"rop_publish_now":"initial","rop_publish_now_accounts":{"facebook_10166176115445471_100883565069113":""},"rop_publish_now_history":[],"rop_publish_now_status":"pending","footnotes":""},"class_list":["post-92023","page","type-page","status-publish","has-post-thumbnail","hentry"],"_links":{"self":[{"href":"https:\/\/adamfayed.com\/es\/wp-json\/wp\/v2\/pages\/92023","targetHints":{"allow":["GET"]}}],"collection":[{"href":"https:\/\/adamfayed.com\/es\/wp-json\/wp\/v2\/pages"}],"about":[{"href":"https:\/\/adamfayed.com\/es\/wp-json\/wp\/v2\/types\/page"}],"author":[{"embeddable":true,"href":"https:\/\/adamfayed.com\/es\/wp-json\/wp\/v2\/users\/16"}],"replies":[{"embeddable":true,"href":"https:\/\/adamfayed.com\/es\/wp-json\/wp\/v2\/comments?post=92023"}],"version-history":[{"count":3,"href":"https:\/\/adamfayed.com\/es\/wp-json\/wp\/v2\/pages\/92023\/revisions"}],"predecessor-version":[{"id":132118,"href":"https:\/\/adamfayed.com\/es\/wp-json\/wp\/v2\/pages\/92023\/revisions\/132118"}],"up":[{"embeddable":true,"href":"https:\/\/adamfayed.com\/es\/wp-json\/wp\/v2\/pages\/79525"}],"wp:featuredmedia":[{"embeddable":true,"href":"https:\/\/adamfayed.com\/es\/wp-json\/wp\/v2\/media\/92024"}],"wp:attachment":[{"href":"https:\/\/adamfayed.com\/es\/wp-json\/wp\/v2\/media?parent=92023"}],"curies":[{"name":"wp","href":"https:\/\/api.w.org\/{rel}","templated":true}]}}