{"id":92069,"date":"2025-01-12T19:26:22","date_gmt":"2025-01-12T19:26:22","guid":{"rendered":"https:\/\/adamfayed.com\/?page_id=92069"},"modified":"2025-11-24T08:04:34","modified_gmt":"2025-11-24T08:04:34","slug":"charles-schwab-profile-what-is-charles-schwab-corporation","status":"publish","type":"page","link":"https:\/\/adamfayed.com\/es\/investment-options\/investment-providers\/charles-schwab-profile-what-is-charles-schwab-corporation\/","title":{"rendered":"Perfil de Charles Schwab: \u00bfQu\u00e9 es Charles Schwab Corporation?"},"content":{"rendered":"<p>En <a href=\"https:\/\/adamfayed.com\/es\/review-articles\/charles-schwab-international-review-for-non-us-residents\/\">Corporaci\u00f3n Charles Schwab<\/a> es una importante multinacional estadounidense de servicios financieros con sede en Westlake, Texas.<\/p>\n\n\n\n<p>Si desea invertir como expatriado o particular con un elevado patrimonio neto, que es en lo que estoy especializado, puede enviarme un correo electr\u00f3nico (advice@adamfayed.com) o WhatsApp (+44-7393-450-837).<\/p>\n\n\n\n<p>Algunos de los datos podr\u00edan cambiar desde el momento de la redacci\u00f3n. Si desea informaci\u00f3n actualizada, p\u00f3ngase en contacto conmigo.<\/p>\n\n\n\n<div style=\"height:30px\" aria-hidden=\"true\" class=\"wp-block-spacer\"><\/div>\n\n\n\n<h2 class=\"wp-block-heading\"><strong>\u00bfQui\u00e9n es Charles Schwab?<\/strong><\/h2>\n\n\n\n<p>Fundada en 1971 por Charles R. Schwab, <a href=\"https:\/\/www.aboutschwab.com\/our-company\" target=\"_blank\" rel=\"noopener\">la empresa<\/a> ofrece una amplia gama de servicios, como banca comercial y personal, corretaje de valores, gesti\u00f3n de patrimonios, asesoramiento en inversiones y planificaci\u00f3n financiera, dirigidos tanto a clientes particulares como institucionales.<\/p>\n\n\n\n<p><a href=\"https:\/\/www.aboutschwab.com\/history\" target=\"_blank\" rel=\"noopener\">Charles R. Schwab<\/a> y otros dos socios lanzaron Investment Indicator, un bolet\u00edn de asesoramiento sobre inversiones. Se constituyeron en sociedad en 1971 y pronto se convirtieron en l\u00edderes en servicios de corretaje de descuento tras la desregulaci\u00f3n de las comisiones de corretaje en 1975.<\/p>\n\n\n\n<p>Schwab fue la primera en introducir varios servicios centrados en el inversor, como la negociaci\u00f3n 24\/7, <a href=\"https:\/\/adamfayed.com\/es\/investment-options\/mutual-funds\/\">fondo de inversi\u00f3n <\/a>y herramientas de corretaje en l\u00ednea. En la d\u00e9cada de 1980, Schwab fue reconocido como \u201cel mayor corredor de descuento de Estados Unidos\u201d y se convirti\u00f3 en miembro de la Bolsa de Nueva York.<\/p>\n\n\n\n<div class=\"wp-block-group is-layout-constrained wp-block-group-is-layout-constrained\">\n<figure class=\"wp-block-image alignright size-medium is-resized\"><img fetchpriority=\"high\" decoding=\"async\" width=\"300\" height=\"300\" src=\"https:\/\/adamfayed.com\/wp-content\/uploads\/2025\/01\/Schwab_Chuck_mod-300x300.png\" alt=\"Charles R. Schwab and two other partners launch Investment Indicator, an investment advisory newsletter. \" class=\"wp-image-92074\" style=\"width:275px;height:auto\" srcset=\"https:\/\/adamfayed.com\/wp-content\/uploads\/2025\/01\/Schwab_Chuck_mod-300x300.png 300w, https:\/\/adamfayed.com\/wp-content\/uploads\/2025\/01\/Schwab_Chuck_mod-150x150.png 150w, https:\/\/adamfayed.com\/wp-content\/uploads\/2025\/01\/Schwab_Chuck_mod.png 368w\" sizes=\"(max-width: 300px) 100vw, 300px\" \/><\/figure>\n<\/div>\n\n\n\n<p>Entre 2008 y 2019, Schwab se centr\u00f3 en la innovaci\u00f3n impulsada por el cliente durante la crisis financiera, lanzando ETF sin comisiones y soluciones m\u00f3viles. Schwab introdujo servicios como Schwab Intelligent Portfolios y StreetSmart Edge para operadores activos.<\/p>\n\n\n\n<p>Al final de este periodo, los activos de los clientes hab\u00edan crecido hasta $2 billones. Schwab dio un paso importante al adquirir TD Ameritrade, ampliando su alcance en el mercado y su oferta de productos.<\/p>\n\n\n\n<p>Desde 2020 hasta la actualidad, Charles Schwab ha continuado su crecimiento mediante adquisiciones, nuevos servicios y transformaci\u00f3n digital. Introdujo productos como Schwab Stock Slices y Schwab Personalized Indexing. Schwab ampli\u00f3 sus servicios ESG y tem\u00e1ticos. <a href=\"https:\/\/adamfayed.com\/es\/investment-options\/\">opciones de inversi\u00f3n<\/a>, lanzando ETF como el Schwab Crypto Thematic ETF.<\/p>\n\n\n\n<div style=\"height:25px\" aria-hidden=\"true\" class=\"wp-block-spacer\"><\/div>\n\n\n\n<h3 class=\"wp-block-heading\">\u00bfQu\u00e9 hace Charles Schwab?<\/h3>\n\n\n\n<p>Schwab presta servicios a tres grupos principales de clientes: inversores particulares, asesores de inversi\u00f3n independientes registrados (RIA) y empresas que ofrecen beneficios financieros en el lugar de trabajo. La empresa presta servicios a m\u00e1s de 15.000 RIA, 5,4 millones de participantes en planes en el lugar de trabajo y millones de inversores particulares.<\/p>\n\n\n\n<p>A finales de 2024, Schwab gestionaba $10,31 billones en activos totales de clientes, con 36,2 millones de cuentas de corretaje, 2 millones de cuentas bancarias y 6,62 millones de operaciones diarias de media. La empresa posee 1,17 billones en fondos de inversi\u00f3n y ETF propios.<\/p>\n\n\n\n<div style=\"height:30px\" aria-hidden=\"true\" class=\"wp-block-spacer\"><\/div>\n\n\n\n<h2 class=\"wp-block-heading\"><strong>Productos y servicios de Charles Schwab<\/strong><\/h2>\n\n\n\n<ul class=\"wp-block-list\">\n<li><strong>Cuentas<\/strong>: Incluye cuentas de corretaje, de jubilaci\u00f3n (IRA), de custodia y para peque\u00f1as empresas, adaptadas a diversos objetivos financieros.<\/li>\n\n\n\n<li><strong>Comercio<\/strong>: Ofrece plataformas de negociaci\u00f3n avanzadas como Schwab Trading Powered by Ameritrade y thinkorswim, que cubren acciones, opciones, ETF, futuros y mucho m\u00e1s.<\/li>\n\n\n\n<li><strong>Productos de inversi\u00f3n<\/strong>: Amplia gama de productos, incluidos fondos de inversi\u00f3n, <a href=\"https:\/\/adamfayed.com\/es\/investment-options\/etfs\/\">ETFs<\/a>, <a href=\"https:\/\/adamfayed.com\/es\/investment-options\/stocks\/\">acciones<\/a>, <a href=\"https:\/\/adamfayed.com\/es\/investment-options\/what-are-bonds\/\">bonos<\/a>, CDs, <a href=\"https:\/\/adamfayed.com\/es\/investment-options\/money-market-fund\/\">fondos del mercado monetario<\/a>, <a href=\"https:\/\/adamfayed.com\/es\/investment-options\/annuity\/\">anualidades<\/a>, y opciones relacionadas con la criptograf\u00eda.<\/li>\n\n\n\n<li><strong>Banca y pr\u00e9stamos<\/strong>: Comprobaci\u00f3n de ofertas, <a href=\"https:\/\/adamfayed.com\/es\/investment-options\/savings-account\/\">cuentas de ahorro<\/a>, Pr\u00e9stamos hipotecarios, tarjetas de cr\u00e9dito y soluciones de endeudamiento.<\/li>\n\n\n\n<li><strong>Ofertas destacadas<\/strong>: Productos innovadores como Schwab Stock Slices (acciones fraccionarias), Schwab Starter Kit (inversi\u00f3n para principiantes), Schwab Personalized Indexing (indexaci\u00f3n personalizada de Schwab) y tax-efficient (ventajas fiscales). <a href=\"https:\/\/adamfayed.com\/es\/personal-financial-planning\/the-retirement-plan-guide\/\">soluciones de jubilaci\u00f3n<\/a>.<\/li>\n<\/ul>\n\n\n\n<div style=\"height:30px\" aria-hidden=\"true\" class=\"wp-block-spacer\"><\/div>\n\n\n\n<h2 class=\"wp-block-heading\"><a href=\"https:\/\/www.aboutschwab.com\/leadership\" target=\"_blank\" rel=\"noopener\"><strong>Charles Schwab Liderazgo<\/strong><\/a><\/h2>\n\n\n\n<ul class=\"wp-block-list\">\n<li><strong>Charles R. Schwab - Copresidente, Director<br><\/strong>Fundador de Charles Schwab &amp; Co., fue Presidente de 1986 a 2022 y Copresidente desde 2022. Fue Consejero Delegado durante dos periodos clave (1986-1997 y 2004-2008) y ayud\u00f3 a establecer la empresa como una firma de inversi\u00f3n l\u00edder. Su visi\u00f3n a largo plazo sigue impulsando el crecimiento de Schwab.<\/li>\n\n\n\n<li><strong>Walter W. Bettinger II - Copresidente, Director<br><\/strong>Durante su mandato, Schwab se convirti\u00f3 en una de las mayores empresas de servicios de inversi\u00f3n cotizadas de Estados Unidos. La empresa experiment\u00f3 un notable crecimiento en activos de clientes, cuentas, valor de las acciones y n\u00famero de empleados. Bettinger se convirti\u00f3 en Copresidente en 2022.<\/li>\n\n\n\n<li><strong>Rick Wurster - Presidente y Director General<br><\/strong>Nombrado Presidente y Consejero Delegado en enero de 2025, Wurster supervisa las empresas de clientes, banca, servicios fiduciarios, tecnolog\u00eda y operaciones globales de Schwab. Con $10,31 billones en activos de clientes y millones de cuentas, Schwab sigue siendo una empresa financiera l\u00edder mundial bajo su liderazgo. Anteriormente dirigi\u00f3 Schwab Asset Management Solutions.<\/li>\n\n\n\n<li><strong>Omar Aguilar - CEO y CIO, Schwab Asset Management<br><\/strong>Responsable de dirigir las estrategias de inversi\u00f3n de Schwab Asset Management, Aguilar tambi\u00e9n supervisa el Schwab Center for Financial Research. Con m\u00e1s de 25 a\u00f1os de experiencia en mercados de renta variable y gesti\u00f3n de activos, Aguilar impulsa las iniciativas de investigaci\u00f3n y orientaci\u00f3n financiera de la firma.<\/li>\n<\/ul>\n\n\n\n<div style=\"height:30px\" aria-hidden=\"true\" class=\"wp-block-spacer\"><\/div>\n\n\n\n<h2 class=\"wp-block-heading\"><strong>Resumen de la informaci\u00f3n de contacto de Charles Schwab<\/strong><\/h2>\n\n\n\n<ul class=\"wp-block-list\">\n<li><strong>Investigaci\u00f3n general<\/strong>: 877-519-1403<\/li>\n\n\n\n<li><strong>Servicios de corretaje<\/strong>: 800-435-4000<\/li>\n\n\n\n<li><strong>Servicios TTY para personas con discapacidad auditiva<\/strong>: 800-345-2550<\/li>\n<\/ul>\n\n\n\n<p><\/p>\n\n\n\n<p><strong>Banca e hipotecas<\/strong><\/p>\n\n\n\n<ul class=\"wp-block-list\">\n<li><strong>Servicios bancarios para clientes de Schwab<\/strong>: 888-403-9000<\/li>\n\n\n\n<li><strong>Clientes hipotecarios<\/strong>: P\u00f3ngase en contacto con Rocket Mortgage llamando al 877-535-4023.<\/li>\n<\/ul>\n\n\n\n<p><\/p>\n\n\n\n<p><strong>Carteras inteligentes Schwab<\/strong><\/p>\n\n\n\n<ul class=\"wp-block-list\">\n<li><strong>Atenci\u00f3n al cliente<\/strong>: 855-694-5208<\/li>\n<\/ul>\n\n\n\n<p><\/p>\n\n\n\n<p><strong>Servicios comerciales<\/strong><\/p>\n\n\n\n<ul class=\"wp-block-list\">\n<li><strong>Atenci\u00f3n al cliente<\/strong>: 888-245-6864<\/li>\n<\/ul>\n\n\n\n<p><\/p>\n\n\n\n<p><strong>Servicios de jubilaci\u00f3n<\/strong><\/p>\n\n\n\n<ul class=\"wp-block-list\">\n<li><strong>IRA y jubilaci\u00f3n de peque\u00f1as empresas<\/strong>: 800-435-4000<\/li>\n\n\n\n<li><strong>Planes de jubilaci\u00f3n en el lugar de trabajo<\/strong>: 800-724-7526<\/li>\n<\/ul>\n\n\n\n<p><\/p>\n\n\n\n<p><strong>Servicios multiling\u00fces o internacionales<\/strong><\/p>\n\n\n\n<ul class=\"wp-block-list\">\n<li><strong>Apoyo en mandar\u00edn\/canton\u00e9s y espa\u00f1ol<\/strong>: 415-667-8400<\/li>\n\n\n\n<li><strong>Servicios internacionales al cliente<\/strong>: 877-686-1937<\/li>\n<\/ul>\n\n\n\n<p><\/p>\n\n\n\n<p><strong>\u00bfLe duele la indecisi\u00f3n financiera? <\/strong><\/p>\n\n\n\n<figure class=\"wp-block-image size-large is-resized\"><img decoding=\"async\" width=\"512\" height=\"288\" src=\"https:\/\/adamfayed.com\/wp-content\/uploads\/2025\/03\/Adam-Fayed-Contact_CTA3-512x288.jpg\" alt=\"\" class=\"wp-image-117505\" style=\"width:683px;height:auto\" srcset=\"https:\/\/adamfayed.com\/wp-content\/uploads\/2025\/03\/Adam-Fayed-Contact_CTA3-512x288.jpg 512w, https:\/\/adamfayed.com\/wp-content\/uploads\/2025\/03\/Adam-Fayed-Contact_CTA3-300x169.jpg 300w, https:\/\/adamfayed.com\/wp-content\/uploads\/2025\/03\/Adam-Fayed-Contact_CTA3-768x432.jpg 768w, https:\/\/adamfayed.com\/wp-content\/uploads\/2025\/03\/Adam-Fayed-Contact_CTA3-scaled.jpg 825w\" sizes=\"(max-width: 512px) 100vw, 512px\" \/><\/figure>\n\n\n\n<div style=\"height:10px\" aria-hidden=\"true\" class=\"wp-block-spacer\"><\/div>\n\n\n\n<div class=\"wp-block-buttons is-layout-flex wp-block-buttons-is-layout-flex\">\n<div class=\"wp-block-button\"><a class=\"wp-block-button__link wp-element-button\" href=\"https:\/\/adamfayed.com\/es\/become-adams-client\/\">Convi\u00e9rtase en mi cliente<\/a><\/div>\n\n\n\n<div class=\"wp-block-button\"><a class=\"wp-block-button__link wp-element-button\" href=\"https:\/\/adamfayed.com\/es\/good-match-quiz\/\" target=\"_blank\" rel=\"noreferrer noopener\">Realice el cuestionario de elegibilidad de clientes<\/a><\/div>\n\n\n\n<div class=\"wp-block-button\"><a class=\"wp-block-button__link wp-element-button\" href=\"https:\/\/adamfayed.com\/es\/contact\/\" target=\"_blank\" rel=\"noreferrer noopener\">P\u00f3ngase en contacto con<\/a><\/div>\n<\/div>\n\n\n\n<p><strong>Adam es un autor reconocido internacionalmente en temas financieros, con m\u00e1s de 830 millones de respuestas en Quora, un libro muy vendido en Amazon y colaborador de Forbes.<\/strong><\/p>","protected":false},"excerpt":{"rendered":"<p>The Charles Schwab Corporation is a major American multinational financial services firm headquartered in Westlake, Texas. If you are looking to invest as an expat or high-net-worth individual, which is what I specialize in, you can email me (advice@adamfayed.com) or WhatsApp (+44-7393-450-837). Some of the facts might change from the time of writing. For updated [&hellip;]<\/p>","protected":false},"author":16,"featured_media":92072,"parent":79525,"menu_order":0,"comment_status":"closed","ping_status":"closed","template":"","meta":{"rop_custom_images_group":[],"rop_custom_messages_group":[],"rop_publish_now":"initial","rop_publish_now_accounts":{"facebook_10166176115445471_100883565069113":""},"rop_publish_now_history":[],"rop_publish_now_status":"pending","footnotes":""},"class_list":["post-92069","page","type-page","status-publish","has-post-thumbnail","hentry"],"_links":{"self":[{"href":"https:\/\/adamfayed.com\/es\/wp-json\/wp\/v2\/pages\/92069","targetHints":{"allow":["GET"]}}],"collection":[{"href":"https:\/\/adamfayed.com\/es\/wp-json\/wp\/v2\/pages"}],"about":[{"href":"https:\/\/adamfayed.com\/es\/wp-json\/wp\/v2\/types\/page"}],"author":[{"embeddable":true,"href":"https:\/\/adamfayed.com\/es\/wp-json\/wp\/v2\/users\/16"}],"replies":[{"embeddable":true,"href":"https:\/\/adamfayed.com\/es\/wp-json\/wp\/v2\/comments?post=92069"}],"version-history":[{"count":3,"href":"https:\/\/adamfayed.com\/es\/wp-json\/wp\/v2\/pages\/92069\/revisions"}],"predecessor-version":[{"id":237082,"href":"https:\/\/adamfayed.com\/es\/wp-json\/wp\/v2\/pages\/92069\/revisions\/237082"}],"up":[{"embeddable":true,"href":"https:\/\/adamfayed.com\/es\/wp-json\/wp\/v2\/pages\/79525"}],"wp:featuredmedia":[{"embeddable":true,"href":"https:\/\/adamfayed.com\/es\/wp-json\/wp\/v2\/media\/92072"}],"wp:attachment":[{"href":"https:\/\/adamfayed.com\/es\/wp-json\/wp\/v2\/media?parent=92069"}],"curies":[{"name":"wp","href":"https:\/\/api.w.org\/{rel}","templated":true}]}}