{"id":92127,"date":"2025-01-12T19:38:25","date_gmt":"2025-01-12T19:38:25","guid":{"rendered":"https:\/\/adamfayed.com\/?page_id=92127"},"modified":"2025-01-12T19:38:27","modified_gmt":"2025-01-12T19:38:27","slug":"hsbc-expat-profile-what-is-hsbc-expat","status":"publish","type":"page","link":"https:\/\/adamfayed.com\/es\/investment-options\/investment-providers\/hsbc-expat-profile-what-is-hsbc-expat\/","title":{"rendered":"Perfil de HSBC Expat: \u00bfQu\u00e9 es HSBC Expat?"},"content":{"rendered":"<p><a href=\"https:\/\/adamfayed.com\/es\/review-articles\/hsbc-expat-review-2024-a-good-solution-for-expats\/\">HSBC Expat<\/a>, HSBC International, anteriormente conocido como HSBC International, es la divisi\u00f3n de banca extraterritorial de HSBC Holdings plc, con sede en Saint Helier, Jersey, Islas del Canal.<\/p>\n\n\n\n<p>En esta p\u00e1gina, exploraremos qu\u00e9 es HSBC Expat, sus ofertas, qui\u00e9n puede abrir un <a href=\"https:\/\/www.expat.hsbc.com\/international-banking\/products\/bank-account\/\" target=\"_blank\" rel=\"noopener\">Cuenta HSBC Expat<\/a>, y d\u00f3nde tiene su sede HSBC Expat.<\/p>\n\n\n\n<p>Si desea invertir como expatriado o particular con un elevado patrimonio neto, que es en lo que estoy especializado, puede enviarme un correo electr\u00f3nico (<a href=\"mailto:advice@adamfayed.com\" target=\"_blank\" rel=\"noreferrer noopener\">advice@adamfayed.com<\/a>) o WhatsApp (+44-7393-450-837).<\/p>\n\n\n\n<p>Algunos de los datos podr\u00edan cambiar desde el momento de la redacci\u00f3n. Si desea informaci\u00f3n actualizada, p\u00f3ngase en contacto conmigo.<\/p>\n\n\n\n<p>Investigar qu\u00e9 es <a class=\"wpil_keyword_link\" href=\"https:\/\/adamfayed.com\/es\/what-were-the-hsbc-expat-explorer-surveys-top-2021-countries\/\" title=\"HSBC Expat\" data-wpil-keyword-link=\"linked\" data-wpil-monitor-id=\"1349\">HSBC Expat<\/a> puede ayudarle a decidir si sus ofertas se ajustan a sus necesidades particulares como expatriado o si complementan lo que ya tiene.<\/p>\n\n\n\n<h2 class=\"wp-block-heading\">\u00bfQu\u00e9 es HSBC Expat?<\/h2>\n\n\n\n<p>HSBC Expat es un servicio especializado <a href=\"https:\/\/adamfayed.com\/es\/offshore-investment\/offshore-banking\/\">banca extraterritorial<\/a> servicio adaptado a las personas que viven, trabajan o gestionan sus finanzas a escala internacional.<\/p>\n\n\n\n<p>Como filial de HSBC, <a class=\"wpil_keyword_link\" href=\"https:\/\/adamfayed.com\/es\/hsbc-expat-review-2022-a-good-solution-for-expats\/\" title=\"HSBC Expat\" data-wpil-keyword-link=\"linked\" data-wpil-monitor-id=\"1350\">HSBC Expat<\/a> se centra en ayudar a los expatriados y a los clientes con movilidad internacional a gestionar su dinero sin problemas a trav\u00e9s de las fronteras.<\/p>\n\n\n\n<h3 class=\"wp-block-heading\">\u00bfQu\u00e9 ofrece HSBC Expat?<\/h3>\n\n\n\n<p>HSBC Expat ofrece una amplia gama de servicios bancarios internacionales dise\u00f1ados para satisfacer las necesidades espec\u00edficas de servicios financieros de expatriados y particulares con intereses y activos transfronterizos.<\/p>\n\n\n\n<h4 class=\"wp-block-heading\">\u00bfQu\u00e9 es la HSBC Expat Global Money Account?<\/h4>\n\n\n\n<p>La clave para entender qu\u00e9 es HSBC Expat y qu\u00e9 ofrece son sus cuentas exclusivas. La Cuenta Global Money. Act\u00faa como una cuenta digital multidivisa, permitiendo a los clientes gestionar su dinero m\u00e1s all\u00e1 de las fronteras sin esfuerzo, con transferencias sin comisiones entre cuentas HSBC de todo el mundo.<\/p>\n\n\n\n<h4 class=\"wp-block-heading\">\u00bfQu\u00e9 es una cuenta bancaria HSBC para expatriados?<\/h4>\n\n\n\n<p>Su cuenta bancaria para expatriados sigue siendo una <a href=\"https:\/\/adamfayed.com\/es\/offshore-investment\/offshore-financial-services\/\">servicios financieros extraterritoriales <\/a>independientemente de la frecuencia con que se desplace el cliente. HSBC tambi\u00e9n ofrece a los expatriados servicios que les permiten abrir cuentas en l\u00ednea antes de trasladarse a un nuevo destino y les proporciona la categor\u00eda Premier en todos los mercados en los que realizan operaciones bancarias.<\/p>\n\n\n\n<p>HSBC Expat tambi\u00e9n ofrece <a href=\"https:\/\/adamfayed.com\/es\/investment-options\/expat-investing\/\">opciones de inversi\u00f3n en para\u00edsos fiscales<\/a> y <a href=\"https:\/\/adamfayed.com\/es\/expat-financial-advisor\/\">asesoramiento financiero<\/a> para ayudar a los clientes con <a href=\"https:\/\/adamfayed.com\/es\/expat-financial-advisor\/expat-wealth-management\/\">gesti\u00f3n de patrimonios<\/a> y <a href=\"https:\/\/adamfayed.com\/es\/personal-financial-planning\/\">planificaci\u00f3n financiera<\/a>.<\/p>\n\n\n\n<h3 class=\"wp-block-heading\">\u00bfCu\u00e1l es la ventaja de HSBC Expat?<\/h3>\n\n\n\n<p>M\u00e1s all\u00e1 de la banca b\u00e1sica, HSBC Expat ofrece servicios de cambio de divisas para transacciones monetarias, transferencias globales de dinero y tarjetas de cr\u00e9dito para que los clientes internacionales puedan satisfacer sus necesidades financieras cotidianas en nuevos destinos.<\/p>\n\n\n\n<p>Tambi\u00e9n ofrecen <a href=\"https:\/\/adamfayed.com\/es\/personal-financial-planning\/expat-tax\/\">servicios fiscales<\/a>, Ayudar a los expatriados a cumplir los complejos requisitos fiscales internacionales y la normativa local.<\/p>\n\n\n\n<p>Los servicios de apoyo internacional de HSBC Expat incluyen asistencia para el traslado, ayuda para abrir cuentas locales en el extranjero y un directorio bancario mundial.<\/p>\n\n\n\n<h3 class=\"wp-block-heading\">HSBC Liderazgo en el extranjero<\/h3>\n\n\n\n<p>HSBC Expat comparte liderazgo con el <a href=\"https:\/\/www.hsbc.com\/who-we-are\/our-people\/senior-management\" target=\"_blank\" rel=\"noopener\">Grupo HSBC Holdings<\/a>. Sus principales ejecutivos son:<\/p>\n\n\n\n<figure class=\"wp-block-image alignright size-medium\"><img fetchpriority=\"high\" decoding=\"async\" width=\"300\" height=\"169\" src=\"https:\/\/adamfayed.com\/wp-content\/uploads\/2025\/01\/201211-georges-elhedery-1200x675-2-300x169.jpg\" alt=\"Georges Elhedery was Appointed as HSBC Group Chief Executive in September 2024\" class=\"wp-image-92130\" srcset=\"https:\/\/adamfayed.com\/wp-content\/uploads\/2025\/01\/201211-georges-elhedery-1200x675-2-300x169.jpg 300w, https:\/\/adamfayed.com\/wp-content\/uploads\/2025\/01\/201211-georges-elhedery-1200x675-2-512x288.jpg 512w, https:\/\/adamfayed.com\/wp-content\/uploads\/2025\/01\/201211-georges-elhedery-1200x675-2-768x432.jpg 768w, https:\/\/adamfayed.com\/wp-content\/uploads\/2025\/01\/201211-georges-elhedery-1200x675-2-scaled.jpg 825w\" sizes=\"(max-width: 300px) 100vw, 300px\" \/><\/figure>\n\n\n\n<ul class=\"wp-block-list\">\n<li><strong>Georges Elhedery - Director General del Grupo<\/strong><br>Nombrado Consejero Delegado del Grupo en septiembre de 2024. Anteriormente fue Director Financiero del Grupo (2023-2024) y trabaja en HSBC desde 2005. Ocup\u00f3 altos cargos en Mercados Globales y fue Consejero Delegado de HSBC Oriente Medio, Norte de \u00c1frica y Turqu\u00eda.<\/li>\n\n\n\n<li><strong>Pam Kaur - Directora Financiera del Grupo<\/strong><br>Nombrada Directora Financiera del Grupo en enero de 2025 y es Directora Ejecutiva del Consejo de HSBC Holdings. Supervisa Finanzas Globales, Sostenibilidad y Comunicaci\u00f3n Externa. Se incorpor\u00f3 a HSBC en 2013 como Jefa de Auditor\u00eda Interna y posteriormente como Directora de Riesgos y Cumplimiento del Grupo.<\/li>\n\n\n\n<li><strong>David Liao - Codirector General de Asia y Oriente Medio<\/strong><br>Codirector Ejecutivo de Asia y Oriente Medio junto a Surendra Rosha. Se incorpor\u00f3 a HSBC en 1997 y ocup\u00f3 diversos cargos directivos, entre ellos el de presidente y consejero delegado de HSBC China (2015-2020). Liao forma parte de varios organismos gubernamentales y reguladores de Hong Kong, incluidos los comit\u00e9s consultivos de la Autoridad Monetaria de Hong Kong.<\/li>\n\n\n\n<li><strong>Barry O'Byrne - Director General de International Wealth y Premier Banking<\/strong><br>Nombrado CEO de International Wealth y Premier Banking en octubre de 2024. Anteriormente dirigi\u00f3 Banca Comercial Global de 2019 a 2024. Se incorpor\u00f3 a HSBC en 2017 procedente de GE Capital, donde ocup\u00f3 varios puestos de responsabilidad.<\/li>\n\n\n\n<li><strong>Surendra Rosha - Codirector General de Asia y Oriente Medio<\/strong><br>Codirector Ejecutivo de Asia y Oriente Medio junto con David Liao. Se incorpor\u00f3 a HSBC como becario graduado en 1991 y ocup\u00f3 altos cargos, incluido el de consejero delegado de HSBC India (2018-2021). Rosha es responsable de implementar la estrategia de HSBC en Asia-Pac\u00edfico y Oriente Medio.<\/li>\n<\/ul>\n\n\n\n<p><\/p>\n\n\n\n<h3 class=\"wp-block-heading\">\u00bfD\u00f3nde se encuentra HSBC Expat?<\/h3>\n\n\n\n<h3 class=\"wp-block-heading\">Oficina de Jersey<\/h3>\n\n\n\n<ul class=\"wp-block-list\">\n<li>Direcci\u00f3n: HSBC Expat, HSBC House, Esplanade, St Helier, Jersey, JE1 1HS<\/li>\n\n\n\n<li>N\u00fameros de contacto:\n<ul class=\"wp-block-list\">\n<li>HSBC Expat Premier: +44 1534 616 313<\/li>\n\n\n\n<li>HSBC Expat Advance: +44 1534 616 212<\/li>\n\n\n\n<li>HSBC Expat Residentes en Hong Kong: +852 2822 3133 (tarifa de llamada local)<\/li>\n<\/ul>\n<\/li>\n<\/ul>\n\n\n\n<p><\/p>\n\n\n\n<h3 class=\"wp-block-heading\">Oficina de Hong Kong<\/h3>\n\n\n\n<ul class=\"wp-block-list\">\n<li>Direcci\u00f3n: HSBC Expat, Hong Kong Branch, HSBC Main Building, Level 5, 1 Queen's Road Central, Hong Kong S.A.R.<\/li>\n\n\n\n<li>N\u00famero de contacto: +852 2822 3133 (tarifa de llamada local)<\/li>\n\n\n\n<li>Horario de oficina:\n<ul class=\"wp-block-list\">\n<li>De lunes a jueves: de 9.00 a 16.30 horas<\/li>\n\n\n\n<li>Viernes: de 9.00 a 17.00 horas<\/li>\n<\/ul>\n<\/li>\n<\/ul>\n\n\n\n<p><\/p>\n\n\n\n<p><strong>\u00bfLe duele la indecisi\u00f3n financiera? <\/strong><\/p>\n\n\n\n<figure class=\"wp-block-image size-large is-resized\"><img decoding=\"async\" width=\"512\" height=\"288\" src=\"https:\/\/adamfayed.com\/wp-content\/uploads\/2025\/03\/Adam-Fayed-Contact_CTA3-512x288.jpg\" alt=\"\" class=\"wp-image-117505\" style=\"width:683px;height:auto\" srcset=\"https:\/\/adamfayed.com\/wp-content\/uploads\/2025\/03\/Adam-Fayed-Contact_CTA3-512x288.jpg 512w, https:\/\/adamfayed.com\/wp-content\/uploads\/2025\/03\/Adam-Fayed-Contact_CTA3-300x169.jpg 300w, https:\/\/adamfayed.com\/wp-content\/uploads\/2025\/03\/Adam-Fayed-Contact_CTA3-768x432.jpg 768w, https:\/\/adamfayed.com\/wp-content\/uploads\/2025\/03\/Adam-Fayed-Contact_CTA3-scaled.jpg 825w\" sizes=\"(max-width: 512px) 100vw, 512px\" \/><\/figure>\n\n\n\n<div style=\"height:10px\" aria-hidden=\"true\" class=\"wp-block-spacer\"><\/div>\n\n\n\n<div class=\"wp-block-buttons is-layout-flex wp-block-buttons-is-layout-flex\">\n<div class=\"wp-block-button\"><a class=\"wp-block-button__link wp-element-button\" href=\"https:\/\/adamfayed.com\/es\/become-adams-client\/\">Convi\u00e9rtase en mi cliente<\/a><\/div>\n\n\n\n<div class=\"wp-block-button\"><a class=\"wp-block-button__link wp-element-button\" href=\"https:\/\/adamfayed.com\/es\/good-match-quiz\/\" target=\"_blank\" rel=\"noreferrer noopener\">Realice el cuestionario de elegibilidad de clientes<\/a><\/div>\n\n\n\n<div class=\"wp-block-button\"><a class=\"wp-block-button__link wp-element-button\" href=\"https:\/\/adamfayed.com\/es\/contact\/\" target=\"_blank\" rel=\"noreferrer noopener\">P\u00f3ngase en contacto con<\/a><\/div>\n<\/div>\n\n\n\n<p><strong>Adam es un autor reconocido internacionalmente en temas financieros, con m\u00e1s de 830 millones de respuestas en Quora, un libro muy vendido en Amazon y colaborador de Forbes.<\/strong><\/p>\n\n\n\n\n\n<p><\/p>","protected":false},"excerpt":{"rendered":"<p>HSBC Expat, formerly known as HSBC International, serves as the offshore banking division of HSBC Holdings plc, headquartered in Saint Helier, Jersey, Channel Islands. In this page, we will explore what is HSBC Expat, their offerings, who can open an HSBC Expat account, and where is HSBC Expat based. If you are looking to invest [&hellip;]<\/p>\n","protected":false},"author":16,"featured_media":92128,"parent":79525,"menu_order":0,"comment_status":"closed","ping_status":"closed","template":"","meta":{"rop_custom_images_group":[],"rop_custom_messages_group":[],"rop_publish_now":"initial","rop_publish_now_accounts":{"facebook_10166176115445471_100883565069113":""},"rop_publish_now_history":[],"rop_publish_now_status":"pending","footnotes":""},"class_list":["post-92127","page","type-page","status-publish","has-post-thumbnail","hentry"],"_links":{"self":[{"href":"https:\/\/adamfayed.com\/es\/wp-json\/wp\/v2\/pages\/92127","targetHints":{"allow":["GET"]}}],"collection":[{"href":"https:\/\/adamfayed.com\/es\/wp-json\/wp\/v2\/pages"}],"about":[{"href":"https:\/\/adamfayed.com\/es\/wp-json\/wp\/v2\/types\/page"}],"author":[{"embeddable":true,"href":"https:\/\/adamfayed.com\/es\/wp-json\/wp\/v2\/users\/16"}],"replies":[{"embeddable":true,"href":"https:\/\/adamfayed.com\/es\/wp-json\/wp\/v2\/comments?post=92127"}],"version-history":[{"count":2,"href":"https:\/\/adamfayed.com\/es\/wp-json\/wp\/v2\/pages\/92127\/revisions"}],"predecessor-version":[{"id":92210,"href":"https:\/\/adamfayed.com\/es\/wp-json\/wp\/v2\/pages\/92127\/revisions\/92210"}],"up":[{"embeddable":true,"href":"https:\/\/adamfayed.com\/es\/wp-json\/wp\/v2\/pages\/79525"}],"wp:featuredmedia":[{"embeddable":true,"href":"https:\/\/adamfayed.com\/es\/wp-json\/wp\/v2\/media\/92128"}],"wp:attachment":[{"href":"https:\/\/adamfayed.com\/es\/wp-json\/wp\/v2\/media?parent=92127"}],"curies":[{"name":"wp","href":"https:\/\/api.w.org\/{rel}","templated":true}]}}