{"id":92153,"date":"2025-01-12T19:49:04","date_gmt":"2025-01-12T19:49:04","guid":{"rendered":"https:\/\/adamfayed.com\/?page_id=92153"},"modified":"2025-01-12T19:49:06","modified_gmt":"2025-01-12T19:49:06","slug":"lombard-odier-profile-what-is-lombard-odier","status":"publish","type":"page","link":"https:\/\/adamfayed.com\/es\/investment-options\/investment-providers\/lombard-odier-profile-what-is-lombard-odier\/","title":{"rendered":"Perfil de Lombard Odier: \u00bfQu\u00e9 es Lombard Odier?"},"content":{"rendered":"<p><a href=\"https:\/\/adamfayed.com\/es\/review-articles\/lombard-odier-review-part-1-main-services\/\">Lombard Odier<\/a> es un banco suizo independiente de propiedad privada especializado en <a href=\"https:\/\/adamfayed.com\/es\/expat-financial-advisor\/what-is-wealth-management\/\">gesti\u00f3n de patrimonios y activos<\/a> para clientes privados e institucionales.<\/p>\n\n\n\n<p>Si desea invertir como expatriado o particular con un elevado patrimonio neto, que es en lo que estoy especializado, puede enviarme un correo electr\u00f3nico (<a href=\"mailto:advice@adamfayed.com\" target=\"_blank\" rel=\"noreferrer noopener\">advice@adamfayed.com<\/a>) o WhatsApp (+44-7393-450-837).<\/p>\n\n\n\n<p>Algunos de los datos podr\u00edan cambiar desde el momento de la redacci\u00f3n. Si desea informaci\u00f3n actualizada, p\u00f3ngase en contacto conmigo.<\/p>\n\n\n\n<p>En esta p\u00e1gina analizaremos qu\u00e9 es Lombard Odier, a qu\u00e9 se dedica y si sus servicios de banca privada y <a href=\"https:\/\/adamfayed.com\/es\/offshore-investment\/offshore-financial-services\/offshore-asset-management\/\">servicios de gesti\u00f3n de activos extraterritoriales<\/a> para sus necesidades financieras.<\/p>\n\n\n\n<h2 class=\"wp-block-heading\">\u00bfQu\u00e9 es Lombard Odier?<\/h2>\n\n\n\n<p>Con sede en Ginebra, Suiza, Lombard Odier es <a href=\"https:\/\/www.lombardodier.com\/home\/about-us\/la-maison.html#operational-strength\" target=\"_blank\" rel=\"noopener\">uno de los bancos privados m\u00e1s antiguos del mundo<\/a>. <\/p>\n\n\n\n<p>Fundado en 1796, el banco ha crecido a lo largo de m\u00e1s de dos siglos adapt\u00e1ndose a los cambios econ\u00f3micos y manteniendo un enfoque a largo plazo en la gesti\u00f3n de los activos de los clientes.<\/p>\n\n\n\n<p>Sigue siendo propiedad al cien por cien de sus socios gestores, que supervisan activamente el negocio y las relaciones con los clientes, garantizando la estabilidad, la continuidad y la adhesi\u00f3n a los valores fundamentales.<\/p>\n\n\n\n<figure class=\"wp-block-image alignright size-medium\"><img fetchpriority=\"high\" decoding=\"async\" width=\"300\" height=\"300\" src=\"https:\/\/adamfayed.com\/wp-content\/uploads\/2025\/01\/Euromoney_LOcom-300x300.webp\" alt=\"Lombard Odier named best pure-play private bank at Euromoney Awards 2024\" class=\"wp-image-92155\" srcset=\"https:\/\/adamfayed.com\/wp-content\/uploads\/2025\/01\/Euromoney_LOcom-300x300.webp 300w, https:\/\/adamfayed.com\/wp-content\/uploads\/2025\/01\/Euromoney_LOcom-150x150.webp 150w, https:\/\/adamfayed.com\/wp-content\/uploads\/2025\/01\/Euromoney_LOcom.webp 450w\" sizes=\"(max-width: 300px) 100vw, 300px\" \/><\/figure>\n\n\n\n<p>En lugar de adoptar servicios de banca privada estandarizados o industrializados, Lombard Odier hace hincapi\u00e9 en los servicios de asesoramiento a medida y en las relaciones personales con los clientes, con el apoyo de tecnolog\u00eda punta.<\/p>\n\n\n\n<p>La empresa est\u00e1 especializada en <a href=\"https:\/\/adamfayed.com\/es\/expat-financial-advisor\/expat-wealth-management\/\">gesti\u00f3n de patrimonios y activos en para\u00edsos fiscales<\/a> para clientes privados e institucionales, con especial atenci\u00f3n a la sostenibilidad, la innovaci\u00f3n y el desarrollo sostenible. <a href=\"https:\/\/adamfayed.com\/es\/offshore-investment\/offshore-financial-services\/\">servicios financieros a medida<\/a>. <\/p>\n\n\n\n<p>El banco funciona como una asociaci\u00f3n, una estructura que refuerza su enfoque a largo plazo para <a href=\"https:\/\/adamfayed.com\/es\/expat-financial-advisor\/expat-wealth-management\/\">gesti\u00f3n de patrimonios<\/a> y hace hincapi\u00e9 en la estabilidad, la discreci\u00f3n y los servicios centrados en el cliente.<\/p>\n\n\n\n<p>Lombard Odier tiene oficinas en m\u00e1s de 25 lugares de todo el mundo, incluidos centros financieros como Londres, Nueva York, Hong Kong, Singapur y Dubai.<\/p>\n\n\n\n<p>El Grupo atiende a particulares con grandes patrimonios, family offices, empresarios e instituciones, ofreciendo una gama de servicios que incluye banca privada, gesti\u00f3n de activos, soluciones tecnol\u00f3gicas y estrategias de inversi\u00f3n sostenibles.<\/p>\n\n\n\n<h3 class=\"wp-block-heading\">\u00bfEs Lombard Odier un buen banco?<\/h3>\n\n\n\n<p>Lombard Odier es un banco galardonado, altamente capitalizado, con un balance conservador y sin dependencia de la deuda externa. <\/p>\n\n\n\n<p>A 30 de junio de 2024, el banco gestiona 318.000 millones de CHF en activos de clientes. Mantiene una ratio Common Equity Tier 1 (CET1) de 31,7%, m\u00e1s del doble de la exigida por la normativa. <\/p>\n\n\n\n<p>Entre los principales indicadores financieros figuran:<\/p>\n\n\n\n<ul class=\"wp-block-list\">\n<li><strong>Capital total<\/strong>: 1 600 millones de CHF<\/li>\n\n\n\n<li><strong>Total del balance<\/strong>: 13 000 millones de CHF<\/li>\n\n\n\n<li><strong>Beneficio neto consolidado<\/strong>: 115 millones de CHF<\/li>\n\n\n\n<li><strong>Calificaci\u00f3n Fitch<\/strong>: AA-<\/li>\n\n\n\n<li><strong>Ratio de cobertura de liquidez<\/strong>: 219%<\/li>\n<\/ul>\n\n\n\n<p><\/p>\n\n\n\n<h3 class=\"wp-block-heading\">\u00bfA qu\u00e9 se dedica Lombard Odier?<\/h3>\n\n\n\n<p>El banco privado que hace lo que es Lombard Odier se centra en ofrecer <a href=\"https:\/\/adamfayed.com\/es\/offshore-investment\/offshore-financial-services\/\">servicios financieros especializados<\/a> a la medida de las necesidades del cliente. <\/p>\n\n\n\n<p>El banco adopta un enfoque \u201cRethink Everything\u201d, reevaluando continuamente las condiciones del mercado para ofrecer a los clientes nuevas perspectivas sobre las inversiones.<\/p>\n\n\n\n<p>Sus servicios incluyen la gesti\u00f3n de carteras a medida, la inversi\u00f3n sostenible y la inversi\u00f3n de impacto, con un fuerte \u00e9nfasis en la preservaci\u00f3n de la riqueza a lo largo de generaciones.<\/p>\n\n\n\n<p>El banco aprovecha su propia plataforma tecnol\u00f3gica, que ha desarrollado a lo largo de 25 a\u00f1os para ofrecer a los clientes herramientas de gesti\u00f3n financiera seguras y eficaces. Esta plataforma tecnol\u00f3gica admite <a href=\"https:\/\/adamfayed.com\/es\/expat-financial-advisor\/financial-advice\/\">asesoramiento financiero personalizado<\/a> al tiempo que se mejora la experiencia del cliente.<\/p>\n\n\n\n<p>Lombard Odier funciona como una sociedad, en la que los socios gestores son a la vez los propietarios del banco y su equipo directivo. Esta estructura permite al banco mantener su independencia y centrarse en los intereses de los clientes a largo plazo, m\u00e1s que en las presiones del mercado a corto plazo. <\/p>\n\n\n\n<p>Los socios directores tienen una amplia experiencia en el banco y participan directamente tanto en la estrategia empresarial como en los servicios a los clientes.<\/p>\n\n\n\n<h3 class=\"wp-block-heading\">\u00bfA qui\u00e9n pertenece Lombard Odier?<\/h3>\n\n\n\n<p>Como empresa privada, Lombard Odier no dispone de informaci\u00f3n p\u00fablica sobre sus propietarios. Tampoco hay informaci\u00f3n sobre cu\u00e1l es la estructura directiva de Lombard Odier. <\/p>\n\n\n\n<p>No obstante, las siguientes personas act\u00faan como socios directores:<\/p>\n\n\n\n<ul class=\"wp-block-list\">\n<li><strong>Hubert Keller<\/strong><\/li>\n\n\n\n<li><strong>Fr\u00e9d\u00e9ric Rochat<\/strong><\/li>\n\n\n\n<li><strong>Denis Pittet<\/strong><\/li>\n\n\n\n<li><strong>Jean-Pascal Porcherot<\/strong><\/li>\n\n\n\n<li><strong>Alexandre Meyer<\/strong><\/li>\n\n\n\n<li><strong>Xavier Bonna<\/strong><\/li>\n<\/ul>\n\n\n\n<p><\/p>\n\n\n\n<h3 class=\"wp-block-heading\">\u00bfD\u00f3nde est\u00e1 la sede de Lombard Odier? Oficinas e informaci\u00f3n de contacto<\/h3>\n\n\n\n<h4 class=\"wp-block-heading\">Suiza<\/h4>\n\n\n\n<ul class=\"wp-block-list\">\n<li><strong><a href=\"https:\/\/www.lombardodier.com\/home\/contact\/external-asset-managers.html\" target=\"_blank\" rel=\"noopener\">Bank Lombard Odier &amp; Co Ltd (Sede de Ginebra)<\/a><\/strong>\n<ul class=\"wp-block-list\">\n<li>Direcci\u00f3n: Rue de la Corraterie 11, 1204 Ginebra, Suiza<\/li>\n\n\n\n<li>Tel: +41 (0)22 709 21 11<\/li>\n\n\n\n<li>Fax: +41 (0)22 709 29 11<\/li>\n\n\n\n<li>Regulado por la Autoridad Suiza de Supervisi\u00f3n de los Mercados Financieros (FINMA)<\/li>\n<\/ul>\n<\/li>\n\n\n\n<li><strong>Banco Lombard Odier &amp; Co Ltd (Z\u00farich)<\/strong>\n<ul class=\"wp-block-list\">\n<li>Direcci\u00f3n: Utoschloss - Utoquai 29-31, 8008 Z\u00farich, Suiza<\/li>\n\n\n\n<li>Tel: +41 (0)44 214 11 11<\/li>\n\n\n\n<li>Fax: +41 (0)44 214 15 81<\/li>\n<\/ul>\n<\/li>\n\n\n\n<li><strong>Banque Lombard Odier &amp; Cie SA (Lausana)<\/strong>\n<ul class=\"wp-block-list\">\n<li>Direcci\u00f3n: Place St-Fran\u00e7ois 11, 1003 Lausana, Suiza<\/li>\n\n\n\n<li>Tel: +41 (0)21 321 18 18<\/li>\n\n\n\n<li>Fax: +41 (0)21 320 44 58<\/li>\n<\/ul>\n<\/li>\n<\/ul>\n\n\n\n<p><\/p>\n\n\n\n<h4 class=\"wp-block-heading\">Bermudas<\/h4>\n\n\n\n<ul class=\"wp-block-list\">\n<li><strong>Lombard Odier Trust (Bermudas) Limited<\/strong>\n<ul class=\"wp-block-list\">\n<li>Direcci\u00f3n: 31 Victoria Street, 3rd Floor, Victoria Place, Hamilton HM 10, Bermudas<\/li>\n\n\n\n<li>Tel: +1 441 292 7817<\/li>\n\n\n\n<li>Fax: +1 441 292 2696<\/li>\n<\/ul>\n<\/li>\n<\/ul>\n\n\n\n<p><\/p>\n\n\n\n<h4 class=\"wp-block-heading\">Luxemburgo<\/h4>\n\n\n\n<ul class=\"wp-block-list\">\n<li><strong>Lombard Odier (Europe) S.A.<\/strong>\n<ul class=\"wp-block-list\">\n<li>Direcci\u00f3n: 291, route d'Arlon, L-1150 Luxemburgo, Gran Ducado de Luxemburgo<\/li>\n\n\n\n<li>Tel: +352 27 78 5000<\/li>\n\n\n\n<li>Fax: +352 27 78 5001<\/li>\n<\/ul>\n<\/li>\n<\/ul>\n\n\n\n<p><\/p>\n\n\n\n<h4 class=\"wp-block-heading\">Bahamas<\/h4>\n\n\n\n<ul class=\"wp-block-list\">\n<li><strong>Lombard Odier &amp; Cie (Bahamas) Limited<\/strong>\n<ul class=\"wp-block-list\">\n<li>Direcci\u00f3n: Lyford Cay House, Western Road, Nassau, P.O. Box N-4938, Bahamas<\/li>\n\n\n\n<li>Tel: +1 242 302 2100<\/li>\n\n\n\n<li>Fax: +1 242 302 2101<\/li>\n<\/ul>\n<\/li>\n<\/ul>\n\n\n\n<p><\/p>\n\n\n\n<h4 class=\"wp-block-heading\">Singapur<\/h4>\n\n\n\n<ul class=\"wp-block-list\">\n<li><strong>Lombard Odier (Singapur) Ltd<\/strong>\n<ul class=\"wp-block-list\">\n<li>Direcci\u00f3n: #46-02 Republic Plaza 1, 9 Raffles Place, Singapur 048619<\/li>\n\n\n\n<li>Tel: +65 6305 7788<\/li>\n\n\n\n<li>Fax: +65 6305 7789<\/li>\n<\/ul>\n<\/li>\n<\/ul>\n\n\n\n<p><\/p>\n\n\n\n<p><strong>\u00bfLe duele la indecisi\u00f3n financiera? <\/strong><\/p>\n\n\n\n<figure class=\"wp-block-image size-large is-resized\"><img decoding=\"async\" width=\"512\" height=\"288\" src=\"https:\/\/adamfayed.com\/wp-content\/uploads\/2025\/03\/Adam-Fayed-Contact_CTA3-512x288.jpg\" alt=\"\" class=\"wp-image-117505\" style=\"width:683px;height:auto\" srcset=\"https:\/\/adamfayed.com\/wp-content\/uploads\/2025\/03\/Adam-Fayed-Contact_CTA3-512x288.jpg 512w, https:\/\/adamfayed.com\/wp-content\/uploads\/2025\/03\/Adam-Fayed-Contact_CTA3-300x169.jpg 300w, https:\/\/adamfayed.com\/wp-content\/uploads\/2025\/03\/Adam-Fayed-Contact_CTA3-768x432.jpg 768w, https:\/\/adamfayed.com\/wp-content\/uploads\/2025\/03\/Adam-Fayed-Contact_CTA3-scaled.jpg 825w\" sizes=\"(max-width: 512px) 100vw, 512px\" \/><\/figure>\n\n\n\n<div style=\"height:10px\" aria-hidden=\"true\" class=\"wp-block-spacer\"><\/div>\n\n\n\n<div class=\"wp-block-buttons is-layout-flex wp-block-buttons-is-layout-flex\">\n<div class=\"wp-block-button\"><a class=\"wp-block-button__link wp-element-button\" href=\"https:\/\/adamfayed.com\/es\/become-adams-client\/\">Convi\u00e9rtase en mi cliente<\/a><\/div>\n\n\n\n<div class=\"wp-block-button\"><a class=\"wp-block-button__link wp-element-button\" href=\"https:\/\/adamfayed.com\/es\/good-match-quiz\/\" target=\"_blank\" rel=\"noreferrer noopener\">Realice el cuestionario de elegibilidad de clientes<\/a><\/div>\n\n\n\n<div class=\"wp-block-button\"><a class=\"wp-block-button__link wp-element-button\" href=\"https:\/\/adamfayed.com\/es\/contact\/\" target=\"_blank\" rel=\"noreferrer noopener\">P\u00f3ngase en contacto con<\/a><\/div>\n<\/div>\n\n\n\n<p><strong>Adam es un autor reconocido internacionalmente en temas financieros, con m\u00e1s de 830 millones de respuestas en Quora, un libro muy vendido en Amazon y colaborador de Forbes.<\/strong><\/p>","protected":false},"excerpt":{"rendered":"<p>Lombard Odier is an independent, privately-owned Swiss bank specializing in wealth and asset management for private and institutional clients. If you are looking to invest as an expat or high-net-worth individual, which is what I specialize in, you can email me (advice@adamfayed.com) or WhatsApp (+44-7393-450-837). Some of the facts might change from the time of [&hellip;]<\/p>\n","protected":false},"author":16,"featured_media":92154,"parent":79525,"menu_order":0,"comment_status":"closed","ping_status":"closed","template":"","meta":{"rop_custom_images_group":[],"rop_custom_messages_group":[],"rop_publish_now":"initial","rop_publish_now_accounts":{"facebook_10166176115445471_100883565069113":""},"rop_publish_now_history":[],"rop_publish_now_status":"pending","footnotes":""},"class_list":["post-92153","page","type-page","status-publish","has-post-thumbnail","hentry"],"_links":{"self":[{"href":"https:\/\/adamfayed.com\/es\/wp-json\/wp\/v2\/pages\/92153","targetHints":{"allow":["GET"]}}],"collection":[{"href":"https:\/\/adamfayed.com\/es\/wp-json\/wp\/v2\/pages"}],"about":[{"href":"https:\/\/adamfayed.com\/es\/wp-json\/wp\/v2\/types\/page"}],"author":[{"embeddable":true,"href":"https:\/\/adamfayed.com\/es\/wp-json\/wp\/v2\/users\/16"}],"replies":[{"embeddable":true,"href":"https:\/\/adamfayed.com\/es\/wp-json\/wp\/v2\/comments?post=92153"}],"version-history":[{"count":2,"href":"https:\/\/adamfayed.com\/es\/wp-json\/wp\/v2\/pages\/92153\/revisions"}],"predecessor-version":[{"id":92218,"href":"https:\/\/adamfayed.com\/es\/wp-json\/wp\/v2\/pages\/92153\/revisions\/92218"}],"up":[{"embeddable":true,"href":"https:\/\/adamfayed.com\/es\/wp-json\/wp\/v2\/pages\/79525"}],"wp:featuredmedia":[{"embeddable":true,"href":"https:\/\/adamfayed.com\/es\/wp-json\/wp\/v2\/media\/92154"}],"wp:attachment":[{"href":"https:\/\/adamfayed.com\/es\/wp-json\/wp\/v2\/media?parent=92153"}],"curies":[{"name":"wp","href":"https:\/\/api.w.org\/{rel}","templated":true}]}}