{"id":92260,"date":"2025-01-16T06:15:44","date_gmt":"2025-01-16T06:15:44","guid":{"rendered":"https:\/\/adamfayed.com\/?page_id=92260"},"modified":"2025-01-17T06:49:22","modified_gmt":"2025-01-17T06:49:22","slug":"pictet-private-bank-profile-what-is-pictet-private-bank","status":"publish","type":"page","link":"https:\/\/adamfayed.com\/es\/investment-options\/investment-providers\/pictet-private-bank-profile-what-is-pictet-private-bank\/","title":{"rendered":"Perfil de Pictet Private Bank: \u00bfQu\u00e9 es el Grupo Pictet?"},"content":{"rendered":"<p><a href=\"https:\/\/adamfayed.com\/es\/review-articles\/pictet-private-bank-review-part-1-picket-group-main-activities\/\">Pictet Banca Privada<\/a>, Pictet, que forma parte del Grupo Pictet, es una multinacional suiza de servicios financieros con sede en Ginebra.<\/p>\n\n\n\n<p>Si desea invertir como expatriado o particular con un elevado patrimonio neto, que es en lo que estoy especializado, puede enviarme un correo electr\u00f3nico (<a href=\"mailto:advice@adamfayed.com\" target=\"_blank\" rel=\"noreferrer noopener\">advice@adamfayed.com<\/a>) o WhatsApp (+44-7393-450-837).<\/p>\n\n\n\n<p>Algunos de los datos podr\u00edan cambiar desde el momento de la redacci\u00f3n. Si desea informaci\u00f3n actualizada, p\u00f3ngase en contacto conmigo.<\/p>\n\n\n\n<p>En esta p\u00e1gina se explicar\u00e1 qu\u00e9 es Pictet Private Bank, a qu\u00e9 se dedica y si sus <a href=\"https:\/\/adamfayed.com\/es\/review-articles\/pictet-private-bank-review-part-2-wealth-management\/\">banca privada<\/a> y <a href=\"https:\/\/adamfayed.com\/es\/offshore-investment\/offshore-financial-services\/\">servicios financieros extraterritoriales<\/a> para sus necesidades financieras.<\/p>\n\n\n\n<h2 class=\"wp-block-heading\">\u00bfQu\u00e9 es Pictet Private Bank?<\/h2>\n\n\n\n<p><a href=\"https:\/\/www.pictet.com\/us\/en\/about\" target=\"_blank\" rel=\"noopener\">El Grupo Pictet<\/a> es una instituci\u00f3n financiera suiza que opera a trav\u00e9s de cuatro unidades de negocio principales: <a href=\"https:\/\/adamfayed.com\/es\/offshore-investment\/offshore-financial-services\/offshore-asset-management\/\">Gesti\u00f3n de activos<\/a>, Asesores alternativos, <a href=\"https:\/\/adamfayed.com\/es\/expat-financial-advisor\/expat-wealth-management\/\">Gesti\u00f3n de patrimonios<\/a>, y Servicios Patrimoniales.<\/p>\n\n\n\n<p>Est\u00e1 estructurada como una sociedad corporativa, siendo sus principales entidades Banque Pictet &amp; Cie SA en Suiza, Bank Pictet &amp; Cie (Europe) AG y Bank Pictet &amp; Cie (Asia) Ltd. <\/p>\n\n\n\n<p>La gesti\u00f3n de activos y las inversiones alternativas del Grupo se gestionan a trav\u00e9s de Pictet Asset Management Holding SA y Pictet Alternative Advisors Holding SA.<\/p>\n\n\n\n<h3 class=\"wp-block-heading\">\u00bfA qui\u00e9n pertenece el Grupo Pictet?<\/h3>\n\n\n\n<figure class=\"wp-block-image alignright size-medium\"><img fetchpriority=\"high\" decoding=\"async\" width=\"300\" height=\"202\" src=\"https:\/\/adamfayed.com\/wp-content\/uploads\/2025\/01\/Pictet-Partners-group-photo-01-DIGITAL_image-3-2-300x202.webp\" alt=\"The Pictet Group is led by eight Managing Partners, who own and manage the business.\" class=\"wp-image-92262\" srcset=\"https:\/\/adamfayed.com\/wp-content\/uploads\/2025\/01\/Pictet-Partners-group-photo-01-DIGITAL_image-3-2-300x202.webp 300w, https:\/\/adamfayed.com\/wp-content\/uploads\/2025\/01\/Pictet-Partners-group-photo-01-DIGITAL_image-3-2-512x344.webp 512w, https:\/\/adamfayed.com\/wp-content\/uploads\/2025\/01\/Pictet-Partners-group-photo-01-DIGITAL_image-3-2-768x516.webp 768w, https:\/\/adamfayed.com\/wp-content\/uploads\/2025\/01\/Pictet-Partners-group-photo-01-DIGITAL_image-3-2-scaled.webp 825w\" sizes=\"(max-width: 300px) 100vw, 300px\" \/><\/figure>\n\n\n\n<p>Con sede en Ginebra, Pictet opera en 29 oficinas repartidas en 19 pa\u00edses. <\/p>\n\n\n\n<p>El Grupo est\u00e1 dirigido por <a href=\"https:\/\/www.pictet.com\/us\/en\/about\/partners\" target=\"_blank\" rel=\"noopener\">ocho socios directores<\/a>, que poseen y gestionan la empresa. Un consejo de supervisi\u00f3n independiente se encarga de la supervisi\u00f3n.<\/p>\n\n\n\n<p>A partir de abril de 2024, el Grupo cuenta tambi\u00e9n con 48 altos ejecutivos, denominados Equity Partners, que desempe\u00f1an un papel clave en el desarrollo estrat\u00e9gico de Pictet. <\/p>\n\n\n\n<p>El modelo de asociaci\u00f3n garantiza la continuidad, con una transici\u00f3n gradual del liderazgo para mantener la estabilidad y el enfoque a largo plazo.<\/p>\n\n\n\n<p>El modelo de gobierno de la empresa ha permanecido pr\u00e1cticamente inalterado desde su fundaci\u00f3n en 1805. <\/p>\n\n\n\n<p>A lo largo de sus 219 a\u00f1os de historia, Pictet s\u00f3lo ha tenido 47 socios, cada uno con una antig\u00fcedad media de m\u00e1s de 21 a\u00f1os. <\/p>\n\n\n\n<p>El solapamiento de los mandatos de los socios permite que los conocimientos y valores se transmitan sin alteraciones.<\/p>\n\n\n\n<h3 class=\"wp-block-heading\">\u00bfEs Pictet un buen banco?<\/h3>\n\n\n\n<p>En el ejercicio cerrado a 31 de diciembre de 2023, Pictet registr\u00f3 un resultado de explotaci\u00f3n de 3.160 millones de CHF y un beneficio consolidado de 577 millones de CHF.<\/p>\n\n\n\n<p>Los activos gestionados o custodiados por el Grupo ascienden a 633.000 millones de CHF, con una ratio de capital ordinario de nivel 1 (CET1) del 28,7% y una ratio de capital total del 29,0%. <\/p>\n\n\n\n<p>Pictet mantiene un s\u00f3lido coeficiente de cobertura de liquidez de 198%, lo que refleja su estabilidad financiera y su enfoque conservador de la gesti\u00f3n de riesgos.<\/p>\n\n\n\n<p>Moody's reafirm\u00f3 la calificaci\u00f3n Aa2 de Pictet en un comunicado de prensa el 30 de septiembre de 2024, destacando la fuerte capitalizaci\u00f3n del banco, su elevada liquidez y su capacidad para adaptarse a las cambiantes condiciones del mercado. <\/p>\n\n\n\n<p>El 12 de julio de 2024, Fitch reafirm\u00f3 las calificaciones de Pictet, citando la s\u00f3lida posici\u00f3n financiera del Grupo, su gesti\u00f3n conservadora del riesgo y su rentabilidad.<\/p>\n\n\n\n<h3 class=\"wp-block-heading\">\u00bfD\u00f3nde se encuentra Pictet Private Bank?<\/h3>\n\n\n\n<p>El Grupo Pictet est\u00e1 presente en 19 pa\u00edses, con las oficinas clave que se indican a continuaci\u00f3n.<\/p>\n\n\n\n<h4 class=\"wp-block-heading\">Suiza<\/h4>\n\n\n\n<p><strong>Ginebra (sede central)<\/strong><\/p>\n\n\n\n<ul class=\"wp-block-list\">\n<li><strong>Direcci\u00f3n:<\/strong> Route des Acacias 60, 1211 Ginebra 73, Suiza<\/li>\n\n\n\n<li><strong>Tel:<\/strong> +41 58 323 23 23<\/li>\n\n\n\n<li><strong>Fax:<\/strong> +41 58 323 23 24<\/li>\n<\/ul>\n\n\n\n<p><\/p>\n\n\n\n<p><strong>Sucursal de Z\u00farich<\/strong><\/p>\n\n\n\n<ul class=\"wp-block-list\">\n<li><strong>Direcci\u00f3n:<\/strong> Bahnhofstrasse 32, 8001 Z\u00farich, Suiza<\/li>\n\n\n\n<li><strong>Tel:<\/strong> +41 58 323 77 77<\/li>\n\n\n\n<li><strong>Fax:<\/strong> +41 58 323 77 78<\/li>\n<\/ul>\n\n\n\n<p><\/p>\n\n\n\n<h4 class=\"wp-block-heading\">Emiratos \u00c1rabes Unidos<\/h4>\n\n\n\n<ul class=\"wp-block-list\">\n<li><strong>Direcci\u00f3n:<\/strong> Sheikh Zayed Road, Park Place, 12\u00aa planta, apartado de correos 125567, Dubai, EAU<\/li>\n\n\n\n<li><strong>Tel:<\/strong> +971 4 308 5757<\/li>\n\n\n\n<li><strong>Fax:<\/strong> +971 4 308 5700<\/li>\n<\/ul>\n\n\n\n<p><\/p>\n\n\n\n<h4 class=\"wp-block-heading\">Estados Unidos<\/h4>\n\n\n\n<ul class=\"wp-block-list\">\n<li><strong>Direcci\u00f3n:<\/strong> 712 5th Avenue, 25th Floor, Nueva York, NY 10019, Estados Unidos<\/li>\n\n\n\n<li><strong>Tel:<\/strong> +1 212 237 3190<\/li>\n<\/ul>\n\n\n\n<h4 class=\"wp-block-heading\">Hong Kong<\/h4>\n\n\n\n<ul class=\"wp-block-list\">\n<li><strong>Direcci\u00f3n:<\/strong> 8-9\/F Chater House, 8 Connaught Road Central, Hong Kong<\/li>\n\n\n\n<li><strong>Tel:<\/strong> +852 3191 1805<\/li>\n\n\n\n<li><strong>Fax:<\/strong> +852 3191 1808<\/li>\n<\/ul>\n\n\n\n<p><\/p>\n\n\n\n<h4 class=\"wp-block-heading\">Jap\u00f3n<\/h4>\n\n\n\n<ul class=\"wp-block-list\">\n<li><strong>Direcci\u00f3n:<\/strong> Marunouchi Park Building 21F, 2-6-1 Marunouchi, Chiyoda-ku, Tokio 100-6921, Jap\u00f3n<\/li>\n\n\n\n<li><strong>Tel:<\/strong> +813 3212 3411<\/li>\n\n\n\n<li><strong>Fax:<\/strong> +813 3211 6339<\/li>\n<\/ul>\n\n\n\n<p><\/p>\n\n\n\n<h4 class=\"wp-block-heading\">China<\/h4>\n\n\n\n<ul class=\"wp-block-list\">\n<li><strong>Direcci\u00f3n:<\/strong> Unidad 839, Nivel 8, Bank of East Asia, 66 Huayuan Shiqiao Road, Pudong, Shanghai 200120, China<\/li>\n\n\n\n<li><strong>Tel:<\/strong> +86 21 6062 7178<\/li>\n<\/ul>\n\n\n\n<p><\/p>\n\n\n\n<h4 class=\"wp-block-heading\">Singapur<\/h4>\n\n\n\n<ul class=\"wp-block-list\">\n<li><strong>Direcci\u00f3n:<\/strong> 10 Marina Boulevard #22-01, Marina Bay Financial Centre Tower 2, Singapur 018983<\/li>\n\n\n\n<li><strong>Tel:<\/strong> +65 6536 1805<\/li>\n\n\n\n<li><strong>Fax:<\/strong> +65 6536 1868<\/li>\n<\/ul>\n\n\n\n<p><\/p>\n\n\n\n<h4 class=\"wp-block-heading\">Taiw\u00e1n<\/h4>\n\n\n\n<ul class=\"wp-block-list\">\n<li><strong>Direcci\u00f3n:<\/strong> 12F-1, Shin Kong Xinyi Financial Centre, 32 Song ren Road, Taipei 11073, Taiw\u00e1n<\/li>\n\n\n\n<li><strong>Tel:<\/strong> +886 2 6622 6600<\/li>\n\n\n\n<li><strong>Fax:<\/strong> +886 2 6622 6611<\/li>\n<\/ul>\n\n\n\n<p><\/p>\n\n\n\n<h4 class=\"wp-block-heading\">Francia<\/h4>\n\n\n\n<ul class=\"wp-block-list\">\n<li><strong>Direcci\u00f3n:<\/strong> 34, avenue de Messine (VIIIe), 75008 Par\u00eds, Francia<\/li>\n\n\n\n<li><strong>Tel:<\/strong> +33 156 88 71 00<\/li>\n<\/ul>\n\n\n\n<p><\/p>\n\n\n\n<h4 class=\"wp-block-heading\">Alemania<\/h4>\n\n\n\n<ul class=\"wp-block-list\">\n<li><strong>Direcci\u00f3n:<\/strong> Neue Mainzer Strasse 2-4, 60311 Fr\u00e1ncfort del Meno, Alemania<\/li>\n\n\n\n<li><strong>Tel:<\/strong> +49 69 23 80573 - 0<\/li>\n\n\n\n<li><strong>Fax:<\/strong> +49 69 23 80573 - 1499<\/li>\n<\/ul>\n\n\n\n<p><\/p>\n\n\n\n<h4 class=\"wp-block-heading\">Luxemburgo<\/h4>\n\n\n\n<ul class=\"wp-block-list\">\n<li><strong>Direcci\u00f3n:<\/strong> 15A, avenue J. F. Kennedy, L-1855 Luxemburgo, Luxemburgo<\/li>\n\n\n\n<li><strong>Tel:<\/strong> +352 467 171-1<\/li>\n\n\n\n<li><strong>Fax:<\/strong> +352 224 868<\/li>\n<\/ul>\n\n\n\n<p><\/p>\n\n\n\n<h4 class=\"wp-block-heading\">Pa\u00edses Bajos<\/h4>\n\n\n\n<ul class=\"wp-block-list\">\n<li><strong>Direcci\u00f3n:<\/strong> Herengracht 456, 1017 CA Amsterdam, Pa\u00edses Bajos<\/li>\n\n\n\n<li><strong>Tel:<\/strong> +31 202453060<\/li>\n<\/ul>\n\n\n\n<p><\/p>\n\n\n\n<h4 class=\"wp-block-heading\">Reino Unido<\/h4>\n\n\n\n<ul class=\"wp-block-list\">\n<li><strong>Direcci\u00f3n:<\/strong> Stratton House, 5 Stratton Street, Londres W1J 8LA, Reino Unido<\/li>\n\n\n\n<li><strong>Tel:<\/strong> +44 207 847 5000<\/li>\n\n\n\n<li><strong>Fax:<\/strong> +44 207 847 5301<\/li>\n<\/ul>\n\n\n\n<p><\/p>\n\n\n\n<p><strong>\u00bfLe duele la indecisi\u00f3n financiera? <\/strong><\/p>\n\n\n\n<figure class=\"wp-block-image size-large is-resized\"><img decoding=\"async\" width=\"512\" height=\"288\" src=\"https:\/\/adamfayed.com\/wp-content\/uploads\/2025\/03\/Adam-Fayed-Contact_CTA3-512x288.jpg\" alt=\"\" class=\"wp-image-117505\" style=\"width:683px;height:auto\" srcset=\"https:\/\/adamfayed.com\/wp-content\/uploads\/2025\/03\/Adam-Fayed-Contact_CTA3-512x288.jpg 512w, https:\/\/adamfayed.com\/wp-content\/uploads\/2025\/03\/Adam-Fayed-Contact_CTA3-300x169.jpg 300w, https:\/\/adamfayed.com\/wp-content\/uploads\/2025\/03\/Adam-Fayed-Contact_CTA3-768x432.jpg 768w, https:\/\/adamfayed.com\/wp-content\/uploads\/2025\/03\/Adam-Fayed-Contact_CTA3-scaled.jpg 825w\" sizes=\"(max-width: 512px) 100vw, 512px\" \/><\/figure>\n\n\n\n<div style=\"height:10px\" aria-hidden=\"true\" class=\"wp-block-spacer\"><\/div>\n\n\n\n<div class=\"wp-block-buttons is-layout-flex wp-block-buttons-is-layout-flex\">\n<div class=\"wp-block-button\"><a class=\"wp-block-button__link wp-element-button\" href=\"https:\/\/adamfayed.com\/es\/become-adams-client\/\">Convi\u00e9rtase en mi cliente<\/a><\/div>\n\n\n\n<div class=\"wp-block-button\"><a class=\"wp-block-button__link wp-element-button\" href=\"https:\/\/adamfayed.com\/es\/good-match-quiz\/\" target=\"_blank\" rel=\"noreferrer noopener\">Realice el cuestionario de elegibilidad de clientes<\/a><\/div>\n\n\n\n<div class=\"wp-block-button\"><a class=\"wp-block-button__link wp-element-button\" href=\"https:\/\/adamfayed.com\/es\/contact\/\" target=\"_blank\" rel=\"noreferrer noopener\">P\u00f3ngase en contacto con<\/a><\/div>\n<\/div>\n\n\n\n<p><strong>Adam es un autor reconocido internacionalmente en temas financieros, con m\u00e1s de 830 millones de respuestas en Quora, un libro muy vendido en Amazon y colaborador de Forbes.<\/strong><\/p>","protected":false},"excerpt":{"rendered":"<p>Pictet Private Bank, part of the Pictet Group, is a Swiss multinational financial services company headquartered in Geneva. If you are looking to invest as an expat or high-net-worth individual, which is what I specialize in, you can email me (advice@adamfayed.com) or WhatsApp (+44-7393-450-837). Some of the facts might change from the time of writing. [&hellip;]<\/p>\n","protected":false},"author":16,"featured_media":92261,"parent":79525,"menu_order":0,"comment_status":"closed","ping_status":"closed","template":"","meta":{"rop_custom_images_group":[],"rop_custom_messages_group":[],"rop_publish_now":"initial","rop_publish_now_accounts":{"facebook_10166176115445471_100883565069113":""},"rop_publish_now_history":[],"rop_publish_now_status":"pending","footnotes":""},"class_list":["post-92260","page","type-page","status-publish","has-post-thumbnail","hentry"],"_links":{"self":[{"href":"https:\/\/adamfayed.com\/es\/wp-json\/wp\/v2\/pages\/92260","targetHints":{"allow":["GET"]}}],"collection":[{"href":"https:\/\/adamfayed.com\/es\/wp-json\/wp\/v2\/pages"}],"about":[{"href":"https:\/\/adamfayed.com\/es\/wp-json\/wp\/v2\/types\/page"}],"author":[{"embeddable":true,"href":"https:\/\/adamfayed.com\/es\/wp-json\/wp\/v2\/users\/16"}],"replies":[{"embeddable":true,"href":"https:\/\/adamfayed.com\/es\/wp-json\/wp\/v2\/comments?post=92260"}],"version-history":[{"count":3,"href":"https:\/\/adamfayed.com\/es\/wp-json\/wp\/v2\/pages\/92260\/revisions"}],"predecessor-version":[{"id":92326,"href":"https:\/\/adamfayed.com\/es\/wp-json\/wp\/v2\/pages\/92260\/revisions\/92326"}],"up":[{"embeddable":true,"href":"https:\/\/adamfayed.com\/es\/wp-json\/wp\/v2\/pages\/79525"}],"wp:featuredmedia":[{"embeddable":true,"href":"https:\/\/adamfayed.com\/es\/wp-json\/wp\/v2\/media\/92261"}],"wp:attachment":[{"href":"https:\/\/adamfayed.com\/es\/wp-json\/wp\/v2\/media?parent=92260"}],"curies":[{"name":"wp","href":"https:\/\/api.w.org\/{rel}","templated":true}]}}