{"id":92274,"date":"2025-01-17T07:17:35","date_gmt":"2025-01-17T07:17:35","guid":{"rendered":"https:\/\/adamfayed.com\/?page_id=92274"},"modified":"2025-01-17T07:17:38","modified_gmt":"2025-01-17T07:17:38","slug":"swissquote-profile-what-is-swissquote","status":"publish","type":"page","link":"https:\/\/adamfayed.com\/es\/investment-options\/investment-providers\/swissquote-profile-what-is-swissquote\/","title":{"rendered":"Perfil de Swissquote: \u00bfQu\u00e9 es Swissquote?"},"content":{"rendered":"<p><a href=\"https:\/\/adamfayed.com\/es\/review-articles\/swissquote-review\/\">Swissquote Group Holding SA<\/a> es un grupo bancario suizo especializado en servicios financieros y comerciales en l\u00ednea.<\/p>\n\n\n\n<p>Si desea invertir como expatriado o particular con un elevado patrimonio neto, que es en lo que estoy especializado, puede enviarme un correo electr\u00f3nico (<a href=\"mailto:advice@adamfayed.com\" target=\"_blank\" rel=\"noreferrer noopener\">advice@adamfayed.com<\/a>) o WhatsApp (+44-7393-450-837).<\/p>\n\n\n\n<p>Algunos de los datos podr\u00edan cambiar desde el momento de la redacci\u00f3n. Si desea informaci\u00f3n actualizada, p\u00f3ngase en contacto conmigo.<\/p>\n\n\n\n<p>Esta p\u00e1gina explorar\u00e1 <a href=\"https:\/\/en.swissquote.lu\/about-us\/swissquote-group\" target=\"_blank\" rel=\"noopener\">qu\u00e9 es Swissquote<\/a>, Qu\u00e9 hace y si su oferta de servicios financieros se ajusta a sus necesidades financieras.<\/p>\n\n\n\n<h2 class=\"wp-block-heading\">\u00bfQu\u00e9 es Swissquote?<\/h2>\n\n\n\n<p>Swissquote comenz\u00f3 como Marvel Communications SA, un software financiero y aplicaciones web en 1990, antes de evolucionar hasta convertirse en la primera plataforma financiera de Suiza.<\/p>\n\n\n\n<p>En 2000, las acciones de Swissquote empezaron a cotizar en la bolsa suiza SIX Swiss Exchange, lo que supuso un paso importante para la empresa en su camino hacia la cotizaci\u00f3n en bolsa.<\/p>\n\n\n\n<p>En 2022, Swissquote ampli\u00f3 a\u00fan m\u00e1s su alcance con la adquisici\u00f3n de Keytrade Bank Luxembourg. La empresa tambi\u00e9n se asoci\u00f3 con el Luzerner Kantonalbank (LUKB) para prestar servicios hipotecarios, lo que supuso un avance estrat\u00e9gico en el mercado suizo. <a href=\"https:\/\/adamfayed.com\/es\/investment-options\/real-estate\/\">inmobiliario<\/a> mercado.<\/p>\n\n\n\n<h3 class=\"wp-block-heading\">\u00bfQu\u00e9 hace Swissquote?<\/h3>\n\n\n\n<p>La empresa ofrece a sus clientes tres opciones principales de inversi\u00f3n:<\/p>\n\n\n\n<h4 class=\"wp-block-heading\">\u00bfQu\u00e9 es una Cuenta de Negociaci\u00f3n Swissquote?<\/h4>\n\n\n\n<p>Swissquote ofrece una cuenta de negociaci\u00f3n multidivisa dise\u00f1ada para simplificar la gesti\u00f3n de carteras con acceso a m\u00e1s de 30 mercados mundiales. Los clientes pueden negociar <a href=\"https:\/\/adamfayed.com\/es\/investment-options\/stocks\/\">acciones<\/a>, <a href=\"https:\/\/adamfayed.com\/es\/investment-options\/etfs\/\">ETFs<\/a>, <a href=\"https:\/\/adamfayed.com\/es\/investment-options\/mutual-funds\/\">fondos de inversi\u00f3n<\/a>, opciones y productos estructurados, todo desde una sola cuenta. <\/p>\n\n\n\n<p>La funcionalidad multidivisa de la cuenta reduce las comisiones por conversi\u00f3n de divisas, mientras que los custodios globales protegen los activos y el efectivo est\u00e1 asegurado hasta 100.000 euros. Tambi\u00e9n se ofrecen operaciones con margen y pr\u00e9stamos personales respaldados por inversiones.<\/p>\n\n\n\n<h4 class=\"wp-block-heading\">\u00bfQu\u00e9 es Swissquote Smart Portfolios?<\/h4>\n\n\n\n<p>Smart Portfolios ofrece soluciones de inversi\u00f3n gestionadas profesionalmente con una inversi\u00f3n m\u00ednima de 5.000 EUR\/USD\/GBP. <\/p>\n\n\n\n<p>Ofrecen costes bajos a partir de 0,92% anuales, sin comisiones de entrada ni de salida. El reajuste autom\u00e1tico y las recargas flexibles garantizan la eficiencia.<\/p>\n\n\n\n<p>Los clientes pueden elegir entre cuatro perfiles de inversi\u00f3n: Defensivo, Moderado, Crecimiento y Multiactivo Sostenible. Entre las rentabilidades m\u00e1s destacadas se incluyen los rendimientos constantes desde 2015 para las carteras con aportaciones peri\u00f3dicas.<\/p>\n\n\n\n<h4 class=\"wp-block-heading\">\u00bfQu\u00e9 es Swissquote Crypto Services?<\/h4>\n\n\n\n<p>Swissquote ofrece una plataforma segura para negociar 44 criptodivisas, incluidas Bitcoin y Ethereum, con mayor liquidez y precios competitivos. <\/p>\n\n\n\n<p>Los servicios adicionales incluyen valores negociados en bolsa, opciones y futuros para la exposici\u00f3n a criptomonedas.<\/p>\n\n\n\n<p>Recursos educativos como libros electr\u00f3nicos y art\u00edculos profesionales garantizan que los clientes est\u00e9n bien informados. Los servicios institucionales ofrecen soluciones criptogr\u00e1ficas que cumplen la normativa para organizaciones que buscan confianza y experiencia.<\/p>\n\n\n\n<figure class=\"wp-block-image alignright size-medium\"><img fetchpriority=\"high\" decoding=\"async\" width=\"300\" height=\"171\" src=\"https:\/\/adamfayed.com\/wp-content\/uploads\/2025\/01\/collagemanagement_0-300x171.png\" alt=\"Swissquote Executive Management\" class=\"wp-image-92276\" srcset=\"https:\/\/adamfayed.com\/wp-content\/uploads\/2025\/01\/collagemanagement_0-300x171.png 300w, https:\/\/adamfayed.com\/wp-content\/uploads\/2025\/01\/collagemanagement_0-512x293.png 512w, https:\/\/adamfayed.com\/wp-content\/uploads\/2025\/01\/collagemanagement_0-768x439.png 768w, https:\/\/adamfayed.com\/wp-content\/uploads\/2025\/01\/collagemanagement_0.png 1062w\" sizes=\"(max-width: 300px) 100vw, 300px\" \/><\/figure>\n\n\n\n<h3 class=\"wp-block-heading\"><a href=\"https:\/\/en.swissquote.lu\/about-us\/executive-management\" target=\"_blank\" rel=\"noopener\">Direcci\u00f3n ejecutiva de Swissquote<\/a><\/h3>\n\n\n\n<ul class=\"wp-block-list\">\n<li><strong>Marc B\u00fcrki - Director General (CEO)<\/strong><br>Socio fundador de Swissquote Group Holding Ltd, Marc B\u00fcrki dirige la estrategia global y las operaciones del grupo y su banco.<\/li>\n\n\n\n<li><strong>Yvan Cardenas - Director Financiero (CFO)<\/strong><br>Responsable de supervisar la estrategia financiera, la planificaci\u00f3n y la elaboraci\u00f3n de informes de Swissquote Group Holding Ltd y sus operaciones bancarias.<\/li>\n\n\n\n<li><strong>Gilles Chantrier - Director de Riesgos (CRO)<\/strong><br>Gestiona las estrategias de evaluaci\u00f3n y mitigaci\u00f3n de riesgos en todo el grupo y las actividades bancarias de Swissquote.<\/li>\n\n\n\n<li><strong>Alexandru Craciun - Director de Tecnolog\u00eda (CTO)<\/strong><br>Dirige la estrategia tecnol\u00f3gica y la innovaci\u00f3n de Swissquote, garantizando el desarrollo y la gesti\u00f3n de su infraestructura tecnol\u00f3gica.<\/li>\n\n\n\n<li><strong>Jan De Schepper - Director de Ventas y Marketing (CSO)<\/strong><br>Supervisa las iniciativas de ventas y marketing para impulsar el crecimiento y mejorar la presencia de Swissquote en el mercado.<\/li>\n\n\n\n<li><strong>Nestor Verrier - Director de Operaciones (COO)<\/strong><br>Dirige los procesos operativos, garantizando la eficiencia y la alineaci\u00f3n con los objetivos estrat\u00e9gicos de Swissquote.<\/li>\n\n\n\n<li><strong>Morgan Lavanchy - Director Jur\u00eddico (CLO)<\/strong><br>Responsable de asuntos jur\u00eddicos y cumplimiento de la normativa en todo el grupo y entidades bancarias de Swissquote.<\/li>\n<\/ul>\n\n\n\n<p><\/p>\n\n\n\n<h3 class=\"wp-block-heading\">\u00bfD\u00f3nde se encuentra Swissquote?<\/h3>\n\n\n\n<h4 class=\"wp-block-heading\"><a href=\"https:\/\/www.swissquote.com\/en\/group\/company\/offices\" target=\"_blank\" rel=\"noopener\">Sede central<\/a><\/h4>\n\n\n\n<p><strong>Gland, Suiza<\/strong><\/p>\n\n\n\n<ul class=\"wp-block-list\">\n<li><strong>Direcci\u00f3n<\/strong>: Ch. de la Cr\u00e9taux 33, P.O. Box 1032, 1196 Gland, Suiza<\/li>\n\n\n\n<li><strong>Tel\u00e9fono<\/strong>: +41 22 999 94 11<\/li>\n\n\n\n<li><strong>Fax<\/strong>: +41 22 999 94 12<\/li>\n<\/ul>\n\n\n\n<p><\/p>\n\n\n\n<h4 class=\"wp-block-heading\"><strong>Suiza<\/strong><\/h4>\n\n\n\n<p><strong>Oficina de Z\u00farich<\/strong><\/p>\n\n\n\n<ul class=\"wp-block-list\">\n<li><strong>Direcci\u00f3n<\/strong>: L\u00f6wenstrasse 62, Postfach 2017, 8021 Z\u00fcrich, Suiza<\/li>\n\n\n\n<li><strong>Tel\u00e9fono<\/strong>: 0848 25 88 88<\/li>\n\n\n\n<li><strong>Fax<\/strong>: +41 44 825 88 89<\/li>\n<\/ul>\n\n\n\n<p><\/p>\n\n\n\n<h4 class=\"wp-block-heading\"><strong>Europa<\/strong><\/h4>\n\n\n\n<p><strong>Londres, Reino Unido<\/strong><\/p>\n\n\n\n<ul class=\"wp-block-list\">\n<li><strong>Direcci\u00f3n<\/strong>: Swissquote Ltd, Boston House, 63-64 New Broad Street, Londres EC2M 1JJ<\/li>\n\n\n\n<li><strong>Tel\u00e9fono<\/strong>: +44 (0) 20 7186 2600<\/li>\n\n\n\n<li><strong>Fax<\/strong>: +44 (0) 20 7186 2601<\/li>\n<\/ul>\n\n\n\n<p><\/p>\n\n\n\n<p><strong>Luxemburgo<\/strong><\/p>\n\n\n\n<ul class=\"wp-block-list\">\n<li><strong>Direcci\u00f3n<\/strong>: Swissquote Bank Europe Ltd, 2, rue Edward Steichen, L-2958 Luxemburgo<\/li>\n\n\n\n<li><strong>Tel\u00e9fono<\/strong>: +352 2603 2003<\/li>\n\n\n\n<li><strong>Fax<\/strong>: +352 2603 2042<\/li>\n\n\n\n<li><strong>Correo electr\u00f3nico<\/strong>: <a>clientservices@swissquote.lu<\/a><\/li>\n<\/ul>\n\n\n\n<p><\/p>\n\n\n\n<p><strong>Malta<\/strong><\/p>\n\n\n\n<ul class=\"wp-block-list\">\n<li><strong>Direcci\u00f3n<\/strong>: Swissquote Financial Services (Malta) Ltd, PenderGardens, St. Andrew's Street, St. Julian's, STJ 1901, Malta<\/li>\n\n\n\n<li><strong>Tel\u00e9fono<\/strong>: +356 222 65 100<\/li>\n\n\n\n<li><strong>Horario de oficina<\/strong>: 8:00 - 18:00 CET (lunes - viernes)<\/li>\n<\/ul>\n\n\n\n<p><strong>Bucarest, Ruman\u00eda<\/strong><\/p>\n\n\n\n<ul class=\"wp-block-list\">\n<li><strong>Direcci\u00f3n<\/strong>: Swissquote Tech Hub Bucharest S.R.L., Opera Center One Building, 1-5 Costache Negri street, 5\u00aa planta, 5\u00ba distrito, Bucarest<\/li>\n<\/ul>\n\n\n\n<p><\/p>\n\n\n\n<p><strong>Chipre<\/strong><\/p>\n\n\n\n<ul class=\"wp-block-list\">\n<li><strong>Direcci\u00f3n<\/strong>: Swissquote Capital Markets Ltd, Emerald House, 42 Spyrou Kyprianou Avenue, Limassol, CY 3076<\/li>\n\n\n\n<li><strong>Tel\u00e9fono<\/strong>: +357 25 258 250<\/li>\n\n\n\n<li><strong>Correo electr\u00f3nico<\/strong>: <a>support_sqcm@swissquote.com<\/a><\/li>\n<\/ul>\n\n\n\n<p><\/p>\n\n\n\n<h4 class=\"wp-block-heading\"><strong>Oriente Medio<\/strong><\/h4>\n\n\n\n<p><strong>Dubai<\/strong><\/p>\n\n\n\n<ul class=\"wp-block-list\">\n<li><strong>Direcci\u00f3n<\/strong>: Swissquote MEA Ltd, Al Fattan Currency House, Nivel 9, Oficina 904, Torre 2, DIFC, Apartado de Correos 121364<\/li>\n\n\n\n<li><strong>Tel\u00e9fono<\/strong>: +971 4 450 1777<\/li>\n\n\n\n<li><strong>Fax<\/strong>: +971 4 450 1771<\/li>\n\n\n\n<li><strong>Correo electr\u00f3nico<\/strong>: <a>ae.sales@swissquote.ae<\/a><\/li>\n<\/ul>\n\n\n\n<p><\/p>\n\n\n\n<p><strong>Oficina de representaci\u00f3n en Dubai<\/strong><\/p>\n\n\n\n<ul class=\"wp-block-list\">\n<li><strong>Direcci\u00f3n<\/strong>: Swissquote Bank SA (Oficina de Representaci\u00f3n en los EAU), Oficina 2402 | Level 24, Boulevard Plaza, Tower 1, P.O.Box 121364<\/li>\n\n\n\n<li><strong>Tel\u00e9fono<\/strong>: +971 4 450 1700<\/li>\n\n\n\n<li><strong>Fax<\/strong>: +971 4 450 1701<\/li>\n\n\n\n<li><strong>Correo electr\u00f3nico<\/strong>: <a>dxb@swissquote.com<\/a><\/li>\n<\/ul>\n\n\n\n<p><\/p>\n\n\n\n<h4 class=\"wp-block-heading\"><strong>Asia<\/strong><\/h4>\n\n\n\n<p><strong>Singapur<\/strong><\/p>\n\n\n\n<ul class=\"wp-block-list\">\n<li><strong>Direcci\u00f3n<\/strong>: Swissquote Pte. Ltd, Office 34-01A, One Raffles Quay, North Tower, Singapur, 048583<\/li>\n\n\n\n<li><strong>Tel\u00e9fono<\/strong>: +65 6982 6780<\/li>\n\n\n\n<li><strong>Correo electr\u00f3nico<\/strong>: <a>b2bsingapore@swissquote.com<\/a><\/li>\n<\/ul>\n\n\n\n<p><\/p>\n\n\n\n<p><strong>Hong Kong<\/strong><\/p>\n\n\n\n<ul class=\"wp-block-list\">\n<li><strong>Direcci\u00f3n<\/strong>: Swissquote Asia Ltd, Suites 3202-04, Level 32\/F, ICBC Tower, 3 Garden Road Central, Hong Kong<\/li>\n\n\n\n<li><strong>Tel\u00e9fono<\/strong>: +852 3902 0000<\/li>\n\n\n\n<li><strong>Tel\u00e9fono gratuito chino<\/strong>: 4000 850 999<\/li>\n\n\n\n<li><strong>Fax<\/strong>: +852 3902 0099<\/li>\n\n\n\n<li><strong>Correo electr\u00f3nico<\/strong>: <a>hk@swissquote.com<\/a><\/li>\n<\/ul>\n\n\n\n<p><\/p>\n\n\n\n<h4 class=\"wp-block-heading\"><strong>Sud\u00e1frica<\/strong><\/h4>\n\n\n\n<p><strong>Ciudad del Cabo<\/strong><\/p>\n\n\n\n<ul class=\"wp-block-list\">\n<li><strong>Direcci\u00f3n<\/strong>: Swissquote South Africa (Pty) Ltd, 183 Albion Springs, Cnr Albion Springs Close &amp; Main Road, Rondebosch, Ciudad del Cabo 7700<\/li>\n\n\n\n<li><strong>Tel\u00e9fono<\/strong>: +27 21 827 70 46<\/li>\n\n\n\n<li><strong>Correo electr\u00f3nico<\/strong>: <a>SA-Desk@swissquote.com<\/a><\/li>\n<\/ul>\n\n\n\n<p><\/p>\n\n\n\n<p><strong>\u00bfLe duele la indecisi\u00f3n financiera? <\/strong><\/p>\n\n\n\n<figure class=\"wp-block-image size-large is-resized\"><img decoding=\"async\" width=\"512\" height=\"288\" src=\"https:\/\/adamfayed.com\/wp-content\/uploads\/2025\/03\/Adam-Fayed-Contact_CTA3-512x288.jpg\" alt=\"\" class=\"wp-image-117505\" style=\"width:683px;height:auto\" srcset=\"https:\/\/adamfayed.com\/wp-content\/uploads\/2025\/03\/Adam-Fayed-Contact_CTA3-512x288.jpg 512w, https:\/\/adamfayed.com\/wp-content\/uploads\/2025\/03\/Adam-Fayed-Contact_CTA3-300x169.jpg 300w, https:\/\/adamfayed.com\/wp-content\/uploads\/2025\/03\/Adam-Fayed-Contact_CTA3-768x432.jpg 768w, https:\/\/adamfayed.com\/wp-content\/uploads\/2025\/03\/Adam-Fayed-Contact_CTA3-scaled.jpg 825w\" sizes=\"(max-width: 512px) 100vw, 512px\" \/><\/figure>\n\n\n\n<div style=\"height:10px\" aria-hidden=\"true\" class=\"wp-block-spacer\"><\/div>\n\n\n\n<div class=\"wp-block-buttons is-layout-flex wp-block-buttons-is-layout-flex\">\n<div class=\"wp-block-button\"><a class=\"wp-block-button__link wp-element-button\" href=\"https:\/\/adamfayed.com\/es\/become-adams-client\/\">Convi\u00e9rtase en mi cliente<\/a><\/div>\n\n\n\n<div class=\"wp-block-button\"><a class=\"wp-block-button__link wp-element-button\" href=\"https:\/\/adamfayed.com\/es\/good-match-quiz\/\" target=\"_blank\" rel=\"noreferrer noopener\">Realice el cuestionario de elegibilidad de clientes<\/a><\/div>\n\n\n\n<div class=\"wp-block-button\"><a class=\"wp-block-button__link wp-element-button\" href=\"https:\/\/adamfayed.com\/es\/contact\/\" target=\"_blank\" rel=\"noreferrer noopener\">P\u00f3ngase en contacto con<\/a><\/div>\n<\/div>\n\n\n\n<p><strong>Adam es un autor reconocido internacionalmente en temas financieros, con m\u00e1s de 830 millones de respuestas en Quora, un libro muy vendido en Amazon y colaborador de Forbes.<\/strong><\/p>","protected":false},"excerpt":{"rendered":"<p>Swissquote Group Holding SA is a Swiss banking group specializing in online financial and trading services. If you are looking to invest as an expat or high-net-worth individual, which is what I specialize in, you can email me (advice@adamfayed.com) or WhatsApp (+44-7393-450-837). Some of the facts might change from the time of writing. For updated [&hellip;]<\/p>","protected":false},"author":16,"featured_media":92275,"parent":79525,"menu_order":0,"comment_status":"closed","ping_status":"closed","template":"","meta":{"rop_custom_images_group":[],"rop_custom_messages_group":[],"rop_publish_now":"initial","rop_publish_now_accounts":{"facebook_10166176115445471_100883565069113":""},"rop_publish_now_history":[],"rop_publish_now_status":"pending","footnotes":""},"class_list":["post-92274","page","type-page","status-publish","has-post-thumbnail","hentry"],"_links":{"self":[{"href":"https:\/\/adamfayed.com\/es\/wp-json\/wp\/v2\/pages\/92274","targetHints":{"allow":["GET"]}}],"collection":[{"href":"https:\/\/adamfayed.com\/es\/wp-json\/wp\/v2\/pages"}],"about":[{"href":"https:\/\/adamfayed.com\/es\/wp-json\/wp\/v2\/types\/page"}],"author":[{"embeddable":true,"href":"https:\/\/adamfayed.com\/es\/wp-json\/wp\/v2\/users\/16"}],"replies":[{"embeddable":true,"href":"https:\/\/adamfayed.com\/es\/wp-json\/wp\/v2\/comments?post=92274"}],"version-history":[{"count":2,"href":"https:\/\/adamfayed.com\/es\/wp-json\/wp\/v2\/pages\/92274\/revisions"}],"predecessor-version":[{"id":92329,"href":"https:\/\/adamfayed.com\/es\/wp-json\/wp\/v2\/pages\/92274\/revisions\/92329"}],"up":[{"embeddable":true,"href":"https:\/\/adamfayed.com\/es\/wp-json\/wp\/v2\/pages\/79525"}],"wp:featuredmedia":[{"embeddable":true,"href":"https:\/\/adamfayed.com\/es\/wp-json\/wp\/v2\/media\/92275"}],"wp:attachment":[{"href":"https:\/\/adamfayed.com\/es\/wp-json\/wp\/v2\/media?parent=92274"}],"curies":[{"name":"wp","href":"https:\/\/api.w.org\/{rel}","templated":true}]}}