{"id":92497,"date":"2025-01-28T17:11:33","date_gmt":"2025-01-28T17:11:33","guid":{"rendered":"https:\/\/adamfayed.com\/?page_id=92497"},"modified":"2025-01-28T17:11:33","modified_gmt":"2025-01-28T17:11:33","slug":"qnb-wealth-management-profile-what-is-qnb-wealth-management","status":"publish","type":"page","link":"https:\/\/adamfayed.com\/es\/investment-options\/investment-providers\/qnb-wealth-management-profile-what-is-qnb-wealth-management\/","title":{"rendered":"QNB Wealth Management Profile: What is QNB Wealth Management?"},"content":{"rendered":"<p><a href=\"https:\/\/adamfayed.com\/es\/review-articles\/qnb-wealth-management-review\/\">QNB Wealth Management<\/a> is the wealth and asset management division of the Qatar National Bank (QNB).<\/p>\n\n\n\n<p><a href=\"https:\/\/www.qnb.com\/sites\/qnb\/qnbglobal\/page\/en\/enhistory.html\" target=\"_blank\" rel=\"noopener\">Qatar National Bank<\/a> (QNB Group), established in 1964 as Qatar&#8217;s first Qatari-owned commercial bank, is jointly owned by the Qatar Investment Authority (50%) and public shareholders (50%).<\/p>\n\n\n\n<p>Si desea invertir como expatriado o particular con un elevado patrimonio neto, que es en lo que estoy especializado, puede enviarme un correo electr\u00f3nico (<a href=\"mailto:advice@adamfayed.com\" target=\"_blank\" rel=\"noreferrer noopener\">advice@adamfayed.com<\/a>) o WhatsApp (+44-7393-450-837).<\/p>\n\n\n\n<p>Algunos de los datos podr\u00edan cambiar desde el momento de la redacci\u00f3n. Si desea informaci\u00f3n actualizada, p\u00f3ngase en contacto conmigo.<\/p>\n\n\n\n<p>This page will explore what is QNB Wealth Management, what it does, and whether its <a href=\"https:\/\/adamfayed.com\/es\/offshore-investment\/offshore-financial-services\/offshore-asset-management\/\">asset management solutions<\/a> y<a href=\"https:\/\/adamfayed.com\/es\/investment-options\/\"> ofertas de inversi\u00f3n<\/a> provide value to you and your investment portfolio.<\/p>\n\n\n\n<h2 class=\"wp-block-heading\">What is QNB Wealth Management?<\/h2>\n\n\n\n<p>Over the years, QNB has grown into the largest financial institution in the Middle East and Africa (MEA), with total assets of QAR 1,279 billion (USD 351 billion) and a net profit of QAR 12.7 billion (USD 3.5 billion) <a href=\"https:\/\/www.qnb.com\/sites\/qnb\/qnbglobal\/page\/en\/enqnbprofile.html\" target=\"_blank\" rel=\"noopener\">as of September 30, 2024<\/a>. <\/p>\n\n\n\n<p>The Group operates across 28 countries on three continents, with over 31,000 employees, 900 locations, and 5,000 ATMs.<\/p>\n\n\n\n<p>QNB is highly rated by credit agencies, with an A+ from Standard &amp; Poor&#8217;s and Aa2 from Moody&#8217;s. <\/p>\n\n\n\n<p>Its subsidiaries include QNB Capital, offering investment banking services such as mergers and acquisitions, capital markets, and project financing, and QNB Financial Services, a licensed brokerage providing <a href=\"https:\/\/adamfayed.com\/es\/investment-options\/investment-providers\/\">a multi-market trading platform<\/a>.<\/p>\n\n\n\n<h3 class=\"wp-block-heading\">History of QNB<\/h3>\n\n\n\n<figure class=\"wp-block-image alignright size-medium\"><img fetchpriority=\"high\" decoding=\"async\" width=\"300\" height=\"188\" src=\"https:\/\/adamfayed.com\/wp-content\/uploads\/2025\/01\/qnb-1-300x188.png\" alt=\"QNB, originally Qatar National Bank, was established in 1964 as the first Qatari-owned commercial bank\" class=\"wp-image-92500\" srcset=\"https:\/\/adamfayed.com\/wp-content\/uploads\/2025\/01\/qnb-1-300x188.png 300w, https:\/\/adamfayed.com\/wp-content\/uploads\/2025\/01\/qnb-1-512x320.png 512w, https:\/\/adamfayed.com\/wp-content\/uploads\/2025\/01\/qnb-1-768x480.png 768w, https:\/\/adamfayed.com\/wp-content\/uploads\/2025\/01\/qnb-1.png 1344w\" sizes=\"(max-width: 300px) 100vw, 300px\" \/><\/figure>\n\n\n\n<p>QNB, originally Qatar National Bank, was established in 1964 as the first Qatari-owned commercial bank. It was rebranded to QNB in 2004 and has since played a pivotal role in Qatar\u2019s development.<\/p>\n\n\n\n<p>QNB&#8217;s international expansion began in 1976 with its first overseas branch in London, followed by Paris in 1978. <\/p>\n\n\n\n<p>A significant expansion plan launched in 2005 extended QNB\u2019s presence to more than 31 countries today, supported by subsidiaries, branches, and representative offices.<\/p>\n\n\n\n<p>Domestically, the establishment of QNB Capital in 2008 and QNB Financial Services (QNBFS) in 2011 has cemented QNB as a modern financial institution offering advanced investment and financial services.<\/p>\n\n\n\n<h3 class=\"wp-block-heading\">What does QNB Wealth Management do?<\/h3>\n\n\n\n<p>QNB Wealth Management offers customized investment solutions tailored to clients&#8217; financial goals and risk appetites through its <a href=\"https:\/\/www.qnb.com\/sites\/qnb\/qnbprivate\/page\/en\/enassetandwealthmanagement.html\" target=\"_blank\" rel=\"noopener\">Asset &amp; Wealth Management Department<\/a>, offering a range of investment instruments, including equities, <a href=\"https:\/\/adamfayed.com\/es\/investment-options\/fixed-income\/\">fixed-income products<\/a>, structured products, and <a href=\"https:\/\/adamfayed.com\/es\/investment-options\/commodities\/\">materias primas<\/a>.<\/p>\n\n\n\n<h4 class=\"wp-block-heading\">Fondos<\/h4>\n\n\n\n<ul class=\"wp-block-list\">\n<li><strong>QNB MENA Debt Fund<\/strong>: Invests in low-risk, dollar-denominated debt securities from the MENA region with biannual returns and daily liquidity.<\/li>\n\n\n\n<li><strong>QNB Sukuk Fund<\/strong>: Offers exposure to globally diversified Sukuk securities with a low-risk strategy.<\/li>\n\n\n\n<li><strong>Al Watani Fund<\/strong>: Focuses on Qatari blue-chip equities.<\/li>\n\n\n\n<li><strong>QNB MENA Equity Fund<\/strong>: Diversifies across stocks in the Middle East and North Africa.<\/li>\n\n\n\n<li><strong>QNB Commodity Fund<\/strong>: Provides exposure to selected commodities through <a href=\"https:\/\/adamfayed.com\/es\/investment-options\/etfs\/\">ETFs<\/a> y la renta variable.<\/li>\n\n\n\n<li><strong>QNB Asia-Pacific Equity Fund<\/strong>: Targets growth in Asia-Pacific markets (excluding Japan) with diversified equity investments.<\/li>\n\n\n\n<li><strong>QNB Debt Fund<\/strong>: Invests in <a href=\"https:\/\/adamfayed.com\/es\/investment-options\/what-are-bonds\/\">bonos<\/a> from reputable entities in Qatar and Gulf Cooperation Council (GCC) nations.<\/li>\n<\/ul>\n\n\n\n<p><\/p>\n\n\n\n<p>QNB <a class=\"wpil_keyword_link\" href=\"https:\/\/adamfayed.com\/es\/\" title=\"Gesti\u00f3n de patrimonios\" data-wpil-keyword-link=\"linked\" data-wpil-monitor-id=\"1390\">Gesti\u00f3n de patrimonios<\/a> also offers tailored investment solutions, including capital-guaranteed structured products, enabling investors to participate in asset growth while managing risks.<\/p>\n\n\n\n<p>QNB collaborates with global asset managers like Fidelity, Goldman Sachs, Allianz, and Schroders to offer clients access to various <a href=\"https:\/\/adamfayed.com\/es\/offshore-investment\/offshore-funds\/\">managed funds<\/a>.<\/p>\n\n\n\n<h3 class=\"wp-block-heading\"><a href=\"https:\/\/www.qnb.com\/sites\/qnb\/qnbglobal\/page\/en\/enexecutivemanagementpage.html\" target=\"_blank\" rel=\"noopener\">QNB Key Executives<\/a><\/h3>\n\n\n\n<h4 class=\"wp-block-heading\">QNB Group<\/h4>\n\n\n\n<ul class=\"wp-block-list\">\n<li><strong>Abdulla Mubarak Al-Khalifa<\/strong>: Group Chief Executive Officer, QNB<\/li>\n\n\n\n<li><strong>Yousef Mahmoud Al-Neama<\/strong>: Group Chief Business Officer, QNB<\/li>\n\n\n\n<li><strong>Adel Ali Al-Malki<\/strong>: Senior Executive Vice President &#8211; Group Retail Banking, QNB<\/li>\n\n\n\n<li><strong>Abdulla Hashim Al-Sada<\/strong>: Senior Executive Vice President &#8211; Group Asset and Wealth Management, QNB<\/li>\n\n\n\n<li><strong>Ali Abdulla Darwish<\/strong>: Senior Executive Vice President &#8211; International Business, QNB<\/li>\n\n\n\n<li><strong>Khalid Ahmed Al-Sada<\/strong>: Senior Executive Vice President &#8211; Group Corporate and Institutional Banking, QNB<\/li>\n<\/ul>\n\n\n\n<p><\/p>\n\n\n\n<h4 class=\"wp-block-heading\">Internacional<\/h4>\n\n\n\n<ul class=\"wp-block-list\">\n<li><strong>Abdulaziz Khalid Jokhdar<\/strong>: Chief Executive Officer &#8211; KSA<\/li>\n\n\n\n<li><strong>Abdulsalam AlBaddai<\/strong>: Chief Executive Officer &#8211; Yemen<\/li>\n\n\n\n<li><strong>Alexandre Zibaut<\/strong>: Chief Executive Officer &#8211; France<\/li>\n\n\n\n<li><strong>Gaurav Gupta<\/strong>: Chief Executive Officer &#8211; India<\/li>\n\n\n\n<li><strong>Ghassan Kandalaft<\/strong>: Chief Executive Officer &#8211; South Sudan<\/li>\n\n\n\n<li><strong>Khalid Al Barwani<\/strong>: Chief Executive Officer &#8211; Oman<\/li>\n\n\n\n<li><strong>Mohamed Ismail<\/strong>: Chief Executive Officer &#8211; Kuwait<\/li>\n\n\n\n<li><strong>Silas Lee<\/strong>: Chief Executive Officer &#8211; Singapore<\/li>\n\n\n\n<li><strong>Jafar Amin<\/strong>: Chief Executive Officer &#8211; Hong Kong &amp; Greater China<\/li>\n\n\n\n<li><strong>Ziad Sadek Itani<\/strong>: Chief Executive Officer &#8211; Lebanon<\/li>\n\n\n\n<li><strong>Paul McDonagh<\/strong>: Chief Executive Officer &#8211; UK<\/li>\n\n\n\n<li><strong>Jonathan Yang<\/strong>: Acting Chief Representative &#8211; Shanghai, China<\/li>\n\n\n\n<li><strong>Majid Ahadian<\/strong>: Chief Representative Officer &#8211; Iran<\/li>\n\n\n\n<li><strong>Truc Ba Ha<\/strong>: Chief Representative Officer \u2013 Vietnam<\/li>\n<\/ul>\n\n\n\n<p><\/p>\n\n\n\n<h3 class=\"wp-block-heading\">QNB Wealth Management Contact Information<\/h3>\n\n\n\n<h4 class=\"wp-block-heading\">Banca privada<\/h4>\n\n\n\n<ul class=\"wp-block-list\">\n<li><strong>Direcci\u00f3n<\/strong>: P. O. Box 1000, Doha, State of Qatar<\/li>\n\n\n\n<li><strong>Tel<\/strong>: +(974)4440 7744<\/li>\n\n\n\n<li><strong>Fax<\/strong>: +974 44407219<\/li>\n<\/ul>\n\n\n\n<p><\/p>\n\n\n\n<p><strong>\u00bfLe duele la indecisi\u00f3n financiera? <\/strong><\/p>\n\n\n\n<figure class=\"wp-block-image size-large is-resized\"><img decoding=\"async\" width=\"512\" height=\"288\" src=\"https:\/\/adamfayed.com\/wp-content\/uploads\/2025\/03\/Adam-Fayed-Contact_CTA3-512x288.jpg\" alt=\"\" class=\"wp-image-117505\" style=\"width:683px;height:auto\" srcset=\"https:\/\/adamfayed.com\/wp-content\/uploads\/2025\/03\/Adam-Fayed-Contact_CTA3-512x288.jpg 512w, https:\/\/adamfayed.com\/wp-content\/uploads\/2025\/03\/Adam-Fayed-Contact_CTA3-300x169.jpg 300w, https:\/\/adamfayed.com\/wp-content\/uploads\/2025\/03\/Adam-Fayed-Contact_CTA3-768x432.jpg 768w, https:\/\/adamfayed.com\/wp-content\/uploads\/2025\/03\/Adam-Fayed-Contact_CTA3-scaled.jpg 825w\" sizes=\"(max-width: 512px) 100vw, 512px\" \/><\/figure>\n\n\n\n<div style=\"height:10px\" aria-hidden=\"true\" class=\"wp-block-spacer\"><\/div>\n\n\n\n<div class=\"wp-block-buttons is-layout-flex wp-block-buttons-is-layout-flex\">\n<div class=\"wp-block-button\"><a class=\"wp-block-button__link wp-element-button\" href=\"https:\/\/adamfayed.com\/es\/become-adams-client\/\">Convi\u00e9rtase en mi cliente<\/a><\/div>\n\n\n\n<div class=\"wp-block-button\"><a class=\"wp-block-button__link wp-element-button\" href=\"https:\/\/adamfayed.com\/es\/good-match-quiz\/\" target=\"_blank\" rel=\"noreferrer noopener\">Realice el cuestionario de elegibilidad de clientes<\/a><\/div>\n\n\n\n<div class=\"wp-block-button\"><a class=\"wp-block-button__link wp-element-button\" href=\"https:\/\/adamfayed.com\/es\/contact\/\" target=\"_blank\" rel=\"noreferrer noopener\">P\u00f3ngase en contacto con<\/a><\/div>\n<\/div>\n\n\n\n<p><strong>Adam es un autor reconocido internacionalmente en temas financieros, con m\u00e1s de 830 millones de respuestas en Quora, un libro muy vendido en Amazon y colaborador de Forbes.<\/strong><\/p>","protected":false},"excerpt":{"rendered":"<p>QNB Wealth Management is the wealth and asset management division of the Qatar National Bank (QNB). Qatar National Bank (QNB Group), established in 1964 as Qatar&#8217;s first Qatari-owned commercial bank, is jointly owned by the Qatar Investment Authority (50%) and public shareholders (50%). If you are looking to invest as an expat or high-net-worth individual, [&hellip;]<\/p>\n","protected":false},"author":16,"featured_media":92498,"parent":79525,"menu_order":0,"comment_status":"closed","ping_status":"closed","template":"","meta":{"rop_custom_images_group":[],"rop_custom_messages_group":[],"rop_publish_now":"initial","rop_publish_now_accounts":{"facebook_10166176115445471_100883565069113":""},"rop_publish_now_history":[],"rop_publish_now_status":"pending","footnotes":""},"class_list":["post-92497","page","type-page","status-publish","has-post-thumbnail","hentry"],"_links":{"self":[{"href":"https:\/\/adamfayed.com\/es\/wp-json\/wp\/v2\/pages\/92497","targetHints":{"allow":["GET"]}}],"collection":[{"href":"https:\/\/adamfayed.com\/es\/wp-json\/wp\/v2\/pages"}],"about":[{"href":"https:\/\/adamfayed.com\/es\/wp-json\/wp\/v2\/types\/page"}],"author":[{"embeddable":true,"href":"https:\/\/adamfayed.com\/es\/wp-json\/wp\/v2\/users\/16"}],"replies":[{"embeddable":true,"href":"https:\/\/adamfayed.com\/es\/wp-json\/wp\/v2\/comments?post=92497"}],"version-history":[{"count":2,"href":"https:\/\/adamfayed.com\/es\/wp-json\/wp\/v2\/pages\/92497\/revisions"}],"predecessor-version":[{"id":92635,"href":"https:\/\/adamfayed.com\/es\/wp-json\/wp\/v2\/pages\/92497\/revisions\/92635"}],"up":[{"embeddable":true,"href":"https:\/\/adamfayed.com\/es\/wp-json\/wp\/v2\/pages\/79525"}],"wp:featuredmedia":[{"embeddable":true,"href":"https:\/\/adamfayed.com\/es\/wp-json\/wp\/v2\/media\/92498"}],"wp:attachment":[{"href":"https:\/\/adamfayed.com\/es\/wp-json\/wp\/v2\/media?parent=92497"}],"curies":[{"name":"wp","href":"https:\/\/api.w.org\/{rel}","templated":true}]}}