{"id":185416,"date":"2025-07-04T05:53:38","date_gmt":"2025-07-04T05:53:38","guid":{"rendered":"https:\/\/adamfayed.com\/?page_id=185416"},"modified":"2026-02-28T12:09:36","modified_gmt":"2026-02-28T12:09:36","slug":"spanish-article","status":"publish","type":"page","link":"https:\/\/adamfayed.com\/it\/spanish-article\/","title":{"rendered":"Articoli informativi in spagnolo per gli espatriati"},"content":{"rendered":"<p>Bienvenido a nuestra colecci\u00f3n de art\u00edculos informativos en espa\u00f1ol, creados especialmente para expatriados. Aqu\u00ed encontrar\u00e1 explicaciones claras sobre conceptos clave de planificaci\u00f3n patrimonial, fiscalidad internacional, estructuras legales y temas relevantes para quienes viven o invierten fuera de su pa\u00eds de origen.<\/p>\n\n\n\n<p>Estos recursos est\u00e1n dise\u00f1ados para ayudarle a comprender mejor el entorno financiero global y tomar decisiones con mayor informaci\u00f3n, sin tratarse de asesoramiento personalizado.<\/p>\n\n\n\n<p>Si deseas invertir como expatriado o persona de alto patrimonio \u2014que es mi especialidad\u2014 puedes contactarme por email (hello@adamfayed.com) o WhatsApp (+44-7393-450-837).<\/p>\n\n\n\n<p>Esto incluye si buscas una revisi\u00f3n gratuita de cartera para optimizar tus inversiones e identificar oportunidades de crecimiento.<\/p>\n\n\n\n<div style=\"height:30px\" aria-hidden=\"true\" class=\"wp-block-spacer\"><\/div>\n\n\n\n<h2 class=\"wp-block-heading\">Art\u00edculos Destacados \ud83d\udccc<\/h2>\n\n\n\n<p><a href=\"https:\/\/adamfayed.com\/it\/spanish-article\/planificacion-financiera-personal\/\">Planificaci\u00f3n Financiera Personal<\/a><\/p>\n\n\n\n<p><a href=\"https:\/\/adamfayed.com\/it\/spanish-article\/actualizaciones-golden-visa-portugal\/\">Actualizaciones sobre el Golden Visa de Portugal: Lo que necesitas saber en 2025<\/a><\/p>\n\n\n\n<p><a href=\"https:\/\/adamfayed.com\/it\/spanish-article\/senales-alerta-transferencia-pensiones\/\">Se\u00f1ales de Alerta en la Transferencia de Pensiones<\/a><\/p>\n\n\n\n<p><a href=\"https:\/\/adamfayed.com\/it\/spanish-article\/paises-sin-impuesto-de-sociedades\/\">Pa\u00edses sin Impuesto de Sociedades en 2025<\/a><\/p>\n\n\n\n<p><a href=\"https:\/\/adamfayed.com\/it\/spanish-article\/estas-infraasegurado\/\">\u00bfEst\u00e1s Infraasegurado? Brechas Que Las Personas Adineradas Pasan por Alto<\/a><\/p>\n\n\n\n<p><a href=\"https:\/\/adamfayed.com\/it\/spanish-article\/que-es-el-sobreaseguramiento\/\">\u00bfQu\u00e9 es el Sobreaseguramiento?<\/a><\/p>\n\n\n\n<p><a href=\"https:\/\/adamfayed.com\/it\/spanish-article\/doble-seguro\/\">\u00bfQu\u00e9 es el Doble Seguro? \u00bfTe Est\u00e1 Perjudicando?<\/a><\/p>\n\n\n\n<p><a href=\"https:\/\/adamfayed.com\/it\/spanish-article\/inversiones-en-infraestructura\/\">Tu Gu\u00eda para Inversiones en Infraestructura<\/a><\/p>\n\n\n\n<p><a href=\"https:\/\/adamfayed.com\/it\/spanish-article\/fracaso-inversion-high-street-group\/\">Fracaso de la Inversi\u00f3n en Notas de Pr\u00e9stamo de High Street Group<\/a><\/p>\n\n\n\n<p><a href=\"https:\/\/adamfayed.com\/it\/spanish-article\/visa-rentista-en-costa-rica\/\">Gu\u00eda de la Visa Rentista en Costa Rica: Qui\u00e9n Califica y C\u00f3mo Solicitarla<\/a><\/p>\n\n\n\n<p><a href=\"https:\/\/adamfayed.com\/it\/spanish-article\/visa-pensionado-en-costa-rica\/\">Gu\u00eda de la Visa Pensionado en Costa Rica: Requisitos, Costos y Beneficios para Extranjeros<\/a><\/p>\n\n\n\n<p><a href=\"https:\/\/adamfayed.com\/it\/spanish-article\/fideicomiso-irrevocable-de-seguro-de-vida\/\">Ventajas y Desventajas del Fideicomiso Irrevocable de Seguro de Vida<\/a><\/p>\n\n\n\n<p><a href=\"https:\/\/adamfayed.com\/it\/spanish-article\/ciudadania-espanola-por-matrimonio\/\">Ciudadan\u00eda Espa\u00f1ola por Matrimonio: C\u00f3mo Funciona y Qu\u00e9 Esperar<\/a><\/p>\n\n\n\n<p><a href=\"https:\/\/adamfayed.com\/it\/spanish-article\/ciudadania-espanola-por-nacimiento\/\">Ciudadan\u00eda Espa\u00f1ola por Nacimiento: Beneficios y V\u00edas Legales<\/a><\/p>\n\n\n\n<p><a href=\"https:\/\/adamfayed.com\/it\/spanish-article\/golden-visa-grecia-francia\/\">Si pu\u00f2 vivere in Francia con il Golden Visa della Grecia?<\/a><\/p>\n\n\n\n<p><a href=\"https:\/\/adamfayed.com\/it\/spanish-article\/residencia-en-brasil\/\">C\u00f3mo Obtener la Residencia en Brasil: Gu\u00eda para Expatriados<\/a><\/p>\n\n\n\n<p><a href=\"https:\/\/adamfayed.com\/it\/spanish-article\/requisitos-para-la-residencia-en-brasil\/\">C\u00f3mo Convertirse en Residente Brasile\u00f1o: Opciones de Visa para Jubilados y Familias<\/a><\/p>\n\n\n\n<p><a href=\"https:\/\/adamfayed.com\/it\/spanish-article\/pasaporte-egipcio-sin-visa\/\">Pa\u00edses a los que se Puede Entrar sin Visa con Pasaporte Egipcio en 2025<\/a><\/p>\n\n\n\n<p><a href=\"https:\/\/adamfayed.com\/it\/spanish-article\/obstaculos-al-comprar-propiedad-en-portugal\/\">\u00bfCu\u00e1les son los obst\u00e1culos al comprar propiedad en Portugal?<\/a><\/p>\n\n\n\n<h2 class=\"wp-block-heading\">Art\u00edculos de Rese\u00f1a  \ud83d\udccc<\/h2>\n\n\n\n<p><a href=\"https:\/\/adamfayed.com\/it\/spanish-article\/resena-de-logbook-loans-loan-notes\/\">Rese\u00f1a de Logbook Loans Loan Notes<\/a><\/p>\n\n\n\n<p><a href=\"https:\/\/adamfayed.com\/it\/spanish-article\/fondo-ingresos-pimco\/\">Rese\u00f1a del Fondo de Ingresos PIMCO<\/a><\/p>\n\n\n\n<p><a href=\"https:\/\/adamfayed.com\/it\/spanish-article\/inversion-whisky-waterford\/\">Rese\u00f1a sobre la Inversi\u00f3n en Whisky Waterford<\/a><\/p>\n\n\n\n<p><a href=\"https:\/\/adamfayed.com\/it\/spanish-article\/revision-novia-global-isa\/\">Revisi\u00f3n de Novia Global ISA<\/a><\/p>\n\n\n\n<p><a href=\"https:\/\/adamfayed.com\/it\/spanish-article\/resena-de-eden-pharma\/\">Rese\u00f1a de Eden Pharma<\/a><\/p>\n\n\n\n<p><a href=\"https:\/\/adamfayed.com\/it\/spanish-article\/resena-vida-fund\/\">Rese\u00f1a del Vida Fund<\/a><\/p>\n\n\n\n<p><a href=\"https:\/\/adamfayed.com\/it\/spanish-article\/fondo-xhe-capital\/\">Rese\u00f1a del Fondo de Renta Variable Gestionado de XHE Capital<\/a><\/p>\n\n\n\n<p><a href=\"https:\/\/adamfayed.com\/it\/spanish-article\/resena-de-empowered-startups\/\">Rese\u00f1a de Empowered Startups<\/a><\/p>\n\n\n\n<p><a href=\"https:\/\/adamfayed.com\/it\/spanish-article\/altair-renewable-resena\/\">Rese\u00f1a de Altair Renewable Energy Limited<\/a><\/p>\n\n\n\n<p><a href=\"https:\/\/adamfayed.com\/it\/spanish-article\/resena-de-angelhub\/\">Rese\u00f1a de AngelHub<\/a><\/p>\n\n\n\n<p><a href=\"https:\/\/adamfayed.com\/it\/spanish-article\/bono-audacia-series-13\/\">Rese\u00f1a del Bono Audacia Capital Series 13 Income<\/a><\/p>\n\n\n\n<p><a href=\"https:\/\/adamfayed.com\/it\/spanish-article\/bonos-bodysmart-finance\/\">Rese\u00f1a de los Bonos BodySmart Finance<\/a><\/p>\n\n\n\n<p><a href=\"https:\/\/adamfayed.com\/it\/spanish-article\/resena-bourse-pension\/\">Rese\u00f1a de Bourse Pension Trustees<\/a><\/p>\n\n\n\n<p><a href=\"https:\/\/adamfayed.com\/it\/spanish-article\/resena-castlestone-faang\/\">Rese\u00f1a del Castlestone FAANG + UCITS Fund<\/a><\/p>\n\n\n\n<p><a href=\"https:\/\/adamfayed.com\/it\/spanish-article\/plan-ahorro-investors-evolution\/\">Rese\u00f1a del Plan de Ahorro Investors Trust Evolution<\/a><\/p>\n\n\n\n<p><a href=\"https:\/\/adamfayed.com\/it\/spanish-article\/portafolio-renta-fija-investors\/\">Rese\u00f1a del Portafolio de Renta Fija de Investors Trust<\/a><\/p>\n\n\n\n<p><a href=\"https:\/\/adamfayed.com\/it\/spanish-article\/resena-del-bono-kaeva-plc\/\">Rese\u00f1a del Bono Kaeva PLC<\/a><\/p>\n\n\n\n<p><a href=\"https:\/\/adamfayed.com\/it\/spanish-article\/resena-de-linqto\/\">Rese\u00f1a de Linqto<\/a><\/p>\n\n\n\n<p><a href=\"https:\/\/adamfayed.com\/it\/spanish-article\/resena-de-london-de-limited\/\">Rese\u00f1a de London DE Limited<\/a><\/p>\n\n\n\n<p><a href=\"https:\/\/adamfayed.com\/it\/spanish-article\/nevastar-climate-change-clase-i-eur\/\">Revisi\u00f3n del Fondo Nevastar Finance SICAV Climate Change+ Clase I en EUR<\/a><\/p>\n\n\n\n<p><a href=\"https:\/\/adamfayed.com\/it\/spanish-article\/nsf-wealth-defender-equity-usd-clase-i\/\">Rese\u00f1a del Fondo NSF SICAV Wealth Defender Global Equity Fund USD Clase I<\/a><\/p>\n\n\n\n<p><a href=\"https:\/\/adamfayed.com\/it\/spanish-article\/blackrock-fondo-energia-sostenible-a2\/\">Rese\u00f1a del BlackRock Global Funds Sustainable Energy Fund A2<\/a><\/p>\n\n\n\n<p><a href=\"https:\/\/adamfayed.com\/it\/spanish-article\/resena-del-bono-redhat-capital\/\">Rese\u00f1a del Bono Redhat Capital<\/a><\/p>\n\n\n\n<p><a href=\"https:\/\/adamfayed.com\/it\/spanish-article\/fondo-sanlam-inteligencia-artificial\/\">Rese\u00f1a del Fondo Sanlam Artificial Intelligence<\/a><\/p>\n\n\n\n<p><a href=\"https:\/\/adamfayed.com\/it\/spanish-article\/resena-de-the-single-cask\/\">Ricerca di The Single Cask<\/a><\/p>\n\n\n\n<p><a href=\"https:\/\/adamfayed.com\/it\/spanish-article\/resena-del-us-consumer-recovery-fund\/\">Rese\u00f1a del US Consumer Recovery Fund<\/a><\/p>\n\n\n\n<p><a href=\"https:\/\/adamfayed.com\/it\/spanish-article\/resena-de-yield-investing\/\">Rese\u00f1a de Yield Investing<\/a><\/p>\n\n\n\n<p><a href=\"https:\/\/adamfayed.com\/it\/spanish-article\/bonos-zp-direct-lending\/\">Rese\u00f1a de los Bonos ZP Secured Direct Lending<\/a><\/p>\n\n\n\n<div style=\"height:60px\" aria-hidden=\"true\" class=\"wp-block-spacer\"><\/div>\n\n\n\n<p><strong>Siete afflitti dall'indecisione finanziaria? <\/strong><\/p>\n\n\n\n<figure class=\"wp-block-image size-large is-resized\"><img fetchpriority=\"high\" decoding=\"async\" width=\"512\" height=\"288\" src=\"https:\/\/adamfayed.com\/wp-content\/uploads\/2025\/03\/Adam-Fayed-Contact_CTA3-512x288.jpg\" alt=\"\" class=\"wp-image-117505\" style=\"width:683px;height:auto\" srcset=\"https:\/\/adamfayed.com\/wp-content\/uploads\/2025\/03\/Adam-Fayed-Contact_CTA3-512x288.jpg 512w, https:\/\/adamfayed.com\/wp-content\/uploads\/2025\/03\/Adam-Fayed-Contact_CTA3-300x169.jpg 300w, https:\/\/adamfayed.com\/wp-content\/uploads\/2025\/03\/Adam-Fayed-Contact_CTA3-768x432.jpg 768w, https:\/\/adamfayed.com\/wp-content\/uploads\/2025\/03\/Adam-Fayed-Contact_CTA3-scaled.jpg 825w\" sizes=\"(max-width: 512px) 100vw, 512px\" \/><\/figure>\n\n\n\n<div style=\"height:10px\" aria-hidden=\"true\" class=\"wp-block-spacer\"><\/div>\n\n\n\n<div class=\"wp-block-buttons is-layout-flex wp-block-buttons-is-layout-flex\">\n<div class=\"wp-block-button\"><a class=\"wp-block-button__link wp-element-button\" href=\"https:\/\/adamfayed.com\/it\/become-adams-client\/\">Diventa mio cliente<\/a><\/div>\n\n\n\n<div class=\"wp-block-button\"><a class=\"wp-block-button__link wp-element-button\" href=\"https:\/\/adamfayed.com\/it\/good-match-quiz\/\" target=\"_blank\" rel=\"noreferrer noopener\">Fare il quiz sull'idoneit\u00e0 del cliente<\/a><\/div>\n\n\n\n<div class=\"wp-block-button\"><a class=\"wp-block-button__link wp-element-button\" href=\"https:\/\/adamfayed.com\/it\/contact\/\" target=\"_blank\" rel=\"noreferrer noopener\">Contatto<\/a><\/div>\n<\/div>\n\n\n\n<p><strong>Adam \u00e8 un autore riconosciuto a livello internazionale in materia finanziaria con oltre 830 milioni di visualizzazioni di risposte su Quora, un libro molto venduto su Amazon e un contributo su Forbes.<\/strong><\/p>","protected":false},"excerpt":{"rendered":"<p>Bienvenido a nuestra colecci\u00f3n de art\u00edculos informativos en espa\u00f1ol, creados especialmente para expatriados. Aqu\u00ed encontrar\u00e1 explicaciones claras sobre conceptos clave de planificaci\u00f3n patrimonial, fiscalidad internacional, estructuras legales y temas relevantes para quienes viven o invierten fuera de su pa\u00eds de origen. Estos recursos est\u00e1n dise\u00f1ados para ayudarle a comprender mejor el entorno financiero global y [&hellip;]<\/p>","protected":false},"author":14,"featured_media":185505,"parent":0,"menu_order":0,"comment_status":"closed","ping_status":"closed","template":"","meta":{"rop_custom_images_group":[],"rop_custom_messages_group":[],"rop_publish_now":"initial","rop_publish_now_accounts":{"facebook_10166176115445471_100883565069113":""},"rop_publish_now_history":[],"rop_publish_now_status":"pending","footnotes":""},"class_list":["post-185416","page","type-page","status-publish","has-post-thumbnail","hentry"],"_links":{"self":[{"href":"https:\/\/adamfayed.com\/it\/wp-json\/wp\/v2\/pages\/185416","targetHints":{"allow":["GET"]}}],"collection":[{"href":"https:\/\/adamfayed.com\/it\/wp-json\/wp\/v2\/pages"}],"about":[{"href":"https:\/\/adamfayed.com\/it\/wp-json\/wp\/v2\/types\/page"}],"author":[{"embeddable":true,"href":"https:\/\/adamfayed.com\/it\/wp-json\/wp\/v2\/users\/14"}],"replies":[{"embeddable":true,"href":"https:\/\/adamfayed.com\/it\/wp-json\/wp\/v2\/comments?post=185416"}],"version-history":[{"count":3,"href":"https:\/\/adamfayed.com\/it\/wp-json\/wp\/v2\/pages\/185416\/revisions"}],"predecessor-version":[{"id":270378,"href":"https:\/\/adamfayed.com\/it\/wp-json\/wp\/v2\/pages\/185416\/revisions\/270378"}],"wp:featuredmedia":[{"embeddable":true,"href":"https:\/\/adamfayed.com\/it\/wp-json\/wp\/v2\/media\/185505"}],"wp:attachment":[{"href":"https:\/\/adamfayed.com\/it\/wp-json\/wp\/v2\/media?parent=185416"}],"curies":[{"name":"wp","href":"https:\/\/api.w.org\/{rel}","templated":true}]}}