{"id":191568,"date":"2025-07-20T18:53:38","date_gmt":"2025-07-20T18:53:38","guid":{"rendered":"https:\/\/adamfayed.com\/?page_id=191568"},"modified":"2025-09-09T17:48:31","modified_gmt":"2025-09-09T17:48:31","slug":"recensione-fondo-xhe-capital","status":"publish","type":"page","link":"https:\/\/adamfayed.com\/it\/italian-article\/recensione-fondo-xhe-capital\/","title":{"rendered":"Recensione del Fondo Azionario Gestito di XHE Capital"},"content":{"rendered":"<p class=\"has-text-align-right\">\ud83c\udf10 <a href=\"https:\/\/adamfayed.com\/it\/review-articles\/xhe-capital-managed-equity-fund-review\/\">Inglese<\/a> | <a href=\"https:\/\/adamfayed.com\/it\/spanish-article\/fondo-xhe-capital\/\">Vedi in spagnolo<\/a><\/p>\n\n\n\n<p>In questa recensione, parleremo di XHE e dell&#8217;opzione di investimento offerta.<\/p>\n\n\n\n<p>I mercati azionari globali sono la specialit\u00e0 di XHE Capital LLP, una societ\u00e0 di gestione degli investimenti. La sua strategia per investire nei mercati azionari pubblici \u00e8 supportata dalla ricerca.<\/p>\n\n\n\n<p>Se desideri investire come espatriato o individuo ad alto patrimonio, che \u00e8 la mia specializzazione, puoi scrivermi (hello@adamfayed.com) o contattarmi su WhatsApp (+44-7393-450-837).<\/p>\n\n\n\n<p>Questo vale anche se cerchi un secondo parere o investimenti alternativi.<\/p>\n\n\n\n<p>Alcuni fatti potrebbero essere cambiati dal momento della scrittura, e nulla di quanto scritto qui costituisce consulenza finanziaria, legale, fiscale o individuale, n\u00e9 un invito a investire.<\/p>\n\n\n\n<p>Conoscere il background del fornitore dell\u2019investimento \u00e8 un dettaglio importante prima di analizzare l\u2019investimento vero e proprio. Questo articolo \u00e8 destinato solo a non residenti nel Regno Unito e gli investitori devono condurre la propria ricerca.<\/p>\n\n\n\n<h2 class=\"wp-block-heading\">Chi \u00e8 XHE Capital LLP?<\/h2>\n\n\n\n<p>L\u2019investimento a lungo termine e la gestione prudente del rischio sono al centro della missione di XHE Capital: fornire rendimenti stabili proteggendo i fondi dei clienti.<\/p>\n\n\n\n<p>XHE Capital, con sede a Londra, \u00e8 regolamentata dalla Financial Conduct Authority del Regno Unito.<\/p>\n\n\n\n<h2 class=\"wp-block-heading\">Cos&#8217;\u00e8 un fondo gestito?<\/h2>\n\n\n\n<p>Un \u201cfondo gestito\u201d \u00e8 uno strumento di investimento che impiega esperti finanziari per amministrare il denaro di pi\u00f9 partecipanti. Le decisioni di investimento e la gestione degli asset spettano al gestore del fondo.<\/p>\n\n\n\n<p>Organizzando i propri asset in questo modo, gli investitori possono ridurre l&#8217;esposizione al rischio e aumentare la diversificazione.<\/p>\n\n\n\n<h3 class=\"wp-block-heading\">Fondo d\u2019investimento gestito vs Fondo azionario gestito<\/h3>\n\n\n\n<p>I fondi d\u2019investimento gestiti possono investire in diversi tipi di asset come azioni, obbligazioni, immobili e altro.<\/p>\n\n\n\n<p>Un fondo azionario gestito invece si concentra principalmente su investimenti in azioni e altri strumenti azionari.<\/p>\n\n\n\n<h2 class=\"wp-block-heading\">Fondo Azionario Gestito di XHE Capital<\/h2>\n\n\n\n<div class=\"wp-block-group is-layout-constrained wp-block-group-is-layout-constrained\">\n<figure class=\"wp-block-image alignright size-medium\"><img fetchpriority=\"high\" decoding=\"async\" width=\"300\" height=\"300\" src=\"https:\/\/adamfayed.com\/wp-content\/uploads\/2025\/07\/Fondo-Azionario-Gestito-di-XHE-Capital-300x300.jpg\" alt=\"\" class=\"wp-image-191593\" srcset=\"https:\/\/adamfayed.com\/wp-content\/uploads\/2025\/07\/Fondo-Azionario-Gestito-di-XHE-Capital-300x300.jpg 300w, https:\/\/adamfayed.com\/wp-content\/uploads\/2025\/07\/Fondo-Azionario-Gestito-di-XHE-Capital-512x512.jpg 512w, https:\/\/adamfayed.com\/wp-content\/uploads\/2025\/07\/Fondo-Azionario-Gestito-di-XHE-Capital-150x150.jpg 150w, https:\/\/adamfayed.com\/wp-content\/uploads\/2025\/07\/Fondo-Azionario-Gestito-di-XHE-Capital-768x768.jpg 768w, https:\/\/adamfayed.com\/wp-content\/uploads\/2025\/07\/Fondo-Azionario-Gestito-di-XHE-Capital-scaled.jpg 825w\" sizes=\"(max-width: 300px) 100vw, 300px\" \/><\/figure>\n<\/div>\n\n\n\n<p>Il Fondo Azionario Gestito di XHE Capital, lanciato nel 2020, \u00e8 stato progettato per offrire crescita del capitale a lungo termine mantenendo un profilo di rischio definito. Entrambe le strategie derivano dall\u2019impegno di XHE nella propria ricerca.<\/p>\n\n\n\n<p>La prima parte include investimenti a lungo termine nei mercati azionari sviluppati globali, in particolare in Europa e negli Stati Uniti.<\/p>\n\n\n\n<p>Tra le strategie figurano il position trading, la gestione del rischio e l\u2019esposizione a indici azionari. Le esposizioni possono includere azioni, future su indici, ETF e altri strumenti.<\/p>\n\n\n\n<p>La seconda parte prevede investimenti attivi per trarre vantaggio da rendimenti crescenti e coprirsi da mercati in calo. L\u2019obiettivo a lungo termine \u00e8 sovraperformare l\u2019indice MSCI World in termini di rendimento aggiustato al rischio.<\/p>\n\n\n\n<p>Il fondo pu\u00f2 detenere parte degli asset in liquidit\u00e0. Gli strumenti finanziari possono essere quotati su mercati statunitensi o esteri. Il fondo pu\u00f2 coprirsi dal rischio valutario.<\/p>\n\n\n\n<p>Gli investitori possono acquistare o vendere le quote ogni mese, grazie alla liquidit\u00e0 mensile.<\/p>\n\n\n\n<h3 class=\"wp-block-heading\">Commissioni del Fondo Azionario Gestito di XHE<\/h3>\n\n\n\n<p>Viene applicata una commissione di gestione dell\u20191% e una commissione di performance del 10%, pagabile se il fondo raggiunge determinati obiettivi o benchmark.<\/p>\n\n\n\n<h3 class=\"wp-block-heading\">Performance del Fondo Azionario Gestito di XHE<\/h3>\n\n\n\n<p>Nel 2022: +6,9% a gennaio, +9,2% a febbraio, +4,5% marzo, +6,4% aprile, -0,9% maggio, +2,0% giugno, +0,9% luglio, -0,1% agosto, 0,0% settembre, -0,3% ottobre, -0,2% novembre, +0,4% dicembre. Totale 2022: +32,2%.<\/p>\n\n\n\n<p>Nel 2023: +1,8% gennaio, +0,3% febbraio, -0,2% marzo, +5,0% aprile, +0,9% maggio, +0,8% giugno. Dati da luglio a dicembre non disponibili. Totale 2023: +8,7%.<\/p>\n\n\n\n<h3 class=\"wp-block-heading\">Managed Equity A1 USD \/ Managed Equity H1 USD<\/h3>\n\n\n\n<p>Finch\u00e9 esiste domanda da parte degli investitori, le quote possono essere emesse e rimborsate in modo continuo. Il fondo non ha data di scadenza, quindi la sua durata \u00e8 illimitata.<\/p>\n\n\n\n<h3 class=\"wp-block-heading\">Chi pu\u00f2 investire nel Fondo Azionario Gestito di XHE?<\/h3>\n\n\n\n<p>Il prodotto \u00e8 destinato a investitori retail che soddisfano criteri specifici. Questi includono non essere una \u201cUS person\u201d, comprendere che il capitale investito pu\u00f2 non essere recuperato e cercare un investimento a medio termine.<\/p>\n\n\n\n<p>Si raccomanda di consultare un consulente finanziario prima di investire.<\/p>\n\n\n\n<h3 class=\"wp-block-heading\">Riscatto del Fondo Azionario Gestito di XHE<\/h3>\n\n\n\n<p>\u00c8 consigliato mantenere l\u2019investimento per almeno cinque anni. Riscattare prima pu\u00f2 ridurre i rendimenti e aumentare i rischi.<\/p>\n\n\n\n<p>Realizzare perdite a causa del riscatto anticipato evidenzia l\u2019importanza del periodo di detenzione. Prima di uscire anticipatamente, valuta obiettivi e tolleranza al rischio.<\/p>\n\n\n\n<p><\/p>\n\n\n\n<p><strong>Siete afflitti dall'indecisione finanziaria? <\/strong><\/p>\n\n\n\n<figure class=\"wp-block-image size-large is-resized\"><img decoding=\"async\" width=\"512\" height=\"288\" src=\"https:\/\/adamfayed.com\/wp-content\/uploads\/2025\/03\/Adam-Fayed-Contact_CTA3-512x288.jpg\" alt=\"\" class=\"wp-image-117505\" style=\"width:683px;height:auto\" srcset=\"https:\/\/adamfayed.com\/wp-content\/uploads\/2025\/03\/Adam-Fayed-Contact_CTA3-512x288.jpg 512w, https:\/\/adamfayed.com\/wp-content\/uploads\/2025\/03\/Adam-Fayed-Contact_CTA3-300x169.jpg 300w, https:\/\/adamfayed.com\/wp-content\/uploads\/2025\/03\/Adam-Fayed-Contact_CTA3-768x432.jpg 768w, https:\/\/adamfayed.com\/wp-content\/uploads\/2025\/03\/Adam-Fayed-Contact_CTA3-scaled.jpg 825w\" sizes=\"(max-width: 512px) 100vw, 512px\" \/><\/figure>\n\n\n\n<div style=\"height:10px\" aria-hidden=\"true\" class=\"wp-block-spacer\"><\/div>\n\n\n\n<div class=\"wp-block-buttons is-layout-flex wp-block-buttons-is-layout-flex\">\n<div class=\"wp-block-button\"><a class=\"wp-block-button__link wp-element-button\" href=\"https:\/\/adamfayed.com\/it\/become-adams-client\/\">Diventa mio cliente<\/a><\/div>\n\n\n\n<div class=\"wp-block-button\"><a class=\"wp-block-button__link wp-element-button\" href=\"https:\/\/adamfayed.com\/it\/good-match-quiz\/\" target=\"_blank\" rel=\"noreferrer noopener\">Fare il quiz sull'idoneit\u00e0 del cliente<\/a><\/div>\n\n\n\n<div class=\"wp-block-button\"><a class=\"wp-block-button__link wp-element-button\" href=\"https:\/\/adamfayed.com\/it\/contact\/\" target=\"_blank\" rel=\"noreferrer noopener\">Contatto<\/a><\/div>\n<\/div>\n\n\n\n<p><strong>Adam \u00e8 un autore riconosciuto a livello internazionale in materia finanziaria con oltre 830 milioni di visualizzazioni di risposte su Quora, un libro molto venduto su Amazon e un contributo su Forbes.<\/strong><\/p>","protected":false},"excerpt":{"rendered":"<p>\ud83c\udf10 English | Ver en Espa\u00f1ol In questa recensione, parleremo di XHE e dell&#8217;opzione di investimento offerta. I mercati azionari globali sono la specialit\u00e0 di XHE Capital LLP, una societ\u00e0 di gestione degli investimenti. La sua strategia per investire nei mercati azionari pubblici \u00e8 supportata dalla ricerca. Se desideri investire come espatriato o individuo ad [&hellip;]<\/p>","protected":false},"author":14,"featured_media":191591,"parent":185423,"menu_order":0,"comment_status":"closed","ping_status":"closed","template":"","meta":{"rop_custom_images_group":[],"rop_custom_messages_group":[],"rop_publish_now":"initial","rop_publish_now_accounts":{"facebook_10166176115445471_100883565069113":""},"rop_publish_now_history":[],"rop_publish_now_status":"pending","footnotes":""},"class_list":["post-191568","page","type-page","status-publish","has-post-thumbnail","hentry"],"_links":{"self":[{"href":"https:\/\/adamfayed.com\/it\/wp-json\/wp\/v2\/pages\/191568","targetHints":{"allow":["GET"]}}],"collection":[{"href":"https:\/\/adamfayed.com\/it\/wp-json\/wp\/v2\/pages"}],"about":[{"href":"https:\/\/adamfayed.com\/it\/wp-json\/wp\/v2\/types\/page"}],"author":[{"embeddable":true,"href":"https:\/\/adamfayed.com\/it\/wp-json\/wp\/v2\/users\/14"}],"replies":[{"embeddable":true,"href":"https:\/\/adamfayed.com\/it\/wp-json\/wp\/v2\/comments?post=191568"}],"version-history":[{"count":2,"href":"https:\/\/adamfayed.com\/it\/wp-json\/wp\/v2\/pages\/191568\/revisions"}],"predecessor-version":[{"id":210118,"href":"https:\/\/adamfayed.com\/it\/wp-json\/wp\/v2\/pages\/191568\/revisions\/210118"}],"up":[{"embeddable":true,"href":"https:\/\/adamfayed.com\/it\/wp-json\/wp\/v2\/pages\/185423"}],"wp:featuredmedia":[{"embeddable":true,"href":"https:\/\/adamfayed.com\/it\/wp-json\/wp\/v2\/media\/191591"}],"wp:attachment":[{"href":"https:\/\/adamfayed.com\/it\/wp-json\/wp\/v2\/media?parent=191568"}],"curies":[{"name":"wp","href":"https:\/\/api.w.org\/{rel}","templated":true}]}}